{"id":194946,"date":"2023-03-11T08:11:19","date_gmt":"2023-03-11T07:11:19","guid":{"rendered":"https:\/\/marktxxl.de\/markt\/produkt\/200-led-schlauch-aussen-lichterschlauch-aussen-10m-warmweiss-mit-timer-lichterkette-weihnachtsbeleuchtung-wasserdicht-led-lichtschlauch-aussen-10m-innen-lichtschlaeuche-outdoor-l\/"},"modified":"2023-04-10T05:44:51","modified_gmt":"2023-04-10T03:44:51","slug":"200-led-schlauch-aussen-lichterschlauch-aussen-10m-warmweiss-mit-timer-lichterkette-weihnachtsbeleuchtung-wasserdicht-led-lichtschlauch-aussen-10m-innen-lichtschlaeuche-outdoor-l","status":"publish","type":"product","link":"https:\/\/marktxxl.de\/markt\/produkt\/200-led-schlauch-aussen-lichterschlauch-aussen-10m-warmweiss-mit-timer-lichterkette-weihnachtsbeleuchtung-wasserdicht-led-lichtschlauch-aussen-10m-innen-lichtschlaeuche-outdoor-l\/","title":{"rendered":"CozyHome Lichtschlauch 200 LEDs Au\u00dfen mit Timer &amp; 8 Modi \u2013 12m warmwei\u00df | LED Schlauch Lichterkette mit Netzstecker ohne\u2026"},"content":{"rendered":"<p>\u2728TREND: Stylische LED Lichterkette mit einem sch\u00f6nen Leuchtschlauch &#8211; erzeugt eine angenehme Stimmung und sch\u00f6nes Ambiente in jedem Raum<br \/>\n\u2728DATEN: Lichtschlauch mit Timer &amp; 8 Modi Einstellungen, 12 Meter Gesamtl\u00e4nge, Kabel zur Steckdose 2 Meter lang, 200 LED Leuchten in warmweiss Licht, Material: PVC, Farbe: Wei\u00df, Kabel: Transparent d\u00fcnn | Input: 100V \u2013 240V | Output: 6Volt (3,6 Watt)<br \/>\n\u2728QUALIT\u00c4T: hervorragend verarbeitete Lichtschl\u00e4uche mit Stromanschluss, geringer Stromverbrauch und garantierte Langlebigkeit &#8211; EU-Konform und CE-Zertifiziert (IP44 Netzteil \u2013 f\u00fcr Aussenbereich geeignet)<br \/>\n\u2728DEKORATION: Ideal zur Deko in Zimmer und Innen Einrichtung, drau\u00dfen im Garten und als Balkon Terassen oder Au\u00dfenbereich Beleuchtung, nicht nur zu Weihnachten, Hochzeit, Geburtstag, oder anderen Partys, sondern ein sch\u00f6ner Blickf\u00e4nger \u00fcbers ganze Jahr &#8211; ideal auch als Geschenk zu jedem Anlass<br \/>\n\u2728KOMFORT: Die CozyHome LED Schlauch Lichter Kette wird mit einem Netzteil angeschlossen (1 Stecker f\u00fcr EU Steckdosen im Lieferumfang mit einbegriffen) \u2013 Strom betrieben &#8211; kein l\u00e4stiges auswechseln der Batterien<br \/>\n<div class=\"main-cross-sell\" data-asin=\"B08N59CBKL\">\n\n\t<div class=\"WooZone-cross-sell-loader\">\n\t\t<div>\n\t\t\t<div id=\"floatingBarsG\">\n\t\t\t\t<div class=\"blockG\" id=\"rotateG_01\"><\/div>\n\t\t\t\t<div class=\"blockG\" id=\"rotateG_02\"><\/div>\n\t\t\t\t<div class=\"blockG\" id=\"rotateG_03\"><\/div>\n\t\t\t\t<div class=\"blockG\" id=\"rotateG_04\"><\/div>\n\t\t\t\t<div class=\"blockG\" id=\"rotateG_05\"><\/div>\n\t\t\t\t<div class=\"blockG\" id=\"rotateG_06\"><\/div>\n\t\t\t\t<div class=\"blockG\" id=\"rotateG_07\"><\/div>\n\t\t\t\t<div class=\"blockG\" id=\"rotateG_08\"><\/div>\n\t\t\t<\/div>\n\t\t\t<div class=\"WooZone-cross-sell-loader-text\"><\/div>\n\t\t<\/div>\n\t<\/div>\n\n\t\t\n<\/div>\n<div style=\"clear:both;\"><\/div><\/p>\n","protected":false},"excerpt":{"rendered":"<p>\u2728TREND: Stylische LED Lichterkette mit einem sch\u00f6nen Leuchtschlauch &#8211; erzeugt eine angenehme Stimmung und sch\u00f6nes Ambiente in jedem Raum<br \/>\n\u2728DATEN: Lichtschlauch mit Timer &amp; 8 Modi Einstellungen, 12 Meter Gesamtl\u00e4nge, Kabel zur Steckdose 2 Meter lang, 200 LED Leuchten in warmweiss Licht, Material: PVC, Farbe: Wei\u00df, Kabel: Transparent d\u00fcnn | Input: 100V \u2013 240V | Output: 6Volt (3,6 Watt)<br \/>\n\u2728QUALIT\u00c4T: hervorragend verarbeitete Lichtschl\u00e4uche mit Stromanschluss, geringer Stromverbrauch und garantierte Langlebigkeit &#8211; EU-Konform und CE-Zertifiziert (IP44 Netzteil \u2013 f\u00fcr Aussenbereich geeignet)<\/p>\n","protected":false},"featured_media":194947,"comment_status":"open","ping_status":"closed","template":"","meta":[],"product_brand":[],"product_cat":[2108,15623],"product_tag":[],"class_list":{"0":"post-194946","1":"product","2":"type-product","3":"status-publish","4":"has-post-thumbnail","6":"product_cat-beleuchtung","7":"product_cat-lichtschlaeuche","8":"pa_binding-haushaltswaren","9":"pa_brand-cobus","10":"pa_manufacturer-cobus","11":"pa_model-25199","12":"pa_model-50055","13":"pa_size-stecker-200-leds-12-meter","15":"first","16":"instock","17":"shipping-taxable","18":"purchasable","19":"product-type-simple","20":"customify-col","21":"product-has-gallery"},"yoast_head":"<!-- This site is optimized with the Yoast SEO plugin v27.3 - https:\/\/yoast.com\/product\/yoast-seo-wordpress\/ -->\n<title>CozyHome Lichtschlauch 200 LEDs Au\u00dfen mit Timer &amp; 8 Modi \u2013 12m warmwei\u00df | LED Schlauch Lichterkette mit Netzstecker ohne\u2026 - Markt-XXL<\/title>\n<meta name=\"description\" content=\"Markt-XXL CozyHome Lichtschlauch 200 LEDs Au\u00dfen mit Timer &amp; 8 Modi \u2013 12m warmwei\u00df | LED Schlauch Lichterkette mit Netzstecker ohne\u2026\" \/>\n<meta name=\"robots\" content=\"index, follow, max-snippet:-1, max-image-preview:large, max-video-preview:-1\" \/>\n<link rel=\"canonical\" href=\"https:\/\/marktxxl.de\/markt\/produkt\/200-led-schlauch-aussen-lichterschlauch-aussen-10m-warmweiss-mit-timer-lichterkette-weihnachtsbeleuchtung-wasserdicht-led-lichtschlauch-aussen-10m-innen-lichtschlaeuche-outdoor-l\/\" \/>\n<meta property=\"og:locale\" content=\"de_DE\" \/>\n<meta property=\"og:type\" content=\"article\" \/>\n<meta property=\"og:title\" content=\"CozyHome Lichtschlauch 200 LEDs Au\u00dfen mit Timer &amp; 8 Modi \u2013 12m warmwei\u00df | LED Schlauch Lichterkette mit Netzstecker ohne\u2026 - Markt-XXL\" \/>\n<meta property=\"og:description\" content=\"Markt-XXL CozyHome Lichtschlauch 200 LEDs Au\u00dfen mit Timer &amp; 8 Modi \u2013 12m warmwei\u00df | LED Schlauch Lichterkette mit Netzstecker ohne\u2026\" \/>\n<meta property=\"og:url\" content=\"https:\/\/marktxxl.de\/markt\/produkt\/200-led-schlauch-aussen-lichterschlauch-aussen-10m-warmweiss-mit-timer-lichterkette-weihnachtsbeleuchtung-wasserdicht-led-lichtschlauch-aussen-10m-innen-lichtschlaeuche-outdoor-l\/\" \/>\n<meta property=\"og:site_name\" content=\"Markt-XXL\" \/>\n<meta property=\"article:modified_time\" content=\"2023-04-10T03:44:51+00:00\" \/>\n<meta property=\"og:image\" content=\"https:\/\/m.media-amazon.com\/images\/I\/51v9pYW0nYS._SL500_.jpg\" \/>\n\t<meta property=\"og:image:width\" content=\"500\" \/>\n\t<meta property=\"og:image:height\" content=\"500\" \/>\n\t<meta property=\"og:image:type\" content=\"image\/jpeg\" \/>\n<meta name=\"twitter:card\" content=\"summary_large_image\" \/>\n<meta name=\"twitter:label1\" content=\"Gesch\u00e4tzte Lesezeit\" \/>\n\t<meta name=\"twitter:data1\" content=\"1\u00a0Minute\" \/>\n<script type=\"application\/ld+json\" class=\"yoast-schema-graph\">{\"@context\":\"https:\\\/\\\/schema.org\",\"@graph\":[{\"@type\":\"WebPage\",\"@id\":\"https:\\\/\\\/marktxxl.de\\\/markt\\\/produkt\\\/200-led-schlauch-aussen-lichterschlauch-aussen-10m-warmweiss-mit-timer-lichterkette-weihnachtsbeleuchtung-wasserdicht-led-lichtschlauch-aussen-10m-innen-lichtschlaeuche-outdoor-l\\\/\",\"url\":\"https:\\\/\\\/marktxxl.de\\\/markt\\\/produkt\\\/200-led-schlauch-aussen-lichterschlauch-aussen-10m-warmweiss-mit-timer-lichterkette-weihnachtsbeleuchtung-wasserdicht-led-lichtschlauch-aussen-10m-innen-lichtschlaeuche-outdoor-l\\\/\",\"name\":\"CozyHome Lichtschlauch 200 LEDs Au\u00dfen mit Timer &amp; 8 Modi \u2013 12m warmwei\u00df | LED Schlauch Lichterkette mit Netzstecker ohne\u2026 - Markt-XXL\",\"isPartOf\":{\"@id\":\"https:\\\/\\\/marktxxl.de\\\/markt\\\/#website\"},\"primaryImageOfPage\":{\"@id\":\"https:\\\/\\\/marktxxl.de\\\/markt\\\/produkt\\\/200-led-schlauch-aussen-lichterschlauch-aussen-10m-warmweiss-mit-timer-lichterkette-weihnachtsbeleuchtung-wasserdicht-led-lichtschlauch-aussen-10m-innen-lichtschlaeuche-outdoor-l\\\/#primaryimage\"},\"image\":{\"@id\":\"https:\\\/\\\/marktxxl.de\\\/markt\\\/produkt\\\/200-led-schlauch-aussen-lichterschlauch-aussen-10m-warmweiss-mit-timer-lichterkette-weihnachtsbeleuchtung-wasserdicht-led-lichtschlauch-aussen-10m-innen-lichtschlaeuche-outdoor-l\\\/#primaryimage\"},\"thumbnailUrl\":\"https:\\\/\\\/m.media-amazon.com\\\/images\\\/I\\\/51v9pYW0nYS._SL500_.jpg\",\"datePublished\":\"2023-03-11T07:11:19+00:00\",\"dateModified\":\"2023-04-10T03:44:51+00:00\",\"description\":\"Markt-XXL CozyHome Lichtschlauch 200 LEDs Au\u00dfen mit Timer &amp; 8 Modi \u2013 12m warmwei\u00df | LED Schlauch Lichterkette mit Netzstecker ohne\u2026\",\"breadcrumb\":{\"@id\":\"https:\\\/\\\/marktxxl.de\\\/markt\\\/produkt\\\/200-led-schlauch-aussen-lichterschlauch-aussen-10m-warmweiss-mit-timer-lichterkette-weihnachtsbeleuchtung-wasserdicht-led-lichtschlauch-aussen-10m-innen-lichtschlaeuche-outdoor-l\\\/#breadcrumb\"},\"inLanguage\":\"de\",\"potentialAction\":[{\"@type\":\"ReadAction\",\"target\":[\"https:\\\/\\\/marktxxl.de\\\/markt\\\/produkt\\\/200-led-schlauch-aussen-lichterschlauch-aussen-10m-warmweiss-mit-timer-lichterkette-weihnachtsbeleuchtung-wasserdicht-led-lichtschlauch-aussen-10m-innen-lichtschlaeuche-outdoor-l\\\/\"]}]},{\"@type\":\"ImageObject\",\"inLanguage\":\"de\",\"@id\":\"https:\\\/\\\/marktxxl.de\\\/markt\\\/produkt\\\/200-led-schlauch-aussen-lichterschlauch-aussen-10m-warmweiss-mit-timer-lichterkette-weihnachtsbeleuchtung-wasserdicht-led-lichtschlauch-aussen-10m-innen-lichtschlaeuche-outdoor-l\\\/#primaryimage\",\"url\":\"https:\\\/\\\/m.media-amazon.com\\\/images\\\/I\\\/51v9pYW0nYS._SL500_.jpg\",\"contentUrl\":\"https:\\\/\\\/m.media-amazon.com\\\/images\\\/I\\\/51v9pYW0nYS._SL500_.jpg\",\"width\":500,\"height\":500},{\"@type\":\"BreadcrumbList\",\"@id\":\"https:\\\/\\\/marktxxl.de\\\/markt\\\/produkt\\\/200-led-schlauch-aussen-lichterschlauch-aussen-10m-warmweiss-mit-timer-lichterkette-weihnachtsbeleuchtung-wasserdicht-led-lichtschlauch-aussen-10m-innen-lichtschlaeuche-outdoor-l\\\/#breadcrumb\",\"itemListElement\":[{\"@type\":\"ListItem\",\"position\":1,\"name\":\"Startseite\",\"item\":\"https:\\\/\\\/marktxxl.de\\\/markt\\\/\"},{\"@type\":\"ListItem\",\"position\":2,\"name\":\"Markt\",\"item\":\"https:\\\/\\\/marktxxl.de\\\/markt\\\/\"},{\"@type\":\"ListItem\",\"position\":3,\"name\":\"CozyHome Lichtschlauch 200 LEDs Au\u00dfen mit Timer &amp; 8 Modi \u2013 12m warmwei\u00df | LED Schlauch Lichterkette mit Netzstecker ohne\u2026\"}]},{\"@type\":\"WebSite\",\"@id\":\"https:\\\/\\\/marktxxl.de\\\/markt\\\/#website\",\"url\":\"https:\\\/\\\/marktxxl.de\\\/markt\\\/\",\"name\":\"Markt-XXL\",\"description\":\"Ihr Markt Online\",\"publisher\":{\"@id\":\"https:\\\/\\\/marktxxl.de\\\/markt\\\/#organization\"},\"potentialAction\":[{\"@type\":\"SearchAction\",\"target\":{\"@type\":\"EntryPoint\",\"urlTemplate\":\"https:\\\/\\\/marktxxl.de\\\/markt\\\/?s={search_term_string}\"},\"query-input\":{\"@type\":\"PropertyValueSpecification\",\"valueRequired\":true,\"valueName\":\"search_term_string\"}}],\"inLanguage\":\"de\"},{\"@type\":\"Organization\",\"@id\":\"https:\\\/\\\/marktxxl.de\\\/markt\\\/#organization\",\"name\":\"Markt-XXL\",\"url\":\"https:\\\/\\\/marktxxl.de\\\/markt\\\/\",\"logo\":{\"@type\":\"ImageObject\",\"inLanguage\":\"de\",\"@id\":\"https:\\\/\\\/marktxxl.de\\\/markt\\\/#\\\/schema\\\/logo\\\/image\\\/\",\"url\":\"https:\\\/\\\/marktxxl.de\\\/markt\\\/wp-content\\\/uploads\\\/sites\\\/3\\\/2020\\\/12\\\/logo.png\",\"contentUrl\":\"https:\\\/\\\/marktxxl.de\\\/markt\\\/wp-content\\\/uploads\\\/sites\\\/3\\\/2020\\\/12\\\/logo.png\",\"width\":200,\"height\":70,\"caption\":\"Markt-XXL\"},\"image\":{\"@id\":\"https:\\\/\\\/marktxxl.de\\\/markt\\\/#\\\/schema\\\/logo\\\/image\\\/\"}}]}<\/script>\n<!-- \/ Yoast SEO plugin. -->","yoast_head_json":{"title":"CozyHome Lichtschlauch 200 LEDs Au\u00dfen mit Timer &amp; 8 Modi \u2013 12m warmwei\u00df | LED Schlauch Lichterkette mit Netzstecker ohne\u2026 - Markt-XXL","description":"Markt-XXL CozyHome Lichtschlauch 200 LEDs Au\u00dfen mit Timer &amp; 8 Modi \u2013 12m warmwei\u00df | LED Schlauch Lichterkette mit Netzstecker ohne\u2026","robots":{"index":"index","follow":"follow","max-snippet":"max-snippet:-1","max-image-preview":"max-image-preview:large","max-video-preview":"max-video-preview:-1"},"canonical":"https:\/\/marktxxl.de\/markt\/produkt\/200-led-schlauch-aussen-lichterschlauch-aussen-10m-warmweiss-mit-timer-lichterkette-weihnachtsbeleuchtung-wasserdicht-led-lichtschlauch-aussen-10m-innen-lichtschlaeuche-outdoor-l\/","og_locale":"de_DE","og_type":"article","og_title":"CozyHome Lichtschlauch 200 LEDs Au\u00dfen mit Timer &amp; 8 Modi \u2013 12m warmwei\u00df | LED Schlauch Lichterkette mit Netzstecker ohne\u2026 - Markt-XXL","og_description":"Markt-XXL CozyHome Lichtschlauch 200 LEDs Au\u00dfen mit Timer &amp; 8 Modi \u2013 12m warmwei\u00df | LED Schlauch Lichterkette mit Netzstecker ohne\u2026","og_url":"https:\/\/marktxxl.de\/markt\/produkt\/200-led-schlauch-aussen-lichterschlauch-aussen-10m-warmweiss-mit-timer-lichterkette-weihnachtsbeleuchtung-wasserdicht-led-lichtschlauch-aussen-10m-innen-lichtschlaeuche-outdoor-l\/","og_site_name":"Markt-XXL","article_modified_time":"2023-04-10T03:44:51+00:00","og_image":[{"width":500,"height":500,"url":"https:\/\/m.media-amazon.com\/images\/I\/51v9pYW0nYS._SL500_.jpg","type":"image\/jpeg"}],"twitter_card":"summary_large_image","twitter_misc":{"Gesch\u00e4tzte Lesezeit":"1\u00a0Minute"},"schema":{"@context":"https:\/\/schema.org","@graph":[{"@type":"WebPage","@id":"https:\/\/marktxxl.de\/markt\/produkt\/200-led-schlauch-aussen-lichterschlauch-aussen-10m-warmweiss-mit-timer-lichterkette-weihnachtsbeleuchtung-wasserdicht-led-lichtschlauch-aussen-10m-innen-lichtschlaeuche-outdoor-l\/","url":"https:\/\/marktxxl.de\/markt\/produkt\/200-led-schlauch-aussen-lichterschlauch-aussen-10m-warmweiss-mit-timer-lichterkette-weihnachtsbeleuchtung-wasserdicht-led-lichtschlauch-aussen-10m-innen-lichtschlaeuche-outdoor-l\/","name":"CozyHome Lichtschlauch 200 LEDs Au\u00dfen mit Timer &amp; 8 Modi \u2013 12m warmwei\u00df | LED Schlauch Lichterkette mit Netzstecker ohne\u2026 - Markt-XXL","isPartOf":{"@id":"https:\/\/marktxxl.de\/markt\/#website"},"primaryImageOfPage":{"@id":"https:\/\/marktxxl.de\/markt\/produkt\/200-led-schlauch-aussen-lichterschlauch-aussen-10m-warmweiss-mit-timer-lichterkette-weihnachtsbeleuchtung-wasserdicht-led-lichtschlauch-aussen-10m-innen-lichtschlaeuche-outdoor-l\/#primaryimage"},"image":{"@id":"https:\/\/marktxxl.de\/markt\/produkt\/200-led-schlauch-aussen-lichterschlauch-aussen-10m-warmweiss-mit-timer-lichterkette-weihnachtsbeleuchtung-wasserdicht-led-lichtschlauch-aussen-10m-innen-lichtschlaeuche-outdoor-l\/#primaryimage"},"thumbnailUrl":"https:\/\/m.media-amazon.com\/images\/I\/51v9pYW0nYS._SL500_.jpg","datePublished":"2023-03-11T07:11:19+00:00","dateModified":"2023-04-10T03:44:51+00:00","description":"Markt-XXL CozyHome Lichtschlauch 200 LEDs Au\u00dfen mit Timer &amp; 8 Modi \u2013 12m warmwei\u00df | LED Schlauch Lichterkette mit Netzstecker ohne\u2026","breadcrumb":{"@id":"https:\/\/marktxxl.de\/markt\/produkt\/200-led-schlauch-aussen-lichterschlauch-aussen-10m-warmweiss-mit-timer-lichterkette-weihnachtsbeleuchtung-wasserdicht-led-lichtschlauch-aussen-10m-innen-lichtschlaeuche-outdoor-l\/#breadcrumb"},"inLanguage":"de","potentialAction":[{"@type":"ReadAction","target":["https:\/\/marktxxl.de\/markt\/produkt\/200-led-schlauch-aussen-lichterschlauch-aussen-10m-warmweiss-mit-timer-lichterkette-weihnachtsbeleuchtung-wasserdicht-led-lichtschlauch-aussen-10m-innen-lichtschlaeuche-outdoor-l\/"]}]},{"@type":"ImageObject","inLanguage":"de","@id":"https:\/\/marktxxl.de\/markt\/produkt\/200-led-schlauch-aussen-lichterschlauch-aussen-10m-warmweiss-mit-timer-lichterkette-weihnachtsbeleuchtung-wasserdicht-led-lichtschlauch-aussen-10m-innen-lichtschlaeuche-outdoor-l\/#primaryimage","url":"https:\/\/m.media-amazon.com\/images\/I\/51v9pYW0nYS._SL500_.jpg","contentUrl":"https:\/\/m.media-amazon.com\/images\/I\/51v9pYW0nYS._SL500_.jpg","width":500,"height":500},{"@type":"BreadcrumbList","@id":"https:\/\/marktxxl.de\/markt\/produkt\/200-led-schlauch-aussen-lichterschlauch-aussen-10m-warmweiss-mit-timer-lichterkette-weihnachtsbeleuchtung-wasserdicht-led-lichtschlauch-aussen-10m-innen-lichtschlaeuche-outdoor-l\/#breadcrumb","itemListElement":[{"@type":"ListItem","position":1,"name":"Startseite","item":"https:\/\/marktxxl.de\/markt\/"},{"@type":"ListItem","position":2,"name":"Markt","item":"https:\/\/marktxxl.de\/markt\/"},{"@type":"ListItem","position":3,"name":"CozyHome Lichtschlauch 200 LEDs Au\u00dfen mit Timer &amp; 8 Modi \u2013 12m warmwei\u00df | LED Schlauch Lichterkette mit Netzstecker ohne\u2026"}]},{"@type":"WebSite","@id":"https:\/\/marktxxl.de\/markt\/#website","url":"https:\/\/marktxxl.de\/markt\/","name":"Markt-XXL","description":"Ihr Markt Online","publisher":{"@id":"https:\/\/marktxxl.de\/markt\/#organization"},"potentialAction":[{"@type":"SearchAction","target":{"@type":"EntryPoint","urlTemplate":"https:\/\/marktxxl.de\/markt\/?s={search_term_string}"},"query-input":{"@type":"PropertyValueSpecification","valueRequired":true,"valueName":"search_term_string"}}],"inLanguage":"de"},{"@type":"Organization","@id":"https:\/\/marktxxl.de\/markt\/#organization","name":"Markt-XXL","url":"https:\/\/marktxxl.de\/markt\/","logo":{"@type":"ImageObject","inLanguage":"de","@id":"https:\/\/marktxxl.de\/markt\/#\/schema\/logo\/image\/","url":"https:\/\/marktxxl.de\/markt\/wp-content\/uploads\/sites\/3\/2020\/12\/logo.png","contentUrl":"https:\/\/marktxxl.de\/markt\/wp-content\/uploads\/sites\/3\/2020\/12\/logo.png","width":200,"height":70,"caption":"Markt-XXL"},"image":{"@id":"https:\/\/marktxxl.de\/markt\/#\/schema\/logo\/image\/"}}]}},"_links":{"self":[{"href":"https:\/\/marktxxl.de\/markt\/wp-json\/wp\/v2\/product\/194946","targetHints":{"allow":["GET"]}}],"collection":[{"href":"https:\/\/marktxxl.de\/markt\/wp-json\/wp\/v2\/product"}],"about":[{"href":"https:\/\/marktxxl.de\/markt\/wp-json\/wp\/v2\/types\/product"}],"replies":[{"embeddable":true,"href":"https:\/\/marktxxl.de\/markt\/wp-json\/wp\/v2\/comments?post=194946"}],"wp:featuredmedia":[{"embeddable":true,"href":"https:\/\/marktxxl.de\/markt\/wp-json\/wp\/v2\/media\/194947"}],"wp:attachment":[{"href":"https:\/\/marktxxl.de\/markt\/wp-json\/wp\/v2\/media?parent=194946"}],"wp:term":[{"taxonomy":"product_brand","embeddable":true,"href":"https:\/\/marktxxl.de\/markt\/wp-json\/wp\/v2\/product_brand?post=194946"},{"taxonomy":"product_cat","embeddable":true,"href":"https:\/\/marktxxl.de\/markt\/wp-json\/wp\/v2\/product_cat?post=194946"},{"taxonomy":"product_tag","embeddable":true,"href":"https:\/\/marktxxl.de\/markt\/wp-json\/wp\/v2\/product_tag?post=194946"}],"curies":[{"name":"wp","href":"https:\/\/api.w.org\/{rel}","templated":true}]}}