{"id":194921,"date":"2023-03-11T08:10:48","date_gmt":"2023-03-11T07:10:48","guid":{"rendered":"https:\/\/marktxxl.de\/markt\/produkt\/wujun-led-schlauch-rgb-aussen-10m-100-led-mit-usb-ip68-wasserdicht-lichtschlauch-16-farben-4-modi-mit-fernbedienung-timer-bunt-lichterschlauch-fuer-weihnachten-party-balkon-hochzeit-deko\/"},"modified":"2023-04-10T05:44:50","modified_gmt":"2023-04-10T03:44:50","slug":"wujun-led-schlauch-rgb-aussen-10m-100-led-mit-usb-ip68-wasserdicht-lichtschlauch-16-farben-4-modi-mit-fernbedienung-timer-bunt-lichterschlauch-fuer-weihnachten-party-balkon-hochzeit-deko","status":"publish","type":"product","link":"https:\/\/marktxxl.de\/markt\/produkt\/wujun-led-schlauch-rgb-aussen-10m-100-led-mit-usb-ip68-wasserdicht-lichtschlauch-16-farben-4-modi-mit-fernbedienung-timer-bunt-lichterschlauch-fuer-weihnachten-party-balkon-hochzeit-deko\/","title":{"rendered":"WUJUN LED Schlauch RGB Au\u00dfen 10M 100 LED mit USB, IP68 Wasserdicht Lichtschlauch 16 Farben 4 Modi mit Fernbedienung\u2026"},"content":{"rendered":"<p>\u3010USB-powered LED Lichterschlauch\u3011 Unsere LED-Lichterschlauch sind speziell f\u00fcr USB-Stromversorgung ausgelegt, kompatibel mit USB-Anschluss, Energienbank, Computer usw. Sie k\u00f6nnen die Lichterketten einfach \u00fcberall verwenden, wo Sie m\u00f6chten. Das USB-Design befreit Sie von den enormen Kosten und der Unbequemlichkeit des Batteriewechsels und beseitigt das Problem des Helligkeitsabfalls, wenn die Batterie schwach wird, damit k\u00f6nnen Sie Ihr Geld auch sparen.<br \/>\n\u301016 Farbwechsel und 4 Modi\u3011 LED-Lichtschlauchleuchten k\u00f6nnen mit der Fernbedienung auf 16 verschiedene Farben und 4 Beleuchtungsmodi eingestellt werden. Sie k\u00f6nnen die Farben \u00e4ndern und die Beleuchtungsmodi je nach Stimmung umschalten, die jeweils unterschiedliche Geschwindigkeitsstufen haben.<br \/>\n\u3010Fernbedienung &amp; Timer\u3011: Unsere LED Lichterschlauch werden mit einer Fernbedienung zum Ein- und Ausschalten der Beleuchtung und zum Umschalten der Beleuchtungsmodi geliefert. Und Sie k\u00f6nnen es auch \u00fcber die Steuerbox steuern, falls die Fernbedienung nicht bei Ihnen ist. Es gibt auch eine Timer-Funktion, bei der die Weihnachtslichterketten 6 Stunden lang leuchten und 18 Stunden lang ausgehen, danach werden die noch mal automatisch neu gestartet.<br \/>\n\u3010IP65 wasserdicht\u3011 Das wasserdichte Design (IP65) macht diese dekorativen Leuchten zur besten Wahl f\u00fcr Innen- und Au\u00dfendekorationen. Die Weihnachtslichterkette kann auch im Regen hervorragend funktionieren. LED Lichterschlauch sind, obwohl sie schon lange verwendet werden, ber\u00fchrungssicher und verursachen keine Hautsch\u00e4den. Die Lichterketten sind perfekt f\u00fcr Familien mit Kindern und Haustieren. HINWEIS: Der USB-Anschluss sollte f\u00fcr die Verwendung im Freien gesch\u00fctzt werden.<br \/>\n\u3010Bedienerfreudlichkeit &amp; 100% Grantie\u3011LED Lichterschlauch sind ideal f\u00fcr Innen- \/ Au\u00dfendekorationen. wie im Freienweihnachtsbaum, Valentinstag, Hochzeit, Portal, Restaurant, Handelsgeb\u00e4ude etc. Sorgenfreie 12-monatige Garantie und freundlicher Kundendienst sind immer bereit zu helfen, treten Sie mit uns bitte in Verbindung, wenn irgendein Problem erchient.<br \/>\n<div class=\"main-cross-sell\" data-asin=\"B07Y82X1ZC\">\n\n\t<div class=\"WooZone-cross-sell-loader\">\n\t\t<div>\n\t\t\t<div id=\"floatingBarsG\">\n\t\t\t\t<div class=\"blockG\" id=\"rotateG_01\"><\/div>\n\t\t\t\t<div class=\"blockG\" id=\"rotateG_02\"><\/div>\n\t\t\t\t<div class=\"blockG\" id=\"rotateG_03\"><\/div>\n\t\t\t\t<div class=\"blockG\" id=\"rotateG_04\"><\/div>\n\t\t\t\t<div class=\"blockG\" id=\"rotateG_05\"><\/div>\n\t\t\t\t<div class=\"blockG\" id=\"rotateG_06\"><\/div>\n\t\t\t\t<div class=\"blockG\" id=\"rotateG_07\"><\/div>\n\t\t\t\t<div class=\"blockG\" id=\"rotateG_08\"><\/div>\n\t\t\t<\/div>\n\t\t\t<div class=\"WooZone-cross-sell-loader-text\"><\/div>\n\t\t<\/div>\n\t<\/div>\n\n\t\t\n<\/div>\n<div style=\"clear:both;\"><\/div><\/p>\n","protected":false},"excerpt":{"rendered":"<p>\u3010USB-powered LED Lichterschlauch\u3011 Unsere LED-Lichterschlauch sind speziell f\u00fcr USB-Stromversorgung ausgelegt, kompatibel mit USB-Anschluss, Energienbank, Computer usw. Sie k\u00f6nnen die Lichterketten einfach \u00fcberall verwenden, wo Sie m\u00f6chten. Das USB-Design befreit Sie von den enormen Kosten und der Unbequemlichkeit des Batteriewechsels und beseitigt das Problem des Helligkeitsabfalls, wenn die Batterie schwach wird, damit k\u00f6nnen Sie Ihr Geld auch sparen.<br \/>\n\u301016 Farbwechsel und 4 Modi\u3011 LED-Lichtschlauchleuchten k\u00f6nnen mit der Fernbedienung auf 16 verschiedene Farben und 4 Beleuchtungsmodi eingestellt werden. Sie k\u00f6nnen die Farben \u00e4ndern und die Beleuchtungsmodi je nach Stimmung umschalten, die jeweils unterschiedliche Geschwindigkeitsstufen haben.<br \/>\n\u3010Fernbedienung &amp; Timer\u3011: Unsere LED Lichterschlauch werden mit einer Fernbedienung zum Ein- und Ausschalten der Beleuchtung und zum Umschalten der Beleuchtungsmodi geliefert. Und Sie k\u00f6nnen es auch \u00fcber die Steuerbox steuern, falls die Fernbedienung nicht bei Ihnen ist. Es gibt auch eine Timer-Funktion, bei der die Weihnachtslichterketten 6 Stunden lang leuchten und 18 Stunden lang ausgehen, danach werden die noch mal automatisch neu gestartet.<\/p>\n","protected":false},"featured_media":194922,"comment_status":"open","ping_status":"closed","template":"","meta":[],"product_brand":[],"product_cat":[2108,15623],"product_tag":[],"class_list":{"0":"post-194921","1":"product","2":"type-product","3":"status-publish","4":"has-post-thumbnail","6":"product_cat-beleuchtung","7":"product_cat-lichtschlaeuche","8":"pa_binding-werkzeug","9":"pa_brand-wujun","10":"pa_color-16-farben-led-rope","11":"pa_manufacturer-wujun","13":"first","14":"instock","15":"shipping-taxable","16":"purchasable","17":"product-type-simple","18":"customify-col","19":"product-has-gallery"},"yoast_head":"<!-- This site is optimized with the Yoast SEO plugin v27.4 - https:\/\/yoast.com\/product\/yoast-seo-wordpress\/ -->\n<title>WUJUN LED Schlauch RGB Au\u00dfen 10M 100 LED mit USB, IP68 Wasserdicht Lichtschlauch 16 Farben 4 Modi mit Fernbedienung\u2026 - Markt-XXL<\/title>\n<meta name=\"description\" content=\"Markt-XXL WUJUN LED Schlauch RGB Au\u00dfen 10M 100 LED mit USB, IP68 Wasserdicht Lichtschlauch 16 Farben 4 Modi mit Fernbedienung\u2026\" \/>\n<meta name=\"robots\" content=\"index, follow, max-snippet:-1, max-image-preview:large, max-video-preview:-1\" \/>\n<link rel=\"canonical\" href=\"https:\/\/marktxxl.de\/markt\/produkt\/wujun-led-schlauch-rgb-aussen-10m-100-led-mit-usb-ip68-wasserdicht-lichtschlauch-16-farben-4-modi-mit-fernbedienung-timer-bunt-lichterschlauch-fuer-weihnachten-party-balkon-hochzeit-deko\/\" \/>\n<meta property=\"og:locale\" content=\"de_DE\" \/>\n<meta property=\"og:type\" content=\"article\" \/>\n<meta property=\"og:title\" content=\"WUJUN LED Schlauch RGB Au\u00dfen 10M 100 LED mit USB, IP68 Wasserdicht Lichtschlauch 16 Farben 4 Modi mit Fernbedienung\u2026 - Markt-XXL\" \/>\n<meta property=\"og:description\" content=\"Markt-XXL WUJUN LED Schlauch RGB Au\u00dfen 10M 100 LED mit USB, IP68 Wasserdicht Lichtschlauch 16 Farben 4 Modi mit Fernbedienung\u2026\" \/>\n<meta property=\"og:url\" content=\"https:\/\/marktxxl.de\/markt\/produkt\/wujun-led-schlauch-rgb-aussen-10m-100-led-mit-usb-ip68-wasserdicht-lichtschlauch-16-farben-4-modi-mit-fernbedienung-timer-bunt-lichterschlauch-fuer-weihnachten-party-balkon-hochzeit-deko\/\" \/>\n<meta property=\"og:site_name\" content=\"Markt-XXL\" \/>\n<meta property=\"article:modified_time\" content=\"2023-04-10T03:44:50+00:00\" \/>\n<meta property=\"og:image\" content=\"https:\/\/m.media-amazon.com\/images\/I\/51J4WCw-3PL._SL500_.jpg\" \/>\n\t<meta property=\"og:image:width\" content=\"500\" \/>\n\t<meta property=\"og:image:height\" content=\"500\" \/>\n\t<meta property=\"og:image:type\" content=\"image\/jpeg\" \/>\n<meta name=\"twitter:card\" content=\"summary_large_image\" \/>\n<meta name=\"twitter:label1\" content=\"Gesch\u00e4tzte Lesezeit\" \/>\n\t<meta name=\"twitter:data1\" content=\"1\u00a0Minute\" \/>\n<script type=\"application\/ld+json\" class=\"yoast-schema-graph\">{\"@context\":\"https:\\\/\\\/schema.org\",\"@graph\":[{\"@type\":\"WebPage\",\"@id\":\"https:\\\/\\\/marktxxl.de\\\/markt\\\/produkt\\\/wujun-led-schlauch-rgb-aussen-10m-100-led-mit-usb-ip68-wasserdicht-lichtschlauch-16-farben-4-modi-mit-fernbedienung-timer-bunt-lichterschlauch-fuer-weihnachten-party-balkon-hochzeit-deko\\\/\",\"url\":\"https:\\\/\\\/marktxxl.de\\\/markt\\\/produkt\\\/wujun-led-schlauch-rgb-aussen-10m-100-led-mit-usb-ip68-wasserdicht-lichtschlauch-16-farben-4-modi-mit-fernbedienung-timer-bunt-lichterschlauch-fuer-weihnachten-party-balkon-hochzeit-deko\\\/\",\"name\":\"WUJUN LED Schlauch RGB Au\u00dfen 10M 100 LED mit USB, IP68 Wasserdicht Lichtschlauch 16 Farben 4 Modi mit Fernbedienung\u2026 - Markt-XXL\",\"isPartOf\":{\"@id\":\"https:\\\/\\\/marktxxl.de\\\/markt\\\/#website\"},\"primaryImageOfPage\":{\"@id\":\"https:\\\/\\\/marktxxl.de\\\/markt\\\/produkt\\\/wujun-led-schlauch-rgb-aussen-10m-100-led-mit-usb-ip68-wasserdicht-lichtschlauch-16-farben-4-modi-mit-fernbedienung-timer-bunt-lichterschlauch-fuer-weihnachten-party-balkon-hochzeit-deko\\\/#primaryimage\"},\"image\":{\"@id\":\"https:\\\/\\\/marktxxl.de\\\/markt\\\/produkt\\\/wujun-led-schlauch-rgb-aussen-10m-100-led-mit-usb-ip68-wasserdicht-lichtschlauch-16-farben-4-modi-mit-fernbedienung-timer-bunt-lichterschlauch-fuer-weihnachten-party-balkon-hochzeit-deko\\\/#primaryimage\"},\"thumbnailUrl\":\"https:\\\/\\\/m.media-amazon.com\\\/images\\\/I\\\/51J4WCw-3PL._SL500_.jpg\",\"datePublished\":\"2023-03-11T07:10:48+00:00\",\"dateModified\":\"2023-04-10T03:44:50+00:00\",\"description\":\"Markt-XXL WUJUN LED Schlauch RGB Au\u00dfen 10M 100 LED mit USB, IP68 Wasserdicht Lichtschlauch 16 Farben 4 Modi mit Fernbedienung\u2026\",\"breadcrumb\":{\"@id\":\"https:\\\/\\\/marktxxl.de\\\/markt\\\/produkt\\\/wujun-led-schlauch-rgb-aussen-10m-100-led-mit-usb-ip68-wasserdicht-lichtschlauch-16-farben-4-modi-mit-fernbedienung-timer-bunt-lichterschlauch-fuer-weihnachten-party-balkon-hochzeit-deko\\\/#breadcrumb\"},\"inLanguage\":\"de\",\"potentialAction\":[{\"@type\":\"ReadAction\",\"target\":[\"https:\\\/\\\/marktxxl.de\\\/markt\\\/produkt\\\/wujun-led-schlauch-rgb-aussen-10m-100-led-mit-usb-ip68-wasserdicht-lichtschlauch-16-farben-4-modi-mit-fernbedienung-timer-bunt-lichterschlauch-fuer-weihnachten-party-balkon-hochzeit-deko\\\/\"]}]},{\"@type\":\"ImageObject\",\"inLanguage\":\"de\",\"@id\":\"https:\\\/\\\/marktxxl.de\\\/markt\\\/produkt\\\/wujun-led-schlauch-rgb-aussen-10m-100-led-mit-usb-ip68-wasserdicht-lichtschlauch-16-farben-4-modi-mit-fernbedienung-timer-bunt-lichterschlauch-fuer-weihnachten-party-balkon-hochzeit-deko\\\/#primaryimage\",\"url\":\"https:\\\/\\\/m.media-amazon.com\\\/images\\\/I\\\/51J4WCw-3PL._SL500_.jpg\",\"contentUrl\":\"https:\\\/\\\/m.media-amazon.com\\\/images\\\/I\\\/51J4WCw-3PL._SL500_.jpg\",\"width\":500,\"height\":500},{\"@type\":\"BreadcrumbList\",\"@id\":\"https:\\\/\\\/marktxxl.de\\\/markt\\\/produkt\\\/wujun-led-schlauch-rgb-aussen-10m-100-led-mit-usb-ip68-wasserdicht-lichtschlauch-16-farben-4-modi-mit-fernbedienung-timer-bunt-lichterschlauch-fuer-weihnachten-party-balkon-hochzeit-deko\\\/#breadcrumb\",\"itemListElement\":[{\"@type\":\"ListItem\",\"position\":1,\"name\":\"Startseite\",\"item\":\"https:\\\/\\\/marktxxl.de\\\/markt\\\/\"},{\"@type\":\"ListItem\",\"position\":2,\"name\":\"Markt\",\"item\":\"https:\\\/\\\/marktxxl.de\\\/markt\\\/\"},{\"@type\":\"ListItem\",\"position\":3,\"name\":\"WUJUN LED Schlauch RGB Au\u00dfen 10M 100 LED mit USB, IP68 Wasserdicht Lichtschlauch 16 Farben 4 Modi mit Fernbedienung\u2026\"}]},{\"@type\":\"WebSite\",\"@id\":\"https:\\\/\\\/marktxxl.de\\\/markt\\\/#website\",\"url\":\"https:\\\/\\\/marktxxl.de\\\/markt\\\/\",\"name\":\"Markt-XXL\",\"description\":\"Ihr Markt Online\",\"publisher\":{\"@id\":\"https:\\\/\\\/marktxxl.de\\\/markt\\\/#organization\"},\"potentialAction\":[{\"@type\":\"SearchAction\",\"target\":{\"@type\":\"EntryPoint\",\"urlTemplate\":\"https:\\\/\\\/marktxxl.de\\\/markt\\\/?s={search_term_string}\"},\"query-input\":{\"@type\":\"PropertyValueSpecification\",\"valueRequired\":true,\"valueName\":\"search_term_string\"}}],\"inLanguage\":\"de\"},{\"@type\":\"Organization\",\"@id\":\"https:\\\/\\\/marktxxl.de\\\/markt\\\/#organization\",\"name\":\"Markt-XXL\",\"url\":\"https:\\\/\\\/marktxxl.de\\\/markt\\\/\",\"logo\":{\"@type\":\"ImageObject\",\"inLanguage\":\"de\",\"@id\":\"https:\\\/\\\/marktxxl.de\\\/markt\\\/#\\\/schema\\\/logo\\\/image\\\/\",\"url\":\"https:\\\/\\\/marktxxl.de\\\/markt\\\/wp-content\\\/uploads\\\/sites\\\/3\\\/2020\\\/12\\\/logo.png\",\"contentUrl\":\"https:\\\/\\\/marktxxl.de\\\/markt\\\/wp-content\\\/uploads\\\/sites\\\/3\\\/2020\\\/12\\\/logo.png\",\"width\":200,\"height\":70,\"caption\":\"Markt-XXL\"},\"image\":{\"@id\":\"https:\\\/\\\/marktxxl.de\\\/markt\\\/#\\\/schema\\\/logo\\\/image\\\/\"}}]}<\/script>\n<!-- \/ Yoast SEO plugin. -->","yoast_head_json":{"title":"WUJUN LED Schlauch RGB Au\u00dfen 10M 100 LED mit USB, IP68 Wasserdicht Lichtschlauch 16 Farben 4 Modi mit Fernbedienung\u2026 - Markt-XXL","description":"Markt-XXL WUJUN LED Schlauch RGB Au\u00dfen 10M 100 LED mit USB, IP68 Wasserdicht Lichtschlauch 16 Farben 4 Modi mit Fernbedienung\u2026","robots":{"index":"index","follow":"follow","max-snippet":"max-snippet:-1","max-image-preview":"max-image-preview:large","max-video-preview":"max-video-preview:-1"},"canonical":"https:\/\/marktxxl.de\/markt\/produkt\/wujun-led-schlauch-rgb-aussen-10m-100-led-mit-usb-ip68-wasserdicht-lichtschlauch-16-farben-4-modi-mit-fernbedienung-timer-bunt-lichterschlauch-fuer-weihnachten-party-balkon-hochzeit-deko\/","og_locale":"de_DE","og_type":"article","og_title":"WUJUN LED Schlauch RGB Au\u00dfen 10M 100 LED mit USB, IP68 Wasserdicht Lichtschlauch 16 Farben 4 Modi mit Fernbedienung\u2026 - Markt-XXL","og_description":"Markt-XXL WUJUN LED Schlauch RGB Au\u00dfen 10M 100 LED mit USB, IP68 Wasserdicht Lichtschlauch 16 Farben 4 Modi mit Fernbedienung\u2026","og_url":"https:\/\/marktxxl.de\/markt\/produkt\/wujun-led-schlauch-rgb-aussen-10m-100-led-mit-usb-ip68-wasserdicht-lichtschlauch-16-farben-4-modi-mit-fernbedienung-timer-bunt-lichterschlauch-fuer-weihnachten-party-balkon-hochzeit-deko\/","og_site_name":"Markt-XXL","article_modified_time":"2023-04-10T03:44:50+00:00","og_image":[{"width":500,"height":500,"url":"https:\/\/m.media-amazon.com\/images\/I\/51J4WCw-3PL._SL500_.jpg","type":"image\/jpeg"}],"twitter_card":"summary_large_image","twitter_misc":{"Gesch\u00e4tzte Lesezeit":"1\u00a0Minute"},"schema":{"@context":"https:\/\/schema.org","@graph":[{"@type":"WebPage","@id":"https:\/\/marktxxl.de\/markt\/produkt\/wujun-led-schlauch-rgb-aussen-10m-100-led-mit-usb-ip68-wasserdicht-lichtschlauch-16-farben-4-modi-mit-fernbedienung-timer-bunt-lichterschlauch-fuer-weihnachten-party-balkon-hochzeit-deko\/","url":"https:\/\/marktxxl.de\/markt\/produkt\/wujun-led-schlauch-rgb-aussen-10m-100-led-mit-usb-ip68-wasserdicht-lichtschlauch-16-farben-4-modi-mit-fernbedienung-timer-bunt-lichterschlauch-fuer-weihnachten-party-balkon-hochzeit-deko\/","name":"WUJUN LED Schlauch RGB Au\u00dfen 10M 100 LED mit USB, IP68 Wasserdicht Lichtschlauch 16 Farben 4 Modi mit Fernbedienung\u2026 - Markt-XXL","isPartOf":{"@id":"https:\/\/marktxxl.de\/markt\/#website"},"primaryImageOfPage":{"@id":"https:\/\/marktxxl.de\/markt\/produkt\/wujun-led-schlauch-rgb-aussen-10m-100-led-mit-usb-ip68-wasserdicht-lichtschlauch-16-farben-4-modi-mit-fernbedienung-timer-bunt-lichterschlauch-fuer-weihnachten-party-balkon-hochzeit-deko\/#primaryimage"},"image":{"@id":"https:\/\/marktxxl.de\/markt\/produkt\/wujun-led-schlauch-rgb-aussen-10m-100-led-mit-usb-ip68-wasserdicht-lichtschlauch-16-farben-4-modi-mit-fernbedienung-timer-bunt-lichterschlauch-fuer-weihnachten-party-balkon-hochzeit-deko\/#primaryimage"},"thumbnailUrl":"https:\/\/m.media-amazon.com\/images\/I\/51J4WCw-3PL._SL500_.jpg","datePublished":"2023-03-11T07:10:48+00:00","dateModified":"2023-04-10T03:44:50+00:00","description":"Markt-XXL WUJUN LED Schlauch RGB Au\u00dfen 10M 100 LED mit USB, IP68 Wasserdicht Lichtschlauch 16 Farben 4 Modi mit Fernbedienung\u2026","breadcrumb":{"@id":"https:\/\/marktxxl.de\/markt\/produkt\/wujun-led-schlauch-rgb-aussen-10m-100-led-mit-usb-ip68-wasserdicht-lichtschlauch-16-farben-4-modi-mit-fernbedienung-timer-bunt-lichterschlauch-fuer-weihnachten-party-balkon-hochzeit-deko\/#breadcrumb"},"inLanguage":"de","potentialAction":[{"@type":"ReadAction","target":["https:\/\/marktxxl.de\/markt\/produkt\/wujun-led-schlauch-rgb-aussen-10m-100-led-mit-usb-ip68-wasserdicht-lichtschlauch-16-farben-4-modi-mit-fernbedienung-timer-bunt-lichterschlauch-fuer-weihnachten-party-balkon-hochzeit-deko\/"]}]},{"@type":"ImageObject","inLanguage":"de","@id":"https:\/\/marktxxl.de\/markt\/produkt\/wujun-led-schlauch-rgb-aussen-10m-100-led-mit-usb-ip68-wasserdicht-lichtschlauch-16-farben-4-modi-mit-fernbedienung-timer-bunt-lichterschlauch-fuer-weihnachten-party-balkon-hochzeit-deko\/#primaryimage","url":"https:\/\/m.media-amazon.com\/images\/I\/51J4WCw-3PL._SL500_.jpg","contentUrl":"https:\/\/m.media-amazon.com\/images\/I\/51J4WCw-3PL._SL500_.jpg","width":500,"height":500},{"@type":"BreadcrumbList","@id":"https:\/\/marktxxl.de\/markt\/produkt\/wujun-led-schlauch-rgb-aussen-10m-100-led-mit-usb-ip68-wasserdicht-lichtschlauch-16-farben-4-modi-mit-fernbedienung-timer-bunt-lichterschlauch-fuer-weihnachten-party-balkon-hochzeit-deko\/#breadcrumb","itemListElement":[{"@type":"ListItem","position":1,"name":"Startseite","item":"https:\/\/marktxxl.de\/markt\/"},{"@type":"ListItem","position":2,"name":"Markt","item":"https:\/\/marktxxl.de\/markt\/"},{"@type":"ListItem","position":3,"name":"WUJUN LED Schlauch RGB Au\u00dfen 10M 100 LED mit USB, IP68 Wasserdicht Lichtschlauch 16 Farben 4 Modi mit Fernbedienung\u2026"}]},{"@type":"WebSite","@id":"https:\/\/marktxxl.de\/markt\/#website","url":"https:\/\/marktxxl.de\/markt\/","name":"Markt-XXL","description":"Ihr Markt Online","publisher":{"@id":"https:\/\/marktxxl.de\/markt\/#organization"},"potentialAction":[{"@type":"SearchAction","target":{"@type":"EntryPoint","urlTemplate":"https:\/\/marktxxl.de\/markt\/?s={search_term_string}"},"query-input":{"@type":"PropertyValueSpecification","valueRequired":true,"valueName":"search_term_string"}}],"inLanguage":"de"},{"@type":"Organization","@id":"https:\/\/marktxxl.de\/markt\/#organization","name":"Markt-XXL","url":"https:\/\/marktxxl.de\/markt\/","logo":{"@type":"ImageObject","inLanguage":"de","@id":"https:\/\/marktxxl.de\/markt\/#\/schema\/logo\/image\/","url":"https:\/\/marktxxl.de\/markt\/wp-content\/uploads\/sites\/3\/2020\/12\/logo.png","contentUrl":"https:\/\/marktxxl.de\/markt\/wp-content\/uploads\/sites\/3\/2020\/12\/logo.png","width":200,"height":70,"caption":"Markt-XXL"},"image":{"@id":"https:\/\/marktxxl.de\/markt\/#\/schema\/logo\/image\/"}}]}},"_links":{"self":[{"href":"https:\/\/marktxxl.de\/markt\/wp-json\/wp\/v2\/product\/194921","targetHints":{"allow":["GET"]}}],"collection":[{"href":"https:\/\/marktxxl.de\/markt\/wp-json\/wp\/v2\/product"}],"about":[{"href":"https:\/\/marktxxl.de\/markt\/wp-json\/wp\/v2\/types\/product"}],"replies":[{"embeddable":true,"href":"https:\/\/marktxxl.de\/markt\/wp-json\/wp\/v2\/comments?post=194921"}],"wp:featuredmedia":[{"embeddable":true,"href":"https:\/\/marktxxl.de\/markt\/wp-json\/wp\/v2\/media\/194922"}],"wp:attachment":[{"href":"https:\/\/marktxxl.de\/markt\/wp-json\/wp\/v2\/media?parent=194921"}],"wp:term":[{"taxonomy":"product_brand","embeddable":true,"href":"https:\/\/marktxxl.de\/markt\/wp-json\/wp\/v2\/product_brand?post=194921"},{"taxonomy":"product_cat","embeddable":true,"href":"https:\/\/marktxxl.de\/markt\/wp-json\/wp\/v2\/product_cat?post=194921"},{"taxonomy":"product_tag","embeddable":true,"href":"https:\/\/marktxxl.de\/markt\/wp-json\/wp\/v2\/product_tag?post=194921"}],"curies":[{"name":"wp","href":"https:\/\/api.w.org\/{rel}","templated":true}]}}