{"id":194677,"date":"2023-03-11T07:58:43","date_gmt":"2023-03-11T06:58:43","guid":{"rendered":"https:\/\/marktxxl.de\/markt\/produkt\/good-mood-musik-buntes-design-geschenk-socken-1-paar\/"},"modified":"2023-04-10T05:44:47","modified_gmt":"2023-04-10T03:44:47","slug":"good-mood-musik-buntes-design-geschenk-socken-1-paar","status":"publish","type":"product","link":"https:\/\/marktxxl.de\/markt\/produkt\/good-mood-musik-buntes-design-geschenk-socken-1-paar\/","title":{"rendered":"Good Mood Musik Buntes Design-Geschenk Socken 1 Paar"},"content":{"rendered":"<p>\u2605 \u3010DESIGN\u3011Lustige Socken sind heute ein vollkommenes Trendy St\u00fcck und werden nicht mehr f\u00fcr langweiliges Weihnachtsgeschenk gehalten. Jede ist anders, aber zusammen bilden sie ein vollkommenes Paar. So verbreiten sie die Idee, dass jeder von uns au\u00dfergew\u00f6hnlich ist.<br \/>\n\u2605 \u3010Tolles \/ Personalisiertes Geschenk\u3011Suchen Sie ein geeignetes Geschenk f\u00fcr Musikliebhaber? Setzen Sie auf diese farbigen Lustigen Socken mit dem Design der Musiknoten. Ein L\u00e4cheln auf den Lippen der beschenkten Person ist garantiert.<br \/>\n\u2605\u3010 Warum Sie uns auf Amazon finden\u3011Au\u00dfer Bewusstsein f\u00fcr Down-Syndrom, ist die Mission der Mondo Pongo Socken, Bewusstsein dar\u00fcber zu verbreiten, dass auch wenn wir alle anders sind, bilden wir zusammen eine sch\u00f6ne farbige und inspirierende Welt. Wir wollen, damit sich diese Philosophie so viel wie m\u00f6glich verbreitet. Dank Amazon kann es uns gelingen.<br \/>\n\u2605\u3010QUALITY MATERIAL \u3011 Die Kombination der Materialien, die f\u00fcr maximalen Tragekomfort entwickelt wurde.<br \/>\n\u2605\u3010Gr\u00f6\u00dfe \u3011W\u00e4hlen Sie dasselbe Design f\u00fcr die ganze Familie. Wir bieten Socken in verschiedenen Gr\u00f6\u00dfen &#8211; EUR 36-38, 39-42, 43-46 (UK 3-5, 6-8, 9-11), damit alle solch ein Motiv tragen k\u00f6nnen, das sie am besten charakterisiert.<br \/>\n<div class=\"main-cross-sell\" data-asin=\"B07P42VYQ1\">\n\n\t<div class=\"WooZone-cross-sell-loader\">\n\t\t<div>\n\t\t\t<div id=\"floatingBarsG\">\n\t\t\t\t<div class=\"blockG\" id=\"rotateG_01\"><\/div>\n\t\t\t\t<div class=\"blockG\" id=\"rotateG_02\"><\/div>\n\t\t\t\t<div class=\"blockG\" id=\"rotateG_03\"><\/div>\n\t\t\t\t<div class=\"blockG\" id=\"rotateG_04\"><\/div>\n\t\t\t\t<div class=\"blockG\" id=\"rotateG_05\"><\/div>\n\t\t\t\t<div class=\"blockG\" id=\"rotateG_06\"><\/div>\n\t\t\t\t<div class=\"blockG\" id=\"rotateG_07\"><\/div>\n\t\t\t\t<div class=\"blockG\" id=\"rotateG_08\"><\/div>\n\t\t\t<\/div>\n\t\t\t<div class=\"WooZone-cross-sell-loader-text\"><\/div>\n\t\t<\/div>\n\t<\/div>\n\n\t\t\n<\/div>\n<div style=\"clear:both;\"><\/div><\/p>\n","protected":false},"excerpt":{"rendered":"<p>\u2605 \u3010DESIGN\u3011Lustige Socken sind heute ein vollkommenes Trendy St\u00fcck und werden nicht mehr f\u00fcr langweiliges Weihnachtsgeschenk gehalten. Jede ist anders, aber zusammen bilden sie ein vollkommenes Paar. So verbreiten sie die Idee, dass jeder von uns au\u00dfergew\u00f6hnlich ist.<br \/>\n\u2605 \u3010Tolles \/ Personalisiertes Geschenk\u3011Suchen Sie ein geeignetes Geschenk f\u00fcr Musikliebhaber? Setzen Sie auf diese farbigen Lustigen Socken mit dem Design der Musiknoten. Ein L\u00e4cheln auf den Lippen der beschenkten Person ist garantiert.<br \/>\n\u2605\u3010 Warum Sie uns auf Amazon finden\u3011Au\u00dfer Bewusstsein f\u00fcr Down-Syndrom, ist die Mission der Mondo Pongo Socken, Bewusstsein dar\u00fcber zu verbreiten, dass auch wenn wir alle anders sind, bilden wir zusammen eine sch\u00f6ne farbige und inspirierende Welt. Wir wollen, damit sich diese Philosophie so viel wie m\u00f6glich verbreitet. Dank Amazon kann es uns gelingen.<\/p>\n","protected":false},"featured_media":194678,"comment_status":"open","ping_status":"closed","template":"","meta":[],"product_brand":[],"product_cat":[1186,4069],"product_tag":[],"class_list":{"0":"post-194677","1":"product","2":"type-product","3":"status-publish","4":"has-post-thumbnail","6":"product_cat-bekleidung","7":"product_cat-spezielle-anlaesse","8":"pa_binding-textilien","9":"pa_brand-good-mood","10":"pa_brand-thames-hudson","11":"pa_model-gmrs021m","12":"pa_size-35-38","14":"first","15":"instock","16":"shipping-taxable","17":"purchasable","18":"product-type-simple","19":"customify-col","20":"product-has-gallery"},"yoast_head":"<!-- This site is optimized with the Yoast SEO plugin v27.3 - https:\/\/yoast.com\/product\/yoast-seo-wordpress\/ -->\n<title>Good Mood Musik Buntes Design-Geschenk Socken 1 Paar - Markt-XXL<\/title>\n<meta name=\"description\" content=\"Markt-XXL Good Mood Musik Buntes Design-Geschenk Socken 1 Paar\" \/>\n<meta name=\"robots\" content=\"index, follow, max-snippet:-1, max-image-preview:large, max-video-preview:-1\" \/>\n<link rel=\"canonical\" href=\"https:\/\/marktxxl.de\/markt\/produkt\/good-mood-musik-buntes-design-geschenk-socken-1-paar\/\" \/>\n<meta property=\"og:locale\" content=\"de_DE\" \/>\n<meta property=\"og:type\" content=\"article\" \/>\n<meta property=\"og:title\" content=\"Good Mood Musik Buntes Design-Geschenk Socken 1 Paar - Markt-XXL\" \/>\n<meta property=\"og:description\" content=\"Markt-XXL Good Mood Musik Buntes Design-Geschenk Socken 1 Paar\" \/>\n<meta property=\"og:url\" content=\"https:\/\/marktxxl.de\/markt\/produkt\/good-mood-musik-buntes-design-geschenk-socken-1-paar\/\" \/>\n<meta property=\"og:site_name\" content=\"Markt-XXL\" \/>\n<meta property=\"article:modified_time\" content=\"2023-04-10T03:44:47+00:00\" \/>\n<meta property=\"og:image\" content=\"https:\/\/m.media-amazon.com\/images\/I\/31dzpHs1UrL._SL500_.jpg\" \/>\n\t<meta property=\"og:image:width\" content=\"500\" \/>\n\t<meta property=\"og:image:height\" content=\"500\" \/>\n\t<meta property=\"og:image:type\" content=\"image\/jpeg\" \/>\n<meta name=\"twitter:card\" content=\"summary_large_image\" \/>\n<meta name=\"twitter:label1\" content=\"Gesch\u00e4tzte Lesezeit\" \/>\n\t<meta name=\"twitter:data1\" content=\"1\u00a0Minute\" \/>\n<script type=\"application\/ld+json\" class=\"yoast-schema-graph\">{\"@context\":\"https:\\\/\\\/schema.org\",\"@graph\":[{\"@type\":\"WebPage\",\"@id\":\"https:\\\/\\\/marktxxl.de\\\/markt\\\/produkt\\\/good-mood-musik-buntes-design-geschenk-socken-1-paar\\\/\",\"url\":\"https:\\\/\\\/marktxxl.de\\\/markt\\\/produkt\\\/good-mood-musik-buntes-design-geschenk-socken-1-paar\\\/\",\"name\":\"Good Mood Musik Buntes Design-Geschenk Socken 1 Paar - Markt-XXL\",\"isPartOf\":{\"@id\":\"https:\\\/\\\/marktxxl.de\\\/markt\\\/#website\"},\"primaryImageOfPage\":{\"@id\":\"https:\\\/\\\/marktxxl.de\\\/markt\\\/produkt\\\/good-mood-musik-buntes-design-geschenk-socken-1-paar\\\/#primaryimage\"},\"image\":{\"@id\":\"https:\\\/\\\/marktxxl.de\\\/markt\\\/produkt\\\/good-mood-musik-buntes-design-geschenk-socken-1-paar\\\/#primaryimage\"},\"thumbnailUrl\":\"https:\\\/\\\/m.media-amazon.com\\\/images\\\/I\\\/31dzpHs1UrL._SL500_.jpg\",\"datePublished\":\"2023-03-11T06:58:43+00:00\",\"dateModified\":\"2023-04-10T03:44:47+00:00\",\"description\":\"Markt-XXL Good Mood Musik Buntes Design-Geschenk Socken 1 Paar\",\"breadcrumb\":{\"@id\":\"https:\\\/\\\/marktxxl.de\\\/markt\\\/produkt\\\/good-mood-musik-buntes-design-geschenk-socken-1-paar\\\/#breadcrumb\"},\"inLanguage\":\"de\",\"potentialAction\":[{\"@type\":\"ReadAction\",\"target\":[\"https:\\\/\\\/marktxxl.de\\\/markt\\\/produkt\\\/good-mood-musik-buntes-design-geschenk-socken-1-paar\\\/\"]}]},{\"@type\":\"ImageObject\",\"inLanguage\":\"de\",\"@id\":\"https:\\\/\\\/marktxxl.de\\\/markt\\\/produkt\\\/good-mood-musik-buntes-design-geschenk-socken-1-paar\\\/#primaryimage\",\"url\":\"https:\\\/\\\/m.media-amazon.com\\\/images\\\/I\\\/31dzpHs1UrL._SL500_.jpg\",\"contentUrl\":\"https:\\\/\\\/m.media-amazon.com\\\/images\\\/I\\\/31dzpHs1UrL._SL500_.jpg\",\"width\":500,\"height\":500},{\"@type\":\"BreadcrumbList\",\"@id\":\"https:\\\/\\\/marktxxl.de\\\/markt\\\/produkt\\\/good-mood-musik-buntes-design-geschenk-socken-1-paar\\\/#breadcrumb\",\"itemListElement\":[{\"@type\":\"ListItem\",\"position\":1,\"name\":\"Startseite\",\"item\":\"https:\\\/\\\/marktxxl.de\\\/markt\\\/\"},{\"@type\":\"ListItem\",\"position\":2,\"name\":\"Markt\",\"item\":\"https:\\\/\\\/marktxxl.de\\\/markt\\\/\"},{\"@type\":\"ListItem\",\"position\":3,\"name\":\"Good Mood Musik Buntes Design-Geschenk Socken 1 Paar\"}]},{\"@type\":\"WebSite\",\"@id\":\"https:\\\/\\\/marktxxl.de\\\/markt\\\/#website\",\"url\":\"https:\\\/\\\/marktxxl.de\\\/markt\\\/\",\"name\":\"Markt-XXL\",\"description\":\"Ihr Markt Online\",\"publisher\":{\"@id\":\"https:\\\/\\\/marktxxl.de\\\/markt\\\/#organization\"},\"potentialAction\":[{\"@type\":\"SearchAction\",\"target\":{\"@type\":\"EntryPoint\",\"urlTemplate\":\"https:\\\/\\\/marktxxl.de\\\/markt\\\/?s={search_term_string}\"},\"query-input\":{\"@type\":\"PropertyValueSpecification\",\"valueRequired\":true,\"valueName\":\"search_term_string\"}}],\"inLanguage\":\"de\"},{\"@type\":\"Organization\",\"@id\":\"https:\\\/\\\/marktxxl.de\\\/markt\\\/#organization\",\"name\":\"Markt-XXL\",\"url\":\"https:\\\/\\\/marktxxl.de\\\/markt\\\/\",\"logo\":{\"@type\":\"ImageObject\",\"inLanguage\":\"de\",\"@id\":\"https:\\\/\\\/marktxxl.de\\\/markt\\\/#\\\/schema\\\/logo\\\/image\\\/\",\"url\":\"https:\\\/\\\/marktxxl.de\\\/markt\\\/wp-content\\\/uploads\\\/sites\\\/3\\\/2020\\\/12\\\/logo.png\",\"contentUrl\":\"https:\\\/\\\/marktxxl.de\\\/markt\\\/wp-content\\\/uploads\\\/sites\\\/3\\\/2020\\\/12\\\/logo.png\",\"width\":200,\"height\":70,\"caption\":\"Markt-XXL\"},\"image\":{\"@id\":\"https:\\\/\\\/marktxxl.de\\\/markt\\\/#\\\/schema\\\/logo\\\/image\\\/\"}}]}<\/script>\n<!-- \/ Yoast SEO plugin. -->","yoast_head_json":{"title":"Good Mood Musik Buntes Design-Geschenk Socken 1 Paar - Markt-XXL","description":"Markt-XXL Good Mood Musik Buntes Design-Geschenk Socken 1 Paar","robots":{"index":"index","follow":"follow","max-snippet":"max-snippet:-1","max-image-preview":"max-image-preview:large","max-video-preview":"max-video-preview:-1"},"canonical":"https:\/\/marktxxl.de\/markt\/produkt\/good-mood-musik-buntes-design-geschenk-socken-1-paar\/","og_locale":"de_DE","og_type":"article","og_title":"Good Mood Musik Buntes Design-Geschenk Socken 1 Paar - Markt-XXL","og_description":"Markt-XXL Good Mood Musik Buntes Design-Geschenk Socken 1 Paar","og_url":"https:\/\/marktxxl.de\/markt\/produkt\/good-mood-musik-buntes-design-geschenk-socken-1-paar\/","og_site_name":"Markt-XXL","article_modified_time":"2023-04-10T03:44:47+00:00","og_image":[{"width":500,"height":500,"url":"https:\/\/m.media-amazon.com\/images\/I\/31dzpHs1UrL._SL500_.jpg","type":"image\/jpeg"}],"twitter_card":"summary_large_image","twitter_misc":{"Gesch\u00e4tzte Lesezeit":"1\u00a0Minute"},"schema":{"@context":"https:\/\/schema.org","@graph":[{"@type":"WebPage","@id":"https:\/\/marktxxl.de\/markt\/produkt\/good-mood-musik-buntes-design-geschenk-socken-1-paar\/","url":"https:\/\/marktxxl.de\/markt\/produkt\/good-mood-musik-buntes-design-geschenk-socken-1-paar\/","name":"Good Mood Musik Buntes Design-Geschenk Socken 1 Paar - Markt-XXL","isPartOf":{"@id":"https:\/\/marktxxl.de\/markt\/#website"},"primaryImageOfPage":{"@id":"https:\/\/marktxxl.de\/markt\/produkt\/good-mood-musik-buntes-design-geschenk-socken-1-paar\/#primaryimage"},"image":{"@id":"https:\/\/marktxxl.de\/markt\/produkt\/good-mood-musik-buntes-design-geschenk-socken-1-paar\/#primaryimage"},"thumbnailUrl":"https:\/\/m.media-amazon.com\/images\/I\/31dzpHs1UrL._SL500_.jpg","datePublished":"2023-03-11T06:58:43+00:00","dateModified":"2023-04-10T03:44:47+00:00","description":"Markt-XXL Good Mood Musik Buntes Design-Geschenk Socken 1 Paar","breadcrumb":{"@id":"https:\/\/marktxxl.de\/markt\/produkt\/good-mood-musik-buntes-design-geschenk-socken-1-paar\/#breadcrumb"},"inLanguage":"de","potentialAction":[{"@type":"ReadAction","target":["https:\/\/marktxxl.de\/markt\/produkt\/good-mood-musik-buntes-design-geschenk-socken-1-paar\/"]}]},{"@type":"ImageObject","inLanguage":"de","@id":"https:\/\/marktxxl.de\/markt\/produkt\/good-mood-musik-buntes-design-geschenk-socken-1-paar\/#primaryimage","url":"https:\/\/m.media-amazon.com\/images\/I\/31dzpHs1UrL._SL500_.jpg","contentUrl":"https:\/\/m.media-amazon.com\/images\/I\/31dzpHs1UrL._SL500_.jpg","width":500,"height":500},{"@type":"BreadcrumbList","@id":"https:\/\/marktxxl.de\/markt\/produkt\/good-mood-musik-buntes-design-geschenk-socken-1-paar\/#breadcrumb","itemListElement":[{"@type":"ListItem","position":1,"name":"Startseite","item":"https:\/\/marktxxl.de\/markt\/"},{"@type":"ListItem","position":2,"name":"Markt","item":"https:\/\/marktxxl.de\/markt\/"},{"@type":"ListItem","position":3,"name":"Good Mood Musik Buntes Design-Geschenk Socken 1 Paar"}]},{"@type":"WebSite","@id":"https:\/\/marktxxl.de\/markt\/#website","url":"https:\/\/marktxxl.de\/markt\/","name":"Markt-XXL","description":"Ihr Markt Online","publisher":{"@id":"https:\/\/marktxxl.de\/markt\/#organization"},"potentialAction":[{"@type":"SearchAction","target":{"@type":"EntryPoint","urlTemplate":"https:\/\/marktxxl.de\/markt\/?s={search_term_string}"},"query-input":{"@type":"PropertyValueSpecification","valueRequired":true,"valueName":"search_term_string"}}],"inLanguage":"de"},{"@type":"Organization","@id":"https:\/\/marktxxl.de\/markt\/#organization","name":"Markt-XXL","url":"https:\/\/marktxxl.de\/markt\/","logo":{"@type":"ImageObject","inLanguage":"de","@id":"https:\/\/marktxxl.de\/markt\/#\/schema\/logo\/image\/","url":"https:\/\/marktxxl.de\/markt\/wp-content\/uploads\/sites\/3\/2020\/12\/logo.png","contentUrl":"https:\/\/marktxxl.de\/markt\/wp-content\/uploads\/sites\/3\/2020\/12\/logo.png","width":200,"height":70,"caption":"Markt-XXL"},"image":{"@id":"https:\/\/marktxxl.de\/markt\/#\/schema\/logo\/image\/"}}]}},"_links":{"self":[{"href":"https:\/\/marktxxl.de\/markt\/wp-json\/wp\/v2\/product\/194677","targetHints":{"allow":["GET"]}}],"collection":[{"href":"https:\/\/marktxxl.de\/markt\/wp-json\/wp\/v2\/product"}],"about":[{"href":"https:\/\/marktxxl.de\/markt\/wp-json\/wp\/v2\/types\/product"}],"replies":[{"embeddable":true,"href":"https:\/\/marktxxl.de\/markt\/wp-json\/wp\/v2\/comments?post=194677"}],"wp:featuredmedia":[{"embeddable":true,"href":"https:\/\/marktxxl.de\/markt\/wp-json\/wp\/v2\/media\/194678"}],"wp:attachment":[{"href":"https:\/\/marktxxl.de\/markt\/wp-json\/wp\/v2\/media?parent=194677"}],"wp:term":[{"taxonomy":"product_brand","embeddable":true,"href":"https:\/\/marktxxl.de\/markt\/wp-json\/wp\/v2\/product_brand?post=194677"},{"taxonomy":"product_cat","embeddable":true,"href":"https:\/\/marktxxl.de\/markt\/wp-json\/wp\/v2\/product_cat?post=194677"},{"taxonomy":"product_tag","embeddable":true,"href":"https:\/\/marktxxl.de\/markt\/wp-json\/wp\/v2\/product_tag?post=194677"}],"curies":[{"name":"wp","href":"https:\/\/api.w.org\/{rel}","templated":true}]}}