{"id":194649,"date":"2023-03-11T07:58:12","date_gmt":"2023-03-11T06:58:12","guid":{"rendered":"https:\/\/marktxxl.de\/markt\/produkt\/bold-big-sister-farbenfrohes-geschwister-t-shirt-fuer-babys-und-kleinkinder-maedchen-geschwister-outfits\/"},"modified":"2023-04-10T05:44:47","modified_gmt":"2023-04-10T03:44:47","slug":"bold-big-sister-farbenfrohes-geschwister-t-shirt-fuer-babys-und-kleinkinder-maedchen-geschwister-outfits","status":"publish","type":"product","link":"https:\/\/marktxxl.de\/markt\/produkt\/bold-big-sister-farbenfrohes-geschwister-t-shirt-fuer-babys-und-kleinkinder-maedchen-geschwister-outfits\/","title":{"rendered":"Bold Big Sister Farbenfrohes Geschwister-T-Shirt f\u00fcr Babys und Kleinkinder, M\u00e4dchen Geschwister-Outfits"},"content":{"rendered":"<p>Big Sister Sibling Shirt &#8211; dieses entz\u00fcckende Bold Big Sister bunte Geschwister-T-Shirt ist absolut perfekt f\u00fcr Ihr Kleinkind-M\u00e4dchen-Outfit<br \/>\nHOCHWERTIGE UND PROFESSIONELLER DRUCK &#8211; Es sieht nicht nur hochwertig aus, sondern ist auch hochwertig !<br \/>\nMachen Sie Ihre Geschwister-Outfit perfekt mit diesem bunten Schwestern-T-Shirt f\u00fcr Babys und Kleinkinder M\u00e4dchen<br \/>\nEntworfen in den USA &#8211; Olive Loves Apple, mit Sitz in Phoenix, AZ wei\u00df, wie Sie Ihren besonderen Anlass feiern. Wir haben ein tolles Qualit\u00e4tsprodukt und eine perfekte Passform. Sie werden begeistert sein, dass Sie den besonderen Moment Ihrer Kleinen in einem unserer Outfits festgehalten haben.<br \/>\nMachen Sie Ihre Schwangerschaft Offenbarung Ank\u00fcndigung Spa\u00df mit diesem bunten Schwestern-T-Shirt f\u00fcr Babys und Kleinkinder M\u00e4dchen<br \/>\n<div class=\"main-cross-sell\" data-asin=\"B07XBJ9993\">\n\n\t<div class=\"WooZone-cross-sell-loader\">\n\t\t<div>\n\t\t\t<div id=\"floatingBarsG\">\n\t\t\t\t<div class=\"blockG\" id=\"rotateG_01\"><\/div>\n\t\t\t\t<div class=\"blockG\" id=\"rotateG_02\"><\/div>\n\t\t\t\t<div class=\"blockG\" id=\"rotateG_03\"><\/div>\n\t\t\t\t<div class=\"blockG\" id=\"rotateG_04\"><\/div>\n\t\t\t\t<div class=\"blockG\" id=\"rotateG_05\"><\/div>\n\t\t\t\t<div class=\"blockG\" id=\"rotateG_06\"><\/div>\n\t\t\t\t<div class=\"blockG\" id=\"rotateG_07\"><\/div>\n\t\t\t\t<div class=\"blockG\" id=\"rotateG_08\"><\/div>\n\t\t\t<\/div>\n\t\t\t<div class=\"WooZone-cross-sell-loader-text\"><\/div>\n\t\t<\/div>\n\t<\/div>\n\n\t\t\n<\/div>\n<div style=\"clear:both;\"><\/div><\/p>\n","protected":false},"excerpt":{"rendered":"<p>Big Sister Sibling Shirt &#8211; dieses entz\u00fcckende Bold Big Sister bunte Geschwister-T-Shirt ist absolut perfekt f\u00fcr Ihr Kleinkind-M\u00e4dchen-Outfit<br \/>\nHOCHWERTIGE UND PROFESSIONELLER DRUCK &#8211; Es sieht nicht nur hochwertig aus, sondern ist auch hochwertig !<br \/>\nMachen Sie Ihre Geschwister-Outfit perfekt mit diesem bunten Schwestern-T-Shirt f\u00fcr Babys und Kleinkinder M\u00e4dchen<\/p>\n","protected":false},"featured_media":194650,"comment_status":"open","ping_status":"closed","template":"","meta":[],"product_brand":[],"product_cat":[4054,1186],"product_tag":[],"class_list":{"0":"post-194649","1":"product","2":"type-product","3":"status-publish","4":"has-post-thumbnail","6":"product_cat-baby-bekleidung","7":"product_cat-bekleidung","8":"pa_binding-textilien","9":"pa_brand-olive-loves-apple","10":"pa_model-bigsister-period-us-par","12":"first","13":"instock","14":"shipping-taxable","15":"purchasable","16":"product-type-simple","17":"customify-col","18":"product-has-gallery"},"yoast_head":"<!-- This site is optimized with the Yoast SEO plugin v27.4 - https:\/\/yoast.com\/product\/yoast-seo-wordpress\/ -->\n<title>Bold Big Sister Farbenfrohes Geschwister-T-Shirt f\u00fcr Babys und Kleinkinder, M\u00e4dchen Geschwister-Outfits - Markt-XXL<\/title>\n<meta name=\"description\" content=\"Markt-XXL Bold Big Sister Farbenfrohes Geschwister-T-Shirt f\u00fcr Babys und Kleinkinder, M\u00e4dchen Geschwister-Outfits\" \/>\n<meta name=\"robots\" content=\"index, follow, max-snippet:-1, max-image-preview:large, max-video-preview:-1\" \/>\n<link rel=\"canonical\" href=\"https:\/\/marktxxl.de\/markt\/produkt\/bold-big-sister-farbenfrohes-geschwister-t-shirt-fuer-babys-und-kleinkinder-maedchen-geschwister-outfits\/\" \/>\n<meta property=\"og:locale\" content=\"de_DE\" \/>\n<meta property=\"og:type\" content=\"article\" \/>\n<meta property=\"og:title\" content=\"Bold Big Sister Farbenfrohes Geschwister-T-Shirt f\u00fcr Babys und Kleinkinder, M\u00e4dchen Geschwister-Outfits - Markt-XXL\" \/>\n<meta property=\"og:description\" content=\"Markt-XXL Bold Big Sister Farbenfrohes Geschwister-T-Shirt f\u00fcr Babys und Kleinkinder, M\u00e4dchen Geschwister-Outfits\" \/>\n<meta property=\"og:url\" content=\"https:\/\/marktxxl.de\/markt\/produkt\/bold-big-sister-farbenfrohes-geschwister-t-shirt-fuer-babys-und-kleinkinder-maedchen-geschwister-outfits\/\" \/>\n<meta property=\"og:site_name\" content=\"Markt-XXL\" \/>\n<meta property=\"article:modified_time\" content=\"2023-04-10T03:44:47+00:00\" \/>\n<meta property=\"og:image\" content=\"https:\/\/m.media-amazon.com\/images\/I\/41dz1GOCVML._SL500_.jpg\" \/>\n\t<meta property=\"og:image:width\" content=\"500\" \/>\n\t<meta property=\"og:image:height\" content=\"500\" \/>\n\t<meta property=\"og:image:type\" content=\"image\/jpeg\" \/>\n<meta name=\"twitter:card\" content=\"summary_large_image\" \/>\n<meta name=\"twitter:label1\" content=\"Gesch\u00e4tzte Lesezeit\" \/>\n\t<meta name=\"twitter:data1\" content=\"1\u00a0Minute\" \/>\n<script type=\"application\/ld+json\" class=\"yoast-schema-graph\">{\"@context\":\"https:\\\/\\\/schema.org\",\"@graph\":[{\"@type\":\"WebPage\",\"@id\":\"https:\\\/\\\/marktxxl.de\\\/markt\\\/produkt\\\/bold-big-sister-farbenfrohes-geschwister-t-shirt-fuer-babys-und-kleinkinder-maedchen-geschwister-outfits\\\/\",\"url\":\"https:\\\/\\\/marktxxl.de\\\/markt\\\/produkt\\\/bold-big-sister-farbenfrohes-geschwister-t-shirt-fuer-babys-und-kleinkinder-maedchen-geschwister-outfits\\\/\",\"name\":\"Bold Big Sister Farbenfrohes Geschwister-T-Shirt f\u00fcr Babys und Kleinkinder, M\u00e4dchen Geschwister-Outfits - Markt-XXL\",\"isPartOf\":{\"@id\":\"https:\\\/\\\/marktxxl.de\\\/markt\\\/#website\"},\"primaryImageOfPage\":{\"@id\":\"https:\\\/\\\/marktxxl.de\\\/markt\\\/produkt\\\/bold-big-sister-farbenfrohes-geschwister-t-shirt-fuer-babys-und-kleinkinder-maedchen-geschwister-outfits\\\/#primaryimage\"},\"image\":{\"@id\":\"https:\\\/\\\/marktxxl.de\\\/markt\\\/produkt\\\/bold-big-sister-farbenfrohes-geschwister-t-shirt-fuer-babys-und-kleinkinder-maedchen-geschwister-outfits\\\/#primaryimage\"},\"thumbnailUrl\":\"https:\\\/\\\/m.media-amazon.com\\\/images\\\/I\\\/41dz1GOCVML._SL500_.jpg\",\"datePublished\":\"2023-03-11T06:58:12+00:00\",\"dateModified\":\"2023-04-10T03:44:47+00:00\",\"description\":\"Markt-XXL Bold Big Sister Farbenfrohes Geschwister-T-Shirt f\u00fcr Babys und Kleinkinder, M\u00e4dchen Geschwister-Outfits\",\"breadcrumb\":{\"@id\":\"https:\\\/\\\/marktxxl.de\\\/markt\\\/produkt\\\/bold-big-sister-farbenfrohes-geschwister-t-shirt-fuer-babys-und-kleinkinder-maedchen-geschwister-outfits\\\/#breadcrumb\"},\"inLanguage\":\"de\",\"potentialAction\":[{\"@type\":\"ReadAction\",\"target\":[\"https:\\\/\\\/marktxxl.de\\\/markt\\\/produkt\\\/bold-big-sister-farbenfrohes-geschwister-t-shirt-fuer-babys-und-kleinkinder-maedchen-geschwister-outfits\\\/\"]}]},{\"@type\":\"ImageObject\",\"inLanguage\":\"de\",\"@id\":\"https:\\\/\\\/marktxxl.de\\\/markt\\\/produkt\\\/bold-big-sister-farbenfrohes-geschwister-t-shirt-fuer-babys-und-kleinkinder-maedchen-geschwister-outfits\\\/#primaryimage\",\"url\":\"https:\\\/\\\/m.media-amazon.com\\\/images\\\/I\\\/41dz1GOCVML._SL500_.jpg\",\"contentUrl\":\"https:\\\/\\\/m.media-amazon.com\\\/images\\\/I\\\/41dz1GOCVML._SL500_.jpg\",\"width\":500,\"height\":500},{\"@type\":\"BreadcrumbList\",\"@id\":\"https:\\\/\\\/marktxxl.de\\\/markt\\\/produkt\\\/bold-big-sister-farbenfrohes-geschwister-t-shirt-fuer-babys-und-kleinkinder-maedchen-geschwister-outfits\\\/#breadcrumb\",\"itemListElement\":[{\"@type\":\"ListItem\",\"position\":1,\"name\":\"Startseite\",\"item\":\"https:\\\/\\\/marktxxl.de\\\/markt\\\/\"},{\"@type\":\"ListItem\",\"position\":2,\"name\":\"Markt\",\"item\":\"https:\\\/\\\/marktxxl.de\\\/markt\\\/\"},{\"@type\":\"ListItem\",\"position\":3,\"name\":\"Bold Big Sister Farbenfrohes Geschwister-T-Shirt f\u00fcr Babys und Kleinkinder, M\u00e4dchen Geschwister-Outfits\"}]},{\"@type\":\"WebSite\",\"@id\":\"https:\\\/\\\/marktxxl.de\\\/markt\\\/#website\",\"url\":\"https:\\\/\\\/marktxxl.de\\\/markt\\\/\",\"name\":\"Markt-XXL\",\"description\":\"Ihr Markt Online\",\"publisher\":{\"@id\":\"https:\\\/\\\/marktxxl.de\\\/markt\\\/#organization\"},\"potentialAction\":[{\"@type\":\"SearchAction\",\"target\":{\"@type\":\"EntryPoint\",\"urlTemplate\":\"https:\\\/\\\/marktxxl.de\\\/markt\\\/?s={search_term_string}\"},\"query-input\":{\"@type\":\"PropertyValueSpecification\",\"valueRequired\":true,\"valueName\":\"search_term_string\"}}],\"inLanguage\":\"de\"},{\"@type\":\"Organization\",\"@id\":\"https:\\\/\\\/marktxxl.de\\\/markt\\\/#organization\",\"name\":\"Markt-XXL\",\"url\":\"https:\\\/\\\/marktxxl.de\\\/markt\\\/\",\"logo\":{\"@type\":\"ImageObject\",\"inLanguage\":\"de\",\"@id\":\"https:\\\/\\\/marktxxl.de\\\/markt\\\/#\\\/schema\\\/logo\\\/image\\\/\",\"url\":\"https:\\\/\\\/marktxxl.de\\\/markt\\\/wp-content\\\/uploads\\\/sites\\\/3\\\/2020\\\/12\\\/logo.png\",\"contentUrl\":\"https:\\\/\\\/marktxxl.de\\\/markt\\\/wp-content\\\/uploads\\\/sites\\\/3\\\/2020\\\/12\\\/logo.png\",\"width\":200,\"height\":70,\"caption\":\"Markt-XXL\"},\"image\":{\"@id\":\"https:\\\/\\\/marktxxl.de\\\/markt\\\/#\\\/schema\\\/logo\\\/image\\\/\"}}]}<\/script>\n<!-- \/ Yoast SEO plugin. -->","yoast_head_json":{"title":"Bold Big Sister Farbenfrohes Geschwister-T-Shirt f\u00fcr Babys und Kleinkinder, M\u00e4dchen Geschwister-Outfits - Markt-XXL","description":"Markt-XXL Bold Big Sister Farbenfrohes Geschwister-T-Shirt f\u00fcr Babys und Kleinkinder, M\u00e4dchen Geschwister-Outfits","robots":{"index":"index","follow":"follow","max-snippet":"max-snippet:-1","max-image-preview":"max-image-preview:large","max-video-preview":"max-video-preview:-1"},"canonical":"https:\/\/marktxxl.de\/markt\/produkt\/bold-big-sister-farbenfrohes-geschwister-t-shirt-fuer-babys-und-kleinkinder-maedchen-geschwister-outfits\/","og_locale":"de_DE","og_type":"article","og_title":"Bold Big Sister Farbenfrohes Geschwister-T-Shirt f\u00fcr Babys und Kleinkinder, M\u00e4dchen Geschwister-Outfits - Markt-XXL","og_description":"Markt-XXL Bold Big Sister Farbenfrohes Geschwister-T-Shirt f\u00fcr Babys und Kleinkinder, M\u00e4dchen Geschwister-Outfits","og_url":"https:\/\/marktxxl.de\/markt\/produkt\/bold-big-sister-farbenfrohes-geschwister-t-shirt-fuer-babys-und-kleinkinder-maedchen-geschwister-outfits\/","og_site_name":"Markt-XXL","article_modified_time":"2023-04-10T03:44:47+00:00","og_image":[{"width":500,"height":500,"url":"https:\/\/m.media-amazon.com\/images\/I\/41dz1GOCVML._SL500_.jpg","type":"image\/jpeg"}],"twitter_card":"summary_large_image","twitter_misc":{"Gesch\u00e4tzte Lesezeit":"1\u00a0Minute"},"schema":{"@context":"https:\/\/schema.org","@graph":[{"@type":"WebPage","@id":"https:\/\/marktxxl.de\/markt\/produkt\/bold-big-sister-farbenfrohes-geschwister-t-shirt-fuer-babys-und-kleinkinder-maedchen-geschwister-outfits\/","url":"https:\/\/marktxxl.de\/markt\/produkt\/bold-big-sister-farbenfrohes-geschwister-t-shirt-fuer-babys-und-kleinkinder-maedchen-geschwister-outfits\/","name":"Bold Big Sister Farbenfrohes Geschwister-T-Shirt f\u00fcr Babys und Kleinkinder, M\u00e4dchen Geschwister-Outfits - Markt-XXL","isPartOf":{"@id":"https:\/\/marktxxl.de\/markt\/#website"},"primaryImageOfPage":{"@id":"https:\/\/marktxxl.de\/markt\/produkt\/bold-big-sister-farbenfrohes-geschwister-t-shirt-fuer-babys-und-kleinkinder-maedchen-geschwister-outfits\/#primaryimage"},"image":{"@id":"https:\/\/marktxxl.de\/markt\/produkt\/bold-big-sister-farbenfrohes-geschwister-t-shirt-fuer-babys-und-kleinkinder-maedchen-geschwister-outfits\/#primaryimage"},"thumbnailUrl":"https:\/\/m.media-amazon.com\/images\/I\/41dz1GOCVML._SL500_.jpg","datePublished":"2023-03-11T06:58:12+00:00","dateModified":"2023-04-10T03:44:47+00:00","description":"Markt-XXL Bold Big Sister Farbenfrohes Geschwister-T-Shirt f\u00fcr Babys und Kleinkinder, M\u00e4dchen Geschwister-Outfits","breadcrumb":{"@id":"https:\/\/marktxxl.de\/markt\/produkt\/bold-big-sister-farbenfrohes-geschwister-t-shirt-fuer-babys-und-kleinkinder-maedchen-geschwister-outfits\/#breadcrumb"},"inLanguage":"de","potentialAction":[{"@type":"ReadAction","target":["https:\/\/marktxxl.de\/markt\/produkt\/bold-big-sister-farbenfrohes-geschwister-t-shirt-fuer-babys-und-kleinkinder-maedchen-geschwister-outfits\/"]}]},{"@type":"ImageObject","inLanguage":"de","@id":"https:\/\/marktxxl.de\/markt\/produkt\/bold-big-sister-farbenfrohes-geschwister-t-shirt-fuer-babys-und-kleinkinder-maedchen-geschwister-outfits\/#primaryimage","url":"https:\/\/m.media-amazon.com\/images\/I\/41dz1GOCVML._SL500_.jpg","contentUrl":"https:\/\/m.media-amazon.com\/images\/I\/41dz1GOCVML._SL500_.jpg","width":500,"height":500},{"@type":"BreadcrumbList","@id":"https:\/\/marktxxl.de\/markt\/produkt\/bold-big-sister-farbenfrohes-geschwister-t-shirt-fuer-babys-und-kleinkinder-maedchen-geschwister-outfits\/#breadcrumb","itemListElement":[{"@type":"ListItem","position":1,"name":"Startseite","item":"https:\/\/marktxxl.de\/markt\/"},{"@type":"ListItem","position":2,"name":"Markt","item":"https:\/\/marktxxl.de\/markt\/"},{"@type":"ListItem","position":3,"name":"Bold Big Sister Farbenfrohes Geschwister-T-Shirt f\u00fcr Babys und Kleinkinder, M\u00e4dchen Geschwister-Outfits"}]},{"@type":"WebSite","@id":"https:\/\/marktxxl.de\/markt\/#website","url":"https:\/\/marktxxl.de\/markt\/","name":"Markt-XXL","description":"Ihr Markt Online","publisher":{"@id":"https:\/\/marktxxl.de\/markt\/#organization"},"potentialAction":[{"@type":"SearchAction","target":{"@type":"EntryPoint","urlTemplate":"https:\/\/marktxxl.de\/markt\/?s={search_term_string}"},"query-input":{"@type":"PropertyValueSpecification","valueRequired":true,"valueName":"search_term_string"}}],"inLanguage":"de"},{"@type":"Organization","@id":"https:\/\/marktxxl.de\/markt\/#organization","name":"Markt-XXL","url":"https:\/\/marktxxl.de\/markt\/","logo":{"@type":"ImageObject","inLanguage":"de","@id":"https:\/\/marktxxl.de\/markt\/#\/schema\/logo\/image\/","url":"https:\/\/marktxxl.de\/markt\/wp-content\/uploads\/sites\/3\/2020\/12\/logo.png","contentUrl":"https:\/\/marktxxl.de\/markt\/wp-content\/uploads\/sites\/3\/2020\/12\/logo.png","width":200,"height":70,"caption":"Markt-XXL"},"image":{"@id":"https:\/\/marktxxl.de\/markt\/#\/schema\/logo\/image\/"}}]}},"_links":{"self":[{"href":"https:\/\/marktxxl.de\/markt\/wp-json\/wp\/v2\/product\/194649","targetHints":{"allow":["GET"]}}],"collection":[{"href":"https:\/\/marktxxl.de\/markt\/wp-json\/wp\/v2\/product"}],"about":[{"href":"https:\/\/marktxxl.de\/markt\/wp-json\/wp\/v2\/types\/product"}],"replies":[{"embeddable":true,"href":"https:\/\/marktxxl.de\/markt\/wp-json\/wp\/v2\/comments?post=194649"}],"wp:featuredmedia":[{"embeddable":true,"href":"https:\/\/marktxxl.de\/markt\/wp-json\/wp\/v2\/media\/194650"}],"wp:attachment":[{"href":"https:\/\/marktxxl.de\/markt\/wp-json\/wp\/v2\/media?parent=194649"}],"wp:term":[{"taxonomy":"product_brand","embeddable":true,"href":"https:\/\/marktxxl.de\/markt\/wp-json\/wp\/v2\/product_brand?post=194649"},{"taxonomy":"product_cat","embeddable":true,"href":"https:\/\/marktxxl.de\/markt\/wp-json\/wp\/v2\/product_cat?post=194649"},{"taxonomy":"product_tag","embeddable":true,"href":"https:\/\/marktxxl.de\/markt\/wp-json\/wp\/v2\/product_tag?post=194649"}],"curies":[{"name":"wp","href":"https:\/\/api.w.org\/{rel}","templated":true}]}}