{"id":194599,"date":"2023-03-11T07:55:08","date_gmt":"2023-03-11T06:55:08","guid":{"rendered":"https:\/\/marktxxl.de\/markt\/produkt\/innokin-prism-t18-ii-25ml-verdampfer\/"},"modified":"2023-04-10T05:44:46","modified_gmt":"2023-04-10T03:44:46","slug":"innokin-prism-t18-ii-25ml-verdampfer","status":"publish","type":"product","link":"https:\/\/marktxxl.de\/markt\/produkt\/innokin-prism-t18-ii-25ml-verdampfer\/","title":{"rendered":"Innokin Prism T18 II 2,5ml Verdampfer Farbe Rainbow"},"content":{"rendered":"<p>Der Prism T18 II ist mit einem 2,5 ml Tank ausgestattet und wird bequem \u00fcber das Topfill-System bef\u00fcllt. Im Verdampfer finden die 1,5 Ohm Coils des Vorg\u00e4ngers Platz, der Wechsel der Coils erfolgt schnell und unkompliziert. Ausgelegt f\u00fcr das MTL Vapen unterst\u00fctz die 4-stufige Airflow an der Base des Verdampfers den optimalen Zugwiderstand.<br \/>\nUm den Verdampfer vor Verschmutzungen zu sch\u00fctzen liegt eine magnetische Cap f\u00fcr das DripTip bei. Das Design des neuen Prism T18 ist etwas runder gestaltet als das des Vorg\u00e4ngers.<br \/>\nDer Prism T18 II ist mit einem Durchmesser von 18 mm auch mit den kleinen Mods und Sticks kompatibel und versorgt den Vaper trotz der niedrigen Leistung mit sattem Dampf und hervorragendem Geschmack.<br \/>\nTechnische Daten Durchmesser: 18 mm Anschluss: 510er Pin F\u00fcllvolumen: 2,5 ml Coils: Innokin Prism T18 Coil Serie Bef\u00fcllung: Topfill-System Bel\u00fcftung: regulierbare 4-stufige Bottom Airflow<br \/>\nLieferumfang 1 x Innokin Prism T18 II Verdampfer 1 x Innokin Prism T18 1,5 Ohm Coil (vorinstalliert) 1 x Innokin Prism T18 1,5 Ohm Coil Ersatzteile<br \/>\n<div class=\"main-cross-sell\" data-asin=\"B07MNSR1P1\">\n\n\t<div class=\"WooZone-cross-sell-loader\">\n\t\t<div>\n\t\t\t<div id=\"floatingBarsG\">\n\t\t\t\t<div class=\"blockG\" id=\"rotateG_01\"><\/div>\n\t\t\t\t<div class=\"blockG\" id=\"rotateG_02\"><\/div>\n\t\t\t\t<div class=\"blockG\" id=\"rotateG_03\"><\/div>\n\t\t\t\t<div class=\"blockG\" id=\"rotateG_04\"><\/div>\n\t\t\t\t<div class=\"blockG\" id=\"rotateG_05\"><\/div>\n\t\t\t\t<div class=\"blockG\" id=\"rotateG_06\"><\/div>\n\t\t\t\t<div class=\"blockG\" id=\"rotateG_07\"><\/div>\n\t\t\t\t<div class=\"blockG\" id=\"rotateG_08\"><\/div>\n\t\t\t<\/div>\n\t\t\t<div class=\"WooZone-cross-sell-loader-text\"><\/div>\n\t\t<\/div>\n\t<\/div>\n\n\t\t\n<\/div>\n<div style=\"clear:both;\"><\/div><\/p>\n","protected":false},"excerpt":{"rendered":"<p>Der Prism T18 II ist mit einem 2,5 ml Tank ausgestattet und wird bequem \u00fcber das Topfill-System bef\u00fcllt. Im Verdampfer finden die 1,5 Ohm Coils des Vorg\u00e4ngers Platz, der Wechsel der Coils erfolgt schnell und unkompliziert. Ausgelegt f\u00fcr das MTL Vapen unterst\u00fctz die 4-stufige Airflow an der Base des Verdampfers den optimalen Zugwiderstand.<br \/>\nUm den Verdampfer vor Verschmutzungen zu sch\u00fctzen liegt eine magnetische Cap f\u00fcr das DripTip bei. Das Design des neuen Prism T18 ist etwas runder gestaltet als das des Vorg\u00e4ngers.<br \/>\nDer Prism T18 II ist mit einem Durchmesser von 18 mm auch mit den kleinen Mods und Sticks kompatibel und versorgt den Vaper trotz der niedrigen Leistung mit sattem Dampf und hervorragendem Geschmack.<\/p>\n","protected":false},"featured_media":194600,"comment_status":"open","ping_status":"closed","template":"","meta":[],"product_brand":[],"product_cat":[566,5626],"product_tag":[],"class_list":{"0":"post-194599","1":"product","2":"type-product","3":"status-publish","4":"has-post-thumbnail","6":"product_cat-drogerie-koerperpflege","7":"product_cat-elektronische-zigaretten-shishas-zubehoer","8":"pa_brand-inno-kin","9":"pa_manufacturer-inno-kin","11":"first","12":"instock","13":"shipping-taxable","14":"purchasable","15":"product-type-simple","16":"customify-col","17":"product-has-gallery"},"yoast_head":"<!-- This site is optimized with the Yoast SEO plugin v27.3 - https:\/\/yoast.com\/product\/yoast-seo-wordpress\/ -->\n<title>Innokin Prism T18 II 2,5ml Verdampfer Farbe Rainbow - Markt-XXL<\/title>\n<meta name=\"description\" content=\"Markt-XXL Innokin Prism T18 II 2,5ml Verdampfer Farbe Rainbow\" \/>\n<meta name=\"robots\" content=\"index, follow, max-snippet:-1, max-image-preview:large, max-video-preview:-1\" \/>\n<link rel=\"canonical\" href=\"https:\/\/marktxxl.de\/markt\/produkt\/innokin-prism-t18-ii-25ml-verdampfer\/\" \/>\n<meta property=\"og:locale\" content=\"de_DE\" \/>\n<meta property=\"og:type\" content=\"article\" \/>\n<meta property=\"og:title\" content=\"Innokin Prism T18 II 2,5ml Verdampfer Farbe Rainbow - Markt-XXL\" \/>\n<meta property=\"og:description\" content=\"Markt-XXL Innokin Prism T18 II 2,5ml Verdampfer Farbe Rainbow\" \/>\n<meta property=\"og:url\" content=\"https:\/\/marktxxl.de\/markt\/produkt\/innokin-prism-t18-ii-25ml-verdampfer\/\" \/>\n<meta property=\"og:site_name\" content=\"Markt-XXL\" \/>\n<meta property=\"article:modified_time\" content=\"2023-04-10T03:44:46+00:00\" \/>\n<meta property=\"og:image\" content=\"https:\/\/m.media-amazon.com\/images\/I\/41hbuP+ZGqL._SL500_.jpg\" \/>\n\t<meta property=\"og:image:width\" content=\"500\" \/>\n\t<meta property=\"og:image:height\" content=\"500\" \/>\n\t<meta property=\"og:image:type\" content=\"image\/jpeg\" \/>\n<meta name=\"twitter:card\" content=\"summary_large_image\" \/>\n<meta name=\"twitter:label1\" content=\"Gesch\u00e4tzte Lesezeit\" \/>\n\t<meta name=\"twitter:data1\" content=\"1\u00a0Minute\" \/>\n<script type=\"application\/ld+json\" class=\"yoast-schema-graph\">{\"@context\":\"https:\\\/\\\/schema.org\",\"@graph\":[{\"@type\":\"WebPage\",\"@id\":\"https:\\\/\\\/marktxxl.de\\\/markt\\\/produkt\\\/innokin-prism-t18-ii-25ml-verdampfer\\\/\",\"url\":\"https:\\\/\\\/marktxxl.de\\\/markt\\\/produkt\\\/innokin-prism-t18-ii-25ml-verdampfer\\\/\",\"name\":\"Innokin Prism T18 II 2,5ml Verdampfer Farbe Rainbow - Markt-XXL\",\"isPartOf\":{\"@id\":\"https:\\\/\\\/marktxxl.de\\\/markt\\\/#website\"},\"primaryImageOfPage\":{\"@id\":\"https:\\\/\\\/marktxxl.de\\\/markt\\\/produkt\\\/innokin-prism-t18-ii-25ml-verdampfer\\\/#primaryimage\"},\"image\":{\"@id\":\"https:\\\/\\\/marktxxl.de\\\/markt\\\/produkt\\\/innokin-prism-t18-ii-25ml-verdampfer\\\/#primaryimage\"},\"thumbnailUrl\":\"https:\\\/\\\/m.media-amazon.com\\\/images\\\/I\\\/41hbuP+ZGqL._SL500_.jpg\",\"datePublished\":\"2023-03-11T06:55:08+00:00\",\"dateModified\":\"2023-04-10T03:44:46+00:00\",\"description\":\"Markt-XXL Innokin Prism T18 II 2,5ml Verdampfer Farbe Rainbow\",\"breadcrumb\":{\"@id\":\"https:\\\/\\\/marktxxl.de\\\/markt\\\/produkt\\\/innokin-prism-t18-ii-25ml-verdampfer\\\/#breadcrumb\"},\"inLanguage\":\"de\",\"potentialAction\":[{\"@type\":\"ReadAction\",\"target\":[\"https:\\\/\\\/marktxxl.de\\\/markt\\\/produkt\\\/innokin-prism-t18-ii-25ml-verdampfer\\\/\"]}]},{\"@type\":\"ImageObject\",\"inLanguage\":\"de\",\"@id\":\"https:\\\/\\\/marktxxl.de\\\/markt\\\/produkt\\\/innokin-prism-t18-ii-25ml-verdampfer\\\/#primaryimage\",\"url\":\"https:\\\/\\\/m.media-amazon.com\\\/images\\\/I\\\/41hbuP+ZGqL._SL500_.jpg\",\"contentUrl\":\"https:\\\/\\\/m.media-amazon.com\\\/images\\\/I\\\/41hbuP+ZGqL._SL500_.jpg\",\"width\":500,\"height\":500},{\"@type\":\"BreadcrumbList\",\"@id\":\"https:\\\/\\\/marktxxl.de\\\/markt\\\/produkt\\\/innokin-prism-t18-ii-25ml-verdampfer\\\/#breadcrumb\",\"itemListElement\":[{\"@type\":\"ListItem\",\"position\":1,\"name\":\"Startseite\",\"item\":\"https:\\\/\\\/marktxxl.de\\\/markt\\\/\"},{\"@type\":\"ListItem\",\"position\":2,\"name\":\"Markt\",\"item\":\"https:\\\/\\\/marktxxl.de\\\/markt\\\/\"},{\"@type\":\"ListItem\",\"position\":3,\"name\":\"Innokin Prism T18 II 2,5ml Verdampfer Farbe Rainbow\"}]},{\"@type\":\"WebSite\",\"@id\":\"https:\\\/\\\/marktxxl.de\\\/markt\\\/#website\",\"url\":\"https:\\\/\\\/marktxxl.de\\\/markt\\\/\",\"name\":\"Markt-XXL\",\"description\":\"Ihr Markt Online\",\"publisher\":{\"@id\":\"https:\\\/\\\/marktxxl.de\\\/markt\\\/#organization\"},\"potentialAction\":[{\"@type\":\"SearchAction\",\"target\":{\"@type\":\"EntryPoint\",\"urlTemplate\":\"https:\\\/\\\/marktxxl.de\\\/markt\\\/?s={search_term_string}\"},\"query-input\":{\"@type\":\"PropertyValueSpecification\",\"valueRequired\":true,\"valueName\":\"search_term_string\"}}],\"inLanguage\":\"de\"},{\"@type\":\"Organization\",\"@id\":\"https:\\\/\\\/marktxxl.de\\\/markt\\\/#organization\",\"name\":\"Markt-XXL\",\"url\":\"https:\\\/\\\/marktxxl.de\\\/markt\\\/\",\"logo\":{\"@type\":\"ImageObject\",\"inLanguage\":\"de\",\"@id\":\"https:\\\/\\\/marktxxl.de\\\/markt\\\/#\\\/schema\\\/logo\\\/image\\\/\",\"url\":\"https:\\\/\\\/marktxxl.de\\\/markt\\\/wp-content\\\/uploads\\\/sites\\\/3\\\/2020\\\/12\\\/logo.png\",\"contentUrl\":\"https:\\\/\\\/marktxxl.de\\\/markt\\\/wp-content\\\/uploads\\\/sites\\\/3\\\/2020\\\/12\\\/logo.png\",\"width\":200,\"height\":70,\"caption\":\"Markt-XXL\"},\"image\":{\"@id\":\"https:\\\/\\\/marktxxl.de\\\/markt\\\/#\\\/schema\\\/logo\\\/image\\\/\"}}]}<\/script>\n<!-- \/ Yoast SEO plugin. -->","yoast_head_json":{"title":"Innokin Prism T18 II 2,5ml Verdampfer Farbe Rainbow - Markt-XXL","description":"Markt-XXL Innokin Prism T18 II 2,5ml Verdampfer Farbe Rainbow","robots":{"index":"index","follow":"follow","max-snippet":"max-snippet:-1","max-image-preview":"max-image-preview:large","max-video-preview":"max-video-preview:-1"},"canonical":"https:\/\/marktxxl.de\/markt\/produkt\/innokin-prism-t18-ii-25ml-verdampfer\/","og_locale":"de_DE","og_type":"article","og_title":"Innokin Prism T18 II 2,5ml Verdampfer Farbe Rainbow - Markt-XXL","og_description":"Markt-XXL Innokin Prism T18 II 2,5ml Verdampfer Farbe Rainbow","og_url":"https:\/\/marktxxl.de\/markt\/produkt\/innokin-prism-t18-ii-25ml-verdampfer\/","og_site_name":"Markt-XXL","article_modified_time":"2023-04-10T03:44:46+00:00","og_image":[{"width":500,"height":500,"url":"https:\/\/m.media-amazon.com\/images\/I\/41hbuP+ZGqL._SL500_.jpg","type":"image\/jpeg"}],"twitter_card":"summary_large_image","twitter_misc":{"Gesch\u00e4tzte Lesezeit":"1\u00a0Minute"},"schema":{"@context":"https:\/\/schema.org","@graph":[{"@type":"WebPage","@id":"https:\/\/marktxxl.de\/markt\/produkt\/innokin-prism-t18-ii-25ml-verdampfer\/","url":"https:\/\/marktxxl.de\/markt\/produkt\/innokin-prism-t18-ii-25ml-verdampfer\/","name":"Innokin Prism T18 II 2,5ml Verdampfer Farbe Rainbow - Markt-XXL","isPartOf":{"@id":"https:\/\/marktxxl.de\/markt\/#website"},"primaryImageOfPage":{"@id":"https:\/\/marktxxl.de\/markt\/produkt\/innokin-prism-t18-ii-25ml-verdampfer\/#primaryimage"},"image":{"@id":"https:\/\/marktxxl.de\/markt\/produkt\/innokin-prism-t18-ii-25ml-verdampfer\/#primaryimage"},"thumbnailUrl":"https:\/\/m.media-amazon.com\/images\/I\/41hbuP+ZGqL._SL500_.jpg","datePublished":"2023-03-11T06:55:08+00:00","dateModified":"2023-04-10T03:44:46+00:00","description":"Markt-XXL Innokin Prism T18 II 2,5ml Verdampfer Farbe Rainbow","breadcrumb":{"@id":"https:\/\/marktxxl.de\/markt\/produkt\/innokin-prism-t18-ii-25ml-verdampfer\/#breadcrumb"},"inLanguage":"de","potentialAction":[{"@type":"ReadAction","target":["https:\/\/marktxxl.de\/markt\/produkt\/innokin-prism-t18-ii-25ml-verdampfer\/"]}]},{"@type":"ImageObject","inLanguage":"de","@id":"https:\/\/marktxxl.de\/markt\/produkt\/innokin-prism-t18-ii-25ml-verdampfer\/#primaryimage","url":"https:\/\/m.media-amazon.com\/images\/I\/41hbuP+ZGqL._SL500_.jpg","contentUrl":"https:\/\/m.media-amazon.com\/images\/I\/41hbuP+ZGqL._SL500_.jpg","width":500,"height":500},{"@type":"BreadcrumbList","@id":"https:\/\/marktxxl.de\/markt\/produkt\/innokin-prism-t18-ii-25ml-verdampfer\/#breadcrumb","itemListElement":[{"@type":"ListItem","position":1,"name":"Startseite","item":"https:\/\/marktxxl.de\/markt\/"},{"@type":"ListItem","position":2,"name":"Markt","item":"https:\/\/marktxxl.de\/markt\/"},{"@type":"ListItem","position":3,"name":"Innokin Prism T18 II 2,5ml Verdampfer Farbe Rainbow"}]},{"@type":"WebSite","@id":"https:\/\/marktxxl.de\/markt\/#website","url":"https:\/\/marktxxl.de\/markt\/","name":"Markt-XXL","description":"Ihr Markt Online","publisher":{"@id":"https:\/\/marktxxl.de\/markt\/#organization"},"potentialAction":[{"@type":"SearchAction","target":{"@type":"EntryPoint","urlTemplate":"https:\/\/marktxxl.de\/markt\/?s={search_term_string}"},"query-input":{"@type":"PropertyValueSpecification","valueRequired":true,"valueName":"search_term_string"}}],"inLanguage":"de"},{"@type":"Organization","@id":"https:\/\/marktxxl.de\/markt\/#organization","name":"Markt-XXL","url":"https:\/\/marktxxl.de\/markt\/","logo":{"@type":"ImageObject","inLanguage":"de","@id":"https:\/\/marktxxl.de\/markt\/#\/schema\/logo\/image\/","url":"https:\/\/marktxxl.de\/markt\/wp-content\/uploads\/sites\/3\/2020\/12\/logo.png","contentUrl":"https:\/\/marktxxl.de\/markt\/wp-content\/uploads\/sites\/3\/2020\/12\/logo.png","width":200,"height":70,"caption":"Markt-XXL"},"image":{"@id":"https:\/\/marktxxl.de\/markt\/#\/schema\/logo\/image\/"}}]}},"_links":{"self":[{"href":"https:\/\/marktxxl.de\/markt\/wp-json\/wp\/v2\/product\/194599","targetHints":{"allow":["GET"]}}],"collection":[{"href":"https:\/\/marktxxl.de\/markt\/wp-json\/wp\/v2\/product"}],"about":[{"href":"https:\/\/marktxxl.de\/markt\/wp-json\/wp\/v2\/types\/product"}],"replies":[{"embeddable":true,"href":"https:\/\/marktxxl.de\/markt\/wp-json\/wp\/v2\/comments?post=194599"}],"wp:featuredmedia":[{"embeddable":true,"href":"https:\/\/marktxxl.de\/markt\/wp-json\/wp\/v2\/media\/194600"}],"wp:attachment":[{"href":"https:\/\/marktxxl.de\/markt\/wp-json\/wp\/v2\/media?parent=194599"}],"wp:term":[{"taxonomy":"product_brand","embeddable":true,"href":"https:\/\/marktxxl.de\/markt\/wp-json\/wp\/v2\/product_brand?post=194599"},{"taxonomy":"product_cat","embeddable":true,"href":"https:\/\/marktxxl.de\/markt\/wp-json\/wp\/v2\/product_cat?post=194599"},{"taxonomy":"product_tag","embeddable":true,"href":"https:\/\/marktxxl.de\/markt\/wp-json\/wp\/v2\/product_tag?post=194599"}],"curies":[{"name":"wp","href":"https:\/\/api.w.org\/{rel}","templated":true}]}}