{"id":194584,"date":"2023-03-11T07:37:51","date_gmt":"2023-03-11T06:37:51","guid":{"rendered":"https:\/\/marktxxl.de\/markt\/produkt\/uwell-nunchaku-2-coil-serie-4er-pack-verdampferkoepfe-widerstand-02ohm\/"},"modified":"2023-04-10T05:44:44","modified_gmt":"2023-04-10T03:44:44","slug":"uwell-nunchaku-2-coil-serie-4er-pack-verdampferkoepfe-widerstand-02ohm","status":"publish","type":"product","link":"https:\/\/marktxxl.de\/markt\/produkt\/uwell-nunchaku-2-coil-serie-4er-pack-verdampferkoepfe-widerstand-02ohm\/","title":{"rendered":"Uwell Nunchaku 2 Coil Serie 4er Pack Verdampferk\u00f6pfe Widerstand 0,2Ohm"},"content":{"rendered":"<p>Hier erhalten Sie die passenden Coils f\u00fcr den Nunchaku 2 Verdampfer aus dem Hause Uwell.<br \/>\nDie neuen Uwell Nunchaku Coils sind in 2 Ausf\u00fchrungen erh\u00e4ltlich und k\u00f6nnen sowohl im Nunchaku 2 Verdampfer, als auch im ersten Nunchaku Verdampfer verwendet werden. Gefertigt sind die Coil. Die Coils sind im Mesh Stil hergestellt und weisen beste Eigenschaften auf, so dass das verwendete Liquid optimal und gleichm\u00e4\u00dfig vernebelt wird. Die Self-Cleaning Technologie sorgt daf\u00fcr, dass der Coil immer wieder gereinigt wird und somit eine l\u00e4ngere Haltbarkeit aufweisen.<br \/>\nDie Coils werden im 4er Pack geliefert.<br \/>\nTechnische Daten Uwell Nunchaku UN2 0,14 Ohm Coil Material: Mesh Widerstand: 0,14 Ohm Leistungsbereich: 50 Watt-60 Watt Uwell Nunchaku UN2 0,2 Ohm Coil Material: Mesh Widerstand: 0,2 Ohm Leistungsbereich: 50 Watt-60 Watt<br \/>\nLieferumfang 1 x 4er Pack Nunchaku 2 Coil Serie 4er Pack<br \/>\n<div class=\"main-cross-sell\" data-asin=\"B07ZKH7C2R\">\n\n\t<div class=\"WooZone-cross-sell-loader\">\n\t\t<div>\n\t\t\t<div id=\"floatingBarsG\">\n\t\t\t\t<div class=\"blockG\" id=\"rotateG_01\"><\/div>\n\t\t\t\t<div class=\"blockG\" id=\"rotateG_02\"><\/div>\n\t\t\t\t<div class=\"blockG\" id=\"rotateG_03\"><\/div>\n\t\t\t\t<div class=\"blockG\" id=\"rotateG_04\"><\/div>\n\t\t\t\t<div class=\"blockG\" id=\"rotateG_05\"><\/div>\n\t\t\t\t<div class=\"blockG\" id=\"rotateG_06\"><\/div>\n\t\t\t\t<div class=\"blockG\" id=\"rotateG_07\"><\/div>\n\t\t\t\t<div class=\"blockG\" id=\"rotateG_08\"><\/div>\n\t\t\t<\/div>\n\t\t\t<div class=\"WooZone-cross-sell-loader-text\"><\/div>\n\t\t<\/div>\n\t<\/div>\n\n\t\t\n<\/div>\n<div style=\"clear:both;\"><\/div><\/p>\n","protected":false},"excerpt":{"rendered":"<p>Hier erhalten Sie die passenden Coils f\u00fcr den Nunchaku 2 Verdampfer aus dem Hause Uwell.<br \/>\nDie neuen Uwell Nunchaku Coils sind in 2 Ausf\u00fchrungen erh\u00e4ltlich und k\u00f6nnen sowohl im Nunchaku 2 Verdampfer, als auch im ersten Nunchaku Verdampfer verwendet werden. Gefertigt sind die Coil. Die Coils sind im Mesh Stil hergestellt und weisen beste Eigenschaften auf, so dass das verwendete Liquid optimal und gleichm\u00e4\u00dfig vernebelt wird. Die Self-Cleaning Technologie sorgt daf\u00fcr, dass der Coil immer wieder gereinigt wird und somit eine l\u00e4ngere Haltbarkeit aufweisen.<br \/>\nDie Coils werden im 4er Pack geliefert.<\/p>\n","protected":false},"featured_media":194585,"comment_status":"open","ping_status":"closed","template":"","meta":[],"product_brand":[],"product_cat":[566,5626],"product_tag":[],"class_list":{"0":"post-194584","1":"product","2":"type-product","3":"status-publish","4":"has-post-thumbnail","6":"product_cat-drogerie-koerperpflege","7":"product_cat-elektronische-zigaretten-shishas-zubehoer","8":"pa_brand-uwell","9":"pa_manufacturer-uwellcig","10":"pa_size-4-stueck-1er-pack","12":"first","13":"instock","14":"shipping-taxable","15":"purchasable","16":"product-type-simple","17":"customify-col","18":"product-has-gallery"},"yoast_head":"<!-- This site is optimized with the Yoast SEO plugin v27.3 - https:\/\/yoast.com\/product\/yoast-seo-wordpress\/ -->\n<title>Uwell Nunchaku 2 Coil Serie 4er Pack Verdampferk\u00f6pfe Widerstand 0,2Ohm - Markt-XXL<\/title>\n<meta name=\"description\" content=\"Markt-XXL Uwell Nunchaku 2 Coil Serie 4er Pack Verdampferk\u00f6pfe Widerstand 0,2Ohm\" \/>\n<meta name=\"robots\" content=\"index, follow, max-snippet:-1, max-image-preview:large, max-video-preview:-1\" \/>\n<link rel=\"canonical\" href=\"https:\/\/marktxxl.de\/markt\/produkt\/uwell-nunchaku-2-coil-serie-4er-pack-verdampferkoepfe-widerstand-02ohm\/\" \/>\n<meta property=\"og:locale\" content=\"de_DE\" \/>\n<meta property=\"og:type\" content=\"article\" \/>\n<meta property=\"og:title\" content=\"Uwell Nunchaku 2 Coil Serie 4er Pack Verdampferk\u00f6pfe Widerstand 0,2Ohm - Markt-XXL\" \/>\n<meta property=\"og:description\" content=\"Markt-XXL Uwell Nunchaku 2 Coil Serie 4er Pack Verdampferk\u00f6pfe Widerstand 0,2Ohm\" \/>\n<meta property=\"og:url\" content=\"https:\/\/marktxxl.de\/markt\/produkt\/uwell-nunchaku-2-coil-serie-4er-pack-verdampferkoepfe-widerstand-02ohm\/\" \/>\n<meta property=\"og:site_name\" content=\"Markt-XXL\" \/>\n<meta property=\"article:modified_time\" content=\"2023-04-10T03:44:44+00:00\" \/>\n<meta property=\"og:image\" content=\"https:\/\/m.media-amazon.com\/images\/I\/51IkP6TNDWL._SL500_.jpg\" \/>\n\t<meta property=\"og:image:width\" content=\"500\" \/>\n\t<meta property=\"og:image:height\" content=\"500\" \/>\n\t<meta property=\"og:image:type\" content=\"image\/jpeg\" \/>\n<meta name=\"twitter:card\" content=\"summary_large_image\" \/>\n<meta name=\"twitter:label1\" content=\"Gesch\u00e4tzte Lesezeit\" \/>\n\t<meta name=\"twitter:data1\" content=\"1\u00a0Minute\" \/>\n<script type=\"application\/ld+json\" class=\"yoast-schema-graph\">{\"@context\":\"https:\\\/\\\/schema.org\",\"@graph\":[{\"@type\":\"WebPage\",\"@id\":\"https:\\\/\\\/marktxxl.de\\\/markt\\\/produkt\\\/uwell-nunchaku-2-coil-serie-4er-pack-verdampferkoepfe-widerstand-02ohm\\\/\",\"url\":\"https:\\\/\\\/marktxxl.de\\\/markt\\\/produkt\\\/uwell-nunchaku-2-coil-serie-4er-pack-verdampferkoepfe-widerstand-02ohm\\\/\",\"name\":\"Uwell Nunchaku 2 Coil Serie 4er Pack Verdampferk\u00f6pfe Widerstand 0,2Ohm - Markt-XXL\",\"isPartOf\":{\"@id\":\"https:\\\/\\\/marktxxl.de\\\/markt\\\/#website\"},\"primaryImageOfPage\":{\"@id\":\"https:\\\/\\\/marktxxl.de\\\/markt\\\/produkt\\\/uwell-nunchaku-2-coil-serie-4er-pack-verdampferkoepfe-widerstand-02ohm\\\/#primaryimage\"},\"image\":{\"@id\":\"https:\\\/\\\/marktxxl.de\\\/markt\\\/produkt\\\/uwell-nunchaku-2-coil-serie-4er-pack-verdampferkoepfe-widerstand-02ohm\\\/#primaryimage\"},\"thumbnailUrl\":\"https:\\\/\\\/m.media-amazon.com\\\/images\\\/I\\\/51IkP6TNDWL._SL500_.jpg\",\"datePublished\":\"2023-03-11T06:37:51+00:00\",\"dateModified\":\"2023-04-10T03:44:44+00:00\",\"description\":\"Markt-XXL Uwell Nunchaku 2 Coil Serie 4er Pack Verdampferk\u00f6pfe Widerstand 0,2Ohm\",\"breadcrumb\":{\"@id\":\"https:\\\/\\\/marktxxl.de\\\/markt\\\/produkt\\\/uwell-nunchaku-2-coil-serie-4er-pack-verdampferkoepfe-widerstand-02ohm\\\/#breadcrumb\"},\"inLanguage\":\"de\",\"potentialAction\":[{\"@type\":\"ReadAction\",\"target\":[\"https:\\\/\\\/marktxxl.de\\\/markt\\\/produkt\\\/uwell-nunchaku-2-coil-serie-4er-pack-verdampferkoepfe-widerstand-02ohm\\\/\"]}]},{\"@type\":\"ImageObject\",\"inLanguage\":\"de\",\"@id\":\"https:\\\/\\\/marktxxl.de\\\/markt\\\/produkt\\\/uwell-nunchaku-2-coil-serie-4er-pack-verdampferkoepfe-widerstand-02ohm\\\/#primaryimage\",\"url\":\"https:\\\/\\\/m.media-amazon.com\\\/images\\\/I\\\/51IkP6TNDWL._SL500_.jpg\",\"contentUrl\":\"https:\\\/\\\/m.media-amazon.com\\\/images\\\/I\\\/51IkP6TNDWL._SL500_.jpg\",\"width\":500,\"height\":500},{\"@type\":\"BreadcrumbList\",\"@id\":\"https:\\\/\\\/marktxxl.de\\\/markt\\\/produkt\\\/uwell-nunchaku-2-coil-serie-4er-pack-verdampferkoepfe-widerstand-02ohm\\\/#breadcrumb\",\"itemListElement\":[{\"@type\":\"ListItem\",\"position\":1,\"name\":\"Startseite\",\"item\":\"https:\\\/\\\/marktxxl.de\\\/markt\\\/\"},{\"@type\":\"ListItem\",\"position\":2,\"name\":\"Markt\",\"item\":\"https:\\\/\\\/marktxxl.de\\\/markt\\\/\"},{\"@type\":\"ListItem\",\"position\":3,\"name\":\"Uwell Nunchaku 2 Coil Serie 4er Pack Verdampferk\u00f6pfe Widerstand 0,2Ohm\"}]},{\"@type\":\"WebSite\",\"@id\":\"https:\\\/\\\/marktxxl.de\\\/markt\\\/#website\",\"url\":\"https:\\\/\\\/marktxxl.de\\\/markt\\\/\",\"name\":\"Markt-XXL\",\"description\":\"Ihr Markt Online\",\"publisher\":{\"@id\":\"https:\\\/\\\/marktxxl.de\\\/markt\\\/#organization\"},\"potentialAction\":[{\"@type\":\"SearchAction\",\"target\":{\"@type\":\"EntryPoint\",\"urlTemplate\":\"https:\\\/\\\/marktxxl.de\\\/markt\\\/?s={search_term_string}\"},\"query-input\":{\"@type\":\"PropertyValueSpecification\",\"valueRequired\":true,\"valueName\":\"search_term_string\"}}],\"inLanguage\":\"de\"},{\"@type\":\"Organization\",\"@id\":\"https:\\\/\\\/marktxxl.de\\\/markt\\\/#organization\",\"name\":\"Markt-XXL\",\"url\":\"https:\\\/\\\/marktxxl.de\\\/markt\\\/\",\"logo\":{\"@type\":\"ImageObject\",\"inLanguage\":\"de\",\"@id\":\"https:\\\/\\\/marktxxl.de\\\/markt\\\/#\\\/schema\\\/logo\\\/image\\\/\",\"url\":\"https:\\\/\\\/marktxxl.de\\\/markt\\\/wp-content\\\/uploads\\\/sites\\\/3\\\/2020\\\/12\\\/logo.png\",\"contentUrl\":\"https:\\\/\\\/marktxxl.de\\\/markt\\\/wp-content\\\/uploads\\\/sites\\\/3\\\/2020\\\/12\\\/logo.png\",\"width\":200,\"height\":70,\"caption\":\"Markt-XXL\"},\"image\":{\"@id\":\"https:\\\/\\\/marktxxl.de\\\/markt\\\/#\\\/schema\\\/logo\\\/image\\\/\"}}]}<\/script>\n<!-- \/ Yoast SEO plugin. -->","yoast_head_json":{"title":"Uwell Nunchaku 2 Coil Serie 4er Pack Verdampferk\u00f6pfe Widerstand 0,2Ohm - Markt-XXL","description":"Markt-XXL Uwell Nunchaku 2 Coil Serie 4er Pack Verdampferk\u00f6pfe Widerstand 0,2Ohm","robots":{"index":"index","follow":"follow","max-snippet":"max-snippet:-1","max-image-preview":"max-image-preview:large","max-video-preview":"max-video-preview:-1"},"canonical":"https:\/\/marktxxl.de\/markt\/produkt\/uwell-nunchaku-2-coil-serie-4er-pack-verdampferkoepfe-widerstand-02ohm\/","og_locale":"de_DE","og_type":"article","og_title":"Uwell Nunchaku 2 Coil Serie 4er Pack Verdampferk\u00f6pfe Widerstand 0,2Ohm - Markt-XXL","og_description":"Markt-XXL Uwell Nunchaku 2 Coil Serie 4er Pack Verdampferk\u00f6pfe Widerstand 0,2Ohm","og_url":"https:\/\/marktxxl.de\/markt\/produkt\/uwell-nunchaku-2-coil-serie-4er-pack-verdampferkoepfe-widerstand-02ohm\/","og_site_name":"Markt-XXL","article_modified_time":"2023-04-10T03:44:44+00:00","og_image":[{"width":500,"height":500,"url":"https:\/\/m.media-amazon.com\/images\/I\/51IkP6TNDWL._SL500_.jpg","type":"image\/jpeg"}],"twitter_card":"summary_large_image","twitter_misc":{"Gesch\u00e4tzte Lesezeit":"1\u00a0Minute"},"schema":{"@context":"https:\/\/schema.org","@graph":[{"@type":"WebPage","@id":"https:\/\/marktxxl.de\/markt\/produkt\/uwell-nunchaku-2-coil-serie-4er-pack-verdampferkoepfe-widerstand-02ohm\/","url":"https:\/\/marktxxl.de\/markt\/produkt\/uwell-nunchaku-2-coil-serie-4er-pack-verdampferkoepfe-widerstand-02ohm\/","name":"Uwell Nunchaku 2 Coil Serie 4er Pack Verdampferk\u00f6pfe Widerstand 0,2Ohm - Markt-XXL","isPartOf":{"@id":"https:\/\/marktxxl.de\/markt\/#website"},"primaryImageOfPage":{"@id":"https:\/\/marktxxl.de\/markt\/produkt\/uwell-nunchaku-2-coil-serie-4er-pack-verdampferkoepfe-widerstand-02ohm\/#primaryimage"},"image":{"@id":"https:\/\/marktxxl.de\/markt\/produkt\/uwell-nunchaku-2-coil-serie-4er-pack-verdampferkoepfe-widerstand-02ohm\/#primaryimage"},"thumbnailUrl":"https:\/\/m.media-amazon.com\/images\/I\/51IkP6TNDWL._SL500_.jpg","datePublished":"2023-03-11T06:37:51+00:00","dateModified":"2023-04-10T03:44:44+00:00","description":"Markt-XXL Uwell Nunchaku 2 Coil Serie 4er Pack Verdampferk\u00f6pfe Widerstand 0,2Ohm","breadcrumb":{"@id":"https:\/\/marktxxl.de\/markt\/produkt\/uwell-nunchaku-2-coil-serie-4er-pack-verdampferkoepfe-widerstand-02ohm\/#breadcrumb"},"inLanguage":"de","potentialAction":[{"@type":"ReadAction","target":["https:\/\/marktxxl.de\/markt\/produkt\/uwell-nunchaku-2-coil-serie-4er-pack-verdampferkoepfe-widerstand-02ohm\/"]}]},{"@type":"ImageObject","inLanguage":"de","@id":"https:\/\/marktxxl.de\/markt\/produkt\/uwell-nunchaku-2-coil-serie-4er-pack-verdampferkoepfe-widerstand-02ohm\/#primaryimage","url":"https:\/\/m.media-amazon.com\/images\/I\/51IkP6TNDWL._SL500_.jpg","contentUrl":"https:\/\/m.media-amazon.com\/images\/I\/51IkP6TNDWL._SL500_.jpg","width":500,"height":500},{"@type":"BreadcrumbList","@id":"https:\/\/marktxxl.de\/markt\/produkt\/uwell-nunchaku-2-coil-serie-4er-pack-verdampferkoepfe-widerstand-02ohm\/#breadcrumb","itemListElement":[{"@type":"ListItem","position":1,"name":"Startseite","item":"https:\/\/marktxxl.de\/markt\/"},{"@type":"ListItem","position":2,"name":"Markt","item":"https:\/\/marktxxl.de\/markt\/"},{"@type":"ListItem","position":3,"name":"Uwell Nunchaku 2 Coil Serie 4er Pack Verdampferk\u00f6pfe Widerstand 0,2Ohm"}]},{"@type":"WebSite","@id":"https:\/\/marktxxl.de\/markt\/#website","url":"https:\/\/marktxxl.de\/markt\/","name":"Markt-XXL","description":"Ihr Markt Online","publisher":{"@id":"https:\/\/marktxxl.de\/markt\/#organization"},"potentialAction":[{"@type":"SearchAction","target":{"@type":"EntryPoint","urlTemplate":"https:\/\/marktxxl.de\/markt\/?s={search_term_string}"},"query-input":{"@type":"PropertyValueSpecification","valueRequired":true,"valueName":"search_term_string"}}],"inLanguage":"de"},{"@type":"Organization","@id":"https:\/\/marktxxl.de\/markt\/#organization","name":"Markt-XXL","url":"https:\/\/marktxxl.de\/markt\/","logo":{"@type":"ImageObject","inLanguage":"de","@id":"https:\/\/marktxxl.de\/markt\/#\/schema\/logo\/image\/","url":"https:\/\/marktxxl.de\/markt\/wp-content\/uploads\/sites\/3\/2020\/12\/logo.png","contentUrl":"https:\/\/marktxxl.de\/markt\/wp-content\/uploads\/sites\/3\/2020\/12\/logo.png","width":200,"height":70,"caption":"Markt-XXL"},"image":{"@id":"https:\/\/marktxxl.de\/markt\/#\/schema\/logo\/image\/"}}]}},"_links":{"self":[{"href":"https:\/\/marktxxl.de\/markt\/wp-json\/wp\/v2\/product\/194584","targetHints":{"allow":["GET"]}}],"collection":[{"href":"https:\/\/marktxxl.de\/markt\/wp-json\/wp\/v2\/product"}],"about":[{"href":"https:\/\/marktxxl.de\/markt\/wp-json\/wp\/v2\/types\/product"}],"replies":[{"embeddable":true,"href":"https:\/\/marktxxl.de\/markt\/wp-json\/wp\/v2\/comments?post=194584"}],"wp:featuredmedia":[{"embeddable":true,"href":"https:\/\/marktxxl.de\/markt\/wp-json\/wp\/v2\/media\/194585"}],"wp:attachment":[{"href":"https:\/\/marktxxl.de\/markt\/wp-json\/wp\/v2\/media?parent=194584"}],"wp:term":[{"taxonomy":"product_brand","embeddable":true,"href":"https:\/\/marktxxl.de\/markt\/wp-json\/wp\/v2\/product_brand?post=194584"},{"taxonomy":"product_cat","embeddable":true,"href":"https:\/\/marktxxl.de\/markt\/wp-json\/wp\/v2\/product_cat?post=194584"},{"taxonomy":"product_tag","embeddable":true,"href":"https:\/\/marktxxl.de\/markt\/wp-json\/wp\/v2\/product_tag?post=194584"}],"curies":[{"name":"wp","href":"https:\/\/api.w.org\/{rel}","templated":true}]}}