{"id":194562,"date":"2023-03-11T07:37:28","date_gmt":"2023-03-11T06:37:28","guid":{"rendered":"https:\/\/marktxxl.de\/markt\/produkt\/olight-perun-2-mini-stirnalmpe\/"},"modified":"2023-04-10T05:44:44","modified_gmt":"2023-04-10T03:44:44","slug":"olight-perun-2-mini-stirnalmpe","status":"publish","type":"product","link":"https:\/\/marktxxl.de\/markt\/produkt\/olight-perun-2-mini-stirnalmpe\/","title":{"rendered":"OLIGHT Perun 2 Mini Kaltwei\u00dfe LED Stirnlampe 1100lm 150m Leuchtweite helle wiederaufladbare Taschenlampe 5 Lichtmodi\u2026"},"content":{"rendered":"<p>\u3010Duale Lichtquelle\u3011Diese Stirnlampe ist mit einem hochwertigen wei\u00dfen und roten Licht ausgestattet, einer dualen Lichtquelle, die sich f\u00fcr Nachtl\u00e4ufe, Campen und Wandern eignet. Das rote Licht kann als Warnlicht f\u00fcr die Sicherheit verwendet werden.<br \/>\n\u3010Hoch Qualit\u00e4t\u3011Diese hochwertige Stirnlampe hat die Gr\u00f6\u00dfe eines Daumens und verf\u00fcgt \u00fcber eine maximale Lichtleistung von 1100 Lumen und eine Leuchtweite von 150 m. Geeignet f\u00fcr zahlreiche Outdoor-Aktivit\u00e4ten.<br \/>\n\u3010Multifunktionslampe\u3011Diese Lampe kann als Stirnlampe in Verbindung mit dem Kopfband oder als EDC-Taschenlampe allein verwendet werden. Mit den magnetischen Endkappen kann die Stirnlampe als Arbeitslicht an einer Metalloberfl\u00e4che befestigt werden.<br \/>\n\u3010Lange Arbeitszeit\u3011Der 650mAh Akku bietet eine Betriebsdauer von bis zu 10 Tagen. Intelligente Ladeanzeige: Drei Farben zeigen genau die verbleibende Akkukapazit\u00e4t an. (Gr\u00fcn: &gt;60%, Orange: 60%-10%,\u00a0Rot: 10%-5%, Rot blinkend: &lt;5%)<br \/>\n\u3010Mini Kompakte Lampe\u3011Schnelle und flexible Einstellung der Ausleuchtung um bis zu 180\u00b0und ein sicherer Sitz. Das Geh\u00e4use aus Aluminiumlegierung ist nicht leicht zu besch\u00e4digen. Wasserdicht nach IPX8, 2m Fallschutz. Garantie: 5 Jahren.<br \/>\n<div class=\"main-cross-sell\" data-asin=\"&quot;B0BML5Q1VY&quot;\">\n\n\t<div class=\"WooZone-cross-sell-loader\">\n\t\t<div>\n\t\t\t<div id=\"floatingBarsG\">\n\t\t\t\t<div class=\"blockG\" id=\"rotateG_01\"><\/div>\n\t\t\t\t<div class=\"blockG\" id=\"rotateG_02\"><\/div>\n\t\t\t\t<div class=\"blockG\" id=\"rotateG_03\"><\/div>\n\t\t\t\t<div class=\"blockG\" id=\"rotateG_04\"><\/div>\n\t\t\t\t<div class=\"blockG\" id=\"rotateG_05\"><\/div>\n\t\t\t\t<div class=\"blockG\" id=\"rotateG_06\"><\/div>\n\t\t\t\t<div class=\"blockG\" id=\"rotateG_07\"><\/div>\n\t\t\t\t<div class=\"blockG\" id=\"rotateG_08\"><\/div>\n\t\t\t<\/div>\n\t\t\t<div class=\"WooZone-cross-sell-loader-text\"><\/div>\n\t\t<\/div>\n\t<\/div>\n\n\t\t\n<\/div>\n<div style=\"clear:both;\"><\/div><\/p>\n","protected":false},"excerpt":{"rendered":"<p>\u3010Duale Lichtquelle\u3011Diese Stirnlampe ist mit einem hochwertigen wei\u00dfen und roten Licht ausgestattet, einer dualen Lichtquelle, die sich f\u00fcr Nachtl\u00e4ufe, Campen und Wandern eignet. Das rote Licht kann als Warnlicht f\u00fcr die Sicherheit verwendet werden.<br \/>\n\u3010Hoch Qualit\u00e4t\u3011Diese hochwertige Stirnlampe hat die Gr\u00f6\u00dfe eines Daumens und verf\u00fcgt \u00fcber eine maximale Lichtleistung von 1100 Lumen und eine Leuchtweite von 150 m. Geeignet f\u00fcr zahlreiche Outdoor-Aktivit\u00e4ten.<br \/>\n\u3010Multifunktionslampe\u3011Diese Lampe kann als Stirnlampe in Verbindung mit dem Kopfband oder als EDC-Taschenlampe allein verwendet werden. Mit den magnetischen Endkappen kann die Stirnlampe als Arbeitslicht an einer Metalloberfl\u00e4che befestigt werden.<\/p>\n","protected":false},"featured_media":194563,"comment_status":"open","ping_status":"closed","template":"","meta":[],"product_brand":[],"product_cat":[2108],"product_tag":[],"class_list":{"0":"post-194562","1":"product","2":"type-product","3":"status-publish","4":"has-post-thumbnail","6":"product_cat-beleuchtung","7":"pa_brand-olight","8":"pa_height-2-5196850368-zoll","9":"pa_length-0-85826771566-zoll","10":"pa_manufacturer-olight","11":"pa_model-o-perun2mini-gd-de-fba","12":"pa_width-0-8661417314-zoll","14":"first","15":"instock","16":"shipping-taxable","17":"purchasable","18":"product-type-simple","19":"customify-col","20":"product-has-gallery"},"yoast_head":"<!-- This site is optimized with the Yoast SEO plugin v27.3 - https:\/\/yoast.com\/product\/yoast-seo-wordpress\/ -->\n<title>OLIGHT Perun 2 Mini Kaltwei\u00dfe LED Stirnlampe 1100lm 150m Leuchtweite helle wiederaufladbare Taschenlampe 5 Lichtmodi\u2026 - Markt-XXL<\/title>\n<meta name=\"description\" content=\"Markt-XXL OLIGHT Perun 2 Mini Kaltwei\u00dfe LED Stirnlampe 1100lm 150m Leuchtweite helle wiederaufladbare Taschenlampe 5 Lichtmodi\u2026\" \/>\n<meta name=\"robots\" content=\"index, follow, max-snippet:-1, max-image-preview:large, max-video-preview:-1\" \/>\n<link rel=\"canonical\" href=\"https:\/\/marktxxl.de\/markt\/produkt\/olight-perun-2-mini-stirnalmpe\/\" \/>\n<meta property=\"og:locale\" content=\"de_DE\" \/>\n<meta property=\"og:type\" content=\"article\" \/>\n<meta property=\"og:title\" content=\"OLIGHT Perun 2 Mini Kaltwei\u00dfe LED Stirnlampe 1100lm 150m Leuchtweite helle wiederaufladbare Taschenlampe 5 Lichtmodi\u2026 - Markt-XXL\" \/>\n<meta property=\"og:description\" content=\"Markt-XXL OLIGHT Perun 2 Mini Kaltwei\u00dfe LED Stirnlampe 1100lm 150m Leuchtweite helle wiederaufladbare Taschenlampe 5 Lichtmodi\u2026\" \/>\n<meta property=\"og:url\" content=\"https:\/\/marktxxl.de\/markt\/produkt\/olight-perun-2-mini-stirnalmpe\/\" \/>\n<meta property=\"og:site_name\" content=\"Markt-XXL\" \/>\n<meta property=\"article:modified_time\" content=\"2023-04-10T03:44:44+00:00\" \/>\n<meta property=\"og:image\" content=\"https:\/\/m.media-amazon.com\/images\/I\/31J+NX5dKoL._SL500_.jpg\" \/>\n\t<meta property=\"og:image:width\" content=\"500\" \/>\n\t<meta property=\"og:image:height\" content=\"500\" \/>\n\t<meta property=\"og:image:type\" content=\"image\/jpeg\" \/>\n<meta name=\"twitter:card\" content=\"summary_large_image\" \/>\n<meta name=\"twitter:label1\" content=\"Gesch\u00e4tzte Lesezeit\" \/>\n\t<meta name=\"twitter:data1\" content=\"1\u00a0Minute\" \/>\n<script type=\"application\/ld+json\" class=\"yoast-schema-graph\">{\"@context\":\"https:\\\/\\\/schema.org\",\"@graph\":[{\"@type\":\"WebPage\",\"@id\":\"https:\\\/\\\/marktxxl.de\\\/markt\\\/produkt\\\/olight-perun-2-mini-stirnalmpe\\\/\",\"url\":\"https:\\\/\\\/marktxxl.de\\\/markt\\\/produkt\\\/olight-perun-2-mini-stirnalmpe\\\/\",\"name\":\"OLIGHT Perun 2 Mini Kaltwei\u00dfe LED Stirnlampe 1100lm 150m Leuchtweite helle wiederaufladbare Taschenlampe 5 Lichtmodi\u2026 - Markt-XXL\",\"isPartOf\":{\"@id\":\"https:\\\/\\\/marktxxl.de\\\/markt\\\/#website\"},\"primaryImageOfPage\":{\"@id\":\"https:\\\/\\\/marktxxl.de\\\/markt\\\/produkt\\\/olight-perun-2-mini-stirnalmpe\\\/#primaryimage\"},\"image\":{\"@id\":\"https:\\\/\\\/marktxxl.de\\\/markt\\\/produkt\\\/olight-perun-2-mini-stirnalmpe\\\/#primaryimage\"},\"thumbnailUrl\":\"https:\\\/\\\/m.media-amazon.com\\\/images\\\/I\\\/31J+NX5dKoL._SL500_.jpg\",\"datePublished\":\"2023-03-11T06:37:28+00:00\",\"dateModified\":\"2023-04-10T03:44:44+00:00\",\"description\":\"Markt-XXL OLIGHT Perun 2 Mini Kaltwei\u00dfe LED Stirnlampe 1100lm 150m Leuchtweite helle wiederaufladbare Taschenlampe 5 Lichtmodi\u2026\",\"breadcrumb\":{\"@id\":\"https:\\\/\\\/marktxxl.de\\\/markt\\\/produkt\\\/olight-perun-2-mini-stirnalmpe\\\/#breadcrumb\"},\"inLanguage\":\"de\",\"potentialAction\":[{\"@type\":\"ReadAction\",\"target\":[\"https:\\\/\\\/marktxxl.de\\\/markt\\\/produkt\\\/olight-perun-2-mini-stirnalmpe\\\/\"]}]},{\"@type\":\"ImageObject\",\"inLanguage\":\"de\",\"@id\":\"https:\\\/\\\/marktxxl.de\\\/markt\\\/produkt\\\/olight-perun-2-mini-stirnalmpe\\\/#primaryimage\",\"url\":\"https:\\\/\\\/m.media-amazon.com\\\/images\\\/I\\\/31J+NX5dKoL._SL500_.jpg\",\"contentUrl\":\"https:\\\/\\\/m.media-amazon.com\\\/images\\\/I\\\/31J+NX5dKoL._SL500_.jpg\",\"width\":500,\"height\":500},{\"@type\":\"BreadcrumbList\",\"@id\":\"https:\\\/\\\/marktxxl.de\\\/markt\\\/produkt\\\/olight-perun-2-mini-stirnalmpe\\\/#breadcrumb\",\"itemListElement\":[{\"@type\":\"ListItem\",\"position\":1,\"name\":\"Startseite\",\"item\":\"https:\\\/\\\/marktxxl.de\\\/markt\\\/\"},{\"@type\":\"ListItem\",\"position\":2,\"name\":\"Markt\",\"item\":\"https:\\\/\\\/marktxxl.de\\\/markt\\\/\"},{\"@type\":\"ListItem\",\"position\":3,\"name\":\"OLIGHT Perun 2 Mini Kaltwei\u00dfe LED Stirnlampe 1100lm 150m Leuchtweite helle wiederaufladbare Taschenlampe 5 Lichtmodi\u2026\"}]},{\"@type\":\"WebSite\",\"@id\":\"https:\\\/\\\/marktxxl.de\\\/markt\\\/#website\",\"url\":\"https:\\\/\\\/marktxxl.de\\\/markt\\\/\",\"name\":\"Markt-XXL\",\"description\":\"Ihr Markt Online\",\"publisher\":{\"@id\":\"https:\\\/\\\/marktxxl.de\\\/markt\\\/#organization\"},\"potentialAction\":[{\"@type\":\"SearchAction\",\"target\":{\"@type\":\"EntryPoint\",\"urlTemplate\":\"https:\\\/\\\/marktxxl.de\\\/markt\\\/?s={search_term_string}\"},\"query-input\":{\"@type\":\"PropertyValueSpecification\",\"valueRequired\":true,\"valueName\":\"search_term_string\"}}],\"inLanguage\":\"de\"},{\"@type\":\"Organization\",\"@id\":\"https:\\\/\\\/marktxxl.de\\\/markt\\\/#organization\",\"name\":\"Markt-XXL\",\"url\":\"https:\\\/\\\/marktxxl.de\\\/markt\\\/\",\"logo\":{\"@type\":\"ImageObject\",\"inLanguage\":\"de\",\"@id\":\"https:\\\/\\\/marktxxl.de\\\/markt\\\/#\\\/schema\\\/logo\\\/image\\\/\",\"url\":\"https:\\\/\\\/marktxxl.de\\\/markt\\\/wp-content\\\/uploads\\\/sites\\\/3\\\/2020\\\/12\\\/logo.png\",\"contentUrl\":\"https:\\\/\\\/marktxxl.de\\\/markt\\\/wp-content\\\/uploads\\\/sites\\\/3\\\/2020\\\/12\\\/logo.png\",\"width\":200,\"height\":70,\"caption\":\"Markt-XXL\"},\"image\":{\"@id\":\"https:\\\/\\\/marktxxl.de\\\/markt\\\/#\\\/schema\\\/logo\\\/image\\\/\"}}]}<\/script>\n<!-- \/ Yoast SEO plugin. -->","yoast_head_json":{"title":"OLIGHT Perun 2 Mini Kaltwei\u00dfe LED Stirnlampe 1100lm 150m Leuchtweite helle wiederaufladbare Taschenlampe 5 Lichtmodi\u2026 - Markt-XXL","description":"Markt-XXL OLIGHT Perun 2 Mini Kaltwei\u00dfe LED Stirnlampe 1100lm 150m Leuchtweite helle wiederaufladbare Taschenlampe 5 Lichtmodi\u2026","robots":{"index":"index","follow":"follow","max-snippet":"max-snippet:-1","max-image-preview":"max-image-preview:large","max-video-preview":"max-video-preview:-1"},"canonical":"https:\/\/marktxxl.de\/markt\/produkt\/olight-perun-2-mini-stirnalmpe\/","og_locale":"de_DE","og_type":"article","og_title":"OLIGHT Perun 2 Mini Kaltwei\u00dfe LED Stirnlampe 1100lm 150m Leuchtweite helle wiederaufladbare Taschenlampe 5 Lichtmodi\u2026 - Markt-XXL","og_description":"Markt-XXL OLIGHT Perun 2 Mini Kaltwei\u00dfe LED Stirnlampe 1100lm 150m Leuchtweite helle wiederaufladbare Taschenlampe 5 Lichtmodi\u2026","og_url":"https:\/\/marktxxl.de\/markt\/produkt\/olight-perun-2-mini-stirnalmpe\/","og_site_name":"Markt-XXL","article_modified_time":"2023-04-10T03:44:44+00:00","og_image":[{"width":500,"height":500,"url":"https:\/\/m.media-amazon.com\/images\/I\/31J+NX5dKoL._SL500_.jpg","type":"image\/jpeg"}],"twitter_card":"summary_large_image","twitter_misc":{"Gesch\u00e4tzte Lesezeit":"1\u00a0Minute"},"schema":{"@context":"https:\/\/schema.org","@graph":[{"@type":"WebPage","@id":"https:\/\/marktxxl.de\/markt\/produkt\/olight-perun-2-mini-stirnalmpe\/","url":"https:\/\/marktxxl.de\/markt\/produkt\/olight-perun-2-mini-stirnalmpe\/","name":"OLIGHT Perun 2 Mini Kaltwei\u00dfe LED Stirnlampe 1100lm 150m Leuchtweite helle wiederaufladbare Taschenlampe 5 Lichtmodi\u2026 - Markt-XXL","isPartOf":{"@id":"https:\/\/marktxxl.de\/markt\/#website"},"primaryImageOfPage":{"@id":"https:\/\/marktxxl.de\/markt\/produkt\/olight-perun-2-mini-stirnalmpe\/#primaryimage"},"image":{"@id":"https:\/\/marktxxl.de\/markt\/produkt\/olight-perun-2-mini-stirnalmpe\/#primaryimage"},"thumbnailUrl":"https:\/\/m.media-amazon.com\/images\/I\/31J+NX5dKoL._SL500_.jpg","datePublished":"2023-03-11T06:37:28+00:00","dateModified":"2023-04-10T03:44:44+00:00","description":"Markt-XXL OLIGHT Perun 2 Mini Kaltwei\u00dfe LED Stirnlampe 1100lm 150m Leuchtweite helle wiederaufladbare Taschenlampe 5 Lichtmodi\u2026","breadcrumb":{"@id":"https:\/\/marktxxl.de\/markt\/produkt\/olight-perun-2-mini-stirnalmpe\/#breadcrumb"},"inLanguage":"de","potentialAction":[{"@type":"ReadAction","target":["https:\/\/marktxxl.de\/markt\/produkt\/olight-perun-2-mini-stirnalmpe\/"]}]},{"@type":"ImageObject","inLanguage":"de","@id":"https:\/\/marktxxl.de\/markt\/produkt\/olight-perun-2-mini-stirnalmpe\/#primaryimage","url":"https:\/\/m.media-amazon.com\/images\/I\/31J+NX5dKoL._SL500_.jpg","contentUrl":"https:\/\/m.media-amazon.com\/images\/I\/31J+NX5dKoL._SL500_.jpg","width":500,"height":500},{"@type":"BreadcrumbList","@id":"https:\/\/marktxxl.de\/markt\/produkt\/olight-perun-2-mini-stirnalmpe\/#breadcrumb","itemListElement":[{"@type":"ListItem","position":1,"name":"Startseite","item":"https:\/\/marktxxl.de\/markt\/"},{"@type":"ListItem","position":2,"name":"Markt","item":"https:\/\/marktxxl.de\/markt\/"},{"@type":"ListItem","position":3,"name":"OLIGHT Perun 2 Mini Kaltwei\u00dfe LED Stirnlampe 1100lm 150m Leuchtweite helle wiederaufladbare Taschenlampe 5 Lichtmodi\u2026"}]},{"@type":"WebSite","@id":"https:\/\/marktxxl.de\/markt\/#website","url":"https:\/\/marktxxl.de\/markt\/","name":"Markt-XXL","description":"Ihr Markt Online","publisher":{"@id":"https:\/\/marktxxl.de\/markt\/#organization"},"potentialAction":[{"@type":"SearchAction","target":{"@type":"EntryPoint","urlTemplate":"https:\/\/marktxxl.de\/markt\/?s={search_term_string}"},"query-input":{"@type":"PropertyValueSpecification","valueRequired":true,"valueName":"search_term_string"}}],"inLanguage":"de"},{"@type":"Organization","@id":"https:\/\/marktxxl.de\/markt\/#organization","name":"Markt-XXL","url":"https:\/\/marktxxl.de\/markt\/","logo":{"@type":"ImageObject","inLanguage":"de","@id":"https:\/\/marktxxl.de\/markt\/#\/schema\/logo\/image\/","url":"https:\/\/marktxxl.de\/markt\/wp-content\/uploads\/sites\/3\/2020\/12\/logo.png","contentUrl":"https:\/\/marktxxl.de\/markt\/wp-content\/uploads\/sites\/3\/2020\/12\/logo.png","width":200,"height":70,"caption":"Markt-XXL"},"image":{"@id":"https:\/\/marktxxl.de\/markt\/#\/schema\/logo\/image\/"}}]}},"_links":{"self":[{"href":"https:\/\/marktxxl.de\/markt\/wp-json\/wp\/v2\/product\/194562","targetHints":{"allow":["GET"]}}],"collection":[{"href":"https:\/\/marktxxl.de\/markt\/wp-json\/wp\/v2\/product"}],"about":[{"href":"https:\/\/marktxxl.de\/markt\/wp-json\/wp\/v2\/types\/product"}],"replies":[{"embeddable":true,"href":"https:\/\/marktxxl.de\/markt\/wp-json\/wp\/v2\/comments?post=194562"}],"wp:featuredmedia":[{"embeddable":true,"href":"https:\/\/marktxxl.de\/markt\/wp-json\/wp\/v2\/media\/194563"}],"wp:attachment":[{"href":"https:\/\/marktxxl.de\/markt\/wp-json\/wp\/v2\/media?parent=194562"}],"wp:term":[{"taxonomy":"product_brand","embeddable":true,"href":"https:\/\/marktxxl.de\/markt\/wp-json\/wp\/v2\/product_brand?post=194562"},{"taxonomy":"product_cat","embeddable":true,"href":"https:\/\/marktxxl.de\/markt\/wp-json\/wp\/v2\/product_cat?post=194562"},{"taxonomy":"product_tag","embeddable":true,"href":"https:\/\/marktxxl.de\/markt\/wp-json\/wp\/v2\/product_tag?post=194562"}],"curies":[{"name":"wp","href":"https:\/\/api.w.org\/{rel}","templated":true}]}}