{"id":194409,"date":"2023-03-11T07:31:23","date_gmt":"2023-03-11T06:31:23","guid":{"rendered":"https:\/\/marktxxl.de\/markt\/produkt\/columbia-jungen-steens-mtn-fleece-vest-fleeceweste\/"},"modified":"2023-04-09T05:14:50","modified_gmt":"2023-04-09T03:14:50","slug":"columbia-jungen-steens-mtn-fleece-vest-fleeceweste","status":"publish","type":"product","link":"https:\/\/marktxxl.de\/markt\/produkt\/columbia-jungen-steens-mtn-fleece-vest-fleeceweste\/","title":{"rendered":"Columbia Jungen Steens MTN Fleece Vest Fleeceweste"},"content":{"rendered":"<p>Fleece-Komfort: Die Columbia Youth Steens Mtn Fleece-Weste ist aus unserem tiefen 250 g MTR-Filament-Fleece f\u00fcr die perfekte Menge an W\u00e4rme.<br \/>\nVielseitige W\u00e4rme: Mit einem durchgehenden Rei\u00dfverschluss \u00fcber den Kragen bietet diese vielseitige Weste einen gro\u00dfartigen K\u00e4lteschutz, oder als zus\u00e4tzliche Zwischenschicht unter einer Au\u00dfenschale f\u00fcr extra kaltes Wetter.<br \/>\nRegul\u00e4re Passform: Ein modernes Design mit Passform f\u00fcr aktive Jugendliche, das weiche und leichte Fleece macht dieses Kleidungsst\u00fcck zu einem Grundst\u00fcck f\u00fcr viele komfortable Outdoor-Aktivit\u00e4ten.<br \/>\nPraktische Eigenschaften: Diese Fleecejacke bietet eine weiche Bindung am Kragen und zwei gut positionierte Eingriffstaschen mit Rei\u00dfverschluss.<br \/>\nLanglebig: Columbias Liebe zum Detail macht unsere Bekleidung einzigartig. Wir bieten nur die hochwertigsten Materialien, fachm\u00e4nnische N\u00e4hte und Handwerkskunst. Dies ist eine langlebige Weste, die er f\u00fcr die kommenden Jahreszeiten genie\u00dfen wird.<br \/>\n<div class=\"main-cross-sell\" data-asin=\"B088YVDL7X\">\n\n\t<div class=\"WooZone-cross-sell-loader\">\n\t\t<div>\n\t\t\t<div id=\"floatingBarsG\">\n\t\t\t\t<div class=\"blockG\" id=\"rotateG_01\"><\/div>\n\t\t\t\t<div class=\"blockG\" id=\"rotateG_02\"><\/div>\n\t\t\t\t<div class=\"blockG\" id=\"rotateG_03\"><\/div>\n\t\t\t\t<div class=\"blockG\" id=\"rotateG_04\"><\/div>\n\t\t\t\t<div class=\"blockG\" id=\"rotateG_05\"><\/div>\n\t\t\t\t<div class=\"blockG\" id=\"rotateG_06\"><\/div>\n\t\t\t\t<div class=\"blockG\" id=\"rotateG_07\"><\/div>\n\t\t\t\t<div class=\"blockG\" id=\"rotateG_08\"><\/div>\n\t\t\t<\/div>\n\t\t\t<div class=\"WooZone-cross-sell-loader-text\"><\/div>\n\t\t<\/div>\n\t<\/div>\n\n\t\t\n<\/div>\n<div style=\"clear:both;\"><\/div><\/p>\n","protected":false},"excerpt":{"rendered":"<p>Fleece-Komfort: Die Columbia Youth Steens Mtn Fleece-Weste ist aus unserem tiefen 250 g MTR-Filament-Fleece f\u00fcr die perfekte Menge an W\u00e4rme.<br \/>\nVielseitige W\u00e4rme: Mit einem durchgehenden Rei\u00dfverschluss \u00fcber den Kragen bietet diese vielseitige Weste einen gro\u00dfartigen K\u00e4lteschutz, oder als zus\u00e4tzliche Zwischenschicht unter einer Au\u00dfenschale f\u00fcr extra kaltes Wetter.<br \/>\nRegul\u00e4re Passform: Ein modernes Design mit Passform f\u00fcr aktive Jugendliche, das weiche und leichte Fleece macht dieses Kleidungsst\u00fcck zu einem Grundst\u00fcck f\u00fcr viele komfortable Outdoor-Aktivit\u00e4ten.<\/p>\n","protected":false},"featured_media":194410,"comment_status":"open","ping_status":"closed","template":"","meta":[],"product_brand":[],"product_cat":[1186,4034],"product_tag":[],"class_list":{"0":"post-194409","1":"product","2":"type-product","3":"status-publish","4":"has-post-thumbnail","6":"product_cat-bekleidung","7":"product_cat-jungen","8":"pa_binding-textilien","9":"pa_brand-columbia","10":"pa_manufacturer-columbia","11":"pa_model-49966","13":"first","14":"instock","15":"shipping-taxable","16":"purchasable","17":"product-type-simple","18":"customify-col","19":"product-has-gallery"},"yoast_head":"<!-- This site is optimized with the Yoast SEO plugin v27.4 - https:\/\/yoast.com\/product\/yoast-seo-wordpress\/ -->\n<title>Columbia Jungen Steens MTN Fleece Vest Fleeceweste - Markt-XXL<\/title>\n<meta name=\"description\" content=\"Markt-XXL Columbia Jungen Steens MTN Fleece Vest Fleeceweste\" \/>\n<meta name=\"robots\" content=\"index, follow, max-snippet:-1, max-image-preview:large, max-video-preview:-1\" \/>\n<link rel=\"canonical\" href=\"https:\/\/marktxxl.de\/markt\/produkt\/columbia-jungen-steens-mtn-fleece-vest-fleeceweste\/\" \/>\n<meta property=\"og:locale\" content=\"de_DE\" \/>\n<meta property=\"og:type\" content=\"article\" \/>\n<meta property=\"og:title\" content=\"Columbia Jungen Steens MTN Fleece Vest Fleeceweste - Markt-XXL\" \/>\n<meta property=\"og:description\" content=\"Markt-XXL Columbia Jungen Steens MTN Fleece Vest Fleeceweste\" \/>\n<meta property=\"og:url\" content=\"https:\/\/marktxxl.de\/markt\/produkt\/columbia-jungen-steens-mtn-fleece-vest-fleeceweste\/\" \/>\n<meta property=\"og:site_name\" content=\"Markt-XXL\" \/>\n<meta property=\"article:modified_time\" content=\"2023-04-09T03:14:50+00:00\" \/>\n<meta property=\"og:image\" content=\"https:\/\/m.media-amazon.com\/images\/I\/41Q7xCIEyjL._SL500_.jpg\" \/>\n\t<meta property=\"og:image:width\" content=\"476\" \/>\n\t<meta property=\"og:image:height\" content=\"500\" \/>\n\t<meta property=\"og:image:type\" content=\"image\/jpeg\" \/>\n<meta name=\"twitter:card\" content=\"summary_large_image\" \/>\n<meta name=\"twitter:label1\" content=\"Gesch\u00e4tzte Lesezeit\" \/>\n\t<meta name=\"twitter:data1\" content=\"1\u00a0Minute\" \/>\n<script type=\"application\/ld+json\" class=\"yoast-schema-graph\">{\"@context\":\"https:\\\/\\\/schema.org\",\"@graph\":[{\"@type\":\"WebPage\",\"@id\":\"https:\\\/\\\/marktxxl.de\\\/markt\\\/produkt\\\/columbia-jungen-steens-mtn-fleece-vest-fleeceweste\\\/\",\"url\":\"https:\\\/\\\/marktxxl.de\\\/markt\\\/produkt\\\/columbia-jungen-steens-mtn-fleece-vest-fleeceweste\\\/\",\"name\":\"Columbia Jungen Steens MTN Fleece Vest Fleeceweste - Markt-XXL\",\"isPartOf\":{\"@id\":\"https:\\\/\\\/marktxxl.de\\\/markt\\\/#website\"},\"primaryImageOfPage\":{\"@id\":\"https:\\\/\\\/marktxxl.de\\\/markt\\\/produkt\\\/columbia-jungen-steens-mtn-fleece-vest-fleeceweste\\\/#primaryimage\"},\"image\":{\"@id\":\"https:\\\/\\\/marktxxl.de\\\/markt\\\/produkt\\\/columbia-jungen-steens-mtn-fleece-vest-fleeceweste\\\/#primaryimage\"},\"thumbnailUrl\":\"https:\\\/\\\/m.media-amazon.com\\\/images\\\/I\\\/41Q7xCIEyjL._SL500_.jpg\",\"datePublished\":\"2023-03-11T06:31:23+00:00\",\"dateModified\":\"2023-04-09T03:14:50+00:00\",\"description\":\"Markt-XXL Columbia Jungen Steens MTN Fleece Vest Fleeceweste\",\"breadcrumb\":{\"@id\":\"https:\\\/\\\/marktxxl.de\\\/markt\\\/produkt\\\/columbia-jungen-steens-mtn-fleece-vest-fleeceweste\\\/#breadcrumb\"},\"inLanguage\":\"de\",\"potentialAction\":[{\"@type\":\"ReadAction\",\"target\":[\"https:\\\/\\\/marktxxl.de\\\/markt\\\/produkt\\\/columbia-jungen-steens-mtn-fleece-vest-fleeceweste\\\/\"]}]},{\"@type\":\"ImageObject\",\"inLanguage\":\"de\",\"@id\":\"https:\\\/\\\/marktxxl.de\\\/markt\\\/produkt\\\/columbia-jungen-steens-mtn-fleece-vest-fleeceweste\\\/#primaryimage\",\"url\":\"https:\\\/\\\/m.media-amazon.com\\\/images\\\/I\\\/41Q7xCIEyjL._SL500_.jpg\",\"contentUrl\":\"https:\\\/\\\/m.media-amazon.com\\\/images\\\/I\\\/41Q7xCIEyjL._SL500_.jpg\",\"width\":476,\"height\":500},{\"@type\":\"BreadcrumbList\",\"@id\":\"https:\\\/\\\/marktxxl.de\\\/markt\\\/produkt\\\/columbia-jungen-steens-mtn-fleece-vest-fleeceweste\\\/#breadcrumb\",\"itemListElement\":[{\"@type\":\"ListItem\",\"position\":1,\"name\":\"Startseite\",\"item\":\"https:\\\/\\\/marktxxl.de\\\/markt\\\/\"},{\"@type\":\"ListItem\",\"position\":2,\"name\":\"Markt\",\"item\":\"https:\\\/\\\/marktxxl.de\\\/markt\\\/\"},{\"@type\":\"ListItem\",\"position\":3,\"name\":\"Columbia Jungen Steens MTN Fleece Vest Fleeceweste\"}]},{\"@type\":\"WebSite\",\"@id\":\"https:\\\/\\\/marktxxl.de\\\/markt\\\/#website\",\"url\":\"https:\\\/\\\/marktxxl.de\\\/markt\\\/\",\"name\":\"Markt-XXL\",\"description\":\"Ihr Markt Online\",\"publisher\":{\"@id\":\"https:\\\/\\\/marktxxl.de\\\/markt\\\/#organization\"},\"potentialAction\":[{\"@type\":\"SearchAction\",\"target\":{\"@type\":\"EntryPoint\",\"urlTemplate\":\"https:\\\/\\\/marktxxl.de\\\/markt\\\/?s={search_term_string}\"},\"query-input\":{\"@type\":\"PropertyValueSpecification\",\"valueRequired\":true,\"valueName\":\"search_term_string\"}}],\"inLanguage\":\"de\"},{\"@type\":\"Organization\",\"@id\":\"https:\\\/\\\/marktxxl.de\\\/markt\\\/#organization\",\"name\":\"Markt-XXL\",\"url\":\"https:\\\/\\\/marktxxl.de\\\/markt\\\/\",\"logo\":{\"@type\":\"ImageObject\",\"inLanguage\":\"de\",\"@id\":\"https:\\\/\\\/marktxxl.de\\\/markt\\\/#\\\/schema\\\/logo\\\/image\\\/\",\"url\":\"https:\\\/\\\/marktxxl.de\\\/markt\\\/wp-content\\\/uploads\\\/sites\\\/3\\\/2020\\\/12\\\/logo.png\",\"contentUrl\":\"https:\\\/\\\/marktxxl.de\\\/markt\\\/wp-content\\\/uploads\\\/sites\\\/3\\\/2020\\\/12\\\/logo.png\",\"width\":200,\"height\":70,\"caption\":\"Markt-XXL\"},\"image\":{\"@id\":\"https:\\\/\\\/marktxxl.de\\\/markt\\\/#\\\/schema\\\/logo\\\/image\\\/\"}}]}<\/script>\n<!-- \/ Yoast SEO plugin. -->","yoast_head_json":{"title":"Columbia Jungen Steens MTN Fleece Vest Fleeceweste - Markt-XXL","description":"Markt-XXL Columbia Jungen Steens MTN Fleece Vest Fleeceweste","robots":{"index":"index","follow":"follow","max-snippet":"max-snippet:-1","max-image-preview":"max-image-preview:large","max-video-preview":"max-video-preview:-1"},"canonical":"https:\/\/marktxxl.de\/markt\/produkt\/columbia-jungen-steens-mtn-fleece-vest-fleeceweste\/","og_locale":"de_DE","og_type":"article","og_title":"Columbia Jungen Steens MTN Fleece Vest Fleeceweste - Markt-XXL","og_description":"Markt-XXL Columbia Jungen Steens MTN Fleece Vest Fleeceweste","og_url":"https:\/\/marktxxl.de\/markt\/produkt\/columbia-jungen-steens-mtn-fleece-vest-fleeceweste\/","og_site_name":"Markt-XXL","article_modified_time":"2023-04-09T03:14:50+00:00","og_image":[{"width":476,"height":500,"url":"https:\/\/m.media-amazon.com\/images\/I\/41Q7xCIEyjL._SL500_.jpg","type":"image\/jpeg"}],"twitter_card":"summary_large_image","twitter_misc":{"Gesch\u00e4tzte Lesezeit":"1\u00a0Minute"},"schema":{"@context":"https:\/\/schema.org","@graph":[{"@type":"WebPage","@id":"https:\/\/marktxxl.de\/markt\/produkt\/columbia-jungen-steens-mtn-fleece-vest-fleeceweste\/","url":"https:\/\/marktxxl.de\/markt\/produkt\/columbia-jungen-steens-mtn-fleece-vest-fleeceweste\/","name":"Columbia Jungen Steens MTN Fleece Vest Fleeceweste - Markt-XXL","isPartOf":{"@id":"https:\/\/marktxxl.de\/markt\/#website"},"primaryImageOfPage":{"@id":"https:\/\/marktxxl.de\/markt\/produkt\/columbia-jungen-steens-mtn-fleece-vest-fleeceweste\/#primaryimage"},"image":{"@id":"https:\/\/marktxxl.de\/markt\/produkt\/columbia-jungen-steens-mtn-fleece-vest-fleeceweste\/#primaryimage"},"thumbnailUrl":"https:\/\/m.media-amazon.com\/images\/I\/41Q7xCIEyjL._SL500_.jpg","datePublished":"2023-03-11T06:31:23+00:00","dateModified":"2023-04-09T03:14:50+00:00","description":"Markt-XXL Columbia Jungen Steens MTN Fleece Vest Fleeceweste","breadcrumb":{"@id":"https:\/\/marktxxl.de\/markt\/produkt\/columbia-jungen-steens-mtn-fleece-vest-fleeceweste\/#breadcrumb"},"inLanguage":"de","potentialAction":[{"@type":"ReadAction","target":["https:\/\/marktxxl.de\/markt\/produkt\/columbia-jungen-steens-mtn-fleece-vest-fleeceweste\/"]}]},{"@type":"ImageObject","inLanguage":"de","@id":"https:\/\/marktxxl.de\/markt\/produkt\/columbia-jungen-steens-mtn-fleece-vest-fleeceweste\/#primaryimage","url":"https:\/\/m.media-amazon.com\/images\/I\/41Q7xCIEyjL._SL500_.jpg","contentUrl":"https:\/\/m.media-amazon.com\/images\/I\/41Q7xCIEyjL._SL500_.jpg","width":476,"height":500},{"@type":"BreadcrumbList","@id":"https:\/\/marktxxl.de\/markt\/produkt\/columbia-jungen-steens-mtn-fleece-vest-fleeceweste\/#breadcrumb","itemListElement":[{"@type":"ListItem","position":1,"name":"Startseite","item":"https:\/\/marktxxl.de\/markt\/"},{"@type":"ListItem","position":2,"name":"Markt","item":"https:\/\/marktxxl.de\/markt\/"},{"@type":"ListItem","position":3,"name":"Columbia Jungen Steens MTN Fleece Vest Fleeceweste"}]},{"@type":"WebSite","@id":"https:\/\/marktxxl.de\/markt\/#website","url":"https:\/\/marktxxl.de\/markt\/","name":"Markt-XXL","description":"Ihr Markt Online","publisher":{"@id":"https:\/\/marktxxl.de\/markt\/#organization"},"potentialAction":[{"@type":"SearchAction","target":{"@type":"EntryPoint","urlTemplate":"https:\/\/marktxxl.de\/markt\/?s={search_term_string}"},"query-input":{"@type":"PropertyValueSpecification","valueRequired":true,"valueName":"search_term_string"}}],"inLanguage":"de"},{"@type":"Organization","@id":"https:\/\/marktxxl.de\/markt\/#organization","name":"Markt-XXL","url":"https:\/\/marktxxl.de\/markt\/","logo":{"@type":"ImageObject","inLanguage":"de","@id":"https:\/\/marktxxl.de\/markt\/#\/schema\/logo\/image\/","url":"https:\/\/marktxxl.de\/markt\/wp-content\/uploads\/sites\/3\/2020\/12\/logo.png","contentUrl":"https:\/\/marktxxl.de\/markt\/wp-content\/uploads\/sites\/3\/2020\/12\/logo.png","width":200,"height":70,"caption":"Markt-XXL"},"image":{"@id":"https:\/\/marktxxl.de\/markt\/#\/schema\/logo\/image\/"}}]}},"_links":{"self":[{"href":"https:\/\/marktxxl.de\/markt\/wp-json\/wp\/v2\/product\/194409","targetHints":{"allow":["GET"]}}],"collection":[{"href":"https:\/\/marktxxl.de\/markt\/wp-json\/wp\/v2\/product"}],"about":[{"href":"https:\/\/marktxxl.de\/markt\/wp-json\/wp\/v2\/types\/product"}],"replies":[{"embeddable":true,"href":"https:\/\/marktxxl.de\/markt\/wp-json\/wp\/v2\/comments?post=194409"}],"wp:featuredmedia":[{"embeddable":true,"href":"https:\/\/marktxxl.de\/markt\/wp-json\/wp\/v2\/media\/194410"}],"wp:attachment":[{"href":"https:\/\/marktxxl.de\/markt\/wp-json\/wp\/v2\/media?parent=194409"}],"wp:term":[{"taxonomy":"product_brand","embeddable":true,"href":"https:\/\/marktxxl.de\/markt\/wp-json\/wp\/v2\/product_brand?post=194409"},{"taxonomy":"product_cat","embeddable":true,"href":"https:\/\/marktxxl.de\/markt\/wp-json\/wp\/v2\/product_cat?post=194409"},{"taxonomy":"product_tag","embeddable":true,"href":"https:\/\/marktxxl.de\/markt\/wp-json\/wp\/v2\/product_tag?post=194409"}],"curies":[{"name":"wp","href":"https:\/\/api.w.org\/{rel}","templated":true}]}}