{"id":194393,"date":"2023-03-11T07:29:14","date_gmt":"2023-03-11T06:29:14","guid":{"rendered":"https:\/\/marktxxl.de\/markt\/produkt\/all-terrain-gear-x-wrangler-jungen-jeans\/"},"modified":"2023-04-09T05:14:50","modified_gmt":"2023-04-09T03:14:50","slug":"all-terrain-gear-x-wrangler-jungen-jeans","status":"publish","type":"product","link":"https:\/\/marktxxl.de\/markt\/produkt\/all-terrain-gear-x-wrangler-jungen-jeans\/","title":{"rendered":"ALL TERRAIN GEAR X Wrangler Jungen Jeans"},"content":{"rendered":"<p>Original-Passform. Diese Cowboy-Jeans mit regul\u00e4rer Passform wurde f\u00fcr Junior-Cowboy-Jungen hergestellt und hat ein authentisches Design mit einer regul\u00e4ren Passform durch Sitz und Oberschenkel. Konstruiert mit einer Bein\u00f6ffnung, die perfekt \u00fcber die Lieblingsstiefel passt, kann dieses Western Denim Essential alles bew\u00e4ltigen.<br \/>\nKlassische Cowboy-Jeans. Genau wie Papas ist diese klassische Cowboy-Jeans f\u00fcr Jungen robust gebaut und bietet zus\u00e4tzlichen Komfort bei allen Rodeo-Veranstaltungen. Vom Mutton Busting bis hin zum Barrel Racing, diese Jeans wird den zeitlosen Cowboy-Stil beibehalten.<br \/>\nLanglebige Materialien. Es besteht keine Frage, dass dieser Klassiker Verschlei\u00df aush\u00e4lt. Hergestellt aus strapazierf\u00e4higem, schwerem Baumwoll-Denim, wurde diese Jeans mit normaler Passform f\u00fcr Jungen entwickelt, die unterwegs sind.<br \/>\nHoher Tragekomfort. Vom Reitpferd bis zum Spielen im Hof, Jungen brauchen strapazierf\u00e4hige Jeans, die sie den ganzen Tag bequem halten.<br \/>\nF\u00fcnf Taschen-Styling. Diese Jeans im Cowboy-Schnitt ist mit einem authentischen F\u00fcnf-Taschen-Stil konstruiert: (1) Uhrentasche, (2) Vordertaschen, (3) aufgesetzte Ges\u00e4\u00dftaschen. Veredelt mit Kupfernieten f\u00fcr zus\u00e4tzliche lange Haltbarkeit.<br \/>\n<div class=\"main-cross-sell\" data-asin=\"B0BSXCX7P8\">\n\n\t<div class=\"WooZone-cross-sell-loader\">\n\t\t<div>\n\t\t\t<div id=\"floatingBarsG\">\n\t\t\t\t<div class=\"blockG\" id=\"rotateG_01\"><\/div>\n\t\t\t\t<div class=\"blockG\" id=\"rotateG_02\"><\/div>\n\t\t\t\t<div class=\"blockG\" id=\"rotateG_03\"><\/div>\n\t\t\t\t<div class=\"blockG\" id=\"rotateG_04\"><\/div>\n\t\t\t\t<div class=\"blockG\" id=\"rotateG_05\"><\/div>\n\t\t\t\t<div class=\"blockG\" id=\"rotateG_06\"><\/div>\n\t\t\t\t<div class=\"blockG\" id=\"rotateG_07\"><\/div>\n\t\t\t\t<div class=\"blockG\" id=\"rotateG_08\"><\/div>\n\t\t\t<\/div>\n\t\t\t<div class=\"WooZone-cross-sell-loader-text\"><\/div>\n\t\t<\/div>\n\t<\/div>\n\n\t\t\n<\/div>\n<div style=\"clear:both;\"><\/div><\/p>\n","protected":false},"excerpt":{"rendered":"<p>Original-Passform. Diese Cowboy-Jeans mit regul\u00e4rer Passform wurde f\u00fcr Junior-Cowboy-Jungen hergestellt und hat ein authentisches Design mit einer regul\u00e4ren Passform durch Sitz und Oberschenkel. Konstruiert mit einer Bein\u00f6ffnung, die perfekt \u00fcber die Lieblingsstiefel passt, kann dieses Western Denim Essential alles bew\u00e4ltigen.<br \/>\nKlassische Cowboy-Jeans. Genau wie Papas ist diese klassische Cowboy-Jeans f\u00fcr Jungen robust gebaut und bietet zus\u00e4tzlichen Komfort bei allen Rodeo-Veranstaltungen. Vom Mutton Busting bis hin zum Barrel Racing, diese Jeans wird den zeitlosen Cowboy-Stil beibehalten.<br \/>\nLanglebige Materialien. Es besteht keine Frage, dass dieser Klassiker Verschlei\u00df aush\u00e4lt. Hergestellt aus strapazierf\u00e4higem, schwerem Baumwoll-Denim, wurde diese Jeans mit normaler Passform f\u00fcr Jungen entwickelt, die unterwegs sind.<\/p>\n","protected":false},"featured_media":194394,"comment_status":"open","ping_status":"closed","template":"","meta":[],"product_brand":[],"product_cat":[1186,4034],"product_tag":[],"class_list":{"0":"post-194393","1":"product","2":"type-product","3":"status-publish","4":"has-post-thumbnail","6":"product_cat-bekleidung","7":"product_cat-jungen","8":"pa_binding-textilien","9":"pa_brand-all-terrain-gear-x-wrangler","10":"pa_manufacturer-wrangler","11":"pa_model-13jafpw","13":"first","14":"instock","15":"shipping-taxable","16":"purchasable","17":"product-type-simple","18":"customify-col","19":"product-has-gallery"},"yoast_head":"<!-- This site is optimized with the Yoast SEO plugin v27.3 - https:\/\/yoast.com\/product\/yoast-seo-wordpress\/ -->\n<title>ALL TERRAIN GEAR X Wrangler Jungen Jeans - Markt-XXL<\/title>\n<meta name=\"description\" content=\"Markt-XXL ALL TERRAIN GEAR X Wrangler Jungen Jeans\" \/>\n<meta name=\"robots\" content=\"index, follow, max-snippet:-1, max-image-preview:large, max-video-preview:-1\" \/>\n<link rel=\"canonical\" href=\"https:\/\/marktxxl.de\/markt\/produkt\/all-terrain-gear-x-wrangler-jungen-jeans\/\" \/>\n<meta property=\"og:locale\" content=\"de_DE\" \/>\n<meta property=\"og:type\" content=\"article\" \/>\n<meta property=\"og:title\" content=\"ALL TERRAIN GEAR X Wrangler Jungen Jeans - Markt-XXL\" \/>\n<meta property=\"og:description\" content=\"Markt-XXL ALL TERRAIN GEAR X Wrangler Jungen Jeans\" \/>\n<meta property=\"og:url\" content=\"https:\/\/marktxxl.de\/markt\/produkt\/all-terrain-gear-x-wrangler-jungen-jeans\/\" \/>\n<meta property=\"og:site_name\" content=\"Markt-XXL\" \/>\n<meta property=\"article:modified_time\" content=\"2023-04-09T03:14:50+00:00\" \/>\n<meta property=\"og:image\" content=\"https:\/\/m.media-amazon.com\/images\/I\/41fjNRw0XLL._SL500_.jpg\" \/>\n\t<meta property=\"og:image:width\" content=\"375\" \/>\n\t<meta property=\"og:image:height\" content=\"500\" \/>\n\t<meta property=\"og:image:type\" content=\"image\/jpeg\" \/>\n<meta name=\"twitter:card\" content=\"summary_large_image\" \/>\n<meta name=\"twitter:label1\" content=\"Gesch\u00e4tzte Lesezeit\" \/>\n\t<meta name=\"twitter:data1\" content=\"1\u00a0Minute\" \/>\n<script type=\"application\/ld+json\" class=\"yoast-schema-graph\">{\"@context\":\"https:\\\/\\\/schema.org\",\"@graph\":[{\"@type\":\"WebPage\",\"@id\":\"https:\\\/\\\/marktxxl.de\\\/markt\\\/produkt\\\/all-terrain-gear-x-wrangler-jungen-jeans\\\/\",\"url\":\"https:\\\/\\\/marktxxl.de\\\/markt\\\/produkt\\\/all-terrain-gear-x-wrangler-jungen-jeans\\\/\",\"name\":\"ALL TERRAIN GEAR X Wrangler Jungen Jeans - Markt-XXL\",\"isPartOf\":{\"@id\":\"https:\\\/\\\/marktxxl.de\\\/markt\\\/#website\"},\"primaryImageOfPage\":{\"@id\":\"https:\\\/\\\/marktxxl.de\\\/markt\\\/produkt\\\/all-terrain-gear-x-wrangler-jungen-jeans\\\/#primaryimage\"},\"image\":{\"@id\":\"https:\\\/\\\/marktxxl.de\\\/markt\\\/produkt\\\/all-terrain-gear-x-wrangler-jungen-jeans\\\/#primaryimage\"},\"thumbnailUrl\":\"https:\\\/\\\/m.media-amazon.com\\\/images\\\/I\\\/41fjNRw0XLL._SL500_.jpg\",\"datePublished\":\"2023-03-11T06:29:14+00:00\",\"dateModified\":\"2023-04-09T03:14:50+00:00\",\"description\":\"Markt-XXL ALL TERRAIN GEAR X Wrangler Jungen Jeans\",\"breadcrumb\":{\"@id\":\"https:\\\/\\\/marktxxl.de\\\/markt\\\/produkt\\\/all-terrain-gear-x-wrangler-jungen-jeans\\\/#breadcrumb\"},\"inLanguage\":\"de\",\"potentialAction\":[{\"@type\":\"ReadAction\",\"target\":[\"https:\\\/\\\/marktxxl.de\\\/markt\\\/produkt\\\/all-terrain-gear-x-wrangler-jungen-jeans\\\/\"]}]},{\"@type\":\"ImageObject\",\"inLanguage\":\"de\",\"@id\":\"https:\\\/\\\/marktxxl.de\\\/markt\\\/produkt\\\/all-terrain-gear-x-wrangler-jungen-jeans\\\/#primaryimage\",\"url\":\"https:\\\/\\\/m.media-amazon.com\\\/images\\\/I\\\/41fjNRw0XLL._SL500_.jpg\",\"contentUrl\":\"https:\\\/\\\/m.media-amazon.com\\\/images\\\/I\\\/41fjNRw0XLL._SL500_.jpg\",\"width\":375,\"height\":500},{\"@type\":\"BreadcrumbList\",\"@id\":\"https:\\\/\\\/marktxxl.de\\\/markt\\\/produkt\\\/all-terrain-gear-x-wrangler-jungen-jeans\\\/#breadcrumb\",\"itemListElement\":[{\"@type\":\"ListItem\",\"position\":1,\"name\":\"Startseite\",\"item\":\"https:\\\/\\\/marktxxl.de\\\/markt\\\/\"},{\"@type\":\"ListItem\",\"position\":2,\"name\":\"Markt\",\"item\":\"https:\\\/\\\/marktxxl.de\\\/markt\\\/\"},{\"@type\":\"ListItem\",\"position\":3,\"name\":\"ALL TERRAIN GEAR X Wrangler Jungen Jeans\"}]},{\"@type\":\"WebSite\",\"@id\":\"https:\\\/\\\/marktxxl.de\\\/markt\\\/#website\",\"url\":\"https:\\\/\\\/marktxxl.de\\\/markt\\\/\",\"name\":\"Markt-XXL\",\"description\":\"Ihr Markt Online\",\"publisher\":{\"@id\":\"https:\\\/\\\/marktxxl.de\\\/markt\\\/#organization\"},\"potentialAction\":[{\"@type\":\"SearchAction\",\"target\":{\"@type\":\"EntryPoint\",\"urlTemplate\":\"https:\\\/\\\/marktxxl.de\\\/markt\\\/?s={search_term_string}\"},\"query-input\":{\"@type\":\"PropertyValueSpecification\",\"valueRequired\":true,\"valueName\":\"search_term_string\"}}],\"inLanguage\":\"de\"},{\"@type\":\"Organization\",\"@id\":\"https:\\\/\\\/marktxxl.de\\\/markt\\\/#organization\",\"name\":\"Markt-XXL\",\"url\":\"https:\\\/\\\/marktxxl.de\\\/markt\\\/\",\"logo\":{\"@type\":\"ImageObject\",\"inLanguage\":\"de\",\"@id\":\"https:\\\/\\\/marktxxl.de\\\/markt\\\/#\\\/schema\\\/logo\\\/image\\\/\",\"url\":\"https:\\\/\\\/marktxxl.de\\\/markt\\\/wp-content\\\/uploads\\\/sites\\\/3\\\/2020\\\/12\\\/logo.png\",\"contentUrl\":\"https:\\\/\\\/marktxxl.de\\\/markt\\\/wp-content\\\/uploads\\\/sites\\\/3\\\/2020\\\/12\\\/logo.png\",\"width\":200,\"height\":70,\"caption\":\"Markt-XXL\"},\"image\":{\"@id\":\"https:\\\/\\\/marktxxl.de\\\/markt\\\/#\\\/schema\\\/logo\\\/image\\\/\"}}]}<\/script>\n<!-- \/ Yoast SEO plugin. -->","yoast_head_json":{"title":"ALL TERRAIN GEAR X Wrangler Jungen Jeans - Markt-XXL","description":"Markt-XXL ALL TERRAIN GEAR X Wrangler Jungen Jeans","robots":{"index":"index","follow":"follow","max-snippet":"max-snippet:-1","max-image-preview":"max-image-preview:large","max-video-preview":"max-video-preview:-1"},"canonical":"https:\/\/marktxxl.de\/markt\/produkt\/all-terrain-gear-x-wrangler-jungen-jeans\/","og_locale":"de_DE","og_type":"article","og_title":"ALL TERRAIN GEAR X Wrangler Jungen Jeans - Markt-XXL","og_description":"Markt-XXL ALL TERRAIN GEAR X Wrangler Jungen Jeans","og_url":"https:\/\/marktxxl.de\/markt\/produkt\/all-terrain-gear-x-wrangler-jungen-jeans\/","og_site_name":"Markt-XXL","article_modified_time":"2023-04-09T03:14:50+00:00","og_image":[{"width":375,"height":500,"url":"https:\/\/m.media-amazon.com\/images\/I\/41fjNRw0XLL._SL500_.jpg","type":"image\/jpeg"}],"twitter_card":"summary_large_image","twitter_misc":{"Gesch\u00e4tzte Lesezeit":"1\u00a0Minute"},"schema":{"@context":"https:\/\/schema.org","@graph":[{"@type":"WebPage","@id":"https:\/\/marktxxl.de\/markt\/produkt\/all-terrain-gear-x-wrangler-jungen-jeans\/","url":"https:\/\/marktxxl.de\/markt\/produkt\/all-terrain-gear-x-wrangler-jungen-jeans\/","name":"ALL TERRAIN GEAR X Wrangler Jungen Jeans - Markt-XXL","isPartOf":{"@id":"https:\/\/marktxxl.de\/markt\/#website"},"primaryImageOfPage":{"@id":"https:\/\/marktxxl.de\/markt\/produkt\/all-terrain-gear-x-wrangler-jungen-jeans\/#primaryimage"},"image":{"@id":"https:\/\/marktxxl.de\/markt\/produkt\/all-terrain-gear-x-wrangler-jungen-jeans\/#primaryimage"},"thumbnailUrl":"https:\/\/m.media-amazon.com\/images\/I\/41fjNRw0XLL._SL500_.jpg","datePublished":"2023-03-11T06:29:14+00:00","dateModified":"2023-04-09T03:14:50+00:00","description":"Markt-XXL ALL TERRAIN GEAR X Wrangler Jungen Jeans","breadcrumb":{"@id":"https:\/\/marktxxl.de\/markt\/produkt\/all-terrain-gear-x-wrangler-jungen-jeans\/#breadcrumb"},"inLanguage":"de","potentialAction":[{"@type":"ReadAction","target":["https:\/\/marktxxl.de\/markt\/produkt\/all-terrain-gear-x-wrangler-jungen-jeans\/"]}]},{"@type":"ImageObject","inLanguage":"de","@id":"https:\/\/marktxxl.de\/markt\/produkt\/all-terrain-gear-x-wrangler-jungen-jeans\/#primaryimage","url":"https:\/\/m.media-amazon.com\/images\/I\/41fjNRw0XLL._SL500_.jpg","contentUrl":"https:\/\/m.media-amazon.com\/images\/I\/41fjNRw0XLL._SL500_.jpg","width":375,"height":500},{"@type":"BreadcrumbList","@id":"https:\/\/marktxxl.de\/markt\/produkt\/all-terrain-gear-x-wrangler-jungen-jeans\/#breadcrumb","itemListElement":[{"@type":"ListItem","position":1,"name":"Startseite","item":"https:\/\/marktxxl.de\/markt\/"},{"@type":"ListItem","position":2,"name":"Markt","item":"https:\/\/marktxxl.de\/markt\/"},{"@type":"ListItem","position":3,"name":"ALL TERRAIN GEAR X Wrangler Jungen Jeans"}]},{"@type":"WebSite","@id":"https:\/\/marktxxl.de\/markt\/#website","url":"https:\/\/marktxxl.de\/markt\/","name":"Markt-XXL","description":"Ihr Markt Online","publisher":{"@id":"https:\/\/marktxxl.de\/markt\/#organization"},"potentialAction":[{"@type":"SearchAction","target":{"@type":"EntryPoint","urlTemplate":"https:\/\/marktxxl.de\/markt\/?s={search_term_string}"},"query-input":{"@type":"PropertyValueSpecification","valueRequired":true,"valueName":"search_term_string"}}],"inLanguage":"de"},{"@type":"Organization","@id":"https:\/\/marktxxl.de\/markt\/#organization","name":"Markt-XXL","url":"https:\/\/marktxxl.de\/markt\/","logo":{"@type":"ImageObject","inLanguage":"de","@id":"https:\/\/marktxxl.de\/markt\/#\/schema\/logo\/image\/","url":"https:\/\/marktxxl.de\/markt\/wp-content\/uploads\/sites\/3\/2020\/12\/logo.png","contentUrl":"https:\/\/marktxxl.de\/markt\/wp-content\/uploads\/sites\/3\/2020\/12\/logo.png","width":200,"height":70,"caption":"Markt-XXL"},"image":{"@id":"https:\/\/marktxxl.de\/markt\/#\/schema\/logo\/image\/"}}]}},"_links":{"self":[{"href":"https:\/\/marktxxl.de\/markt\/wp-json\/wp\/v2\/product\/194393","targetHints":{"allow":["GET"]}}],"collection":[{"href":"https:\/\/marktxxl.de\/markt\/wp-json\/wp\/v2\/product"}],"about":[{"href":"https:\/\/marktxxl.de\/markt\/wp-json\/wp\/v2\/types\/product"}],"replies":[{"embeddable":true,"href":"https:\/\/marktxxl.de\/markt\/wp-json\/wp\/v2\/comments?post=194393"}],"wp:featuredmedia":[{"embeddable":true,"href":"https:\/\/marktxxl.de\/markt\/wp-json\/wp\/v2\/media\/194394"}],"wp:attachment":[{"href":"https:\/\/marktxxl.de\/markt\/wp-json\/wp\/v2\/media?parent=194393"}],"wp:term":[{"taxonomy":"product_brand","embeddable":true,"href":"https:\/\/marktxxl.de\/markt\/wp-json\/wp\/v2\/product_brand?post=194393"},{"taxonomy":"product_cat","embeddable":true,"href":"https:\/\/marktxxl.de\/markt\/wp-json\/wp\/v2\/product_cat?post=194393"},{"taxonomy":"product_tag","embeddable":true,"href":"https:\/\/marktxxl.de\/markt\/wp-json\/wp\/v2\/product_tag?post=194393"}],"curies":[{"name":"wp","href":"https:\/\/api.w.org\/{rel}","templated":true}]}}