{"id":194312,"date":"2023-03-11T07:26:22","date_gmt":"2023-03-11T06:26:22","guid":{"rendered":"https:\/\/marktxxl.de\/markt\/produkt\/newaner-make-up-kosmetik-organizer-360-drehung-lippenstift-organizer-kosmetische-aufbewahrungsbox-desktop-fuer-dresser-badezimmer-schlafzimmer-transparent-kommode-aus-kunststoff\/"},"modified":"2023-04-09T05:14:48","modified_gmt":"2023-04-09T03:14:48","slug":"newaner-make-up-kosmetik-organizer-360-drehung-lippenstift-organizer-kosmetische-aufbewahrungsbox-desktop-fuer-dresser-badezimmer-schlafzimmer-transparent-kommode-aus-kunststoff","status":"publish","type":"product","link":"https:\/\/marktxxl.de\/markt\/produkt\/newaner-make-up-kosmetik-organizer-360-drehung-lippenstift-organizer-kosmetische-aufbewahrungsbox-desktop-fuer-dresser-badezimmer-schlafzimmer-transparent-kommode-aus-kunststoff\/","title":{"rendered":"Newaner Make Up Kosmetik Organizer, 360 Drehung Lippenstift-Organizer Kosmetische Aufbewahrungsbox Desktop f\u00fcr Dresser\u2026"},"content":{"rendered":"<p>\u3010360\u00b0 drehbar\u3011 Die um 360\u00b0 drehbare Kosmetikbox f\u00fcgt sich perfekt in die gew\u00f6hnliche Kosmetikbox ein und organisiert und speichert Ihr Make-up und Zubeh\u00f6r perfekt. Transparente Aufbewahrung, verst\u00e4rkt, die stabile Basis dreht sich sanft, um das ben\u00f6tigte Make-up oder Zubeh\u00f6r schnell zu finden.<br \/>\n\u3010Mehrstufige F\u00e4cher\u3011Die Kosmetikbox bietet mehrschichtige F\u00e4cher, der Drehdurchmesser betr\u00e4gt 23 cm, die Gesamth\u00f6he 30 cm und die Kapazit\u00e4t ist gro\u00df. Je nach Bedarf k\u00f6nnen Sie Kosmetika und Schmuck in verschiedene F\u00e4cher legen, um verschiedene Arten und Gr\u00f6\u00dfen von Kosmetika aufzubewahren. Es kann effektiv Platz auf Ihrer Kommode sparen, sie organisiert aussehen lassen und Ihren Wohnraum ordentlich halten.<br \/>\n\u3010Ausgezeichnete Qualit\u00e4t\u3011 In dieser um 360\u00b0 drehbaren Kosmetikbox wird PS-Kunststoffmaterial verwendet. Sicher, zuverl\u00e4ssig und ungiftig. Die Basis nimmt eine integrierte Synthesemethode an, der Zaun wird erh\u00f6ht und verdickt, die Tragf\u00e4higkeit ist superstark und die Gegenst\u00e4nde werden gedreht, ohne herunterzufallen.<br \/>\n\u3010Einfach zu installieren und zu reinigen\u3011 Die Kosmetikbox ist einfach zu installieren und zu demontieren, und der Organizer ist gem\u00e4\u00df den Anweisungen schnell montiert und demontiert. Es muss nach der Demontage nur mit klarem Wasser gereinigt oder mit einem Handtuch abgewischt werden, um es sauber zu halten.<br \/>\n\u3010Ausgezeichnete Wahl f\u00fcr Geschenke\u3011 Die Aufbewahrungsbox eignet sich f\u00fcr alle Arten von R\u00e4umen, perfekt f\u00fcr Schlafzimmer, Wohnzimmer und Badezimmer. Bewahren Sie alle Arten von Kosmetik- und Sch\u00f6nheitsartikeln in der Aufbewahrungsbox auf. Nehmen Sie weniger Platz ein, machen Sie Ihr Leben besser und sorgen Sie f\u00fcr Ordnung. Ideales Geschenk f\u00fcr Mutter, Schwester, Schwester, Mitsch\u00fclerin, Ehefrau<br \/>\n<div class=\"main-cross-sell\" data-asin=\"B09YNNSH9C\">\n\n\t<div class=\"WooZone-cross-sell-loader\">\n\t\t<div>\n\t\t\t<div id=\"floatingBarsG\">\n\t\t\t\t<div class=\"blockG\" id=\"rotateG_01\"><\/div>\n\t\t\t\t<div class=\"blockG\" id=\"rotateG_02\"><\/div>\n\t\t\t\t<div class=\"blockG\" id=\"rotateG_03\"><\/div>\n\t\t\t\t<div class=\"blockG\" id=\"rotateG_04\"><\/div>\n\t\t\t\t<div class=\"blockG\" id=\"rotateG_05\"><\/div>\n\t\t\t\t<div class=\"blockG\" id=\"rotateG_06\"><\/div>\n\t\t\t\t<div class=\"blockG\" id=\"rotateG_07\"><\/div>\n\t\t\t\t<div class=\"blockG\" id=\"rotateG_08\"><\/div>\n\t\t\t<\/div>\n\t\t\t<div class=\"WooZone-cross-sell-loader-text\"><\/div>\n\t\t<\/div>\n\t<\/div>\n\n\t\t\n<\/div>\n<div style=\"clear:both;\"><\/div><\/p>\n","protected":false},"excerpt":{"rendered":"<p>\u3010360\u00b0 drehbar\u3011 Die um 360\u00b0 drehbare Kosmetikbox f\u00fcgt sich perfekt in die gew\u00f6hnliche Kosmetikbox ein und organisiert und speichert Ihr Make-up und Zubeh\u00f6r perfekt. Transparente Aufbewahrung, verst\u00e4rkt, die stabile Basis dreht sich sanft, um das ben\u00f6tigte Make-up oder Zubeh\u00f6r schnell zu finden.<br \/>\n\u3010Mehrstufige F\u00e4cher\u3011Die Kosmetikbox bietet mehrschichtige F\u00e4cher, der Drehdurchmesser betr\u00e4gt 23 cm, die Gesamth\u00f6he 30 cm und die Kapazit\u00e4t ist gro\u00df. Je nach Bedarf k\u00f6nnen Sie Kosmetika und Schmuck in verschiedene F\u00e4cher legen, um verschiedene Arten und Gr\u00f6\u00dfen von Kosmetika aufzubewahren. Es kann effektiv Platz auf Ihrer Kommode sparen, sie organisiert aussehen lassen und Ihren Wohnraum ordentlich halten.<br \/>\n\u3010Ausgezeichnete Qualit\u00e4t\u3011 In dieser um 360\u00b0 drehbaren Kosmetikbox wird PS-Kunststoffmaterial verwendet. Sicher, zuverl\u00e4ssig und ungiftig. Die Basis nimmt eine integrierte Synthesemethode an, der Zaun wird erh\u00f6ht und verdickt, die Tragf\u00e4higkeit ist superstark und die Gegenst\u00e4nde werden gedreht, ohne herunterzufallen.<\/p>\n","protected":false},"featured_media":194313,"comment_status":"open","ping_status":"closed","template":"","meta":[],"product_brand":[],"product_cat":[2858,7726],"product_tag":[],"class_list":{"0":"post-194312","1":"product","2":"type-product","3":"status-publish","4":"has-post-thumbnail","6":"product_cat-beauty","7":"product_cat-zubehoer-beauty","8":"pa_binding-werkzeug","9":"pa_brand-newaner","10":"pa_color-transparent","11":"pa_height-11-023622036-zoll","12":"pa_length-9-055118101-zoll","13":"pa_manufacturer-newaner","14":"pa_model-ymj119","15":"pa_size-einheitsgroesse","16":"pa_weight-1-653466965-pfund","17":"pa_width-3-543307083-zoll","19":"first","20":"instock","21":"shipping-taxable","22":"purchasable","23":"product-type-simple","24":"customify-col","25":"product-has-gallery"},"yoast_head":"<!-- This site is optimized with the Yoast SEO plugin v27.3 - https:\/\/yoast.com\/product\/yoast-seo-wordpress\/ -->\n<title>Newaner Make Up Kosmetik Organizer, 360 Drehung Lippenstift-Organizer Kosmetische Aufbewahrungsbox Desktop f\u00fcr Dresser\u2026 - Markt-XXL<\/title>\n<meta name=\"description\" content=\"Markt-XXL Newaner Make Up Kosmetik Organizer, 360 Drehung Lippenstift-Organizer Kosmetische Aufbewahrungsbox Desktop f\u00fcr Dresser\u2026\" \/>\n<meta name=\"robots\" content=\"index, follow, max-snippet:-1, max-image-preview:large, max-video-preview:-1\" \/>\n<link rel=\"canonical\" href=\"https:\/\/marktxxl.de\/markt\/produkt\/newaner-make-up-kosmetik-organizer-360-drehung-lippenstift-organizer-kosmetische-aufbewahrungsbox-desktop-fuer-dresser-badezimmer-schlafzimmer-transparent-kommode-aus-kunststoff\/\" \/>\n<meta property=\"og:locale\" content=\"de_DE\" \/>\n<meta property=\"og:type\" content=\"article\" \/>\n<meta property=\"og:title\" content=\"Newaner Make Up Kosmetik Organizer, 360 Drehung Lippenstift-Organizer Kosmetische Aufbewahrungsbox Desktop f\u00fcr Dresser\u2026 - Markt-XXL\" \/>\n<meta property=\"og:description\" content=\"Markt-XXL Newaner Make Up Kosmetik Organizer, 360 Drehung Lippenstift-Organizer Kosmetische Aufbewahrungsbox Desktop f\u00fcr Dresser\u2026\" \/>\n<meta property=\"og:url\" content=\"https:\/\/marktxxl.de\/markt\/produkt\/newaner-make-up-kosmetik-organizer-360-drehung-lippenstift-organizer-kosmetische-aufbewahrungsbox-desktop-fuer-dresser-badezimmer-schlafzimmer-transparent-kommode-aus-kunststoff\/\" \/>\n<meta property=\"og:site_name\" content=\"Markt-XXL\" \/>\n<meta property=\"article:modified_time\" content=\"2023-04-09T03:14:48+00:00\" \/>\n<meta property=\"og:image\" content=\"https:\/\/m.media-amazon.com\/images\/I\/416o1qUxSxL._SL500_.jpg\" \/>\n\t<meta property=\"og:image:width\" content=\"500\" \/>\n\t<meta property=\"og:image:height\" content=\"500\" \/>\n\t<meta property=\"og:image:type\" content=\"image\/jpeg\" \/>\n<meta name=\"twitter:card\" content=\"summary_large_image\" \/>\n<meta name=\"twitter:label1\" content=\"Gesch\u00e4tzte Lesezeit\" \/>\n\t<meta name=\"twitter:data1\" content=\"1\u00a0Minute\" \/>\n<script type=\"application\/ld+json\" class=\"yoast-schema-graph\">{\"@context\":\"https:\\\/\\\/schema.org\",\"@graph\":[{\"@type\":\"WebPage\",\"@id\":\"https:\\\/\\\/marktxxl.de\\\/markt\\\/produkt\\\/newaner-make-up-kosmetik-organizer-360-drehung-lippenstift-organizer-kosmetische-aufbewahrungsbox-desktop-fuer-dresser-badezimmer-schlafzimmer-transparent-kommode-aus-kunststoff\\\/\",\"url\":\"https:\\\/\\\/marktxxl.de\\\/markt\\\/produkt\\\/newaner-make-up-kosmetik-organizer-360-drehung-lippenstift-organizer-kosmetische-aufbewahrungsbox-desktop-fuer-dresser-badezimmer-schlafzimmer-transparent-kommode-aus-kunststoff\\\/\",\"name\":\"Newaner Make Up Kosmetik Organizer, 360 Drehung Lippenstift-Organizer Kosmetische Aufbewahrungsbox Desktop f\u00fcr Dresser\u2026 - Markt-XXL\",\"isPartOf\":{\"@id\":\"https:\\\/\\\/marktxxl.de\\\/markt\\\/#website\"},\"primaryImageOfPage\":{\"@id\":\"https:\\\/\\\/marktxxl.de\\\/markt\\\/produkt\\\/newaner-make-up-kosmetik-organizer-360-drehung-lippenstift-organizer-kosmetische-aufbewahrungsbox-desktop-fuer-dresser-badezimmer-schlafzimmer-transparent-kommode-aus-kunststoff\\\/#primaryimage\"},\"image\":{\"@id\":\"https:\\\/\\\/marktxxl.de\\\/markt\\\/produkt\\\/newaner-make-up-kosmetik-organizer-360-drehung-lippenstift-organizer-kosmetische-aufbewahrungsbox-desktop-fuer-dresser-badezimmer-schlafzimmer-transparent-kommode-aus-kunststoff\\\/#primaryimage\"},\"thumbnailUrl\":\"https:\\\/\\\/m.media-amazon.com\\\/images\\\/I\\\/416o1qUxSxL._SL500_.jpg\",\"datePublished\":\"2023-03-11T06:26:22+00:00\",\"dateModified\":\"2023-04-09T03:14:48+00:00\",\"description\":\"Markt-XXL Newaner Make Up Kosmetik Organizer, 360 Drehung Lippenstift-Organizer Kosmetische Aufbewahrungsbox Desktop f\u00fcr Dresser\u2026\",\"breadcrumb\":{\"@id\":\"https:\\\/\\\/marktxxl.de\\\/markt\\\/produkt\\\/newaner-make-up-kosmetik-organizer-360-drehung-lippenstift-organizer-kosmetische-aufbewahrungsbox-desktop-fuer-dresser-badezimmer-schlafzimmer-transparent-kommode-aus-kunststoff\\\/#breadcrumb\"},\"inLanguage\":\"de\",\"potentialAction\":[{\"@type\":\"ReadAction\",\"target\":[\"https:\\\/\\\/marktxxl.de\\\/markt\\\/produkt\\\/newaner-make-up-kosmetik-organizer-360-drehung-lippenstift-organizer-kosmetische-aufbewahrungsbox-desktop-fuer-dresser-badezimmer-schlafzimmer-transparent-kommode-aus-kunststoff\\\/\"]}]},{\"@type\":\"ImageObject\",\"inLanguage\":\"de\",\"@id\":\"https:\\\/\\\/marktxxl.de\\\/markt\\\/produkt\\\/newaner-make-up-kosmetik-organizer-360-drehung-lippenstift-organizer-kosmetische-aufbewahrungsbox-desktop-fuer-dresser-badezimmer-schlafzimmer-transparent-kommode-aus-kunststoff\\\/#primaryimage\",\"url\":\"https:\\\/\\\/m.media-amazon.com\\\/images\\\/I\\\/416o1qUxSxL._SL500_.jpg\",\"contentUrl\":\"https:\\\/\\\/m.media-amazon.com\\\/images\\\/I\\\/416o1qUxSxL._SL500_.jpg\",\"width\":500,\"height\":500},{\"@type\":\"BreadcrumbList\",\"@id\":\"https:\\\/\\\/marktxxl.de\\\/markt\\\/produkt\\\/newaner-make-up-kosmetik-organizer-360-drehung-lippenstift-organizer-kosmetische-aufbewahrungsbox-desktop-fuer-dresser-badezimmer-schlafzimmer-transparent-kommode-aus-kunststoff\\\/#breadcrumb\",\"itemListElement\":[{\"@type\":\"ListItem\",\"position\":1,\"name\":\"Startseite\",\"item\":\"https:\\\/\\\/marktxxl.de\\\/markt\\\/\"},{\"@type\":\"ListItem\",\"position\":2,\"name\":\"Markt\",\"item\":\"https:\\\/\\\/marktxxl.de\\\/markt\\\/\"},{\"@type\":\"ListItem\",\"position\":3,\"name\":\"Newaner Make Up Kosmetik Organizer, 360 Drehung Lippenstift-Organizer Kosmetische Aufbewahrungsbox Desktop f\u00fcr Dresser\u2026\"}]},{\"@type\":\"WebSite\",\"@id\":\"https:\\\/\\\/marktxxl.de\\\/markt\\\/#website\",\"url\":\"https:\\\/\\\/marktxxl.de\\\/markt\\\/\",\"name\":\"Markt-XXL\",\"description\":\"Ihr Markt Online\",\"publisher\":{\"@id\":\"https:\\\/\\\/marktxxl.de\\\/markt\\\/#organization\"},\"potentialAction\":[{\"@type\":\"SearchAction\",\"target\":{\"@type\":\"EntryPoint\",\"urlTemplate\":\"https:\\\/\\\/marktxxl.de\\\/markt\\\/?s={search_term_string}\"},\"query-input\":{\"@type\":\"PropertyValueSpecification\",\"valueRequired\":true,\"valueName\":\"search_term_string\"}}],\"inLanguage\":\"de\"},{\"@type\":\"Organization\",\"@id\":\"https:\\\/\\\/marktxxl.de\\\/markt\\\/#organization\",\"name\":\"Markt-XXL\",\"url\":\"https:\\\/\\\/marktxxl.de\\\/markt\\\/\",\"logo\":{\"@type\":\"ImageObject\",\"inLanguage\":\"de\",\"@id\":\"https:\\\/\\\/marktxxl.de\\\/markt\\\/#\\\/schema\\\/logo\\\/image\\\/\",\"url\":\"https:\\\/\\\/marktxxl.de\\\/markt\\\/wp-content\\\/uploads\\\/sites\\\/3\\\/2020\\\/12\\\/logo.png\",\"contentUrl\":\"https:\\\/\\\/marktxxl.de\\\/markt\\\/wp-content\\\/uploads\\\/sites\\\/3\\\/2020\\\/12\\\/logo.png\",\"width\":200,\"height\":70,\"caption\":\"Markt-XXL\"},\"image\":{\"@id\":\"https:\\\/\\\/marktxxl.de\\\/markt\\\/#\\\/schema\\\/logo\\\/image\\\/\"}}]}<\/script>\n<!-- \/ Yoast SEO plugin. -->","yoast_head_json":{"title":"Newaner Make Up Kosmetik Organizer, 360 Drehung Lippenstift-Organizer Kosmetische Aufbewahrungsbox Desktop f\u00fcr Dresser\u2026 - Markt-XXL","description":"Markt-XXL Newaner Make Up Kosmetik Organizer, 360 Drehung Lippenstift-Organizer Kosmetische Aufbewahrungsbox Desktop f\u00fcr Dresser\u2026","robots":{"index":"index","follow":"follow","max-snippet":"max-snippet:-1","max-image-preview":"max-image-preview:large","max-video-preview":"max-video-preview:-1"},"canonical":"https:\/\/marktxxl.de\/markt\/produkt\/newaner-make-up-kosmetik-organizer-360-drehung-lippenstift-organizer-kosmetische-aufbewahrungsbox-desktop-fuer-dresser-badezimmer-schlafzimmer-transparent-kommode-aus-kunststoff\/","og_locale":"de_DE","og_type":"article","og_title":"Newaner Make Up Kosmetik Organizer, 360 Drehung Lippenstift-Organizer Kosmetische Aufbewahrungsbox Desktop f\u00fcr Dresser\u2026 - Markt-XXL","og_description":"Markt-XXL Newaner Make Up Kosmetik Organizer, 360 Drehung Lippenstift-Organizer Kosmetische Aufbewahrungsbox Desktop f\u00fcr Dresser\u2026","og_url":"https:\/\/marktxxl.de\/markt\/produkt\/newaner-make-up-kosmetik-organizer-360-drehung-lippenstift-organizer-kosmetische-aufbewahrungsbox-desktop-fuer-dresser-badezimmer-schlafzimmer-transparent-kommode-aus-kunststoff\/","og_site_name":"Markt-XXL","article_modified_time":"2023-04-09T03:14:48+00:00","og_image":[{"width":500,"height":500,"url":"https:\/\/m.media-amazon.com\/images\/I\/416o1qUxSxL._SL500_.jpg","type":"image\/jpeg"}],"twitter_card":"summary_large_image","twitter_misc":{"Gesch\u00e4tzte Lesezeit":"1\u00a0Minute"},"schema":{"@context":"https:\/\/schema.org","@graph":[{"@type":"WebPage","@id":"https:\/\/marktxxl.de\/markt\/produkt\/newaner-make-up-kosmetik-organizer-360-drehung-lippenstift-organizer-kosmetische-aufbewahrungsbox-desktop-fuer-dresser-badezimmer-schlafzimmer-transparent-kommode-aus-kunststoff\/","url":"https:\/\/marktxxl.de\/markt\/produkt\/newaner-make-up-kosmetik-organizer-360-drehung-lippenstift-organizer-kosmetische-aufbewahrungsbox-desktop-fuer-dresser-badezimmer-schlafzimmer-transparent-kommode-aus-kunststoff\/","name":"Newaner Make Up Kosmetik Organizer, 360 Drehung Lippenstift-Organizer Kosmetische Aufbewahrungsbox Desktop f\u00fcr Dresser\u2026 - Markt-XXL","isPartOf":{"@id":"https:\/\/marktxxl.de\/markt\/#website"},"primaryImageOfPage":{"@id":"https:\/\/marktxxl.de\/markt\/produkt\/newaner-make-up-kosmetik-organizer-360-drehung-lippenstift-organizer-kosmetische-aufbewahrungsbox-desktop-fuer-dresser-badezimmer-schlafzimmer-transparent-kommode-aus-kunststoff\/#primaryimage"},"image":{"@id":"https:\/\/marktxxl.de\/markt\/produkt\/newaner-make-up-kosmetik-organizer-360-drehung-lippenstift-organizer-kosmetische-aufbewahrungsbox-desktop-fuer-dresser-badezimmer-schlafzimmer-transparent-kommode-aus-kunststoff\/#primaryimage"},"thumbnailUrl":"https:\/\/m.media-amazon.com\/images\/I\/416o1qUxSxL._SL500_.jpg","datePublished":"2023-03-11T06:26:22+00:00","dateModified":"2023-04-09T03:14:48+00:00","description":"Markt-XXL Newaner Make Up Kosmetik Organizer, 360 Drehung Lippenstift-Organizer Kosmetische Aufbewahrungsbox Desktop f\u00fcr Dresser\u2026","breadcrumb":{"@id":"https:\/\/marktxxl.de\/markt\/produkt\/newaner-make-up-kosmetik-organizer-360-drehung-lippenstift-organizer-kosmetische-aufbewahrungsbox-desktop-fuer-dresser-badezimmer-schlafzimmer-transparent-kommode-aus-kunststoff\/#breadcrumb"},"inLanguage":"de","potentialAction":[{"@type":"ReadAction","target":["https:\/\/marktxxl.de\/markt\/produkt\/newaner-make-up-kosmetik-organizer-360-drehung-lippenstift-organizer-kosmetische-aufbewahrungsbox-desktop-fuer-dresser-badezimmer-schlafzimmer-transparent-kommode-aus-kunststoff\/"]}]},{"@type":"ImageObject","inLanguage":"de","@id":"https:\/\/marktxxl.de\/markt\/produkt\/newaner-make-up-kosmetik-organizer-360-drehung-lippenstift-organizer-kosmetische-aufbewahrungsbox-desktop-fuer-dresser-badezimmer-schlafzimmer-transparent-kommode-aus-kunststoff\/#primaryimage","url":"https:\/\/m.media-amazon.com\/images\/I\/416o1qUxSxL._SL500_.jpg","contentUrl":"https:\/\/m.media-amazon.com\/images\/I\/416o1qUxSxL._SL500_.jpg","width":500,"height":500},{"@type":"BreadcrumbList","@id":"https:\/\/marktxxl.de\/markt\/produkt\/newaner-make-up-kosmetik-organizer-360-drehung-lippenstift-organizer-kosmetische-aufbewahrungsbox-desktop-fuer-dresser-badezimmer-schlafzimmer-transparent-kommode-aus-kunststoff\/#breadcrumb","itemListElement":[{"@type":"ListItem","position":1,"name":"Startseite","item":"https:\/\/marktxxl.de\/markt\/"},{"@type":"ListItem","position":2,"name":"Markt","item":"https:\/\/marktxxl.de\/markt\/"},{"@type":"ListItem","position":3,"name":"Newaner Make Up Kosmetik Organizer, 360 Drehung Lippenstift-Organizer Kosmetische Aufbewahrungsbox Desktop f\u00fcr Dresser\u2026"}]},{"@type":"WebSite","@id":"https:\/\/marktxxl.de\/markt\/#website","url":"https:\/\/marktxxl.de\/markt\/","name":"Markt-XXL","description":"Ihr Markt Online","publisher":{"@id":"https:\/\/marktxxl.de\/markt\/#organization"},"potentialAction":[{"@type":"SearchAction","target":{"@type":"EntryPoint","urlTemplate":"https:\/\/marktxxl.de\/markt\/?s={search_term_string}"},"query-input":{"@type":"PropertyValueSpecification","valueRequired":true,"valueName":"search_term_string"}}],"inLanguage":"de"},{"@type":"Organization","@id":"https:\/\/marktxxl.de\/markt\/#organization","name":"Markt-XXL","url":"https:\/\/marktxxl.de\/markt\/","logo":{"@type":"ImageObject","inLanguage":"de","@id":"https:\/\/marktxxl.de\/markt\/#\/schema\/logo\/image\/","url":"https:\/\/marktxxl.de\/markt\/wp-content\/uploads\/sites\/3\/2020\/12\/logo.png","contentUrl":"https:\/\/marktxxl.de\/markt\/wp-content\/uploads\/sites\/3\/2020\/12\/logo.png","width":200,"height":70,"caption":"Markt-XXL"},"image":{"@id":"https:\/\/marktxxl.de\/markt\/#\/schema\/logo\/image\/"}}]}},"_links":{"self":[{"href":"https:\/\/marktxxl.de\/markt\/wp-json\/wp\/v2\/product\/194312","targetHints":{"allow":["GET"]}}],"collection":[{"href":"https:\/\/marktxxl.de\/markt\/wp-json\/wp\/v2\/product"}],"about":[{"href":"https:\/\/marktxxl.de\/markt\/wp-json\/wp\/v2\/types\/product"}],"replies":[{"embeddable":true,"href":"https:\/\/marktxxl.de\/markt\/wp-json\/wp\/v2\/comments?post=194312"}],"wp:featuredmedia":[{"embeddable":true,"href":"https:\/\/marktxxl.de\/markt\/wp-json\/wp\/v2\/media\/194313"}],"wp:attachment":[{"href":"https:\/\/marktxxl.de\/markt\/wp-json\/wp\/v2\/media?parent=194312"}],"wp:term":[{"taxonomy":"product_brand","embeddable":true,"href":"https:\/\/marktxxl.de\/markt\/wp-json\/wp\/v2\/product_brand?post=194312"},{"taxonomy":"product_cat","embeddable":true,"href":"https:\/\/marktxxl.de\/markt\/wp-json\/wp\/v2\/product_cat?post=194312"},{"taxonomy":"product_tag","embeddable":true,"href":"https:\/\/marktxxl.de\/markt\/wp-json\/wp\/v2\/product_tag?post=194312"}],"curies":[{"name":"wp","href":"https:\/\/api.w.org\/{rel}","templated":true}]}}