{"id":194076,"date":"2023-03-11T06:52:38","date_gmt":"2023-03-11T05:52:38","guid":{"rendered":"https:\/\/marktxxl.de\/markt\/produkt\/hartschalen-tragetasche-fuer-polaroid-hi-print-9046-bluetooth-connected-2x3-pocket-photo-printer-reise-case-aufbewahrung-fuer-polaroid-hi-print-und-2x3-paper-cartridge-nur-huelle\/"},"modified":"2023-04-09T05:14:43","modified_gmt":"2023-04-09T03:14:43","slug":"hartschalen-tragetasche-fuer-polaroid-hi-print-9046-bluetooth-connected-2x3-pocket-photo-printer-reise-case-aufbewahrung-fuer-polaroid-hi-print-und-2x3-paper-cartridge-nur-huelle","status":"publish","type":"product","link":"https:\/\/marktxxl.de\/markt\/produkt\/hartschalen-tragetasche-fuer-polaroid-hi-print-9046-bluetooth-connected-2x3-pocket-photo-printer-reise-case-aufbewahrung-fuer-polaroid-hi-print-und-2x3-paper-cartridge-nur-huelle\/","title":{"rendered":"Hard Carrying Case for Polaroid Hi-Print 9046 Bluetooth Connected 2&#215;3 Pocket Photo Printer, Travel Case Storage for\u2026"},"content":{"rendered":"<p>Kompatibilit\u00e4t: Diese H\u00fclle ist kompatibel mit Polaroid Hi-Print-Bluetooth Connected 2&#215;3 Pocket Photo Printer, 2&#215;3 Photo Paper Cartridge und Zubeh\u00f6r.<br \/>\nMaximaler Schutz: Fixieren Sie Ihr Ger\u00e4t gut, absorbieren St\u00f6\u00dfe effektiv und reduzieren Sie Sch\u00e4den, die durch versehentliches St\u00f6\u00dfe verursacht werden, sto\u00dffest und staubdicht und wasserabweisend, halten Sie Ihr Ger\u00e4t kratzfrei, sichert Ihr Ger\u00e4t in gutem Zustand.<br \/>\nUltra-tragbar und angenehm: Die sch\u00f6ne H\u00fclle verf\u00fcgt \u00fcber zwei interne Netztaschen, um Ihr Ladekabel separat zu verstauen und 2 x 3 Papierkartuschen. Mit einer Handschlaufe k\u00f6nnen Sie Ihren Fotodrucker und Zubeh\u00f6r \u00fcberall hin mitnehmen, sehr einfach das Ger\u00e4t w\u00e4hrend der Reise zu tragen, geben Ihnen ein besseres Druckerlebnis und Gef\u00fchl.<br \/>\nHohe Qualit\u00e4t &#8211; aus hochwertigem EVA, H\u00fclle mit starkem Rei\u00dfverschluss und Handschlaufe.<br \/>\nLieferumfang: 1 x Hartschale (Ger\u00e4t und Zubeh\u00f6r sind nicht im Lieferumfang enthalten), diese H\u00fclle ist ein tolles Geschenk zum Schutz und zur Aufbewahrung Ihres Ger\u00e4ts und Zubeh\u00f6rs.<br \/>\n<div class=\"main-cross-sell\" data-asin=\"B095HDWJ13\">\n\n\t<div class=\"WooZone-cross-sell-loader\">\n\t\t<div>\n\t\t\t<div id=\"floatingBarsG\">\n\t\t\t\t<div class=\"blockG\" id=\"rotateG_01\"><\/div>\n\t\t\t\t<div class=\"blockG\" id=\"rotateG_02\"><\/div>\n\t\t\t\t<div class=\"blockG\" id=\"rotateG_03\"><\/div>\n\t\t\t\t<div class=\"blockG\" id=\"rotateG_04\"><\/div>\n\t\t\t\t<div class=\"blockG\" id=\"rotateG_05\"><\/div>\n\t\t\t\t<div class=\"blockG\" id=\"rotateG_06\"><\/div>\n\t\t\t\t<div class=\"blockG\" id=\"rotateG_07\"><\/div>\n\t\t\t\t<div class=\"blockG\" id=\"rotateG_08\"><\/div>\n\t\t\t<\/div>\n\t\t\t<div class=\"WooZone-cross-sell-loader-text\"><\/div>\n\t\t<\/div>\n\t<\/div>\n\n\t\t\n<\/div>\n<div style=\"clear:both;\"><\/div><\/p>\n","protected":false},"excerpt":{"rendered":"<p>Kompatibilit\u00e4t: Diese H\u00fclle ist kompatibel mit Polaroid Hi-Print-Bluetooth Connected 2&#215;3 Pocket Photo Printer, 2&#215;3 Photo Paper Cartridge und Zubeh\u00f6r.<br \/>\nMaximaler Schutz: Fixieren Sie Ihr Ger\u00e4t gut, absorbieren St\u00f6\u00dfe effektiv und reduzieren Sie Sch\u00e4den, die durch versehentliches St\u00f6\u00dfe verursacht werden, sto\u00dffest und staubdicht und wasserabweisend, halten Sie Ihr Ger\u00e4t kratzfrei, sichert Ihr Ger\u00e4t in gutem Zustand.<br \/>\nUltra-tragbar und angenehm: Die sch\u00f6ne H\u00fclle verf\u00fcgt \u00fcber zwei interne Netztaschen, um Ihr Ladekabel separat zu verstauen und 2 x 3 Papierkartuschen. Mit einer Handschlaufe k\u00f6nnen Sie Ihren Fotodrucker und Zubeh\u00f6r \u00fcberall hin mitnehmen, sehr einfach das Ger\u00e4t w\u00e4hrend der Reise zu tragen, geben Ihnen ein besseres Druckerlebnis und Gef\u00fchl.<\/p>\n","protected":false},"featured_media":194077,"comment_status":"open","ping_status":"closed","template":"","meta":[],"product_brand":[],"product_cat":[504,8208],"product_tag":[],"class_list":{"0":"post-194076","1":"product","2":"type-product","3":"status-publish","4":"has-post-thumbnail","6":"product_cat-buerobedarf-schreibwaren","7":"product_cat-bueroelektronik","8":"pa_binding-elektronik","9":"pa_brand-jchpine","10":"pa_height-2-4-zoll","11":"pa_length-6-9-zoll","12":"pa_manufacturer-jchpine","13":"pa_width-4-1-zoll","15":"first","16":"instock","17":"shipping-taxable","18":"purchasable","19":"product-type-simple","20":"customify-col","21":"product-has-gallery"},"yoast_head":"<!-- This site is optimized with the Yoast SEO plugin v27.4 - https:\/\/yoast.com\/product\/yoast-seo-wordpress\/ -->\n<title>Hard Carrying Case for Polaroid Hi-Print 9046 Bluetooth Connected 2x3 Pocket Photo Printer, Travel Case Storage for\u2026 - Markt-XXL<\/title>\n<meta name=\"description\" content=\"Markt-XXL Hard Carrying Case for Polaroid Hi-Print 9046 Bluetooth Connected 2x3 Pocket Photo Printer, Travel Case Storage for\u2026\" \/>\n<meta name=\"robots\" content=\"index, follow, max-snippet:-1, max-image-preview:large, max-video-preview:-1\" \/>\n<link rel=\"canonical\" href=\"https:\/\/marktxxl.de\/markt\/produkt\/hartschalen-tragetasche-fuer-polaroid-hi-print-9046-bluetooth-connected-2x3-pocket-photo-printer-reise-case-aufbewahrung-fuer-polaroid-hi-print-und-2x3-paper-cartridge-nur-huelle\/\" \/>\n<meta property=\"og:locale\" content=\"de_DE\" \/>\n<meta property=\"og:type\" content=\"article\" \/>\n<meta property=\"og:title\" content=\"Hard Carrying Case for Polaroid Hi-Print 9046 Bluetooth Connected 2x3 Pocket Photo Printer, Travel Case Storage for\u2026 - Markt-XXL\" \/>\n<meta property=\"og:description\" content=\"Markt-XXL Hard Carrying Case for Polaroid Hi-Print 9046 Bluetooth Connected 2x3 Pocket Photo Printer, Travel Case Storage for\u2026\" \/>\n<meta property=\"og:url\" content=\"https:\/\/marktxxl.de\/markt\/produkt\/hartschalen-tragetasche-fuer-polaroid-hi-print-9046-bluetooth-connected-2x3-pocket-photo-printer-reise-case-aufbewahrung-fuer-polaroid-hi-print-und-2x3-paper-cartridge-nur-huelle\/\" \/>\n<meta property=\"og:site_name\" content=\"Markt-XXL\" \/>\n<meta property=\"article:modified_time\" content=\"2023-04-09T03:14:43+00:00\" \/>\n<meta property=\"og:image\" content=\"https:\/\/m.media-amazon.com\/images\/I\/51gTspW6c8L._SL500_.jpg\" \/>\n\t<meta property=\"og:image:width\" content=\"500\" \/>\n\t<meta property=\"og:image:height\" content=\"500\" \/>\n\t<meta property=\"og:image:type\" content=\"image\/jpeg\" \/>\n<meta name=\"twitter:card\" content=\"summary_large_image\" \/>\n<meta name=\"twitter:label1\" content=\"Gesch\u00e4tzte Lesezeit\" \/>\n\t<meta name=\"twitter:data1\" content=\"1\u00a0Minute\" \/>\n<script type=\"application\/ld+json\" class=\"yoast-schema-graph\">{\"@context\":\"https:\\\/\\\/schema.org\",\"@graph\":[{\"@type\":\"WebPage\",\"@id\":\"https:\\\/\\\/marktxxl.de\\\/markt\\\/produkt\\\/hartschalen-tragetasche-fuer-polaroid-hi-print-9046-bluetooth-connected-2x3-pocket-photo-printer-reise-case-aufbewahrung-fuer-polaroid-hi-print-und-2x3-paper-cartridge-nur-huelle\\\/\",\"url\":\"https:\\\/\\\/marktxxl.de\\\/markt\\\/produkt\\\/hartschalen-tragetasche-fuer-polaroid-hi-print-9046-bluetooth-connected-2x3-pocket-photo-printer-reise-case-aufbewahrung-fuer-polaroid-hi-print-und-2x3-paper-cartridge-nur-huelle\\\/\",\"name\":\"Hard Carrying Case for Polaroid Hi-Print 9046 Bluetooth Connected 2x3 Pocket Photo Printer, Travel Case Storage for\u2026 - Markt-XXL\",\"isPartOf\":{\"@id\":\"https:\\\/\\\/marktxxl.de\\\/markt\\\/#website\"},\"primaryImageOfPage\":{\"@id\":\"https:\\\/\\\/marktxxl.de\\\/markt\\\/produkt\\\/hartschalen-tragetasche-fuer-polaroid-hi-print-9046-bluetooth-connected-2x3-pocket-photo-printer-reise-case-aufbewahrung-fuer-polaroid-hi-print-und-2x3-paper-cartridge-nur-huelle\\\/#primaryimage\"},\"image\":{\"@id\":\"https:\\\/\\\/marktxxl.de\\\/markt\\\/produkt\\\/hartschalen-tragetasche-fuer-polaroid-hi-print-9046-bluetooth-connected-2x3-pocket-photo-printer-reise-case-aufbewahrung-fuer-polaroid-hi-print-und-2x3-paper-cartridge-nur-huelle\\\/#primaryimage\"},\"thumbnailUrl\":\"https:\\\/\\\/m.media-amazon.com\\\/images\\\/I\\\/51gTspW6c8L._SL500_.jpg\",\"datePublished\":\"2023-03-11T05:52:38+00:00\",\"dateModified\":\"2023-04-09T03:14:43+00:00\",\"description\":\"Markt-XXL Hard Carrying Case for Polaroid Hi-Print 9046 Bluetooth Connected 2x3 Pocket Photo Printer, Travel Case Storage for\u2026\",\"breadcrumb\":{\"@id\":\"https:\\\/\\\/marktxxl.de\\\/markt\\\/produkt\\\/hartschalen-tragetasche-fuer-polaroid-hi-print-9046-bluetooth-connected-2x3-pocket-photo-printer-reise-case-aufbewahrung-fuer-polaroid-hi-print-und-2x3-paper-cartridge-nur-huelle\\\/#breadcrumb\"},\"inLanguage\":\"de\",\"potentialAction\":[{\"@type\":\"ReadAction\",\"target\":[\"https:\\\/\\\/marktxxl.de\\\/markt\\\/produkt\\\/hartschalen-tragetasche-fuer-polaroid-hi-print-9046-bluetooth-connected-2x3-pocket-photo-printer-reise-case-aufbewahrung-fuer-polaroid-hi-print-und-2x3-paper-cartridge-nur-huelle\\\/\"]}]},{\"@type\":\"ImageObject\",\"inLanguage\":\"de\",\"@id\":\"https:\\\/\\\/marktxxl.de\\\/markt\\\/produkt\\\/hartschalen-tragetasche-fuer-polaroid-hi-print-9046-bluetooth-connected-2x3-pocket-photo-printer-reise-case-aufbewahrung-fuer-polaroid-hi-print-und-2x3-paper-cartridge-nur-huelle\\\/#primaryimage\",\"url\":\"https:\\\/\\\/m.media-amazon.com\\\/images\\\/I\\\/51gTspW6c8L._SL500_.jpg\",\"contentUrl\":\"https:\\\/\\\/m.media-amazon.com\\\/images\\\/I\\\/51gTspW6c8L._SL500_.jpg\",\"width\":500,\"height\":500},{\"@type\":\"BreadcrumbList\",\"@id\":\"https:\\\/\\\/marktxxl.de\\\/markt\\\/produkt\\\/hartschalen-tragetasche-fuer-polaroid-hi-print-9046-bluetooth-connected-2x3-pocket-photo-printer-reise-case-aufbewahrung-fuer-polaroid-hi-print-und-2x3-paper-cartridge-nur-huelle\\\/#breadcrumb\",\"itemListElement\":[{\"@type\":\"ListItem\",\"position\":1,\"name\":\"Startseite\",\"item\":\"https:\\\/\\\/marktxxl.de\\\/markt\\\/\"},{\"@type\":\"ListItem\",\"position\":2,\"name\":\"Markt\",\"item\":\"https:\\\/\\\/marktxxl.de\\\/markt\\\/\"},{\"@type\":\"ListItem\",\"position\":3,\"name\":\"Hard Carrying Case for Polaroid Hi-Print 9046 Bluetooth Connected 2&#215;3 Pocket Photo Printer, Travel Case Storage for\u2026\"}]},{\"@type\":\"WebSite\",\"@id\":\"https:\\\/\\\/marktxxl.de\\\/markt\\\/#website\",\"url\":\"https:\\\/\\\/marktxxl.de\\\/markt\\\/\",\"name\":\"Markt-XXL\",\"description\":\"Ihr Markt Online\",\"publisher\":{\"@id\":\"https:\\\/\\\/marktxxl.de\\\/markt\\\/#organization\"},\"potentialAction\":[{\"@type\":\"SearchAction\",\"target\":{\"@type\":\"EntryPoint\",\"urlTemplate\":\"https:\\\/\\\/marktxxl.de\\\/markt\\\/?s={search_term_string}\"},\"query-input\":{\"@type\":\"PropertyValueSpecification\",\"valueRequired\":true,\"valueName\":\"search_term_string\"}}],\"inLanguage\":\"de\"},{\"@type\":\"Organization\",\"@id\":\"https:\\\/\\\/marktxxl.de\\\/markt\\\/#organization\",\"name\":\"Markt-XXL\",\"url\":\"https:\\\/\\\/marktxxl.de\\\/markt\\\/\",\"logo\":{\"@type\":\"ImageObject\",\"inLanguage\":\"de\",\"@id\":\"https:\\\/\\\/marktxxl.de\\\/markt\\\/#\\\/schema\\\/logo\\\/image\\\/\",\"url\":\"https:\\\/\\\/marktxxl.de\\\/markt\\\/wp-content\\\/uploads\\\/sites\\\/3\\\/2020\\\/12\\\/logo.png\",\"contentUrl\":\"https:\\\/\\\/marktxxl.de\\\/markt\\\/wp-content\\\/uploads\\\/sites\\\/3\\\/2020\\\/12\\\/logo.png\",\"width\":200,\"height\":70,\"caption\":\"Markt-XXL\"},\"image\":{\"@id\":\"https:\\\/\\\/marktxxl.de\\\/markt\\\/#\\\/schema\\\/logo\\\/image\\\/\"}}]}<\/script>\n<!-- \/ Yoast SEO plugin. -->","yoast_head_json":{"title":"Hard Carrying Case for Polaroid Hi-Print 9046 Bluetooth Connected 2x3 Pocket Photo Printer, Travel Case Storage for\u2026 - Markt-XXL","description":"Markt-XXL Hard Carrying Case for Polaroid Hi-Print 9046 Bluetooth Connected 2x3 Pocket Photo Printer, Travel Case Storage for\u2026","robots":{"index":"index","follow":"follow","max-snippet":"max-snippet:-1","max-image-preview":"max-image-preview:large","max-video-preview":"max-video-preview:-1"},"canonical":"https:\/\/marktxxl.de\/markt\/produkt\/hartschalen-tragetasche-fuer-polaroid-hi-print-9046-bluetooth-connected-2x3-pocket-photo-printer-reise-case-aufbewahrung-fuer-polaroid-hi-print-und-2x3-paper-cartridge-nur-huelle\/","og_locale":"de_DE","og_type":"article","og_title":"Hard Carrying Case for Polaroid Hi-Print 9046 Bluetooth Connected 2x3 Pocket Photo Printer, Travel Case Storage for\u2026 - Markt-XXL","og_description":"Markt-XXL Hard Carrying Case for Polaroid Hi-Print 9046 Bluetooth Connected 2x3 Pocket Photo Printer, Travel Case Storage for\u2026","og_url":"https:\/\/marktxxl.de\/markt\/produkt\/hartschalen-tragetasche-fuer-polaroid-hi-print-9046-bluetooth-connected-2x3-pocket-photo-printer-reise-case-aufbewahrung-fuer-polaroid-hi-print-und-2x3-paper-cartridge-nur-huelle\/","og_site_name":"Markt-XXL","article_modified_time":"2023-04-09T03:14:43+00:00","og_image":[{"width":500,"height":500,"url":"https:\/\/m.media-amazon.com\/images\/I\/51gTspW6c8L._SL500_.jpg","type":"image\/jpeg"}],"twitter_card":"summary_large_image","twitter_misc":{"Gesch\u00e4tzte Lesezeit":"1\u00a0Minute"},"schema":{"@context":"https:\/\/schema.org","@graph":[{"@type":"WebPage","@id":"https:\/\/marktxxl.de\/markt\/produkt\/hartschalen-tragetasche-fuer-polaroid-hi-print-9046-bluetooth-connected-2x3-pocket-photo-printer-reise-case-aufbewahrung-fuer-polaroid-hi-print-und-2x3-paper-cartridge-nur-huelle\/","url":"https:\/\/marktxxl.de\/markt\/produkt\/hartschalen-tragetasche-fuer-polaroid-hi-print-9046-bluetooth-connected-2x3-pocket-photo-printer-reise-case-aufbewahrung-fuer-polaroid-hi-print-und-2x3-paper-cartridge-nur-huelle\/","name":"Hard Carrying Case for Polaroid Hi-Print 9046 Bluetooth Connected 2x3 Pocket Photo Printer, Travel Case Storage for\u2026 - Markt-XXL","isPartOf":{"@id":"https:\/\/marktxxl.de\/markt\/#website"},"primaryImageOfPage":{"@id":"https:\/\/marktxxl.de\/markt\/produkt\/hartschalen-tragetasche-fuer-polaroid-hi-print-9046-bluetooth-connected-2x3-pocket-photo-printer-reise-case-aufbewahrung-fuer-polaroid-hi-print-und-2x3-paper-cartridge-nur-huelle\/#primaryimage"},"image":{"@id":"https:\/\/marktxxl.de\/markt\/produkt\/hartschalen-tragetasche-fuer-polaroid-hi-print-9046-bluetooth-connected-2x3-pocket-photo-printer-reise-case-aufbewahrung-fuer-polaroid-hi-print-und-2x3-paper-cartridge-nur-huelle\/#primaryimage"},"thumbnailUrl":"https:\/\/m.media-amazon.com\/images\/I\/51gTspW6c8L._SL500_.jpg","datePublished":"2023-03-11T05:52:38+00:00","dateModified":"2023-04-09T03:14:43+00:00","description":"Markt-XXL Hard Carrying Case for Polaroid Hi-Print 9046 Bluetooth Connected 2x3 Pocket Photo Printer, Travel Case Storage for\u2026","breadcrumb":{"@id":"https:\/\/marktxxl.de\/markt\/produkt\/hartschalen-tragetasche-fuer-polaroid-hi-print-9046-bluetooth-connected-2x3-pocket-photo-printer-reise-case-aufbewahrung-fuer-polaroid-hi-print-und-2x3-paper-cartridge-nur-huelle\/#breadcrumb"},"inLanguage":"de","potentialAction":[{"@type":"ReadAction","target":["https:\/\/marktxxl.de\/markt\/produkt\/hartschalen-tragetasche-fuer-polaroid-hi-print-9046-bluetooth-connected-2x3-pocket-photo-printer-reise-case-aufbewahrung-fuer-polaroid-hi-print-und-2x3-paper-cartridge-nur-huelle\/"]}]},{"@type":"ImageObject","inLanguage":"de","@id":"https:\/\/marktxxl.de\/markt\/produkt\/hartschalen-tragetasche-fuer-polaroid-hi-print-9046-bluetooth-connected-2x3-pocket-photo-printer-reise-case-aufbewahrung-fuer-polaroid-hi-print-und-2x3-paper-cartridge-nur-huelle\/#primaryimage","url":"https:\/\/m.media-amazon.com\/images\/I\/51gTspW6c8L._SL500_.jpg","contentUrl":"https:\/\/m.media-amazon.com\/images\/I\/51gTspW6c8L._SL500_.jpg","width":500,"height":500},{"@type":"BreadcrumbList","@id":"https:\/\/marktxxl.de\/markt\/produkt\/hartschalen-tragetasche-fuer-polaroid-hi-print-9046-bluetooth-connected-2x3-pocket-photo-printer-reise-case-aufbewahrung-fuer-polaroid-hi-print-und-2x3-paper-cartridge-nur-huelle\/#breadcrumb","itemListElement":[{"@type":"ListItem","position":1,"name":"Startseite","item":"https:\/\/marktxxl.de\/markt\/"},{"@type":"ListItem","position":2,"name":"Markt","item":"https:\/\/marktxxl.de\/markt\/"},{"@type":"ListItem","position":3,"name":"Hard Carrying Case for Polaroid Hi-Print 9046 Bluetooth Connected 2&#215;3 Pocket Photo Printer, Travel Case Storage for\u2026"}]},{"@type":"WebSite","@id":"https:\/\/marktxxl.de\/markt\/#website","url":"https:\/\/marktxxl.de\/markt\/","name":"Markt-XXL","description":"Ihr Markt Online","publisher":{"@id":"https:\/\/marktxxl.de\/markt\/#organization"},"potentialAction":[{"@type":"SearchAction","target":{"@type":"EntryPoint","urlTemplate":"https:\/\/marktxxl.de\/markt\/?s={search_term_string}"},"query-input":{"@type":"PropertyValueSpecification","valueRequired":true,"valueName":"search_term_string"}}],"inLanguage":"de"},{"@type":"Organization","@id":"https:\/\/marktxxl.de\/markt\/#organization","name":"Markt-XXL","url":"https:\/\/marktxxl.de\/markt\/","logo":{"@type":"ImageObject","inLanguage":"de","@id":"https:\/\/marktxxl.de\/markt\/#\/schema\/logo\/image\/","url":"https:\/\/marktxxl.de\/markt\/wp-content\/uploads\/sites\/3\/2020\/12\/logo.png","contentUrl":"https:\/\/marktxxl.de\/markt\/wp-content\/uploads\/sites\/3\/2020\/12\/logo.png","width":200,"height":70,"caption":"Markt-XXL"},"image":{"@id":"https:\/\/marktxxl.de\/markt\/#\/schema\/logo\/image\/"}}]}},"_links":{"self":[{"href":"https:\/\/marktxxl.de\/markt\/wp-json\/wp\/v2\/product\/194076","targetHints":{"allow":["GET"]}}],"collection":[{"href":"https:\/\/marktxxl.de\/markt\/wp-json\/wp\/v2\/product"}],"about":[{"href":"https:\/\/marktxxl.de\/markt\/wp-json\/wp\/v2\/types\/product"}],"replies":[{"embeddable":true,"href":"https:\/\/marktxxl.de\/markt\/wp-json\/wp\/v2\/comments?post=194076"}],"wp:featuredmedia":[{"embeddable":true,"href":"https:\/\/marktxxl.de\/markt\/wp-json\/wp\/v2\/media\/194077"}],"wp:attachment":[{"href":"https:\/\/marktxxl.de\/markt\/wp-json\/wp\/v2\/media?parent=194076"}],"wp:term":[{"taxonomy":"product_brand","embeddable":true,"href":"https:\/\/marktxxl.de\/markt\/wp-json\/wp\/v2\/product_brand?post=194076"},{"taxonomy":"product_cat","embeddable":true,"href":"https:\/\/marktxxl.de\/markt\/wp-json\/wp\/v2\/product_cat?post=194076"},{"taxonomy":"product_tag","embeddable":true,"href":"https:\/\/marktxxl.de\/markt\/wp-json\/wp\/v2\/product_tag?post=194076"}],"curies":[{"name":"wp","href":"https:\/\/api.w.org\/{rel}","templated":true}]}}