{"id":193983,"date":"2023-03-11T06:49:30","date_gmt":"2023-03-11T05:49:30","guid":{"rendered":"https:\/\/marktxxl.de\/markt\/produkt\/philips-hue-white-amb-led-panelleuchte-aurelle-inkl-dimmschalter-46x60x60cm-weiss-dimmbar-alle-weissschattierungen-steuerbar-via-app-kompatibel-mit-amazon-alexa-echo-echo-dot\/"},"modified":"2023-04-09T05:14:42","modified_gmt":"2023-04-09T03:14:42","slug":"philips-hue-white-amb-led-panelleuchte-aurelle-inkl-dimmschalter-46x60x60cm-weiss-dimmbar-alle-weissschattierungen-steuerbar-via-app-kompatibel-mit-amazon-alexa-echo-echo-dot","status":"publish","type":"product","link":"https:\/\/marktxxl.de\/markt\/produkt\/philips-hue-white-amb-led-panelleuchte-aurelle-inkl-dimmschalter-46x60x60cm-weiss-dimmbar-alle-weissschattierungen-steuerbar-via-app-kompatibel-mit-amazon-alexa-echo-echo-dot\/","title":{"rendered":"Philips Hue White Amb. LED-Panelleuchte Aurelle inkl. Dimmschalter,\u00a0 4,6x60x60cm, wei\u00df, dimmbar, alle Wei\u00dfschattierungen, steuerbar via App, kompatibel mit Amazon Alexa (Echo, Echo Dot)"},"content":{"rendered":"<p>Einfache Einrichtung per Bluetooth: Hue Panelleuchte mit integriertem Leuchtmittel anbringen, Hue Bluetooth App downloaden und schon k\u00f6nnen Sie Ihr Licht in einem Raum steuern oder Lichtszenen einstellen.<br \/>\nF\u00fcr die Bedienung im gesamten Zuhause: Erweitern Sie Ihr System mit der Hue Bridge (separat erh\u00e4ltlich) und erleben Sie das volle Smart-Home-Erlebnis mit zahlreichen Funktionen.<br \/>\nPersonalisierte Beleuchtung: W\u00e4hlen Sie aus den verschiedensten Wei\u00dft\u00f6nen, vom k\u00fchlen bis warmen Licht, um so einem Raum das gew\u00fcnschte Ambiente zu verleihen.<br \/>\nFlexible Lichtsteuerung: F\u00fcr stufenloses und komfortables Dimmen, nutzen Sie den mitgelieferten Dimmschalter als Lichtschalter oder auch als abnehmbare Fernbedienung.<br \/>\nDie intelligente Bluetooth-Beleuchtung von Philips Hue ist kompatibel mit dem Amazon Echo Dot (3.Generation), Echo Plus und Echo Show (2.Generation).<br \/>\nBei diesem Produkt handelt es sich um ein umgebendes Produkt. Umgebende Produkte sind Leuchten, die zur separaten \u00dcberpr\u00fcfung der enthaltenen Lichtquelle(n) zerlegt werden k\u00f6nnen. Dieses Produkt enthaelt eine Lichtquelle der Energieeffizienzklasse F<br \/>\n<div class=\"main-cross-sell\" data-asin=\"B09C3N73L5\">\n\n\t<div class=\"WooZone-cross-sell-loader\">\n\t\t<div>\n\t\t\t<div id=\"floatingBarsG\">\n\t\t\t\t<div class=\"blockG\" id=\"rotateG_01\"><\/div>\n\t\t\t\t<div class=\"blockG\" id=\"rotateG_02\"><\/div>\n\t\t\t\t<div class=\"blockG\" id=\"rotateG_03\"><\/div>\n\t\t\t\t<div class=\"blockG\" id=\"rotateG_04\"><\/div>\n\t\t\t\t<div class=\"blockG\" id=\"rotateG_05\"><\/div>\n\t\t\t\t<div class=\"blockG\" id=\"rotateG_06\"><\/div>\n\t\t\t\t<div class=\"blockG\" id=\"rotateG_07\"><\/div>\n\t\t\t\t<div class=\"blockG\" id=\"rotateG_08\"><\/div>\n\t\t\t<\/div>\n\t\t\t<div class=\"WooZone-cross-sell-loader-text\"><\/div>\n\t\t<\/div>\n\t<\/div>\n\n\t\t\n<\/div>\n<div style=\"clear:both;\"><\/div><\/p>\n","protected":false},"excerpt":{"rendered":"<p>Einfache Einrichtung per Bluetooth: Hue Panelleuchte mit integriertem Leuchtmittel anbringen, Hue Bluetooth App downloaden und schon k\u00f6nnen Sie Ihr Licht in einem Raum steuern oder Lichtszenen einstellen.<br \/>\nF\u00fcr die Bedienung im gesamten Zuhause: Erweitern Sie Ihr System mit der Hue Bridge (separat erh\u00e4ltlich) und erleben Sie das volle Smart-Home-Erlebnis mit zahlreichen Funktionen.<br \/>\nPersonalisierte Beleuchtung: W\u00e4hlen Sie aus den verschiedensten Wei\u00dft\u00f6nen, vom k\u00fchlen bis warmen Licht, um so einem Raum das gew\u00fcnschte Ambiente zu verleihen.<\/p>\n","protected":false},"featured_media":193984,"comment_status":"open","ping_status":"closed","template":"","meta":[],"product_brand":[],"product_cat":[2108,11521],"product_tag":[],"class_list":{"0":"post-193983","1":"product","2":"type-product","3":"status-publish","4":"has-post-thumbnail","6":"product_cat-beleuchtung","7":"product_cat-leuchtmittel","8":"pa_binding-haushaltswaren","9":"pa_brand-philips-hue","10":"pa_color-weiss","11":"pa_height-23-62204722-zoll","12":"pa_length-1-8110236202-zoll","13":"pa_manufacturer-signify","14":"pa_model-49902","15":"pa_size-46x60x60cm","16":"pa_warranty-hersteller","17":"pa_weight-12-566348934-pfund","18":"pa_width-23-62204722-zoll","20":"first","21":"instock","22":"shipping-taxable","23":"purchasable","24":"product-type-simple","25":"customify-col","26":"product-has-gallery"},"yoast_head":"<!-- This site is optimized with the Yoast SEO plugin v27.4 - https:\/\/yoast.com\/product\/yoast-seo-wordpress\/ -->\n<title>Philips Hue White Amb. LED-Panelleuchte Aurelle inkl. Dimmschalter,\u00a0 4,6x60x60cm, wei\u00df, dimmbar, alle Wei\u00dfschattierungen, steuerbar via App, kompatibel mit Amazon Alexa (Echo, Echo Dot) - Markt-XXL<\/title>\n<meta name=\"description\" content=\"Markt-XXL Philips Hue White Amb. LED-Panelleuchte Aurelle inkl. Dimmschalter,\u00a0 4,6x60x60cm, wei\u00df, dimmbar, alle Wei\u00dfschattierungen, steuerbar via App, kompatibel mit Amazon Alexa (Echo, Echo Dot)\" \/>\n<meta name=\"robots\" content=\"index, follow, max-snippet:-1, max-image-preview:large, max-video-preview:-1\" \/>\n<link rel=\"canonical\" href=\"https:\/\/marktxxl.de\/markt\/produkt\/philips-hue-white-amb-led-panelleuchte-aurelle-inkl-dimmschalter-46x60x60cm-weiss-dimmbar-alle-weissschattierungen-steuerbar-via-app-kompatibel-mit-amazon-alexa-echo-echo-dot\/\" \/>\n<meta property=\"og:locale\" content=\"de_DE\" \/>\n<meta property=\"og:type\" content=\"article\" \/>\n<meta property=\"og:title\" content=\"Philips Hue White Amb. LED-Panelleuchte Aurelle inkl. Dimmschalter,\u00a0 4,6x60x60cm, wei\u00df, dimmbar, alle Wei\u00dfschattierungen, steuerbar via App, kompatibel mit Amazon Alexa (Echo, Echo Dot) - Markt-XXL\" \/>\n<meta property=\"og:description\" content=\"Markt-XXL Philips Hue White Amb. LED-Panelleuchte Aurelle inkl. Dimmschalter,\u00a0 4,6x60x60cm, wei\u00df, dimmbar, alle Wei\u00dfschattierungen, steuerbar via App, kompatibel mit Amazon Alexa (Echo, Echo Dot)\" \/>\n<meta property=\"og:url\" content=\"https:\/\/marktxxl.de\/markt\/produkt\/philips-hue-white-amb-led-panelleuchte-aurelle-inkl-dimmschalter-46x60x60cm-weiss-dimmbar-alle-weissschattierungen-steuerbar-via-app-kompatibel-mit-amazon-alexa-echo-echo-dot\/\" \/>\n<meta property=\"og:site_name\" content=\"Markt-XXL\" \/>\n<meta property=\"article:modified_time\" content=\"2023-04-09T03:14:42+00:00\" \/>\n<meta property=\"og:image\" content=\"https:\/\/m.media-amazon.com\/images\/I\/31Fd1bdEYNL._SL500_.jpg\" \/>\n\t<meta property=\"og:image:width\" content=\"441\" \/>\n\t<meta property=\"og:image:height\" content=\"500\" \/>\n\t<meta property=\"og:image:type\" content=\"image\/jpeg\" \/>\n<meta name=\"twitter:card\" content=\"summary_large_image\" \/>\n<meta name=\"twitter:label1\" content=\"Gesch\u00e4tzte Lesezeit\" \/>\n\t<meta name=\"twitter:data1\" content=\"1\u00a0Minute\" \/>\n<script type=\"application\/ld+json\" class=\"yoast-schema-graph\">{\"@context\":\"https:\\\/\\\/schema.org\",\"@graph\":[{\"@type\":\"WebPage\",\"@id\":\"https:\\\/\\\/marktxxl.de\\\/markt\\\/produkt\\\/philips-hue-white-amb-led-panelleuchte-aurelle-inkl-dimmschalter-46x60x60cm-weiss-dimmbar-alle-weissschattierungen-steuerbar-via-app-kompatibel-mit-amazon-alexa-echo-echo-dot\\\/\",\"url\":\"https:\\\/\\\/marktxxl.de\\\/markt\\\/produkt\\\/philips-hue-white-amb-led-panelleuchte-aurelle-inkl-dimmschalter-46x60x60cm-weiss-dimmbar-alle-weissschattierungen-steuerbar-via-app-kompatibel-mit-amazon-alexa-echo-echo-dot\\\/\",\"name\":\"Philips Hue White Amb. LED-Panelleuchte Aurelle inkl. Dimmschalter,\u00a0 4,6x60x60cm, wei\u00df, dimmbar, alle Wei\u00dfschattierungen, steuerbar via App, kompatibel mit Amazon Alexa (Echo, Echo Dot) - Markt-XXL\",\"isPartOf\":{\"@id\":\"https:\\\/\\\/marktxxl.de\\\/markt\\\/#website\"},\"primaryImageOfPage\":{\"@id\":\"https:\\\/\\\/marktxxl.de\\\/markt\\\/produkt\\\/philips-hue-white-amb-led-panelleuchte-aurelle-inkl-dimmschalter-46x60x60cm-weiss-dimmbar-alle-weissschattierungen-steuerbar-via-app-kompatibel-mit-amazon-alexa-echo-echo-dot\\\/#primaryimage\"},\"image\":{\"@id\":\"https:\\\/\\\/marktxxl.de\\\/markt\\\/produkt\\\/philips-hue-white-amb-led-panelleuchte-aurelle-inkl-dimmschalter-46x60x60cm-weiss-dimmbar-alle-weissschattierungen-steuerbar-via-app-kompatibel-mit-amazon-alexa-echo-echo-dot\\\/#primaryimage\"},\"thumbnailUrl\":\"https:\\\/\\\/m.media-amazon.com\\\/images\\\/I\\\/31Fd1bdEYNL._SL500_.jpg\",\"datePublished\":\"2023-03-11T05:49:30+00:00\",\"dateModified\":\"2023-04-09T03:14:42+00:00\",\"description\":\"Markt-XXL Philips Hue White Amb. LED-Panelleuchte Aurelle inkl. Dimmschalter,\u00a0 4,6x60x60cm, wei\u00df, dimmbar, alle Wei\u00dfschattierungen, steuerbar via App, kompatibel mit Amazon Alexa (Echo, Echo Dot)\",\"breadcrumb\":{\"@id\":\"https:\\\/\\\/marktxxl.de\\\/markt\\\/produkt\\\/philips-hue-white-amb-led-panelleuchte-aurelle-inkl-dimmschalter-46x60x60cm-weiss-dimmbar-alle-weissschattierungen-steuerbar-via-app-kompatibel-mit-amazon-alexa-echo-echo-dot\\\/#breadcrumb\"},\"inLanguage\":\"de\",\"potentialAction\":[{\"@type\":\"ReadAction\",\"target\":[\"https:\\\/\\\/marktxxl.de\\\/markt\\\/produkt\\\/philips-hue-white-amb-led-panelleuchte-aurelle-inkl-dimmschalter-46x60x60cm-weiss-dimmbar-alle-weissschattierungen-steuerbar-via-app-kompatibel-mit-amazon-alexa-echo-echo-dot\\\/\"]}]},{\"@type\":\"ImageObject\",\"inLanguage\":\"de\",\"@id\":\"https:\\\/\\\/marktxxl.de\\\/markt\\\/produkt\\\/philips-hue-white-amb-led-panelleuchte-aurelle-inkl-dimmschalter-46x60x60cm-weiss-dimmbar-alle-weissschattierungen-steuerbar-via-app-kompatibel-mit-amazon-alexa-echo-echo-dot\\\/#primaryimage\",\"url\":\"https:\\\/\\\/m.media-amazon.com\\\/images\\\/I\\\/31Fd1bdEYNL._SL500_.jpg\",\"contentUrl\":\"https:\\\/\\\/m.media-amazon.com\\\/images\\\/I\\\/31Fd1bdEYNL._SL500_.jpg\",\"width\":441,\"height\":500},{\"@type\":\"BreadcrumbList\",\"@id\":\"https:\\\/\\\/marktxxl.de\\\/markt\\\/produkt\\\/philips-hue-white-amb-led-panelleuchte-aurelle-inkl-dimmschalter-46x60x60cm-weiss-dimmbar-alle-weissschattierungen-steuerbar-via-app-kompatibel-mit-amazon-alexa-echo-echo-dot\\\/#breadcrumb\",\"itemListElement\":[{\"@type\":\"ListItem\",\"position\":1,\"name\":\"Startseite\",\"item\":\"https:\\\/\\\/marktxxl.de\\\/markt\\\/\"},{\"@type\":\"ListItem\",\"position\":2,\"name\":\"Markt\",\"item\":\"https:\\\/\\\/marktxxl.de\\\/markt\\\/\"},{\"@type\":\"ListItem\",\"position\":3,\"name\":\"Philips Hue White Amb. LED-Panelleuchte Aurelle inkl. Dimmschalter,\u00a0 4,6x60x60cm, wei\u00df, dimmbar, alle Wei\u00dfschattierungen, steuerbar via App, kompatibel mit Amazon Alexa (Echo, Echo Dot)\"}]},{\"@type\":\"WebSite\",\"@id\":\"https:\\\/\\\/marktxxl.de\\\/markt\\\/#website\",\"url\":\"https:\\\/\\\/marktxxl.de\\\/markt\\\/\",\"name\":\"Markt-XXL\",\"description\":\"Ihr Markt Online\",\"publisher\":{\"@id\":\"https:\\\/\\\/marktxxl.de\\\/markt\\\/#organization\"},\"potentialAction\":[{\"@type\":\"SearchAction\",\"target\":{\"@type\":\"EntryPoint\",\"urlTemplate\":\"https:\\\/\\\/marktxxl.de\\\/markt\\\/?s={search_term_string}\"},\"query-input\":{\"@type\":\"PropertyValueSpecification\",\"valueRequired\":true,\"valueName\":\"search_term_string\"}}],\"inLanguage\":\"de\"},{\"@type\":\"Organization\",\"@id\":\"https:\\\/\\\/marktxxl.de\\\/markt\\\/#organization\",\"name\":\"Markt-XXL\",\"url\":\"https:\\\/\\\/marktxxl.de\\\/markt\\\/\",\"logo\":{\"@type\":\"ImageObject\",\"inLanguage\":\"de\",\"@id\":\"https:\\\/\\\/marktxxl.de\\\/markt\\\/#\\\/schema\\\/logo\\\/image\\\/\",\"url\":\"https:\\\/\\\/marktxxl.de\\\/markt\\\/wp-content\\\/uploads\\\/sites\\\/3\\\/2020\\\/12\\\/logo.png\",\"contentUrl\":\"https:\\\/\\\/marktxxl.de\\\/markt\\\/wp-content\\\/uploads\\\/sites\\\/3\\\/2020\\\/12\\\/logo.png\",\"width\":200,\"height\":70,\"caption\":\"Markt-XXL\"},\"image\":{\"@id\":\"https:\\\/\\\/marktxxl.de\\\/markt\\\/#\\\/schema\\\/logo\\\/image\\\/\"}}]}<\/script>\n<!-- \/ Yoast SEO plugin. -->","yoast_head_json":{"title":"Philips Hue White Amb. LED-Panelleuchte Aurelle inkl. Dimmschalter,\u00a0 4,6x60x60cm, wei\u00df, dimmbar, alle Wei\u00dfschattierungen, steuerbar via App, kompatibel mit Amazon Alexa (Echo, Echo Dot) - Markt-XXL","description":"Markt-XXL Philips Hue White Amb. LED-Panelleuchte Aurelle inkl. Dimmschalter,\u00a0 4,6x60x60cm, wei\u00df, dimmbar, alle Wei\u00dfschattierungen, steuerbar via App, kompatibel mit Amazon Alexa (Echo, Echo Dot)","robots":{"index":"index","follow":"follow","max-snippet":"max-snippet:-1","max-image-preview":"max-image-preview:large","max-video-preview":"max-video-preview:-1"},"canonical":"https:\/\/marktxxl.de\/markt\/produkt\/philips-hue-white-amb-led-panelleuchte-aurelle-inkl-dimmschalter-46x60x60cm-weiss-dimmbar-alle-weissschattierungen-steuerbar-via-app-kompatibel-mit-amazon-alexa-echo-echo-dot\/","og_locale":"de_DE","og_type":"article","og_title":"Philips Hue White Amb. LED-Panelleuchte Aurelle inkl. Dimmschalter,\u00a0 4,6x60x60cm, wei\u00df, dimmbar, alle Wei\u00dfschattierungen, steuerbar via App, kompatibel mit Amazon Alexa (Echo, Echo Dot) - Markt-XXL","og_description":"Markt-XXL Philips Hue White Amb. LED-Panelleuchte Aurelle inkl. Dimmschalter,\u00a0 4,6x60x60cm, wei\u00df, dimmbar, alle Wei\u00dfschattierungen, steuerbar via App, kompatibel mit Amazon Alexa (Echo, Echo Dot)","og_url":"https:\/\/marktxxl.de\/markt\/produkt\/philips-hue-white-amb-led-panelleuchte-aurelle-inkl-dimmschalter-46x60x60cm-weiss-dimmbar-alle-weissschattierungen-steuerbar-via-app-kompatibel-mit-amazon-alexa-echo-echo-dot\/","og_site_name":"Markt-XXL","article_modified_time":"2023-04-09T03:14:42+00:00","og_image":[{"width":441,"height":500,"url":"https:\/\/m.media-amazon.com\/images\/I\/31Fd1bdEYNL._SL500_.jpg","type":"image\/jpeg"}],"twitter_card":"summary_large_image","twitter_misc":{"Gesch\u00e4tzte Lesezeit":"1\u00a0Minute"},"schema":{"@context":"https:\/\/schema.org","@graph":[{"@type":"WebPage","@id":"https:\/\/marktxxl.de\/markt\/produkt\/philips-hue-white-amb-led-panelleuchte-aurelle-inkl-dimmschalter-46x60x60cm-weiss-dimmbar-alle-weissschattierungen-steuerbar-via-app-kompatibel-mit-amazon-alexa-echo-echo-dot\/","url":"https:\/\/marktxxl.de\/markt\/produkt\/philips-hue-white-amb-led-panelleuchte-aurelle-inkl-dimmschalter-46x60x60cm-weiss-dimmbar-alle-weissschattierungen-steuerbar-via-app-kompatibel-mit-amazon-alexa-echo-echo-dot\/","name":"Philips Hue White Amb. LED-Panelleuchte Aurelle inkl. Dimmschalter,\u00a0 4,6x60x60cm, wei\u00df, dimmbar, alle Wei\u00dfschattierungen, steuerbar via App, kompatibel mit Amazon Alexa (Echo, Echo Dot) - Markt-XXL","isPartOf":{"@id":"https:\/\/marktxxl.de\/markt\/#website"},"primaryImageOfPage":{"@id":"https:\/\/marktxxl.de\/markt\/produkt\/philips-hue-white-amb-led-panelleuchte-aurelle-inkl-dimmschalter-46x60x60cm-weiss-dimmbar-alle-weissschattierungen-steuerbar-via-app-kompatibel-mit-amazon-alexa-echo-echo-dot\/#primaryimage"},"image":{"@id":"https:\/\/marktxxl.de\/markt\/produkt\/philips-hue-white-amb-led-panelleuchte-aurelle-inkl-dimmschalter-46x60x60cm-weiss-dimmbar-alle-weissschattierungen-steuerbar-via-app-kompatibel-mit-amazon-alexa-echo-echo-dot\/#primaryimage"},"thumbnailUrl":"https:\/\/m.media-amazon.com\/images\/I\/31Fd1bdEYNL._SL500_.jpg","datePublished":"2023-03-11T05:49:30+00:00","dateModified":"2023-04-09T03:14:42+00:00","description":"Markt-XXL Philips Hue White Amb. LED-Panelleuchte Aurelle inkl. Dimmschalter,\u00a0 4,6x60x60cm, wei\u00df, dimmbar, alle Wei\u00dfschattierungen, steuerbar via App, kompatibel mit Amazon Alexa (Echo, Echo Dot)","breadcrumb":{"@id":"https:\/\/marktxxl.de\/markt\/produkt\/philips-hue-white-amb-led-panelleuchte-aurelle-inkl-dimmschalter-46x60x60cm-weiss-dimmbar-alle-weissschattierungen-steuerbar-via-app-kompatibel-mit-amazon-alexa-echo-echo-dot\/#breadcrumb"},"inLanguage":"de","potentialAction":[{"@type":"ReadAction","target":["https:\/\/marktxxl.de\/markt\/produkt\/philips-hue-white-amb-led-panelleuchte-aurelle-inkl-dimmschalter-46x60x60cm-weiss-dimmbar-alle-weissschattierungen-steuerbar-via-app-kompatibel-mit-amazon-alexa-echo-echo-dot\/"]}]},{"@type":"ImageObject","inLanguage":"de","@id":"https:\/\/marktxxl.de\/markt\/produkt\/philips-hue-white-amb-led-panelleuchte-aurelle-inkl-dimmschalter-46x60x60cm-weiss-dimmbar-alle-weissschattierungen-steuerbar-via-app-kompatibel-mit-amazon-alexa-echo-echo-dot\/#primaryimage","url":"https:\/\/m.media-amazon.com\/images\/I\/31Fd1bdEYNL._SL500_.jpg","contentUrl":"https:\/\/m.media-amazon.com\/images\/I\/31Fd1bdEYNL._SL500_.jpg","width":441,"height":500},{"@type":"BreadcrumbList","@id":"https:\/\/marktxxl.de\/markt\/produkt\/philips-hue-white-amb-led-panelleuchte-aurelle-inkl-dimmschalter-46x60x60cm-weiss-dimmbar-alle-weissschattierungen-steuerbar-via-app-kompatibel-mit-amazon-alexa-echo-echo-dot\/#breadcrumb","itemListElement":[{"@type":"ListItem","position":1,"name":"Startseite","item":"https:\/\/marktxxl.de\/markt\/"},{"@type":"ListItem","position":2,"name":"Markt","item":"https:\/\/marktxxl.de\/markt\/"},{"@type":"ListItem","position":3,"name":"Philips Hue White Amb. LED-Panelleuchte Aurelle inkl. Dimmschalter,\u00a0 4,6x60x60cm, wei\u00df, dimmbar, alle Wei\u00dfschattierungen, steuerbar via App, kompatibel mit Amazon Alexa (Echo, Echo Dot)"}]},{"@type":"WebSite","@id":"https:\/\/marktxxl.de\/markt\/#website","url":"https:\/\/marktxxl.de\/markt\/","name":"Markt-XXL","description":"Ihr Markt Online","publisher":{"@id":"https:\/\/marktxxl.de\/markt\/#organization"},"potentialAction":[{"@type":"SearchAction","target":{"@type":"EntryPoint","urlTemplate":"https:\/\/marktxxl.de\/markt\/?s={search_term_string}"},"query-input":{"@type":"PropertyValueSpecification","valueRequired":true,"valueName":"search_term_string"}}],"inLanguage":"de"},{"@type":"Organization","@id":"https:\/\/marktxxl.de\/markt\/#organization","name":"Markt-XXL","url":"https:\/\/marktxxl.de\/markt\/","logo":{"@type":"ImageObject","inLanguage":"de","@id":"https:\/\/marktxxl.de\/markt\/#\/schema\/logo\/image\/","url":"https:\/\/marktxxl.de\/markt\/wp-content\/uploads\/sites\/3\/2020\/12\/logo.png","contentUrl":"https:\/\/marktxxl.de\/markt\/wp-content\/uploads\/sites\/3\/2020\/12\/logo.png","width":200,"height":70,"caption":"Markt-XXL"},"image":{"@id":"https:\/\/marktxxl.de\/markt\/#\/schema\/logo\/image\/"}}]}},"_links":{"self":[{"href":"https:\/\/marktxxl.de\/markt\/wp-json\/wp\/v2\/product\/193983","targetHints":{"allow":["GET"]}}],"collection":[{"href":"https:\/\/marktxxl.de\/markt\/wp-json\/wp\/v2\/product"}],"about":[{"href":"https:\/\/marktxxl.de\/markt\/wp-json\/wp\/v2\/types\/product"}],"replies":[{"embeddable":true,"href":"https:\/\/marktxxl.de\/markt\/wp-json\/wp\/v2\/comments?post=193983"}],"wp:featuredmedia":[{"embeddable":true,"href":"https:\/\/marktxxl.de\/markt\/wp-json\/wp\/v2\/media\/193984"}],"wp:attachment":[{"href":"https:\/\/marktxxl.de\/markt\/wp-json\/wp\/v2\/media?parent=193983"}],"wp:term":[{"taxonomy":"product_brand","embeddable":true,"href":"https:\/\/marktxxl.de\/markt\/wp-json\/wp\/v2\/product_brand?post=193983"},{"taxonomy":"product_cat","embeddable":true,"href":"https:\/\/marktxxl.de\/markt\/wp-json\/wp\/v2\/product_cat?post=193983"},{"taxonomy":"product_tag","embeddable":true,"href":"https:\/\/marktxxl.de\/markt\/wp-json\/wp\/v2\/product_tag?post=193983"}],"curies":[{"name":"wp","href":"https:\/\/api.w.org\/{rel}","templated":true}]}}