{"id":193925,"date":"2023-03-11T06:46:45","date_gmt":"2023-03-11T05:46:45","guid":{"rendered":"https:\/\/marktxxl.de\/markt\/produkt\/philips-hue-white-and-color-ambiance-led-gartenstrahler-lily-1er-basis-set\/"},"modified":"2023-04-09T05:14:41","modified_gmt":"2023-04-09T03:14:41","slug":"philips-hue-white-and-color-ambiance-led-gartenstrahler-lily-1er-basis-set","status":"publish","type":"product","link":"https:\/\/marktxxl.de\/markt\/produkt\/philips-hue-white-and-color-ambiance-led-gartenstrahler-lily-1er-basis-set\/","title":{"rendered":"Philips Hue White &amp; Color Ambiance Lily Gartenstrahler 1er schwarz 350lm, dimmbar, bis zu 16 Millionen Farben, steuerbar\u2026"},"content":{"rendered":"<p>Betonen Sie die Sch\u00f6nheit Ihres Gartens mit der Philips Hue Lily Spotlight-Erweiterung. Diese Erweiterung beinhaltet 1 x Lilienstrahler und alle Kabel zum Anschlie\u00dfen an Ihre Basiseinheit.<br \/>\nWas ist erforderlich? &#8211; F\u00fcr die intelligente Steuerung ist eine \u201ePhilips Hue Bridge\u201c und eine \u201eLily Base Unit\u201c erforderlich. F\u00fcgen Sie Ihre neue Lilien-Erweiterung zu Ihrer vorhandenen Basiseinheit hinzu und nutzen Sie die Vorteile der intelligenten Au\u00dfenbeleuchtung \u00fcber die \u201ePhilips Hue\u201c -App<br \/>\nStil mit Farbe \u2014 W\u00e4hlen Sie aus 16 Millionen Farben, einschlie\u00dflich warm- bis kaltwei\u00dfem Licht, um das perfekte Ambiente zum Entspannen oder Unterhalten im Freien zu schaffen. Entdecken Sie die perfekte intelligente Beleuchtung f\u00fcr Partys, Grillabende und mehr!<br \/>\nHinweis: Die Verpackung kann variieren<br \/>\nSteuern Sie Lichter mit Ihrer Stimme &#8211; Funktioniert mit Alexa, Google Assistant und Apple Homekit-Ger\u00e4ten f\u00fcr die Freisprech-Sprachsteuerung. Steuern Sie Ihre intelligenten Au\u00dfenleuchten mit einfachen Sprachbefehlen!<br \/>\nBei diesem Produkt handelt es sich um ein umgebendes Produkt. Umgebende Produkte sind Leuchten, die zur separaten \u00dcberpr\u00fcfung der enthaltenen Lichtquelle(n) zerlegt werden k\u00f6nnen. Dieses Produkt enthaelt eine Lichtquelle der Energieeffizienzklasse G<br \/>\n<div class=\"main-cross-sell\" data-asin=\"B07BY26RTM\">\n\n\t<div class=\"WooZone-cross-sell-loader\">\n\t\t<div>\n\t\t\t<div id=\"floatingBarsG\">\n\t\t\t\t<div class=\"blockG\" id=\"rotateG_01\"><\/div>\n\t\t\t\t<div class=\"blockG\" id=\"rotateG_02\"><\/div>\n\t\t\t\t<div class=\"blockG\" id=\"rotateG_03\"><\/div>\n\t\t\t\t<div class=\"blockG\" id=\"rotateG_04\"><\/div>\n\t\t\t\t<div class=\"blockG\" id=\"rotateG_05\"><\/div>\n\t\t\t\t<div class=\"blockG\" id=\"rotateG_06\"><\/div>\n\t\t\t\t<div class=\"blockG\" id=\"rotateG_07\"><\/div>\n\t\t\t\t<div class=\"blockG\" id=\"rotateG_08\"><\/div>\n\t\t\t<\/div>\n\t\t\t<div class=\"WooZone-cross-sell-loader-text\"><\/div>\n\t\t<\/div>\n\t<\/div>\n\n\t\t\n<\/div>\n<div style=\"clear:both;\"><\/div><\/p>\n","protected":false},"excerpt":{"rendered":"<p>Betonen Sie die Sch\u00f6nheit Ihres Gartens mit der Philips Hue Lily Spotlight-Erweiterung. Diese Erweiterung beinhaltet 1 x Lilienstrahler und alle Kabel zum Anschlie\u00dfen an Ihre Basiseinheit.<br \/>\nWas ist erforderlich? &#8211; F\u00fcr die intelligente Steuerung ist eine \u201ePhilips Hue Bridge\u201c und eine \u201eLily Base Unit\u201c erforderlich. F\u00fcgen Sie Ihre neue Lilien-Erweiterung zu Ihrer vorhandenen Basiseinheit hinzu und nutzen Sie die Vorteile der intelligenten Au\u00dfenbeleuchtung \u00fcber die \u201ePhilips Hue\u201c -App<br \/>\nStil mit Farbe \u2014 W\u00e4hlen Sie aus 16 Millionen Farben, einschlie\u00dflich warm- bis kaltwei\u00dfem Licht, um das perfekte Ambiente zum Entspannen oder Unterhalten im Freien zu schaffen. Entdecken Sie die perfekte intelligente Beleuchtung f\u00fcr Partys, Grillabende und mehr!<\/p>\n","protected":false},"featured_media":193926,"comment_status":"open","ping_status":"closed","template":"","meta":[],"product_brand":[],"product_cat":[2108,15624],"product_tag":[],"class_list":{"0":"post-193925","1":"product","2":"type-product","3":"status-publish","4":"has-post-thumbnail","6":"product_cat-beleuchtung","7":"product_cat-weihnachtsbeleuchtung","8":"pa_binding-gartenartikel","9":"pa_brand-philips-hue","10":"pa_color-schwarz","11":"pa_height-7-6377952678-zoll","12":"pa_length-3-3070866108-zoll","13":"pa_manufacturer-philips","14":"pa_model-49892","15":"pa_size-1-stueck-1er-pack","16":"pa_warranty-2-jahre","17":"pa_weight-0-95019234922-pfund","18":"pa_width-2-755905509-zoll","20":"first","21":"instock","22":"shipping-taxable","23":"purchasable","24":"product-type-simple","25":"customify-col","26":"product-has-gallery"},"yoast_head":"<!-- This site is optimized with the Yoast SEO plugin v27.3 - https:\/\/yoast.com\/product\/yoast-seo-wordpress\/ -->\n<title>Philips Hue White &amp; Color Ambiance Lily Gartenstrahler 1er schwarz 350lm, dimmbar, bis zu 16 Millionen Farben, steuerbar\u2026 - Markt-XXL<\/title>\n<meta name=\"description\" content=\"Markt-XXL Philips Hue White &amp; Color Ambiance Lily Gartenstrahler 1er schwarz 350lm, dimmbar, bis zu 16 Millionen Farben, steuerbar\u2026\" \/>\n<meta name=\"robots\" content=\"index, follow, max-snippet:-1, max-image-preview:large, max-video-preview:-1\" \/>\n<link rel=\"canonical\" href=\"https:\/\/marktxxl.de\/markt\/produkt\/philips-hue-white-and-color-ambiance-led-gartenstrahler-lily-1er-basis-set\/\" \/>\n<meta property=\"og:locale\" content=\"de_DE\" \/>\n<meta property=\"og:type\" content=\"article\" \/>\n<meta property=\"og:title\" content=\"Philips Hue White &amp; Color Ambiance Lily Gartenstrahler 1er schwarz 350lm, dimmbar, bis zu 16 Millionen Farben, steuerbar\u2026 - Markt-XXL\" \/>\n<meta property=\"og:description\" content=\"Markt-XXL Philips Hue White &amp; Color Ambiance Lily Gartenstrahler 1er schwarz 350lm, dimmbar, bis zu 16 Millionen Farben, steuerbar\u2026\" \/>\n<meta property=\"og:url\" content=\"https:\/\/marktxxl.de\/markt\/produkt\/philips-hue-white-and-color-ambiance-led-gartenstrahler-lily-1er-basis-set\/\" \/>\n<meta property=\"og:site_name\" content=\"Markt-XXL\" \/>\n<meta property=\"article:modified_time\" content=\"2023-04-09T03:14:41+00:00\" \/>\n<meta property=\"og:image\" content=\"https:\/\/m.media-amazon.com\/images\/I\/31O+utECq7L._SL500_.jpg\" \/>\n\t<meta property=\"og:image:width\" content=\"500\" \/>\n\t<meta property=\"og:image:height\" content=\"500\" \/>\n\t<meta property=\"og:image:type\" content=\"image\/jpeg\" \/>\n<meta name=\"twitter:card\" content=\"summary_large_image\" \/>\n<meta name=\"twitter:label1\" content=\"Gesch\u00e4tzte Lesezeit\" \/>\n\t<meta name=\"twitter:data1\" content=\"1\u00a0Minute\" \/>\n<script type=\"application\/ld+json\" class=\"yoast-schema-graph\">{\"@context\":\"https:\\\/\\\/schema.org\",\"@graph\":[{\"@type\":\"WebPage\",\"@id\":\"https:\\\/\\\/marktxxl.de\\\/markt\\\/produkt\\\/philips-hue-white-and-color-ambiance-led-gartenstrahler-lily-1er-basis-set\\\/\",\"url\":\"https:\\\/\\\/marktxxl.de\\\/markt\\\/produkt\\\/philips-hue-white-and-color-ambiance-led-gartenstrahler-lily-1er-basis-set\\\/\",\"name\":\"Philips Hue White &amp; Color Ambiance Lily Gartenstrahler 1er schwarz 350lm, dimmbar, bis zu 16 Millionen Farben, steuerbar\u2026 - Markt-XXL\",\"isPartOf\":{\"@id\":\"https:\\\/\\\/marktxxl.de\\\/markt\\\/#website\"},\"primaryImageOfPage\":{\"@id\":\"https:\\\/\\\/marktxxl.de\\\/markt\\\/produkt\\\/philips-hue-white-and-color-ambiance-led-gartenstrahler-lily-1er-basis-set\\\/#primaryimage\"},\"image\":{\"@id\":\"https:\\\/\\\/marktxxl.de\\\/markt\\\/produkt\\\/philips-hue-white-and-color-ambiance-led-gartenstrahler-lily-1er-basis-set\\\/#primaryimage\"},\"thumbnailUrl\":\"https:\\\/\\\/m.media-amazon.com\\\/images\\\/I\\\/31O+utECq7L._SL500_.jpg\",\"datePublished\":\"2023-03-11T05:46:45+00:00\",\"dateModified\":\"2023-04-09T03:14:41+00:00\",\"description\":\"Markt-XXL Philips Hue White &amp; Color Ambiance Lily Gartenstrahler 1er schwarz 350lm, dimmbar, bis zu 16 Millionen Farben, steuerbar\u2026\",\"breadcrumb\":{\"@id\":\"https:\\\/\\\/marktxxl.de\\\/markt\\\/produkt\\\/philips-hue-white-and-color-ambiance-led-gartenstrahler-lily-1er-basis-set\\\/#breadcrumb\"},\"inLanguage\":\"de\",\"potentialAction\":[{\"@type\":\"ReadAction\",\"target\":[\"https:\\\/\\\/marktxxl.de\\\/markt\\\/produkt\\\/philips-hue-white-and-color-ambiance-led-gartenstrahler-lily-1er-basis-set\\\/\"]}]},{\"@type\":\"ImageObject\",\"inLanguage\":\"de\",\"@id\":\"https:\\\/\\\/marktxxl.de\\\/markt\\\/produkt\\\/philips-hue-white-and-color-ambiance-led-gartenstrahler-lily-1er-basis-set\\\/#primaryimage\",\"url\":\"https:\\\/\\\/m.media-amazon.com\\\/images\\\/I\\\/31O+utECq7L._SL500_.jpg\",\"contentUrl\":\"https:\\\/\\\/m.media-amazon.com\\\/images\\\/I\\\/31O+utECq7L._SL500_.jpg\",\"width\":500,\"height\":500},{\"@type\":\"BreadcrumbList\",\"@id\":\"https:\\\/\\\/marktxxl.de\\\/markt\\\/produkt\\\/philips-hue-white-and-color-ambiance-led-gartenstrahler-lily-1er-basis-set\\\/#breadcrumb\",\"itemListElement\":[{\"@type\":\"ListItem\",\"position\":1,\"name\":\"Startseite\",\"item\":\"https:\\\/\\\/marktxxl.de\\\/markt\\\/\"},{\"@type\":\"ListItem\",\"position\":2,\"name\":\"Markt\",\"item\":\"https:\\\/\\\/marktxxl.de\\\/markt\\\/\"},{\"@type\":\"ListItem\",\"position\":3,\"name\":\"Philips Hue White &amp; Color Ambiance Lily Gartenstrahler 1er schwarz 350lm, dimmbar, bis zu 16 Millionen Farben, steuerbar\u2026\"}]},{\"@type\":\"WebSite\",\"@id\":\"https:\\\/\\\/marktxxl.de\\\/markt\\\/#website\",\"url\":\"https:\\\/\\\/marktxxl.de\\\/markt\\\/\",\"name\":\"Markt-XXL\",\"description\":\"Ihr Markt Online\",\"publisher\":{\"@id\":\"https:\\\/\\\/marktxxl.de\\\/markt\\\/#organization\"},\"potentialAction\":[{\"@type\":\"SearchAction\",\"target\":{\"@type\":\"EntryPoint\",\"urlTemplate\":\"https:\\\/\\\/marktxxl.de\\\/markt\\\/?s={search_term_string}\"},\"query-input\":{\"@type\":\"PropertyValueSpecification\",\"valueRequired\":true,\"valueName\":\"search_term_string\"}}],\"inLanguage\":\"de\"},{\"@type\":\"Organization\",\"@id\":\"https:\\\/\\\/marktxxl.de\\\/markt\\\/#organization\",\"name\":\"Markt-XXL\",\"url\":\"https:\\\/\\\/marktxxl.de\\\/markt\\\/\",\"logo\":{\"@type\":\"ImageObject\",\"inLanguage\":\"de\",\"@id\":\"https:\\\/\\\/marktxxl.de\\\/markt\\\/#\\\/schema\\\/logo\\\/image\\\/\",\"url\":\"https:\\\/\\\/marktxxl.de\\\/markt\\\/wp-content\\\/uploads\\\/sites\\\/3\\\/2020\\\/12\\\/logo.png\",\"contentUrl\":\"https:\\\/\\\/marktxxl.de\\\/markt\\\/wp-content\\\/uploads\\\/sites\\\/3\\\/2020\\\/12\\\/logo.png\",\"width\":200,\"height\":70,\"caption\":\"Markt-XXL\"},\"image\":{\"@id\":\"https:\\\/\\\/marktxxl.de\\\/markt\\\/#\\\/schema\\\/logo\\\/image\\\/\"}}]}<\/script>\n<!-- \/ Yoast SEO plugin. -->","yoast_head_json":{"title":"Philips Hue White &amp; Color Ambiance Lily Gartenstrahler 1er schwarz 350lm, dimmbar, bis zu 16 Millionen Farben, steuerbar\u2026 - Markt-XXL","description":"Markt-XXL Philips Hue White &amp; Color Ambiance Lily Gartenstrahler 1er schwarz 350lm, dimmbar, bis zu 16 Millionen Farben, steuerbar\u2026","robots":{"index":"index","follow":"follow","max-snippet":"max-snippet:-1","max-image-preview":"max-image-preview:large","max-video-preview":"max-video-preview:-1"},"canonical":"https:\/\/marktxxl.de\/markt\/produkt\/philips-hue-white-and-color-ambiance-led-gartenstrahler-lily-1er-basis-set\/","og_locale":"de_DE","og_type":"article","og_title":"Philips Hue White &amp; Color Ambiance Lily Gartenstrahler 1er schwarz 350lm, dimmbar, bis zu 16 Millionen Farben, steuerbar\u2026 - Markt-XXL","og_description":"Markt-XXL Philips Hue White &amp; Color Ambiance Lily Gartenstrahler 1er schwarz 350lm, dimmbar, bis zu 16 Millionen Farben, steuerbar\u2026","og_url":"https:\/\/marktxxl.de\/markt\/produkt\/philips-hue-white-and-color-ambiance-led-gartenstrahler-lily-1er-basis-set\/","og_site_name":"Markt-XXL","article_modified_time":"2023-04-09T03:14:41+00:00","og_image":[{"width":500,"height":500,"url":"https:\/\/m.media-amazon.com\/images\/I\/31O+utECq7L._SL500_.jpg","type":"image\/jpeg"}],"twitter_card":"summary_large_image","twitter_misc":{"Gesch\u00e4tzte Lesezeit":"1\u00a0Minute"},"schema":{"@context":"https:\/\/schema.org","@graph":[{"@type":"WebPage","@id":"https:\/\/marktxxl.de\/markt\/produkt\/philips-hue-white-and-color-ambiance-led-gartenstrahler-lily-1er-basis-set\/","url":"https:\/\/marktxxl.de\/markt\/produkt\/philips-hue-white-and-color-ambiance-led-gartenstrahler-lily-1er-basis-set\/","name":"Philips Hue White &amp; Color Ambiance Lily Gartenstrahler 1er schwarz 350lm, dimmbar, bis zu 16 Millionen Farben, steuerbar\u2026 - Markt-XXL","isPartOf":{"@id":"https:\/\/marktxxl.de\/markt\/#website"},"primaryImageOfPage":{"@id":"https:\/\/marktxxl.de\/markt\/produkt\/philips-hue-white-and-color-ambiance-led-gartenstrahler-lily-1er-basis-set\/#primaryimage"},"image":{"@id":"https:\/\/marktxxl.de\/markt\/produkt\/philips-hue-white-and-color-ambiance-led-gartenstrahler-lily-1er-basis-set\/#primaryimage"},"thumbnailUrl":"https:\/\/m.media-amazon.com\/images\/I\/31O+utECq7L._SL500_.jpg","datePublished":"2023-03-11T05:46:45+00:00","dateModified":"2023-04-09T03:14:41+00:00","description":"Markt-XXL Philips Hue White &amp; Color Ambiance Lily Gartenstrahler 1er schwarz 350lm, dimmbar, bis zu 16 Millionen Farben, steuerbar\u2026","breadcrumb":{"@id":"https:\/\/marktxxl.de\/markt\/produkt\/philips-hue-white-and-color-ambiance-led-gartenstrahler-lily-1er-basis-set\/#breadcrumb"},"inLanguage":"de","potentialAction":[{"@type":"ReadAction","target":["https:\/\/marktxxl.de\/markt\/produkt\/philips-hue-white-and-color-ambiance-led-gartenstrahler-lily-1er-basis-set\/"]}]},{"@type":"ImageObject","inLanguage":"de","@id":"https:\/\/marktxxl.de\/markt\/produkt\/philips-hue-white-and-color-ambiance-led-gartenstrahler-lily-1er-basis-set\/#primaryimage","url":"https:\/\/m.media-amazon.com\/images\/I\/31O+utECq7L._SL500_.jpg","contentUrl":"https:\/\/m.media-amazon.com\/images\/I\/31O+utECq7L._SL500_.jpg","width":500,"height":500},{"@type":"BreadcrumbList","@id":"https:\/\/marktxxl.de\/markt\/produkt\/philips-hue-white-and-color-ambiance-led-gartenstrahler-lily-1er-basis-set\/#breadcrumb","itemListElement":[{"@type":"ListItem","position":1,"name":"Startseite","item":"https:\/\/marktxxl.de\/markt\/"},{"@type":"ListItem","position":2,"name":"Markt","item":"https:\/\/marktxxl.de\/markt\/"},{"@type":"ListItem","position":3,"name":"Philips Hue White &amp; Color Ambiance Lily Gartenstrahler 1er schwarz 350lm, dimmbar, bis zu 16 Millionen Farben, steuerbar\u2026"}]},{"@type":"WebSite","@id":"https:\/\/marktxxl.de\/markt\/#website","url":"https:\/\/marktxxl.de\/markt\/","name":"Markt-XXL","description":"Ihr Markt Online","publisher":{"@id":"https:\/\/marktxxl.de\/markt\/#organization"},"potentialAction":[{"@type":"SearchAction","target":{"@type":"EntryPoint","urlTemplate":"https:\/\/marktxxl.de\/markt\/?s={search_term_string}"},"query-input":{"@type":"PropertyValueSpecification","valueRequired":true,"valueName":"search_term_string"}}],"inLanguage":"de"},{"@type":"Organization","@id":"https:\/\/marktxxl.de\/markt\/#organization","name":"Markt-XXL","url":"https:\/\/marktxxl.de\/markt\/","logo":{"@type":"ImageObject","inLanguage":"de","@id":"https:\/\/marktxxl.de\/markt\/#\/schema\/logo\/image\/","url":"https:\/\/marktxxl.de\/markt\/wp-content\/uploads\/sites\/3\/2020\/12\/logo.png","contentUrl":"https:\/\/marktxxl.de\/markt\/wp-content\/uploads\/sites\/3\/2020\/12\/logo.png","width":200,"height":70,"caption":"Markt-XXL"},"image":{"@id":"https:\/\/marktxxl.de\/markt\/#\/schema\/logo\/image\/"}}]}},"_links":{"self":[{"href":"https:\/\/marktxxl.de\/markt\/wp-json\/wp\/v2\/product\/193925","targetHints":{"allow":["GET"]}}],"collection":[{"href":"https:\/\/marktxxl.de\/markt\/wp-json\/wp\/v2\/product"}],"about":[{"href":"https:\/\/marktxxl.de\/markt\/wp-json\/wp\/v2\/types\/product"}],"replies":[{"embeddable":true,"href":"https:\/\/marktxxl.de\/markt\/wp-json\/wp\/v2\/comments?post=193925"}],"wp:featuredmedia":[{"embeddable":true,"href":"https:\/\/marktxxl.de\/markt\/wp-json\/wp\/v2\/media\/193926"}],"wp:attachment":[{"href":"https:\/\/marktxxl.de\/markt\/wp-json\/wp\/v2\/media?parent=193925"}],"wp:term":[{"taxonomy":"product_brand","embeddable":true,"href":"https:\/\/marktxxl.de\/markt\/wp-json\/wp\/v2\/product_brand?post=193925"},{"taxonomy":"product_cat","embeddable":true,"href":"https:\/\/marktxxl.de\/markt\/wp-json\/wp\/v2\/product_cat?post=193925"},{"taxonomy":"product_tag","embeddable":true,"href":"https:\/\/marktxxl.de\/markt\/wp-json\/wp\/v2\/product_tag?post=193925"}],"curies":[{"name":"wp","href":"https:\/\/api.w.org\/{rel}","templated":true}]}}