{"id":193880,"date":"2023-03-11T06:19:27","date_gmt":"2023-03-11T05:19:27","guid":{"rendered":"https:\/\/marktxxl.de\/markt\/produkt\/casio-fx-570spxii-iberia-wissenschaftlicher-taschenrechner-576-funktionen-12-stellig-schwarz-weiss\/"},"modified":"2023-04-09T05:14:40","modified_gmt":"2023-04-09T03:14:40","slug":"casio-fx-570spxii-iberia-wissenschaftlicher-taschenrechner-576-funktionen-12-stellig-schwarz-weiss","status":"publish","type":"product","link":"https:\/\/marktxxl.de\/markt\/produkt\/casio-fx-570spxii-iberia-wissenschaftlicher-taschenrechner-576-funktionen-12-stellig-schwarz-weiss\/","title":{"rendered":"Casio FX-570SPXII Iberia Wissenschaftlicher Taschenrechner (576 Funktionen, 12-stellig) schwarz\/wei\u00df"},"content":{"rendered":"<p>Ein wissenschaftlicher Taschenrechner<br \/>\nMit Illustration von Jess Wade im Deckel<br \/>\nMit 576 Funktionen, Symbol-Men\u00fc, Tabellenkalkulationsklinge, QR Code-Funktion, 24 Parenten-Stufen, Gleichungsberechnung, Inecution-Berechnung, 47 wissenschaftliche Konstanten, 40 metrische Umrechnungen<br \/>\nBerechnung von Wurzeln, Kombinations- und Durchschlag, Ermittlung von zuf\u00e4lligen Zahlen, Erzeugung von zuf\u00e4lligen Nummern und Fr\u00fchen Umrechnung von sexagesimal zu Dezimal und umgekehrt, Berechnungen von Grad<br \/>\nListen basierende Statistik mit 1 variablen, typischen Abweichungen, Statik mit 2 Variablen (Regresion), Prozentrechnung, Automatische Teilnehmerzufuhr, Funktions-Tabelle<br \/>\n<div class=\"main-cross-sell\" data-asin=\"B07XBLNCGJ\">\n\n\t<div class=\"WooZone-cross-sell-loader\">\n\t\t<div>\n\t\t\t<div id=\"floatingBarsG\">\n\t\t\t\t<div class=\"blockG\" id=\"rotateG_01\"><\/div>\n\t\t\t\t<div class=\"blockG\" id=\"rotateG_02\"><\/div>\n\t\t\t\t<div class=\"blockG\" id=\"rotateG_03\"><\/div>\n\t\t\t\t<div class=\"blockG\" id=\"rotateG_04\"><\/div>\n\t\t\t\t<div class=\"blockG\" id=\"rotateG_05\"><\/div>\n\t\t\t\t<div class=\"blockG\" id=\"rotateG_06\"><\/div>\n\t\t\t\t<div class=\"blockG\" id=\"rotateG_07\"><\/div>\n\t\t\t\t<div class=\"blockG\" id=\"rotateG_08\"><\/div>\n\t\t\t<\/div>\n\t\t\t<div class=\"WooZone-cross-sell-loader-text\"><\/div>\n\t\t<\/div>\n\t<\/div>\n\n\t\t\n<\/div>\n<div style=\"clear:both;\"><\/div><\/p>\n","protected":false},"excerpt":{"rendered":"<p>Ein wissenschaftlicher Taschenrechner<br \/>\nMit Illustration von Jess Wade im Deckel<br \/>\nMit 576 Funktionen, Symbol-Men\u00fc, Tabellenkalkulationsklinge, QR Code-Funktion, 24 Parenten-Stufen, Gleichungsberechnung, Inecution-Berechnung, 47 wissenschaftliche Konstanten, 40 metrische Umrechnungen<\/p>\n","protected":false},"featured_media":193881,"comment_status":"open","ping_status":"closed","template":"","meta":[],"product_brand":[],"product_cat":[504,8208],"product_tag":[],"class_list":{"0":"post-193880","1":"product","2":"type-product","3":"status-publish","4":"has-post-thumbnail","6":"product_cat-buerobedarf-schreibwaren","7":"product_cat-bueroelektronik","8":"pa_binding-buerobedarf-schreibwaren","9":"pa_brand-casio","10":"pa_color-schwarz-weiss","11":"pa_manufacturer-casio","12":"pa_model-part_893","14":"first","15":"instock","16":"shipping-taxable","17":"purchasable","18":"product-type-simple","19":"customify-col","20":"product-has-gallery"},"yoast_head":"<!-- This site is optimized with the Yoast SEO plugin v27.4 - https:\/\/yoast.com\/product\/yoast-seo-wordpress\/ -->\n<title>Casio FX-570SPXII Iberia Wissenschaftlicher Taschenrechner (576 Funktionen, 12-stellig) schwarz\/wei\u00df - Markt-XXL<\/title>\n<meta name=\"description\" content=\"Markt-XXL Casio FX-570SPXII Iberia Wissenschaftlicher Taschenrechner (576 Funktionen, 12-stellig) schwarz\/wei\u00df\" \/>\n<meta name=\"robots\" content=\"index, follow, max-snippet:-1, max-image-preview:large, max-video-preview:-1\" \/>\n<link rel=\"canonical\" href=\"https:\/\/marktxxl.de\/markt\/produkt\/casio-fx-570spxii-iberia-wissenschaftlicher-taschenrechner-576-funktionen-12-stellig-schwarz-weiss\/\" \/>\n<meta property=\"og:locale\" content=\"de_DE\" \/>\n<meta property=\"og:type\" content=\"article\" \/>\n<meta property=\"og:title\" content=\"Casio FX-570SPXII Iberia Wissenschaftlicher Taschenrechner (576 Funktionen, 12-stellig) schwarz\/wei\u00df - Markt-XXL\" \/>\n<meta property=\"og:description\" content=\"Markt-XXL Casio FX-570SPXII Iberia Wissenschaftlicher Taschenrechner (576 Funktionen, 12-stellig) schwarz\/wei\u00df\" \/>\n<meta property=\"og:url\" content=\"https:\/\/marktxxl.de\/markt\/produkt\/casio-fx-570spxii-iberia-wissenschaftlicher-taschenrechner-576-funktionen-12-stellig-schwarz-weiss\/\" \/>\n<meta property=\"og:site_name\" content=\"Markt-XXL\" \/>\n<meta property=\"article:modified_time\" content=\"2023-04-09T03:14:40+00:00\" \/>\n<meta property=\"og:image\" content=\"https:\/\/m.media-amazon.com\/images\/I\/41t6s5flHhL._SL500_.jpg\" \/>\n\t<meta property=\"og:image:width\" content=\"500\" \/>\n\t<meta property=\"og:image:height\" content=\"500\" \/>\n\t<meta property=\"og:image:type\" content=\"image\/jpeg\" \/>\n<meta name=\"twitter:card\" content=\"summary_large_image\" \/>\n<script type=\"application\/ld+json\" class=\"yoast-schema-graph\">{\"@context\":\"https:\\\/\\\/schema.org\",\"@graph\":[{\"@type\":\"WebPage\",\"@id\":\"https:\\\/\\\/marktxxl.de\\\/markt\\\/produkt\\\/casio-fx-570spxii-iberia-wissenschaftlicher-taschenrechner-576-funktionen-12-stellig-schwarz-weiss\\\/\",\"url\":\"https:\\\/\\\/marktxxl.de\\\/markt\\\/produkt\\\/casio-fx-570spxii-iberia-wissenschaftlicher-taschenrechner-576-funktionen-12-stellig-schwarz-weiss\\\/\",\"name\":\"Casio FX-570SPXII Iberia Wissenschaftlicher Taschenrechner (576 Funktionen, 12-stellig) schwarz\\\/wei\u00df - Markt-XXL\",\"isPartOf\":{\"@id\":\"https:\\\/\\\/marktxxl.de\\\/markt\\\/#website\"},\"primaryImageOfPage\":{\"@id\":\"https:\\\/\\\/marktxxl.de\\\/markt\\\/produkt\\\/casio-fx-570spxii-iberia-wissenschaftlicher-taschenrechner-576-funktionen-12-stellig-schwarz-weiss\\\/#primaryimage\"},\"image\":{\"@id\":\"https:\\\/\\\/marktxxl.de\\\/markt\\\/produkt\\\/casio-fx-570spxii-iberia-wissenschaftlicher-taschenrechner-576-funktionen-12-stellig-schwarz-weiss\\\/#primaryimage\"},\"thumbnailUrl\":\"https:\\\/\\\/m.media-amazon.com\\\/images\\\/I\\\/41t6s5flHhL._SL500_.jpg\",\"datePublished\":\"2023-03-11T05:19:27+00:00\",\"dateModified\":\"2023-04-09T03:14:40+00:00\",\"description\":\"Markt-XXL Casio FX-570SPXII Iberia Wissenschaftlicher Taschenrechner (576 Funktionen, 12-stellig) schwarz\\\/wei\u00df\",\"breadcrumb\":{\"@id\":\"https:\\\/\\\/marktxxl.de\\\/markt\\\/produkt\\\/casio-fx-570spxii-iberia-wissenschaftlicher-taschenrechner-576-funktionen-12-stellig-schwarz-weiss\\\/#breadcrumb\"},\"inLanguage\":\"de\",\"potentialAction\":[{\"@type\":\"ReadAction\",\"target\":[\"https:\\\/\\\/marktxxl.de\\\/markt\\\/produkt\\\/casio-fx-570spxii-iberia-wissenschaftlicher-taschenrechner-576-funktionen-12-stellig-schwarz-weiss\\\/\"]}]},{\"@type\":\"ImageObject\",\"inLanguage\":\"de\",\"@id\":\"https:\\\/\\\/marktxxl.de\\\/markt\\\/produkt\\\/casio-fx-570spxii-iberia-wissenschaftlicher-taschenrechner-576-funktionen-12-stellig-schwarz-weiss\\\/#primaryimage\",\"url\":\"https:\\\/\\\/m.media-amazon.com\\\/images\\\/I\\\/41t6s5flHhL._SL500_.jpg\",\"contentUrl\":\"https:\\\/\\\/m.media-amazon.com\\\/images\\\/I\\\/41t6s5flHhL._SL500_.jpg\",\"width\":500,\"height\":500},{\"@type\":\"BreadcrumbList\",\"@id\":\"https:\\\/\\\/marktxxl.de\\\/markt\\\/produkt\\\/casio-fx-570spxii-iberia-wissenschaftlicher-taschenrechner-576-funktionen-12-stellig-schwarz-weiss\\\/#breadcrumb\",\"itemListElement\":[{\"@type\":\"ListItem\",\"position\":1,\"name\":\"Startseite\",\"item\":\"https:\\\/\\\/marktxxl.de\\\/markt\\\/\"},{\"@type\":\"ListItem\",\"position\":2,\"name\":\"Markt\",\"item\":\"https:\\\/\\\/marktxxl.de\\\/markt\\\/\"},{\"@type\":\"ListItem\",\"position\":3,\"name\":\"Casio FX-570SPXII Iberia Wissenschaftlicher Taschenrechner (576 Funktionen, 12-stellig) schwarz\\\/wei\u00df\"}]},{\"@type\":\"WebSite\",\"@id\":\"https:\\\/\\\/marktxxl.de\\\/markt\\\/#website\",\"url\":\"https:\\\/\\\/marktxxl.de\\\/markt\\\/\",\"name\":\"Markt-XXL\",\"description\":\"Ihr Markt Online\",\"publisher\":{\"@id\":\"https:\\\/\\\/marktxxl.de\\\/markt\\\/#organization\"},\"potentialAction\":[{\"@type\":\"SearchAction\",\"target\":{\"@type\":\"EntryPoint\",\"urlTemplate\":\"https:\\\/\\\/marktxxl.de\\\/markt\\\/?s={search_term_string}\"},\"query-input\":{\"@type\":\"PropertyValueSpecification\",\"valueRequired\":true,\"valueName\":\"search_term_string\"}}],\"inLanguage\":\"de\"},{\"@type\":\"Organization\",\"@id\":\"https:\\\/\\\/marktxxl.de\\\/markt\\\/#organization\",\"name\":\"Markt-XXL\",\"url\":\"https:\\\/\\\/marktxxl.de\\\/markt\\\/\",\"logo\":{\"@type\":\"ImageObject\",\"inLanguage\":\"de\",\"@id\":\"https:\\\/\\\/marktxxl.de\\\/markt\\\/#\\\/schema\\\/logo\\\/image\\\/\",\"url\":\"https:\\\/\\\/marktxxl.de\\\/markt\\\/wp-content\\\/uploads\\\/sites\\\/3\\\/2020\\\/12\\\/logo.png\",\"contentUrl\":\"https:\\\/\\\/marktxxl.de\\\/markt\\\/wp-content\\\/uploads\\\/sites\\\/3\\\/2020\\\/12\\\/logo.png\",\"width\":200,\"height\":70,\"caption\":\"Markt-XXL\"},\"image\":{\"@id\":\"https:\\\/\\\/marktxxl.de\\\/markt\\\/#\\\/schema\\\/logo\\\/image\\\/\"}}]}<\/script>\n<!-- \/ Yoast SEO plugin. -->","yoast_head_json":{"title":"Casio FX-570SPXII Iberia Wissenschaftlicher Taschenrechner (576 Funktionen, 12-stellig) schwarz\/wei\u00df - Markt-XXL","description":"Markt-XXL Casio FX-570SPXII Iberia Wissenschaftlicher Taschenrechner (576 Funktionen, 12-stellig) schwarz\/wei\u00df","robots":{"index":"index","follow":"follow","max-snippet":"max-snippet:-1","max-image-preview":"max-image-preview:large","max-video-preview":"max-video-preview:-1"},"canonical":"https:\/\/marktxxl.de\/markt\/produkt\/casio-fx-570spxii-iberia-wissenschaftlicher-taschenrechner-576-funktionen-12-stellig-schwarz-weiss\/","og_locale":"de_DE","og_type":"article","og_title":"Casio FX-570SPXII Iberia Wissenschaftlicher Taschenrechner (576 Funktionen, 12-stellig) schwarz\/wei\u00df - Markt-XXL","og_description":"Markt-XXL Casio FX-570SPXII Iberia Wissenschaftlicher Taschenrechner (576 Funktionen, 12-stellig) schwarz\/wei\u00df","og_url":"https:\/\/marktxxl.de\/markt\/produkt\/casio-fx-570spxii-iberia-wissenschaftlicher-taschenrechner-576-funktionen-12-stellig-schwarz-weiss\/","og_site_name":"Markt-XXL","article_modified_time":"2023-04-09T03:14:40+00:00","og_image":[{"width":500,"height":500,"url":"https:\/\/m.media-amazon.com\/images\/I\/41t6s5flHhL._SL500_.jpg","type":"image\/jpeg"}],"twitter_card":"summary_large_image","schema":{"@context":"https:\/\/schema.org","@graph":[{"@type":"WebPage","@id":"https:\/\/marktxxl.de\/markt\/produkt\/casio-fx-570spxii-iberia-wissenschaftlicher-taschenrechner-576-funktionen-12-stellig-schwarz-weiss\/","url":"https:\/\/marktxxl.de\/markt\/produkt\/casio-fx-570spxii-iberia-wissenschaftlicher-taschenrechner-576-funktionen-12-stellig-schwarz-weiss\/","name":"Casio FX-570SPXII Iberia Wissenschaftlicher Taschenrechner (576 Funktionen, 12-stellig) schwarz\/wei\u00df - Markt-XXL","isPartOf":{"@id":"https:\/\/marktxxl.de\/markt\/#website"},"primaryImageOfPage":{"@id":"https:\/\/marktxxl.de\/markt\/produkt\/casio-fx-570spxii-iberia-wissenschaftlicher-taschenrechner-576-funktionen-12-stellig-schwarz-weiss\/#primaryimage"},"image":{"@id":"https:\/\/marktxxl.de\/markt\/produkt\/casio-fx-570spxii-iberia-wissenschaftlicher-taschenrechner-576-funktionen-12-stellig-schwarz-weiss\/#primaryimage"},"thumbnailUrl":"https:\/\/m.media-amazon.com\/images\/I\/41t6s5flHhL._SL500_.jpg","datePublished":"2023-03-11T05:19:27+00:00","dateModified":"2023-04-09T03:14:40+00:00","description":"Markt-XXL Casio FX-570SPXII Iberia Wissenschaftlicher Taschenrechner (576 Funktionen, 12-stellig) schwarz\/wei\u00df","breadcrumb":{"@id":"https:\/\/marktxxl.de\/markt\/produkt\/casio-fx-570spxii-iberia-wissenschaftlicher-taschenrechner-576-funktionen-12-stellig-schwarz-weiss\/#breadcrumb"},"inLanguage":"de","potentialAction":[{"@type":"ReadAction","target":["https:\/\/marktxxl.de\/markt\/produkt\/casio-fx-570spxii-iberia-wissenschaftlicher-taschenrechner-576-funktionen-12-stellig-schwarz-weiss\/"]}]},{"@type":"ImageObject","inLanguage":"de","@id":"https:\/\/marktxxl.de\/markt\/produkt\/casio-fx-570spxii-iberia-wissenschaftlicher-taschenrechner-576-funktionen-12-stellig-schwarz-weiss\/#primaryimage","url":"https:\/\/m.media-amazon.com\/images\/I\/41t6s5flHhL._SL500_.jpg","contentUrl":"https:\/\/m.media-amazon.com\/images\/I\/41t6s5flHhL._SL500_.jpg","width":500,"height":500},{"@type":"BreadcrumbList","@id":"https:\/\/marktxxl.de\/markt\/produkt\/casio-fx-570spxii-iberia-wissenschaftlicher-taschenrechner-576-funktionen-12-stellig-schwarz-weiss\/#breadcrumb","itemListElement":[{"@type":"ListItem","position":1,"name":"Startseite","item":"https:\/\/marktxxl.de\/markt\/"},{"@type":"ListItem","position":2,"name":"Markt","item":"https:\/\/marktxxl.de\/markt\/"},{"@type":"ListItem","position":3,"name":"Casio FX-570SPXII Iberia Wissenschaftlicher Taschenrechner (576 Funktionen, 12-stellig) schwarz\/wei\u00df"}]},{"@type":"WebSite","@id":"https:\/\/marktxxl.de\/markt\/#website","url":"https:\/\/marktxxl.de\/markt\/","name":"Markt-XXL","description":"Ihr Markt Online","publisher":{"@id":"https:\/\/marktxxl.de\/markt\/#organization"},"potentialAction":[{"@type":"SearchAction","target":{"@type":"EntryPoint","urlTemplate":"https:\/\/marktxxl.de\/markt\/?s={search_term_string}"},"query-input":{"@type":"PropertyValueSpecification","valueRequired":true,"valueName":"search_term_string"}}],"inLanguage":"de"},{"@type":"Organization","@id":"https:\/\/marktxxl.de\/markt\/#organization","name":"Markt-XXL","url":"https:\/\/marktxxl.de\/markt\/","logo":{"@type":"ImageObject","inLanguage":"de","@id":"https:\/\/marktxxl.de\/markt\/#\/schema\/logo\/image\/","url":"https:\/\/marktxxl.de\/markt\/wp-content\/uploads\/sites\/3\/2020\/12\/logo.png","contentUrl":"https:\/\/marktxxl.de\/markt\/wp-content\/uploads\/sites\/3\/2020\/12\/logo.png","width":200,"height":70,"caption":"Markt-XXL"},"image":{"@id":"https:\/\/marktxxl.de\/markt\/#\/schema\/logo\/image\/"}}]}},"_links":{"self":[{"href":"https:\/\/marktxxl.de\/markt\/wp-json\/wp\/v2\/product\/193880","targetHints":{"allow":["GET"]}}],"collection":[{"href":"https:\/\/marktxxl.de\/markt\/wp-json\/wp\/v2\/product"}],"about":[{"href":"https:\/\/marktxxl.de\/markt\/wp-json\/wp\/v2\/types\/product"}],"replies":[{"embeddable":true,"href":"https:\/\/marktxxl.de\/markt\/wp-json\/wp\/v2\/comments?post=193880"}],"wp:featuredmedia":[{"embeddable":true,"href":"https:\/\/marktxxl.de\/markt\/wp-json\/wp\/v2\/media\/193881"}],"wp:attachment":[{"href":"https:\/\/marktxxl.de\/markt\/wp-json\/wp\/v2\/media?parent=193880"}],"wp:term":[{"taxonomy":"product_brand","embeddable":true,"href":"https:\/\/marktxxl.de\/markt\/wp-json\/wp\/v2\/product_brand?post=193880"},{"taxonomy":"product_cat","embeddable":true,"href":"https:\/\/marktxxl.de\/markt\/wp-json\/wp\/v2\/product_cat?post=193880"},{"taxonomy":"product_tag","embeddable":true,"href":"https:\/\/marktxxl.de\/markt\/wp-json\/wp\/v2\/product_tag?post=193880"}],"curies":[{"name":"wp","href":"https:\/\/api.w.org\/{rel}","templated":true}]}}