{"id":193865,"date":"2023-03-11T06:19:03","date_gmt":"2023-03-11T05:19:03","guid":{"rendered":"https:\/\/marktxxl.de\/markt\/produkt\/texas-instruments-ti-30-x-s-multiview-wissenschaftlicher-taschenrechner\/"},"modified":"2023-04-09T05:14:40","modified_gmt":"2023-04-09T03:14:40","slug":"texas-instruments-ti-30-x-s-multiview-wissenschaftlicher-taschenrechner","status":"publish","type":"product","link":"https:\/\/marktxxl.de\/markt\/produkt\/texas-instruments-ti-30-x-s-multiview-wissenschaftlicher-taschenrechner\/","title":{"rendered":"Texas Instruments TI-30\u00a0X S MultiView Wissenschaftlicher Taschenrechner"},"content":{"rendered":"<p>Lieferumfang: 1 St\u00fcck.<br \/>\nEntworfen mit einzigartigen Funktionen, damit Sie mehr als eine Berechnung eingeben k\u00f6nnen, Ergebnisse vergleichen und Muster erkunden k\u00f6nnen, alle auf dem gleichen Bildschirm. Geben und sehen Sie Berechnungen in gemeinsamen Mathematiknoten \u00fcber den MATHPRINT-Modus ein, einschlie\u00dflich gestapelter Br\u00fcche, Exponente, genaue Quadratwurzeln und mehr.<br \/>\nSehen Sie schnell Br\u00fcche und Dezimalzahlen in abwechselnden Formen durch die Verwendung des Kippschl\u00fcssels.<br \/>\nScrollen Sie durch vorherige Eintr\u00e4ge und untersuchen Sie kritische Muster sowie anschauen und einf\u00fcgen in eine neue Berechnung.<br \/>\nErkunden Sie eine X-Y-Werte Tabelle f\u00fcr eine bestimmte Funktion, automatisch oder durch Eingabe bestimmter X-Werte.<br \/>\n<div class=\"main-cross-sell\" data-asin=\"B07DP8TYWR\">\n\n\t<div class=\"WooZone-cross-sell-loader\">\n\t\t<div>\n\t\t\t<div id=\"floatingBarsG\">\n\t\t\t\t<div class=\"blockG\" id=\"rotateG_01\"><\/div>\n\t\t\t\t<div class=\"blockG\" id=\"rotateG_02\"><\/div>\n\t\t\t\t<div class=\"blockG\" id=\"rotateG_03\"><\/div>\n\t\t\t\t<div class=\"blockG\" id=\"rotateG_04\"><\/div>\n\t\t\t\t<div class=\"blockG\" id=\"rotateG_05\"><\/div>\n\t\t\t\t<div class=\"blockG\" id=\"rotateG_06\"><\/div>\n\t\t\t\t<div class=\"blockG\" id=\"rotateG_07\"><\/div>\n\t\t\t\t<div class=\"blockG\" id=\"rotateG_08\"><\/div>\n\t\t\t<\/div>\n\t\t\t<div class=\"WooZone-cross-sell-loader-text\"><\/div>\n\t\t<\/div>\n\t<\/div>\n\n\t\t\n<\/div>\n<div style=\"clear:both;\"><\/div><\/p>\n","protected":false},"excerpt":{"rendered":"<p>Lieferumfang: 1 St\u00fcck.<br \/>\nEntworfen mit einzigartigen Funktionen, damit Sie mehr als eine Berechnung eingeben k\u00f6nnen, Ergebnisse vergleichen und Muster erkunden k\u00f6nnen, alle auf dem gleichen Bildschirm. Geben und sehen Sie Berechnungen in gemeinsamen Mathematiknoten \u00fcber den MATHPRINT-Modus ein, einschlie\u00dflich gestapelter Br\u00fcche, Exponente, genaue Quadratwurzeln und mehr.<br \/>\nSehen Sie schnell Br\u00fcche und Dezimalzahlen in abwechselnden Formen durch die Verwendung des Kippschl\u00fcssels.<\/p>\n","protected":false},"featured_media":193866,"comment_status":"open","ping_status":"closed","template":"","meta":[],"product_brand":[],"product_cat":[504,8208],"product_tag":[],"class_list":{"0":"post-193865","1":"product","2":"type-product","3":"status-publish","4":"has-post-thumbnail","6":"product_cat-buerobedarf-schreibwaren","7":"product_cat-bueroelektronik","8":"pa_binding-buerobedarf-schreibwaren","9":"pa_brand-texas-instruments","10":"pa_color-grau","11":"pa_height-7-25-zoll","12":"pa_length-0-75-zoll","13":"pa_manufacturer-texas-instruments","14":"pa_model-ti-30xsmv","15":"pa_size-small","16":"pa_weight-0-3-pfund","17":"pa_width-3-37-zoll","19":"first","20":"instock","21":"shipping-taxable","22":"purchasable","23":"product-type-simple","24":"customify-col","25":"product-has-gallery"},"yoast_head":"<!-- This site is optimized with the Yoast SEO plugin v27.3 - https:\/\/yoast.com\/product\/yoast-seo-wordpress\/ -->\n<title>Texas Instruments TI-30\u00a0X S MultiView Wissenschaftlicher Taschenrechner - Markt-XXL<\/title>\n<meta name=\"description\" content=\"Markt-XXL Texas Instruments TI-30\u00a0X S MultiView Wissenschaftlicher Taschenrechner\" \/>\n<meta name=\"robots\" content=\"index, follow, max-snippet:-1, max-image-preview:large, max-video-preview:-1\" \/>\n<link rel=\"canonical\" href=\"https:\/\/marktxxl.de\/markt\/produkt\/texas-instruments-ti-30-x-s-multiview-wissenschaftlicher-taschenrechner\/\" \/>\n<meta property=\"og:locale\" content=\"de_DE\" \/>\n<meta property=\"og:type\" content=\"article\" \/>\n<meta property=\"og:title\" content=\"Texas Instruments TI-30\u00a0X S MultiView Wissenschaftlicher Taschenrechner - Markt-XXL\" \/>\n<meta property=\"og:description\" content=\"Markt-XXL Texas Instruments TI-30\u00a0X S MultiView Wissenschaftlicher Taschenrechner\" \/>\n<meta property=\"og:url\" content=\"https:\/\/marktxxl.de\/markt\/produkt\/texas-instruments-ti-30-x-s-multiview-wissenschaftlicher-taschenrechner\/\" \/>\n<meta property=\"og:site_name\" content=\"Markt-XXL\" \/>\n<meta property=\"article:modified_time\" content=\"2023-04-09T03:14:40+00:00\" \/>\n<meta property=\"og:image\" content=\"https:\/\/m.media-amazon.com\/images\/I\/41nwmiFjfUL._SL500_.jpg\" \/>\n\t<meta property=\"og:image:width\" content=\"500\" \/>\n\t<meta property=\"og:image:height\" content=\"500\" \/>\n\t<meta property=\"og:image:type\" content=\"image\/jpeg\" \/>\n<meta name=\"twitter:card\" content=\"summary_large_image\" \/>\n<meta name=\"twitter:label1\" content=\"Gesch\u00e4tzte Lesezeit\" \/>\n\t<meta name=\"twitter:data1\" content=\"1\u00a0Minute\" \/>\n<script type=\"application\/ld+json\" class=\"yoast-schema-graph\">{\"@context\":\"https:\\\/\\\/schema.org\",\"@graph\":[{\"@type\":\"WebPage\",\"@id\":\"https:\\\/\\\/marktxxl.de\\\/markt\\\/produkt\\\/texas-instruments-ti-30-x-s-multiview-wissenschaftlicher-taschenrechner\\\/\",\"url\":\"https:\\\/\\\/marktxxl.de\\\/markt\\\/produkt\\\/texas-instruments-ti-30-x-s-multiview-wissenschaftlicher-taschenrechner\\\/\",\"name\":\"Texas Instruments TI-30\u00a0X S MultiView Wissenschaftlicher Taschenrechner - Markt-XXL\",\"isPartOf\":{\"@id\":\"https:\\\/\\\/marktxxl.de\\\/markt\\\/#website\"},\"primaryImageOfPage\":{\"@id\":\"https:\\\/\\\/marktxxl.de\\\/markt\\\/produkt\\\/texas-instruments-ti-30-x-s-multiview-wissenschaftlicher-taschenrechner\\\/#primaryimage\"},\"image\":{\"@id\":\"https:\\\/\\\/marktxxl.de\\\/markt\\\/produkt\\\/texas-instruments-ti-30-x-s-multiview-wissenschaftlicher-taschenrechner\\\/#primaryimage\"},\"thumbnailUrl\":\"https:\\\/\\\/m.media-amazon.com\\\/images\\\/I\\\/41nwmiFjfUL._SL500_.jpg\",\"datePublished\":\"2023-03-11T05:19:03+00:00\",\"dateModified\":\"2023-04-09T03:14:40+00:00\",\"description\":\"Markt-XXL Texas Instruments TI-30\u00a0X S MultiView Wissenschaftlicher Taschenrechner\",\"breadcrumb\":{\"@id\":\"https:\\\/\\\/marktxxl.de\\\/markt\\\/produkt\\\/texas-instruments-ti-30-x-s-multiview-wissenschaftlicher-taschenrechner\\\/#breadcrumb\"},\"inLanguage\":\"de\",\"potentialAction\":[{\"@type\":\"ReadAction\",\"target\":[\"https:\\\/\\\/marktxxl.de\\\/markt\\\/produkt\\\/texas-instruments-ti-30-x-s-multiview-wissenschaftlicher-taschenrechner\\\/\"]}]},{\"@type\":\"ImageObject\",\"inLanguage\":\"de\",\"@id\":\"https:\\\/\\\/marktxxl.de\\\/markt\\\/produkt\\\/texas-instruments-ti-30-x-s-multiview-wissenschaftlicher-taschenrechner\\\/#primaryimage\",\"url\":\"https:\\\/\\\/m.media-amazon.com\\\/images\\\/I\\\/41nwmiFjfUL._SL500_.jpg\",\"contentUrl\":\"https:\\\/\\\/m.media-amazon.com\\\/images\\\/I\\\/41nwmiFjfUL._SL500_.jpg\",\"width\":500,\"height\":500},{\"@type\":\"BreadcrumbList\",\"@id\":\"https:\\\/\\\/marktxxl.de\\\/markt\\\/produkt\\\/texas-instruments-ti-30-x-s-multiview-wissenschaftlicher-taschenrechner\\\/#breadcrumb\",\"itemListElement\":[{\"@type\":\"ListItem\",\"position\":1,\"name\":\"Startseite\",\"item\":\"https:\\\/\\\/marktxxl.de\\\/markt\\\/\"},{\"@type\":\"ListItem\",\"position\":2,\"name\":\"Markt\",\"item\":\"https:\\\/\\\/marktxxl.de\\\/markt\\\/\"},{\"@type\":\"ListItem\",\"position\":3,\"name\":\"Texas Instruments TI-30\u00a0X S MultiView Wissenschaftlicher Taschenrechner\"}]},{\"@type\":\"WebSite\",\"@id\":\"https:\\\/\\\/marktxxl.de\\\/markt\\\/#website\",\"url\":\"https:\\\/\\\/marktxxl.de\\\/markt\\\/\",\"name\":\"Markt-XXL\",\"description\":\"Ihr Markt Online\",\"publisher\":{\"@id\":\"https:\\\/\\\/marktxxl.de\\\/markt\\\/#organization\"},\"potentialAction\":[{\"@type\":\"SearchAction\",\"target\":{\"@type\":\"EntryPoint\",\"urlTemplate\":\"https:\\\/\\\/marktxxl.de\\\/markt\\\/?s={search_term_string}\"},\"query-input\":{\"@type\":\"PropertyValueSpecification\",\"valueRequired\":true,\"valueName\":\"search_term_string\"}}],\"inLanguage\":\"de\"},{\"@type\":\"Organization\",\"@id\":\"https:\\\/\\\/marktxxl.de\\\/markt\\\/#organization\",\"name\":\"Markt-XXL\",\"url\":\"https:\\\/\\\/marktxxl.de\\\/markt\\\/\",\"logo\":{\"@type\":\"ImageObject\",\"inLanguage\":\"de\",\"@id\":\"https:\\\/\\\/marktxxl.de\\\/markt\\\/#\\\/schema\\\/logo\\\/image\\\/\",\"url\":\"https:\\\/\\\/marktxxl.de\\\/markt\\\/wp-content\\\/uploads\\\/sites\\\/3\\\/2020\\\/12\\\/logo.png\",\"contentUrl\":\"https:\\\/\\\/marktxxl.de\\\/markt\\\/wp-content\\\/uploads\\\/sites\\\/3\\\/2020\\\/12\\\/logo.png\",\"width\":200,\"height\":70,\"caption\":\"Markt-XXL\"},\"image\":{\"@id\":\"https:\\\/\\\/marktxxl.de\\\/markt\\\/#\\\/schema\\\/logo\\\/image\\\/\"}}]}<\/script>\n<!-- \/ Yoast SEO plugin. -->","yoast_head_json":{"title":"Texas Instruments TI-30\u00a0X S MultiView Wissenschaftlicher Taschenrechner - Markt-XXL","description":"Markt-XXL Texas Instruments TI-30\u00a0X S MultiView Wissenschaftlicher Taschenrechner","robots":{"index":"index","follow":"follow","max-snippet":"max-snippet:-1","max-image-preview":"max-image-preview:large","max-video-preview":"max-video-preview:-1"},"canonical":"https:\/\/marktxxl.de\/markt\/produkt\/texas-instruments-ti-30-x-s-multiview-wissenschaftlicher-taschenrechner\/","og_locale":"de_DE","og_type":"article","og_title":"Texas Instruments TI-30\u00a0X S MultiView Wissenschaftlicher Taschenrechner - Markt-XXL","og_description":"Markt-XXL Texas Instruments TI-30\u00a0X S MultiView Wissenschaftlicher Taschenrechner","og_url":"https:\/\/marktxxl.de\/markt\/produkt\/texas-instruments-ti-30-x-s-multiview-wissenschaftlicher-taschenrechner\/","og_site_name":"Markt-XXL","article_modified_time":"2023-04-09T03:14:40+00:00","og_image":[{"width":500,"height":500,"url":"https:\/\/m.media-amazon.com\/images\/I\/41nwmiFjfUL._SL500_.jpg","type":"image\/jpeg"}],"twitter_card":"summary_large_image","twitter_misc":{"Gesch\u00e4tzte Lesezeit":"1\u00a0Minute"},"schema":{"@context":"https:\/\/schema.org","@graph":[{"@type":"WebPage","@id":"https:\/\/marktxxl.de\/markt\/produkt\/texas-instruments-ti-30-x-s-multiview-wissenschaftlicher-taschenrechner\/","url":"https:\/\/marktxxl.de\/markt\/produkt\/texas-instruments-ti-30-x-s-multiview-wissenschaftlicher-taschenrechner\/","name":"Texas Instruments TI-30\u00a0X S MultiView Wissenschaftlicher Taschenrechner - Markt-XXL","isPartOf":{"@id":"https:\/\/marktxxl.de\/markt\/#website"},"primaryImageOfPage":{"@id":"https:\/\/marktxxl.de\/markt\/produkt\/texas-instruments-ti-30-x-s-multiview-wissenschaftlicher-taschenrechner\/#primaryimage"},"image":{"@id":"https:\/\/marktxxl.de\/markt\/produkt\/texas-instruments-ti-30-x-s-multiview-wissenschaftlicher-taschenrechner\/#primaryimage"},"thumbnailUrl":"https:\/\/m.media-amazon.com\/images\/I\/41nwmiFjfUL._SL500_.jpg","datePublished":"2023-03-11T05:19:03+00:00","dateModified":"2023-04-09T03:14:40+00:00","description":"Markt-XXL Texas Instruments TI-30\u00a0X S MultiView Wissenschaftlicher Taschenrechner","breadcrumb":{"@id":"https:\/\/marktxxl.de\/markt\/produkt\/texas-instruments-ti-30-x-s-multiview-wissenschaftlicher-taschenrechner\/#breadcrumb"},"inLanguage":"de","potentialAction":[{"@type":"ReadAction","target":["https:\/\/marktxxl.de\/markt\/produkt\/texas-instruments-ti-30-x-s-multiview-wissenschaftlicher-taschenrechner\/"]}]},{"@type":"ImageObject","inLanguage":"de","@id":"https:\/\/marktxxl.de\/markt\/produkt\/texas-instruments-ti-30-x-s-multiview-wissenschaftlicher-taschenrechner\/#primaryimage","url":"https:\/\/m.media-amazon.com\/images\/I\/41nwmiFjfUL._SL500_.jpg","contentUrl":"https:\/\/m.media-amazon.com\/images\/I\/41nwmiFjfUL._SL500_.jpg","width":500,"height":500},{"@type":"BreadcrumbList","@id":"https:\/\/marktxxl.de\/markt\/produkt\/texas-instruments-ti-30-x-s-multiview-wissenschaftlicher-taschenrechner\/#breadcrumb","itemListElement":[{"@type":"ListItem","position":1,"name":"Startseite","item":"https:\/\/marktxxl.de\/markt\/"},{"@type":"ListItem","position":2,"name":"Markt","item":"https:\/\/marktxxl.de\/markt\/"},{"@type":"ListItem","position":3,"name":"Texas Instruments TI-30\u00a0X S MultiView Wissenschaftlicher Taschenrechner"}]},{"@type":"WebSite","@id":"https:\/\/marktxxl.de\/markt\/#website","url":"https:\/\/marktxxl.de\/markt\/","name":"Markt-XXL","description":"Ihr Markt Online","publisher":{"@id":"https:\/\/marktxxl.de\/markt\/#organization"},"potentialAction":[{"@type":"SearchAction","target":{"@type":"EntryPoint","urlTemplate":"https:\/\/marktxxl.de\/markt\/?s={search_term_string}"},"query-input":{"@type":"PropertyValueSpecification","valueRequired":true,"valueName":"search_term_string"}}],"inLanguage":"de"},{"@type":"Organization","@id":"https:\/\/marktxxl.de\/markt\/#organization","name":"Markt-XXL","url":"https:\/\/marktxxl.de\/markt\/","logo":{"@type":"ImageObject","inLanguage":"de","@id":"https:\/\/marktxxl.de\/markt\/#\/schema\/logo\/image\/","url":"https:\/\/marktxxl.de\/markt\/wp-content\/uploads\/sites\/3\/2020\/12\/logo.png","contentUrl":"https:\/\/marktxxl.de\/markt\/wp-content\/uploads\/sites\/3\/2020\/12\/logo.png","width":200,"height":70,"caption":"Markt-XXL"},"image":{"@id":"https:\/\/marktxxl.de\/markt\/#\/schema\/logo\/image\/"}}]}},"_links":{"self":[{"href":"https:\/\/marktxxl.de\/markt\/wp-json\/wp\/v2\/product\/193865","targetHints":{"allow":["GET"]}}],"collection":[{"href":"https:\/\/marktxxl.de\/markt\/wp-json\/wp\/v2\/product"}],"about":[{"href":"https:\/\/marktxxl.de\/markt\/wp-json\/wp\/v2\/types\/product"}],"replies":[{"embeddable":true,"href":"https:\/\/marktxxl.de\/markt\/wp-json\/wp\/v2\/comments?post=193865"}],"wp:featuredmedia":[{"embeddable":true,"href":"https:\/\/marktxxl.de\/markt\/wp-json\/wp\/v2\/media\/193866"}],"wp:attachment":[{"href":"https:\/\/marktxxl.de\/markt\/wp-json\/wp\/v2\/media?parent=193865"}],"wp:term":[{"taxonomy":"product_brand","embeddable":true,"href":"https:\/\/marktxxl.de\/markt\/wp-json\/wp\/v2\/product_brand?post=193865"},{"taxonomy":"product_cat","embeddable":true,"href":"https:\/\/marktxxl.de\/markt\/wp-json\/wp\/v2\/product_cat?post=193865"},{"taxonomy":"product_tag","embeddable":true,"href":"https:\/\/marktxxl.de\/markt\/wp-json\/wp\/v2\/product_tag?post=193865"}],"curies":[{"name":"wp","href":"https:\/\/api.w.org\/{rel}","templated":true}]}}