{"id":193829,"date":"2023-03-11T06:16:28","date_gmt":"2023-03-11T05:16:28","guid":{"rendered":"https:\/\/marktxxl.de\/markt\/produkt\/4-stueck-45013-etikettenband-kompatibel-mit-dymo-d1-s0720530-schwarz-auf-weiss-12mm-x-7m-schriftbaender-fuer-beschriftungsgeraet-labelmanager-100-120-150-160-200-210d-280-360d-420p-pnp-von-smartpro\/"},"modified":"2023-04-09T05:14:40","modified_gmt":"2023-04-09T03:14:40","slug":"4-stueck-45013-etikettenband-kompatibel-mit-dymo-d1-s0720530-schwarz-auf-weiss-12mm-x-7m-schriftbaender-fuer-beschriftungsgeraet-labelmanager-100-120-150-160-200-210d-280-360d-420p-pnp-von-smartpro","status":"publish","type":"product","link":"https:\/\/marktxxl.de\/markt\/produkt\/4-stueck-45013-etikettenband-kompatibel-mit-dymo-d1-s0720530-schwarz-auf-weiss-12mm-x-7m-schriftbaender-fuer-beschriftungsgeraet-labelmanager-100-120-150-160-200-210d-280-360d-420p-pnp-von-smartpro\/","title":{"rendered":"4 St\u00fcck 45013 Etikettenband kompatibel mit Dymo D1 S0720530, schwarz auf wei\u00df, 12mm x 7m, Schriftb\u00e4nder f\u00fcr\u2026"},"content":{"rendered":"<p>Unsere SmartProduct Etikettenband sind kompatibel (kein Original) und sind geeignet f\u00fcr Dymo ger\u00e4te.<br \/>\nPaketinhalt: 4 St\u00fcck A45013 schwarz auf wei\u00df Schriftb\u00e4nder 12mm (1\/2 Zoll) Breite und 7m (23 Fu\u00df) L\u00e4nge.<br \/>\nUniverselle Nutzung &#8211; Gebrauch im Haus, B\u00fcro, Lager oder Schule.<br \/>\nOptimale Qualit\u00e4t &#8211; wasserbest\u00e4ndig, \u00f6lbest\u00e4nding, kratzfest, UV-best\u00e4ndig.<br \/>\nGeeignet f\u00fcr die folgende ger\u00e4te: Dymo Label Manager 120P, 160, 210D, 220P, 280, 360D, 420P, PnP; LabelPoint 100, 150, 200, 250, 300, 350; LabelWriter 450 Duo.<br \/>\n<div class=\"main-cross-sell\" data-asin=\"B0BFBRVMRP\">\n\n\t<div class=\"WooZone-cross-sell-loader\">\n\t\t<div>\n\t\t\t<div id=\"floatingBarsG\">\n\t\t\t\t<div class=\"blockG\" id=\"rotateG_01\"><\/div>\n\t\t\t\t<div class=\"blockG\" id=\"rotateG_02\"><\/div>\n\t\t\t\t<div class=\"blockG\" id=\"rotateG_03\"><\/div>\n\t\t\t\t<div class=\"blockG\" id=\"rotateG_04\"><\/div>\n\t\t\t\t<div class=\"blockG\" id=\"rotateG_05\"><\/div>\n\t\t\t\t<div class=\"blockG\" id=\"rotateG_06\"><\/div>\n\t\t\t\t<div class=\"blockG\" id=\"rotateG_07\"><\/div>\n\t\t\t\t<div class=\"blockG\" id=\"rotateG_08\"><\/div>\n\t\t\t<\/div>\n\t\t\t<div class=\"WooZone-cross-sell-loader-text\"><\/div>\n\t\t<\/div>\n\t<\/div>\n\n\t\t\n<\/div>\n<div style=\"clear:both;\"><\/div><\/p>\n","protected":false},"excerpt":{"rendered":"<p>Unsere SmartProduct Etikettenband sind kompatibel (kein Original) und sind geeignet f\u00fcr Dymo ger\u00e4te.<br \/>\nPaketinhalt: 4 St\u00fcck A45013 schwarz auf wei\u00df Schriftb\u00e4nder 12mm (1\/2 Zoll) Breite und 7m (23 Fu\u00df) L\u00e4nge.<br \/>\nUniverselle Nutzung &#8211; Gebrauch im Haus, B\u00fcro, Lager oder Schule.<\/p>\n","protected":false},"featured_media":193830,"comment_status":"open","ping_status":"closed","template":"","meta":[],"product_brand":[],"product_cat":[504,8208],"product_tag":[],"class_list":{"0":"post-193829","1":"product","2":"type-product","3":"status-publish","4":"has-post-thumbnail","6":"product_cat-buerobedarf-schreibwaren","7":"product_cat-bueroelektronik","8":"pa_brand-smartproduct","9":"pa_manufacturer-sigma-team-gmbh","11":"first","12":"instock","13":"shipping-taxable","14":"purchasable","15":"product-type-simple","16":"customify-col","17":"product-has-gallery"},"yoast_head":"<!-- This site is optimized with the Yoast SEO plugin v27.4 - https:\/\/yoast.com\/product\/yoast-seo-wordpress\/ -->\n<title>4 St\u00fcck 45013 Etikettenband kompatibel mit Dymo D1 S0720530, schwarz auf wei\u00df, 12mm x 7m, Schriftb\u00e4nder f\u00fcr\u2026 - Markt-XXL<\/title>\n<meta name=\"description\" content=\"Markt-XXL 4 St\u00fcck 45013 Etikettenband kompatibel mit Dymo D1 S0720530, schwarz auf wei\u00df, 12mm x 7m, Schriftb\u00e4nder f\u00fcr\u2026\" \/>\n<meta name=\"robots\" content=\"index, follow, max-snippet:-1, max-image-preview:large, max-video-preview:-1\" \/>\n<link rel=\"canonical\" href=\"https:\/\/marktxxl.de\/markt\/produkt\/4-stueck-45013-etikettenband-kompatibel-mit-dymo-d1-s0720530-schwarz-auf-weiss-12mm-x-7m-schriftbaender-fuer-beschriftungsgeraet-labelmanager-100-120-150-160-200-210d-280-360d-420p-pnp-von-smartpro\/\" \/>\n<meta property=\"og:locale\" content=\"de_DE\" \/>\n<meta property=\"og:type\" content=\"article\" \/>\n<meta property=\"og:title\" content=\"4 St\u00fcck 45013 Etikettenband kompatibel mit Dymo D1 S0720530, schwarz auf wei\u00df, 12mm x 7m, Schriftb\u00e4nder f\u00fcr\u2026 - Markt-XXL\" \/>\n<meta property=\"og:description\" content=\"Markt-XXL 4 St\u00fcck 45013 Etikettenband kompatibel mit Dymo D1 S0720530, schwarz auf wei\u00df, 12mm x 7m, Schriftb\u00e4nder f\u00fcr\u2026\" \/>\n<meta property=\"og:url\" content=\"https:\/\/marktxxl.de\/markt\/produkt\/4-stueck-45013-etikettenband-kompatibel-mit-dymo-d1-s0720530-schwarz-auf-weiss-12mm-x-7m-schriftbaender-fuer-beschriftungsgeraet-labelmanager-100-120-150-160-200-210d-280-360d-420p-pnp-von-smartpro\/\" \/>\n<meta property=\"og:site_name\" content=\"Markt-XXL\" \/>\n<meta property=\"article:modified_time\" content=\"2023-04-09T03:14:40+00:00\" \/>\n<meta property=\"og:image\" content=\"https:\/\/m.media-amazon.com\/images\/I\/41Pv4l4BZmL._SL500_.jpg\" \/>\n\t<meta property=\"og:image:width\" content=\"500\" \/>\n\t<meta property=\"og:image:height\" content=\"500\" \/>\n\t<meta property=\"og:image:type\" content=\"image\/jpeg\" \/>\n<meta name=\"twitter:card\" content=\"summary_large_image\" \/>\n<script type=\"application\/ld+json\" class=\"yoast-schema-graph\">{\"@context\":\"https:\\\/\\\/schema.org\",\"@graph\":[{\"@type\":\"WebPage\",\"@id\":\"https:\\\/\\\/marktxxl.de\\\/markt\\\/produkt\\\/4-stueck-45013-etikettenband-kompatibel-mit-dymo-d1-s0720530-schwarz-auf-weiss-12mm-x-7m-schriftbaender-fuer-beschriftungsgeraet-labelmanager-100-120-150-160-200-210d-280-360d-420p-pnp-von-smartpro\\\/\",\"url\":\"https:\\\/\\\/marktxxl.de\\\/markt\\\/produkt\\\/4-stueck-45013-etikettenband-kompatibel-mit-dymo-d1-s0720530-schwarz-auf-weiss-12mm-x-7m-schriftbaender-fuer-beschriftungsgeraet-labelmanager-100-120-150-160-200-210d-280-360d-420p-pnp-von-smartpro\\\/\",\"name\":\"4 St\u00fcck 45013 Etikettenband kompatibel mit Dymo D1 S0720530, schwarz auf wei\u00df, 12mm x 7m, Schriftb\u00e4nder f\u00fcr\u2026 - Markt-XXL\",\"isPartOf\":{\"@id\":\"https:\\\/\\\/marktxxl.de\\\/markt\\\/#website\"},\"primaryImageOfPage\":{\"@id\":\"https:\\\/\\\/marktxxl.de\\\/markt\\\/produkt\\\/4-stueck-45013-etikettenband-kompatibel-mit-dymo-d1-s0720530-schwarz-auf-weiss-12mm-x-7m-schriftbaender-fuer-beschriftungsgeraet-labelmanager-100-120-150-160-200-210d-280-360d-420p-pnp-von-smartpro\\\/#primaryimage\"},\"image\":{\"@id\":\"https:\\\/\\\/marktxxl.de\\\/markt\\\/produkt\\\/4-stueck-45013-etikettenband-kompatibel-mit-dymo-d1-s0720530-schwarz-auf-weiss-12mm-x-7m-schriftbaender-fuer-beschriftungsgeraet-labelmanager-100-120-150-160-200-210d-280-360d-420p-pnp-von-smartpro\\\/#primaryimage\"},\"thumbnailUrl\":\"https:\\\/\\\/m.media-amazon.com\\\/images\\\/I\\\/41Pv4l4BZmL._SL500_.jpg\",\"datePublished\":\"2023-03-11T05:16:28+00:00\",\"dateModified\":\"2023-04-09T03:14:40+00:00\",\"description\":\"Markt-XXL 4 St\u00fcck 45013 Etikettenband kompatibel mit Dymo D1 S0720530, schwarz auf wei\u00df, 12mm x 7m, Schriftb\u00e4nder f\u00fcr\u2026\",\"breadcrumb\":{\"@id\":\"https:\\\/\\\/marktxxl.de\\\/markt\\\/produkt\\\/4-stueck-45013-etikettenband-kompatibel-mit-dymo-d1-s0720530-schwarz-auf-weiss-12mm-x-7m-schriftbaender-fuer-beschriftungsgeraet-labelmanager-100-120-150-160-200-210d-280-360d-420p-pnp-von-smartpro\\\/#breadcrumb\"},\"inLanguage\":\"de\",\"potentialAction\":[{\"@type\":\"ReadAction\",\"target\":[\"https:\\\/\\\/marktxxl.de\\\/markt\\\/produkt\\\/4-stueck-45013-etikettenband-kompatibel-mit-dymo-d1-s0720530-schwarz-auf-weiss-12mm-x-7m-schriftbaender-fuer-beschriftungsgeraet-labelmanager-100-120-150-160-200-210d-280-360d-420p-pnp-von-smartpro\\\/\"]}]},{\"@type\":\"ImageObject\",\"inLanguage\":\"de\",\"@id\":\"https:\\\/\\\/marktxxl.de\\\/markt\\\/produkt\\\/4-stueck-45013-etikettenband-kompatibel-mit-dymo-d1-s0720530-schwarz-auf-weiss-12mm-x-7m-schriftbaender-fuer-beschriftungsgeraet-labelmanager-100-120-150-160-200-210d-280-360d-420p-pnp-von-smartpro\\\/#primaryimage\",\"url\":\"https:\\\/\\\/m.media-amazon.com\\\/images\\\/I\\\/41Pv4l4BZmL._SL500_.jpg\",\"contentUrl\":\"https:\\\/\\\/m.media-amazon.com\\\/images\\\/I\\\/41Pv4l4BZmL._SL500_.jpg\",\"width\":500,\"height\":500},{\"@type\":\"BreadcrumbList\",\"@id\":\"https:\\\/\\\/marktxxl.de\\\/markt\\\/produkt\\\/4-stueck-45013-etikettenband-kompatibel-mit-dymo-d1-s0720530-schwarz-auf-weiss-12mm-x-7m-schriftbaender-fuer-beschriftungsgeraet-labelmanager-100-120-150-160-200-210d-280-360d-420p-pnp-von-smartpro\\\/#breadcrumb\",\"itemListElement\":[{\"@type\":\"ListItem\",\"position\":1,\"name\":\"Startseite\",\"item\":\"https:\\\/\\\/marktxxl.de\\\/markt\\\/\"},{\"@type\":\"ListItem\",\"position\":2,\"name\":\"Markt\",\"item\":\"https:\\\/\\\/marktxxl.de\\\/markt\\\/\"},{\"@type\":\"ListItem\",\"position\":3,\"name\":\"4 St\u00fcck 45013 Etikettenband kompatibel mit Dymo D1 S0720530, schwarz auf wei\u00df, 12mm x 7m, Schriftb\u00e4nder f\u00fcr\u2026\"}]},{\"@type\":\"WebSite\",\"@id\":\"https:\\\/\\\/marktxxl.de\\\/markt\\\/#website\",\"url\":\"https:\\\/\\\/marktxxl.de\\\/markt\\\/\",\"name\":\"Markt-XXL\",\"description\":\"Ihr Markt Online\",\"publisher\":{\"@id\":\"https:\\\/\\\/marktxxl.de\\\/markt\\\/#organization\"},\"potentialAction\":[{\"@type\":\"SearchAction\",\"target\":{\"@type\":\"EntryPoint\",\"urlTemplate\":\"https:\\\/\\\/marktxxl.de\\\/markt\\\/?s={search_term_string}\"},\"query-input\":{\"@type\":\"PropertyValueSpecification\",\"valueRequired\":true,\"valueName\":\"search_term_string\"}}],\"inLanguage\":\"de\"},{\"@type\":\"Organization\",\"@id\":\"https:\\\/\\\/marktxxl.de\\\/markt\\\/#organization\",\"name\":\"Markt-XXL\",\"url\":\"https:\\\/\\\/marktxxl.de\\\/markt\\\/\",\"logo\":{\"@type\":\"ImageObject\",\"inLanguage\":\"de\",\"@id\":\"https:\\\/\\\/marktxxl.de\\\/markt\\\/#\\\/schema\\\/logo\\\/image\\\/\",\"url\":\"https:\\\/\\\/marktxxl.de\\\/markt\\\/wp-content\\\/uploads\\\/sites\\\/3\\\/2020\\\/12\\\/logo.png\",\"contentUrl\":\"https:\\\/\\\/marktxxl.de\\\/markt\\\/wp-content\\\/uploads\\\/sites\\\/3\\\/2020\\\/12\\\/logo.png\",\"width\":200,\"height\":70,\"caption\":\"Markt-XXL\"},\"image\":{\"@id\":\"https:\\\/\\\/marktxxl.de\\\/markt\\\/#\\\/schema\\\/logo\\\/image\\\/\"}}]}<\/script>\n<!-- \/ Yoast SEO plugin. -->","yoast_head_json":{"title":"4 St\u00fcck 45013 Etikettenband kompatibel mit Dymo D1 S0720530, schwarz auf wei\u00df, 12mm x 7m, Schriftb\u00e4nder f\u00fcr\u2026 - Markt-XXL","description":"Markt-XXL 4 St\u00fcck 45013 Etikettenband kompatibel mit Dymo D1 S0720530, schwarz auf wei\u00df, 12mm x 7m, Schriftb\u00e4nder f\u00fcr\u2026","robots":{"index":"index","follow":"follow","max-snippet":"max-snippet:-1","max-image-preview":"max-image-preview:large","max-video-preview":"max-video-preview:-1"},"canonical":"https:\/\/marktxxl.de\/markt\/produkt\/4-stueck-45013-etikettenband-kompatibel-mit-dymo-d1-s0720530-schwarz-auf-weiss-12mm-x-7m-schriftbaender-fuer-beschriftungsgeraet-labelmanager-100-120-150-160-200-210d-280-360d-420p-pnp-von-smartpro\/","og_locale":"de_DE","og_type":"article","og_title":"4 St\u00fcck 45013 Etikettenband kompatibel mit Dymo D1 S0720530, schwarz auf wei\u00df, 12mm x 7m, Schriftb\u00e4nder f\u00fcr\u2026 - Markt-XXL","og_description":"Markt-XXL 4 St\u00fcck 45013 Etikettenband kompatibel mit Dymo D1 S0720530, schwarz auf wei\u00df, 12mm x 7m, Schriftb\u00e4nder f\u00fcr\u2026","og_url":"https:\/\/marktxxl.de\/markt\/produkt\/4-stueck-45013-etikettenband-kompatibel-mit-dymo-d1-s0720530-schwarz-auf-weiss-12mm-x-7m-schriftbaender-fuer-beschriftungsgeraet-labelmanager-100-120-150-160-200-210d-280-360d-420p-pnp-von-smartpro\/","og_site_name":"Markt-XXL","article_modified_time":"2023-04-09T03:14:40+00:00","og_image":[{"width":500,"height":500,"url":"https:\/\/m.media-amazon.com\/images\/I\/41Pv4l4BZmL._SL500_.jpg","type":"image\/jpeg"}],"twitter_card":"summary_large_image","schema":{"@context":"https:\/\/schema.org","@graph":[{"@type":"WebPage","@id":"https:\/\/marktxxl.de\/markt\/produkt\/4-stueck-45013-etikettenband-kompatibel-mit-dymo-d1-s0720530-schwarz-auf-weiss-12mm-x-7m-schriftbaender-fuer-beschriftungsgeraet-labelmanager-100-120-150-160-200-210d-280-360d-420p-pnp-von-smartpro\/","url":"https:\/\/marktxxl.de\/markt\/produkt\/4-stueck-45013-etikettenband-kompatibel-mit-dymo-d1-s0720530-schwarz-auf-weiss-12mm-x-7m-schriftbaender-fuer-beschriftungsgeraet-labelmanager-100-120-150-160-200-210d-280-360d-420p-pnp-von-smartpro\/","name":"4 St\u00fcck 45013 Etikettenband kompatibel mit Dymo D1 S0720530, schwarz auf wei\u00df, 12mm x 7m, Schriftb\u00e4nder f\u00fcr\u2026 - Markt-XXL","isPartOf":{"@id":"https:\/\/marktxxl.de\/markt\/#website"},"primaryImageOfPage":{"@id":"https:\/\/marktxxl.de\/markt\/produkt\/4-stueck-45013-etikettenband-kompatibel-mit-dymo-d1-s0720530-schwarz-auf-weiss-12mm-x-7m-schriftbaender-fuer-beschriftungsgeraet-labelmanager-100-120-150-160-200-210d-280-360d-420p-pnp-von-smartpro\/#primaryimage"},"image":{"@id":"https:\/\/marktxxl.de\/markt\/produkt\/4-stueck-45013-etikettenband-kompatibel-mit-dymo-d1-s0720530-schwarz-auf-weiss-12mm-x-7m-schriftbaender-fuer-beschriftungsgeraet-labelmanager-100-120-150-160-200-210d-280-360d-420p-pnp-von-smartpro\/#primaryimage"},"thumbnailUrl":"https:\/\/m.media-amazon.com\/images\/I\/41Pv4l4BZmL._SL500_.jpg","datePublished":"2023-03-11T05:16:28+00:00","dateModified":"2023-04-09T03:14:40+00:00","description":"Markt-XXL 4 St\u00fcck 45013 Etikettenband kompatibel mit Dymo D1 S0720530, schwarz auf wei\u00df, 12mm x 7m, Schriftb\u00e4nder f\u00fcr\u2026","breadcrumb":{"@id":"https:\/\/marktxxl.de\/markt\/produkt\/4-stueck-45013-etikettenband-kompatibel-mit-dymo-d1-s0720530-schwarz-auf-weiss-12mm-x-7m-schriftbaender-fuer-beschriftungsgeraet-labelmanager-100-120-150-160-200-210d-280-360d-420p-pnp-von-smartpro\/#breadcrumb"},"inLanguage":"de","potentialAction":[{"@type":"ReadAction","target":["https:\/\/marktxxl.de\/markt\/produkt\/4-stueck-45013-etikettenband-kompatibel-mit-dymo-d1-s0720530-schwarz-auf-weiss-12mm-x-7m-schriftbaender-fuer-beschriftungsgeraet-labelmanager-100-120-150-160-200-210d-280-360d-420p-pnp-von-smartpro\/"]}]},{"@type":"ImageObject","inLanguage":"de","@id":"https:\/\/marktxxl.de\/markt\/produkt\/4-stueck-45013-etikettenband-kompatibel-mit-dymo-d1-s0720530-schwarz-auf-weiss-12mm-x-7m-schriftbaender-fuer-beschriftungsgeraet-labelmanager-100-120-150-160-200-210d-280-360d-420p-pnp-von-smartpro\/#primaryimage","url":"https:\/\/m.media-amazon.com\/images\/I\/41Pv4l4BZmL._SL500_.jpg","contentUrl":"https:\/\/m.media-amazon.com\/images\/I\/41Pv4l4BZmL._SL500_.jpg","width":500,"height":500},{"@type":"BreadcrumbList","@id":"https:\/\/marktxxl.de\/markt\/produkt\/4-stueck-45013-etikettenband-kompatibel-mit-dymo-d1-s0720530-schwarz-auf-weiss-12mm-x-7m-schriftbaender-fuer-beschriftungsgeraet-labelmanager-100-120-150-160-200-210d-280-360d-420p-pnp-von-smartpro\/#breadcrumb","itemListElement":[{"@type":"ListItem","position":1,"name":"Startseite","item":"https:\/\/marktxxl.de\/markt\/"},{"@type":"ListItem","position":2,"name":"Markt","item":"https:\/\/marktxxl.de\/markt\/"},{"@type":"ListItem","position":3,"name":"4 St\u00fcck 45013 Etikettenband kompatibel mit Dymo D1 S0720530, schwarz auf wei\u00df, 12mm x 7m, Schriftb\u00e4nder f\u00fcr\u2026"}]},{"@type":"WebSite","@id":"https:\/\/marktxxl.de\/markt\/#website","url":"https:\/\/marktxxl.de\/markt\/","name":"Markt-XXL","description":"Ihr Markt Online","publisher":{"@id":"https:\/\/marktxxl.de\/markt\/#organization"},"potentialAction":[{"@type":"SearchAction","target":{"@type":"EntryPoint","urlTemplate":"https:\/\/marktxxl.de\/markt\/?s={search_term_string}"},"query-input":{"@type":"PropertyValueSpecification","valueRequired":true,"valueName":"search_term_string"}}],"inLanguage":"de"},{"@type":"Organization","@id":"https:\/\/marktxxl.de\/markt\/#organization","name":"Markt-XXL","url":"https:\/\/marktxxl.de\/markt\/","logo":{"@type":"ImageObject","inLanguage":"de","@id":"https:\/\/marktxxl.de\/markt\/#\/schema\/logo\/image\/","url":"https:\/\/marktxxl.de\/markt\/wp-content\/uploads\/sites\/3\/2020\/12\/logo.png","contentUrl":"https:\/\/marktxxl.de\/markt\/wp-content\/uploads\/sites\/3\/2020\/12\/logo.png","width":200,"height":70,"caption":"Markt-XXL"},"image":{"@id":"https:\/\/marktxxl.de\/markt\/#\/schema\/logo\/image\/"}}]}},"_links":{"self":[{"href":"https:\/\/marktxxl.de\/markt\/wp-json\/wp\/v2\/product\/193829","targetHints":{"allow":["GET"]}}],"collection":[{"href":"https:\/\/marktxxl.de\/markt\/wp-json\/wp\/v2\/product"}],"about":[{"href":"https:\/\/marktxxl.de\/markt\/wp-json\/wp\/v2\/types\/product"}],"replies":[{"embeddable":true,"href":"https:\/\/marktxxl.de\/markt\/wp-json\/wp\/v2\/comments?post=193829"}],"wp:featuredmedia":[{"embeddable":true,"href":"https:\/\/marktxxl.de\/markt\/wp-json\/wp\/v2\/media\/193830"}],"wp:attachment":[{"href":"https:\/\/marktxxl.de\/markt\/wp-json\/wp\/v2\/media?parent=193829"}],"wp:term":[{"taxonomy":"product_brand","embeddable":true,"href":"https:\/\/marktxxl.de\/markt\/wp-json\/wp\/v2\/product_brand?post=193829"},{"taxonomy":"product_cat","embeddable":true,"href":"https:\/\/marktxxl.de\/markt\/wp-json\/wp\/v2\/product_cat?post=193829"},{"taxonomy":"product_tag","embeddable":true,"href":"https:\/\/marktxxl.de\/markt\/wp-json\/wp\/v2\/product_tag?post=193829"}],"curies":[{"name":"wp","href":"https:\/\/api.w.org\/{rel}","templated":true}]}}