{"id":193707,"date":"2023-03-11T05:49:44","date_gmt":"2023-03-11T04:49:44","guid":{"rendered":"https:\/\/marktxxl.de\/markt\/produkt\/funpeny-2-stueck-schneemann-weihnachten-veranda-licht-abdeckungen-305-cm-weihnachten-outdoor-dekoration-urlaub-licht-abdeckungen-fuer-veranda-garage-grosse-leuchten\/"},"modified":"2023-04-09T05:13:22","modified_gmt":"2023-04-09T03:13:22","slug":"funpeny-2-stueck-schneemann-weihnachten-veranda-licht-abdeckungen-305-cm-weihnachten-outdoor-dekoration-urlaub-licht-abdeckungen-fuer-veranda-garage-grosse-leuchten","status":"publish","type":"product","link":"https:\/\/marktxxl.de\/markt\/produkt\/funpeny-2-stueck-schneemann-weihnachten-veranda-licht-abdeckungen-305-cm-weihnachten-outdoor-dekoration-urlaub-licht-abdeckungen-fuer-veranda-garage-grosse-leuchten\/","title":{"rendered":"FUNPENY 2 St\u00fcck Schneemann Weihnachten Veranda Licht Abdeckungen 30,5 cm Weihnachten Outdoor Dekoration Urlaub Licht\u2026"},"content":{"rendered":"<p>\u3010Warme Weihnachtsdekoration\u3011Funpeny Christmas Veranda Lampenschirm hat ein niedliches leuchtendes Gesicht eines Schneemanns. Dekorieren Sie die Veranda, um einen willkommenen Eingang f\u00fcr Garage, Terrasse und andere Eingangsdurchg\u00e4nge zu schaffen. Die Smiley Schneemann Lichtabdeckung ist in der Tat eine tolle Weihnachtsdekoration. Im kalten Winter bringen uns die rote Nase und die Rouge Wangen W\u00e4rme. Merry Christmas and Happy New Year.<br \/>\nAuff\u00e4lliges Aussehen: Beleuchten Sie Ihr Zuhause in der Stimmung des Winters! Dies ist definitiv ein \u00fcberraschender Effekt, mit einem Urlaubssymbol an der Au\u00dfenleuchte befestigt. Das Schneemannlicht ist sehr sch\u00f6n und hei\u00dft G\u00e4ste, Besucher und Familie herzlich willkommen.<br \/>\n\u3010Einfach zu bedienen\u3011 Jede Schneemann-Lichtpfostenabdeckung ist mit einem elastischen Seil ausgestattet, das auf die meisten Standard-Veranda-Lampen f\u00fcr eine schnelle und einfache Installation gleiten kann. Ideal f\u00fcr Veranden, Seitent\u00fcren oder Garagentore, perfekte Outdoor-Urlaubsdekoration.<br \/>\n\u3010Sicher und langlebig\u3011Die Outdoor-Schneemanndekoration ist aus hochwertigem EVA, weich und langlebig, und kann Regen, Schnee, Wind oder Schneeregen standhalten. Gleichzeitig hat die Lampenpfostenabdeckung eine gute Lichtdurchl\u00e4ssigkeit und wird Ihr aktuelles Beleuchtungssystem nicht besch\u00e4digen oder verbrennen &#8211; keine Sicherheitsrisiken.<br \/>\nGuter Service: Online-Antwort innerhalb von 24 Stunden, wenn Sie Fragen haben, sind wir immer bereit, Ihnen zu dienen.<br \/>\n<div class=\"main-cross-sell\" data-asin=\"B08HY2RQ1J\">\n\n\t<div class=\"WooZone-cross-sell-loader\">\n\t\t<div>\n\t\t\t<div id=\"floatingBarsG\">\n\t\t\t\t<div class=\"blockG\" id=\"rotateG_01\"><\/div>\n\t\t\t\t<div class=\"blockG\" id=\"rotateG_02\"><\/div>\n\t\t\t\t<div class=\"blockG\" id=\"rotateG_03\"><\/div>\n\t\t\t\t<div class=\"blockG\" id=\"rotateG_04\"><\/div>\n\t\t\t\t<div class=\"blockG\" id=\"rotateG_05\"><\/div>\n\t\t\t\t<div class=\"blockG\" id=\"rotateG_06\"><\/div>\n\t\t\t\t<div class=\"blockG\" id=\"rotateG_07\"><\/div>\n\t\t\t\t<div class=\"blockG\" id=\"rotateG_08\"><\/div>\n\t\t\t<\/div>\n\t\t\t<div class=\"WooZone-cross-sell-loader-text\"><\/div>\n\t\t<\/div>\n\t<\/div>\n\n\t\t\n<\/div>\n<div style=\"clear:both;\"><\/div><\/p>\n","protected":false},"excerpt":{"rendered":"<p>\u3010Warme Weihnachtsdekoration\u3011Funpeny Christmas Veranda Lampenschirm hat ein niedliches leuchtendes Gesicht eines Schneemanns. Dekorieren Sie die Veranda, um einen willkommenen Eingang f\u00fcr Garage, Terrasse und andere Eingangsdurchg\u00e4nge zu schaffen. Die Smiley Schneemann Lichtabdeckung ist in der Tat eine tolle Weihnachtsdekoration. Im kalten Winter bringen uns die rote Nase und die Rouge Wangen W\u00e4rme. Merry Christmas and Happy New Year.<br \/>\nAuff\u00e4lliges Aussehen: Beleuchten Sie Ihr Zuhause in der Stimmung des Winters! Dies ist definitiv ein \u00fcberraschender Effekt, mit einem Urlaubssymbol an der Au\u00dfenleuchte befestigt. Das Schneemannlicht ist sehr sch\u00f6n und hei\u00dft G\u00e4ste, Besucher und Familie herzlich willkommen.<br \/>\n\u3010Einfach zu bedienen\u3011 Jede Schneemann-Lichtpfostenabdeckung ist mit einem elastischen Seil ausgestattet, das auf die meisten Standard-Veranda-Lampen f\u00fcr eine schnelle und einfache Installation gleiten kann. Ideal f\u00fcr Veranden, Seitent\u00fcren oder Garagentore, perfekte Outdoor-Urlaubsdekoration.<\/p>\n","protected":false},"featured_media":193708,"comment_status":"open","ping_status":"closed","template":"","meta":[],"product_brand":[],"product_cat":[2108,15622],"product_tag":[],"class_list":{"0":"post-193707","1":"product","2":"type-product","3":"status-publish","4":"has-post-thumbnail","6":"product_cat-beleuchtung","7":"product_cat-lichterketten","8":"pa_binding-unbekannter-einband","9":"pa_brand-funpeny","10":"pa_manufacturer-funpeny","12":"first","13":"instock","14":"shipping-taxable","15":"purchasable","16":"product-type-simple","17":"customify-col","18":"product-has-gallery"},"yoast_head":"<!-- This site is optimized with the Yoast SEO plugin v27.4 - https:\/\/yoast.com\/product\/yoast-seo-wordpress\/ -->\n<title>FUNPENY 2 St\u00fcck Schneemann Weihnachten Veranda Licht Abdeckungen 30,5 cm Weihnachten Outdoor Dekoration Urlaub Licht\u2026 - Markt-XXL<\/title>\n<meta name=\"description\" content=\"Markt-XXL FUNPENY 2 St\u00fcck Schneemann Weihnachten Veranda Licht Abdeckungen 30,5 cm Weihnachten Outdoor Dekoration Urlaub Licht\u2026\" \/>\n<meta name=\"robots\" content=\"index, follow, max-snippet:-1, max-image-preview:large, max-video-preview:-1\" \/>\n<link rel=\"canonical\" href=\"https:\/\/marktxxl.de\/markt\/produkt\/funpeny-2-stueck-schneemann-weihnachten-veranda-licht-abdeckungen-305-cm-weihnachten-outdoor-dekoration-urlaub-licht-abdeckungen-fuer-veranda-garage-grosse-leuchten\/\" \/>\n<meta property=\"og:locale\" content=\"de_DE\" \/>\n<meta property=\"og:type\" content=\"article\" \/>\n<meta property=\"og:title\" content=\"FUNPENY 2 St\u00fcck Schneemann Weihnachten Veranda Licht Abdeckungen 30,5 cm Weihnachten Outdoor Dekoration Urlaub Licht\u2026 - Markt-XXL\" \/>\n<meta property=\"og:description\" content=\"Markt-XXL FUNPENY 2 St\u00fcck Schneemann Weihnachten Veranda Licht Abdeckungen 30,5 cm Weihnachten Outdoor Dekoration Urlaub Licht\u2026\" \/>\n<meta property=\"og:url\" content=\"https:\/\/marktxxl.de\/markt\/produkt\/funpeny-2-stueck-schneemann-weihnachten-veranda-licht-abdeckungen-305-cm-weihnachten-outdoor-dekoration-urlaub-licht-abdeckungen-fuer-veranda-garage-grosse-leuchten\/\" \/>\n<meta property=\"og:site_name\" content=\"Markt-XXL\" \/>\n<meta property=\"article:modified_time\" content=\"2023-04-09T03:13:22+00:00\" \/>\n<meta property=\"og:image\" content=\"https:\/\/m.media-amazon.com\/images\/I\/51chIIjoZVL._SL500_.jpg\" \/>\n\t<meta property=\"og:image:width\" content=\"500\" \/>\n\t<meta property=\"og:image:height\" content=\"500\" \/>\n\t<meta property=\"og:image:type\" content=\"image\/jpeg\" \/>\n<meta name=\"twitter:card\" content=\"summary_large_image\" \/>\n<meta name=\"twitter:label1\" content=\"Gesch\u00e4tzte Lesezeit\" \/>\n\t<meta name=\"twitter:data1\" content=\"1\u00a0Minute\" \/>\n<script type=\"application\/ld+json\" class=\"yoast-schema-graph\">{\"@context\":\"https:\\\/\\\/schema.org\",\"@graph\":[{\"@type\":\"WebPage\",\"@id\":\"https:\\\/\\\/marktxxl.de\\\/markt\\\/produkt\\\/funpeny-2-stueck-schneemann-weihnachten-veranda-licht-abdeckungen-305-cm-weihnachten-outdoor-dekoration-urlaub-licht-abdeckungen-fuer-veranda-garage-grosse-leuchten\\\/\",\"url\":\"https:\\\/\\\/marktxxl.de\\\/markt\\\/produkt\\\/funpeny-2-stueck-schneemann-weihnachten-veranda-licht-abdeckungen-305-cm-weihnachten-outdoor-dekoration-urlaub-licht-abdeckungen-fuer-veranda-garage-grosse-leuchten\\\/\",\"name\":\"FUNPENY 2 St\u00fcck Schneemann Weihnachten Veranda Licht Abdeckungen 30,5 cm Weihnachten Outdoor Dekoration Urlaub Licht\u2026 - Markt-XXL\",\"isPartOf\":{\"@id\":\"https:\\\/\\\/marktxxl.de\\\/markt\\\/#website\"},\"primaryImageOfPage\":{\"@id\":\"https:\\\/\\\/marktxxl.de\\\/markt\\\/produkt\\\/funpeny-2-stueck-schneemann-weihnachten-veranda-licht-abdeckungen-305-cm-weihnachten-outdoor-dekoration-urlaub-licht-abdeckungen-fuer-veranda-garage-grosse-leuchten\\\/#primaryimage\"},\"image\":{\"@id\":\"https:\\\/\\\/marktxxl.de\\\/markt\\\/produkt\\\/funpeny-2-stueck-schneemann-weihnachten-veranda-licht-abdeckungen-305-cm-weihnachten-outdoor-dekoration-urlaub-licht-abdeckungen-fuer-veranda-garage-grosse-leuchten\\\/#primaryimage\"},\"thumbnailUrl\":\"https:\\\/\\\/m.media-amazon.com\\\/images\\\/I\\\/51chIIjoZVL._SL500_.jpg\",\"datePublished\":\"2023-03-11T04:49:44+00:00\",\"dateModified\":\"2023-04-09T03:13:22+00:00\",\"description\":\"Markt-XXL FUNPENY 2 St\u00fcck Schneemann Weihnachten Veranda Licht Abdeckungen 30,5 cm Weihnachten Outdoor Dekoration Urlaub Licht\u2026\",\"breadcrumb\":{\"@id\":\"https:\\\/\\\/marktxxl.de\\\/markt\\\/produkt\\\/funpeny-2-stueck-schneemann-weihnachten-veranda-licht-abdeckungen-305-cm-weihnachten-outdoor-dekoration-urlaub-licht-abdeckungen-fuer-veranda-garage-grosse-leuchten\\\/#breadcrumb\"},\"inLanguage\":\"de\",\"potentialAction\":[{\"@type\":\"ReadAction\",\"target\":[\"https:\\\/\\\/marktxxl.de\\\/markt\\\/produkt\\\/funpeny-2-stueck-schneemann-weihnachten-veranda-licht-abdeckungen-305-cm-weihnachten-outdoor-dekoration-urlaub-licht-abdeckungen-fuer-veranda-garage-grosse-leuchten\\\/\"]}]},{\"@type\":\"ImageObject\",\"inLanguage\":\"de\",\"@id\":\"https:\\\/\\\/marktxxl.de\\\/markt\\\/produkt\\\/funpeny-2-stueck-schneemann-weihnachten-veranda-licht-abdeckungen-305-cm-weihnachten-outdoor-dekoration-urlaub-licht-abdeckungen-fuer-veranda-garage-grosse-leuchten\\\/#primaryimage\",\"url\":\"https:\\\/\\\/m.media-amazon.com\\\/images\\\/I\\\/51chIIjoZVL._SL500_.jpg\",\"contentUrl\":\"https:\\\/\\\/m.media-amazon.com\\\/images\\\/I\\\/51chIIjoZVL._SL500_.jpg\",\"width\":500,\"height\":500},{\"@type\":\"BreadcrumbList\",\"@id\":\"https:\\\/\\\/marktxxl.de\\\/markt\\\/produkt\\\/funpeny-2-stueck-schneemann-weihnachten-veranda-licht-abdeckungen-305-cm-weihnachten-outdoor-dekoration-urlaub-licht-abdeckungen-fuer-veranda-garage-grosse-leuchten\\\/#breadcrumb\",\"itemListElement\":[{\"@type\":\"ListItem\",\"position\":1,\"name\":\"Startseite\",\"item\":\"https:\\\/\\\/marktxxl.de\\\/markt\\\/\"},{\"@type\":\"ListItem\",\"position\":2,\"name\":\"Markt\",\"item\":\"https:\\\/\\\/marktxxl.de\\\/markt\\\/\"},{\"@type\":\"ListItem\",\"position\":3,\"name\":\"FUNPENY 2 St\u00fcck Schneemann Weihnachten Veranda Licht Abdeckungen 30,5 cm Weihnachten Outdoor Dekoration Urlaub Licht\u2026\"}]},{\"@type\":\"WebSite\",\"@id\":\"https:\\\/\\\/marktxxl.de\\\/markt\\\/#website\",\"url\":\"https:\\\/\\\/marktxxl.de\\\/markt\\\/\",\"name\":\"Markt-XXL\",\"description\":\"Ihr Markt Online\",\"publisher\":{\"@id\":\"https:\\\/\\\/marktxxl.de\\\/markt\\\/#organization\"},\"potentialAction\":[{\"@type\":\"SearchAction\",\"target\":{\"@type\":\"EntryPoint\",\"urlTemplate\":\"https:\\\/\\\/marktxxl.de\\\/markt\\\/?s={search_term_string}\"},\"query-input\":{\"@type\":\"PropertyValueSpecification\",\"valueRequired\":true,\"valueName\":\"search_term_string\"}}],\"inLanguage\":\"de\"},{\"@type\":\"Organization\",\"@id\":\"https:\\\/\\\/marktxxl.de\\\/markt\\\/#organization\",\"name\":\"Markt-XXL\",\"url\":\"https:\\\/\\\/marktxxl.de\\\/markt\\\/\",\"logo\":{\"@type\":\"ImageObject\",\"inLanguage\":\"de\",\"@id\":\"https:\\\/\\\/marktxxl.de\\\/markt\\\/#\\\/schema\\\/logo\\\/image\\\/\",\"url\":\"https:\\\/\\\/marktxxl.de\\\/markt\\\/wp-content\\\/uploads\\\/sites\\\/3\\\/2020\\\/12\\\/logo.png\",\"contentUrl\":\"https:\\\/\\\/marktxxl.de\\\/markt\\\/wp-content\\\/uploads\\\/sites\\\/3\\\/2020\\\/12\\\/logo.png\",\"width\":200,\"height\":70,\"caption\":\"Markt-XXL\"},\"image\":{\"@id\":\"https:\\\/\\\/marktxxl.de\\\/markt\\\/#\\\/schema\\\/logo\\\/image\\\/\"}}]}<\/script>\n<!-- \/ Yoast SEO plugin. -->","yoast_head_json":{"title":"FUNPENY 2 St\u00fcck Schneemann Weihnachten Veranda Licht Abdeckungen 30,5 cm Weihnachten Outdoor Dekoration Urlaub Licht\u2026 - Markt-XXL","description":"Markt-XXL FUNPENY 2 St\u00fcck Schneemann Weihnachten Veranda Licht Abdeckungen 30,5 cm Weihnachten Outdoor Dekoration Urlaub Licht\u2026","robots":{"index":"index","follow":"follow","max-snippet":"max-snippet:-1","max-image-preview":"max-image-preview:large","max-video-preview":"max-video-preview:-1"},"canonical":"https:\/\/marktxxl.de\/markt\/produkt\/funpeny-2-stueck-schneemann-weihnachten-veranda-licht-abdeckungen-305-cm-weihnachten-outdoor-dekoration-urlaub-licht-abdeckungen-fuer-veranda-garage-grosse-leuchten\/","og_locale":"de_DE","og_type":"article","og_title":"FUNPENY 2 St\u00fcck Schneemann Weihnachten Veranda Licht Abdeckungen 30,5 cm Weihnachten Outdoor Dekoration Urlaub Licht\u2026 - Markt-XXL","og_description":"Markt-XXL FUNPENY 2 St\u00fcck Schneemann Weihnachten Veranda Licht Abdeckungen 30,5 cm Weihnachten Outdoor Dekoration Urlaub Licht\u2026","og_url":"https:\/\/marktxxl.de\/markt\/produkt\/funpeny-2-stueck-schneemann-weihnachten-veranda-licht-abdeckungen-305-cm-weihnachten-outdoor-dekoration-urlaub-licht-abdeckungen-fuer-veranda-garage-grosse-leuchten\/","og_site_name":"Markt-XXL","article_modified_time":"2023-04-09T03:13:22+00:00","og_image":[{"width":500,"height":500,"url":"https:\/\/m.media-amazon.com\/images\/I\/51chIIjoZVL._SL500_.jpg","type":"image\/jpeg"}],"twitter_card":"summary_large_image","twitter_misc":{"Gesch\u00e4tzte Lesezeit":"1\u00a0Minute"},"schema":{"@context":"https:\/\/schema.org","@graph":[{"@type":"WebPage","@id":"https:\/\/marktxxl.de\/markt\/produkt\/funpeny-2-stueck-schneemann-weihnachten-veranda-licht-abdeckungen-305-cm-weihnachten-outdoor-dekoration-urlaub-licht-abdeckungen-fuer-veranda-garage-grosse-leuchten\/","url":"https:\/\/marktxxl.de\/markt\/produkt\/funpeny-2-stueck-schneemann-weihnachten-veranda-licht-abdeckungen-305-cm-weihnachten-outdoor-dekoration-urlaub-licht-abdeckungen-fuer-veranda-garage-grosse-leuchten\/","name":"FUNPENY 2 St\u00fcck Schneemann Weihnachten Veranda Licht Abdeckungen 30,5 cm Weihnachten Outdoor Dekoration Urlaub Licht\u2026 - Markt-XXL","isPartOf":{"@id":"https:\/\/marktxxl.de\/markt\/#website"},"primaryImageOfPage":{"@id":"https:\/\/marktxxl.de\/markt\/produkt\/funpeny-2-stueck-schneemann-weihnachten-veranda-licht-abdeckungen-305-cm-weihnachten-outdoor-dekoration-urlaub-licht-abdeckungen-fuer-veranda-garage-grosse-leuchten\/#primaryimage"},"image":{"@id":"https:\/\/marktxxl.de\/markt\/produkt\/funpeny-2-stueck-schneemann-weihnachten-veranda-licht-abdeckungen-305-cm-weihnachten-outdoor-dekoration-urlaub-licht-abdeckungen-fuer-veranda-garage-grosse-leuchten\/#primaryimage"},"thumbnailUrl":"https:\/\/m.media-amazon.com\/images\/I\/51chIIjoZVL._SL500_.jpg","datePublished":"2023-03-11T04:49:44+00:00","dateModified":"2023-04-09T03:13:22+00:00","description":"Markt-XXL FUNPENY 2 St\u00fcck Schneemann Weihnachten Veranda Licht Abdeckungen 30,5 cm Weihnachten Outdoor Dekoration Urlaub Licht\u2026","breadcrumb":{"@id":"https:\/\/marktxxl.de\/markt\/produkt\/funpeny-2-stueck-schneemann-weihnachten-veranda-licht-abdeckungen-305-cm-weihnachten-outdoor-dekoration-urlaub-licht-abdeckungen-fuer-veranda-garage-grosse-leuchten\/#breadcrumb"},"inLanguage":"de","potentialAction":[{"@type":"ReadAction","target":["https:\/\/marktxxl.de\/markt\/produkt\/funpeny-2-stueck-schneemann-weihnachten-veranda-licht-abdeckungen-305-cm-weihnachten-outdoor-dekoration-urlaub-licht-abdeckungen-fuer-veranda-garage-grosse-leuchten\/"]}]},{"@type":"ImageObject","inLanguage":"de","@id":"https:\/\/marktxxl.de\/markt\/produkt\/funpeny-2-stueck-schneemann-weihnachten-veranda-licht-abdeckungen-305-cm-weihnachten-outdoor-dekoration-urlaub-licht-abdeckungen-fuer-veranda-garage-grosse-leuchten\/#primaryimage","url":"https:\/\/m.media-amazon.com\/images\/I\/51chIIjoZVL._SL500_.jpg","contentUrl":"https:\/\/m.media-amazon.com\/images\/I\/51chIIjoZVL._SL500_.jpg","width":500,"height":500},{"@type":"BreadcrumbList","@id":"https:\/\/marktxxl.de\/markt\/produkt\/funpeny-2-stueck-schneemann-weihnachten-veranda-licht-abdeckungen-305-cm-weihnachten-outdoor-dekoration-urlaub-licht-abdeckungen-fuer-veranda-garage-grosse-leuchten\/#breadcrumb","itemListElement":[{"@type":"ListItem","position":1,"name":"Startseite","item":"https:\/\/marktxxl.de\/markt\/"},{"@type":"ListItem","position":2,"name":"Markt","item":"https:\/\/marktxxl.de\/markt\/"},{"@type":"ListItem","position":3,"name":"FUNPENY 2 St\u00fcck Schneemann Weihnachten Veranda Licht Abdeckungen 30,5 cm Weihnachten Outdoor Dekoration Urlaub Licht\u2026"}]},{"@type":"WebSite","@id":"https:\/\/marktxxl.de\/markt\/#website","url":"https:\/\/marktxxl.de\/markt\/","name":"Markt-XXL","description":"Ihr Markt Online","publisher":{"@id":"https:\/\/marktxxl.de\/markt\/#organization"},"potentialAction":[{"@type":"SearchAction","target":{"@type":"EntryPoint","urlTemplate":"https:\/\/marktxxl.de\/markt\/?s={search_term_string}"},"query-input":{"@type":"PropertyValueSpecification","valueRequired":true,"valueName":"search_term_string"}}],"inLanguage":"de"},{"@type":"Organization","@id":"https:\/\/marktxxl.de\/markt\/#organization","name":"Markt-XXL","url":"https:\/\/marktxxl.de\/markt\/","logo":{"@type":"ImageObject","inLanguage":"de","@id":"https:\/\/marktxxl.de\/markt\/#\/schema\/logo\/image\/","url":"https:\/\/marktxxl.de\/markt\/wp-content\/uploads\/sites\/3\/2020\/12\/logo.png","contentUrl":"https:\/\/marktxxl.de\/markt\/wp-content\/uploads\/sites\/3\/2020\/12\/logo.png","width":200,"height":70,"caption":"Markt-XXL"},"image":{"@id":"https:\/\/marktxxl.de\/markt\/#\/schema\/logo\/image\/"}}]}},"_links":{"self":[{"href":"https:\/\/marktxxl.de\/markt\/wp-json\/wp\/v2\/product\/193707","targetHints":{"allow":["GET"]}}],"collection":[{"href":"https:\/\/marktxxl.de\/markt\/wp-json\/wp\/v2\/product"}],"about":[{"href":"https:\/\/marktxxl.de\/markt\/wp-json\/wp\/v2\/types\/product"}],"replies":[{"embeddable":true,"href":"https:\/\/marktxxl.de\/markt\/wp-json\/wp\/v2\/comments?post=193707"}],"wp:featuredmedia":[{"embeddable":true,"href":"https:\/\/marktxxl.de\/markt\/wp-json\/wp\/v2\/media\/193708"}],"wp:attachment":[{"href":"https:\/\/marktxxl.de\/markt\/wp-json\/wp\/v2\/media?parent=193707"}],"wp:term":[{"taxonomy":"product_brand","embeddable":true,"href":"https:\/\/marktxxl.de\/markt\/wp-json\/wp\/v2\/product_brand?post=193707"},{"taxonomy":"product_cat","embeddable":true,"href":"https:\/\/marktxxl.de\/markt\/wp-json\/wp\/v2\/product_cat?post=193707"},{"taxonomy":"product_tag","embeddable":true,"href":"https:\/\/marktxxl.de\/markt\/wp-json\/wp\/v2\/product_tag?post=193707"}],"curies":[{"name":"wp","href":"https:\/\/api.w.org\/{rel}","templated":true}]}}