{"id":193624,"date":"2023-03-11T05:46:54","date_gmt":"2023-03-11T04:46:54","guid":{"rendered":"https:\/\/marktxxl.de\/markt\/produkt\/solar-lichterkette-aussen-mit-typ-c-ladeanschluss30m-300-led-kupferdraht-solarlichterkette-fuer-aussen-mit-8-modifernbedienungtimerip65-wasserdicht-solar-lichterkette-aussen-fuer-garten-und-pa\/"},"modified":"2023-04-09T05:13:21","modified_gmt":"2023-04-09T03:13:21","slug":"solar-lichterkette-aussen-mit-typ-c-ladeanschluss30m-300-led-kupferdraht-solarlichterkette-fuer-aussen-mit-8-modifernbedienungtimerip65-wasserdicht-solar-lichterkette-aussen-fuer-garten-und-pa","status":"publish","type":"product","link":"https:\/\/marktxxl.de\/markt\/produkt\/solar-lichterkette-aussen-mit-typ-c-ladeanschluss30m-300-led-kupferdraht-solarlichterkette-fuer-aussen-mit-8-modifernbedienungtimerip65-wasserdicht-solar-lichterkette-aussen-fuer-garten-und-pa\/","title":{"rendered":"Solar Lichterkette Aussen mit Typ-C-Ladeanschluss,30M 300 LED Kupferdraht Solarlichterkette f\u00fcr Au\u00dfen mit 8 Modi\u2026"},"content":{"rendered":"<p>\ud83d\udca1[Hochwertige solar weihnachtsbeleuchtung au\u00dfen] Solarlichterkette au\u00dfen wetterfest besteht aus 30 Metern biegbarem Kupferdraht und 300 leuchtenden Mini-LEDs. Der Kupferdraht ist super d\u00fcnn und flexibel, sie diese au\u00dfenlichterkette solar beliebig biegen und verdrehen und in die gew\u00fcnschte Form bringen. Einsetzbar als: solar lichterkette aussen, solarlichterkette f\u00fcr au\u00dfen, led lichterkette au\u00dfen, outdoor lichterkette, solar lichterkette au\u00dfen, led lichterkette innen.<br \/>\n\ud83d\udca1[Verbessertes Solarpanel] Das AUOPLUS-Team hat das Solarpanel um einen Typ-C-Ladeanschluss erweitert, der zwei Arten der Stromspeicherung erm\u00f6glicht (Solarstromspeicherung und USB-Laden). Wenn es schneit, regnet oder bew\u00f6lkt ist, kann das Solarpanel abgenommen und \u00fcber den USB-Anschluss aufgeladen werden. Das hocheffiziente Solarmodul wandelt Sonnenlicht in Strom um, mit einer vollen Ladung von 6-8 Stunden und einer Betriebszeit von ca. 10-12 Stunden.<br \/>\n\ud83d\udca1[Fernbedienung und Timer] LED lichterkette au\u00dfen k\u00f6nnen nicht nur \u00fcber das Solarpanel, sondern auch \u00fcber die Fernbedienung gesteuert werden. Sie k\u00f6nnen den Schalter, 8 Lichtmodi, 4 einstellbare Helligkeitsstufen und das Timer-Modus per Fernbedienung steuern, sehr bequem zu bedienen. Die lichterkette solar bietet au\u00dferdem 4 Timer-Einstellungen (3H\/5H\/8H\/Stunden und kein Timer). Hinweis: Die Reichweite der Fernbedienung betr\u00e4gt ca. 8 Meter (ohne Hindernisse).<br \/>\n\ud83d\udca1[8 Beleuchtungsmodi] AUOPLUS lichterkette au\u00dfen solar mit 8 beleuchtungsmodi. Wundersch\u00f6ne Beleuchtungsmodi, einschlie\u00dflich Kombination, Gl\u00fchw\u00fcrmchenblitzen, Wellen, sequentiellem, Slo-Glo, Blitz, langsamem Fade, Funkeln und konstantem Gl\u00fchen. LED lichterkette au\u00dfen die verschiedene Atmosph\u00e4ren f\u00fcr Ihr Leben schaffen k\u00f6nnen.<br \/>\n\ud83d\udca1[IP65 Wasserdichte Ausf\u00fchrung] Sowoh die solar outdoor lichterkette als auch das solarpanel sind IP65 wasserdicht, perfekt f\u00fcr den Innen- und Au\u00dfenbereich eignet, ohne sich um Feuchtigkeit oder schlechtes Wetter zu sorgen. Und \u00fcberhitzen die weihnachtsbeleuchtung au\u00dfen solar nicht, nachdem sie viele Stunden lang verwendet wurden, weil es mit Low-Temperatur LED-Lampen und keine Sorge \u00fcber elektrische Leckagen, da dieser mit einem Isolierlack bedeckt ist.<br \/>\n\ud83d\udca1[Mehrfachanwendungsszenarien] Diese solar lichterkette aussen sind ein gro\u00dfartiges dekoratives Accessoire zur Beleuchtung von Innen-und Au\u00dfenbereichen. Ideal f\u00fcr die Dekoration Ihrer Garten, Balkon, Terrasse, Tor, Fenster, Weihnachtsb\u00e4umen, Hof, Hochzeit, Party und Hausdekoration. Dank des Betrachtungswinkels von 360 Grad leuchten sie in jede Richtung, was jede Nacht zu einer sternenklaren Nacht macht!<br \/>\n<div class=\"main-cross-sell\" data-asin=\"B0BPSFFSNP\">\n\n\t<div class=\"WooZone-cross-sell-loader\">\n\t\t<div>\n\t\t\t<div id=\"floatingBarsG\">\n\t\t\t\t<div class=\"blockG\" id=\"rotateG_01\"><\/div>\n\t\t\t\t<div class=\"blockG\" id=\"rotateG_02\"><\/div>\n\t\t\t\t<div class=\"blockG\" id=\"rotateG_03\"><\/div>\n\t\t\t\t<div class=\"blockG\" id=\"rotateG_04\"><\/div>\n\t\t\t\t<div class=\"blockG\" id=\"rotateG_05\"><\/div>\n\t\t\t\t<div class=\"blockG\" id=\"rotateG_06\"><\/div>\n\t\t\t\t<div class=\"blockG\" id=\"rotateG_07\"><\/div>\n\t\t\t\t<div class=\"blockG\" id=\"rotateG_08\"><\/div>\n\t\t\t<\/div>\n\t\t\t<div class=\"WooZone-cross-sell-loader-text\"><\/div>\n\t\t<\/div>\n\t<\/div>\n\n\t\t\n<\/div>\n<div style=\"clear:both;\"><\/div><\/p>\n","protected":false},"excerpt":{"rendered":"<p>\ud83d\udca1[Hochwertige solar weihnachtsbeleuchtung au\u00dfen] Solarlichterkette au\u00dfen wetterfest besteht aus 30 Metern biegbarem Kupferdraht und 300 leuchtenden Mini-LEDs. Der Kupferdraht ist super d\u00fcnn und flexibel, sie diese au\u00dfenlichterkette solar beliebig biegen und verdrehen und in die gew\u00fcnschte Form bringen. Einsetzbar als: solar lichterkette aussen, solarlichterkette f\u00fcr au\u00dfen, led lichterkette au\u00dfen, outdoor lichterkette, solar lichterkette au\u00dfen, led lichterkette innen.<br \/>\n\ud83d\udca1[Verbessertes Solarpanel] Das AUOPLUS-Team hat das Solarpanel um einen Typ-C-Ladeanschluss erweitert, der zwei Arten der Stromspeicherung erm\u00f6glicht (Solarstromspeicherung und USB-Laden). Wenn es schneit, regnet oder bew\u00f6lkt ist, kann das Solarpanel abgenommen und \u00fcber den USB-Anschluss aufgeladen werden. Das hocheffiziente Solarmodul wandelt Sonnenlicht in Strom um, mit einer vollen Ladung von 6-8 Stunden und einer Betriebszeit von ca. 10-12 Stunden.<br \/>\n\ud83d\udca1[Fernbedienung und Timer] LED lichterkette au\u00dfen k\u00f6nnen nicht nur \u00fcber das Solarpanel, sondern auch \u00fcber die Fernbedienung gesteuert werden. Sie k\u00f6nnen den Schalter, 8 Lichtmodi, 4 einstellbare Helligkeitsstufen und das Timer-Modus per Fernbedienung steuern, sehr bequem zu bedienen. Die lichterkette solar bietet au\u00dferdem 4 Timer-Einstellungen (3H\/5H\/8H\/Stunden und kein Timer). Hinweis: Die Reichweite der Fernbedienung betr\u00e4gt ca. 8 Meter (ohne Hindernisse).<\/p>\n","protected":false},"featured_media":193625,"comment_status":"open","ping_status":"closed","template":"","meta":[],"product_brand":[],"product_cat":[2108,15622],"product_tag":[],"class_list":{"0":"post-193624","1":"product","2":"type-product","3":"status-publish","4":"has-post-thumbnail","6":"product_cat-beleuchtung","7":"product_cat-lichterketten","8":"pa_brand-auoplus","9":"pa_manufacturer-auoplus","10":"pa_model-25199","12":"first","13":"instock","14":"shipping-taxable","15":"purchasable","16":"product-type-simple","17":"customify-col","18":"product-has-gallery"},"yoast_head":"<!-- This site is optimized with the Yoast SEO plugin v27.4 - https:\/\/yoast.com\/product\/yoast-seo-wordpress\/ -->\n<title>Solar Lichterkette Aussen mit Typ-C-Ladeanschluss,30M 300 LED Kupferdraht Solarlichterkette f\u00fcr Au\u00dfen mit 8 Modi\u2026 - Markt-XXL<\/title>\n<meta name=\"description\" content=\"Markt-XXL Solar Lichterkette Aussen mit Typ-C-Ladeanschluss,30M 300 LED Kupferdraht Solarlichterkette f\u00fcr Au\u00dfen mit 8 Modi\u2026\" \/>\n<meta name=\"robots\" content=\"index, follow, max-snippet:-1, max-image-preview:large, max-video-preview:-1\" \/>\n<link rel=\"canonical\" href=\"https:\/\/marktxxl.de\/markt\/produkt\/solar-lichterkette-aussen-mit-typ-c-ladeanschluss30m-300-led-kupferdraht-solarlichterkette-fuer-aussen-mit-8-modifernbedienungtimerip65-wasserdicht-solar-lichterkette-aussen-fuer-garten-und-pa\/\" \/>\n<meta property=\"og:locale\" content=\"de_DE\" \/>\n<meta property=\"og:type\" content=\"article\" \/>\n<meta property=\"og:title\" content=\"Solar Lichterkette Aussen mit Typ-C-Ladeanschluss,30M 300 LED Kupferdraht Solarlichterkette f\u00fcr Au\u00dfen mit 8 Modi\u2026 - Markt-XXL\" \/>\n<meta property=\"og:description\" content=\"Markt-XXL Solar Lichterkette Aussen mit Typ-C-Ladeanschluss,30M 300 LED Kupferdraht Solarlichterkette f\u00fcr Au\u00dfen mit 8 Modi\u2026\" \/>\n<meta property=\"og:url\" content=\"https:\/\/marktxxl.de\/markt\/produkt\/solar-lichterkette-aussen-mit-typ-c-ladeanschluss30m-300-led-kupferdraht-solarlichterkette-fuer-aussen-mit-8-modifernbedienungtimerip65-wasserdicht-solar-lichterkette-aussen-fuer-garten-und-pa\/\" \/>\n<meta property=\"og:site_name\" content=\"Markt-XXL\" \/>\n<meta property=\"article:modified_time\" content=\"2023-04-09T03:13:21+00:00\" \/>\n<meta property=\"og:image\" content=\"https:\/\/m.media-amazon.com\/images\/I\/51I0fbEUViL._SL500_.jpg\" \/>\n\t<meta property=\"og:image:width\" content=\"500\" \/>\n\t<meta property=\"og:image:height\" content=\"500\" \/>\n\t<meta property=\"og:image:type\" content=\"image\/jpeg\" \/>\n<meta name=\"twitter:card\" content=\"summary_large_image\" \/>\n<meta name=\"twitter:label1\" content=\"Gesch\u00e4tzte Lesezeit\" \/>\n\t<meta name=\"twitter:data1\" content=\"2\u00a0Minuten\" \/>\n<script type=\"application\/ld+json\" class=\"yoast-schema-graph\">{\"@context\":\"https:\\\/\\\/schema.org\",\"@graph\":[{\"@type\":\"WebPage\",\"@id\":\"https:\\\/\\\/marktxxl.de\\\/markt\\\/produkt\\\/solar-lichterkette-aussen-mit-typ-c-ladeanschluss30m-300-led-kupferdraht-solarlichterkette-fuer-aussen-mit-8-modifernbedienungtimerip65-wasserdicht-solar-lichterkette-aussen-fuer-garten-und-pa\\\/\",\"url\":\"https:\\\/\\\/marktxxl.de\\\/markt\\\/produkt\\\/solar-lichterkette-aussen-mit-typ-c-ladeanschluss30m-300-led-kupferdraht-solarlichterkette-fuer-aussen-mit-8-modifernbedienungtimerip65-wasserdicht-solar-lichterkette-aussen-fuer-garten-und-pa\\\/\",\"name\":\"Solar Lichterkette Aussen mit Typ-C-Ladeanschluss,30M 300 LED Kupferdraht Solarlichterkette f\u00fcr Au\u00dfen mit 8 Modi\u2026 - Markt-XXL\",\"isPartOf\":{\"@id\":\"https:\\\/\\\/marktxxl.de\\\/markt\\\/#website\"},\"primaryImageOfPage\":{\"@id\":\"https:\\\/\\\/marktxxl.de\\\/markt\\\/produkt\\\/solar-lichterkette-aussen-mit-typ-c-ladeanschluss30m-300-led-kupferdraht-solarlichterkette-fuer-aussen-mit-8-modifernbedienungtimerip65-wasserdicht-solar-lichterkette-aussen-fuer-garten-und-pa\\\/#primaryimage\"},\"image\":{\"@id\":\"https:\\\/\\\/marktxxl.de\\\/markt\\\/produkt\\\/solar-lichterkette-aussen-mit-typ-c-ladeanschluss30m-300-led-kupferdraht-solarlichterkette-fuer-aussen-mit-8-modifernbedienungtimerip65-wasserdicht-solar-lichterkette-aussen-fuer-garten-und-pa\\\/#primaryimage\"},\"thumbnailUrl\":\"https:\\\/\\\/m.media-amazon.com\\\/images\\\/I\\\/51I0fbEUViL._SL500_.jpg\",\"datePublished\":\"2023-03-11T04:46:54+00:00\",\"dateModified\":\"2023-04-09T03:13:21+00:00\",\"description\":\"Markt-XXL Solar Lichterkette Aussen mit Typ-C-Ladeanschluss,30M 300 LED Kupferdraht Solarlichterkette f\u00fcr Au\u00dfen mit 8 Modi\u2026\",\"breadcrumb\":{\"@id\":\"https:\\\/\\\/marktxxl.de\\\/markt\\\/produkt\\\/solar-lichterkette-aussen-mit-typ-c-ladeanschluss30m-300-led-kupferdraht-solarlichterkette-fuer-aussen-mit-8-modifernbedienungtimerip65-wasserdicht-solar-lichterkette-aussen-fuer-garten-und-pa\\\/#breadcrumb\"},\"inLanguage\":\"de\",\"potentialAction\":[{\"@type\":\"ReadAction\",\"target\":[\"https:\\\/\\\/marktxxl.de\\\/markt\\\/produkt\\\/solar-lichterkette-aussen-mit-typ-c-ladeanschluss30m-300-led-kupferdraht-solarlichterkette-fuer-aussen-mit-8-modifernbedienungtimerip65-wasserdicht-solar-lichterkette-aussen-fuer-garten-und-pa\\\/\"]}]},{\"@type\":\"ImageObject\",\"inLanguage\":\"de\",\"@id\":\"https:\\\/\\\/marktxxl.de\\\/markt\\\/produkt\\\/solar-lichterkette-aussen-mit-typ-c-ladeanschluss30m-300-led-kupferdraht-solarlichterkette-fuer-aussen-mit-8-modifernbedienungtimerip65-wasserdicht-solar-lichterkette-aussen-fuer-garten-und-pa\\\/#primaryimage\",\"url\":\"https:\\\/\\\/m.media-amazon.com\\\/images\\\/I\\\/51I0fbEUViL._SL500_.jpg\",\"contentUrl\":\"https:\\\/\\\/m.media-amazon.com\\\/images\\\/I\\\/51I0fbEUViL._SL500_.jpg\",\"width\":500,\"height\":500},{\"@type\":\"BreadcrumbList\",\"@id\":\"https:\\\/\\\/marktxxl.de\\\/markt\\\/produkt\\\/solar-lichterkette-aussen-mit-typ-c-ladeanschluss30m-300-led-kupferdraht-solarlichterkette-fuer-aussen-mit-8-modifernbedienungtimerip65-wasserdicht-solar-lichterkette-aussen-fuer-garten-und-pa\\\/#breadcrumb\",\"itemListElement\":[{\"@type\":\"ListItem\",\"position\":1,\"name\":\"Startseite\",\"item\":\"https:\\\/\\\/marktxxl.de\\\/markt\\\/\"},{\"@type\":\"ListItem\",\"position\":2,\"name\":\"Markt\",\"item\":\"https:\\\/\\\/marktxxl.de\\\/markt\\\/\"},{\"@type\":\"ListItem\",\"position\":3,\"name\":\"Solar Lichterkette Aussen mit Typ-C-Ladeanschluss,30M 300 LED Kupferdraht Solarlichterkette f\u00fcr Au\u00dfen mit 8 Modi\u2026\"}]},{\"@type\":\"WebSite\",\"@id\":\"https:\\\/\\\/marktxxl.de\\\/markt\\\/#website\",\"url\":\"https:\\\/\\\/marktxxl.de\\\/markt\\\/\",\"name\":\"Markt-XXL\",\"description\":\"Ihr Markt Online\",\"publisher\":{\"@id\":\"https:\\\/\\\/marktxxl.de\\\/markt\\\/#organization\"},\"potentialAction\":[{\"@type\":\"SearchAction\",\"target\":{\"@type\":\"EntryPoint\",\"urlTemplate\":\"https:\\\/\\\/marktxxl.de\\\/markt\\\/?s={search_term_string}\"},\"query-input\":{\"@type\":\"PropertyValueSpecification\",\"valueRequired\":true,\"valueName\":\"search_term_string\"}}],\"inLanguage\":\"de\"},{\"@type\":\"Organization\",\"@id\":\"https:\\\/\\\/marktxxl.de\\\/markt\\\/#organization\",\"name\":\"Markt-XXL\",\"url\":\"https:\\\/\\\/marktxxl.de\\\/markt\\\/\",\"logo\":{\"@type\":\"ImageObject\",\"inLanguage\":\"de\",\"@id\":\"https:\\\/\\\/marktxxl.de\\\/markt\\\/#\\\/schema\\\/logo\\\/image\\\/\",\"url\":\"https:\\\/\\\/marktxxl.de\\\/markt\\\/wp-content\\\/uploads\\\/sites\\\/3\\\/2020\\\/12\\\/logo.png\",\"contentUrl\":\"https:\\\/\\\/marktxxl.de\\\/markt\\\/wp-content\\\/uploads\\\/sites\\\/3\\\/2020\\\/12\\\/logo.png\",\"width\":200,\"height\":70,\"caption\":\"Markt-XXL\"},\"image\":{\"@id\":\"https:\\\/\\\/marktxxl.de\\\/markt\\\/#\\\/schema\\\/logo\\\/image\\\/\"}}]}<\/script>\n<!-- \/ Yoast SEO plugin. -->","yoast_head_json":{"title":"Solar Lichterkette Aussen mit Typ-C-Ladeanschluss,30M 300 LED Kupferdraht Solarlichterkette f\u00fcr Au\u00dfen mit 8 Modi\u2026 - Markt-XXL","description":"Markt-XXL Solar Lichterkette Aussen mit Typ-C-Ladeanschluss,30M 300 LED Kupferdraht Solarlichterkette f\u00fcr Au\u00dfen mit 8 Modi\u2026","robots":{"index":"index","follow":"follow","max-snippet":"max-snippet:-1","max-image-preview":"max-image-preview:large","max-video-preview":"max-video-preview:-1"},"canonical":"https:\/\/marktxxl.de\/markt\/produkt\/solar-lichterkette-aussen-mit-typ-c-ladeanschluss30m-300-led-kupferdraht-solarlichterkette-fuer-aussen-mit-8-modifernbedienungtimerip65-wasserdicht-solar-lichterkette-aussen-fuer-garten-und-pa\/","og_locale":"de_DE","og_type":"article","og_title":"Solar Lichterkette Aussen mit Typ-C-Ladeanschluss,30M 300 LED Kupferdraht Solarlichterkette f\u00fcr Au\u00dfen mit 8 Modi\u2026 - Markt-XXL","og_description":"Markt-XXL Solar Lichterkette Aussen mit Typ-C-Ladeanschluss,30M 300 LED Kupferdraht Solarlichterkette f\u00fcr Au\u00dfen mit 8 Modi\u2026","og_url":"https:\/\/marktxxl.de\/markt\/produkt\/solar-lichterkette-aussen-mit-typ-c-ladeanschluss30m-300-led-kupferdraht-solarlichterkette-fuer-aussen-mit-8-modifernbedienungtimerip65-wasserdicht-solar-lichterkette-aussen-fuer-garten-und-pa\/","og_site_name":"Markt-XXL","article_modified_time":"2023-04-09T03:13:21+00:00","og_image":[{"width":500,"height":500,"url":"https:\/\/m.media-amazon.com\/images\/I\/51I0fbEUViL._SL500_.jpg","type":"image\/jpeg"}],"twitter_card":"summary_large_image","twitter_misc":{"Gesch\u00e4tzte Lesezeit":"2\u00a0Minuten"},"schema":{"@context":"https:\/\/schema.org","@graph":[{"@type":"WebPage","@id":"https:\/\/marktxxl.de\/markt\/produkt\/solar-lichterkette-aussen-mit-typ-c-ladeanschluss30m-300-led-kupferdraht-solarlichterkette-fuer-aussen-mit-8-modifernbedienungtimerip65-wasserdicht-solar-lichterkette-aussen-fuer-garten-und-pa\/","url":"https:\/\/marktxxl.de\/markt\/produkt\/solar-lichterkette-aussen-mit-typ-c-ladeanschluss30m-300-led-kupferdraht-solarlichterkette-fuer-aussen-mit-8-modifernbedienungtimerip65-wasserdicht-solar-lichterkette-aussen-fuer-garten-und-pa\/","name":"Solar Lichterkette Aussen mit Typ-C-Ladeanschluss,30M 300 LED Kupferdraht Solarlichterkette f\u00fcr Au\u00dfen mit 8 Modi\u2026 - Markt-XXL","isPartOf":{"@id":"https:\/\/marktxxl.de\/markt\/#website"},"primaryImageOfPage":{"@id":"https:\/\/marktxxl.de\/markt\/produkt\/solar-lichterkette-aussen-mit-typ-c-ladeanschluss30m-300-led-kupferdraht-solarlichterkette-fuer-aussen-mit-8-modifernbedienungtimerip65-wasserdicht-solar-lichterkette-aussen-fuer-garten-und-pa\/#primaryimage"},"image":{"@id":"https:\/\/marktxxl.de\/markt\/produkt\/solar-lichterkette-aussen-mit-typ-c-ladeanschluss30m-300-led-kupferdraht-solarlichterkette-fuer-aussen-mit-8-modifernbedienungtimerip65-wasserdicht-solar-lichterkette-aussen-fuer-garten-und-pa\/#primaryimage"},"thumbnailUrl":"https:\/\/m.media-amazon.com\/images\/I\/51I0fbEUViL._SL500_.jpg","datePublished":"2023-03-11T04:46:54+00:00","dateModified":"2023-04-09T03:13:21+00:00","description":"Markt-XXL Solar Lichterkette Aussen mit Typ-C-Ladeanschluss,30M 300 LED Kupferdraht Solarlichterkette f\u00fcr Au\u00dfen mit 8 Modi\u2026","breadcrumb":{"@id":"https:\/\/marktxxl.de\/markt\/produkt\/solar-lichterkette-aussen-mit-typ-c-ladeanschluss30m-300-led-kupferdraht-solarlichterkette-fuer-aussen-mit-8-modifernbedienungtimerip65-wasserdicht-solar-lichterkette-aussen-fuer-garten-und-pa\/#breadcrumb"},"inLanguage":"de","potentialAction":[{"@type":"ReadAction","target":["https:\/\/marktxxl.de\/markt\/produkt\/solar-lichterkette-aussen-mit-typ-c-ladeanschluss30m-300-led-kupferdraht-solarlichterkette-fuer-aussen-mit-8-modifernbedienungtimerip65-wasserdicht-solar-lichterkette-aussen-fuer-garten-und-pa\/"]}]},{"@type":"ImageObject","inLanguage":"de","@id":"https:\/\/marktxxl.de\/markt\/produkt\/solar-lichterkette-aussen-mit-typ-c-ladeanschluss30m-300-led-kupferdraht-solarlichterkette-fuer-aussen-mit-8-modifernbedienungtimerip65-wasserdicht-solar-lichterkette-aussen-fuer-garten-und-pa\/#primaryimage","url":"https:\/\/m.media-amazon.com\/images\/I\/51I0fbEUViL._SL500_.jpg","contentUrl":"https:\/\/m.media-amazon.com\/images\/I\/51I0fbEUViL._SL500_.jpg","width":500,"height":500},{"@type":"BreadcrumbList","@id":"https:\/\/marktxxl.de\/markt\/produkt\/solar-lichterkette-aussen-mit-typ-c-ladeanschluss30m-300-led-kupferdraht-solarlichterkette-fuer-aussen-mit-8-modifernbedienungtimerip65-wasserdicht-solar-lichterkette-aussen-fuer-garten-und-pa\/#breadcrumb","itemListElement":[{"@type":"ListItem","position":1,"name":"Startseite","item":"https:\/\/marktxxl.de\/markt\/"},{"@type":"ListItem","position":2,"name":"Markt","item":"https:\/\/marktxxl.de\/markt\/"},{"@type":"ListItem","position":3,"name":"Solar Lichterkette Aussen mit Typ-C-Ladeanschluss,30M 300 LED Kupferdraht Solarlichterkette f\u00fcr Au\u00dfen mit 8 Modi\u2026"}]},{"@type":"WebSite","@id":"https:\/\/marktxxl.de\/markt\/#website","url":"https:\/\/marktxxl.de\/markt\/","name":"Markt-XXL","description":"Ihr Markt Online","publisher":{"@id":"https:\/\/marktxxl.de\/markt\/#organization"},"potentialAction":[{"@type":"SearchAction","target":{"@type":"EntryPoint","urlTemplate":"https:\/\/marktxxl.de\/markt\/?s={search_term_string}"},"query-input":{"@type":"PropertyValueSpecification","valueRequired":true,"valueName":"search_term_string"}}],"inLanguage":"de"},{"@type":"Organization","@id":"https:\/\/marktxxl.de\/markt\/#organization","name":"Markt-XXL","url":"https:\/\/marktxxl.de\/markt\/","logo":{"@type":"ImageObject","inLanguage":"de","@id":"https:\/\/marktxxl.de\/markt\/#\/schema\/logo\/image\/","url":"https:\/\/marktxxl.de\/markt\/wp-content\/uploads\/sites\/3\/2020\/12\/logo.png","contentUrl":"https:\/\/marktxxl.de\/markt\/wp-content\/uploads\/sites\/3\/2020\/12\/logo.png","width":200,"height":70,"caption":"Markt-XXL"},"image":{"@id":"https:\/\/marktxxl.de\/markt\/#\/schema\/logo\/image\/"}}]}},"_links":{"self":[{"href":"https:\/\/marktxxl.de\/markt\/wp-json\/wp\/v2\/product\/193624","targetHints":{"allow":["GET"]}}],"collection":[{"href":"https:\/\/marktxxl.de\/markt\/wp-json\/wp\/v2\/product"}],"about":[{"href":"https:\/\/marktxxl.de\/markt\/wp-json\/wp\/v2\/types\/product"}],"replies":[{"embeddable":true,"href":"https:\/\/marktxxl.de\/markt\/wp-json\/wp\/v2\/comments?post=193624"}],"wp:featuredmedia":[{"embeddable":true,"href":"https:\/\/marktxxl.de\/markt\/wp-json\/wp\/v2\/media\/193625"}],"wp:attachment":[{"href":"https:\/\/marktxxl.de\/markt\/wp-json\/wp\/v2\/media?parent=193624"}],"wp:term":[{"taxonomy":"product_brand","embeddable":true,"href":"https:\/\/marktxxl.de\/markt\/wp-json\/wp\/v2\/product_brand?post=193624"},{"taxonomy":"product_cat","embeddable":true,"href":"https:\/\/marktxxl.de\/markt\/wp-json\/wp\/v2\/product_cat?post=193624"},{"taxonomy":"product_tag","embeddable":true,"href":"https:\/\/marktxxl.de\/markt\/wp-json\/wp\/v2\/product_tag?post=193624"}],"curies":[{"name":"wp","href":"https:\/\/api.w.org\/{rel}","templated":true}]}}