{"id":193507,"date":"2023-03-11T05:28:22","date_gmt":"2023-03-11T04:28:22","guid":{"rendered":"https:\/\/marktxxl.de\/markt\/produkt\/ocera-kinder-thermo-kniestruempfe-4-paar-winterstruempfe-fuer-maedchen-und-jungen-mit-innenfrottee-und-atmungsaktiver-baumwolole-fuer-skifahren-snowboarden-und-wandern\/"},"modified":"2023-04-09T05:13:20","modified_gmt":"2023-04-09T03:13:20","slug":"ocera-kinder-thermo-kniestruempfe-4-paar-winterstruempfe-fuer-maedchen-und-jungen-mit-innenfrottee-und-atmungsaktiver-baumwolole-fuer-skifahren-snowboarden-und-wandern","status":"publish","type":"product","link":"https:\/\/marktxxl.de\/markt\/produkt\/ocera-kinder-thermo-kniestruempfe-4-paar-winterstruempfe-fuer-maedchen-und-jungen-mit-innenfrottee-und-atmungsaktiver-baumwolole-fuer-skifahren-snowboarden-und-wandern\/","title":{"rendered":"OCERA Kinder Thermo Kniestr\u00fcmpfe, 4 Paar Winterstr\u00fcmpfe f\u00fcr M\u00e4dchen und Jungen, mit Innenfrottee und Atmungsaktiver\u2026"},"content":{"rendered":"<p>\u2744 VOLLFROTTEE: Extrakomfort und W\u00e4rme durch das weiche Innenfrottee. Halten die F\u00fc\u00dfe warm und eignen sich sehr gut f\u00fcr Outdoor-Aktivit\u00e4ten wie Ski, Snowboard und Wandern an kalten Wintertagen.<br \/>\n\u2744 HAUTFREUNDLICH UND KOMFORTABEL: Der hohe Baumwollanteil sorgt f\u00fcr ein angenehm weiches Hautgef\u00fchl, ganz ohne Kratzen! Durch den Elasthan Anteil haben unsere Kniestr\u00fcmpfe die perfekte Passform.<br \/>\n\u2744 KOMFORT-BUND: Perfekter Halt ohne Druckstellen. Die Thermo Str\u00fcmpfe sind venenfreundlich und rutschfest.<br \/>\n\u2744 EXTRA D\u00dcNNE NAHT: Verhindert Blasen und Druckstellen am empfindlichen Zehenbereich.<br \/>\n\u2744 OEKO-TEX STANDARD 100 ZERTIFIZIERT: Erfolgreich auf Schadstoffe gepr\u00fcft. 100% hautvertr\u00e4glich und allergiegetestet.<br \/>\n<div class=\"main-cross-sell\" data-asin=\"B09JWTQ8M4\">\n\n\t<div class=\"WooZone-cross-sell-loader\">\n\t\t<div>\n\t\t\t<div id=\"floatingBarsG\">\n\t\t\t\t<div class=\"blockG\" id=\"rotateG_01\"><\/div>\n\t\t\t\t<div class=\"blockG\" id=\"rotateG_02\"><\/div>\n\t\t\t\t<div class=\"blockG\" id=\"rotateG_03\"><\/div>\n\t\t\t\t<div class=\"blockG\" id=\"rotateG_04\"><\/div>\n\t\t\t\t<div class=\"blockG\" id=\"rotateG_05\"><\/div>\n\t\t\t\t<div class=\"blockG\" id=\"rotateG_06\"><\/div>\n\t\t\t\t<div class=\"blockG\" id=\"rotateG_07\"><\/div>\n\t\t\t\t<div class=\"blockG\" id=\"rotateG_08\"><\/div>\n\t\t\t<\/div>\n\t\t\t<div class=\"WooZone-cross-sell-loader-text\"><\/div>\n\t\t<\/div>\n\t<\/div>\n\n\t\t\n<\/div>\n<div style=\"clear:both;\"><\/div><\/p>\n","protected":false},"excerpt":{"rendered":"<p>\u2744 VOLLFROTTEE: Extrakomfort und W\u00e4rme durch das weiche Innenfrottee. Halten die F\u00fc\u00dfe warm und eignen sich sehr gut f\u00fcr Outdoor-Aktivit\u00e4ten wie Ski, Snowboard und Wandern an kalten Wintertagen.<br \/>\n\u2744 HAUTFREUNDLICH UND KOMFORTABEL: Der hohe Baumwollanteil sorgt f\u00fcr ein angenehm weiches Hautgef\u00fchl, ganz ohne Kratzen! Durch den Elasthan Anteil haben unsere Kniestr\u00fcmpfe die perfekte Passform.<br \/>\n\u2744 KOMFORT-BUND: Perfekter Halt ohne Druckstellen. Die Thermo Str\u00fcmpfe sind venenfreundlich und rutschfest.<\/p>\n","protected":false},"featured_media":193508,"comment_status":"open","ping_status":"closed","template":"","meta":[],"product_brand":[],"product_cat":[1186,3990],"product_tag":[],"class_list":{"0":"post-193507","1":"product","2":"type-product","3":"status-publish","4":"has-post-thumbnail","6":"product_cat-bekleidung","7":"product_cat-maedchen","8":"pa_brand-ocera","9":"pa_manufacturer-ocera","11":"first","12":"instock","13":"shipping-taxable","14":"purchasable","15":"product-type-simple","16":"customify-col","17":"product-has-gallery"},"yoast_head":"<!-- This site is optimized with the Yoast SEO plugin v27.4 - https:\/\/yoast.com\/product\/yoast-seo-wordpress\/ -->\n<title>OCERA Kinder Thermo Kniestr\u00fcmpfe, 4 Paar Winterstr\u00fcmpfe f\u00fcr M\u00e4dchen und Jungen, mit Innenfrottee und Atmungsaktiver\u2026 - Markt-XXL<\/title>\n<meta name=\"description\" content=\"Markt-XXL OCERA Kinder Thermo Kniestr\u00fcmpfe, 4 Paar Winterstr\u00fcmpfe f\u00fcr M\u00e4dchen und Jungen, mit Innenfrottee und Atmungsaktiver\u2026\" \/>\n<meta name=\"robots\" content=\"index, follow, max-snippet:-1, max-image-preview:large, max-video-preview:-1\" \/>\n<link rel=\"canonical\" href=\"https:\/\/marktxxl.de\/markt\/produkt\/ocera-kinder-thermo-kniestruempfe-4-paar-winterstruempfe-fuer-maedchen-und-jungen-mit-innenfrottee-und-atmungsaktiver-baumwolole-fuer-skifahren-snowboarden-und-wandern\/\" \/>\n<meta property=\"og:locale\" content=\"de_DE\" \/>\n<meta property=\"og:type\" content=\"article\" \/>\n<meta property=\"og:title\" content=\"OCERA Kinder Thermo Kniestr\u00fcmpfe, 4 Paar Winterstr\u00fcmpfe f\u00fcr M\u00e4dchen und Jungen, mit Innenfrottee und Atmungsaktiver\u2026 - Markt-XXL\" \/>\n<meta property=\"og:description\" content=\"Markt-XXL OCERA Kinder Thermo Kniestr\u00fcmpfe, 4 Paar Winterstr\u00fcmpfe f\u00fcr M\u00e4dchen und Jungen, mit Innenfrottee und Atmungsaktiver\u2026\" \/>\n<meta property=\"og:url\" content=\"https:\/\/marktxxl.de\/markt\/produkt\/ocera-kinder-thermo-kniestruempfe-4-paar-winterstruempfe-fuer-maedchen-und-jungen-mit-innenfrottee-und-atmungsaktiver-baumwolole-fuer-skifahren-snowboarden-und-wandern\/\" \/>\n<meta property=\"og:site_name\" content=\"Markt-XXL\" \/>\n<meta property=\"article:modified_time\" content=\"2023-04-09T03:13:20+00:00\" \/>\n<meta property=\"og:image\" content=\"https:\/\/m.media-amazon.com\/images\/I\/41OT3r+t0XL._SL500_.jpg\" \/>\n\t<meta property=\"og:image:width\" content=\"400\" \/>\n\t<meta property=\"og:image:height\" content=\"500\" \/>\n\t<meta property=\"og:image:type\" content=\"image\/jpeg\" \/>\n<meta name=\"twitter:card\" content=\"summary_large_image\" \/>\n<meta name=\"twitter:label1\" content=\"Gesch\u00e4tzte Lesezeit\" \/>\n\t<meta name=\"twitter:data1\" content=\"1\u00a0Minute\" \/>\n<script type=\"application\/ld+json\" class=\"yoast-schema-graph\">{\"@context\":\"https:\\\/\\\/schema.org\",\"@graph\":[{\"@type\":\"WebPage\",\"@id\":\"https:\\\/\\\/marktxxl.de\\\/markt\\\/produkt\\\/ocera-kinder-thermo-kniestruempfe-4-paar-winterstruempfe-fuer-maedchen-und-jungen-mit-innenfrottee-und-atmungsaktiver-baumwolole-fuer-skifahren-snowboarden-und-wandern\\\/\",\"url\":\"https:\\\/\\\/marktxxl.de\\\/markt\\\/produkt\\\/ocera-kinder-thermo-kniestruempfe-4-paar-winterstruempfe-fuer-maedchen-und-jungen-mit-innenfrottee-und-atmungsaktiver-baumwolole-fuer-skifahren-snowboarden-und-wandern\\\/\",\"name\":\"OCERA Kinder Thermo Kniestr\u00fcmpfe, 4 Paar Winterstr\u00fcmpfe f\u00fcr M\u00e4dchen und Jungen, mit Innenfrottee und Atmungsaktiver\u2026 - Markt-XXL\",\"isPartOf\":{\"@id\":\"https:\\\/\\\/marktxxl.de\\\/markt\\\/#website\"},\"primaryImageOfPage\":{\"@id\":\"https:\\\/\\\/marktxxl.de\\\/markt\\\/produkt\\\/ocera-kinder-thermo-kniestruempfe-4-paar-winterstruempfe-fuer-maedchen-und-jungen-mit-innenfrottee-und-atmungsaktiver-baumwolole-fuer-skifahren-snowboarden-und-wandern\\\/#primaryimage\"},\"image\":{\"@id\":\"https:\\\/\\\/marktxxl.de\\\/markt\\\/produkt\\\/ocera-kinder-thermo-kniestruempfe-4-paar-winterstruempfe-fuer-maedchen-und-jungen-mit-innenfrottee-und-atmungsaktiver-baumwolole-fuer-skifahren-snowboarden-und-wandern\\\/#primaryimage\"},\"thumbnailUrl\":\"https:\\\/\\\/m.media-amazon.com\\\/images\\\/I\\\/41OT3r+t0XL._SL500_.jpg\",\"datePublished\":\"2023-03-11T04:28:22+00:00\",\"dateModified\":\"2023-04-09T03:13:20+00:00\",\"description\":\"Markt-XXL OCERA Kinder Thermo Kniestr\u00fcmpfe, 4 Paar Winterstr\u00fcmpfe f\u00fcr M\u00e4dchen und Jungen, mit Innenfrottee und Atmungsaktiver\u2026\",\"breadcrumb\":{\"@id\":\"https:\\\/\\\/marktxxl.de\\\/markt\\\/produkt\\\/ocera-kinder-thermo-kniestruempfe-4-paar-winterstruempfe-fuer-maedchen-und-jungen-mit-innenfrottee-und-atmungsaktiver-baumwolole-fuer-skifahren-snowboarden-und-wandern\\\/#breadcrumb\"},\"inLanguage\":\"de\",\"potentialAction\":[{\"@type\":\"ReadAction\",\"target\":[\"https:\\\/\\\/marktxxl.de\\\/markt\\\/produkt\\\/ocera-kinder-thermo-kniestruempfe-4-paar-winterstruempfe-fuer-maedchen-und-jungen-mit-innenfrottee-und-atmungsaktiver-baumwolole-fuer-skifahren-snowboarden-und-wandern\\\/\"]}]},{\"@type\":\"ImageObject\",\"inLanguage\":\"de\",\"@id\":\"https:\\\/\\\/marktxxl.de\\\/markt\\\/produkt\\\/ocera-kinder-thermo-kniestruempfe-4-paar-winterstruempfe-fuer-maedchen-und-jungen-mit-innenfrottee-und-atmungsaktiver-baumwolole-fuer-skifahren-snowboarden-und-wandern\\\/#primaryimage\",\"url\":\"https:\\\/\\\/m.media-amazon.com\\\/images\\\/I\\\/41OT3r+t0XL._SL500_.jpg\",\"contentUrl\":\"https:\\\/\\\/m.media-amazon.com\\\/images\\\/I\\\/41OT3r+t0XL._SL500_.jpg\",\"width\":400,\"height\":500},{\"@type\":\"BreadcrumbList\",\"@id\":\"https:\\\/\\\/marktxxl.de\\\/markt\\\/produkt\\\/ocera-kinder-thermo-kniestruempfe-4-paar-winterstruempfe-fuer-maedchen-und-jungen-mit-innenfrottee-und-atmungsaktiver-baumwolole-fuer-skifahren-snowboarden-und-wandern\\\/#breadcrumb\",\"itemListElement\":[{\"@type\":\"ListItem\",\"position\":1,\"name\":\"Startseite\",\"item\":\"https:\\\/\\\/marktxxl.de\\\/markt\\\/\"},{\"@type\":\"ListItem\",\"position\":2,\"name\":\"Markt\",\"item\":\"https:\\\/\\\/marktxxl.de\\\/markt\\\/\"},{\"@type\":\"ListItem\",\"position\":3,\"name\":\"OCERA Kinder Thermo Kniestr\u00fcmpfe, 4 Paar Winterstr\u00fcmpfe f\u00fcr M\u00e4dchen und Jungen, mit Innenfrottee und Atmungsaktiver\u2026\"}]},{\"@type\":\"WebSite\",\"@id\":\"https:\\\/\\\/marktxxl.de\\\/markt\\\/#website\",\"url\":\"https:\\\/\\\/marktxxl.de\\\/markt\\\/\",\"name\":\"Markt-XXL\",\"description\":\"Ihr Markt Online\",\"publisher\":{\"@id\":\"https:\\\/\\\/marktxxl.de\\\/markt\\\/#organization\"},\"potentialAction\":[{\"@type\":\"SearchAction\",\"target\":{\"@type\":\"EntryPoint\",\"urlTemplate\":\"https:\\\/\\\/marktxxl.de\\\/markt\\\/?s={search_term_string}\"},\"query-input\":{\"@type\":\"PropertyValueSpecification\",\"valueRequired\":true,\"valueName\":\"search_term_string\"}}],\"inLanguage\":\"de\"},{\"@type\":\"Organization\",\"@id\":\"https:\\\/\\\/marktxxl.de\\\/markt\\\/#organization\",\"name\":\"Markt-XXL\",\"url\":\"https:\\\/\\\/marktxxl.de\\\/markt\\\/\",\"logo\":{\"@type\":\"ImageObject\",\"inLanguage\":\"de\",\"@id\":\"https:\\\/\\\/marktxxl.de\\\/markt\\\/#\\\/schema\\\/logo\\\/image\\\/\",\"url\":\"https:\\\/\\\/marktxxl.de\\\/markt\\\/wp-content\\\/uploads\\\/sites\\\/3\\\/2020\\\/12\\\/logo.png\",\"contentUrl\":\"https:\\\/\\\/marktxxl.de\\\/markt\\\/wp-content\\\/uploads\\\/sites\\\/3\\\/2020\\\/12\\\/logo.png\",\"width\":200,\"height\":70,\"caption\":\"Markt-XXL\"},\"image\":{\"@id\":\"https:\\\/\\\/marktxxl.de\\\/markt\\\/#\\\/schema\\\/logo\\\/image\\\/\"}}]}<\/script>\n<!-- \/ Yoast SEO plugin. -->","yoast_head_json":{"title":"OCERA Kinder Thermo Kniestr\u00fcmpfe, 4 Paar Winterstr\u00fcmpfe f\u00fcr M\u00e4dchen und Jungen, mit Innenfrottee und Atmungsaktiver\u2026 - Markt-XXL","description":"Markt-XXL OCERA Kinder Thermo Kniestr\u00fcmpfe, 4 Paar Winterstr\u00fcmpfe f\u00fcr M\u00e4dchen und Jungen, mit Innenfrottee und Atmungsaktiver\u2026","robots":{"index":"index","follow":"follow","max-snippet":"max-snippet:-1","max-image-preview":"max-image-preview:large","max-video-preview":"max-video-preview:-1"},"canonical":"https:\/\/marktxxl.de\/markt\/produkt\/ocera-kinder-thermo-kniestruempfe-4-paar-winterstruempfe-fuer-maedchen-und-jungen-mit-innenfrottee-und-atmungsaktiver-baumwolole-fuer-skifahren-snowboarden-und-wandern\/","og_locale":"de_DE","og_type":"article","og_title":"OCERA Kinder Thermo Kniestr\u00fcmpfe, 4 Paar Winterstr\u00fcmpfe f\u00fcr M\u00e4dchen und Jungen, mit Innenfrottee und Atmungsaktiver\u2026 - Markt-XXL","og_description":"Markt-XXL OCERA Kinder Thermo Kniestr\u00fcmpfe, 4 Paar Winterstr\u00fcmpfe f\u00fcr M\u00e4dchen und Jungen, mit Innenfrottee und Atmungsaktiver\u2026","og_url":"https:\/\/marktxxl.de\/markt\/produkt\/ocera-kinder-thermo-kniestruempfe-4-paar-winterstruempfe-fuer-maedchen-und-jungen-mit-innenfrottee-und-atmungsaktiver-baumwolole-fuer-skifahren-snowboarden-und-wandern\/","og_site_name":"Markt-XXL","article_modified_time":"2023-04-09T03:13:20+00:00","og_image":[{"width":400,"height":500,"url":"https:\/\/m.media-amazon.com\/images\/I\/41OT3r+t0XL._SL500_.jpg","type":"image\/jpeg"}],"twitter_card":"summary_large_image","twitter_misc":{"Gesch\u00e4tzte Lesezeit":"1\u00a0Minute"},"schema":{"@context":"https:\/\/schema.org","@graph":[{"@type":"WebPage","@id":"https:\/\/marktxxl.de\/markt\/produkt\/ocera-kinder-thermo-kniestruempfe-4-paar-winterstruempfe-fuer-maedchen-und-jungen-mit-innenfrottee-und-atmungsaktiver-baumwolole-fuer-skifahren-snowboarden-und-wandern\/","url":"https:\/\/marktxxl.de\/markt\/produkt\/ocera-kinder-thermo-kniestruempfe-4-paar-winterstruempfe-fuer-maedchen-und-jungen-mit-innenfrottee-und-atmungsaktiver-baumwolole-fuer-skifahren-snowboarden-und-wandern\/","name":"OCERA Kinder Thermo Kniestr\u00fcmpfe, 4 Paar Winterstr\u00fcmpfe f\u00fcr M\u00e4dchen und Jungen, mit Innenfrottee und Atmungsaktiver\u2026 - Markt-XXL","isPartOf":{"@id":"https:\/\/marktxxl.de\/markt\/#website"},"primaryImageOfPage":{"@id":"https:\/\/marktxxl.de\/markt\/produkt\/ocera-kinder-thermo-kniestruempfe-4-paar-winterstruempfe-fuer-maedchen-und-jungen-mit-innenfrottee-und-atmungsaktiver-baumwolole-fuer-skifahren-snowboarden-und-wandern\/#primaryimage"},"image":{"@id":"https:\/\/marktxxl.de\/markt\/produkt\/ocera-kinder-thermo-kniestruempfe-4-paar-winterstruempfe-fuer-maedchen-und-jungen-mit-innenfrottee-und-atmungsaktiver-baumwolole-fuer-skifahren-snowboarden-und-wandern\/#primaryimage"},"thumbnailUrl":"https:\/\/m.media-amazon.com\/images\/I\/41OT3r+t0XL._SL500_.jpg","datePublished":"2023-03-11T04:28:22+00:00","dateModified":"2023-04-09T03:13:20+00:00","description":"Markt-XXL OCERA Kinder Thermo Kniestr\u00fcmpfe, 4 Paar Winterstr\u00fcmpfe f\u00fcr M\u00e4dchen und Jungen, mit Innenfrottee und Atmungsaktiver\u2026","breadcrumb":{"@id":"https:\/\/marktxxl.de\/markt\/produkt\/ocera-kinder-thermo-kniestruempfe-4-paar-winterstruempfe-fuer-maedchen-und-jungen-mit-innenfrottee-und-atmungsaktiver-baumwolole-fuer-skifahren-snowboarden-und-wandern\/#breadcrumb"},"inLanguage":"de","potentialAction":[{"@type":"ReadAction","target":["https:\/\/marktxxl.de\/markt\/produkt\/ocera-kinder-thermo-kniestruempfe-4-paar-winterstruempfe-fuer-maedchen-und-jungen-mit-innenfrottee-und-atmungsaktiver-baumwolole-fuer-skifahren-snowboarden-und-wandern\/"]}]},{"@type":"ImageObject","inLanguage":"de","@id":"https:\/\/marktxxl.de\/markt\/produkt\/ocera-kinder-thermo-kniestruempfe-4-paar-winterstruempfe-fuer-maedchen-und-jungen-mit-innenfrottee-und-atmungsaktiver-baumwolole-fuer-skifahren-snowboarden-und-wandern\/#primaryimage","url":"https:\/\/m.media-amazon.com\/images\/I\/41OT3r+t0XL._SL500_.jpg","contentUrl":"https:\/\/m.media-amazon.com\/images\/I\/41OT3r+t0XL._SL500_.jpg","width":400,"height":500},{"@type":"BreadcrumbList","@id":"https:\/\/marktxxl.de\/markt\/produkt\/ocera-kinder-thermo-kniestruempfe-4-paar-winterstruempfe-fuer-maedchen-und-jungen-mit-innenfrottee-und-atmungsaktiver-baumwolole-fuer-skifahren-snowboarden-und-wandern\/#breadcrumb","itemListElement":[{"@type":"ListItem","position":1,"name":"Startseite","item":"https:\/\/marktxxl.de\/markt\/"},{"@type":"ListItem","position":2,"name":"Markt","item":"https:\/\/marktxxl.de\/markt\/"},{"@type":"ListItem","position":3,"name":"OCERA Kinder Thermo Kniestr\u00fcmpfe, 4 Paar Winterstr\u00fcmpfe f\u00fcr M\u00e4dchen und Jungen, mit Innenfrottee und Atmungsaktiver\u2026"}]},{"@type":"WebSite","@id":"https:\/\/marktxxl.de\/markt\/#website","url":"https:\/\/marktxxl.de\/markt\/","name":"Markt-XXL","description":"Ihr Markt Online","publisher":{"@id":"https:\/\/marktxxl.de\/markt\/#organization"},"potentialAction":[{"@type":"SearchAction","target":{"@type":"EntryPoint","urlTemplate":"https:\/\/marktxxl.de\/markt\/?s={search_term_string}"},"query-input":{"@type":"PropertyValueSpecification","valueRequired":true,"valueName":"search_term_string"}}],"inLanguage":"de"},{"@type":"Organization","@id":"https:\/\/marktxxl.de\/markt\/#organization","name":"Markt-XXL","url":"https:\/\/marktxxl.de\/markt\/","logo":{"@type":"ImageObject","inLanguage":"de","@id":"https:\/\/marktxxl.de\/markt\/#\/schema\/logo\/image\/","url":"https:\/\/marktxxl.de\/markt\/wp-content\/uploads\/sites\/3\/2020\/12\/logo.png","contentUrl":"https:\/\/marktxxl.de\/markt\/wp-content\/uploads\/sites\/3\/2020\/12\/logo.png","width":200,"height":70,"caption":"Markt-XXL"},"image":{"@id":"https:\/\/marktxxl.de\/markt\/#\/schema\/logo\/image\/"}}]}},"_links":{"self":[{"href":"https:\/\/marktxxl.de\/markt\/wp-json\/wp\/v2\/product\/193507","targetHints":{"allow":["GET"]}}],"collection":[{"href":"https:\/\/marktxxl.de\/markt\/wp-json\/wp\/v2\/product"}],"about":[{"href":"https:\/\/marktxxl.de\/markt\/wp-json\/wp\/v2\/types\/product"}],"replies":[{"embeddable":true,"href":"https:\/\/marktxxl.de\/markt\/wp-json\/wp\/v2\/comments?post=193507"}],"wp:featuredmedia":[{"embeddable":true,"href":"https:\/\/marktxxl.de\/markt\/wp-json\/wp\/v2\/media\/193508"}],"wp:attachment":[{"href":"https:\/\/marktxxl.de\/markt\/wp-json\/wp\/v2\/media?parent=193507"}],"wp:term":[{"taxonomy":"product_brand","embeddable":true,"href":"https:\/\/marktxxl.de\/markt\/wp-json\/wp\/v2\/product_brand?post=193507"},{"taxonomy":"product_cat","embeddable":true,"href":"https:\/\/marktxxl.de\/markt\/wp-json\/wp\/v2\/product_cat?post=193507"},{"taxonomy":"product_tag","embeddable":true,"href":"https:\/\/marktxxl.de\/markt\/wp-json\/wp\/v2\/product_tag?post=193507"}],"curies":[{"name":"wp","href":"https:\/\/api.w.org\/{rel}","templated":true}]}}