{"id":193457,"date":"2023-03-11T05:25:36","date_gmt":"2023-03-11T04:25:36","guid":{"rendered":"https:\/\/marktxxl.de\/markt\/produkt\/euterpflege-spezial-i-2x200-ml-i-feuchtigkeitscreme-fuer-raue-strapazierte-haut-i-sanfte-pflegecreme-fuer-trockene-haende-und-beanspruchte-haut-i-ohne-parfum\/"},"modified":"2023-04-09T05:13:19","modified_gmt":"2023-04-09T03:13:19","slug":"euterpflege-spezial-i-2x200-ml-i-feuchtigkeitscreme-fuer-raue-strapazierte-haut-i-sanfte-pflegecreme-fuer-trockene-haende-und-beanspruchte-haut-i-ohne-parfum","status":"publish","type":"product","link":"https:\/\/marktxxl.de\/markt\/produkt\/euterpflege-spezial-i-2x200-ml-i-feuchtigkeitscreme-fuer-raue-strapazierte-haut-i-sanfte-pflegecreme-fuer-trockene-haende-und-beanspruchte-haut-i-ohne-parfum\/","title":{"rendered":"EUTERPFLEGE spezial I 2&#215;200 ml I Feuchtigkeitscreme f\u00fcr raue, strapazierte Haut I Sanfte Pflegecreme f\u00fcr trockene H\u00e4nde\u2026"},"content":{"rendered":"<p>UMWELT- &amp; HAUTFREUNDLICH: HAKA steht f\u00fcr umweltfreundliche und hautfreundliche Produkte. Die au\u00dfergew\u00f6hnliche Hautvertr\u00e4glichkeit des parf\u00fcmfreien HAKA Traditionsproduktes ist dermatologisch mit ,,sehr gut&#8217; best\u00e4tigt.<br \/>\nHAUTPFLEGE: Mit der Feuchtigkeitscreme erhalten Sie eine sanfte Pflege f\u00fcr strapazierte Haut. Die vielseitig einsetzbare Creme ist parf\u00fcmfrei und ist auch f\u00fcr Allergiker, empfindliche Haut und Neurodermitis geeignet.<br \/>\nVERWENDUNG: Die Creme kann sowohl als Handcreme als auch als K\u00f6rpercreme genutzt werden und ist f\u00fcr Frauen, M\u00e4nner und Kinder geeignet. Durch hautberuhigende Inhaltsstoffe kann die Hautcreme bedenkenlos auf irritierter Haut aufgetragen werden.<br \/>\nANWENDUNGSGEBIETE: Die Pflegecreme pflegt raue und rissige Haut an Ellenbogen, Knien, F\u00fc\u00dfen und strapazierte und trockene H\u00e4nde herrlich zart und geschmeidig.<br \/>\nTIPS &amp; TRICKS: Nutzen Sie unsere Euterpflege f\u00fcr die Narbenpflege, bei rauen Fersen, als Lippenpflege oder Haarpflege oder auch zur Pflege der Hundepfoten und vieles mehr!<br \/>\n<div class=\"main-cross-sell\" data-asin=\"B016A7L8UW\">\n\n\t<div class=\"WooZone-cross-sell-loader\">\n\t\t<div>\n\t\t\t<div id=\"floatingBarsG\">\n\t\t\t\t<div class=\"blockG\" id=\"rotateG_01\"><\/div>\n\t\t\t\t<div class=\"blockG\" id=\"rotateG_02\"><\/div>\n\t\t\t\t<div class=\"blockG\" id=\"rotateG_03\"><\/div>\n\t\t\t\t<div class=\"blockG\" id=\"rotateG_04\"><\/div>\n\t\t\t\t<div class=\"blockG\" id=\"rotateG_05\"><\/div>\n\t\t\t\t<div class=\"blockG\" id=\"rotateG_06\"><\/div>\n\t\t\t\t<div class=\"blockG\" id=\"rotateG_07\"><\/div>\n\t\t\t\t<div class=\"blockG\" id=\"rotateG_08\"><\/div>\n\t\t\t<\/div>\n\t\t\t<div class=\"WooZone-cross-sell-loader-text\"><\/div>\n\t\t<\/div>\n\t<\/div>\n\n\t\t\n<\/div>\n<div style=\"clear:both;\"><\/div><\/p>\n","protected":false},"excerpt":{"rendered":"<p>UMWELT- &amp; HAUTFREUNDLICH: HAKA steht f\u00fcr umweltfreundliche und hautfreundliche Produkte. Die au\u00dfergew\u00f6hnliche Hautvertr\u00e4glichkeit des parf\u00fcmfreien HAKA Traditionsproduktes ist dermatologisch mit ,,sehr gut&#8217; best\u00e4tigt.<br \/>\nHAUTPFLEGE: Mit der Feuchtigkeitscreme erhalten Sie eine sanfte Pflege f\u00fcr strapazierte Haut. Die vielseitig einsetzbare Creme ist parf\u00fcmfrei und ist auch f\u00fcr Allergiker, empfindliche Haut und Neurodermitis geeignet.<br \/>\nVERWENDUNG: Die Creme kann sowohl als Handcreme als auch als K\u00f6rpercreme genutzt werden und ist f\u00fcr Frauen, M\u00e4nner und Kinder geeignet. Durch hautberuhigende Inhaltsstoffe kann die Hautcreme bedenkenlos auf irritierter Haut aufgetragen werden.<\/p>\n","protected":false},"featured_media":193458,"comment_status":"open","ping_status":"closed","template":"","meta":[],"product_brand":[],"product_cat":[2858],"product_tag":[],"class_list":{"0":"post-193457","1":"product","2":"type-product","3":"status-publish","4":"has-post-thumbnail","6":"product_cat-beauty","7":"pa_binding-haushaltswaren","8":"pa_brand-haka","9":"pa_color-1pack-0053","10":"pa_manufacturer-haka-kunz-gmbh","11":"pa_model-80g","12":"pa_size-200-ml-2er-pack","14":"first","15":"instock","16":"shipping-taxable","17":"purchasable","18":"product-type-simple","19":"customify-col","20":"product-has-gallery"},"yoast_head":"<!-- This site is optimized with the Yoast SEO plugin v27.4 - https:\/\/yoast.com\/product\/yoast-seo-wordpress\/ -->\n<title>EUTERPFLEGE spezial I 2x200 ml I Feuchtigkeitscreme f\u00fcr raue, strapazierte Haut I Sanfte Pflegecreme f\u00fcr trockene H\u00e4nde\u2026 - Markt-XXL<\/title>\n<meta name=\"description\" content=\"Markt-XXL EUTERPFLEGE spezial I 2x200 ml I Feuchtigkeitscreme f\u00fcr raue, strapazierte Haut I Sanfte Pflegecreme f\u00fcr trockene H\u00e4nde\u2026\" \/>\n<meta name=\"robots\" content=\"index, follow, max-snippet:-1, max-image-preview:large, max-video-preview:-1\" \/>\n<link rel=\"canonical\" href=\"https:\/\/marktxxl.de\/markt\/produkt\/euterpflege-spezial-i-2x200-ml-i-feuchtigkeitscreme-fuer-raue-strapazierte-haut-i-sanfte-pflegecreme-fuer-trockene-haende-und-beanspruchte-haut-i-ohne-parfum\/\" \/>\n<meta property=\"og:locale\" content=\"de_DE\" \/>\n<meta property=\"og:type\" content=\"article\" \/>\n<meta property=\"og:title\" content=\"EUTERPFLEGE spezial I 2x200 ml I Feuchtigkeitscreme f\u00fcr raue, strapazierte Haut I Sanfte Pflegecreme f\u00fcr trockene H\u00e4nde\u2026 - Markt-XXL\" \/>\n<meta property=\"og:description\" content=\"Markt-XXL EUTERPFLEGE spezial I 2x200 ml I Feuchtigkeitscreme f\u00fcr raue, strapazierte Haut I Sanfte Pflegecreme f\u00fcr trockene H\u00e4nde\u2026\" \/>\n<meta property=\"og:url\" content=\"https:\/\/marktxxl.de\/markt\/produkt\/euterpflege-spezial-i-2x200-ml-i-feuchtigkeitscreme-fuer-raue-strapazierte-haut-i-sanfte-pflegecreme-fuer-trockene-haende-und-beanspruchte-haut-i-ohne-parfum\/\" \/>\n<meta property=\"og:site_name\" content=\"Markt-XXL\" \/>\n<meta property=\"article:modified_time\" content=\"2023-04-09T03:13:19+00:00\" \/>\n<meta property=\"og:image\" content=\"https:\/\/m.media-amazon.com\/images\/I\/416kpRDD5kS._SL500_.jpg\" \/>\n\t<meta property=\"og:image:width\" content=\"500\" \/>\n\t<meta property=\"og:image:height\" content=\"500\" \/>\n\t<meta property=\"og:image:type\" content=\"image\/jpeg\" \/>\n<meta name=\"twitter:card\" content=\"summary_large_image\" \/>\n<meta name=\"twitter:label1\" content=\"Gesch\u00e4tzte Lesezeit\" \/>\n\t<meta name=\"twitter:data1\" content=\"1\u00a0Minute\" \/>\n<script type=\"application\/ld+json\" class=\"yoast-schema-graph\">{\"@context\":\"https:\\\/\\\/schema.org\",\"@graph\":[{\"@type\":\"WebPage\",\"@id\":\"https:\\\/\\\/marktxxl.de\\\/markt\\\/produkt\\\/euterpflege-spezial-i-2x200-ml-i-feuchtigkeitscreme-fuer-raue-strapazierte-haut-i-sanfte-pflegecreme-fuer-trockene-haende-und-beanspruchte-haut-i-ohne-parfum\\\/\",\"url\":\"https:\\\/\\\/marktxxl.de\\\/markt\\\/produkt\\\/euterpflege-spezial-i-2x200-ml-i-feuchtigkeitscreme-fuer-raue-strapazierte-haut-i-sanfte-pflegecreme-fuer-trockene-haende-und-beanspruchte-haut-i-ohne-parfum\\\/\",\"name\":\"EUTERPFLEGE spezial I 2x200 ml I Feuchtigkeitscreme f\u00fcr raue, strapazierte Haut I Sanfte Pflegecreme f\u00fcr trockene H\u00e4nde\u2026 - Markt-XXL\",\"isPartOf\":{\"@id\":\"https:\\\/\\\/marktxxl.de\\\/markt\\\/#website\"},\"primaryImageOfPage\":{\"@id\":\"https:\\\/\\\/marktxxl.de\\\/markt\\\/produkt\\\/euterpflege-spezial-i-2x200-ml-i-feuchtigkeitscreme-fuer-raue-strapazierte-haut-i-sanfte-pflegecreme-fuer-trockene-haende-und-beanspruchte-haut-i-ohne-parfum\\\/#primaryimage\"},\"image\":{\"@id\":\"https:\\\/\\\/marktxxl.de\\\/markt\\\/produkt\\\/euterpflege-spezial-i-2x200-ml-i-feuchtigkeitscreme-fuer-raue-strapazierte-haut-i-sanfte-pflegecreme-fuer-trockene-haende-und-beanspruchte-haut-i-ohne-parfum\\\/#primaryimage\"},\"thumbnailUrl\":\"https:\\\/\\\/m.media-amazon.com\\\/images\\\/I\\\/416kpRDD5kS._SL500_.jpg\",\"datePublished\":\"2023-03-11T04:25:36+00:00\",\"dateModified\":\"2023-04-09T03:13:19+00:00\",\"description\":\"Markt-XXL EUTERPFLEGE spezial I 2x200 ml I Feuchtigkeitscreme f\u00fcr raue, strapazierte Haut I Sanfte Pflegecreme f\u00fcr trockene H\u00e4nde\u2026\",\"breadcrumb\":{\"@id\":\"https:\\\/\\\/marktxxl.de\\\/markt\\\/produkt\\\/euterpflege-spezial-i-2x200-ml-i-feuchtigkeitscreme-fuer-raue-strapazierte-haut-i-sanfte-pflegecreme-fuer-trockene-haende-und-beanspruchte-haut-i-ohne-parfum\\\/#breadcrumb\"},\"inLanguage\":\"de\",\"potentialAction\":[{\"@type\":\"ReadAction\",\"target\":[\"https:\\\/\\\/marktxxl.de\\\/markt\\\/produkt\\\/euterpflege-spezial-i-2x200-ml-i-feuchtigkeitscreme-fuer-raue-strapazierte-haut-i-sanfte-pflegecreme-fuer-trockene-haende-und-beanspruchte-haut-i-ohne-parfum\\\/\"]}]},{\"@type\":\"ImageObject\",\"inLanguage\":\"de\",\"@id\":\"https:\\\/\\\/marktxxl.de\\\/markt\\\/produkt\\\/euterpflege-spezial-i-2x200-ml-i-feuchtigkeitscreme-fuer-raue-strapazierte-haut-i-sanfte-pflegecreme-fuer-trockene-haende-und-beanspruchte-haut-i-ohne-parfum\\\/#primaryimage\",\"url\":\"https:\\\/\\\/m.media-amazon.com\\\/images\\\/I\\\/416kpRDD5kS._SL500_.jpg\",\"contentUrl\":\"https:\\\/\\\/m.media-amazon.com\\\/images\\\/I\\\/416kpRDD5kS._SL500_.jpg\",\"width\":500,\"height\":500},{\"@type\":\"BreadcrumbList\",\"@id\":\"https:\\\/\\\/marktxxl.de\\\/markt\\\/produkt\\\/euterpflege-spezial-i-2x200-ml-i-feuchtigkeitscreme-fuer-raue-strapazierte-haut-i-sanfte-pflegecreme-fuer-trockene-haende-und-beanspruchte-haut-i-ohne-parfum\\\/#breadcrumb\",\"itemListElement\":[{\"@type\":\"ListItem\",\"position\":1,\"name\":\"Startseite\",\"item\":\"https:\\\/\\\/marktxxl.de\\\/markt\\\/\"},{\"@type\":\"ListItem\",\"position\":2,\"name\":\"Markt\",\"item\":\"https:\\\/\\\/marktxxl.de\\\/markt\\\/\"},{\"@type\":\"ListItem\",\"position\":3,\"name\":\"EUTERPFLEGE spezial I 2&#215;200 ml I Feuchtigkeitscreme f\u00fcr raue, strapazierte Haut I Sanfte Pflegecreme f\u00fcr trockene H\u00e4nde\u2026\"}]},{\"@type\":\"WebSite\",\"@id\":\"https:\\\/\\\/marktxxl.de\\\/markt\\\/#website\",\"url\":\"https:\\\/\\\/marktxxl.de\\\/markt\\\/\",\"name\":\"Markt-XXL\",\"description\":\"Ihr Markt Online\",\"publisher\":{\"@id\":\"https:\\\/\\\/marktxxl.de\\\/markt\\\/#organization\"},\"potentialAction\":[{\"@type\":\"SearchAction\",\"target\":{\"@type\":\"EntryPoint\",\"urlTemplate\":\"https:\\\/\\\/marktxxl.de\\\/markt\\\/?s={search_term_string}\"},\"query-input\":{\"@type\":\"PropertyValueSpecification\",\"valueRequired\":true,\"valueName\":\"search_term_string\"}}],\"inLanguage\":\"de\"},{\"@type\":\"Organization\",\"@id\":\"https:\\\/\\\/marktxxl.de\\\/markt\\\/#organization\",\"name\":\"Markt-XXL\",\"url\":\"https:\\\/\\\/marktxxl.de\\\/markt\\\/\",\"logo\":{\"@type\":\"ImageObject\",\"inLanguage\":\"de\",\"@id\":\"https:\\\/\\\/marktxxl.de\\\/markt\\\/#\\\/schema\\\/logo\\\/image\\\/\",\"url\":\"https:\\\/\\\/marktxxl.de\\\/markt\\\/wp-content\\\/uploads\\\/sites\\\/3\\\/2020\\\/12\\\/logo.png\",\"contentUrl\":\"https:\\\/\\\/marktxxl.de\\\/markt\\\/wp-content\\\/uploads\\\/sites\\\/3\\\/2020\\\/12\\\/logo.png\",\"width\":200,\"height\":70,\"caption\":\"Markt-XXL\"},\"image\":{\"@id\":\"https:\\\/\\\/marktxxl.de\\\/markt\\\/#\\\/schema\\\/logo\\\/image\\\/\"}}]}<\/script>\n<!-- \/ Yoast SEO plugin. -->","yoast_head_json":{"title":"EUTERPFLEGE spezial I 2x200 ml I Feuchtigkeitscreme f\u00fcr raue, strapazierte Haut I Sanfte Pflegecreme f\u00fcr trockene H\u00e4nde\u2026 - Markt-XXL","description":"Markt-XXL EUTERPFLEGE spezial I 2x200 ml I Feuchtigkeitscreme f\u00fcr raue, strapazierte Haut I Sanfte Pflegecreme f\u00fcr trockene H\u00e4nde\u2026","robots":{"index":"index","follow":"follow","max-snippet":"max-snippet:-1","max-image-preview":"max-image-preview:large","max-video-preview":"max-video-preview:-1"},"canonical":"https:\/\/marktxxl.de\/markt\/produkt\/euterpflege-spezial-i-2x200-ml-i-feuchtigkeitscreme-fuer-raue-strapazierte-haut-i-sanfte-pflegecreme-fuer-trockene-haende-und-beanspruchte-haut-i-ohne-parfum\/","og_locale":"de_DE","og_type":"article","og_title":"EUTERPFLEGE spezial I 2x200 ml I Feuchtigkeitscreme f\u00fcr raue, strapazierte Haut I Sanfte Pflegecreme f\u00fcr trockene H\u00e4nde\u2026 - Markt-XXL","og_description":"Markt-XXL EUTERPFLEGE spezial I 2x200 ml I Feuchtigkeitscreme f\u00fcr raue, strapazierte Haut I Sanfte Pflegecreme f\u00fcr trockene H\u00e4nde\u2026","og_url":"https:\/\/marktxxl.de\/markt\/produkt\/euterpflege-spezial-i-2x200-ml-i-feuchtigkeitscreme-fuer-raue-strapazierte-haut-i-sanfte-pflegecreme-fuer-trockene-haende-und-beanspruchte-haut-i-ohne-parfum\/","og_site_name":"Markt-XXL","article_modified_time":"2023-04-09T03:13:19+00:00","og_image":[{"width":500,"height":500,"url":"https:\/\/m.media-amazon.com\/images\/I\/416kpRDD5kS._SL500_.jpg","type":"image\/jpeg"}],"twitter_card":"summary_large_image","twitter_misc":{"Gesch\u00e4tzte Lesezeit":"1\u00a0Minute"},"schema":{"@context":"https:\/\/schema.org","@graph":[{"@type":"WebPage","@id":"https:\/\/marktxxl.de\/markt\/produkt\/euterpflege-spezial-i-2x200-ml-i-feuchtigkeitscreme-fuer-raue-strapazierte-haut-i-sanfte-pflegecreme-fuer-trockene-haende-und-beanspruchte-haut-i-ohne-parfum\/","url":"https:\/\/marktxxl.de\/markt\/produkt\/euterpflege-spezial-i-2x200-ml-i-feuchtigkeitscreme-fuer-raue-strapazierte-haut-i-sanfte-pflegecreme-fuer-trockene-haende-und-beanspruchte-haut-i-ohne-parfum\/","name":"EUTERPFLEGE spezial I 2x200 ml I Feuchtigkeitscreme f\u00fcr raue, strapazierte Haut I Sanfte Pflegecreme f\u00fcr trockene H\u00e4nde\u2026 - Markt-XXL","isPartOf":{"@id":"https:\/\/marktxxl.de\/markt\/#website"},"primaryImageOfPage":{"@id":"https:\/\/marktxxl.de\/markt\/produkt\/euterpflege-spezial-i-2x200-ml-i-feuchtigkeitscreme-fuer-raue-strapazierte-haut-i-sanfte-pflegecreme-fuer-trockene-haende-und-beanspruchte-haut-i-ohne-parfum\/#primaryimage"},"image":{"@id":"https:\/\/marktxxl.de\/markt\/produkt\/euterpflege-spezial-i-2x200-ml-i-feuchtigkeitscreme-fuer-raue-strapazierte-haut-i-sanfte-pflegecreme-fuer-trockene-haende-und-beanspruchte-haut-i-ohne-parfum\/#primaryimage"},"thumbnailUrl":"https:\/\/m.media-amazon.com\/images\/I\/416kpRDD5kS._SL500_.jpg","datePublished":"2023-03-11T04:25:36+00:00","dateModified":"2023-04-09T03:13:19+00:00","description":"Markt-XXL EUTERPFLEGE spezial I 2x200 ml I Feuchtigkeitscreme f\u00fcr raue, strapazierte Haut I Sanfte Pflegecreme f\u00fcr trockene H\u00e4nde\u2026","breadcrumb":{"@id":"https:\/\/marktxxl.de\/markt\/produkt\/euterpflege-spezial-i-2x200-ml-i-feuchtigkeitscreme-fuer-raue-strapazierte-haut-i-sanfte-pflegecreme-fuer-trockene-haende-und-beanspruchte-haut-i-ohne-parfum\/#breadcrumb"},"inLanguage":"de","potentialAction":[{"@type":"ReadAction","target":["https:\/\/marktxxl.de\/markt\/produkt\/euterpflege-spezial-i-2x200-ml-i-feuchtigkeitscreme-fuer-raue-strapazierte-haut-i-sanfte-pflegecreme-fuer-trockene-haende-und-beanspruchte-haut-i-ohne-parfum\/"]}]},{"@type":"ImageObject","inLanguage":"de","@id":"https:\/\/marktxxl.de\/markt\/produkt\/euterpflege-spezial-i-2x200-ml-i-feuchtigkeitscreme-fuer-raue-strapazierte-haut-i-sanfte-pflegecreme-fuer-trockene-haende-und-beanspruchte-haut-i-ohne-parfum\/#primaryimage","url":"https:\/\/m.media-amazon.com\/images\/I\/416kpRDD5kS._SL500_.jpg","contentUrl":"https:\/\/m.media-amazon.com\/images\/I\/416kpRDD5kS._SL500_.jpg","width":500,"height":500},{"@type":"BreadcrumbList","@id":"https:\/\/marktxxl.de\/markt\/produkt\/euterpflege-spezial-i-2x200-ml-i-feuchtigkeitscreme-fuer-raue-strapazierte-haut-i-sanfte-pflegecreme-fuer-trockene-haende-und-beanspruchte-haut-i-ohne-parfum\/#breadcrumb","itemListElement":[{"@type":"ListItem","position":1,"name":"Startseite","item":"https:\/\/marktxxl.de\/markt\/"},{"@type":"ListItem","position":2,"name":"Markt","item":"https:\/\/marktxxl.de\/markt\/"},{"@type":"ListItem","position":3,"name":"EUTERPFLEGE spezial I 2&#215;200 ml I Feuchtigkeitscreme f\u00fcr raue, strapazierte Haut I Sanfte Pflegecreme f\u00fcr trockene H\u00e4nde\u2026"}]},{"@type":"WebSite","@id":"https:\/\/marktxxl.de\/markt\/#website","url":"https:\/\/marktxxl.de\/markt\/","name":"Markt-XXL","description":"Ihr Markt Online","publisher":{"@id":"https:\/\/marktxxl.de\/markt\/#organization"},"potentialAction":[{"@type":"SearchAction","target":{"@type":"EntryPoint","urlTemplate":"https:\/\/marktxxl.de\/markt\/?s={search_term_string}"},"query-input":{"@type":"PropertyValueSpecification","valueRequired":true,"valueName":"search_term_string"}}],"inLanguage":"de"},{"@type":"Organization","@id":"https:\/\/marktxxl.de\/markt\/#organization","name":"Markt-XXL","url":"https:\/\/marktxxl.de\/markt\/","logo":{"@type":"ImageObject","inLanguage":"de","@id":"https:\/\/marktxxl.de\/markt\/#\/schema\/logo\/image\/","url":"https:\/\/marktxxl.de\/markt\/wp-content\/uploads\/sites\/3\/2020\/12\/logo.png","contentUrl":"https:\/\/marktxxl.de\/markt\/wp-content\/uploads\/sites\/3\/2020\/12\/logo.png","width":200,"height":70,"caption":"Markt-XXL"},"image":{"@id":"https:\/\/marktxxl.de\/markt\/#\/schema\/logo\/image\/"}}]}},"_links":{"self":[{"href":"https:\/\/marktxxl.de\/markt\/wp-json\/wp\/v2\/product\/193457","targetHints":{"allow":["GET"]}}],"collection":[{"href":"https:\/\/marktxxl.de\/markt\/wp-json\/wp\/v2\/product"}],"about":[{"href":"https:\/\/marktxxl.de\/markt\/wp-json\/wp\/v2\/types\/product"}],"replies":[{"embeddable":true,"href":"https:\/\/marktxxl.de\/markt\/wp-json\/wp\/v2\/comments?post=193457"}],"wp:featuredmedia":[{"embeddable":true,"href":"https:\/\/marktxxl.de\/markt\/wp-json\/wp\/v2\/media\/193458"}],"wp:attachment":[{"href":"https:\/\/marktxxl.de\/markt\/wp-json\/wp\/v2\/media?parent=193457"}],"wp:term":[{"taxonomy":"product_brand","embeddable":true,"href":"https:\/\/marktxxl.de\/markt\/wp-json\/wp\/v2\/product_brand?post=193457"},{"taxonomy":"product_cat","embeddable":true,"href":"https:\/\/marktxxl.de\/markt\/wp-json\/wp\/v2\/product_cat?post=193457"},{"taxonomy":"product_tag","embeddable":true,"href":"https:\/\/marktxxl.de\/markt\/wp-json\/wp\/v2\/product_tag?post=193457"}],"curies":[{"name":"wp","href":"https:\/\/api.w.org\/{rel}","templated":true}]}}