{"id":193443,"date":"2023-03-11T05:25:20","date_gmt":"2023-03-11T04:25:20","guid":{"rendered":"https:\/\/marktxxl.de\/markt\/produkt\/einfuehrungangebot-bio-rizinusoel-100-rein-kaltgepresst-mascara-eyeliner-kit-fuer-wimpern-augenbrauen-haare-haut-made-in-germany\/"},"modified":"2023-04-09T05:13:19","modified_gmt":"2023-04-09T03:13:19","slug":"einfuehrungangebot-bio-rizinusoel-100-rein-kaltgepresst-mascara-eyeliner-kit-fuer-wimpern-augenbrauen-haare-haut-made-in-germany","status":"publish","type":"product","link":"https:\/\/marktxxl.de\/markt\/produkt\/einfuehrungangebot-bio-rizinusoel-100-rein-kaltgepresst-mascara-eyeliner-kit-fuer-wimpern-augenbrauen-haare-haut-made-in-germany\/","title":{"rendered":"EINF\u00dcHRUNGSANGEBOT &#8211; 100% BIO RIZINUS\u00d6L Kaltgepresst &amp; Rein | Haare Wimpern Haut &amp; Augenbrauen | + Eyeliner | Made in\u2026"},"content":{"rendered":"<p>\u2705 F\u00d6RDERT HAARWACHSTUM: Rizinus\u00f6l f\u00f6rdert das Wachstum von Wimpern, Augenbrauen &amp; Kopfhaar durch einen sehr hohen Anteil an Ricinols\u00e4ure ( 92%). Das Ergebnis sind lange, kr\u00e4ftige &amp; volumin\u00f6se Wimpern &amp; Augenbrauen. Zudem erm\u00f6glicht das mitgelieferte MASCARA &amp; EYELINER KIT ein genaues und sparsames auftragen auf Wimpern &amp; Augenbrauen.<br \/>\n\u2705 ANTI-AGING PFLEGE: Rizinus\u00f6l ist nicht nur gut f\u00fcr das Haarwachstum, sondern auch zur Anti-Aging Pflege. Es spendet auf nat\u00fcrliche Weise reichlich Feuchtigkeit, da Ricinols\u00e4ure ( 92%) gut von der Haut aufgenommen werden kann. Zudem enth\u00e4lt Rizinus\u00f6l einen hohen Anteil an Vitamin E, welches vor freien Radikalen sch\u00fctzt. Die enthaltene Linols\u00e4ure sorgt zus\u00e4tzlich f\u00fcr eine gute hydration der Haut.<br \/>\n\u2705 BIO &#8211; VEGAN &#8211; OHNE TIERVERSUCHE \u2013 Unsere Bio Rizinussamen wurden zu 100% BIOLOGISCH angebaut. Zudem ist unser Rizinus\u00f6l nicht nur VEGAN und FREI VON TIERVERSUCHEN, sondern auch FREI von ALKOHOl, FREI von KONSERVIERUNGSSTOFFEN, FREI von DUFTSTOFFEN, FREI von MICROPLASTIK und FREI von PARABENEN<br \/>\n\u2705 UMWELTFREUNDLICH &#8211; Wir verwenden weitestgehend RECYCELBARE BRAUNGLASFLASCHEN &#8211; NACHHALTIGE VERPACKUNGSMATERIALIEN (FSC Zertifiziert) &#8211; VERMEIDEN BEIPACKZETTEL<br \/>\n\u2705 100% SOENA NATURALS ZUFRIEDENHEITSVERSPRECHEN \u2013 Da wir von unseren Produkten so \u00fcberzeugt sind, f\u00e4llt es uns nicht schwer Ihnen zu garantieren den vollen Kaufpreis zur\u00fcck zu erstatten, falls Sie unerwartet nicht zufrieden sein sollten.<br \/>\n<div class=\"main-cross-sell\" data-asin=\"B0BQWZBZTK\">\n\n\t<div class=\"WooZone-cross-sell-loader\">\n\t\t<div>\n\t\t\t<div id=\"floatingBarsG\">\n\t\t\t\t<div class=\"blockG\" id=\"rotateG_01\"><\/div>\n\t\t\t\t<div class=\"blockG\" id=\"rotateG_02\"><\/div>\n\t\t\t\t<div class=\"blockG\" id=\"rotateG_03\"><\/div>\n\t\t\t\t<div class=\"blockG\" id=\"rotateG_04\"><\/div>\n\t\t\t\t<div class=\"blockG\" id=\"rotateG_05\"><\/div>\n\t\t\t\t<div class=\"blockG\" id=\"rotateG_06\"><\/div>\n\t\t\t\t<div class=\"blockG\" id=\"rotateG_07\"><\/div>\n\t\t\t\t<div class=\"blockG\" id=\"rotateG_08\"><\/div>\n\t\t\t<\/div>\n\t\t\t<div class=\"WooZone-cross-sell-loader-text\"><\/div>\n\t\t<\/div>\n\t<\/div>\n\n\t\t\n<\/div>\n<div style=\"clear:both;\"><\/div><\/p>\n","protected":false},"excerpt":{"rendered":"<p>\u2705 F\u00d6RDERT HAARWACHSTUM: Rizinus\u00f6l f\u00f6rdert das Wachstum von Wimpern, Augenbrauen &amp; Kopfhaar durch einen sehr hohen Anteil an Ricinols\u00e4ure ( 92%). Das Ergebnis sind lange, kr\u00e4ftige &amp; volumin\u00f6se Wimpern &amp; Augenbrauen. Zudem erm\u00f6glicht das mitgelieferte MASCARA &amp; EYELINER KIT ein genaues und sparsames auftragen auf Wimpern &amp; Augenbrauen.<br \/>\n\u2705 ANTI-AGING PFLEGE: Rizinus\u00f6l ist nicht nur gut f\u00fcr das Haarwachstum, sondern auch zur Anti-Aging Pflege. Es spendet auf nat\u00fcrliche Weise reichlich Feuchtigkeit, da Ricinols\u00e4ure ( 92%) gut von der Haut aufgenommen werden kann. Zudem enth\u00e4lt Rizinus\u00f6l einen hohen Anteil an Vitamin E, welches vor freien Radikalen sch\u00fctzt. Die enthaltene Linols\u00e4ure sorgt zus\u00e4tzlich f\u00fcr eine gute hydration der Haut.<br \/>\n\u2705 BIO &#8211; VEGAN &#8211; OHNE TIERVERSUCHE \u2013 Unsere Bio Rizinussamen wurden zu 100% BIOLOGISCH angebaut. Zudem ist unser Rizinus\u00f6l nicht nur VEGAN und FREI VON TIERVERSUCHEN, sondern auch FREI von ALKOHOl, FREI von KONSERVIERUNGSSTOFFEN, FREI von DUFTSTOFFEN, FREI von MICROPLASTIK und FREI von PARABENEN<\/p>\n","protected":false},"featured_media":193444,"comment_status":"open","ping_status":"closed","template":"","meta":[],"product_brand":[],"product_cat":[2858],"product_tag":[],"class_list":{"0":"post-193443","1":"product","2":"type-product","3":"status-publish","4":"has-post-thumbnail","6":"product_cat-beauty","7":"pa_brand-soena","8":"pa_languages-unbekannt-deutsch","9":"pa_manufacturer-soena","10":"pa_size-50-ml-1er-pack","12":"first","13":"instock","14":"shipping-taxable","15":"purchasable","16":"product-type-simple","17":"customify-col","18":"product-has-gallery"},"yoast_head":"<!-- This site is optimized with the Yoast SEO plugin v27.3 - https:\/\/yoast.com\/product\/yoast-seo-wordpress\/ -->\n<title>EINF\u00dcHRUNGSANGEBOT - 100% BIO RIZINUS\u00d6L Kaltgepresst &amp; Rein | Haare Wimpern Haut &amp; Augenbrauen | + Eyeliner | Made in\u2026 - Markt-XXL<\/title>\n<meta name=\"description\" content=\"Markt-XXL EINF\u00dcHRUNGSANGEBOT - 100% BIO RIZINUS\u00d6L Kaltgepresst &amp; Rein | Haare Wimpern Haut &amp; Augenbrauen | + Eyeliner | Made in\u2026\" \/>\n<meta name=\"robots\" content=\"index, follow, max-snippet:-1, max-image-preview:large, max-video-preview:-1\" \/>\n<link rel=\"canonical\" href=\"https:\/\/marktxxl.de\/markt\/produkt\/einfuehrungangebot-bio-rizinusoel-100-rein-kaltgepresst-mascara-eyeliner-kit-fuer-wimpern-augenbrauen-haare-haut-made-in-germany\/\" \/>\n<meta property=\"og:locale\" content=\"de_DE\" \/>\n<meta property=\"og:type\" content=\"article\" \/>\n<meta property=\"og:title\" content=\"EINF\u00dcHRUNGSANGEBOT - 100% BIO RIZINUS\u00d6L Kaltgepresst &amp; Rein | Haare Wimpern Haut &amp; Augenbrauen | + Eyeliner | Made in\u2026 - Markt-XXL\" \/>\n<meta property=\"og:description\" content=\"Markt-XXL EINF\u00dcHRUNGSANGEBOT - 100% BIO RIZINUS\u00d6L Kaltgepresst &amp; Rein | Haare Wimpern Haut &amp; Augenbrauen | + Eyeliner | Made in\u2026\" \/>\n<meta property=\"og:url\" content=\"https:\/\/marktxxl.de\/markt\/produkt\/einfuehrungangebot-bio-rizinusoel-100-rein-kaltgepresst-mascara-eyeliner-kit-fuer-wimpern-augenbrauen-haare-haut-made-in-germany\/\" \/>\n<meta property=\"og:site_name\" content=\"Markt-XXL\" \/>\n<meta property=\"article:modified_time\" content=\"2023-04-09T03:13:19+00:00\" \/>\n<meta property=\"og:image\" content=\"https:\/\/m.media-amazon.com\/images\/I\/51uvIlFjk9L._SL500_.jpg\" \/>\n\t<meta property=\"og:image:width\" content=\"472\" \/>\n\t<meta property=\"og:image:height\" content=\"500\" \/>\n\t<meta property=\"og:image:type\" content=\"image\/jpeg\" \/>\n<meta name=\"twitter:card\" content=\"summary_large_image\" \/>\n<meta name=\"twitter:label1\" content=\"Gesch\u00e4tzte Lesezeit\" \/>\n\t<meta name=\"twitter:data1\" content=\"1\u00a0Minute\" \/>\n<script type=\"application\/ld+json\" class=\"yoast-schema-graph\">{\"@context\":\"https:\\\/\\\/schema.org\",\"@graph\":[{\"@type\":\"WebPage\",\"@id\":\"https:\\\/\\\/marktxxl.de\\\/markt\\\/produkt\\\/einfuehrungangebot-bio-rizinusoel-100-rein-kaltgepresst-mascara-eyeliner-kit-fuer-wimpern-augenbrauen-haare-haut-made-in-germany\\\/\",\"url\":\"https:\\\/\\\/marktxxl.de\\\/markt\\\/produkt\\\/einfuehrungangebot-bio-rizinusoel-100-rein-kaltgepresst-mascara-eyeliner-kit-fuer-wimpern-augenbrauen-haare-haut-made-in-germany\\\/\",\"name\":\"EINF\u00dcHRUNGSANGEBOT - 100% BIO RIZINUS\u00d6L Kaltgepresst &amp; Rein | Haare Wimpern Haut &amp; Augenbrauen | + Eyeliner | Made in\u2026 - Markt-XXL\",\"isPartOf\":{\"@id\":\"https:\\\/\\\/marktxxl.de\\\/markt\\\/#website\"},\"primaryImageOfPage\":{\"@id\":\"https:\\\/\\\/marktxxl.de\\\/markt\\\/produkt\\\/einfuehrungangebot-bio-rizinusoel-100-rein-kaltgepresst-mascara-eyeliner-kit-fuer-wimpern-augenbrauen-haare-haut-made-in-germany\\\/#primaryimage\"},\"image\":{\"@id\":\"https:\\\/\\\/marktxxl.de\\\/markt\\\/produkt\\\/einfuehrungangebot-bio-rizinusoel-100-rein-kaltgepresst-mascara-eyeliner-kit-fuer-wimpern-augenbrauen-haare-haut-made-in-germany\\\/#primaryimage\"},\"thumbnailUrl\":\"https:\\\/\\\/m.media-amazon.com\\\/images\\\/I\\\/51uvIlFjk9L._SL500_.jpg\",\"datePublished\":\"2023-03-11T04:25:20+00:00\",\"dateModified\":\"2023-04-09T03:13:19+00:00\",\"description\":\"Markt-XXL EINF\u00dcHRUNGSANGEBOT - 100% BIO RIZINUS\u00d6L Kaltgepresst &amp; Rein | Haare Wimpern Haut &amp; Augenbrauen | + Eyeliner | Made in\u2026\",\"breadcrumb\":{\"@id\":\"https:\\\/\\\/marktxxl.de\\\/markt\\\/produkt\\\/einfuehrungangebot-bio-rizinusoel-100-rein-kaltgepresst-mascara-eyeliner-kit-fuer-wimpern-augenbrauen-haare-haut-made-in-germany\\\/#breadcrumb\"},\"inLanguage\":\"de\",\"potentialAction\":[{\"@type\":\"ReadAction\",\"target\":[\"https:\\\/\\\/marktxxl.de\\\/markt\\\/produkt\\\/einfuehrungangebot-bio-rizinusoel-100-rein-kaltgepresst-mascara-eyeliner-kit-fuer-wimpern-augenbrauen-haare-haut-made-in-germany\\\/\"]}]},{\"@type\":\"ImageObject\",\"inLanguage\":\"de\",\"@id\":\"https:\\\/\\\/marktxxl.de\\\/markt\\\/produkt\\\/einfuehrungangebot-bio-rizinusoel-100-rein-kaltgepresst-mascara-eyeliner-kit-fuer-wimpern-augenbrauen-haare-haut-made-in-germany\\\/#primaryimage\",\"url\":\"https:\\\/\\\/m.media-amazon.com\\\/images\\\/I\\\/51uvIlFjk9L._SL500_.jpg\",\"contentUrl\":\"https:\\\/\\\/m.media-amazon.com\\\/images\\\/I\\\/51uvIlFjk9L._SL500_.jpg\",\"width\":472,\"height\":500},{\"@type\":\"BreadcrumbList\",\"@id\":\"https:\\\/\\\/marktxxl.de\\\/markt\\\/produkt\\\/einfuehrungangebot-bio-rizinusoel-100-rein-kaltgepresst-mascara-eyeliner-kit-fuer-wimpern-augenbrauen-haare-haut-made-in-germany\\\/#breadcrumb\",\"itemListElement\":[{\"@type\":\"ListItem\",\"position\":1,\"name\":\"Startseite\",\"item\":\"https:\\\/\\\/marktxxl.de\\\/markt\\\/\"},{\"@type\":\"ListItem\",\"position\":2,\"name\":\"Markt\",\"item\":\"https:\\\/\\\/marktxxl.de\\\/markt\\\/\"},{\"@type\":\"ListItem\",\"position\":3,\"name\":\"EINF\u00dcHRUNGSANGEBOT &#8211; 100% BIO RIZINUS\u00d6L Kaltgepresst &amp; Rein | Haare Wimpern Haut &amp; Augenbrauen | + Eyeliner | Made in\u2026\"}]},{\"@type\":\"WebSite\",\"@id\":\"https:\\\/\\\/marktxxl.de\\\/markt\\\/#website\",\"url\":\"https:\\\/\\\/marktxxl.de\\\/markt\\\/\",\"name\":\"Markt-XXL\",\"description\":\"Ihr Markt Online\",\"publisher\":{\"@id\":\"https:\\\/\\\/marktxxl.de\\\/markt\\\/#organization\"},\"potentialAction\":[{\"@type\":\"SearchAction\",\"target\":{\"@type\":\"EntryPoint\",\"urlTemplate\":\"https:\\\/\\\/marktxxl.de\\\/markt\\\/?s={search_term_string}\"},\"query-input\":{\"@type\":\"PropertyValueSpecification\",\"valueRequired\":true,\"valueName\":\"search_term_string\"}}],\"inLanguage\":\"de\"},{\"@type\":\"Organization\",\"@id\":\"https:\\\/\\\/marktxxl.de\\\/markt\\\/#organization\",\"name\":\"Markt-XXL\",\"url\":\"https:\\\/\\\/marktxxl.de\\\/markt\\\/\",\"logo\":{\"@type\":\"ImageObject\",\"inLanguage\":\"de\",\"@id\":\"https:\\\/\\\/marktxxl.de\\\/markt\\\/#\\\/schema\\\/logo\\\/image\\\/\",\"url\":\"https:\\\/\\\/marktxxl.de\\\/markt\\\/wp-content\\\/uploads\\\/sites\\\/3\\\/2020\\\/12\\\/logo.png\",\"contentUrl\":\"https:\\\/\\\/marktxxl.de\\\/markt\\\/wp-content\\\/uploads\\\/sites\\\/3\\\/2020\\\/12\\\/logo.png\",\"width\":200,\"height\":70,\"caption\":\"Markt-XXL\"},\"image\":{\"@id\":\"https:\\\/\\\/marktxxl.de\\\/markt\\\/#\\\/schema\\\/logo\\\/image\\\/\"}}]}<\/script>\n<!-- \/ Yoast SEO plugin. -->","yoast_head_json":{"title":"EINF\u00dcHRUNGSANGEBOT - 100% BIO RIZINUS\u00d6L Kaltgepresst &amp; Rein | Haare Wimpern Haut &amp; Augenbrauen | + Eyeliner | Made in\u2026 - Markt-XXL","description":"Markt-XXL EINF\u00dcHRUNGSANGEBOT - 100% BIO RIZINUS\u00d6L Kaltgepresst &amp; Rein | Haare Wimpern Haut &amp; Augenbrauen | + Eyeliner | Made in\u2026","robots":{"index":"index","follow":"follow","max-snippet":"max-snippet:-1","max-image-preview":"max-image-preview:large","max-video-preview":"max-video-preview:-1"},"canonical":"https:\/\/marktxxl.de\/markt\/produkt\/einfuehrungangebot-bio-rizinusoel-100-rein-kaltgepresst-mascara-eyeliner-kit-fuer-wimpern-augenbrauen-haare-haut-made-in-germany\/","og_locale":"de_DE","og_type":"article","og_title":"EINF\u00dcHRUNGSANGEBOT - 100% BIO RIZINUS\u00d6L Kaltgepresst &amp; Rein | Haare Wimpern Haut &amp; Augenbrauen | + Eyeliner | Made in\u2026 - Markt-XXL","og_description":"Markt-XXL EINF\u00dcHRUNGSANGEBOT - 100% BIO RIZINUS\u00d6L Kaltgepresst &amp; Rein | Haare Wimpern Haut &amp; Augenbrauen | + Eyeliner | Made in\u2026","og_url":"https:\/\/marktxxl.de\/markt\/produkt\/einfuehrungangebot-bio-rizinusoel-100-rein-kaltgepresst-mascara-eyeliner-kit-fuer-wimpern-augenbrauen-haare-haut-made-in-germany\/","og_site_name":"Markt-XXL","article_modified_time":"2023-04-09T03:13:19+00:00","og_image":[{"width":472,"height":500,"url":"https:\/\/m.media-amazon.com\/images\/I\/51uvIlFjk9L._SL500_.jpg","type":"image\/jpeg"}],"twitter_card":"summary_large_image","twitter_misc":{"Gesch\u00e4tzte Lesezeit":"1\u00a0Minute"},"schema":{"@context":"https:\/\/schema.org","@graph":[{"@type":"WebPage","@id":"https:\/\/marktxxl.de\/markt\/produkt\/einfuehrungangebot-bio-rizinusoel-100-rein-kaltgepresst-mascara-eyeliner-kit-fuer-wimpern-augenbrauen-haare-haut-made-in-germany\/","url":"https:\/\/marktxxl.de\/markt\/produkt\/einfuehrungangebot-bio-rizinusoel-100-rein-kaltgepresst-mascara-eyeliner-kit-fuer-wimpern-augenbrauen-haare-haut-made-in-germany\/","name":"EINF\u00dcHRUNGSANGEBOT - 100% BIO RIZINUS\u00d6L Kaltgepresst &amp; Rein | Haare Wimpern Haut &amp; Augenbrauen | + Eyeliner | Made in\u2026 - Markt-XXL","isPartOf":{"@id":"https:\/\/marktxxl.de\/markt\/#website"},"primaryImageOfPage":{"@id":"https:\/\/marktxxl.de\/markt\/produkt\/einfuehrungangebot-bio-rizinusoel-100-rein-kaltgepresst-mascara-eyeliner-kit-fuer-wimpern-augenbrauen-haare-haut-made-in-germany\/#primaryimage"},"image":{"@id":"https:\/\/marktxxl.de\/markt\/produkt\/einfuehrungangebot-bio-rizinusoel-100-rein-kaltgepresst-mascara-eyeliner-kit-fuer-wimpern-augenbrauen-haare-haut-made-in-germany\/#primaryimage"},"thumbnailUrl":"https:\/\/m.media-amazon.com\/images\/I\/51uvIlFjk9L._SL500_.jpg","datePublished":"2023-03-11T04:25:20+00:00","dateModified":"2023-04-09T03:13:19+00:00","description":"Markt-XXL EINF\u00dcHRUNGSANGEBOT - 100% BIO RIZINUS\u00d6L Kaltgepresst &amp; Rein | Haare Wimpern Haut &amp; Augenbrauen | + Eyeliner | Made in\u2026","breadcrumb":{"@id":"https:\/\/marktxxl.de\/markt\/produkt\/einfuehrungangebot-bio-rizinusoel-100-rein-kaltgepresst-mascara-eyeliner-kit-fuer-wimpern-augenbrauen-haare-haut-made-in-germany\/#breadcrumb"},"inLanguage":"de","potentialAction":[{"@type":"ReadAction","target":["https:\/\/marktxxl.de\/markt\/produkt\/einfuehrungangebot-bio-rizinusoel-100-rein-kaltgepresst-mascara-eyeliner-kit-fuer-wimpern-augenbrauen-haare-haut-made-in-germany\/"]}]},{"@type":"ImageObject","inLanguage":"de","@id":"https:\/\/marktxxl.de\/markt\/produkt\/einfuehrungangebot-bio-rizinusoel-100-rein-kaltgepresst-mascara-eyeliner-kit-fuer-wimpern-augenbrauen-haare-haut-made-in-germany\/#primaryimage","url":"https:\/\/m.media-amazon.com\/images\/I\/51uvIlFjk9L._SL500_.jpg","contentUrl":"https:\/\/m.media-amazon.com\/images\/I\/51uvIlFjk9L._SL500_.jpg","width":472,"height":500},{"@type":"BreadcrumbList","@id":"https:\/\/marktxxl.de\/markt\/produkt\/einfuehrungangebot-bio-rizinusoel-100-rein-kaltgepresst-mascara-eyeliner-kit-fuer-wimpern-augenbrauen-haare-haut-made-in-germany\/#breadcrumb","itemListElement":[{"@type":"ListItem","position":1,"name":"Startseite","item":"https:\/\/marktxxl.de\/markt\/"},{"@type":"ListItem","position":2,"name":"Markt","item":"https:\/\/marktxxl.de\/markt\/"},{"@type":"ListItem","position":3,"name":"EINF\u00dcHRUNGSANGEBOT &#8211; 100% BIO RIZINUS\u00d6L Kaltgepresst &amp; Rein | Haare Wimpern Haut &amp; Augenbrauen | + Eyeliner | Made in\u2026"}]},{"@type":"WebSite","@id":"https:\/\/marktxxl.de\/markt\/#website","url":"https:\/\/marktxxl.de\/markt\/","name":"Markt-XXL","description":"Ihr Markt Online","publisher":{"@id":"https:\/\/marktxxl.de\/markt\/#organization"},"potentialAction":[{"@type":"SearchAction","target":{"@type":"EntryPoint","urlTemplate":"https:\/\/marktxxl.de\/markt\/?s={search_term_string}"},"query-input":{"@type":"PropertyValueSpecification","valueRequired":true,"valueName":"search_term_string"}}],"inLanguage":"de"},{"@type":"Organization","@id":"https:\/\/marktxxl.de\/markt\/#organization","name":"Markt-XXL","url":"https:\/\/marktxxl.de\/markt\/","logo":{"@type":"ImageObject","inLanguage":"de","@id":"https:\/\/marktxxl.de\/markt\/#\/schema\/logo\/image\/","url":"https:\/\/marktxxl.de\/markt\/wp-content\/uploads\/sites\/3\/2020\/12\/logo.png","contentUrl":"https:\/\/marktxxl.de\/markt\/wp-content\/uploads\/sites\/3\/2020\/12\/logo.png","width":200,"height":70,"caption":"Markt-XXL"},"image":{"@id":"https:\/\/marktxxl.de\/markt\/#\/schema\/logo\/image\/"}}]}},"_links":{"self":[{"href":"https:\/\/marktxxl.de\/markt\/wp-json\/wp\/v2\/product\/193443","targetHints":{"allow":["GET"]}}],"collection":[{"href":"https:\/\/marktxxl.de\/markt\/wp-json\/wp\/v2\/product"}],"about":[{"href":"https:\/\/marktxxl.de\/markt\/wp-json\/wp\/v2\/types\/product"}],"replies":[{"embeddable":true,"href":"https:\/\/marktxxl.de\/markt\/wp-json\/wp\/v2\/comments?post=193443"}],"wp:featuredmedia":[{"embeddable":true,"href":"https:\/\/marktxxl.de\/markt\/wp-json\/wp\/v2\/media\/193444"}],"wp:attachment":[{"href":"https:\/\/marktxxl.de\/markt\/wp-json\/wp\/v2\/media?parent=193443"}],"wp:term":[{"taxonomy":"product_brand","embeddable":true,"href":"https:\/\/marktxxl.de\/markt\/wp-json\/wp\/v2\/product_brand?post=193443"},{"taxonomy":"product_cat","embeddable":true,"href":"https:\/\/marktxxl.de\/markt\/wp-json\/wp\/v2\/product_cat?post=193443"},{"taxonomy":"product_tag","embeddable":true,"href":"https:\/\/marktxxl.de\/markt\/wp-json\/wp\/v2\/product_tag?post=193443"}],"curies":[{"name":"wp","href":"https:\/\/api.w.org\/{rel}","templated":true}]}}