{"id":193384,"date":"2023-03-11T04:58:22","date_gmt":"2023-03-11T03:58:22","guid":{"rendered":"https:\/\/marktxxl.de\/markt\/produkt\/falke-damen-daily-comfort-2-pack-unterwaesche-baumwolle-schwarz-weiss-weitere-farben-bequemes-unterhemd-kurzarm-atmungsaktiv-mit-rundhals-ausschnitt-im-doppelpack-2-stueck\/"},"modified":"2023-04-09T05:13:17","modified_gmt":"2023-04-09T03:13:17","slug":"falke-damen-daily-comfort-2-pack-unterwaesche-baumwolle-schwarz-weiss-weitere-farben-bequemes-unterhemd-kurzarm-atmungsaktiv-mit-rundhals-ausschnitt-im-doppelpack-2-stueck","status":"publish","type":"product","link":"https:\/\/marktxxl.de\/markt\/produkt\/falke-damen-daily-comfort-2-pack-unterwaesche-baumwolle-schwarz-weiss-weitere-farben-bequemes-unterhemd-kurzarm-atmungsaktiv-mit-rundhals-ausschnitt-im-doppelpack-2-stueck\/","title":{"rendered":"FALKE Damen Daily Comfort 2-Pack Unterw\u00e4sche Baumwolle Schwarz Wei\u00df weitere Farben bequemes Unterhemd kurzarm\u2026"},"content":{"rendered":"<p>Daily Comfort Damen T-Shirt mit gerundetem, tiefem Halsauschnitt im Doppelpack in k\u00f6rpernaher Passform ist der perfekte Begleiter f\u00fcr jeden Tag. Das Shirt kann im Alltag sowie im Business getragen werden. Es ist aus angenehm weichem Material ohne Muster und in drei Farben erh\u00e4ltlich<br \/>\nDurch die langstapelige Faser der feinen \u00e4gyptischen Baumwolle ist dieses Oberteil besonders glatt und weich. Der leichte Stretch Anteil und der Einsatz eines Drucketiketts sorgen f\u00fcr ein angenehmes Tragegef\u00fchl. Es hat eine k\u00f6rpernahe Passform, ist besonders hautfreundlich und f\u00fchlt sich wunderbar glatt und weich an auf der Haut.<br \/>\n\u00c4rmel- und Rumpfs\u00e4ume des Oberteils sind fein gesteppt und tragen nicht auf. Das Jersey Shirt sitzt k\u00f6rpernah, ohne Druckstellen zu hinterlassen. Das Top tr\u00e4gt sich sowohl unter einem Blazer als auch klassisch zur Jeans. Dieses Unterhemd ist bequem bei 40\u00b0C im Schonwaschgang zu waschen<br \/>\nGeschlechtsspezifische Passform durch den Einsatz spezieller Strickverfahren zur Ber\u00fccksichtigung geschlechtsspezifischer Proportionen f\u00fcr eine faltenfreie Passform und h\u00f6chsten Tragekomfort<br \/>\nModellnummer FALKE Damen Daily Comfort T-Shirt: 69020; Gr\u00f6\u00dfen: XS, S, M, L, XL, XXL<br \/>\nEinzigartige FALKE-Qualit\u00e4t: Wir haben h\u00f6chste Anspr\u00fcche an das, was Ihren K\u00f6rper sch\u00fctzt und w\u00e4rmt; FALKE: Traditionsunternehmen und h\u00f6chste Qualit\u00e4t seit 1895<br \/>\n<div class=\"main-cross-sell\" data-asin=\"B09FMFQSWD\">\n\n\t<div class=\"WooZone-cross-sell-loader\">\n\t\t<div>\n\t\t\t<div id=\"floatingBarsG\">\n\t\t\t\t<div class=\"blockG\" id=\"rotateG_01\"><\/div>\n\t\t\t\t<div class=\"blockG\" id=\"rotateG_02\"><\/div>\n\t\t\t\t<div class=\"blockG\" id=\"rotateG_03\"><\/div>\n\t\t\t\t<div class=\"blockG\" id=\"rotateG_04\"><\/div>\n\t\t\t\t<div class=\"blockG\" id=\"rotateG_05\"><\/div>\n\t\t\t\t<div class=\"blockG\" id=\"rotateG_06\"><\/div>\n\t\t\t\t<div class=\"blockG\" id=\"rotateG_07\"><\/div>\n\t\t\t\t<div class=\"blockG\" id=\"rotateG_08\"><\/div>\n\t\t\t<\/div>\n\t\t\t<div class=\"WooZone-cross-sell-loader-text\"><\/div>\n\t\t<\/div>\n\t<\/div>\n\n\t\t\n<\/div>\n<div style=\"clear:both;\"><\/div><\/p>\n","protected":false},"excerpt":{"rendered":"<p>Daily Comfort Damen T-Shirt mit gerundetem, tiefem Halsauschnitt im Doppelpack in k\u00f6rpernaher Passform ist der perfekte Begleiter f\u00fcr jeden Tag. Das Shirt kann im Alltag sowie im Business getragen werden. Es ist aus angenehm weichem Material ohne Muster und in drei Farben erh\u00e4ltlich<br \/>\nDurch die langstapelige Faser der feinen \u00e4gyptischen Baumwolle ist dieses Oberteil besonders glatt und weich. Der leichte Stretch Anteil und der Einsatz eines Drucketiketts sorgen f\u00fcr ein angenehmes Tragegef\u00fchl. Es hat eine k\u00f6rpernahe Passform, ist besonders hautfreundlich und f\u00fchlt sich wunderbar glatt und weich an auf der Haut.<br \/>\n\u00c4rmel- und Rumpfs\u00e4ume des Oberteils sind fein gesteppt und tragen nicht auf. Das Jersey Shirt sitzt k\u00f6rpernah, ohne Druckstellen zu hinterlassen. Das Top tr\u00e4gt sich sowohl unter einem Blazer als auch klassisch zur Jeans. Dieses Unterhemd ist bequem bei 40\u00b0C im Schonwaschgang zu waschen<\/p>\n","protected":false},"featured_media":193385,"comment_status":"open","ping_status":"closed","template":"","meta":[],"product_brand":[],"product_cat":[1186,3920],"product_tag":[],"class_list":{"0":"post-193384","1":"product","2":"type-product","3":"status-publish","4":"has-post-thumbnail","6":"product_cat-bekleidung","7":"product_cat-damen","8":"pa_binding-textilien","9":"pa_brand-falke","10":"pa_manufacturer-falke-kgaa","11":"pa_model-49780","13":"first","14":"instock","15":"shipping-taxable","16":"purchasable","17":"product-type-simple","18":"customify-col","19":"product-has-gallery"},"yoast_head":"<!-- This site is optimized with the Yoast SEO plugin v27.4 - https:\/\/yoast.com\/product\/yoast-seo-wordpress\/ -->\n<title>FALKE Damen Daily Comfort 2-Pack Unterw\u00e4sche Baumwolle Schwarz Wei\u00df weitere Farben bequemes Unterhemd kurzarm\u2026 - Markt-XXL<\/title>\n<meta name=\"description\" content=\"Markt-XXL FALKE Damen Daily Comfort 2-Pack Unterw\u00e4sche Baumwolle Schwarz Wei\u00df weitere Farben bequemes Unterhemd kurzarm\u2026\" \/>\n<meta name=\"robots\" content=\"index, follow, max-snippet:-1, max-image-preview:large, max-video-preview:-1\" \/>\n<link rel=\"canonical\" href=\"https:\/\/marktxxl.de\/markt\/produkt\/falke-damen-daily-comfort-2-pack-unterwaesche-baumwolle-schwarz-weiss-weitere-farben-bequemes-unterhemd-kurzarm-atmungsaktiv-mit-rundhals-ausschnitt-im-doppelpack-2-stueck\/\" \/>\n<meta property=\"og:locale\" content=\"de_DE\" \/>\n<meta property=\"og:type\" content=\"article\" \/>\n<meta property=\"og:title\" content=\"FALKE Damen Daily Comfort 2-Pack Unterw\u00e4sche Baumwolle Schwarz Wei\u00df weitere Farben bequemes Unterhemd kurzarm\u2026 - Markt-XXL\" \/>\n<meta property=\"og:description\" content=\"Markt-XXL FALKE Damen Daily Comfort 2-Pack Unterw\u00e4sche Baumwolle Schwarz Wei\u00df weitere Farben bequemes Unterhemd kurzarm\u2026\" \/>\n<meta property=\"og:url\" content=\"https:\/\/marktxxl.de\/markt\/produkt\/falke-damen-daily-comfort-2-pack-unterwaesche-baumwolle-schwarz-weiss-weitere-farben-bequemes-unterhemd-kurzarm-atmungsaktiv-mit-rundhals-ausschnitt-im-doppelpack-2-stueck\/\" \/>\n<meta property=\"og:site_name\" content=\"Markt-XXL\" \/>\n<meta property=\"article:modified_time\" content=\"2023-04-09T03:13:17+00:00\" \/>\n<meta property=\"og:image\" content=\"https:\/\/m.media-amazon.com\/images\/I\/31OKEcNmD0L._SL500_.jpg\" \/>\n\t<meta property=\"og:image:width\" content=\"417\" \/>\n\t<meta property=\"og:image:height\" content=\"500\" \/>\n\t<meta property=\"og:image:type\" content=\"image\/jpeg\" \/>\n<meta name=\"twitter:card\" content=\"summary_large_image\" \/>\n<meta name=\"twitter:label1\" content=\"Gesch\u00e4tzte Lesezeit\" \/>\n\t<meta name=\"twitter:data1\" content=\"1\u00a0Minute\" \/>\n<script type=\"application\/ld+json\" class=\"yoast-schema-graph\">{\"@context\":\"https:\\\/\\\/schema.org\",\"@graph\":[{\"@type\":\"WebPage\",\"@id\":\"https:\\\/\\\/marktxxl.de\\\/markt\\\/produkt\\\/falke-damen-daily-comfort-2-pack-unterwaesche-baumwolle-schwarz-weiss-weitere-farben-bequemes-unterhemd-kurzarm-atmungsaktiv-mit-rundhals-ausschnitt-im-doppelpack-2-stueck\\\/\",\"url\":\"https:\\\/\\\/marktxxl.de\\\/markt\\\/produkt\\\/falke-damen-daily-comfort-2-pack-unterwaesche-baumwolle-schwarz-weiss-weitere-farben-bequemes-unterhemd-kurzarm-atmungsaktiv-mit-rundhals-ausschnitt-im-doppelpack-2-stueck\\\/\",\"name\":\"FALKE Damen Daily Comfort 2-Pack Unterw\u00e4sche Baumwolle Schwarz Wei\u00df weitere Farben bequemes Unterhemd kurzarm\u2026 - Markt-XXL\",\"isPartOf\":{\"@id\":\"https:\\\/\\\/marktxxl.de\\\/markt\\\/#website\"},\"primaryImageOfPage\":{\"@id\":\"https:\\\/\\\/marktxxl.de\\\/markt\\\/produkt\\\/falke-damen-daily-comfort-2-pack-unterwaesche-baumwolle-schwarz-weiss-weitere-farben-bequemes-unterhemd-kurzarm-atmungsaktiv-mit-rundhals-ausschnitt-im-doppelpack-2-stueck\\\/#primaryimage\"},\"image\":{\"@id\":\"https:\\\/\\\/marktxxl.de\\\/markt\\\/produkt\\\/falke-damen-daily-comfort-2-pack-unterwaesche-baumwolle-schwarz-weiss-weitere-farben-bequemes-unterhemd-kurzarm-atmungsaktiv-mit-rundhals-ausschnitt-im-doppelpack-2-stueck\\\/#primaryimage\"},\"thumbnailUrl\":\"https:\\\/\\\/m.media-amazon.com\\\/images\\\/I\\\/31OKEcNmD0L._SL500_.jpg\",\"datePublished\":\"2023-03-11T03:58:22+00:00\",\"dateModified\":\"2023-04-09T03:13:17+00:00\",\"description\":\"Markt-XXL FALKE Damen Daily Comfort 2-Pack Unterw\u00e4sche Baumwolle Schwarz Wei\u00df weitere Farben bequemes Unterhemd kurzarm\u2026\",\"breadcrumb\":{\"@id\":\"https:\\\/\\\/marktxxl.de\\\/markt\\\/produkt\\\/falke-damen-daily-comfort-2-pack-unterwaesche-baumwolle-schwarz-weiss-weitere-farben-bequemes-unterhemd-kurzarm-atmungsaktiv-mit-rundhals-ausschnitt-im-doppelpack-2-stueck\\\/#breadcrumb\"},\"inLanguage\":\"de\",\"potentialAction\":[{\"@type\":\"ReadAction\",\"target\":[\"https:\\\/\\\/marktxxl.de\\\/markt\\\/produkt\\\/falke-damen-daily-comfort-2-pack-unterwaesche-baumwolle-schwarz-weiss-weitere-farben-bequemes-unterhemd-kurzarm-atmungsaktiv-mit-rundhals-ausschnitt-im-doppelpack-2-stueck\\\/\"]}]},{\"@type\":\"ImageObject\",\"inLanguage\":\"de\",\"@id\":\"https:\\\/\\\/marktxxl.de\\\/markt\\\/produkt\\\/falke-damen-daily-comfort-2-pack-unterwaesche-baumwolle-schwarz-weiss-weitere-farben-bequemes-unterhemd-kurzarm-atmungsaktiv-mit-rundhals-ausschnitt-im-doppelpack-2-stueck\\\/#primaryimage\",\"url\":\"https:\\\/\\\/m.media-amazon.com\\\/images\\\/I\\\/31OKEcNmD0L._SL500_.jpg\",\"contentUrl\":\"https:\\\/\\\/m.media-amazon.com\\\/images\\\/I\\\/31OKEcNmD0L._SL500_.jpg\",\"width\":417,\"height\":500},{\"@type\":\"BreadcrumbList\",\"@id\":\"https:\\\/\\\/marktxxl.de\\\/markt\\\/produkt\\\/falke-damen-daily-comfort-2-pack-unterwaesche-baumwolle-schwarz-weiss-weitere-farben-bequemes-unterhemd-kurzarm-atmungsaktiv-mit-rundhals-ausschnitt-im-doppelpack-2-stueck\\\/#breadcrumb\",\"itemListElement\":[{\"@type\":\"ListItem\",\"position\":1,\"name\":\"Startseite\",\"item\":\"https:\\\/\\\/marktxxl.de\\\/markt\\\/\"},{\"@type\":\"ListItem\",\"position\":2,\"name\":\"Markt\",\"item\":\"https:\\\/\\\/marktxxl.de\\\/markt\\\/\"},{\"@type\":\"ListItem\",\"position\":3,\"name\":\"FALKE Damen Daily Comfort 2-Pack Unterw\u00e4sche Baumwolle Schwarz Wei\u00df weitere Farben bequemes Unterhemd kurzarm\u2026\"}]},{\"@type\":\"WebSite\",\"@id\":\"https:\\\/\\\/marktxxl.de\\\/markt\\\/#website\",\"url\":\"https:\\\/\\\/marktxxl.de\\\/markt\\\/\",\"name\":\"Markt-XXL\",\"description\":\"Ihr Markt Online\",\"publisher\":{\"@id\":\"https:\\\/\\\/marktxxl.de\\\/markt\\\/#organization\"},\"potentialAction\":[{\"@type\":\"SearchAction\",\"target\":{\"@type\":\"EntryPoint\",\"urlTemplate\":\"https:\\\/\\\/marktxxl.de\\\/markt\\\/?s={search_term_string}\"},\"query-input\":{\"@type\":\"PropertyValueSpecification\",\"valueRequired\":true,\"valueName\":\"search_term_string\"}}],\"inLanguage\":\"de\"},{\"@type\":\"Organization\",\"@id\":\"https:\\\/\\\/marktxxl.de\\\/markt\\\/#organization\",\"name\":\"Markt-XXL\",\"url\":\"https:\\\/\\\/marktxxl.de\\\/markt\\\/\",\"logo\":{\"@type\":\"ImageObject\",\"inLanguage\":\"de\",\"@id\":\"https:\\\/\\\/marktxxl.de\\\/markt\\\/#\\\/schema\\\/logo\\\/image\\\/\",\"url\":\"https:\\\/\\\/marktxxl.de\\\/markt\\\/wp-content\\\/uploads\\\/sites\\\/3\\\/2020\\\/12\\\/logo.png\",\"contentUrl\":\"https:\\\/\\\/marktxxl.de\\\/markt\\\/wp-content\\\/uploads\\\/sites\\\/3\\\/2020\\\/12\\\/logo.png\",\"width\":200,\"height\":70,\"caption\":\"Markt-XXL\"},\"image\":{\"@id\":\"https:\\\/\\\/marktxxl.de\\\/markt\\\/#\\\/schema\\\/logo\\\/image\\\/\"}}]}<\/script>\n<!-- \/ Yoast SEO plugin. -->","yoast_head_json":{"title":"FALKE Damen Daily Comfort 2-Pack Unterw\u00e4sche Baumwolle Schwarz Wei\u00df weitere Farben bequemes Unterhemd kurzarm\u2026 - Markt-XXL","description":"Markt-XXL FALKE Damen Daily Comfort 2-Pack Unterw\u00e4sche Baumwolle Schwarz Wei\u00df weitere Farben bequemes Unterhemd kurzarm\u2026","robots":{"index":"index","follow":"follow","max-snippet":"max-snippet:-1","max-image-preview":"max-image-preview:large","max-video-preview":"max-video-preview:-1"},"canonical":"https:\/\/marktxxl.de\/markt\/produkt\/falke-damen-daily-comfort-2-pack-unterwaesche-baumwolle-schwarz-weiss-weitere-farben-bequemes-unterhemd-kurzarm-atmungsaktiv-mit-rundhals-ausschnitt-im-doppelpack-2-stueck\/","og_locale":"de_DE","og_type":"article","og_title":"FALKE Damen Daily Comfort 2-Pack Unterw\u00e4sche Baumwolle Schwarz Wei\u00df weitere Farben bequemes Unterhemd kurzarm\u2026 - Markt-XXL","og_description":"Markt-XXL FALKE Damen Daily Comfort 2-Pack Unterw\u00e4sche Baumwolle Schwarz Wei\u00df weitere Farben bequemes Unterhemd kurzarm\u2026","og_url":"https:\/\/marktxxl.de\/markt\/produkt\/falke-damen-daily-comfort-2-pack-unterwaesche-baumwolle-schwarz-weiss-weitere-farben-bequemes-unterhemd-kurzarm-atmungsaktiv-mit-rundhals-ausschnitt-im-doppelpack-2-stueck\/","og_site_name":"Markt-XXL","article_modified_time":"2023-04-09T03:13:17+00:00","og_image":[{"width":417,"height":500,"url":"https:\/\/m.media-amazon.com\/images\/I\/31OKEcNmD0L._SL500_.jpg","type":"image\/jpeg"}],"twitter_card":"summary_large_image","twitter_misc":{"Gesch\u00e4tzte Lesezeit":"1\u00a0Minute"},"schema":{"@context":"https:\/\/schema.org","@graph":[{"@type":"WebPage","@id":"https:\/\/marktxxl.de\/markt\/produkt\/falke-damen-daily-comfort-2-pack-unterwaesche-baumwolle-schwarz-weiss-weitere-farben-bequemes-unterhemd-kurzarm-atmungsaktiv-mit-rundhals-ausschnitt-im-doppelpack-2-stueck\/","url":"https:\/\/marktxxl.de\/markt\/produkt\/falke-damen-daily-comfort-2-pack-unterwaesche-baumwolle-schwarz-weiss-weitere-farben-bequemes-unterhemd-kurzarm-atmungsaktiv-mit-rundhals-ausschnitt-im-doppelpack-2-stueck\/","name":"FALKE Damen Daily Comfort 2-Pack Unterw\u00e4sche Baumwolle Schwarz Wei\u00df weitere Farben bequemes Unterhemd kurzarm\u2026 - Markt-XXL","isPartOf":{"@id":"https:\/\/marktxxl.de\/markt\/#website"},"primaryImageOfPage":{"@id":"https:\/\/marktxxl.de\/markt\/produkt\/falke-damen-daily-comfort-2-pack-unterwaesche-baumwolle-schwarz-weiss-weitere-farben-bequemes-unterhemd-kurzarm-atmungsaktiv-mit-rundhals-ausschnitt-im-doppelpack-2-stueck\/#primaryimage"},"image":{"@id":"https:\/\/marktxxl.de\/markt\/produkt\/falke-damen-daily-comfort-2-pack-unterwaesche-baumwolle-schwarz-weiss-weitere-farben-bequemes-unterhemd-kurzarm-atmungsaktiv-mit-rundhals-ausschnitt-im-doppelpack-2-stueck\/#primaryimage"},"thumbnailUrl":"https:\/\/m.media-amazon.com\/images\/I\/31OKEcNmD0L._SL500_.jpg","datePublished":"2023-03-11T03:58:22+00:00","dateModified":"2023-04-09T03:13:17+00:00","description":"Markt-XXL FALKE Damen Daily Comfort 2-Pack Unterw\u00e4sche Baumwolle Schwarz Wei\u00df weitere Farben bequemes Unterhemd kurzarm\u2026","breadcrumb":{"@id":"https:\/\/marktxxl.de\/markt\/produkt\/falke-damen-daily-comfort-2-pack-unterwaesche-baumwolle-schwarz-weiss-weitere-farben-bequemes-unterhemd-kurzarm-atmungsaktiv-mit-rundhals-ausschnitt-im-doppelpack-2-stueck\/#breadcrumb"},"inLanguage":"de","potentialAction":[{"@type":"ReadAction","target":["https:\/\/marktxxl.de\/markt\/produkt\/falke-damen-daily-comfort-2-pack-unterwaesche-baumwolle-schwarz-weiss-weitere-farben-bequemes-unterhemd-kurzarm-atmungsaktiv-mit-rundhals-ausschnitt-im-doppelpack-2-stueck\/"]}]},{"@type":"ImageObject","inLanguage":"de","@id":"https:\/\/marktxxl.de\/markt\/produkt\/falke-damen-daily-comfort-2-pack-unterwaesche-baumwolle-schwarz-weiss-weitere-farben-bequemes-unterhemd-kurzarm-atmungsaktiv-mit-rundhals-ausschnitt-im-doppelpack-2-stueck\/#primaryimage","url":"https:\/\/m.media-amazon.com\/images\/I\/31OKEcNmD0L._SL500_.jpg","contentUrl":"https:\/\/m.media-amazon.com\/images\/I\/31OKEcNmD0L._SL500_.jpg","width":417,"height":500},{"@type":"BreadcrumbList","@id":"https:\/\/marktxxl.de\/markt\/produkt\/falke-damen-daily-comfort-2-pack-unterwaesche-baumwolle-schwarz-weiss-weitere-farben-bequemes-unterhemd-kurzarm-atmungsaktiv-mit-rundhals-ausschnitt-im-doppelpack-2-stueck\/#breadcrumb","itemListElement":[{"@type":"ListItem","position":1,"name":"Startseite","item":"https:\/\/marktxxl.de\/markt\/"},{"@type":"ListItem","position":2,"name":"Markt","item":"https:\/\/marktxxl.de\/markt\/"},{"@type":"ListItem","position":3,"name":"FALKE Damen Daily Comfort 2-Pack Unterw\u00e4sche Baumwolle Schwarz Wei\u00df weitere Farben bequemes Unterhemd kurzarm\u2026"}]},{"@type":"WebSite","@id":"https:\/\/marktxxl.de\/markt\/#website","url":"https:\/\/marktxxl.de\/markt\/","name":"Markt-XXL","description":"Ihr Markt Online","publisher":{"@id":"https:\/\/marktxxl.de\/markt\/#organization"},"potentialAction":[{"@type":"SearchAction","target":{"@type":"EntryPoint","urlTemplate":"https:\/\/marktxxl.de\/markt\/?s={search_term_string}"},"query-input":{"@type":"PropertyValueSpecification","valueRequired":true,"valueName":"search_term_string"}}],"inLanguage":"de"},{"@type":"Organization","@id":"https:\/\/marktxxl.de\/markt\/#organization","name":"Markt-XXL","url":"https:\/\/marktxxl.de\/markt\/","logo":{"@type":"ImageObject","inLanguage":"de","@id":"https:\/\/marktxxl.de\/markt\/#\/schema\/logo\/image\/","url":"https:\/\/marktxxl.de\/markt\/wp-content\/uploads\/sites\/3\/2020\/12\/logo.png","contentUrl":"https:\/\/marktxxl.de\/markt\/wp-content\/uploads\/sites\/3\/2020\/12\/logo.png","width":200,"height":70,"caption":"Markt-XXL"},"image":{"@id":"https:\/\/marktxxl.de\/markt\/#\/schema\/logo\/image\/"}}]}},"_links":{"self":[{"href":"https:\/\/marktxxl.de\/markt\/wp-json\/wp\/v2\/product\/193384","targetHints":{"allow":["GET"]}}],"collection":[{"href":"https:\/\/marktxxl.de\/markt\/wp-json\/wp\/v2\/product"}],"about":[{"href":"https:\/\/marktxxl.de\/markt\/wp-json\/wp\/v2\/types\/product"}],"replies":[{"embeddable":true,"href":"https:\/\/marktxxl.de\/markt\/wp-json\/wp\/v2\/comments?post=193384"}],"wp:featuredmedia":[{"embeddable":true,"href":"https:\/\/marktxxl.de\/markt\/wp-json\/wp\/v2\/media\/193385"}],"wp:attachment":[{"href":"https:\/\/marktxxl.de\/markt\/wp-json\/wp\/v2\/media?parent=193384"}],"wp:term":[{"taxonomy":"product_brand","embeddable":true,"href":"https:\/\/marktxxl.de\/markt\/wp-json\/wp\/v2\/product_brand?post=193384"},{"taxonomy":"product_cat","embeddable":true,"href":"https:\/\/marktxxl.de\/markt\/wp-json\/wp\/v2\/product_cat?post=193384"},{"taxonomy":"product_tag","embeddable":true,"href":"https:\/\/marktxxl.de\/markt\/wp-json\/wp\/v2\/product_tag?post=193384"}],"curies":[{"name":"wp","href":"https:\/\/api.w.org\/{rel}","templated":true}]}}