{"id":193378,"date":"2023-03-11T04:56:13","date_gmt":"2023-03-11T03:56:13","guid":{"rendered":"https:\/\/marktxxl.de\/markt\/produkt\/kleid-damen-geschenke-fuer-frauen-damen-mode-gast-kleid-langarm-fliessend-chiffon-dot-medium-langes-kleid-mit-guertel-brautkleid-bleistiftrock\/"},"modified":"2023-04-09T05:13:17","modified_gmt":"2023-04-09T03:13:17","slug":"kleid-damen-geschenke-fuer-frauen-damen-mode-gast-kleid-langarm-fliessend-chiffon-dot-medium-langes-kleid-mit-guertel-brautkleid-bleistiftrock","status":"publish","type":"product","link":"https:\/\/marktxxl.de\/markt\/produkt\/kleid-damen-geschenke-fuer-frauen-damen-mode-gast-kleid-langarm-fliessend-chiffon-dot-medium-langes-kleid-mit-guertel-brautkleid-bleistiftrock\/","title":{"rendered":"Sommerkleid Damen Knielang, Loose Langarm\/Kurzarm Blumenkleid Tunika Elegant Strandkleid Damen Kurz Minikleid Damen\u2026"},"content":{"rendered":"<p>Es ist aus hochwertigen Materialien gefertigt, langlebig genug f\u00fcr. Damen Kleid sind weich und bequem, atmungsaktiv, elastisch, undurchsichtig und lassen sich nicht leicht. Verformen.einfach und gro\u00dfz\u00fcgig, locker und bequem! Dieses spezielle Design wird Ihr Herz stehlen! Schick und bequem, mit diesem erstaunlich s\u00fc\u00dfen Modell k\u00f6nnen Sie nichts falsch machen!<br \/>\nBasic f\u00fcr verschinene Gelegenheiten, wenn Sie zu Hause chillen, Einkaufen gehen, abholen, Freunden treffen, oder im B\u00fcro arbeiten, ist dieses eine gute Wahl. Der Material l\u00e4sst sich gut dehnen und bietet Ihnen einen hohen Tragekomfort. Angepasstes und dehnbares Design erm\u00f6glicht es Ihnen, sich w\u00e4hrend des Trainings leichter zu bewegen.Kann bei kaltem Wetter auch als Unterhemd verwendet werden. ich bin sicher, es wird Ihnen gefallen!<br \/>\nWeihnachtskleid Partykleider Konfirmationskleider Kleider Jacke \u00dcber Kleid Kleid F\u00fcr Taufe Damen Gr\u00fcnes Kleid Hochzeit Maxikleider Knielanger Ballonkleid Kleid Cut Out Konfirmationskleider Schwarzes Langes Kleid Mascara Ballkleid Damenkleider Elegant Kleid Rostbraun Abendkleid Satin Strandkleider Leinenkleider Herbst Sch\u00f6ne Abendkleider Cordrock Grau Coole Kleider Hochzeitsgast Kleid Damen Strickrock Und Pullover Set Hochzeit Kleid Damen Umstandsr\u00f6cke Damenr\u00f6cke Herbst Figurbetonte<br \/>\nMango Kleider Winterr\u00f6cke Cocktailkleid Damen Kleider Herbst Seventyseven Kleider Korsettkleid T\u00fcllrock Grau Lange Kleider F\u00fcr Kleine Frauen Luxus Abendkleider Cocktailkleider Kurz Anna Field Kleid Altrosa Kleid Little Mistress Kleider Oranges Kleid Rotes Langes Kleid Brautmutter Outfit River Kleid Fransenkleid Strandkleider Figurumspielend Latzkleid Damen Knielang Brautmutter Zweiteiler Kleider Weiss Damen Damen Abendkleid Festliche Kleider F\u00fcr Damen Blumenrock Kurz Midirock Beige<br \/>\nWickelkleid Herbst Abendkleider F\u00fcr Hochzeit Bonprix Kleider Abendkleider F\u00fcr Hochzeit T\u00fcllrock Adler Kleider Violet Kleid Kleid Mit Weihnachtsmotiv Umstandskleid Winter Damen Knielang Kleid Blau Wei\u00df Elegante Kleider Zur Hochzeit Umstandskleid Wei\u00df Henna Abend Kleid Silvester Kleider Damen Strickkleider Herbst 2022 Klingel Kleider Salbeigr\u00fcn Kleid Swing Kleider Klingel Abendkleider Ausgefallene Lange Herbstkleider Kleider 60Er Jahre Brautjungfernkleider Partykleid Schwarz Jeans Blusenkleid<br \/>\n<div class=\"main-cross-sell\" data-asin=\"B0BNBPW36D\">\n\n\t<div class=\"WooZone-cross-sell-loader\">\n\t\t<div>\n\t\t\t<div id=\"floatingBarsG\">\n\t\t\t\t<div class=\"blockG\" id=\"rotateG_01\"><\/div>\n\t\t\t\t<div class=\"blockG\" id=\"rotateG_02\"><\/div>\n\t\t\t\t<div class=\"blockG\" id=\"rotateG_03\"><\/div>\n\t\t\t\t<div class=\"blockG\" id=\"rotateG_04\"><\/div>\n\t\t\t\t<div class=\"blockG\" id=\"rotateG_05\"><\/div>\n\t\t\t\t<div class=\"blockG\" id=\"rotateG_06\"><\/div>\n\t\t\t\t<div class=\"blockG\" id=\"rotateG_07\"><\/div>\n\t\t\t\t<div class=\"blockG\" id=\"rotateG_08\"><\/div>\n\t\t\t<\/div>\n\t\t\t<div class=\"WooZone-cross-sell-loader-text\"><\/div>\n\t\t<\/div>\n\t<\/div>\n\n\t\t\n<\/div>\n<div style=\"clear:both;\"><\/div><\/p>\n","protected":false},"excerpt":{"rendered":"<p>Es ist aus hochwertigen Materialien gefertigt, langlebig genug f\u00fcr. Damen Kleid sind weich und bequem, atmungsaktiv, elastisch, undurchsichtig und lassen sich nicht leicht. Verformen.einfach und gro\u00dfz\u00fcgig, locker und bequem! Dieses spezielle Design wird Ihr Herz stehlen! Schick und bequem, mit diesem erstaunlich s\u00fc\u00dfen Modell k\u00f6nnen Sie nichts falsch machen!<br \/>\nBasic f\u00fcr verschinene Gelegenheiten, wenn Sie zu Hause chillen, Einkaufen gehen, abholen, Freunden treffen, oder im B\u00fcro arbeiten, ist dieses eine gute Wahl. Der Material l\u00e4sst sich gut dehnen und bietet Ihnen einen hohen Tragekomfort. Angepasstes und dehnbares Design erm\u00f6glicht es Ihnen, sich w\u00e4hrend des Trainings leichter zu bewegen.Kann bei kaltem Wetter auch als Unterhemd verwendet werden. ich bin sicher, es wird Ihnen gefallen!<br \/>\nWeihnachtskleid Partykleider Konfirmationskleider Kleider Jacke \u00dcber Kleid Kleid F\u00fcr Taufe Damen Gr\u00fcnes Kleid Hochzeit Maxikleider Knielanger Ballonkleid Kleid Cut Out Konfirmationskleider Schwarzes Langes Kleid Mascara Ballkleid Damenkleider Elegant Kleid Rostbraun Abendkleid Satin Strandkleider Leinenkleider Herbst Sch\u00f6ne Abendkleider Cordrock Grau Coole Kleider Hochzeitsgast Kleid Damen Strickrock Und Pullover Set Hochzeit Kleid Damen Umstandsr\u00f6cke Damenr\u00f6cke Herbst Figurbetonte<\/p>\n","protected":false},"featured_media":193379,"comment_status":"open","ping_status":"closed","template":"","meta":[],"product_brand":[],"product_cat":[1186,3920],"product_tag":[],"class_list":{"0":"post-193378","1":"product","2":"type-product","3":"status-publish","4":"has-post-thumbnail","6":"product_cat-bekleidung","7":"product_cat-damen","8":"pa_binding-textilien","9":"pa_brand-generic","10":"pa_height-27-55905509-zoll","11":"pa_length-27-55905509-zoll","12":"pa_manufacturer-lzjds","13":"pa_model-legere-oberteile-damen","14":"pa_weight-0-5070632026-pfund","15":"pa_width-23-62204722-zoll","17":"first","18":"instock","19":"shipping-taxable","20":"purchasable","21":"product-type-simple","22":"customify-col","23":"product-has-gallery"},"yoast_head":"<!-- This site is optimized with the Yoast SEO plugin v27.4 - https:\/\/yoast.com\/product\/yoast-seo-wordpress\/ -->\n<title>Sommerkleid Damen Knielang, Loose Langarm\/Kurzarm Blumenkleid Tunika Elegant Strandkleid Damen Kurz Minikleid Damen\u2026 - Markt-XXL<\/title>\n<meta name=\"description\" content=\"Markt-XXL Sommerkleid Damen Knielang, Loose Langarm\/Kurzarm Blumenkleid Tunika Elegant Strandkleid Damen Kurz Minikleid Damen\u2026\" \/>\n<meta name=\"robots\" content=\"index, follow, max-snippet:-1, max-image-preview:large, max-video-preview:-1\" \/>\n<link rel=\"canonical\" href=\"https:\/\/marktxxl.de\/markt\/produkt\/kleid-damen-geschenke-fuer-frauen-damen-mode-gast-kleid-langarm-fliessend-chiffon-dot-medium-langes-kleid-mit-guertel-brautkleid-bleistiftrock\/\" \/>\n<meta property=\"og:locale\" content=\"de_DE\" \/>\n<meta property=\"og:type\" content=\"article\" \/>\n<meta property=\"og:title\" content=\"Sommerkleid Damen Knielang, Loose Langarm\/Kurzarm Blumenkleid Tunika Elegant Strandkleid Damen Kurz Minikleid Damen\u2026 - Markt-XXL\" \/>\n<meta property=\"og:description\" content=\"Markt-XXL Sommerkleid Damen Knielang, Loose Langarm\/Kurzarm Blumenkleid Tunika Elegant Strandkleid Damen Kurz Minikleid Damen\u2026\" \/>\n<meta property=\"og:url\" content=\"https:\/\/marktxxl.de\/markt\/produkt\/kleid-damen-geschenke-fuer-frauen-damen-mode-gast-kleid-langarm-fliessend-chiffon-dot-medium-langes-kleid-mit-guertel-brautkleid-bleistiftrock\/\" \/>\n<meta property=\"og:site_name\" content=\"Markt-XXL\" \/>\n<meta property=\"article:modified_time\" content=\"2023-04-09T03:13:17+00:00\" \/>\n<meta property=\"og:image\" content=\"https:\/\/m.media-amazon.com\/images\/I\/41EcmB5LR2L._SL500_.jpg\" \/>\n\t<meta property=\"og:image:width\" content=\"500\" \/>\n\t<meta property=\"og:image:height\" content=\"500\" \/>\n\t<meta property=\"og:image:type\" content=\"image\/jpeg\" \/>\n<meta name=\"twitter:card\" content=\"summary_large_image\" \/>\n<meta name=\"twitter:label1\" content=\"Gesch\u00e4tzte Lesezeit\" \/>\n\t<meta name=\"twitter:data1\" content=\"2\u00a0Minuten\" \/>\n<script type=\"application\/ld+json\" class=\"yoast-schema-graph\">{\"@context\":\"https:\\\/\\\/schema.org\",\"@graph\":[{\"@type\":\"WebPage\",\"@id\":\"https:\\\/\\\/marktxxl.de\\\/markt\\\/produkt\\\/kleid-damen-geschenke-fuer-frauen-damen-mode-gast-kleid-langarm-fliessend-chiffon-dot-medium-langes-kleid-mit-guertel-brautkleid-bleistiftrock\\\/\",\"url\":\"https:\\\/\\\/marktxxl.de\\\/markt\\\/produkt\\\/kleid-damen-geschenke-fuer-frauen-damen-mode-gast-kleid-langarm-fliessend-chiffon-dot-medium-langes-kleid-mit-guertel-brautkleid-bleistiftrock\\\/\",\"name\":\"Sommerkleid Damen Knielang, Loose Langarm\\\/Kurzarm Blumenkleid Tunika Elegant Strandkleid Damen Kurz Minikleid Damen\u2026 - Markt-XXL\",\"isPartOf\":{\"@id\":\"https:\\\/\\\/marktxxl.de\\\/markt\\\/#website\"},\"primaryImageOfPage\":{\"@id\":\"https:\\\/\\\/marktxxl.de\\\/markt\\\/produkt\\\/kleid-damen-geschenke-fuer-frauen-damen-mode-gast-kleid-langarm-fliessend-chiffon-dot-medium-langes-kleid-mit-guertel-brautkleid-bleistiftrock\\\/#primaryimage\"},\"image\":{\"@id\":\"https:\\\/\\\/marktxxl.de\\\/markt\\\/produkt\\\/kleid-damen-geschenke-fuer-frauen-damen-mode-gast-kleid-langarm-fliessend-chiffon-dot-medium-langes-kleid-mit-guertel-brautkleid-bleistiftrock\\\/#primaryimage\"},\"thumbnailUrl\":\"https:\\\/\\\/m.media-amazon.com\\\/images\\\/I\\\/41EcmB5LR2L._SL500_.jpg\",\"datePublished\":\"2023-03-11T03:56:13+00:00\",\"dateModified\":\"2023-04-09T03:13:17+00:00\",\"description\":\"Markt-XXL Sommerkleid Damen Knielang, Loose Langarm\\\/Kurzarm Blumenkleid Tunika Elegant Strandkleid Damen Kurz Minikleid Damen\u2026\",\"breadcrumb\":{\"@id\":\"https:\\\/\\\/marktxxl.de\\\/markt\\\/produkt\\\/kleid-damen-geschenke-fuer-frauen-damen-mode-gast-kleid-langarm-fliessend-chiffon-dot-medium-langes-kleid-mit-guertel-brautkleid-bleistiftrock\\\/#breadcrumb\"},\"inLanguage\":\"de\",\"potentialAction\":[{\"@type\":\"ReadAction\",\"target\":[\"https:\\\/\\\/marktxxl.de\\\/markt\\\/produkt\\\/kleid-damen-geschenke-fuer-frauen-damen-mode-gast-kleid-langarm-fliessend-chiffon-dot-medium-langes-kleid-mit-guertel-brautkleid-bleistiftrock\\\/\"]}]},{\"@type\":\"ImageObject\",\"inLanguage\":\"de\",\"@id\":\"https:\\\/\\\/marktxxl.de\\\/markt\\\/produkt\\\/kleid-damen-geschenke-fuer-frauen-damen-mode-gast-kleid-langarm-fliessend-chiffon-dot-medium-langes-kleid-mit-guertel-brautkleid-bleistiftrock\\\/#primaryimage\",\"url\":\"https:\\\/\\\/m.media-amazon.com\\\/images\\\/I\\\/41EcmB5LR2L._SL500_.jpg\",\"contentUrl\":\"https:\\\/\\\/m.media-amazon.com\\\/images\\\/I\\\/41EcmB5LR2L._SL500_.jpg\",\"width\":500,\"height\":500},{\"@type\":\"BreadcrumbList\",\"@id\":\"https:\\\/\\\/marktxxl.de\\\/markt\\\/produkt\\\/kleid-damen-geschenke-fuer-frauen-damen-mode-gast-kleid-langarm-fliessend-chiffon-dot-medium-langes-kleid-mit-guertel-brautkleid-bleistiftrock\\\/#breadcrumb\",\"itemListElement\":[{\"@type\":\"ListItem\",\"position\":1,\"name\":\"Startseite\",\"item\":\"https:\\\/\\\/marktxxl.de\\\/markt\\\/\"},{\"@type\":\"ListItem\",\"position\":2,\"name\":\"Markt\",\"item\":\"https:\\\/\\\/marktxxl.de\\\/markt\\\/\"},{\"@type\":\"ListItem\",\"position\":3,\"name\":\"Sommerkleid Damen Knielang, Loose Langarm\\\/Kurzarm Blumenkleid Tunika Elegant Strandkleid Damen Kurz Minikleid Damen\u2026\"}]},{\"@type\":\"WebSite\",\"@id\":\"https:\\\/\\\/marktxxl.de\\\/markt\\\/#website\",\"url\":\"https:\\\/\\\/marktxxl.de\\\/markt\\\/\",\"name\":\"Markt-XXL\",\"description\":\"Ihr Markt Online\",\"publisher\":{\"@id\":\"https:\\\/\\\/marktxxl.de\\\/markt\\\/#organization\"},\"potentialAction\":[{\"@type\":\"SearchAction\",\"target\":{\"@type\":\"EntryPoint\",\"urlTemplate\":\"https:\\\/\\\/marktxxl.de\\\/markt\\\/?s={search_term_string}\"},\"query-input\":{\"@type\":\"PropertyValueSpecification\",\"valueRequired\":true,\"valueName\":\"search_term_string\"}}],\"inLanguage\":\"de\"},{\"@type\":\"Organization\",\"@id\":\"https:\\\/\\\/marktxxl.de\\\/markt\\\/#organization\",\"name\":\"Markt-XXL\",\"url\":\"https:\\\/\\\/marktxxl.de\\\/markt\\\/\",\"logo\":{\"@type\":\"ImageObject\",\"inLanguage\":\"de\",\"@id\":\"https:\\\/\\\/marktxxl.de\\\/markt\\\/#\\\/schema\\\/logo\\\/image\\\/\",\"url\":\"https:\\\/\\\/marktxxl.de\\\/markt\\\/wp-content\\\/uploads\\\/sites\\\/3\\\/2020\\\/12\\\/logo.png\",\"contentUrl\":\"https:\\\/\\\/marktxxl.de\\\/markt\\\/wp-content\\\/uploads\\\/sites\\\/3\\\/2020\\\/12\\\/logo.png\",\"width\":200,\"height\":70,\"caption\":\"Markt-XXL\"},\"image\":{\"@id\":\"https:\\\/\\\/marktxxl.de\\\/markt\\\/#\\\/schema\\\/logo\\\/image\\\/\"}}]}<\/script>\n<!-- \/ Yoast SEO plugin. -->","yoast_head_json":{"title":"Sommerkleid Damen Knielang, Loose Langarm\/Kurzarm Blumenkleid Tunika Elegant Strandkleid Damen Kurz Minikleid Damen\u2026 - Markt-XXL","description":"Markt-XXL Sommerkleid Damen Knielang, Loose Langarm\/Kurzarm Blumenkleid Tunika Elegant Strandkleid Damen Kurz Minikleid Damen\u2026","robots":{"index":"index","follow":"follow","max-snippet":"max-snippet:-1","max-image-preview":"max-image-preview:large","max-video-preview":"max-video-preview:-1"},"canonical":"https:\/\/marktxxl.de\/markt\/produkt\/kleid-damen-geschenke-fuer-frauen-damen-mode-gast-kleid-langarm-fliessend-chiffon-dot-medium-langes-kleid-mit-guertel-brautkleid-bleistiftrock\/","og_locale":"de_DE","og_type":"article","og_title":"Sommerkleid Damen Knielang, Loose Langarm\/Kurzarm Blumenkleid Tunika Elegant Strandkleid Damen Kurz Minikleid Damen\u2026 - Markt-XXL","og_description":"Markt-XXL Sommerkleid Damen Knielang, Loose Langarm\/Kurzarm Blumenkleid Tunika Elegant Strandkleid Damen Kurz Minikleid Damen\u2026","og_url":"https:\/\/marktxxl.de\/markt\/produkt\/kleid-damen-geschenke-fuer-frauen-damen-mode-gast-kleid-langarm-fliessend-chiffon-dot-medium-langes-kleid-mit-guertel-brautkleid-bleistiftrock\/","og_site_name":"Markt-XXL","article_modified_time":"2023-04-09T03:13:17+00:00","og_image":[{"width":500,"height":500,"url":"https:\/\/m.media-amazon.com\/images\/I\/41EcmB5LR2L._SL500_.jpg","type":"image\/jpeg"}],"twitter_card":"summary_large_image","twitter_misc":{"Gesch\u00e4tzte Lesezeit":"2\u00a0Minuten"},"schema":{"@context":"https:\/\/schema.org","@graph":[{"@type":"WebPage","@id":"https:\/\/marktxxl.de\/markt\/produkt\/kleid-damen-geschenke-fuer-frauen-damen-mode-gast-kleid-langarm-fliessend-chiffon-dot-medium-langes-kleid-mit-guertel-brautkleid-bleistiftrock\/","url":"https:\/\/marktxxl.de\/markt\/produkt\/kleid-damen-geschenke-fuer-frauen-damen-mode-gast-kleid-langarm-fliessend-chiffon-dot-medium-langes-kleid-mit-guertel-brautkleid-bleistiftrock\/","name":"Sommerkleid Damen Knielang, Loose Langarm\/Kurzarm Blumenkleid Tunika Elegant Strandkleid Damen Kurz Minikleid Damen\u2026 - Markt-XXL","isPartOf":{"@id":"https:\/\/marktxxl.de\/markt\/#website"},"primaryImageOfPage":{"@id":"https:\/\/marktxxl.de\/markt\/produkt\/kleid-damen-geschenke-fuer-frauen-damen-mode-gast-kleid-langarm-fliessend-chiffon-dot-medium-langes-kleid-mit-guertel-brautkleid-bleistiftrock\/#primaryimage"},"image":{"@id":"https:\/\/marktxxl.de\/markt\/produkt\/kleid-damen-geschenke-fuer-frauen-damen-mode-gast-kleid-langarm-fliessend-chiffon-dot-medium-langes-kleid-mit-guertel-brautkleid-bleistiftrock\/#primaryimage"},"thumbnailUrl":"https:\/\/m.media-amazon.com\/images\/I\/41EcmB5LR2L._SL500_.jpg","datePublished":"2023-03-11T03:56:13+00:00","dateModified":"2023-04-09T03:13:17+00:00","description":"Markt-XXL Sommerkleid Damen Knielang, Loose Langarm\/Kurzarm Blumenkleid Tunika Elegant Strandkleid Damen Kurz Minikleid Damen\u2026","breadcrumb":{"@id":"https:\/\/marktxxl.de\/markt\/produkt\/kleid-damen-geschenke-fuer-frauen-damen-mode-gast-kleid-langarm-fliessend-chiffon-dot-medium-langes-kleid-mit-guertel-brautkleid-bleistiftrock\/#breadcrumb"},"inLanguage":"de","potentialAction":[{"@type":"ReadAction","target":["https:\/\/marktxxl.de\/markt\/produkt\/kleid-damen-geschenke-fuer-frauen-damen-mode-gast-kleid-langarm-fliessend-chiffon-dot-medium-langes-kleid-mit-guertel-brautkleid-bleistiftrock\/"]}]},{"@type":"ImageObject","inLanguage":"de","@id":"https:\/\/marktxxl.de\/markt\/produkt\/kleid-damen-geschenke-fuer-frauen-damen-mode-gast-kleid-langarm-fliessend-chiffon-dot-medium-langes-kleid-mit-guertel-brautkleid-bleistiftrock\/#primaryimage","url":"https:\/\/m.media-amazon.com\/images\/I\/41EcmB5LR2L._SL500_.jpg","contentUrl":"https:\/\/m.media-amazon.com\/images\/I\/41EcmB5LR2L._SL500_.jpg","width":500,"height":500},{"@type":"BreadcrumbList","@id":"https:\/\/marktxxl.de\/markt\/produkt\/kleid-damen-geschenke-fuer-frauen-damen-mode-gast-kleid-langarm-fliessend-chiffon-dot-medium-langes-kleid-mit-guertel-brautkleid-bleistiftrock\/#breadcrumb","itemListElement":[{"@type":"ListItem","position":1,"name":"Startseite","item":"https:\/\/marktxxl.de\/markt\/"},{"@type":"ListItem","position":2,"name":"Markt","item":"https:\/\/marktxxl.de\/markt\/"},{"@type":"ListItem","position":3,"name":"Sommerkleid Damen Knielang, Loose Langarm\/Kurzarm Blumenkleid Tunika Elegant Strandkleid Damen Kurz Minikleid Damen\u2026"}]},{"@type":"WebSite","@id":"https:\/\/marktxxl.de\/markt\/#website","url":"https:\/\/marktxxl.de\/markt\/","name":"Markt-XXL","description":"Ihr Markt Online","publisher":{"@id":"https:\/\/marktxxl.de\/markt\/#organization"},"potentialAction":[{"@type":"SearchAction","target":{"@type":"EntryPoint","urlTemplate":"https:\/\/marktxxl.de\/markt\/?s={search_term_string}"},"query-input":{"@type":"PropertyValueSpecification","valueRequired":true,"valueName":"search_term_string"}}],"inLanguage":"de"},{"@type":"Organization","@id":"https:\/\/marktxxl.de\/markt\/#organization","name":"Markt-XXL","url":"https:\/\/marktxxl.de\/markt\/","logo":{"@type":"ImageObject","inLanguage":"de","@id":"https:\/\/marktxxl.de\/markt\/#\/schema\/logo\/image\/","url":"https:\/\/marktxxl.de\/markt\/wp-content\/uploads\/sites\/3\/2020\/12\/logo.png","contentUrl":"https:\/\/marktxxl.de\/markt\/wp-content\/uploads\/sites\/3\/2020\/12\/logo.png","width":200,"height":70,"caption":"Markt-XXL"},"image":{"@id":"https:\/\/marktxxl.de\/markt\/#\/schema\/logo\/image\/"}}]}},"_links":{"self":[{"href":"https:\/\/marktxxl.de\/markt\/wp-json\/wp\/v2\/product\/193378","targetHints":{"allow":["GET"]}}],"collection":[{"href":"https:\/\/marktxxl.de\/markt\/wp-json\/wp\/v2\/product"}],"about":[{"href":"https:\/\/marktxxl.de\/markt\/wp-json\/wp\/v2\/types\/product"}],"replies":[{"embeddable":true,"href":"https:\/\/marktxxl.de\/markt\/wp-json\/wp\/v2\/comments?post=193378"}],"wp:featuredmedia":[{"embeddable":true,"href":"https:\/\/marktxxl.de\/markt\/wp-json\/wp\/v2\/media\/193379"}],"wp:attachment":[{"href":"https:\/\/marktxxl.de\/markt\/wp-json\/wp\/v2\/media?parent=193378"}],"wp:term":[{"taxonomy":"product_brand","embeddable":true,"href":"https:\/\/marktxxl.de\/markt\/wp-json\/wp\/v2\/product_brand?post=193378"},{"taxonomy":"product_cat","embeddable":true,"href":"https:\/\/marktxxl.de\/markt\/wp-json\/wp\/v2\/product_cat?post=193378"},{"taxonomy":"product_tag","embeddable":true,"href":"https:\/\/marktxxl.de\/markt\/wp-json\/wp\/v2\/product_tag?post=193378"}],"curies":[{"name":"wp","href":"https:\/\/api.w.org\/{rel}","templated":true}]}}