{"id":193263,"date":"2023-03-11T04:50:14","date_gmt":"2023-03-11T03:50:14","guid":{"rendered":"https:\/\/marktxxl.de\/markt\/produkt\/star-trek-the-next-generation-captain-picard-kostuem-erwachsene-fleece-pluesch-robe-osfm\/"},"modified":"2023-04-09T05:13:12","modified_gmt":"2023-04-09T03:13:12","slug":"star-trek-the-next-generation-captain-picard-kostuem-erwachsene-fleece-pluesch-robe-osfm","status":"publish","type":"product","link":"https:\/\/marktxxl.de\/markt\/produkt\/star-trek-the-next-generation-captain-picard-kostuem-erwachsene-fleece-pluesch-robe-osfm\/","title":{"rendered":"Star Trek The Next Generation Captain Picard Kost\u00fcm Erwachsene Fleece Pl\u00fcsch Robe OSFM"},"content":{"rendered":"<p>Dies sind offiziell lizenzierte Star Trek Badem\u00e4ntel \u2013 Intimo ist spezialisiert auf hochwertige, offiziell lizenzierte Schlafanz\u00fcge, Unterw\u00e4sche und mehr. Mit allem, von klassischen Cartoon-Figuren bis hin zu Superhelden und den neuesten beliebtesten Filmen, Spielzeugen und Fernsehfiguren dazwischen. Sie z\u00e4hlen darauf, dass Intiomo hochwertige Produkte f\u00fcr Sie und die, die Sie lieben<br \/>\nKlassisches Uniform-Design \u2013 der Bademantel hat ein klassisches Captain Picard-Farbschema in Kastanienbraun und schwarz, genau wie das Outfit, das der Captain auf der Br\u00fccke tr\u00e4gt, w\u00e4hrend er das Raumschiff USS Enterprise NCC-1701-D beherrscht<br \/>\nLounge in Komfort: Weich und praktisch, dieser Bademantel wurde f\u00fcr Erwachsene entworfen. Dieser Star Trek Bademantel ist superpl\u00fcschig und hat ein ultraweiches Gef\u00fchl, das Sie nie wieder ausziehen wollen! Das Fleece-Material macht es ideal f\u00fcr kalte Wintern\u00e4chte, Kost\u00fcmpartys, Cosplay-Events, als Badeanzug-Abdeckung und mehr! Es ist das perfekte Geschenk zum Geburtstag, zu Weihnachten oder einfach nur, weil Sie jemanden lieben<br \/>\nDetailliert bestickte Insignien auf der Vorderseite \u2013 die Vorderseite des Robes verf\u00fcgt \u00fcber ein detailliertes Starfleet Insignia Logo in hochwertiger Gold- und Silber-Stickerei mit schwarzem Umriss<br \/>\nGr\u00f6\u00dfe &#8211; Diese Star Trek Badem\u00e4ntel sind in einer Einheitsgr\u00f6\u00dfe erh\u00e4ltlich, die den meisten erwachsenen M\u00e4nnern passt, aber auch ideal f\u00fcr Frauen. Das Modell auf dem Foto ist 1,52 m gro\u00df. Bitte beachten Sie die Gr\u00f6\u00dfentabelle, die f\u00fcr detaillierte Spezifikationen bereitgestellt wird<br \/>\n<div class=\"main-cross-sell\" data-asin=\"B08H4DCX9H\">\n\n\t<div class=\"WooZone-cross-sell-loader\">\n\t\t<div>\n\t\t\t<div id=\"floatingBarsG\">\n\t\t\t\t<div class=\"blockG\" id=\"rotateG_01\"><\/div>\n\t\t\t\t<div class=\"blockG\" id=\"rotateG_02\"><\/div>\n\t\t\t\t<div class=\"blockG\" id=\"rotateG_03\"><\/div>\n\t\t\t\t<div class=\"blockG\" id=\"rotateG_04\"><\/div>\n\t\t\t\t<div class=\"blockG\" id=\"rotateG_05\"><\/div>\n\t\t\t\t<div class=\"blockG\" id=\"rotateG_06\"><\/div>\n\t\t\t\t<div class=\"blockG\" id=\"rotateG_07\"><\/div>\n\t\t\t\t<div class=\"blockG\" id=\"rotateG_08\"><\/div>\n\t\t\t<\/div>\n\t\t\t<div class=\"WooZone-cross-sell-loader-text\"><\/div>\n\t\t<\/div>\n\t<\/div>\n\n\t\t\n<\/div>\n<div style=\"clear:both;\"><\/div><\/p>\n","protected":false},"excerpt":{"rendered":"<p>Dies sind offiziell lizenzierte Star Trek Badem\u00e4ntel \u2013 Intimo ist spezialisiert auf hochwertige, offiziell lizenzierte Schlafanz\u00fcge, Unterw\u00e4sche und mehr. Mit allem, von klassischen Cartoon-Figuren bis hin zu Superhelden und den neuesten beliebtesten Filmen, Spielzeugen und Fernsehfiguren dazwischen. Sie z\u00e4hlen darauf, dass Intiomo hochwertige Produkte f\u00fcr Sie und die, die Sie lieben<br \/>\nKlassisches Uniform-Design \u2013 der Bademantel hat ein klassisches Captain Picard-Farbschema in Kastanienbraun und schwarz, genau wie das Outfit, das der Captain auf der Br\u00fccke tr\u00e4gt, w\u00e4hrend er das Raumschiff USS Enterprise NCC-1701-D beherrscht<br \/>\nLounge in Komfort: Weich und praktisch, dieser Bademantel wurde f\u00fcr Erwachsene entworfen. Dieser Star Trek Bademantel ist superpl\u00fcschig und hat ein ultraweiches Gef\u00fchl, das Sie nie wieder ausziehen wollen! Das Fleece-Material macht es ideal f\u00fcr kalte Wintern\u00e4chte, Kost\u00fcmpartys, Cosplay-Events, als Badeanzug-Abdeckung und mehr! Es ist das perfekte Geschenk zum Geburtstag, zu Weihnachten oder einfach nur, weil Sie jemanden lieben<\/p>\n","protected":false},"featured_media":193264,"comment_status":"open","ping_status":"closed","template":"","meta":[],"product_brand":[],"product_cat":[1186,3960],"product_tag":[],"class_list":{"0":"post-193263","1":"product","2":"type-product","3":"status-publish","4":"has-post-thumbnail","6":"product_cat-bekleidung","7":"product_cat-herren","8":"pa_brand-intimo","9":"pa_color-rot-ausflug-einfarbig-getaway-solids","10":"pa_height-5-zoll","11":"pa_length-18-zoll","12":"pa_manufacturer-intimo","13":"pa_width-14-zoll","15":"first","16":"instock","17":"shipping-taxable","18":"purchasable","19":"product-type-simple","20":"customify-col","21":"product-has-gallery"},"yoast_head":"<!-- This site is optimized with the Yoast SEO plugin v27.4 - https:\/\/yoast.com\/product\/yoast-seo-wordpress\/ -->\n<title>Star Trek The Next Generation Captain Picard Kost\u00fcm Erwachsene Fleece Pl\u00fcsch Robe OSFM - Markt-XXL<\/title>\n<meta name=\"description\" content=\"Markt-XXL Star Trek The Next Generation Captain Picard Kost\u00fcm Erwachsene Fleece Pl\u00fcsch Robe OSFM\" \/>\n<meta name=\"robots\" content=\"index, follow, max-snippet:-1, max-image-preview:large, max-video-preview:-1\" \/>\n<link rel=\"canonical\" href=\"https:\/\/marktxxl.de\/markt\/produkt\/star-trek-the-next-generation-captain-picard-kostuem-erwachsene-fleece-pluesch-robe-osfm\/\" \/>\n<meta property=\"og:locale\" content=\"de_DE\" \/>\n<meta property=\"og:type\" content=\"article\" \/>\n<meta property=\"og:title\" content=\"Star Trek The Next Generation Captain Picard Kost\u00fcm Erwachsene Fleece Pl\u00fcsch Robe OSFM - Markt-XXL\" \/>\n<meta property=\"og:description\" content=\"Markt-XXL Star Trek The Next Generation Captain Picard Kost\u00fcm Erwachsene Fleece Pl\u00fcsch Robe OSFM\" \/>\n<meta property=\"og:url\" content=\"https:\/\/marktxxl.de\/markt\/produkt\/star-trek-the-next-generation-captain-picard-kostuem-erwachsene-fleece-pluesch-robe-osfm\/\" \/>\n<meta property=\"og:site_name\" content=\"Markt-XXL\" \/>\n<meta property=\"article:modified_time\" content=\"2023-04-09T03:13:12+00:00\" \/>\n<meta property=\"og:image\" content=\"https:\/\/m.media-amazon.com\/images\/I\/31S6ZaMFuHL._SL500_.jpg\" \/>\n\t<meta property=\"og:image:width\" content=\"250\" \/>\n\t<meta property=\"og:image:height\" content=\"500\" \/>\n\t<meta property=\"og:image:type\" content=\"image\/jpeg\" \/>\n<meta name=\"twitter:card\" content=\"summary_large_image\" \/>\n<meta name=\"twitter:label1\" content=\"Gesch\u00e4tzte Lesezeit\" \/>\n\t<meta name=\"twitter:data1\" content=\"1\u00a0Minute\" \/>\n<script type=\"application\/ld+json\" class=\"yoast-schema-graph\">{\"@context\":\"https:\\\/\\\/schema.org\",\"@graph\":[{\"@type\":\"WebPage\",\"@id\":\"https:\\\/\\\/marktxxl.de\\\/markt\\\/produkt\\\/star-trek-the-next-generation-captain-picard-kostuem-erwachsene-fleece-pluesch-robe-osfm\\\/\",\"url\":\"https:\\\/\\\/marktxxl.de\\\/markt\\\/produkt\\\/star-trek-the-next-generation-captain-picard-kostuem-erwachsene-fleece-pluesch-robe-osfm\\\/\",\"name\":\"Star Trek The Next Generation Captain Picard Kost\u00fcm Erwachsene Fleece Pl\u00fcsch Robe OSFM - Markt-XXL\",\"isPartOf\":{\"@id\":\"https:\\\/\\\/marktxxl.de\\\/markt\\\/#website\"},\"primaryImageOfPage\":{\"@id\":\"https:\\\/\\\/marktxxl.de\\\/markt\\\/produkt\\\/star-trek-the-next-generation-captain-picard-kostuem-erwachsene-fleece-pluesch-robe-osfm\\\/#primaryimage\"},\"image\":{\"@id\":\"https:\\\/\\\/marktxxl.de\\\/markt\\\/produkt\\\/star-trek-the-next-generation-captain-picard-kostuem-erwachsene-fleece-pluesch-robe-osfm\\\/#primaryimage\"},\"thumbnailUrl\":\"https:\\\/\\\/m.media-amazon.com\\\/images\\\/I\\\/31S6ZaMFuHL._SL500_.jpg\",\"datePublished\":\"2023-03-11T03:50:14+00:00\",\"dateModified\":\"2023-04-09T03:13:12+00:00\",\"description\":\"Markt-XXL Star Trek The Next Generation Captain Picard Kost\u00fcm Erwachsene Fleece Pl\u00fcsch Robe OSFM\",\"breadcrumb\":{\"@id\":\"https:\\\/\\\/marktxxl.de\\\/markt\\\/produkt\\\/star-trek-the-next-generation-captain-picard-kostuem-erwachsene-fleece-pluesch-robe-osfm\\\/#breadcrumb\"},\"inLanguage\":\"de\",\"potentialAction\":[{\"@type\":\"ReadAction\",\"target\":[\"https:\\\/\\\/marktxxl.de\\\/markt\\\/produkt\\\/star-trek-the-next-generation-captain-picard-kostuem-erwachsene-fleece-pluesch-robe-osfm\\\/\"]}]},{\"@type\":\"ImageObject\",\"inLanguage\":\"de\",\"@id\":\"https:\\\/\\\/marktxxl.de\\\/markt\\\/produkt\\\/star-trek-the-next-generation-captain-picard-kostuem-erwachsene-fleece-pluesch-robe-osfm\\\/#primaryimage\",\"url\":\"https:\\\/\\\/m.media-amazon.com\\\/images\\\/I\\\/31S6ZaMFuHL._SL500_.jpg\",\"contentUrl\":\"https:\\\/\\\/m.media-amazon.com\\\/images\\\/I\\\/31S6ZaMFuHL._SL500_.jpg\",\"width\":250,\"height\":500},{\"@type\":\"BreadcrumbList\",\"@id\":\"https:\\\/\\\/marktxxl.de\\\/markt\\\/produkt\\\/star-trek-the-next-generation-captain-picard-kostuem-erwachsene-fleece-pluesch-robe-osfm\\\/#breadcrumb\",\"itemListElement\":[{\"@type\":\"ListItem\",\"position\":1,\"name\":\"Startseite\",\"item\":\"https:\\\/\\\/marktxxl.de\\\/markt\\\/\"},{\"@type\":\"ListItem\",\"position\":2,\"name\":\"Markt\",\"item\":\"https:\\\/\\\/marktxxl.de\\\/markt\\\/\"},{\"@type\":\"ListItem\",\"position\":3,\"name\":\"Star Trek The Next Generation Captain Picard Kost\u00fcm Erwachsene Fleece Pl\u00fcsch Robe OSFM\"}]},{\"@type\":\"WebSite\",\"@id\":\"https:\\\/\\\/marktxxl.de\\\/markt\\\/#website\",\"url\":\"https:\\\/\\\/marktxxl.de\\\/markt\\\/\",\"name\":\"Markt-XXL\",\"description\":\"Ihr Markt Online\",\"publisher\":{\"@id\":\"https:\\\/\\\/marktxxl.de\\\/markt\\\/#organization\"},\"potentialAction\":[{\"@type\":\"SearchAction\",\"target\":{\"@type\":\"EntryPoint\",\"urlTemplate\":\"https:\\\/\\\/marktxxl.de\\\/markt\\\/?s={search_term_string}\"},\"query-input\":{\"@type\":\"PropertyValueSpecification\",\"valueRequired\":true,\"valueName\":\"search_term_string\"}}],\"inLanguage\":\"de\"},{\"@type\":\"Organization\",\"@id\":\"https:\\\/\\\/marktxxl.de\\\/markt\\\/#organization\",\"name\":\"Markt-XXL\",\"url\":\"https:\\\/\\\/marktxxl.de\\\/markt\\\/\",\"logo\":{\"@type\":\"ImageObject\",\"inLanguage\":\"de\",\"@id\":\"https:\\\/\\\/marktxxl.de\\\/markt\\\/#\\\/schema\\\/logo\\\/image\\\/\",\"url\":\"https:\\\/\\\/marktxxl.de\\\/markt\\\/wp-content\\\/uploads\\\/sites\\\/3\\\/2020\\\/12\\\/logo.png\",\"contentUrl\":\"https:\\\/\\\/marktxxl.de\\\/markt\\\/wp-content\\\/uploads\\\/sites\\\/3\\\/2020\\\/12\\\/logo.png\",\"width\":200,\"height\":70,\"caption\":\"Markt-XXL\"},\"image\":{\"@id\":\"https:\\\/\\\/marktxxl.de\\\/markt\\\/#\\\/schema\\\/logo\\\/image\\\/\"}}]}<\/script>\n<!-- \/ Yoast SEO plugin. -->","yoast_head_json":{"title":"Star Trek The Next Generation Captain Picard Kost\u00fcm Erwachsene Fleece Pl\u00fcsch Robe OSFM - Markt-XXL","description":"Markt-XXL Star Trek The Next Generation Captain Picard Kost\u00fcm Erwachsene Fleece Pl\u00fcsch Robe OSFM","robots":{"index":"index","follow":"follow","max-snippet":"max-snippet:-1","max-image-preview":"max-image-preview:large","max-video-preview":"max-video-preview:-1"},"canonical":"https:\/\/marktxxl.de\/markt\/produkt\/star-trek-the-next-generation-captain-picard-kostuem-erwachsene-fleece-pluesch-robe-osfm\/","og_locale":"de_DE","og_type":"article","og_title":"Star Trek The Next Generation Captain Picard Kost\u00fcm Erwachsene Fleece Pl\u00fcsch Robe OSFM - Markt-XXL","og_description":"Markt-XXL Star Trek The Next Generation Captain Picard Kost\u00fcm Erwachsene Fleece Pl\u00fcsch Robe OSFM","og_url":"https:\/\/marktxxl.de\/markt\/produkt\/star-trek-the-next-generation-captain-picard-kostuem-erwachsene-fleece-pluesch-robe-osfm\/","og_site_name":"Markt-XXL","article_modified_time":"2023-04-09T03:13:12+00:00","og_image":[{"width":250,"height":500,"url":"https:\/\/m.media-amazon.com\/images\/I\/31S6ZaMFuHL._SL500_.jpg","type":"image\/jpeg"}],"twitter_card":"summary_large_image","twitter_misc":{"Gesch\u00e4tzte Lesezeit":"1\u00a0Minute"},"schema":{"@context":"https:\/\/schema.org","@graph":[{"@type":"WebPage","@id":"https:\/\/marktxxl.de\/markt\/produkt\/star-trek-the-next-generation-captain-picard-kostuem-erwachsene-fleece-pluesch-robe-osfm\/","url":"https:\/\/marktxxl.de\/markt\/produkt\/star-trek-the-next-generation-captain-picard-kostuem-erwachsene-fleece-pluesch-robe-osfm\/","name":"Star Trek The Next Generation Captain Picard Kost\u00fcm Erwachsene Fleece Pl\u00fcsch Robe OSFM - Markt-XXL","isPartOf":{"@id":"https:\/\/marktxxl.de\/markt\/#website"},"primaryImageOfPage":{"@id":"https:\/\/marktxxl.de\/markt\/produkt\/star-trek-the-next-generation-captain-picard-kostuem-erwachsene-fleece-pluesch-robe-osfm\/#primaryimage"},"image":{"@id":"https:\/\/marktxxl.de\/markt\/produkt\/star-trek-the-next-generation-captain-picard-kostuem-erwachsene-fleece-pluesch-robe-osfm\/#primaryimage"},"thumbnailUrl":"https:\/\/m.media-amazon.com\/images\/I\/31S6ZaMFuHL._SL500_.jpg","datePublished":"2023-03-11T03:50:14+00:00","dateModified":"2023-04-09T03:13:12+00:00","description":"Markt-XXL Star Trek The Next Generation Captain Picard Kost\u00fcm Erwachsene Fleece Pl\u00fcsch Robe OSFM","breadcrumb":{"@id":"https:\/\/marktxxl.de\/markt\/produkt\/star-trek-the-next-generation-captain-picard-kostuem-erwachsene-fleece-pluesch-robe-osfm\/#breadcrumb"},"inLanguage":"de","potentialAction":[{"@type":"ReadAction","target":["https:\/\/marktxxl.de\/markt\/produkt\/star-trek-the-next-generation-captain-picard-kostuem-erwachsene-fleece-pluesch-robe-osfm\/"]}]},{"@type":"ImageObject","inLanguage":"de","@id":"https:\/\/marktxxl.de\/markt\/produkt\/star-trek-the-next-generation-captain-picard-kostuem-erwachsene-fleece-pluesch-robe-osfm\/#primaryimage","url":"https:\/\/m.media-amazon.com\/images\/I\/31S6ZaMFuHL._SL500_.jpg","contentUrl":"https:\/\/m.media-amazon.com\/images\/I\/31S6ZaMFuHL._SL500_.jpg","width":250,"height":500},{"@type":"BreadcrumbList","@id":"https:\/\/marktxxl.de\/markt\/produkt\/star-trek-the-next-generation-captain-picard-kostuem-erwachsene-fleece-pluesch-robe-osfm\/#breadcrumb","itemListElement":[{"@type":"ListItem","position":1,"name":"Startseite","item":"https:\/\/marktxxl.de\/markt\/"},{"@type":"ListItem","position":2,"name":"Markt","item":"https:\/\/marktxxl.de\/markt\/"},{"@type":"ListItem","position":3,"name":"Star Trek The Next Generation Captain Picard Kost\u00fcm Erwachsene Fleece Pl\u00fcsch Robe OSFM"}]},{"@type":"WebSite","@id":"https:\/\/marktxxl.de\/markt\/#website","url":"https:\/\/marktxxl.de\/markt\/","name":"Markt-XXL","description":"Ihr Markt Online","publisher":{"@id":"https:\/\/marktxxl.de\/markt\/#organization"},"potentialAction":[{"@type":"SearchAction","target":{"@type":"EntryPoint","urlTemplate":"https:\/\/marktxxl.de\/markt\/?s={search_term_string}"},"query-input":{"@type":"PropertyValueSpecification","valueRequired":true,"valueName":"search_term_string"}}],"inLanguage":"de"},{"@type":"Organization","@id":"https:\/\/marktxxl.de\/markt\/#organization","name":"Markt-XXL","url":"https:\/\/marktxxl.de\/markt\/","logo":{"@type":"ImageObject","inLanguage":"de","@id":"https:\/\/marktxxl.de\/markt\/#\/schema\/logo\/image\/","url":"https:\/\/marktxxl.de\/markt\/wp-content\/uploads\/sites\/3\/2020\/12\/logo.png","contentUrl":"https:\/\/marktxxl.de\/markt\/wp-content\/uploads\/sites\/3\/2020\/12\/logo.png","width":200,"height":70,"caption":"Markt-XXL"},"image":{"@id":"https:\/\/marktxxl.de\/markt\/#\/schema\/logo\/image\/"}}]}},"_links":{"self":[{"href":"https:\/\/marktxxl.de\/markt\/wp-json\/wp\/v2\/product\/193263","targetHints":{"allow":["GET"]}}],"collection":[{"href":"https:\/\/marktxxl.de\/markt\/wp-json\/wp\/v2\/product"}],"about":[{"href":"https:\/\/marktxxl.de\/markt\/wp-json\/wp\/v2\/types\/product"}],"replies":[{"embeddable":true,"href":"https:\/\/marktxxl.de\/markt\/wp-json\/wp\/v2\/comments?post=193263"}],"wp:featuredmedia":[{"embeddable":true,"href":"https:\/\/marktxxl.de\/markt\/wp-json\/wp\/v2\/media\/193264"}],"wp:attachment":[{"href":"https:\/\/marktxxl.de\/markt\/wp-json\/wp\/v2\/media?parent=193263"}],"wp:term":[{"taxonomy":"product_brand","embeddable":true,"href":"https:\/\/marktxxl.de\/markt\/wp-json\/wp\/v2\/product_brand?post=193263"},{"taxonomy":"product_cat","embeddable":true,"href":"https:\/\/marktxxl.de\/markt\/wp-json\/wp\/v2\/product_cat?post=193263"},{"taxonomy":"product_tag","embeddable":true,"href":"https:\/\/marktxxl.de\/markt\/wp-json\/wp\/v2\/product_tag?post=193263"}],"curies":[{"name":"wp","href":"https:\/\/api.w.org\/{rel}","templated":true}]}}