{"id":193236,"date":"2023-03-11T04:49:29","date_gmt":"2023-03-11T03:49:29","guid":{"rendered":"https:\/\/marktxxl.de\/markt\/produkt\/smartproduct-t-stueck-pe-rohr-fitting-20mm-x-20mm-x-20-mm-verschraubung-pn16-dvgw-trinkwasser-zertifiziert-klemmverbinder-pp-t-stueck-kupplung-kompatibel-mit-pe80-pe100-rohren-1\/"},"modified":"2023-04-09T05:13:11","modified_gmt":"2023-04-09T03:13:11","slug":"smartproduct-t-stueck-pe-rohr-fitting-20mm-x-20mm-x-20-mm-verschraubung-pn16-dvgw-trinkwasser-zertifiziert-klemmverbinder-pp-t-stueck-kupplung-kompatibel-mit-pe80-pe100-rohren-1","status":"publish","type":"product","link":"https:\/\/marktxxl.de\/markt\/produkt\/smartproduct-t-stueck-pe-rohr-fitting-20mm-x-20mm-x-20-mm-verschraubung-pn16-dvgw-trinkwasser-zertifiziert-klemmverbinder-pp-t-stueck-kupplung-kompatibel-mit-pe80-pe100-rohren-1\/","title":{"rendered":"SmartProduct T-St\u00fcck PE Rohr Fitting 20mm x 20mm x 20 mm Verschraubung PN16 DVGW Trinkwasser zertifiziert\u2026"},"content":{"rendered":"<p>Langlebige Materialien, Konstruktion: Hergestellt aus hochwertigem PP-Material und mit hochwertiger Fertigung sind unsere Wasserrohrverschraubungen besonders robust und ideal f\u00fcr Wasserversorgungssysteme im Innen- und Au\u00dfenbereich, Gartenschl\u00e4uche und Bew\u00e4sserungssysteme.<br \/>\nStreng qualit\u00e4tsgepr\u00fcft und zugelassen: Dieser Schlauchanschluss wird strengen Qualit\u00e4ts- und Leistungstests unterzogen und von DVGW, Wien-Zert, KIWA, UBA, OIB, ITC und Carso sicher zertifiziert. Er entspricht den EU-Normen und Standards.<br \/>\nLangfristige Druckbest\u00e4ndigkeit: Diese Wasserrohrverschraubungen werden aus erstklassigen Rohstoffen hergestellt und verf\u00fcgen \u00fcber hochwertige, mit Silikon beschichtete O-Ringe und starke Klemmringe. Der Metallring sorgt f\u00fcr eine lang anhaltende Leistung des Schlauchanschlusses.<br \/>\nSichere Kunststoffschlauchanschl\u00fcsse: Diese Schlauchanschl\u00fcsse verf\u00fcgen \u00fcber Muttern mit 4-6 Gewinden, die bessere Auszieheigenschaften f\u00fcr eine st\u00e4rkere Rohrverbindung gew\u00e4hrleisten. Erleichtere dir deine Arbeit mit praktischen Wasserrohr- oder Gartenschlauchanschl\u00fcssen.<br \/>\nHochbelastbare Schlauchanschl\u00fcsse: Unsere 20mm Fittings sind wetterfest, UV-best\u00e4ndig, temperaturbest\u00e4ndig und halten wirklich lange. Sie halten einem Betriebsdruck von bis zu 16 bar stand und sind sicher sowie f\u00fcr Trinkwasser zertifiziert.<br \/>\n<div class=\"main-cross-sell\" data-asin=\"B0BRLDBCBM\">\n\n\t<div class=\"WooZone-cross-sell-loader\">\n\t\t<div>\n\t\t\t<div id=\"floatingBarsG\">\n\t\t\t\t<div class=\"blockG\" id=\"rotateG_01\"><\/div>\n\t\t\t\t<div class=\"blockG\" id=\"rotateG_02\"><\/div>\n\t\t\t\t<div class=\"blockG\" id=\"rotateG_03\"><\/div>\n\t\t\t\t<div class=\"blockG\" id=\"rotateG_04\"><\/div>\n\t\t\t\t<div class=\"blockG\" id=\"rotateG_05\"><\/div>\n\t\t\t\t<div class=\"blockG\" id=\"rotateG_06\"><\/div>\n\t\t\t\t<div class=\"blockG\" id=\"rotateG_07\"><\/div>\n\t\t\t\t<div class=\"blockG\" id=\"rotateG_08\"><\/div>\n\t\t\t<\/div>\n\t\t\t<div class=\"WooZone-cross-sell-loader-text\"><\/div>\n\t\t<\/div>\n\t<\/div>\n\n\t\t\n<\/div>\n<div style=\"clear:both;\"><\/div><\/p>\n","protected":false},"excerpt":{"rendered":"<p>Langlebige Materialien, Konstruktion: Hergestellt aus hochwertigem PP-Material und mit hochwertiger Fertigung sind unsere Wasserrohrverschraubungen besonders robust und ideal f\u00fcr Wasserversorgungssysteme im Innen- und Au\u00dfenbereich, Gartenschl\u00e4uche und Bew\u00e4sserungssysteme.<br \/>\nStreng qualit\u00e4tsgepr\u00fcft und zugelassen: Dieser Schlauchanschluss wird strengen Qualit\u00e4ts- und Leistungstests unterzogen und von DVGW, Wien-Zert, KIWA, UBA, OIB, ITC und Carso sicher zertifiziert. Er entspricht den EU-Normen und Standards.<br \/>\nLangfristige Druckbest\u00e4ndigkeit: Diese Wasserrohrverschraubungen werden aus erstklassigen Rohstoffen hergestellt und verf\u00fcgen \u00fcber hochwertige, mit Silikon beschichtete O-Ringe und starke Klemmringe. Der Metallring sorgt f\u00fcr eine lang anhaltende Leistung des Schlauchanschlusses.<\/p>\n","protected":false},"featured_media":193237,"comment_status":"open","ping_status":"closed","template":"","meta":[],"product_brand":[],"product_cat":[1983,11319],"product_tag":[],"class_list":{"0":"post-193236","1":"product","2":"type-product","3":"status-publish","4":"has-post-thumbnail","6":"product_cat-baumarkt","7":"product_cat-sanitaer","8":"pa_brand-smartproduct","9":"pa_color-schwarz-und-blau","10":"pa_height-1-81102-zoll","11":"pa_length-5-03936-zoll","12":"pa_manufacturer-sigma-team-gmbh","13":"pa_model-spt20","14":"pa_weight-0-2094391489-pfund","15":"pa_width-3-42519-zoll","17":"first","18":"instock","19":"shipping-taxable","20":"purchasable","21":"product-type-simple","22":"customify-col","23":"product-has-gallery"},"yoast_head":"<!-- This site is optimized with the Yoast SEO plugin v27.4 - https:\/\/yoast.com\/product\/yoast-seo-wordpress\/ -->\n<title>SmartProduct T-St\u00fcck PE Rohr Fitting 20mm x 20mm x 20 mm Verschraubung PN16 DVGW Trinkwasser zertifiziert\u2026 - Markt-XXL<\/title>\n<meta name=\"description\" content=\"Markt-XXL SmartProduct T-St\u00fcck PE Rohr Fitting 20mm x 20mm x 20 mm Verschraubung PN16 DVGW Trinkwasser zertifiziert\u2026\" \/>\n<meta name=\"robots\" content=\"index, follow, max-snippet:-1, max-image-preview:large, max-video-preview:-1\" \/>\n<link rel=\"canonical\" href=\"https:\/\/marktxxl.de\/markt\/produkt\/smartproduct-t-stueck-pe-rohr-fitting-20mm-x-20mm-x-20-mm-verschraubung-pn16-dvgw-trinkwasser-zertifiziert-klemmverbinder-pp-t-stueck-kupplung-kompatibel-mit-pe80-pe100-rohren-1\/\" \/>\n<meta property=\"og:locale\" content=\"de_DE\" \/>\n<meta property=\"og:type\" content=\"article\" \/>\n<meta property=\"og:title\" content=\"SmartProduct T-St\u00fcck PE Rohr Fitting 20mm x 20mm x 20 mm Verschraubung PN16 DVGW Trinkwasser zertifiziert\u2026 - Markt-XXL\" \/>\n<meta property=\"og:description\" content=\"Markt-XXL SmartProduct T-St\u00fcck PE Rohr Fitting 20mm x 20mm x 20 mm Verschraubung PN16 DVGW Trinkwasser zertifiziert\u2026\" \/>\n<meta property=\"og:url\" content=\"https:\/\/marktxxl.de\/markt\/produkt\/smartproduct-t-stueck-pe-rohr-fitting-20mm-x-20mm-x-20-mm-verschraubung-pn16-dvgw-trinkwasser-zertifiziert-klemmverbinder-pp-t-stueck-kupplung-kompatibel-mit-pe80-pe100-rohren-1\/\" \/>\n<meta property=\"og:site_name\" content=\"Markt-XXL\" \/>\n<meta property=\"article:modified_time\" content=\"2023-04-09T03:13:11+00:00\" \/>\n<meta property=\"og:image\" content=\"https:\/\/m.media-amazon.com\/images\/I\/31f02GDs0eL._SL500_.jpg\" \/>\n\t<meta property=\"og:image:width\" content=\"500\" \/>\n\t<meta property=\"og:image:height\" content=\"500\" \/>\n\t<meta property=\"og:image:type\" content=\"image\/jpeg\" \/>\n<meta name=\"twitter:card\" content=\"summary_large_image\" \/>\n<meta name=\"twitter:label1\" content=\"Gesch\u00e4tzte Lesezeit\" \/>\n\t<meta name=\"twitter:data1\" content=\"1\u00a0Minute\" \/>\n<script type=\"application\/ld+json\" class=\"yoast-schema-graph\">{\"@context\":\"https:\\\/\\\/schema.org\",\"@graph\":[{\"@type\":\"WebPage\",\"@id\":\"https:\\\/\\\/marktxxl.de\\\/markt\\\/produkt\\\/smartproduct-t-stueck-pe-rohr-fitting-20mm-x-20mm-x-20-mm-verschraubung-pn16-dvgw-trinkwasser-zertifiziert-klemmverbinder-pp-t-stueck-kupplung-kompatibel-mit-pe80-pe100-rohren-1\\\/\",\"url\":\"https:\\\/\\\/marktxxl.de\\\/markt\\\/produkt\\\/smartproduct-t-stueck-pe-rohr-fitting-20mm-x-20mm-x-20-mm-verschraubung-pn16-dvgw-trinkwasser-zertifiziert-klemmverbinder-pp-t-stueck-kupplung-kompatibel-mit-pe80-pe100-rohren-1\\\/\",\"name\":\"SmartProduct T-St\u00fcck PE Rohr Fitting 20mm x 20mm x 20 mm Verschraubung PN16 DVGW Trinkwasser zertifiziert\u2026 - Markt-XXL\",\"isPartOf\":{\"@id\":\"https:\\\/\\\/marktxxl.de\\\/markt\\\/#website\"},\"primaryImageOfPage\":{\"@id\":\"https:\\\/\\\/marktxxl.de\\\/markt\\\/produkt\\\/smartproduct-t-stueck-pe-rohr-fitting-20mm-x-20mm-x-20-mm-verschraubung-pn16-dvgw-trinkwasser-zertifiziert-klemmverbinder-pp-t-stueck-kupplung-kompatibel-mit-pe80-pe100-rohren-1\\\/#primaryimage\"},\"image\":{\"@id\":\"https:\\\/\\\/marktxxl.de\\\/markt\\\/produkt\\\/smartproduct-t-stueck-pe-rohr-fitting-20mm-x-20mm-x-20-mm-verschraubung-pn16-dvgw-trinkwasser-zertifiziert-klemmverbinder-pp-t-stueck-kupplung-kompatibel-mit-pe80-pe100-rohren-1\\\/#primaryimage\"},\"thumbnailUrl\":\"https:\\\/\\\/m.media-amazon.com\\\/images\\\/I\\\/31f02GDs0eL._SL500_.jpg\",\"datePublished\":\"2023-03-11T03:49:29+00:00\",\"dateModified\":\"2023-04-09T03:13:11+00:00\",\"description\":\"Markt-XXL SmartProduct T-St\u00fcck PE Rohr Fitting 20mm x 20mm x 20 mm Verschraubung PN16 DVGW Trinkwasser zertifiziert\u2026\",\"breadcrumb\":{\"@id\":\"https:\\\/\\\/marktxxl.de\\\/markt\\\/produkt\\\/smartproduct-t-stueck-pe-rohr-fitting-20mm-x-20mm-x-20-mm-verschraubung-pn16-dvgw-trinkwasser-zertifiziert-klemmverbinder-pp-t-stueck-kupplung-kompatibel-mit-pe80-pe100-rohren-1\\\/#breadcrumb\"},\"inLanguage\":\"de\",\"potentialAction\":[{\"@type\":\"ReadAction\",\"target\":[\"https:\\\/\\\/marktxxl.de\\\/markt\\\/produkt\\\/smartproduct-t-stueck-pe-rohr-fitting-20mm-x-20mm-x-20-mm-verschraubung-pn16-dvgw-trinkwasser-zertifiziert-klemmverbinder-pp-t-stueck-kupplung-kompatibel-mit-pe80-pe100-rohren-1\\\/\"]}]},{\"@type\":\"ImageObject\",\"inLanguage\":\"de\",\"@id\":\"https:\\\/\\\/marktxxl.de\\\/markt\\\/produkt\\\/smartproduct-t-stueck-pe-rohr-fitting-20mm-x-20mm-x-20-mm-verschraubung-pn16-dvgw-trinkwasser-zertifiziert-klemmverbinder-pp-t-stueck-kupplung-kompatibel-mit-pe80-pe100-rohren-1\\\/#primaryimage\",\"url\":\"https:\\\/\\\/m.media-amazon.com\\\/images\\\/I\\\/31f02GDs0eL._SL500_.jpg\",\"contentUrl\":\"https:\\\/\\\/m.media-amazon.com\\\/images\\\/I\\\/31f02GDs0eL._SL500_.jpg\",\"width\":500,\"height\":500},{\"@type\":\"BreadcrumbList\",\"@id\":\"https:\\\/\\\/marktxxl.de\\\/markt\\\/produkt\\\/smartproduct-t-stueck-pe-rohr-fitting-20mm-x-20mm-x-20-mm-verschraubung-pn16-dvgw-trinkwasser-zertifiziert-klemmverbinder-pp-t-stueck-kupplung-kompatibel-mit-pe80-pe100-rohren-1\\\/#breadcrumb\",\"itemListElement\":[{\"@type\":\"ListItem\",\"position\":1,\"name\":\"Startseite\",\"item\":\"https:\\\/\\\/marktxxl.de\\\/markt\\\/\"},{\"@type\":\"ListItem\",\"position\":2,\"name\":\"Markt\",\"item\":\"https:\\\/\\\/marktxxl.de\\\/markt\\\/\"},{\"@type\":\"ListItem\",\"position\":3,\"name\":\"SmartProduct T-St\u00fcck PE Rohr Fitting 20mm x 20mm x 20 mm Verschraubung PN16 DVGW Trinkwasser zertifiziert\u2026\"}]},{\"@type\":\"WebSite\",\"@id\":\"https:\\\/\\\/marktxxl.de\\\/markt\\\/#website\",\"url\":\"https:\\\/\\\/marktxxl.de\\\/markt\\\/\",\"name\":\"Markt-XXL\",\"description\":\"Ihr Markt Online\",\"publisher\":{\"@id\":\"https:\\\/\\\/marktxxl.de\\\/markt\\\/#organization\"},\"potentialAction\":[{\"@type\":\"SearchAction\",\"target\":{\"@type\":\"EntryPoint\",\"urlTemplate\":\"https:\\\/\\\/marktxxl.de\\\/markt\\\/?s={search_term_string}\"},\"query-input\":{\"@type\":\"PropertyValueSpecification\",\"valueRequired\":true,\"valueName\":\"search_term_string\"}}],\"inLanguage\":\"de\"},{\"@type\":\"Organization\",\"@id\":\"https:\\\/\\\/marktxxl.de\\\/markt\\\/#organization\",\"name\":\"Markt-XXL\",\"url\":\"https:\\\/\\\/marktxxl.de\\\/markt\\\/\",\"logo\":{\"@type\":\"ImageObject\",\"inLanguage\":\"de\",\"@id\":\"https:\\\/\\\/marktxxl.de\\\/markt\\\/#\\\/schema\\\/logo\\\/image\\\/\",\"url\":\"https:\\\/\\\/marktxxl.de\\\/markt\\\/wp-content\\\/uploads\\\/sites\\\/3\\\/2020\\\/12\\\/logo.png\",\"contentUrl\":\"https:\\\/\\\/marktxxl.de\\\/markt\\\/wp-content\\\/uploads\\\/sites\\\/3\\\/2020\\\/12\\\/logo.png\",\"width\":200,\"height\":70,\"caption\":\"Markt-XXL\"},\"image\":{\"@id\":\"https:\\\/\\\/marktxxl.de\\\/markt\\\/#\\\/schema\\\/logo\\\/image\\\/\"}}]}<\/script>\n<!-- \/ Yoast SEO plugin. -->","yoast_head_json":{"title":"SmartProduct T-St\u00fcck PE Rohr Fitting 20mm x 20mm x 20 mm Verschraubung PN16 DVGW Trinkwasser zertifiziert\u2026 - Markt-XXL","description":"Markt-XXL SmartProduct T-St\u00fcck PE Rohr Fitting 20mm x 20mm x 20 mm Verschraubung PN16 DVGW Trinkwasser zertifiziert\u2026","robots":{"index":"index","follow":"follow","max-snippet":"max-snippet:-1","max-image-preview":"max-image-preview:large","max-video-preview":"max-video-preview:-1"},"canonical":"https:\/\/marktxxl.de\/markt\/produkt\/smartproduct-t-stueck-pe-rohr-fitting-20mm-x-20mm-x-20-mm-verschraubung-pn16-dvgw-trinkwasser-zertifiziert-klemmverbinder-pp-t-stueck-kupplung-kompatibel-mit-pe80-pe100-rohren-1\/","og_locale":"de_DE","og_type":"article","og_title":"SmartProduct T-St\u00fcck PE Rohr Fitting 20mm x 20mm x 20 mm Verschraubung PN16 DVGW Trinkwasser zertifiziert\u2026 - Markt-XXL","og_description":"Markt-XXL SmartProduct T-St\u00fcck PE Rohr Fitting 20mm x 20mm x 20 mm Verschraubung PN16 DVGW Trinkwasser zertifiziert\u2026","og_url":"https:\/\/marktxxl.de\/markt\/produkt\/smartproduct-t-stueck-pe-rohr-fitting-20mm-x-20mm-x-20-mm-verschraubung-pn16-dvgw-trinkwasser-zertifiziert-klemmverbinder-pp-t-stueck-kupplung-kompatibel-mit-pe80-pe100-rohren-1\/","og_site_name":"Markt-XXL","article_modified_time":"2023-04-09T03:13:11+00:00","og_image":[{"width":500,"height":500,"url":"https:\/\/m.media-amazon.com\/images\/I\/31f02GDs0eL._SL500_.jpg","type":"image\/jpeg"}],"twitter_card":"summary_large_image","twitter_misc":{"Gesch\u00e4tzte Lesezeit":"1\u00a0Minute"},"schema":{"@context":"https:\/\/schema.org","@graph":[{"@type":"WebPage","@id":"https:\/\/marktxxl.de\/markt\/produkt\/smartproduct-t-stueck-pe-rohr-fitting-20mm-x-20mm-x-20-mm-verschraubung-pn16-dvgw-trinkwasser-zertifiziert-klemmverbinder-pp-t-stueck-kupplung-kompatibel-mit-pe80-pe100-rohren-1\/","url":"https:\/\/marktxxl.de\/markt\/produkt\/smartproduct-t-stueck-pe-rohr-fitting-20mm-x-20mm-x-20-mm-verschraubung-pn16-dvgw-trinkwasser-zertifiziert-klemmverbinder-pp-t-stueck-kupplung-kompatibel-mit-pe80-pe100-rohren-1\/","name":"SmartProduct T-St\u00fcck PE Rohr Fitting 20mm x 20mm x 20 mm Verschraubung PN16 DVGW Trinkwasser zertifiziert\u2026 - Markt-XXL","isPartOf":{"@id":"https:\/\/marktxxl.de\/markt\/#website"},"primaryImageOfPage":{"@id":"https:\/\/marktxxl.de\/markt\/produkt\/smartproduct-t-stueck-pe-rohr-fitting-20mm-x-20mm-x-20-mm-verschraubung-pn16-dvgw-trinkwasser-zertifiziert-klemmverbinder-pp-t-stueck-kupplung-kompatibel-mit-pe80-pe100-rohren-1\/#primaryimage"},"image":{"@id":"https:\/\/marktxxl.de\/markt\/produkt\/smartproduct-t-stueck-pe-rohr-fitting-20mm-x-20mm-x-20-mm-verschraubung-pn16-dvgw-trinkwasser-zertifiziert-klemmverbinder-pp-t-stueck-kupplung-kompatibel-mit-pe80-pe100-rohren-1\/#primaryimage"},"thumbnailUrl":"https:\/\/m.media-amazon.com\/images\/I\/31f02GDs0eL._SL500_.jpg","datePublished":"2023-03-11T03:49:29+00:00","dateModified":"2023-04-09T03:13:11+00:00","description":"Markt-XXL SmartProduct T-St\u00fcck PE Rohr Fitting 20mm x 20mm x 20 mm Verschraubung PN16 DVGW Trinkwasser zertifiziert\u2026","breadcrumb":{"@id":"https:\/\/marktxxl.de\/markt\/produkt\/smartproduct-t-stueck-pe-rohr-fitting-20mm-x-20mm-x-20-mm-verschraubung-pn16-dvgw-trinkwasser-zertifiziert-klemmverbinder-pp-t-stueck-kupplung-kompatibel-mit-pe80-pe100-rohren-1\/#breadcrumb"},"inLanguage":"de","potentialAction":[{"@type":"ReadAction","target":["https:\/\/marktxxl.de\/markt\/produkt\/smartproduct-t-stueck-pe-rohr-fitting-20mm-x-20mm-x-20-mm-verschraubung-pn16-dvgw-trinkwasser-zertifiziert-klemmverbinder-pp-t-stueck-kupplung-kompatibel-mit-pe80-pe100-rohren-1\/"]}]},{"@type":"ImageObject","inLanguage":"de","@id":"https:\/\/marktxxl.de\/markt\/produkt\/smartproduct-t-stueck-pe-rohr-fitting-20mm-x-20mm-x-20-mm-verschraubung-pn16-dvgw-trinkwasser-zertifiziert-klemmverbinder-pp-t-stueck-kupplung-kompatibel-mit-pe80-pe100-rohren-1\/#primaryimage","url":"https:\/\/m.media-amazon.com\/images\/I\/31f02GDs0eL._SL500_.jpg","contentUrl":"https:\/\/m.media-amazon.com\/images\/I\/31f02GDs0eL._SL500_.jpg","width":500,"height":500},{"@type":"BreadcrumbList","@id":"https:\/\/marktxxl.de\/markt\/produkt\/smartproduct-t-stueck-pe-rohr-fitting-20mm-x-20mm-x-20-mm-verschraubung-pn16-dvgw-trinkwasser-zertifiziert-klemmverbinder-pp-t-stueck-kupplung-kompatibel-mit-pe80-pe100-rohren-1\/#breadcrumb","itemListElement":[{"@type":"ListItem","position":1,"name":"Startseite","item":"https:\/\/marktxxl.de\/markt\/"},{"@type":"ListItem","position":2,"name":"Markt","item":"https:\/\/marktxxl.de\/markt\/"},{"@type":"ListItem","position":3,"name":"SmartProduct T-St\u00fcck PE Rohr Fitting 20mm x 20mm x 20 mm Verschraubung PN16 DVGW Trinkwasser zertifiziert\u2026"}]},{"@type":"WebSite","@id":"https:\/\/marktxxl.de\/markt\/#website","url":"https:\/\/marktxxl.de\/markt\/","name":"Markt-XXL","description":"Ihr Markt Online","publisher":{"@id":"https:\/\/marktxxl.de\/markt\/#organization"},"potentialAction":[{"@type":"SearchAction","target":{"@type":"EntryPoint","urlTemplate":"https:\/\/marktxxl.de\/markt\/?s={search_term_string}"},"query-input":{"@type":"PropertyValueSpecification","valueRequired":true,"valueName":"search_term_string"}}],"inLanguage":"de"},{"@type":"Organization","@id":"https:\/\/marktxxl.de\/markt\/#organization","name":"Markt-XXL","url":"https:\/\/marktxxl.de\/markt\/","logo":{"@type":"ImageObject","inLanguage":"de","@id":"https:\/\/marktxxl.de\/markt\/#\/schema\/logo\/image\/","url":"https:\/\/marktxxl.de\/markt\/wp-content\/uploads\/sites\/3\/2020\/12\/logo.png","contentUrl":"https:\/\/marktxxl.de\/markt\/wp-content\/uploads\/sites\/3\/2020\/12\/logo.png","width":200,"height":70,"caption":"Markt-XXL"},"image":{"@id":"https:\/\/marktxxl.de\/markt\/#\/schema\/logo\/image\/"}}]}},"_links":{"self":[{"href":"https:\/\/marktxxl.de\/markt\/wp-json\/wp\/v2\/product\/193236","targetHints":{"allow":["GET"]}}],"collection":[{"href":"https:\/\/marktxxl.de\/markt\/wp-json\/wp\/v2\/product"}],"about":[{"href":"https:\/\/marktxxl.de\/markt\/wp-json\/wp\/v2\/types\/product"}],"replies":[{"embeddable":true,"href":"https:\/\/marktxxl.de\/markt\/wp-json\/wp\/v2\/comments?post=193236"}],"wp:featuredmedia":[{"embeddable":true,"href":"https:\/\/marktxxl.de\/markt\/wp-json\/wp\/v2\/media\/193237"}],"wp:attachment":[{"href":"https:\/\/marktxxl.de\/markt\/wp-json\/wp\/v2\/media?parent=193236"}],"wp:term":[{"taxonomy":"product_brand","embeddable":true,"href":"https:\/\/marktxxl.de\/markt\/wp-json\/wp\/v2\/product_brand?post=193236"},{"taxonomy":"product_cat","embeddable":true,"href":"https:\/\/marktxxl.de\/markt\/wp-json\/wp\/v2\/product_cat?post=193236"},{"taxonomy":"product_tag","embeddable":true,"href":"https:\/\/marktxxl.de\/markt\/wp-json\/wp\/v2\/product_tag?post=193236"}],"curies":[{"name":"wp","href":"https:\/\/api.w.org\/{rel}","templated":true}]}}