{"id":193227,"date":"2023-03-11T04:47:21","date_gmt":"2023-03-11T03:47:21","guid":{"rendered":"https:\/\/marktxxl.de\/markt\/produkt\/shapton-glass-stone-320-hr-by-shapton\/"},"modified":"2023-04-09T05:13:11","modified_gmt":"2023-04-09T03:13:11","slug":"shapton-glass-stone-320-hr-by-shapton","status":"publish","type":"product","link":"https:\/\/marktxxl.de\/markt\/produkt\/shapton-glass-stone-320-hr-by-shapton\/","title":{"rendered":"Shapton Glass Stone 320 HR by Shapton"},"content":{"rendered":"<p>Verpackungsabmessungen (L x B x H): 21.2 x 7.6 x 2 zm<br \/>\nSOFORT BEGINNEN: Shapton-Steine m\u00fcssen vor Gebrauch nicht in Wasser eingeweicht werden. Einfach etwas Wasser aufspr\u00fchen und in Sekundenschnelle mit dem Sch\u00e4rfen beginnen<br \/>\nREDUZIERTER VERSCHLEISS: Die einzigartige Bindemitteltechnologie von Shapton erm\u00f6glicht eine optimale Leistung der Schleifmittel, was zu langlebigen Sch\u00e4rfsteinen f\u00fchrt<br \/>\nSCHLEIFEN SCHNELLER: Shapton-Steine lassen sich wegen ihres hohen Schleifmittelgehalts hervorragend sch\u00e4rfen &#8211; man kann im Handumdrehen eine Schneide formen<br \/>\n<div class=\"main-cross-sell\" data-asin=\"B005NY0X0K\">\n\n\t<div class=\"WooZone-cross-sell-loader\">\n\t\t<div>\n\t\t\t<div id=\"floatingBarsG\">\n\t\t\t\t<div class=\"blockG\" id=\"rotateG_01\"><\/div>\n\t\t\t\t<div class=\"blockG\" id=\"rotateG_02\"><\/div>\n\t\t\t\t<div class=\"blockG\" id=\"rotateG_03\"><\/div>\n\t\t\t\t<div class=\"blockG\" id=\"rotateG_04\"><\/div>\n\t\t\t\t<div class=\"blockG\" id=\"rotateG_05\"><\/div>\n\t\t\t\t<div class=\"blockG\" id=\"rotateG_06\"><\/div>\n\t\t\t\t<div class=\"blockG\" id=\"rotateG_07\"><\/div>\n\t\t\t\t<div class=\"blockG\" id=\"rotateG_08\"><\/div>\n\t\t\t<\/div>\n\t\t\t<div class=\"WooZone-cross-sell-loader-text\"><\/div>\n\t\t<\/div>\n\t<\/div>\n\n\t\t\n<\/div>\n<div style=\"clear:both;\"><\/div><\/p>\n","protected":false},"excerpt":{"rendered":"<p>Verpackungsabmessungen (L x B x H): 21.2 x 7.6 x 2 zm<br \/>\nSOFORT BEGINNEN: Shapton-Steine m\u00fcssen vor Gebrauch nicht in Wasser eingeweicht werden. Einfach etwas Wasser aufspr\u00fchen und in Sekundenschnelle mit dem Sch\u00e4rfen beginnen<br \/>\nREDUZIERTER VERSCHLEISS: Die einzigartige Bindemitteltechnologie von Shapton erm\u00f6glicht eine optimale Leistung der Schleifmittel, was zu langlebigen Sch\u00e4rfsteinen f\u00fchrt<\/p>\n","protected":false},"featured_media":193228,"comment_status":"open","ping_status":"closed","template":"","meta":[],"product_brand":[],"product_cat":[1983,11212],"product_tag":[],"class_list":{"0":"post-193227","1":"product","2":"type-product","3":"status-publish","4":"has-post-thumbnail","6":"product_cat-baumarkt","7":"product_cat-malerbedarf-werkzeuge-tapeten","8":"pa_binding-haushaltswaren","9":"pa_brand-shapton","10":"pa_height-0-79-zoll","11":"pa_length-8-35-zoll","12":"pa_model-shgl17","13":"pa_weight-0-9-pfund","14":"pa_width-2-99-zoll","16":"first","17":"instock","18":"shipping-taxable","19":"purchasable","20":"product-type-simple","21":"customify-col","22":"product-has-gallery"},"yoast_head":"<!-- This site is optimized with the Yoast SEO plugin v27.3 - https:\/\/yoast.com\/product\/yoast-seo-wordpress\/ -->\n<title>Shapton Glass Stone 320 HR by Shapton - Markt-XXL<\/title>\n<meta name=\"description\" content=\"Markt-XXL Shapton Glass Stone 320 HR by Shapton\" \/>\n<meta name=\"robots\" content=\"index, follow, max-snippet:-1, max-image-preview:large, max-video-preview:-1\" \/>\n<link rel=\"canonical\" href=\"https:\/\/marktxxl.de\/markt\/produkt\/shapton-glass-stone-320-hr-by-shapton\/\" \/>\n<meta property=\"og:locale\" content=\"de_DE\" \/>\n<meta property=\"og:type\" content=\"article\" \/>\n<meta property=\"og:title\" content=\"Shapton Glass Stone 320 HR by Shapton - Markt-XXL\" \/>\n<meta property=\"og:description\" content=\"Markt-XXL Shapton Glass Stone 320 HR by Shapton\" \/>\n<meta property=\"og:url\" content=\"https:\/\/marktxxl.de\/markt\/produkt\/shapton-glass-stone-320-hr-by-shapton\/\" \/>\n<meta property=\"og:site_name\" content=\"Markt-XXL\" \/>\n<meta property=\"article:modified_time\" content=\"2023-04-09T03:13:11+00:00\" \/>\n<meta property=\"og:image\" content=\"https:\/\/m.media-amazon.com\/images\/I\/31Iv38vEhUL._SL500_.jpg\" \/>\n\t<meta property=\"og:image:width\" content=\"500\" \/>\n\t<meta property=\"og:image:height\" content=\"450\" \/>\n\t<meta property=\"og:image:type\" content=\"image\/jpeg\" \/>\n<meta name=\"twitter:card\" content=\"summary_large_image\" \/>\n<script type=\"application\/ld+json\" class=\"yoast-schema-graph\">{\"@context\":\"https:\\\/\\\/schema.org\",\"@graph\":[{\"@type\":\"WebPage\",\"@id\":\"https:\\\/\\\/marktxxl.de\\\/markt\\\/produkt\\\/shapton-glass-stone-320-hr-by-shapton\\\/\",\"url\":\"https:\\\/\\\/marktxxl.de\\\/markt\\\/produkt\\\/shapton-glass-stone-320-hr-by-shapton\\\/\",\"name\":\"Shapton Glass Stone 320 HR by Shapton - Markt-XXL\",\"isPartOf\":{\"@id\":\"https:\\\/\\\/marktxxl.de\\\/markt\\\/#website\"},\"primaryImageOfPage\":{\"@id\":\"https:\\\/\\\/marktxxl.de\\\/markt\\\/produkt\\\/shapton-glass-stone-320-hr-by-shapton\\\/#primaryimage\"},\"image\":{\"@id\":\"https:\\\/\\\/marktxxl.de\\\/markt\\\/produkt\\\/shapton-glass-stone-320-hr-by-shapton\\\/#primaryimage\"},\"thumbnailUrl\":\"https:\\\/\\\/m.media-amazon.com\\\/images\\\/I\\\/31Iv38vEhUL._SL500_.jpg\",\"datePublished\":\"2023-03-11T03:47:21+00:00\",\"dateModified\":\"2023-04-09T03:13:11+00:00\",\"description\":\"Markt-XXL Shapton Glass Stone 320 HR by Shapton\",\"breadcrumb\":{\"@id\":\"https:\\\/\\\/marktxxl.de\\\/markt\\\/produkt\\\/shapton-glass-stone-320-hr-by-shapton\\\/#breadcrumb\"},\"inLanguage\":\"de\",\"potentialAction\":[{\"@type\":\"ReadAction\",\"target\":[\"https:\\\/\\\/marktxxl.de\\\/markt\\\/produkt\\\/shapton-glass-stone-320-hr-by-shapton\\\/\"]}]},{\"@type\":\"ImageObject\",\"inLanguage\":\"de\",\"@id\":\"https:\\\/\\\/marktxxl.de\\\/markt\\\/produkt\\\/shapton-glass-stone-320-hr-by-shapton\\\/#primaryimage\",\"url\":\"https:\\\/\\\/m.media-amazon.com\\\/images\\\/I\\\/31Iv38vEhUL._SL500_.jpg\",\"contentUrl\":\"https:\\\/\\\/m.media-amazon.com\\\/images\\\/I\\\/31Iv38vEhUL._SL500_.jpg\",\"width\":500,\"height\":450},{\"@type\":\"BreadcrumbList\",\"@id\":\"https:\\\/\\\/marktxxl.de\\\/markt\\\/produkt\\\/shapton-glass-stone-320-hr-by-shapton\\\/#breadcrumb\",\"itemListElement\":[{\"@type\":\"ListItem\",\"position\":1,\"name\":\"Startseite\",\"item\":\"https:\\\/\\\/marktxxl.de\\\/markt\\\/\"},{\"@type\":\"ListItem\",\"position\":2,\"name\":\"Markt\",\"item\":\"https:\\\/\\\/marktxxl.de\\\/markt\\\/\"},{\"@type\":\"ListItem\",\"position\":3,\"name\":\"Shapton Glass Stone 320 HR by Shapton\"}]},{\"@type\":\"WebSite\",\"@id\":\"https:\\\/\\\/marktxxl.de\\\/markt\\\/#website\",\"url\":\"https:\\\/\\\/marktxxl.de\\\/markt\\\/\",\"name\":\"Markt-XXL\",\"description\":\"Ihr Markt Online\",\"publisher\":{\"@id\":\"https:\\\/\\\/marktxxl.de\\\/markt\\\/#organization\"},\"potentialAction\":[{\"@type\":\"SearchAction\",\"target\":{\"@type\":\"EntryPoint\",\"urlTemplate\":\"https:\\\/\\\/marktxxl.de\\\/markt\\\/?s={search_term_string}\"},\"query-input\":{\"@type\":\"PropertyValueSpecification\",\"valueRequired\":true,\"valueName\":\"search_term_string\"}}],\"inLanguage\":\"de\"},{\"@type\":\"Organization\",\"@id\":\"https:\\\/\\\/marktxxl.de\\\/markt\\\/#organization\",\"name\":\"Markt-XXL\",\"url\":\"https:\\\/\\\/marktxxl.de\\\/markt\\\/\",\"logo\":{\"@type\":\"ImageObject\",\"inLanguage\":\"de\",\"@id\":\"https:\\\/\\\/marktxxl.de\\\/markt\\\/#\\\/schema\\\/logo\\\/image\\\/\",\"url\":\"https:\\\/\\\/marktxxl.de\\\/markt\\\/wp-content\\\/uploads\\\/sites\\\/3\\\/2020\\\/12\\\/logo.png\",\"contentUrl\":\"https:\\\/\\\/marktxxl.de\\\/markt\\\/wp-content\\\/uploads\\\/sites\\\/3\\\/2020\\\/12\\\/logo.png\",\"width\":200,\"height\":70,\"caption\":\"Markt-XXL\"},\"image\":{\"@id\":\"https:\\\/\\\/marktxxl.de\\\/markt\\\/#\\\/schema\\\/logo\\\/image\\\/\"}}]}<\/script>\n<!-- \/ Yoast SEO plugin. -->","yoast_head_json":{"title":"Shapton Glass Stone 320 HR by Shapton - Markt-XXL","description":"Markt-XXL Shapton Glass Stone 320 HR by Shapton","robots":{"index":"index","follow":"follow","max-snippet":"max-snippet:-1","max-image-preview":"max-image-preview:large","max-video-preview":"max-video-preview:-1"},"canonical":"https:\/\/marktxxl.de\/markt\/produkt\/shapton-glass-stone-320-hr-by-shapton\/","og_locale":"de_DE","og_type":"article","og_title":"Shapton Glass Stone 320 HR by Shapton - Markt-XXL","og_description":"Markt-XXL Shapton Glass Stone 320 HR by Shapton","og_url":"https:\/\/marktxxl.de\/markt\/produkt\/shapton-glass-stone-320-hr-by-shapton\/","og_site_name":"Markt-XXL","article_modified_time":"2023-04-09T03:13:11+00:00","og_image":[{"width":500,"height":450,"url":"https:\/\/m.media-amazon.com\/images\/I\/31Iv38vEhUL._SL500_.jpg","type":"image\/jpeg"}],"twitter_card":"summary_large_image","schema":{"@context":"https:\/\/schema.org","@graph":[{"@type":"WebPage","@id":"https:\/\/marktxxl.de\/markt\/produkt\/shapton-glass-stone-320-hr-by-shapton\/","url":"https:\/\/marktxxl.de\/markt\/produkt\/shapton-glass-stone-320-hr-by-shapton\/","name":"Shapton Glass Stone 320 HR by Shapton - Markt-XXL","isPartOf":{"@id":"https:\/\/marktxxl.de\/markt\/#website"},"primaryImageOfPage":{"@id":"https:\/\/marktxxl.de\/markt\/produkt\/shapton-glass-stone-320-hr-by-shapton\/#primaryimage"},"image":{"@id":"https:\/\/marktxxl.de\/markt\/produkt\/shapton-glass-stone-320-hr-by-shapton\/#primaryimage"},"thumbnailUrl":"https:\/\/m.media-amazon.com\/images\/I\/31Iv38vEhUL._SL500_.jpg","datePublished":"2023-03-11T03:47:21+00:00","dateModified":"2023-04-09T03:13:11+00:00","description":"Markt-XXL Shapton Glass Stone 320 HR by Shapton","breadcrumb":{"@id":"https:\/\/marktxxl.de\/markt\/produkt\/shapton-glass-stone-320-hr-by-shapton\/#breadcrumb"},"inLanguage":"de","potentialAction":[{"@type":"ReadAction","target":["https:\/\/marktxxl.de\/markt\/produkt\/shapton-glass-stone-320-hr-by-shapton\/"]}]},{"@type":"ImageObject","inLanguage":"de","@id":"https:\/\/marktxxl.de\/markt\/produkt\/shapton-glass-stone-320-hr-by-shapton\/#primaryimage","url":"https:\/\/m.media-amazon.com\/images\/I\/31Iv38vEhUL._SL500_.jpg","contentUrl":"https:\/\/m.media-amazon.com\/images\/I\/31Iv38vEhUL._SL500_.jpg","width":500,"height":450},{"@type":"BreadcrumbList","@id":"https:\/\/marktxxl.de\/markt\/produkt\/shapton-glass-stone-320-hr-by-shapton\/#breadcrumb","itemListElement":[{"@type":"ListItem","position":1,"name":"Startseite","item":"https:\/\/marktxxl.de\/markt\/"},{"@type":"ListItem","position":2,"name":"Markt","item":"https:\/\/marktxxl.de\/markt\/"},{"@type":"ListItem","position":3,"name":"Shapton Glass Stone 320 HR by Shapton"}]},{"@type":"WebSite","@id":"https:\/\/marktxxl.de\/markt\/#website","url":"https:\/\/marktxxl.de\/markt\/","name":"Markt-XXL","description":"Ihr Markt Online","publisher":{"@id":"https:\/\/marktxxl.de\/markt\/#organization"},"potentialAction":[{"@type":"SearchAction","target":{"@type":"EntryPoint","urlTemplate":"https:\/\/marktxxl.de\/markt\/?s={search_term_string}"},"query-input":{"@type":"PropertyValueSpecification","valueRequired":true,"valueName":"search_term_string"}}],"inLanguage":"de"},{"@type":"Organization","@id":"https:\/\/marktxxl.de\/markt\/#organization","name":"Markt-XXL","url":"https:\/\/marktxxl.de\/markt\/","logo":{"@type":"ImageObject","inLanguage":"de","@id":"https:\/\/marktxxl.de\/markt\/#\/schema\/logo\/image\/","url":"https:\/\/marktxxl.de\/markt\/wp-content\/uploads\/sites\/3\/2020\/12\/logo.png","contentUrl":"https:\/\/marktxxl.de\/markt\/wp-content\/uploads\/sites\/3\/2020\/12\/logo.png","width":200,"height":70,"caption":"Markt-XXL"},"image":{"@id":"https:\/\/marktxxl.de\/markt\/#\/schema\/logo\/image\/"}}]}},"_links":{"self":[{"href":"https:\/\/marktxxl.de\/markt\/wp-json\/wp\/v2\/product\/193227","targetHints":{"allow":["GET"]}}],"collection":[{"href":"https:\/\/marktxxl.de\/markt\/wp-json\/wp\/v2\/product"}],"about":[{"href":"https:\/\/marktxxl.de\/markt\/wp-json\/wp\/v2\/types\/product"}],"replies":[{"embeddable":true,"href":"https:\/\/marktxxl.de\/markt\/wp-json\/wp\/v2\/comments?post=193227"}],"wp:featuredmedia":[{"embeddable":true,"href":"https:\/\/marktxxl.de\/markt\/wp-json\/wp\/v2\/media\/193228"}],"wp:attachment":[{"href":"https:\/\/marktxxl.de\/markt\/wp-json\/wp\/v2\/media?parent=193227"}],"wp:term":[{"taxonomy":"product_brand","embeddable":true,"href":"https:\/\/marktxxl.de\/markt\/wp-json\/wp\/v2\/product_brand?post=193227"},{"taxonomy":"product_cat","embeddable":true,"href":"https:\/\/marktxxl.de\/markt\/wp-json\/wp\/v2\/product_cat?post=193227"},{"taxonomy":"product_tag","embeddable":true,"href":"https:\/\/marktxxl.de\/markt\/wp-json\/wp\/v2\/product_tag?post=193227"}],"curies":[{"name":"wp","href":"https:\/\/api.w.org\/{rel}","templated":true}]}}