{"id":193182,"date":"2023-03-11T04:46:36","date_gmt":"2023-03-11T03:46:36","guid":{"rendered":"https:\/\/marktxxl.de\/markt\/produkt\/vitasox-kurze-komfort-baumwoll-sneaker-socken-fuer-damen-in-verschiedenen-designs\/"},"modified":"2023-04-09T05:13:11","modified_gmt":"2023-04-09T03:13:11","slug":"vitasox-kurze-komfort-baumwoll-sneaker-socken-fuer-damen-in-verschiedenen-designs","status":"publish","type":"product","link":"https:\/\/marktxxl.de\/markt\/produkt\/vitasox-kurze-komfort-baumwoll-sneaker-socken-fuer-damen-in-verschiedenen-designs\/","title":{"rendered":"Vitasox Kurze Komfort Baumwoll Sneaker Socken f\u00fcr Damen in verschiedenen Designs"},"content":{"rendered":"<p>75% Baumwolle sorgen f\u00fcr ein angenehmes und weiches Tragegef\u00fchl. Durch den Elasthananteil liegen die Sneakersocken leicht am Fu\u00df und sind angenehm dehnbar, rutschen aber nicht.<br \/>\nDie Design Baumwoll Sneaker sind der perfekte Begleiter durch die warmen Jahreszeiten. Die hochwertige Verarbeitung macht die Socken atmungsaktiv. Durch das leichte Material, verst\u00e4rkte Ferse und Spitze und extra feine Maschenqualit\u00e4t passen sie ideal in deine Lieblings-Sommerschuhe und du bist bequem und stylisch unterwegs.<br \/>\nHier findest du deine Sommersocken. Ob Schwarz und Wei\u00df, Jeans, Marine oder Flamingo Tier Print, bei den vielseitigen Designs ist f\u00fcr jeden Geschmack etwas dabei.<br \/>\nEine genaue, sehr sorgf\u00e4ltige und gewissenhafte Verarbeitung, \u00e4u\u00dferst hochwertige Materialien und st\u00e4ndige Kontrollen sichern den hohen Qualit\u00e4ts-Standard unserer Textilien. Auch in diesen Socken ist die flache Zehennaht nicht zu sp\u00fcren.<br \/>\n30 Tage R\u00fcckgabegarantie. Bei Nichtgefallen einfach zur\u00fccksenden. Wir erstatten den Kaufpreis und \u00fcbernehmen sogar die R\u00fccksendekosten! Diese Socken sind im Vorteilspack und in vielen unterschiedlichen Sets, Farben und Gr\u00f6\u00dfen verf\u00fcgbar.<br \/>\n<div class=\"main-cross-sell\" data-asin=\"B08H5KDF1Y\">\n\n\t<div class=\"WooZone-cross-sell-loader\">\n\t\t<div>\n\t\t\t<div id=\"floatingBarsG\">\n\t\t\t\t<div class=\"blockG\" id=\"rotateG_01\"><\/div>\n\t\t\t\t<div class=\"blockG\" id=\"rotateG_02\"><\/div>\n\t\t\t\t<div class=\"blockG\" id=\"rotateG_03\"><\/div>\n\t\t\t\t<div class=\"blockG\" id=\"rotateG_04\"><\/div>\n\t\t\t\t<div class=\"blockG\" id=\"rotateG_05\"><\/div>\n\t\t\t\t<div class=\"blockG\" id=\"rotateG_06\"><\/div>\n\t\t\t\t<div class=\"blockG\" id=\"rotateG_07\"><\/div>\n\t\t\t\t<div class=\"blockG\" id=\"rotateG_08\"><\/div>\n\t\t\t<\/div>\n\t\t\t<div class=\"WooZone-cross-sell-loader-text\"><\/div>\n\t\t<\/div>\n\t<\/div>\n\n\t\t\n<\/div>\n<div style=\"clear:both;\"><\/div><\/p>\n","protected":false},"excerpt":{"rendered":"<p>75% Baumwolle sorgen f\u00fcr ein angenehmes und weiches Tragegef\u00fchl. Durch den Elasthananteil liegen die Sneakersocken leicht am Fu\u00df und sind angenehm dehnbar, rutschen aber nicht.<br \/>\nDie Design Baumwoll Sneaker sind der perfekte Begleiter durch die warmen Jahreszeiten. Die hochwertige Verarbeitung macht die Socken atmungsaktiv. Durch das leichte Material, verst\u00e4rkte Ferse und Spitze und extra feine Maschenqualit\u00e4t passen sie ideal in deine Lieblings-Sommerschuhe und du bist bequem und stylisch unterwegs.<br \/>\nHier findest du deine Sommersocken. Ob Schwarz und Wei\u00df, Jeans, Marine oder Flamingo Tier Print, bei den vielseitigen Designs ist f\u00fcr jeden Geschmack etwas dabei.<\/p>\n","protected":false},"featured_media":193183,"comment_status":"open","ping_status":"closed","template":"","meta":[],"product_brand":[],"product_cat":[1186,3920],"product_tag":[],"class_list":{"0":"post-193182","1":"product","2":"type-product","3":"status-publish","4":"has-post-thumbnail","6":"product_cat-bekleidung","7":"product_cat-damen","8":"pa_brand-thames-hudson","9":"pa_brand-vitasox","10":"pa_model-49716","12":"first","13":"instock","14":"shipping-taxable","15":"purchasable","16":"product-type-simple","17":"customify-col","18":"product-has-gallery"},"yoast_head":"<!-- This site is optimized with the Yoast SEO plugin v27.4 - https:\/\/yoast.com\/product\/yoast-seo-wordpress\/ -->\n<title>Vitasox Kurze Komfort Baumwoll Sneaker Socken f\u00fcr Damen in verschiedenen Designs - Markt-XXL<\/title>\n<meta name=\"description\" content=\"Markt-XXL Vitasox Kurze Komfort Baumwoll Sneaker Socken f\u00fcr Damen in verschiedenen Designs\" \/>\n<meta name=\"robots\" content=\"index, follow, max-snippet:-1, max-image-preview:large, max-video-preview:-1\" \/>\n<link rel=\"canonical\" href=\"https:\/\/marktxxl.de\/markt\/produkt\/vitasox-kurze-komfort-baumwoll-sneaker-socken-fuer-damen-in-verschiedenen-designs\/\" \/>\n<meta property=\"og:locale\" content=\"de_DE\" \/>\n<meta property=\"og:type\" content=\"article\" \/>\n<meta property=\"og:title\" content=\"Vitasox Kurze Komfort Baumwoll Sneaker Socken f\u00fcr Damen in verschiedenen Designs - Markt-XXL\" \/>\n<meta property=\"og:description\" content=\"Markt-XXL Vitasox Kurze Komfort Baumwoll Sneaker Socken f\u00fcr Damen in verschiedenen Designs\" \/>\n<meta property=\"og:url\" content=\"https:\/\/marktxxl.de\/markt\/produkt\/vitasox-kurze-komfort-baumwoll-sneaker-socken-fuer-damen-in-verschiedenen-designs\/\" \/>\n<meta property=\"og:site_name\" content=\"Markt-XXL\" \/>\n<meta property=\"article:modified_time\" content=\"2023-04-09T03:13:11+00:00\" \/>\n<meta property=\"og:image\" content=\"https:\/\/m.media-amazon.com\/images\/I\/41NWQ3wSSmL._SL500_.jpg\" \/>\n\t<meta property=\"og:image:width\" content=\"500\" \/>\n\t<meta property=\"og:image:height\" content=\"225\" \/>\n\t<meta property=\"og:image:type\" content=\"image\/jpeg\" \/>\n<meta name=\"twitter:card\" content=\"summary_large_image\" \/>\n<meta name=\"twitter:label1\" content=\"Gesch\u00e4tzte Lesezeit\" \/>\n\t<meta name=\"twitter:data1\" content=\"1\u00a0Minute\" \/>\n<script type=\"application\/ld+json\" class=\"yoast-schema-graph\">{\"@context\":\"https:\\\/\\\/schema.org\",\"@graph\":[{\"@type\":\"WebPage\",\"@id\":\"https:\\\/\\\/marktxxl.de\\\/markt\\\/produkt\\\/vitasox-kurze-komfort-baumwoll-sneaker-socken-fuer-damen-in-verschiedenen-designs\\\/\",\"url\":\"https:\\\/\\\/marktxxl.de\\\/markt\\\/produkt\\\/vitasox-kurze-komfort-baumwoll-sneaker-socken-fuer-damen-in-verschiedenen-designs\\\/\",\"name\":\"Vitasox Kurze Komfort Baumwoll Sneaker Socken f\u00fcr Damen in verschiedenen Designs - Markt-XXL\",\"isPartOf\":{\"@id\":\"https:\\\/\\\/marktxxl.de\\\/markt\\\/#website\"},\"primaryImageOfPage\":{\"@id\":\"https:\\\/\\\/marktxxl.de\\\/markt\\\/produkt\\\/vitasox-kurze-komfort-baumwoll-sneaker-socken-fuer-damen-in-verschiedenen-designs\\\/#primaryimage\"},\"image\":{\"@id\":\"https:\\\/\\\/marktxxl.de\\\/markt\\\/produkt\\\/vitasox-kurze-komfort-baumwoll-sneaker-socken-fuer-damen-in-verschiedenen-designs\\\/#primaryimage\"},\"thumbnailUrl\":\"https:\\\/\\\/m.media-amazon.com\\\/images\\\/I\\\/41NWQ3wSSmL._SL500_.jpg\",\"datePublished\":\"2023-03-11T03:46:36+00:00\",\"dateModified\":\"2023-04-09T03:13:11+00:00\",\"description\":\"Markt-XXL Vitasox Kurze Komfort Baumwoll Sneaker Socken f\u00fcr Damen in verschiedenen Designs\",\"breadcrumb\":{\"@id\":\"https:\\\/\\\/marktxxl.de\\\/markt\\\/produkt\\\/vitasox-kurze-komfort-baumwoll-sneaker-socken-fuer-damen-in-verschiedenen-designs\\\/#breadcrumb\"},\"inLanguage\":\"de\",\"potentialAction\":[{\"@type\":\"ReadAction\",\"target\":[\"https:\\\/\\\/marktxxl.de\\\/markt\\\/produkt\\\/vitasox-kurze-komfort-baumwoll-sneaker-socken-fuer-damen-in-verschiedenen-designs\\\/\"]}]},{\"@type\":\"ImageObject\",\"inLanguage\":\"de\",\"@id\":\"https:\\\/\\\/marktxxl.de\\\/markt\\\/produkt\\\/vitasox-kurze-komfort-baumwoll-sneaker-socken-fuer-damen-in-verschiedenen-designs\\\/#primaryimage\",\"url\":\"https:\\\/\\\/m.media-amazon.com\\\/images\\\/I\\\/41NWQ3wSSmL._SL500_.jpg\",\"contentUrl\":\"https:\\\/\\\/m.media-amazon.com\\\/images\\\/I\\\/41NWQ3wSSmL._SL500_.jpg\",\"width\":500,\"height\":225},{\"@type\":\"BreadcrumbList\",\"@id\":\"https:\\\/\\\/marktxxl.de\\\/markt\\\/produkt\\\/vitasox-kurze-komfort-baumwoll-sneaker-socken-fuer-damen-in-verschiedenen-designs\\\/#breadcrumb\",\"itemListElement\":[{\"@type\":\"ListItem\",\"position\":1,\"name\":\"Startseite\",\"item\":\"https:\\\/\\\/marktxxl.de\\\/markt\\\/\"},{\"@type\":\"ListItem\",\"position\":2,\"name\":\"Markt\",\"item\":\"https:\\\/\\\/marktxxl.de\\\/markt\\\/\"},{\"@type\":\"ListItem\",\"position\":3,\"name\":\"Vitasox Kurze Komfort Baumwoll Sneaker Socken f\u00fcr Damen in verschiedenen Designs\"}]},{\"@type\":\"WebSite\",\"@id\":\"https:\\\/\\\/marktxxl.de\\\/markt\\\/#website\",\"url\":\"https:\\\/\\\/marktxxl.de\\\/markt\\\/\",\"name\":\"Markt-XXL\",\"description\":\"Ihr Markt Online\",\"publisher\":{\"@id\":\"https:\\\/\\\/marktxxl.de\\\/markt\\\/#organization\"},\"potentialAction\":[{\"@type\":\"SearchAction\",\"target\":{\"@type\":\"EntryPoint\",\"urlTemplate\":\"https:\\\/\\\/marktxxl.de\\\/markt\\\/?s={search_term_string}\"},\"query-input\":{\"@type\":\"PropertyValueSpecification\",\"valueRequired\":true,\"valueName\":\"search_term_string\"}}],\"inLanguage\":\"de\"},{\"@type\":\"Organization\",\"@id\":\"https:\\\/\\\/marktxxl.de\\\/markt\\\/#organization\",\"name\":\"Markt-XXL\",\"url\":\"https:\\\/\\\/marktxxl.de\\\/markt\\\/\",\"logo\":{\"@type\":\"ImageObject\",\"inLanguage\":\"de\",\"@id\":\"https:\\\/\\\/marktxxl.de\\\/markt\\\/#\\\/schema\\\/logo\\\/image\\\/\",\"url\":\"https:\\\/\\\/marktxxl.de\\\/markt\\\/wp-content\\\/uploads\\\/sites\\\/3\\\/2020\\\/12\\\/logo.png\",\"contentUrl\":\"https:\\\/\\\/marktxxl.de\\\/markt\\\/wp-content\\\/uploads\\\/sites\\\/3\\\/2020\\\/12\\\/logo.png\",\"width\":200,\"height\":70,\"caption\":\"Markt-XXL\"},\"image\":{\"@id\":\"https:\\\/\\\/marktxxl.de\\\/markt\\\/#\\\/schema\\\/logo\\\/image\\\/\"}}]}<\/script>\n<!-- \/ Yoast SEO plugin. -->","yoast_head_json":{"title":"Vitasox Kurze Komfort Baumwoll Sneaker Socken f\u00fcr Damen in verschiedenen Designs - Markt-XXL","description":"Markt-XXL Vitasox Kurze Komfort Baumwoll Sneaker Socken f\u00fcr Damen in verschiedenen Designs","robots":{"index":"index","follow":"follow","max-snippet":"max-snippet:-1","max-image-preview":"max-image-preview:large","max-video-preview":"max-video-preview:-1"},"canonical":"https:\/\/marktxxl.de\/markt\/produkt\/vitasox-kurze-komfort-baumwoll-sneaker-socken-fuer-damen-in-verschiedenen-designs\/","og_locale":"de_DE","og_type":"article","og_title":"Vitasox Kurze Komfort Baumwoll Sneaker Socken f\u00fcr Damen in verschiedenen Designs - Markt-XXL","og_description":"Markt-XXL Vitasox Kurze Komfort Baumwoll Sneaker Socken f\u00fcr Damen in verschiedenen Designs","og_url":"https:\/\/marktxxl.de\/markt\/produkt\/vitasox-kurze-komfort-baumwoll-sneaker-socken-fuer-damen-in-verschiedenen-designs\/","og_site_name":"Markt-XXL","article_modified_time":"2023-04-09T03:13:11+00:00","og_image":[{"width":500,"height":225,"url":"https:\/\/m.media-amazon.com\/images\/I\/41NWQ3wSSmL._SL500_.jpg","type":"image\/jpeg"}],"twitter_card":"summary_large_image","twitter_misc":{"Gesch\u00e4tzte Lesezeit":"1\u00a0Minute"},"schema":{"@context":"https:\/\/schema.org","@graph":[{"@type":"WebPage","@id":"https:\/\/marktxxl.de\/markt\/produkt\/vitasox-kurze-komfort-baumwoll-sneaker-socken-fuer-damen-in-verschiedenen-designs\/","url":"https:\/\/marktxxl.de\/markt\/produkt\/vitasox-kurze-komfort-baumwoll-sneaker-socken-fuer-damen-in-verschiedenen-designs\/","name":"Vitasox Kurze Komfort Baumwoll Sneaker Socken f\u00fcr Damen in verschiedenen Designs - Markt-XXL","isPartOf":{"@id":"https:\/\/marktxxl.de\/markt\/#website"},"primaryImageOfPage":{"@id":"https:\/\/marktxxl.de\/markt\/produkt\/vitasox-kurze-komfort-baumwoll-sneaker-socken-fuer-damen-in-verschiedenen-designs\/#primaryimage"},"image":{"@id":"https:\/\/marktxxl.de\/markt\/produkt\/vitasox-kurze-komfort-baumwoll-sneaker-socken-fuer-damen-in-verschiedenen-designs\/#primaryimage"},"thumbnailUrl":"https:\/\/m.media-amazon.com\/images\/I\/41NWQ3wSSmL._SL500_.jpg","datePublished":"2023-03-11T03:46:36+00:00","dateModified":"2023-04-09T03:13:11+00:00","description":"Markt-XXL Vitasox Kurze Komfort Baumwoll Sneaker Socken f\u00fcr Damen in verschiedenen Designs","breadcrumb":{"@id":"https:\/\/marktxxl.de\/markt\/produkt\/vitasox-kurze-komfort-baumwoll-sneaker-socken-fuer-damen-in-verschiedenen-designs\/#breadcrumb"},"inLanguage":"de","potentialAction":[{"@type":"ReadAction","target":["https:\/\/marktxxl.de\/markt\/produkt\/vitasox-kurze-komfort-baumwoll-sneaker-socken-fuer-damen-in-verschiedenen-designs\/"]}]},{"@type":"ImageObject","inLanguage":"de","@id":"https:\/\/marktxxl.de\/markt\/produkt\/vitasox-kurze-komfort-baumwoll-sneaker-socken-fuer-damen-in-verschiedenen-designs\/#primaryimage","url":"https:\/\/m.media-amazon.com\/images\/I\/41NWQ3wSSmL._SL500_.jpg","contentUrl":"https:\/\/m.media-amazon.com\/images\/I\/41NWQ3wSSmL._SL500_.jpg","width":500,"height":225},{"@type":"BreadcrumbList","@id":"https:\/\/marktxxl.de\/markt\/produkt\/vitasox-kurze-komfort-baumwoll-sneaker-socken-fuer-damen-in-verschiedenen-designs\/#breadcrumb","itemListElement":[{"@type":"ListItem","position":1,"name":"Startseite","item":"https:\/\/marktxxl.de\/markt\/"},{"@type":"ListItem","position":2,"name":"Markt","item":"https:\/\/marktxxl.de\/markt\/"},{"@type":"ListItem","position":3,"name":"Vitasox Kurze Komfort Baumwoll Sneaker Socken f\u00fcr Damen in verschiedenen Designs"}]},{"@type":"WebSite","@id":"https:\/\/marktxxl.de\/markt\/#website","url":"https:\/\/marktxxl.de\/markt\/","name":"Markt-XXL","description":"Ihr Markt Online","publisher":{"@id":"https:\/\/marktxxl.de\/markt\/#organization"},"potentialAction":[{"@type":"SearchAction","target":{"@type":"EntryPoint","urlTemplate":"https:\/\/marktxxl.de\/markt\/?s={search_term_string}"},"query-input":{"@type":"PropertyValueSpecification","valueRequired":true,"valueName":"search_term_string"}}],"inLanguage":"de"},{"@type":"Organization","@id":"https:\/\/marktxxl.de\/markt\/#organization","name":"Markt-XXL","url":"https:\/\/marktxxl.de\/markt\/","logo":{"@type":"ImageObject","inLanguage":"de","@id":"https:\/\/marktxxl.de\/markt\/#\/schema\/logo\/image\/","url":"https:\/\/marktxxl.de\/markt\/wp-content\/uploads\/sites\/3\/2020\/12\/logo.png","contentUrl":"https:\/\/marktxxl.de\/markt\/wp-content\/uploads\/sites\/3\/2020\/12\/logo.png","width":200,"height":70,"caption":"Markt-XXL"},"image":{"@id":"https:\/\/marktxxl.de\/markt\/#\/schema\/logo\/image\/"}}]}},"_links":{"self":[{"href":"https:\/\/marktxxl.de\/markt\/wp-json\/wp\/v2\/product\/193182","targetHints":{"allow":["GET"]}}],"collection":[{"href":"https:\/\/marktxxl.de\/markt\/wp-json\/wp\/v2\/product"}],"about":[{"href":"https:\/\/marktxxl.de\/markt\/wp-json\/wp\/v2\/types\/product"}],"replies":[{"embeddable":true,"href":"https:\/\/marktxxl.de\/markt\/wp-json\/wp\/v2\/comments?post=193182"}],"wp:featuredmedia":[{"embeddable":true,"href":"https:\/\/marktxxl.de\/markt\/wp-json\/wp\/v2\/media\/193183"}],"wp:attachment":[{"href":"https:\/\/marktxxl.de\/markt\/wp-json\/wp\/v2\/media?parent=193182"}],"wp:term":[{"taxonomy":"product_brand","embeddable":true,"href":"https:\/\/marktxxl.de\/markt\/wp-json\/wp\/v2\/product_brand?post=193182"},{"taxonomy":"product_cat","embeddable":true,"href":"https:\/\/marktxxl.de\/markt\/wp-json\/wp\/v2\/product_cat?post=193182"},{"taxonomy":"product_tag","embeddable":true,"href":"https:\/\/marktxxl.de\/markt\/wp-json\/wp\/v2\/product_tag?post=193182"}],"curies":[{"name":"wp","href":"https:\/\/api.w.org\/{rel}","templated":true}]}}