{"id":193087,"date":"2023-03-11T04:19:16","date_gmt":"2023-03-11T03:19:16","guid":{"rendered":"https:\/\/marktxxl.de\/markt\/produkt\/hcfei-6x-led-einbau-strahler-5w-eisen-gebuerstet-ip44-230v-bad-feuchtraum-aussen-230v-spot-68-mm-einbau-lampe-warmweiss-3000k\/"},"modified":"2023-04-09T05:13:08","modified_gmt":"2023-04-09T03:13:08","slug":"hcfei-6x-led-einbau-strahler-5w-eisen-gebuerstet-ip44-230v-bad-feuchtraum-aussen-230v-spot-68-mm-einbau-lampe-warmweiss-3000k","status":"publish","type":"product","link":"https:\/\/marktxxl.de\/markt\/produkt\/hcfei-6x-led-einbau-strahler-5w-eisen-gebuerstet-ip44-230v-bad-feuchtraum-aussen-230v-spot-68-mm-einbau-lampe-warmweiss-3000k\/","title":{"rendered":"HCFEI 6x LED Einbau-Strahler 5W Eisen-geb\u00fcrstet IP44 230V Bad Feuchtraum Au\u00dfen 230V Spot 68 mm Einbau-Lampe Warmwei\u00df\u2026"},"content":{"rendered":"<p>Hochwertiges LED Einbaustrahler Spots in sehr flachem Bauform nur 30 mm. Geringer Strom Verbrauch je 5W bei angenehmer heller warmen Licht mit einer Farbtemperatur von 3000 Kelvin. Ideal f\u00fcr Badezimmer, K\u00fcche, Au\u00dfenbereichen&#8230;, wo Spritzwasserschutz IP44 ben\u00f6tigt.<br \/>\nKein Trafo notwendig, die Einbauspots kann direkt ans 230V angeschlossen werden. Au\u00dferdem das LED Modul Leuchtmitteln EINZELN austauschbar, der Rahmen muss nicht ausgebaut werden.<br \/>\nSehr nat\u00fcrliche Farbwiedergabewert von CRI&gt;80 nach dem Einschalten, mit einem Abstrahlwinkel von 110\u00b0 und mit je 450 Lumen entspricht ca. 50W Halogenleistung, erm\u00f6glicht ihnen ein angenehmes Lichtgef\u00fchl.<br \/>\nDas Beste noch mit einer sehr geringer Einbautiefe von nur 30 mm und einen Deckenausschnitt Lochkreis \u00d8 68mm kann dieser individuelle \u00fcberall eingesetzt werden, da Au\u00dfen \u00d8 83 mm betr\u00e4gt.<br \/>\nLieferumfang: 6x LED Einbaustrahler mit 5W Modul 6x5W 230V Farbe: Eisen-geb\u00fcrstet<br \/>\n<div class=\"main-cross-sell\" data-asin=\"B089W9VDMN\">\n\n\t<div class=\"WooZone-cross-sell-loader\">\n\t\t<div>\n\t\t\t<div id=\"floatingBarsG\">\n\t\t\t\t<div class=\"blockG\" id=\"rotateG_01\"><\/div>\n\t\t\t\t<div class=\"blockG\" id=\"rotateG_02\"><\/div>\n\t\t\t\t<div class=\"blockG\" id=\"rotateG_03\"><\/div>\n\t\t\t\t<div class=\"blockG\" id=\"rotateG_04\"><\/div>\n\t\t\t\t<div class=\"blockG\" id=\"rotateG_05\"><\/div>\n\t\t\t\t<div class=\"blockG\" id=\"rotateG_06\"><\/div>\n\t\t\t\t<div class=\"blockG\" id=\"rotateG_07\"><\/div>\n\t\t\t\t<div class=\"blockG\" id=\"rotateG_08\"><\/div>\n\t\t\t<\/div>\n\t\t\t<div class=\"WooZone-cross-sell-loader-text\"><\/div>\n\t\t<\/div>\n\t<\/div>\n\n\t\t\n<\/div>\n<div style=\"clear:both;\"><\/div><\/p>\n","protected":false},"excerpt":{"rendered":"<p>Hochwertiges LED Einbaustrahler Spots in sehr flachem Bauform nur 30 mm. Geringer Strom Verbrauch je 5W bei angenehmer heller warmen Licht mit einer Farbtemperatur von 3000 Kelvin. Ideal f\u00fcr Badezimmer, K\u00fcche, Au\u00dfenbereichen&#8230;, wo Spritzwasserschutz IP44 ben\u00f6tigt.<br \/>\nKein Trafo notwendig, die Einbauspots kann direkt ans 230V angeschlossen werden. Au\u00dferdem das LED Modul Leuchtmitteln EINZELN austauschbar, der Rahmen muss nicht ausgebaut werden.<br \/>\nSehr nat\u00fcrliche Farbwiedergabewert von CRI&gt;80 nach dem Einschalten, mit einem Abstrahlwinkel von 110\u00b0 und mit je 450 Lumen entspricht ca. 50W Halogenleistung, erm\u00f6glicht ihnen ein angenehmes Lichtgef\u00fchl.<\/p>\n","protected":false},"featured_media":193088,"comment_status":"open","ping_status":"closed","template":"","meta":[],"product_brand":[],"product_cat":[11474,2108],"product_tag":[],"class_list":{"0":"post-193087","1":"product","2":"type-product","3":"status-publish","4":"has-post-thumbnail","6":"product_cat-bad-beleuchtung","7":"product_cat-beleuchtung","8":"pa_binding-werkzeug","9":"pa_brand-hcfei","10":"pa_color-eisen-gebuerstet","11":"pa_manufacturer-hc-light","12":"pa_model-219snww","13":"pa_warranty-3-jahre-garantie","15":"first","16":"instock","17":"shipping-taxable","18":"purchasable","19":"product-type-simple","20":"customify-col","21":"product-has-gallery"},"yoast_head":"<!-- This site is optimized with the Yoast SEO plugin v27.4 - https:\/\/yoast.com\/product\/yoast-seo-wordpress\/ -->\n<title>HCFEI 6x LED Einbau-Strahler 5W Eisen-geb\u00fcrstet IP44 230V Bad Feuchtraum Au\u00dfen 230V Spot 68 mm Einbau-Lampe Warmwei\u00df\u2026 - Markt-XXL<\/title>\n<meta name=\"description\" content=\"Markt-XXL HCFEI 6x LED Einbau-Strahler 5W Eisen-geb\u00fcrstet IP44 230V Bad Feuchtraum Au\u00dfen 230V Spot 68 mm Einbau-Lampe Warmwei\u00df\u2026\" \/>\n<meta name=\"robots\" content=\"index, follow, max-snippet:-1, max-image-preview:large, max-video-preview:-1\" \/>\n<link rel=\"canonical\" href=\"https:\/\/marktxxl.de\/markt\/produkt\/hcfei-6x-led-einbau-strahler-5w-eisen-gebuerstet-ip44-230v-bad-feuchtraum-aussen-230v-spot-68-mm-einbau-lampe-warmweiss-3000k\/\" \/>\n<meta property=\"og:locale\" content=\"de_DE\" \/>\n<meta property=\"og:type\" content=\"article\" \/>\n<meta property=\"og:title\" content=\"HCFEI 6x LED Einbau-Strahler 5W Eisen-geb\u00fcrstet IP44 230V Bad Feuchtraum Au\u00dfen 230V Spot 68 mm Einbau-Lampe Warmwei\u00df\u2026 - Markt-XXL\" \/>\n<meta property=\"og:description\" content=\"Markt-XXL HCFEI 6x LED Einbau-Strahler 5W Eisen-geb\u00fcrstet IP44 230V Bad Feuchtraum Au\u00dfen 230V Spot 68 mm Einbau-Lampe Warmwei\u00df\u2026\" \/>\n<meta property=\"og:url\" content=\"https:\/\/marktxxl.de\/markt\/produkt\/hcfei-6x-led-einbau-strahler-5w-eisen-gebuerstet-ip44-230v-bad-feuchtraum-aussen-230v-spot-68-mm-einbau-lampe-warmweiss-3000k\/\" \/>\n<meta property=\"og:site_name\" content=\"Markt-XXL\" \/>\n<meta property=\"article:modified_time\" content=\"2023-04-09T03:13:08+00:00\" \/>\n<meta property=\"og:image\" content=\"https:\/\/m.media-amazon.com\/images\/I\/41BNVBIJ5GL._SL500_.jpg\" \/>\n\t<meta property=\"og:image:width\" content=\"500\" \/>\n\t<meta property=\"og:image:height\" content=\"500\" \/>\n\t<meta property=\"og:image:type\" content=\"image\/jpeg\" \/>\n<meta name=\"twitter:card\" content=\"summary_large_image\" \/>\n<meta name=\"twitter:label1\" content=\"Gesch\u00e4tzte Lesezeit\" \/>\n\t<meta name=\"twitter:data1\" content=\"1\u00a0Minute\" \/>\n<script type=\"application\/ld+json\" class=\"yoast-schema-graph\">{\"@context\":\"https:\\\/\\\/schema.org\",\"@graph\":[{\"@type\":\"WebPage\",\"@id\":\"https:\\\/\\\/marktxxl.de\\\/markt\\\/produkt\\\/hcfei-6x-led-einbau-strahler-5w-eisen-gebuerstet-ip44-230v-bad-feuchtraum-aussen-230v-spot-68-mm-einbau-lampe-warmweiss-3000k\\\/\",\"url\":\"https:\\\/\\\/marktxxl.de\\\/markt\\\/produkt\\\/hcfei-6x-led-einbau-strahler-5w-eisen-gebuerstet-ip44-230v-bad-feuchtraum-aussen-230v-spot-68-mm-einbau-lampe-warmweiss-3000k\\\/\",\"name\":\"HCFEI 6x LED Einbau-Strahler 5W Eisen-geb\u00fcrstet IP44 230V Bad Feuchtraum Au\u00dfen 230V Spot 68 mm Einbau-Lampe Warmwei\u00df\u2026 - Markt-XXL\",\"isPartOf\":{\"@id\":\"https:\\\/\\\/marktxxl.de\\\/markt\\\/#website\"},\"primaryImageOfPage\":{\"@id\":\"https:\\\/\\\/marktxxl.de\\\/markt\\\/produkt\\\/hcfei-6x-led-einbau-strahler-5w-eisen-gebuerstet-ip44-230v-bad-feuchtraum-aussen-230v-spot-68-mm-einbau-lampe-warmweiss-3000k\\\/#primaryimage\"},\"image\":{\"@id\":\"https:\\\/\\\/marktxxl.de\\\/markt\\\/produkt\\\/hcfei-6x-led-einbau-strahler-5w-eisen-gebuerstet-ip44-230v-bad-feuchtraum-aussen-230v-spot-68-mm-einbau-lampe-warmweiss-3000k\\\/#primaryimage\"},\"thumbnailUrl\":\"https:\\\/\\\/m.media-amazon.com\\\/images\\\/I\\\/41BNVBIJ5GL._SL500_.jpg\",\"datePublished\":\"2023-03-11T03:19:16+00:00\",\"dateModified\":\"2023-04-09T03:13:08+00:00\",\"description\":\"Markt-XXL HCFEI 6x LED Einbau-Strahler 5W Eisen-geb\u00fcrstet IP44 230V Bad Feuchtraum Au\u00dfen 230V Spot 68 mm Einbau-Lampe Warmwei\u00df\u2026\",\"breadcrumb\":{\"@id\":\"https:\\\/\\\/marktxxl.de\\\/markt\\\/produkt\\\/hcfei-6x-led-einbau-strahler-5w-eisen-gebuerstet-ip44-230v-bad-feuchtraum-aussen-230v-spot-68-mm-einbau-lampe-warmweiss-3000k\\\/#breadcrumb\"},\"inLanguage\":\"de\",\"potentialAction\":[{\"@type\":\"ReadAction\",\"target\":[\"https:\\\/\\\/marktxxl.de\\\/markt\\\/produkt\\\/hcfei-6x-led-einbau-strahler-5w-eisen-gebuerstet-ip44-230v-bad-feuchtraum-aussen-230v-spot-68-mm-einbau-lampe-warmweiss-3000k\\\/\"]}]},{\"@type\":\"ImageObject\",\"inLanguage\":\"de\",\"@id\":\"https:\\\/\\\/marktxxl.de\\\/markt\\\/produkt\\\/hcfei-6x-led-einbau-strahler-5w-eisen-gebuerstet-ip44-230v-bad-feuchtraum-aussen-230v-spot-68-mm-einbau-lampe-warmweiss-3000k\\\/#primaryimage\",\"url\":\"https:\\\/\\\/m.media-amazon.com\\\/images\\\/I\\\/41BNVBIJ5GL._SL500_.jpg\",\"contentUrl\":\"https:\\\/\\\/m.media-amazon.com\\\/images\\\/I\\\/41BNVBIJ5GL._SL500_.jpg\",\"width\":500,\"height\":500},{\"@type\":\"BreadcrumbList\",\"@id\":\"https:\\\/\\\/marktxxl.de\\\/markt\\\/produkt\\\/hcfei-6x-led-einbau-strahler-5w-eisen-gebuerstet-ip44-230v-bad-feuchtraum-aussen-230v-spot-68-mm-einbau-lampe-warmweiss-3000k\\\/#breadcrumb\",\"itemListElement\":[{\"@type\":\"ListItem\",\"position\":1,\"name\":\"Startseite\",\"item\":\"https:\\\/\\\/marktxxl.de\\\/markt\\\/\"},{\"@type\":\"ListItem\",\"position\":2,\"name\":\"Markt\",\"item\":\"https:\\\/\\\/marktxxl.de\\\/markt\\\/\"},{\"@type\":\"ListItem\",\"position\":3,\"name\":\"HCFEI 6x LED Einbau-Strahler 5W Eisen-geb\u00fcrstet IP44 230V Bad Feuchtraum Au\u00dfen 230V Spot 68 mm Einbau-Lampe Warmwei\u00df\u2026\"}]},{\"@type\":\"WebSite\",\"@id\":\"https:\\\/\\\/marktxxl.de\\\/markt\\\/#website\",\"url\":\"https:\\\/\\\/marktxxl.de\\\/markt\\\/\",\"name\":\"Markt-XXL\",\"description\":\"Ihr Markt Online\",\"publisher\":{\"@id\":\"https:\\\/\\\/marktxxl.de\\\/markt\\\/#organization\"},\"potentialAction\":[{\"@type\":\"SearchAction\",\"target\":{\"@type\":\"EntryPoint\",\"urlTemplate\":\"https:\\\/\\\/marktxxl.de\\\/markt\\\/?s={search_term_string}\"},\"query-input\":{\"@type\":\"PropertyValueSpecification\",\"valueRequired\":true,\"valueName\":\"search_term_string\"}}],\"inLanguage\":\"de\"},{\"@type\":\"Organization\",\"@id\":\"https:\\\/\\\/marktxxl.de\\\/markt\\\/#organization\",\"name\":\"Markt-XXL\",\"url\":\"https:\\\/\\\/marktxxl.de\\\/markt\\\/\",\"logo\":{\"@type\":\"ImageObject\",\"inLanguage\":\"de\",\"@id\":\"https:\\\/\\\/marktxxl.de\\\/markt\\\/#\\\/schema\\\/logo\\\/image\\\/\",\"url\":\"https:\\\/\\\/marktxxl.de\\\/markt\\\/wp-content\\\/uploads\\\/sites\\\/3\\\/2020\\\/12\\\/logo.png\",\"contentUrl\":\"https:\\\/\\\/marktxxl.de\\\/markt\\\/wp-content\\\/uploads\\\/sites\\\/3\\\/2020\\\/12\\\/logo.png\",\"width\":200,\"height\":70,\"caption\":\"Markt-XXL\"},\"image\":{\"@id\":\"https:\\\/\\\/marktxxl.de\\\/markt\\\/#\\\/schema\\\/logo\\\/image\\\/\"}}]}<\/script>\n<!-- \/ Yoast SEO plugin. -->","yoast_head_json":{"title":"HCFEI 6x LED Einbau-Strahler 5W Eisen-geb\u00fcrstet IP44 230V Bad Feuchtraum Au\u00dfen 230V Spot 68 mm Einbau-Lampe Warmwei\u00df\u2026 - Markt-XXL","description":"Markt-XXL HCFEI 6x LED Einbau-Strahler 5W Eisen-geb\u00fcrstet IP44 230V Bad Feuchtraum Au\u00dfen 230V Spot 68 mm Einbau-Lampe Warmwei\u00df\u2026","robots":{"index":"index","follow":"follow","max-snippet":"max-snippet:-1","max-image-preview":"max-image-preview:large","max-video-preview":"max-video-preview:-1"},"canonical":"https:\/\/marktxxl.de\/markt\/produkt\/hcfei-6x-led-einbau-strahler-5w-eisen-gebuerstet-ip44-230v-bad-feuchtraum-aussen-230v-spot-68-mm-einbau-lampe-warmweiss-3000k\/","og_locale":"de_DE","og_type":"article","og_title":"HCFEI 6x LED Einbau-Strahler 5W Eisen-geb\u00fcrstet IP44 230V Bad Feuchtraum Au\u00dfen 230V Spot 68 mm Einbau-Lampe Warmwei\u00df\u2026 - Markt-XXL","og_description":"Markt-XXL HCFEI 6x LED Einbau-Strahler 5W Eisen-geb\u00fcrstet IP44 230V Bad Feuchtraum Au\u00dfen 230V Spot 68 mm Einbau-Lampe Warmwei\u00df\u2026","og_url":"https:\/\/marktxxl.de\/markt\/produkt\/hcfei-6x-led-einbau-strahler-5w-eisen-gebuerstet-ip44-230v-bad-feuchtraum-aussen-230v-spot-68-mm-einbau-lampe-warmweiss-3000k\/","og_site_name":"Markt-XXL","article_modified_time":"2023-04-09T03:13:08+00:00","og_image":[{"width":500,"height":500,"url":"https:\/\/m.media-amazon.com\/images\/I\/41BNVBIJ5GL._SL500_.jpg","type":"image\/jpeg"}],"twitter_card":"summary_large_image","twitter_misc":{"Gesch\u00e4tzte Lesezeit":"1\u00a0Minute"},"schema":{"@context":"https:\/\/schema.org","@graph":[{"@type":"WebPage","@id":"https:\/\/marktxxl.de\/markt\/produkt\/hcfei-6x-led-einbau-strahler-5w-eisen-gebuerstet-ip44-230v-bad-feuchtraum-aussen-230v-spot-68-mm-einbau-lampe-warmweiss-3000k\/","url":"https:\/\/marktxxl.de\/markt\/produkt\/hcfei-6x-led-einbau-strahler-5w-eisen-gebuerstet-ip44-230v-bad-feuchtraum-aussen-230v-spot-68-mm-einbau-lampe-warmweiss-3000k\/","name":"HCFEI 6x LED Einbau-Strahler 5W Eisen-geb\u00fcrstet IP44 230V Bad Feuchtraum Au\u00dfen 230V Spot 68 mm Einbau-Lampe Warmwei\u00df\u2026 - Markt-XXL","isPartOf":{"@id":"https:\/\/marktxxl.de\/markt\/#website"},"primaryImageOfPage":{"@id":"https:\/\/marktxxl.de\/markt\/produkt\/hcfei-6x-led-einbau-strahler-5w-eisen-gebuerstet-ip44-230v-bad-feuchtraum-aussen-230v-spot-68-mm-einbau-lampe-warmweiss-3000k\/#primaryimage"},"image":{"@id":"https:\/\/marktxxl.de\/markt\/produkt\/hcfei-6x-led-einbau-strahler-5w-eisen-gebuerstet-ip44-230v-bad-feuchtraum-aussen-230v-spot-68-mm-einbau-lampe-warmweiss-3000k\/#primaryimage"},"thumbnailUrl":"https:\/\/m.media-amazon.com\/images\/I\/41BNVBIJ5GL._SL500_.jpg","datePublished":"2023-03-11T03:19:16+00:00","dateModified":"2023-04-09T03:13:08+00:00","description":"Markt-XXL HCFEI 6x LED Einbau-Strahler 5W Eisen-geb\u00fcrstet IP44 230V Bad Feuchtraum Au\u00dfen 230V Spot 68 mm Einbau-Lampe Warmwei\u00df\u2026","breadcrumb":{"@id":"https:\/\/marktxxl.de\/markt\/produkt\/hcfei-6x-led-einbau-strahler-5w-eisen-gebuerstet-ip44-230v-bad-feuchtraum-aussen-230v-spot-68-mm-einbau-lampe-warmweiss-3000k\/#breadcrumb"},"inLanguage":"de","potentialAction":[{"@type":"ReadAction","target":["https:\/\/marktxxl.de\/markt\/produkt\/hcfei-6x-led-einbau-strahler-5w-eisen-gebuerstet-ip44-230v-bad-feuchtraum-aussen-230v-spot-68-mm-einbau-lampe-warmweiss-3000k\/"]}]},{"@type":"ImageObject","inLanguage":"de","@id":"https:\/\/marktxxl.de\/markt\/produkt\/hcfei-6x-led-einbau-strahler-5w-eisen-gebuerstet-ip44-230v-bad-feuchtraum-aussen-230v-spot-68-mm-einbau-lampe-warmweiss-3000k\/#primaryimage","url":"https:\/\/m.media-amazon.com\/images\/I\/41BNVBIJ5GL._SL500_.jpg","contentUrl":"https:\/\/m.media-amazon.com\/images\/I\/41BNVBIJ5GL._SL500_.jpg","width":500,"height":500},{"@type":"BreadcrumbList","@id":"https:\/\/marktxxl.de\/markt\/produkt\/hcfei-6x-led-einbau-strahler-5w-eisen-gebuerstet-ip44-230v-bad-feuchtraum-aussen-230v-spot-68-mm-einbau-lampe-warmweiss-3000k\/#breadcrumb","itemListElement":[{"@type":"ListItem","position":1,"name":"Startseite","item":"https:\/\/marktxxl.de\/markt\/"},{"@type":"ListItem","position":2,"name":"Markt","item":"https:\/\/marktxxl.de\/markt\/"},{"@type":"ListItem","position":3,"name":"HCFEI 6x LED Einbau-Strahler 5W Eisen-geb\u00fcrstet IP44 230V Bad Feuchtraum Au\u00dfen 230V Spot 68 mm Einbau-Lampe Warmwei\u00df\u2026"}]},{"@type":"WebSite","@id":"https:\/\/marktxxl.de\/markt\/#website","url":"https:\/\/marktxxl.de\/markt\/","name":"Markt-XXL","description":"Ihr Markt Online","publisher":{"@id":"https:\/\/marktxxl.de\/markt\/#organization"},"potentialAction":[{"@type":"SearchAction","target":{"@type":"EntryPoint","urlTemplate":"https:\/\/marktxxl.de\/markt\/?s={search_term_string}"},"query-input":{"@type":"PropertyValueSpecification","valueRequired":true,"valueName":"search_term_string"}}],"inLanguage":"de"},{"@type":"Organization","@id":"https:\/\/marktxxl.de\/markt\/#organization","name":"Markt-XXL","url":"https:\/\/marktxxl.de\/markt\/","logo":{"@type":"ImageObject","inLanguage":"de","@id":"https:\/\/marktxxl.de\/markt\/#\/schema\/logo\/image\/","url":"https:\/\/marktxxl.de\/markt\/wp-content\/uploads\/sites\/3\/2020\/12\/logo.png","contentUrl":"https:\/\/marktxxl.de\/markt\/wp-content\/uploads\/sites\/3\/2020\/12\/logo.png","width":200,"height":70,"caption":"Markt-XXL"},"image":{"@id":"https:\/\/marktxxl.de\/markt\/#\/schema\/logo\/image\/"}}]}},"_links":{"self":[{"href":"https:\/\/marktxxl.de\/markt\/wp-json\/wp\/v2\/product\/193087","targetHints":{"allow":["GET"]}}],"collection":[{"href":"https:\/\/marktxxl.de\/markt\/wp-json\/wp\/v2\/product"}],"about":[{"href":"https:\/\/marktxxl.de\/markt\/wp-json\/wp\/v2\/types\/product"}],"replies":[{"embeddable":true,"href":"https:\/\/marktxxl.de\/markt\/wp-json\/wp\/v2\/comments?post=193087"}],"wp:featuredmedia":[{"embeddable":true,"href":"https:\/\/marktxxl.de\/markt\/wp-json\/wp\/v2\/media\/193088"}],"wp:attachment":[{"href":"https:\/\/marktxxl.de\/markt\/wp-json\/wp\/v2\/media?parent=193087"}],"wp:term":[{"taxonomy":"product_brand","embeddable":true,"href":"https:\/\/marktxxl.de\/markt\/wp-json\/wp\/v2\/product_brand?post=193087"},{"taxonomy":"product_cat","embeddable":true,"href":"https:\/\/marktxxl.de\/markt\/wp-json\/wp\/v2\/product_cat?post=193087"},{"taxonomy":"product_tag","embeddable":true,"href":"https:\/\/marktxxl.de\/markt\/wp-json\/wp\/v2\/product_tag?post=193087"}],"curies":[{"name":"wp","href":"https:\/\/api.w.org\/{rel}","templated":true}]}}