{"id":193076,"date":"2023-03-11T04:19:08","date_gmt":"2023-03-11T03:19:08","guid":{"rendered":"https:\/\/marktxxl.de\/markt\/produkt\/aourow-led-schminklicht-mit-schalter-und-10-dimmbaren-gluehbirnenhollywood-stil-spiegelleuchte-ledusb-kabel-design-make-up-licht-mit-6-helligkeiten-und-5-farbmodi\/"},"modified":"2023-04-09T05:13:08","modified_gmt":"2023-04-09T03:13:08","slug":"aourow-led-schminklicht-mit-schalter-und-10-dimmbaren-gluehbirnenhollywood-stil-spiegelleuchte-ledusb-kabel-design-make-up-licht-mit-6-helligkeiten-und-5-farbmodi","status":"publish","type":"product","link":"https:\/\/marktxxl.de\/markt\/produkt\/aourow-led-schminklicht-mit-schalter-und-10-dimmbaren-gluehbirnenhollywood-stil-spiegelleuchte-ledusb-kabel-design-make-up-licht-mit-6-helligkeiten-und-5-farbmodi\/","title":{"rendered":"Aourow LED Schminklicht mit Schalter und 10 Dimmbaren Gl\u00fchbirnen,Hollywood-Stil Spiegelleuchte LED,USB-Kabel-Design Make\u2026"},"content":{"rendered":"<p>\u3010EINFACHE INSTALLATION UND USB-KABELDESIGN\u3011 Die LED-Spiegelleuchten f\u00fcr Waschtische mit starken doppelseitigen B\u00e4ndern k\u00f6nnen direkt auf den Spiegel oder den Spiegelrahmen geklebt und spurlos abgerissen werden. Das USB-Kabel-Design unterst\u00fctzt mehrere Ladem\u00f6glichkeiten (USB-Ladeger\u00e4t, Laptop, Power Bank, Desktop-PC), praktisch f\u00fcr jeden Ort, an dem Sie ihn ben\u00f6tigen (ohne Spiegel und USB-Ladeger\u00e4t)<br \/>\n\u30105 FARBWECHSELMODI\u3011 10 LED-Gl\u00fchbirnen im Hollywood-Stil verf\u00fcgen \u00fcber 5 Farbmodi, ein 3000K \/ 4000K \/ 6500K-Kosmetikspiegel-Gl\u00fchbirnen-Kit. 3 helle Farboptionen \uff08Tageslichtwei\u00df \uff0c warmes Wei\u00df und nat\u00fcrliches Wei\u00df\uff09 erm\u00f6glichen es Ihnen, sich lange Zeit zu schminken, ohne Ihre Augen zu verletzen, und erf\u00fcllen Ihre unterschiedlichen Bed\u00fcrfnisse in verschiedenen Situationen.<br \/>\n\u3010EINSTELLBARE HELLIGKEIT\u3011 Dimmbar! Das Dimmen von 1-6 Stufen kann nach Belieben eingestellt werden. Passen Sie die Helligkeit dieser Gl\u00fchbirne ganz nach Ihren W\u00fcnschen und W\u00fcnschen an. Sie k\u00f6nnen die gew\u00fcnschte Helligkeit durch Dr\u00fccken der Tasten &#8220;+&#8221; und &#8220;-&#8221; ausw\u00e4hlen.<br \/>\n\u3010UMWELTFREUNDLICH UND SICHER\u3011 Keine ultraviolette und infrarote Lichtstrahlung, geringe W\u00e4rmeabgabe, mehr als 35000 Stunden Lebensdauer, Sicherheit und Umweltschutz. Au\u00dferdem halten die Gl\u00fchbirnen eine super niedrige Hitze und ein sehr weiches Licht aufrecht. Es ist f\u00fcr Ihre Augen auch nach mehreren Stunden Arbeit nicht extrem anstrengend. Es ist ber\u00fchrbar und sehr sicher f\u00fcr Kinder.<br \/>\n\u3010PASSEN SIE ZU DEN MEISTEN SPIEGELN\u3011 Bei einer maximalen L\u00e4nge von 5m verstellbaren Dr\u00e4hten passt diese tragbare Kosmetikleuchte zu den meisten Schminkspiegeln. Das Rotate-To-Hide-Design und die transparenten Dr\u00e4hte verleihen Ihrem beleuchteten Kosmetikspiegel ein sch\u00f6nes und ordentliches Aussehen .<br \/>\nWater Resistance Level: Not Water Resistant<br \/>\nSpannung: 12.0 volts<br \/>\nWattage: 10.0 watts<br \/>\nIs Assembly Required: True<br \/>\nEfficiency: G (General Audience)<br \/>\n<div class=\"main-cross-sell\" data-asin=\"B0B4YZY7TR\">\n\n\t<div class=\"WooZone-cross-sell-loader\">\n\t\t<div>\n\t\t\t<div id=\"floatingBarsG\">\n\t\t\t\t<div class=\"blockG\" id=\"rotateG_01\"><\/div>\n\t\t\t\t<div class=\"blockG\" id=\"rotateG_02\"><\/div>\n\t\t\t\t<div class=\"blockG\" id=\"rotateG_03\"><\/div>\n\t\t\t\t<div class=\"blockG\" id=\"rotateG_04\"><\/div>\n\t\t\t\t<div class=\"blockG\" id=\"rotateG_05\"><\/div>\n\t\t\t\t<div class=\"blockG\" id=\"rotateG_06\"><\/div>\n\t\t\t\t<div class=\"blockG\" id=\"rotateG_07\"><\/div>\n\t\t\t\t<div class=\"blockG\" id=\"rotateG_08\"><\/div>\n\t\t\t<\/div>\n\t\t\t<div class=\"WooZone-cross-sell-loader-text\"><\/div>\n\t\t<\/div>\n\t<\/div>\n\n\t\t\n<\/div>\n<div style=\"clear:both;\"><\/div><\/p>\n","protected":false},"excerpt":{"rendered":"<p>\u3010EINFACHE INSTALLATION UND USB-KABELDESIGN\u3011 Die LED-Spiegelleuchten f\u00fcr Waschtische mit starken doppelseitigen B\u00e4ndern k\u00f6nnen direkt auf den Spiegel oder den Spiegelrahmen geklebt und spurlos abgerissen werden. Das USB-Kabel-Design unterst\u00fctzt mehrere Ladem\u00f6glichkeiten (USB-Ladeger\u00e4t, Laptop, Power Bank, Desktop-PC), praktisch f\u00fcr jeden Ort, an dem Sie ihn ben\u00f6tigen (ohne Spiegel und USB-Ladeger\u00e4t)<br \/>\n\u30105 FARBWECHSELMODI\u3011 10 LED-Gl\u00fchbirnen im Hollywood-Stil verf\u00fcgen \u00fcber 5 Farbmodi, ein 3000K \/ 4000K \/ 6500K-Kosmetikspiegel-Gl\u00fchbirnen-Kit. 3 helle Farboptionen \uff08Tageslichtwei\u00df \uff0c warmes Wei\u00df und nat\u00fcrliches Wei\u00df\uff09 erm\u00f6glichen es Ihnen, sich lange Zeit zu schminken, ohne Ihre Augen zu verletzen, und erf\u00fcllen Ihre unterschiedlichen Bed\u00fcrfnisse in verschiedenen Situationen.<br \/>\n\u3010EINSTELLBARE HELLIGKEIT\u3011 Dimmbar! Das Dimmen von 1-6 Stufen kann nach Belieben eingestellt werden. Passen Sie die Helligkeit dieser Gl\u00fchbirne ganz nach Ihren W\u00fcnschen und W\u00fcnschen an. Sie k\u00f6nnen die gew\u00fcnschte Helligkeit durch Dr\u00fccken der Tasten &#8220;+&#8221; und &#8220;-&#8221; ausw\u00e4hlen.<\/p>\n","protected":false},"featured_media":193077,"comment_status":"open","ping_status":"closed","template":"","meta":[],"product_brand":[],"product_cat":[11474,2108],"product_tag":[],"class_list":{"0":"post-193076","1":"product","2":"type-product","3":"status-publish","4":"has-post-thumbnail","6":"product_cat-bad-beleuchtung","7":"product_cat-beleuchtung","8":"pa_binding-haushaltswaren","9":"pa_brand-aourow","10":"pa_color-milk","11":"pa_height-1-574803148-zoll","12":"pa_length-1-574803148-zoll","13":"pa_manufacturer-aourow","14":"pa_model-6690","15":"pa_width-1-968503935-zoll","17":"first","18":"instock","19":"shipping-taxable","20":"purchasable","21":"product-type-simple","22":"customify-col","23":"product-has-gallery"},"yoast_head":"<!-- This site is optimized with the Yoast SEO plugin v27.3 - https:\/\/yoast.com\/product\/yoast-seo-wordpress\/ -->\n<title>Aourow LED Schminklicht mit Schalter und 10 Dimmbaren Gl\u00fchbirnen,Hollywood-Stil Spiegelleuchte LED,USB-Kabel-Design Make\u2026 - Markt-XXL<\/title>\n<meta name=\"description\" content=\"Markt-XXL Aourow LED Schminklicht mit Schalter und 10 Dimmbaren Gl\u00fchbirnen,Hollywood-Stil Spiegelleuchte LED,USB-Kabel-Design Make\u2026\" \/>\n<meta name=\"robots\" content=\"index, follow, max-snippet:-1, max-image-preview:large, max-video-preview:-1\" \/>\n<link rel=\"canonical\" href=\"https:\/\/marktxxl.de\/markt\/produkt\/aourow-led-schminklicht-mit-schalter-und-10-dimmbaren-gluehbirnenhollywood-stil-spiegelleuchte-ledusb-kabel-design-make-up-licht-mit-6-helligkeiten-und-5-farbmodi\/\" \/>\n<meta property=\"og:locale\" content=\"de_DE\" \/>\n<meta property=\"og:type\" content=\"article\" \/>\n<meta property=\"og:title\" content=\"Aourow LED Schminklicht mit Schalter und 10 Dimmbaren Gl\u00fchbirnen,Hollywood-Stil Spiegelleuchte LED,USB-Kabel-Design Make\u2026 - Markt-XXL\" \/>\n<meta property=\"og:description\" content=\"Markt-XXL Aourow LED Schminklicht mit Schalter und 10 Dimmbaren Gl\u00fchbirnen,Hollywood-Stil Spiegelleuchte LED,USB-Kabel-Design Make\u2026\" \/>\n<meta property=\"og:url\" content=\"https:\/\/marktxxl.de\/markt\/produkt\/aourow-led-schminklicht-mit-schalter-und-10-dimmbaren-gluehbirnenhollywood-stil-spiegelleuchte-ledusb-kabel-design-make-up-licht-mit-6-helligkeiten-und-5-farbmodi\/\" \/>\n<meta property=\"og:site_name\" content=\"Markt-XXL\" \/>\n<meta property=\"article:modified_time\" content=\"2023-04-09T03:13:08+00:00\" \/>\n<meta property=\"og:image\" content=\"https:\/\/m.media-amazon.com\/images\/I\/51mV8F7ExsL._SL500_.jpg\" \/>\n\t<meta property=\"og:image:width\" content=\"500\" \/>\n\t<meta property=\"og:image:height\" content=\"500\" \/>\n\t<meta property=\"og:image:type\" content=\"image\/jpeg\" \/>\n<meta name=\"twitter:card\" content=\"summary_large_image\" \/>\n<meta name=\"twitter:label1\" content=\"Gesch\u00e4tzte Lesezeit\" \/>\n\t<meta name=\"twitter:data1\" content=\"1\u00a0Minute\" \/>\n<script type=\"application\/ld+json\" class=\"yoast-schema-graph\">{\"@context\":\"https:\\\/\\\/schema.org\",\"@graph\":[{\"@type\":\"WebPage\",\"@id\":\"https:\\\/\\\/marktxxl.de\\\/markt\\\/produkt\\\/aourow-led-schminklicht-mit-schalter-und-10-dimmbaren-gluehbirnenhollywood-stil-spiegelleuchte-ledusb-kabel-design-make-up-licht-mit-6-helligkeiten-und-5-farbmodi\\\/\",\"url\":\"https:\\\/\\\/marktxxl.de\\\/markt\\\/produkt\\\/aourow-led-schminklicht-mit-schalter-und-10-dimmbaren-gluehbirnenhollywood-stil-spiegelleuchte-ledusb-kabel-design-make-up-licht-mit-6-helligkeiten-und-5-farbmodi\\\/\",\"name\":\"Aourow LED Schminklicht mit Schalter und 10 Dimmbaren Gl\u00fchbirnen,Hollywood-Stil Spiegelleuchte LED,USB-Kabel-Design Make\u2026 - Markt-XXL\",\"isPartOf\":{\"@id\":\"https:\\\/\\\/marktxxl.de\\\/markt\\\/#website\"},\"primaryImageOfPage\":{\"@id\":\"https:\\\/\\\/marktxxl.de\\\/markt\\\/produkt\\\/aourow-led-schminklicht-mit-schalter-und-10-dimmbaren-gluehbirnenhollywood-stil-spiegelleuchte-ledusb-kabel-design-make-up-licht-mit-6-helligkeiten-und-5-farbmodi\\\/#primaryimage\"},\"image\":{\"@id\":\"https:\\\/\\\/marktxxl.de\\\/markt\\\/produkt\\\/aourow-led-schminklicht-mit-schalter-und-10-dimmbaren-gluehbirnenhollywood-stil-spiegelleuchte-ledusb-kabel-design-make-up-licht-mit-6-helligkeiten-und-5-farbmodi\\\/#primaryimage\"},\"thumbnailUrl\":\"https:\\\/\\\/m.media-amazon.com\\\/images\\\/I\\\/51mV8F7ExsL._SL500_.jpg\",\"datePublished\":\"2023-03-11T03:19:08+00:00\",\"dateModified\":\"2023-04-09T03:13:08+00:00\",\"description\":\"Markt-XXL Aourow LED Schminklicht mit Schalter und 10 Dimmbaren Gl\u00fchbirnen,Hollywood-Stil Spiegelleuchte LED,USB-Kabel-Design Make\u2026\",\"breadcrumb\":{\"@id\":\"https:\\\/\\\/marktxxl.de\\\/markt\\\/produkt\\\/aourow-led-schminklicht-mit-schalter-und-10-dimmbaren-gluehbirnenhollywood-stil-spiegelleuchte-ledusb-kabel-design-make-up-licht-mit-6-helligkeiten-und-5-farbmodi\\\/#breadcrumb\"},\"inLanguage\":\"de\",\"potentialAction\":[{\"@type\":\"ReadAction\",\"target\":[\"https:\\\/\\\/marktxxl.de\\\/markt\\\/produkt\\\/aourow-led-schminklicht-mit-schalter-und-10-dimmbaren-gluehbirnenhollywood-stil-spiegelleuchte-ledusb-kabel-design-make-up-licht-mit-6-helligkeiten-und-5-farbmodi\\\/\"]}]},{\"@type\":\"ImageObject\",\"inLanguage\":\"de\",\"@id\":\"https:\\\/\\\/marktxxl.de\\\/markt\\\/produkt\\\/aourow-led-schminklicht-mit-schalter-und-10-dimmbaren-gluehbirnenhollywood-stil-spiegelleuchte-ledusb-kabel-design-make-up-licht-mit-6-helligkeiten-und-5-farbmodi\\\/#primaryimage\",\"url\":\"https:\\\/\\\/m.media-amazon.com\\\/images\\\/I\\\/51mV8F7ExsL._SL500_.jpg\",\"contentUrl\":\"https:\\\/\\\/m.media-amazon.com\\\/images\\\/I\\\/51mV8F7ExsL._SL500_.jpg\",\"width\":500,\"height\":500},{\"@type\":\"BreadcrumbList\",\"@id\":\"https:\\\/\\\/marktxxl.de\\\/markt\\\/produkt\\\/aourow-led-schminklicht-mit-schalter-und-10-dimmbaren-gluehbirnenhollywood-stil-spiegelleuchte-ledusb-kabel-design-make-up-licht-mit-6-helligkeiten-und-5-farbmodi\\\/#breadcrumb\",\"itemListElement\":[{\"@type\":\"ListItem\",\"position\":1,\"name\":\"Startseite\",\"item\":\"https:\\\/\\\/marktxxl.de\\\/markt\\\/\"},{\"@type\":\"ListItem\",\"position\":2,\"name\":\"Markt\",\"item\":\"https:\\\/\\\/marktxxl.de\\\/markt\\\/\"},{\"@type\":\"ListItem\",\"position\":3,\"name\":\"Aourow LED Schminklicht mit Schalter und 10 Dimmbaren Gl\u00fchbirnen,Hollywood-Stil Spiegelleuchte LED,USB-Kabel-Design Make\u2026\"}]},{\"@type\":\"WebSite\",\"@id\":\"https:\\\/\\\/marktxxl.de\\\/markt\\\/#website\",\"url\":\"https:\\\/\\\/marktxxl.de\\\/markt\\\/\",\"name\":\"Markt-XXL\",\"description\":\"Ihr Markt Online\",\"publisher\":{\"@id\":\"https:\\\/\\\/marktxxl.de\\\/markt\\\/#organization\"},\"potentialAction\":[{\"@type\":\"SearchAction\",\"target\":{\"@type\":\"EntryPoint\",\"urlTemplate\":\"https:\\\/\\\/marktxxl.de\\\/markt\\\/?s={search_term_string}\"},\"query-input\":{\"@type\":\"PropertyValueSpecification\",\"valueRequired\":true,\"valueName\":\"search_term_string\"}}],\"inLanguage\":\"de\"},{\"@type\":\"Organization\",\"@id\":\"https:\\\/\\\/marktxxl.de\\\/markt\\\/#organization\",\"name\":\"Markt-XXL\",\"url\":\"https:\\\/\\\/marktxxl.de\\\/markt\\\/\",\"logo\":{\"@type\":\"ImageObject\",\"inLanguage\":\"de\",\"@id\":\"https:\\\/\\\/marktxxl.de\\\/markt\\\/#\\\/schema\\\/logo\\\/image\\\/\",\"url\":\"https:\\\/\\\/marktxxl.de\\\/markt\\\/wp-content\\\/uploads\\\/sites\\\/3\\\/2020\\\/12\\\/logo.png\",\"contentUrl\":\"https:\\\/\\\/marktxxl.de\\\/markt\\\/wp-content\\\/uploads\\\/sites\\\/3\\\/2020\\\/12\\\/logo.png\",\"width\":200,\"height\":70,\"caption\":\"Markt-XXL\"},\"image\":{\"@id\":\"https:\\\/\\\/marktxxl.de\\\/markt\\\/#\\\/schema\\\/logo\\\/image\\\/\"}}]}<\/script>\n<!-- \/ Yoast SEO plugin. -->","yoast_head_json":{"title":"Aourow LED Schminklicht mit Schalter und 10 Dimmbaren Gl\u00fchbirnen,Hollywood-Stil Spiegelleuchte LED,USB-Kabel-Design Make\u2026 - Markt-XXL","description":"Markt-XXL Aourow LED Schminklicht mit Schalter und 10 Dimmbaren Gl\u00fchbirnen,Hollywood-Stil Spiegelleuchte LED,USB-Kabel-Design Make\u2026","robots":{"index":"index","follow":"follow","max-snippet":"max-snippet:-1","max-image-preview":"max-image-preview:large","max-video-preview":"max-video-preview:-1"},"canonical":"https:\/\/marktxxl.de\/markt\/produkt\/aourow-led-schminklicht-mit-schalter-und-10-dimmbaren-gluehbirnenhollywood-stil-spiegelleuchte-ledusb-kabel-design-make-up-licht-mit-6-helligkeiten-und-5-farbmodi\/","og_locale":"de_DE","og_type":"article","og_title":"Aourow LED Schminklicht mit Schalter und 10 Dimmbaren Gl\u00fchbirnen,Hollywood-Stil Spiegelleuchte LED,USB-Kabel-Design Make\u2026 - Markt-XXL","og_description":"Markt-XXL Aourow LED Schminklicht mit Schalter und 10 Dimmbaren Gl\u00fchbirnen,Hollywood-Stil Spiegelleuchte LED,USB-Kabel-Design Make\u2026","og_url":"https:\/\/marktxxl.de\/markt\/produkt\/aourow-led-schminklicht-mit-schalter-und-10-dimmbaren-gluehbirnenhollywood-stil-spiegelleuchte-ledusb-kabel-design-make-up-licht-mit-6-helligkeiten-und-5-farbmodi\/","og_site_name":"Markt-XXL","article_modified_time":"2023-04-09T03:13:08+00:00","og_image":[{"width":500,"height":500,"url":"https:\/\/m.media-amazon.com\/images\/I\/51mV8F7ExsL._SL500_.jpg","type":"image\/jpeg"}],"twitter_card":"summary_large_image","twitter_misc":{"Gesch\u00e4tzte Lesezeit":"1\u00a0Minute"},"schema":{"@context":"https:\/\/schema.org","@graph":[{"@type":"WebPage","@id":"https:\/\/marktxxl.de\/markt\/produkt\/aourow-led-schminklicht-mit-schalter-und-10-dimmbaren-gluehbirnenhollywood-stil-spiegelleuchte-ledusb-kabel-design-make-up-licht-mit-6-helligkeiten-und-5-farbmodi\/","url":"https:\/\/marktxxl.de\/markt\/produkt\/aourow-led-schminklicht-mit-schalter-und-10-dimmbaren-gluehbirnenhollywood-stil-spiegelleuchte-ledusb-kabel-design-make-up-licht-mit-6-helligkeiten-und-5-farbmodi\/","name":"Aourow LED Schminklicht mit Schalter und 10 Dimmbaren Gl\u00fchbirnen,Hollywood-Stil Spiegelleuchte LED,USB-Kabel-Design Make\u2026 - Markt-XXL","isPartOf":{"@id":"https:\/\/marktxxl.de\/markt\/#website"},"primaryImageOfPage":{"@id":"https:\/\/marktxxl.de\/markt\/produkt\/aourow-led-schminklicht-mit-schalter-und-10-dimmbaren-gluehbirnenhollywood-stil-spiegelleuchte-ledusb-kabel-design-make-up-licht-mit-6-helligkeiten-und-5-farbmodi\/#primaryimage"},"image":{"@id":"https:\/\/marktxxl.de\/markt\/produkt\/aourow-led-schminklicht-mit-schalter-und-10-dimmbaren-gluehbirnenhollywood-stil-spiegelleuchte-ledusb-kabel-design-make-up-licht-mit-6-helligkeiten-und-5-farbmodi\/#primaryimage"},"thumbnailUrl":"https:\/\/m.media-amazon.com\/images\/I\/51mV8F7ExsL._SL500_.jpg","datePublished":"2023-03-11T03:19:08+00:00","dateModified":"2023-04-09T03:13:08+00:00","description":"Markt-XXL Aourow LED Schminklicht mit Schalter und 10 Dimmbaren Gl\u00fchbirnen,Hollywood-Stil Spiegelleuchte LED,USB-Kabel-Design Make\u2026","breadcrumb":{"@id":"https:\/\/marktxxl.de\/markt\/produkt\/aourow-led-schminklicht-mit-schalter-und-10-dimmbaren-gluehbirnenhollywood-stil-spiegelleuchte-ledusb-kabel-design-make-up-licht-mit-6-helligkeiten-und-5-farbmodi\/#breadcrumb"},"inLanguage":"de","potentialAction":[{"@type":"ReadAction","target":["https:\/\/marktxxl.de\/markt\/produkt\/aourow-led-schminklicht-mit-schalter-und-10-dimmbaren-gluehbirnenhollywood-stil-spiegelleuchte-ledusb-kabel-design-make-up-licht-mit-6-helligkeiten-und-5-farbmodi\/"]}]},{"@type":"ImageObject","inLanguage":"de","@id":"https:\/\/marktxxl.de\/markt\/produkt\/aourow-led-schminklicht-mit-schalter-und-10-dimmbaren-gluehbirnenhollywood-stil-spiegelleuchte-ledusb-kabel-design-make-up-licht-mit-6-helligkeiten-und-5-farbmodi\/#primaryimage","url":"https:\/\/m.media-amazon.com\/images\/I\/51mV8F7ExsL._SL500_.jpg","contentUrl":"https:\/\/m.media-amazon.com\/images\/I\/51mV8F7ExsL._SL500_.jpg","width":500,"height":500},{"@type":"BreadcrumbList","@id":"https:\/\/marktxxl.de\/markt\/produkt\/aourow-led-schminklicht-mit-schalter-und-10-dimmbaren-gluehbirnenhollywood-stil-spiegelleuchte-ledusb-kabel-design-make-up-licht-mit-6-helligkeiten-und-5-farbmodi\/#breadcrumb","itemListElement":[{"@type":"ListItem","position":1,"name":"Startseite","item":"https:\/\/marktxxl.de\/markt\/"},{"@type":"ListItem","position":2,"name":"Markt","item":"https:\/\/marktxxl.de\/markt\/"},{"@type":"ListItem","position":3,"name":"Aourow LED Schminklicht mit Schalter und 10 Dimmbaren Gl\u00fchbirnen,Hollywood-Stil Spiegelleuchte LED,USB-Kabel-Design Make\u2026"}]},{"@type":"WebSite","@id":"https:\/\/marktxxl.de\/markt\/#website","url":"https:\/\/marktxxl.de\/markt\/","name":"Markt-XXL","description":"Ihr Markt Online","publisher":{"@id":"https:\/\/marktxxl.de\/markt\/#organization"},"potentialAction":[{"@type":"SearchAction","target":{"@type":"EntryPoint","urlTemplate":"https:\/\/marktxxl.de\/markt\/?s={search_term_string}"},"query-input":{"@type":"PropertyValueSpecification","valueRequired":true,"valueName":"search_term_string"}}],"inLanguage":"de"},{"@type":"Organization","@id":"https:\/\/marktxxl.de\/markt\/#organization","name":"Markt-XXL","url":"https:\/\/marktxxl.de\/markt\/","logo":{"@type":"ImageObject","inLanguage":"de","@id":"https:\/\/marktxxl.de\/markt\/#\/schema\/logo\/image\/","url":"https:\/\/marktxxl.de\/markt\/wp-content\/uploads\/sites\/3\/2020\/12\/logo.png","contentUrl":"https:\/\/marktxxl.de\/markt\/wp-content\/uploads\/sites\/3\/2020\/12\/logo.png","width":200,"height":70,"caption":"Markt-XXL"},"image":{"@id":"https:\/\/marktxxl.de\/markt\/#\/schema\/logo\/image\/"}}]}},"_links":{"self":[{"href":"https:\/\/marktxxl.de\/markt\/wp-json\/wp\/v2\/product\/193076","targetHints":{"allow":["GET"]}}],"collection":[{"href":"https:\/\/marktxxl.de\/markt\/wp-json\/wp\/v2\/product"}],"about":[{"href":"https:\/\/marktxxl.de\/markt\/wp-json\/wp\/v2\/types\/product"}],"replies":[{"embeddable":true,"href":"https:\/\/marktxxl.de\/markt\/wp-json\/wp\/v2\/comments?post=193076"}],"wp:featuredmedia":[{"embeddable":true,"href":"https:\/\/marktxxl.de\/markt\/wp-json\/wp\/v2\/media\/193077"}],"wp:attachment":[{"href":"https:\/\/marktxxl.de\/markt\/wp-json\/wp\/v2\/media?parent=193076"}],"wp:term":[{"taxonomy":"product_brand","embeddable":true,"href":"https:\/\/marktxxl.de\/markt\/wp-json\/wp\/v2\/product_brand?post=193076"},{"taxonomy":"product_cat","embeddable":true,"href":"https:\/\/marktxxl.de\/markt\/wp-json\/wp\/v2\/product_cat?post=193076"},{"taxonomy":"product_tag","embeddable":true,"href":"https:\/\/marktxxl.de\/markt\/wp-json\/wp\/v2\/product_tag?post=193076"}],"curies":[{"name":"wp","href":"https:\/\/api.w.org\/{rel}","templated":true}]}}