{"id":192994,"date":"2023-03-11T03:50:17","date_gmt":"2023-03-11T02:50:17","guid":{"rendered":"https:\/\/marktxxl.de\/markt\/produkt\/ispring-rcc7-75-gpd-5-stufiges-umkehrosmose-trinkwassersystem-nsf-zertifiziert-hohe-kapazitaet-unter-der-spuele-mit-gebuerstetem-nickel-wasserhahn\/"},"modified":"2023-04-09T05:12:35","modified_gmt":"2023-04-09T03:12:35","slug":"ispring-rcc7-75-gpd-5-stufiges-umkehrosmose-trinkwassersystem-nsf-zertifiziert-hohe-kapazitaet-unter-der-spuele-mit-gebuerstetem-nickel-wasserhahn","status":"publish","type":"product","link":"https:\/\/marktxxl.de\/markt\/produkt\/ispring-rcc7-75-gpd-5-stufiges-umkehrosmose-trinkwassersystem-nsf-zertifiziert-hohe-kapazitaet-unter-der-spuele-mit-gebuerstetem-nickel-wasserhahn\/","title":{"rendered":"iSpring F7-GAC f\u00fcr standardm\u00e4\u00dfige 5-stufige Umkehrosmose-RO-Systeme 1-Jahres-Ersatzversorgungs-Filterkartuschensatz, 7\u2026"},"content":{"rendered":"<p>\u3010Hervorragend schmeckendes Wasser\u3011: Das Osmoseanlage Trinkwasserfilltersystem wandelt Ihr Wasser in sauberes, reines und gesundes Trinkwasser um, indem es bis zu 99 % von \u00fcber 1.000 sch\u00e4dlichen Verunreinigungen wie Chlor, Fluorid, Blei (entfernt bis zu 98 %), Arsen, Asbest, Kalzium, Natrium und mehr entfernt. Die TDS-Reduktionsrate betr\u00e4gt 80 bis 90 % und entfernt Mineralien aus hartem Wasser.<br \/>\n\u3010Entwickelt f\u00fcr die Untersp\u00fcle\u3011:1. keine Stromversorgung erforderlich. 2. mit R\u00fcckschlagventil zur Verhinderung des R\u00fcckflusses von Wasser in das Membrangeh\u00e4use und zur Vermeidung von Wasserleckagen. 3. mit Wassertank, um den Wasserverbrauch der meisten Haushalte zu decken. 4. Die erstes Filtergeh\u00e4use aus AS Material, transparentes Design zur einfachen \u00dcberpr\u00fcfung des Patronenzustands.<br \/>\n\u3010Hochwertige Materialien\u3011: Mit den iSpring Umkehrosmoseanlage Wasserfiltersystem k\u00f6nnen Sie jedes Mal, wenn Sie den Wasserhahn aufdrehen, sauberes, sicheres und wohlschmeckendes Wasser genie\u00dfen. Das System wird mit 100 % bleifreien Design-Armaturen und zertifizierten JG-Lebensmittelqualit\u00e4t-Rohrleitungen geliefert. Genie\u00dfen Sie kristallklare Eisw\u00fcrfel, frischeren Tee und Kaffee, besser schmeckende Lebensmittel und ges\u00fcndere Babynahrung.<br \/>\n\u3010Einfach zu installieren\u3011: Alle Teile sind im Lieferumfang enthalten. Bereiten Sie einfach das Installationswerkzeug vor, lesen Sie unsere Installationsanweisungen und Youtube-Videos und die Installation kann normalerweise innerhalb weniger Stunden abgeschlossen werden.<br \/>\n\u3010Zertifiziert durch NSF\/ANSI 58\u3011: Die Produkte von iSpring werden in den USA entwickelt und nach strengen amerikanischen Qualit\u00e4tsstandards hergestellt. Zertifiziert durch NSF\/ANSI 58, widmet sich iSpring seit \u00fcber 15 Jahren der Aufgabe, Familien auf der ganzen Welt mit unbegrenzt sauberem, erfrischendem und kristallklarem Wasser zu versorgen, das besser schmeckt als Wasser in Flaschen.<br \/>\n<div class=\"main-cross-sell\" data-asin=\"B0BVZ79Q49\">\n\n\t<div class=\"WooZone-cross-sell-loader\">\n\t\t<div>\n\t\t\t<div id=\"floatingBarsG\">\n\t\t\t\t<div class=\"blockG\" id=\"rotateG_01\"><\/div>\n\t\t\t\t<div class=\"blockG\" id=\"rotateG_02\"><\/div>\n\t\t\t\t<div class=\"blockG\" id=\"rotateG_03\"><\/div>\n\t\t\t\t<div class=\"blockG\" id=\"rotateG_04\"><\/div>\n\t\t\t\t<div class=\"blockG\" id=\"rotateG_05\"><\/div>\n\t\t\t\t<div class=\"blockG\" id=\"rotateG_06\"><\/div>\n\t\t\t\t<div class=\"blockG\" id=\"rotateG_07\"><\/div>\n\t\t\t\t<div class=\"blockG\" id=\"rotateG_08\"><\/div>\n\t\t\t<\/div>\n\t\t\t<div class=\"WooZone-cross-sell-loader-text\"><\/div>\n\t\t<\/div>\n\t<\/div>\n\n\t\t\n<\/div>\n<div style=\"clear:both;\"><\/div><\/p>\n","protected":false},"excerpt":{"rendered":"<p>\u3010Hervorragend schmeckendes Wasser\u3011: Das Osmoseanlage Trinkwasserfilltersystem wandelt Ihr Wasser in sauberes, reines und gesundes Trinkwasser um, indem es bis zu 99 % von \u00fcber 1.000 sch\u00e4dlichen Verunreinigungen wie Chlor, Fluorid, Blei (entfernt bis zu 98 %), Arsen, Asbest, Kalzium, Natrium und mehr entfernt. Die TDS-Reduktionsrate betr\u00e4gt 80 bis 90 % und entfernt Mineralien aus hartem Wasser.<br \/>\n\u3010Entwickelt f\u00fcr die Untersp\u00fcle\u3011:1. keine Stromversorgung erforderlich. 2. mit R\u00fcckschlagventil zur Verhinderung des R\u00fcckflusses von Wasser in das Membrangeh\u00e4use und zur Vermeidung von Wasserleckagen. 3. mit Wassertank, um den Wasserverbrauch der meisten Haushalte zu decken. 4. Die erstes Filtergeh\u00e4use aus AS Material, transparentes Design zur einfachen \u00dcberpr\u00fcfung des Patronenzustands.<br \/>\n\u3010Hochwertige Materialien\u3011: Mit den iSpring Umkehrosmoseanlage Wasserfiltersystem k\u00f6nnen Sie jedes Mal, wenn Sie den Wasserhahn aufdrehen, sauberes, sicheres und wohlschmeckendes Wasser genie\u00dfen. Das System wird mit 100 % bleifreien Design-Armaturen und zertifizierten JG-Lebensmittelqualit\u00e4t-Rohrleitungen geliefert. Genie\u00dfen Sie kristallklare Eisw\u00fcrfel, frischeren Tee und Kaffee, besser schmeckende Lebensmittel und ges\u00fcndere Babynahrung.<\/p>\n","protected":false},"featured_media":192995,"comment_status":"open","ping_status":"closed","template":"","meta":[],"product_brand":[],"product_cat":[1983,11101],"product_tag":[],"class_list":{"0":"post-192994","1":"product","2":"type-product","3":"status-publish","4":"has-post-thumbnail","6":"product_cat-baumarkt","7":"product_cat-kuechen-badinstallation","8":"pa_brand-ispring","9":"pa_height-23-62204722-zoll","10":"pa_length-12-992125971-zoll","11":"pa_manufacturer-ispring","12":"pa_width-15-74803148-zoll","14":"first","15":"instock","16":"shipping-taxable","17":"purchasable","18":"product-type-simple","19":"customify-col","20":"product-has-gallery"},"yoast_head":"<!-- This site is optimized with the Yoast SEO plugin v27.4 - https:\/\/yoast.com\/product\/yoast-seo-wordpress\/ -->\n<title>iSpring F7-GAC f\u00fcr standardm\u00e4\u00dfige 5-stufige Umkehrosmose-RO-Systeme 1-Jahres-Ersatzversorgungs-Filterkartuschensatz, 7\u2026 - Markt-XXL<\/title>\n<meta name=\"description\" content=\"Markt-XXL iSpring F7-GAC f\u00fcr standardm\u00e4\u00dfige 5-stufige Umkehrosmose-RO-Systeme 1-Jahres-Ersatzversorgungs-Filterkartuschensatz, 7\u2026\" \/>\n<meta name=\"robots\" content=\"index, follow, max-snippet:-1, max-image-preview:large, max-video-preview:-1\" \/>\n<link rel=\"canonical\" href=\"https:\/\/marktxxl.de\/markt\/produkt\/ispring-rcc7-75-gpd-5-stufiges-umkehrosmose-trinkwassersystem-nsf-zertifiziert-hohe-kapazitaet-unter-der-spuele-mit-gebuerstetem-nickel-wasserhahn\/\" \/>\n<meta property=\"og:locale\" content=\"de_DE\" \/>\n<meta property=\"og:type\" content=\"article\" \/>\n<meta property=\"og:title\" content=\"iSpring F7-GAC f\u00fcr standardm\u00e4\u00dfige 5-stufige Umkehrosmose-RO-Systeme 1-Jahres-Ersatzversorgungs-Filterkartuschensatz, 7\u2026 - Markt-XXL\" \/>\n<meta property=\"og:description\" content=\"Markt-XXL iSpring F7-GAC f\u00fcr standardm\u00e4\u00dfige 5-stufige Umkehrosmose-RO-Systeme 1-Jahres-Ersatzversorgungs-Filterkartuschensatz, 7\u2026\" \/>\n<meta property=\"og:url\" content=\"https:\/\/marktxxl.de\/markt\/produkt\/ispring-rcc7-75-gpd-5-stufiges-umkehrosmose-trinkwassersystem-nsf-zertifiziert-hohe-kapazitaet-unter-der-spuele-mit-gebuerstetem-nickel-wasserhahn\/\" \/>\n<meta property=\"og:site_name\" content=\"Markt-XXL\" \/>\n<meta property=\"article:modified_time\" content=\"2023-04-09T03:12:35+00:00\" \/>\n<meta property=\"og:image\" content=\"https:\/\/m.media-amazon.com\/images\/I\/51SMOhN1LUL._SL500_.jpg\" \/>\n\t<meta property=\"og:image:width\" content=\"500\" \/>\n\t<meta property=\"og:image:height\" content=\"500\" \/>\n\t<meta property=\"og:image:type\" content=\"image\/jpeg\" \/>\n<meta name=\"twitter:card\" content=\"summary_large_image\" \/>\n<meta name=\"twitter:label1\" content=\"Gesch\u00e4tzte Lesezeit\" \/>\n\t<meta name=\"twitter:data1\" content=\"1\u00a0Minute\" \/>\n<script type=\"application\/ld+json\" class=\"yoast-schema-graph\">{\"@context\":\"https:\\\/\\\/schema.org\",\"@graph\":[{\"@type\":\"WebPage\",\"@id\":\"https:\\\/\\\/marktxxl.de\\\/markt\\\/produkt\\\/ispring-rcc7-75-gpd-5-stufiges-umkehrosmose-trinkwassersystem-nsf-zertifiziert-hohe-kapazitaet-unter-der-spuele-mit-gebuerstetem-nickel-wasserhahn\\\/\",\"url\":\"https:\\\/\\\/marktxxl.de\\\/markt\\\/produkt\\\/ispring-rcc7-75-gpd-5-stufiges-umkehrosmose-trinkwassersystem-nsf-zertifiziert-hohe-kapazitaet-unter-der-spuele-mit-gebuerstetem-nickel-wasserhahn\\\/\",\"name\":\"iSpring F7-GAC f\u00fcr standardm\u00e4\u00dfige 5-stufige Umkehrosmose-RO-Systeme 1-Jahres-Ersatzversorgungs-Filterkartuschensatz, 7\u2026 - Markt-XXL\",\"isPartOf\":{\"@id\":\"https:\\\/\\\/marktxxl.de\\\/markt\\\/#website\"},\"primaryImageOfPage\":{\"@id\":\"https:\\\/\\\/marktxxl.de\\\/markt\\\/produkt\\\/ispring-rcc7-75-gpd-5-stufiges-umkehrosmose-trinkwassersystem-nsf-zertifiziert-hohe-kapazitaet-unter-der-spuele-mit-gebuerstetem-nickel-wasserhahn\\\/#primaryimage\"},\"image\":{\"@id\":\"https:\\\/\\\/marktxxl.de\\\/markt\\\/produkt\\\/ispring-rcc7-75-gpd-5-stufiges-umkehrosmose-trinkwassersystem-nsf-zertifiziert-hohe-kapazitaet-unter-der-spuele-mit-gebuerstetem-nickel-wasserhahn\\\/#primaryimage\"},\"thumbnailUrl\":\"https:\\\/\\\/m.media-amazon.com\\\/images\\\/I\\\/51SMOhN1LUL._SL500_.jpg\",\"datePublished\":\"2023-03-11T02:50:17+00:00\",\"dateModified\":\"2023-04-09T03:12:35+00:00\",\"description\":\"Markt-XXL iSpring F7-GAC f\u00fcr standardm\u00e4\u00dfige 5-stufige Umkehrosmose-RO-Systeme 1-Jahres-Ersatzversorgungs-Filterkartuschensatz, 7\u2026\",\"breadcrumb\":{\"@id\":\"https:\\\/\\\/marktxxl.de\\\/markt\\\/produkt\\\/ispring-rcc7-75-gpd-5-stufiges-umkehrosmose-trinkwassersystem-nsf-zertifiziert-hohe-kapazitaet-unter-der-spuele-mit-gebuerstetem-nickel-wasserhahn\\\/#breadcrumb\"},\"inLanguage\":\"de\",\"potentialAction\":[{\"@type\":\"ReadAction\",\"target\":[\"https:\\\/\\\/marktxxl.de\\\/markt\\\/produkt\\\/ispring-rcc7-75-gpd-5-stufiges-umkehrosmose-trinkwassersystem-nsf-zertifiziert-hohe-kapazitaet-unter-der-spuele-mit-gebuerstetem-nickel-wasserhahn\\\/\"]}]},{\"@type\":\"ImageObject\",\"inLanguage\":\"de\",\"@id\":\"https:\\\/\\\/marktxxl.de\\\/markt\\\/produkt\\\/ispring-rcc7-75-gpd-5-stufiges-umkehrosmose-trinkwassersystem-nsf-zertifiziert-hohe-kapazitaet-unter-der-spuele-mit-gebuerstetem-nickel-wasserhahn\\\/#primaryimage\",\"url\":\"https:\\\/\\\/m.media-amazon.com\\\/images\\\/I\\\/51SMOhN1LUL._SL500_.jpg\",\"contentUrl\":\"https:\\\/\\\/m.media-amazon.com\\\/images\\\/I\\\/51SMOhN1LUL._SL500_.jpg\",\"width\":500,\"height\":500},{\"@type\":\"BreadcrumbList\",\"@id\":\"https:\\\/\\\/marktxxl.de\\\/markt\\\/produkt\\\/ispring-rcc7-75-gpd-5-stufiges-umkehrosmose-trinkwassersystem-nsf-zertifiziert-hohe-kapazitaet-unter-der-spuele-mit-gebuerstetem-nickel-wasserhahn\\\/#breadcrumb\",\"itemListElement\":[{\"@type\":\"ListItem\",\"position\":1,\"name\":\"Startseite\",\"item\":\"https:\\\/\\\/marktxxl.de\\\/markt\\\/\"},{\"@type\":\"ListItem\",\"position\":2,\"name\":\"Markt\",\"item\":\"https:\\\/\\\/marktxxl.de\\\/markt\\\/\"},{\"@type\":\"ListItem\",\"position\":3,\"name\":\"iSpring F7-GAC f\u00fcr standardm\u00e4\u00dfige 5-stufige Umkehrosmose-RO-Systeme 1-Jahres-Ersatzversorgungs-Filterkartuschensatz, 7\u2026\"}]},{\"@type\":\"WebSite\",\"@id\":\"https:\\\/\\\/marktxxl.de\\\/markt\\\/#website\",\"url\":\"https:\\\/\\\/marktxxl.de\\\/markt\\\/\",\"name\":\"Markt-XXL\",\"description\":\"Ihr Markt Online\",\"publisher\":{\"@id\":\"https:\\\/\\\/marktxxl.de\\\/markt\\\/#organization\"},\"potentialAction\":[{\"@type\":\"SearchAction\",\"target\":{\"@type\":\"EntryPoint\",\"urlTemplate\":\"https:\\\/\\\/marktxxl.de\\\/markt\\\/?s={search_term_string}\"},\"query-input\":{\"@type\":\"PropertyValueSpecification\",\"valueRequired\":true,\"valueName\":\"search_term_string\"}}],\"inLanguage\":\"de\"},{\"@type\":\"Organization\",\"@id\":\"https:\\\/\\\/marktxxl.de\\\/markt\\\/#organization\",\"name\":\"Markt-XXL\",\"url\":\"https:\\\/\\\/marktxxl.de\\\/markt\\\/\",\"logo\":{\"@type\":\"ImageObject\",\"inLanguage\":\"de\",\"@id\":\"https:\\\/\\\/marktxxl.de\\\/markt\\\/#\\\/schema\\\/logo\\\/image\\\/\",\"url\":\"https:\\\/\\\/marktxxl.de\\\/markt\\\/wp-content\\\/uploads\\\/sites\\\/3\\\/2020\\\/12\\\/logo.png\",\"contentUrl\":\"https:\\\/\\\/marktxxl.de\\\/markt\\\/wp-content\\\/uploads\\\/sites\\\/3\\\/2020\\\/12\\\/logo.png\",\"width\":200,\"height\":70,\"caption\":\"Markt-XXL\"},\"image\":{\"@id\":\"https:\\\/\\\/marktxxl.de\\\/markt\\\/#\\\/schema\\\/logo\\\/image\\\/\"}}]}<\/script>\n<!-- \/ Yoast SEO plugin. -->","yoast_head_json":{"title":"iSpring F7-GAC f\u00fcr standardm\u00e4\u00dfige 5-stufige Umkehrosmose-RO-Systeme 1-Jahres-Ersatzversorgungs-Filterkartuschensatz, 7\u2026 - Markt-XXL","description":"Markt-XXL iSpring F7-GAC f\u00fcr standardm\u00e4\u00dfige 5-stufige Umkehrosmose-RO-Systeme 1-Jahres-Ersatzversorgungs-Filterkartuschensatz, 7\u2026","robots":{"index":"index","follow":"follow","max-snippet":"max-snippet:-1","max-image-preview":"max-image-preview:large","max-video-preview":"max-video-preview:-1"},"canonical":"https:\/\/marktxxl.de\/markt\/produkt\/ispring-rcc7-75-gpd-5-stufiges-umkehrosmose-trinkwassersystem-nsf-zertifiziert-hohe-kapazitaet-unter-der-spuele-mit-gebuerstetem-nickel-wasserhahn\/","og_locale":"de_DE","og_type":"article","og_title":"iSpring F7-GAC f\u00fcr standardm\u00e4\u00dfige 5-stufige Umkehrosmose-RO-Systeme 1-Jahres-Ersatzversorgungs-Filterkartuschensatz, 7\u2026 - Markt-XXL","og_description":"Markt-XXL iSpring F7-GAC f\u00fcr standardm\u00e4\u00dfige 5-stufige Umkehrosmose-RO-Systeme 1-Jahres-Ersatzversorgungs-Filterkartuschensatz, 7\u2026","og_url":"https:\/\/marktxxl.de\/markt\/produkt\/ispring-rcc7-75-gpd-5-stufiges-umkehrosmose-trinkwassersystem-nsf-zertifiziert-hohe-kapazitaet-unter-der-spuele-mit-gebuerstetem-nickel-wasserhahn\/","og_site_name":"Markt-XXL","article_modified_time":"2023-04-09T03:12:35+00:00","og_image":[{"width":500,"height":500,"url":"https:\/\/m.media-amazon.com\/images\/I\/51SMOhN1LUL._SL500_.jpg","type":"image\/jpeg"}],"twitter_card":"summary_large_image","twitter_misc":{"Gesch\u00e4tzte Lesezeit":"1\u00a0Minute"},"schema":{"@context":"https:\/\/schema.org","@graph":[{"@type":"WebPage","@id":"https:\/\/marktxxl.de\/markt\/produkt\/ispring-rcc7-75-gpd-5-stufiges-umkehrosmose-trinkwassersystem-nsf-zertifiziert-hohe-kapazitaet-unter-der-spuele-mit-gebuerstetem-nickel-wasserhahn\/","url":"https:\/\/marktxxl.de\/markt\/produkt\/ispring-rcc7-75-gpd-5-stufiges-umkehrosmose-trinkwassersystem-nsf-zertifiziert-hohe-kapazitaet-unter-der-spuele-mit-gebuerstetem-nickel-wasserhahn\/","name":"iSpring F7-GAC f\u00fcr standardm\u00e4\u00dfige 5-stufige Umkehrosmose-RO-Systeme 1-Jahres-Ersatzversorgungs-Filterkartuschensatz, 7\u2026 - Markt-XXL","isPartOf":{"@id":"https:\/\/marktxxl.de\/markt\/#website"},"primaryImageOfPage":{"@id":"https:\/\/marktxxl.de\/markt\/produkt\/ispring-rcc7-75-gpd-5-stufiges-umkehrosmose-trinkwassersystem-nsf-zertifiziert-hohe-kapazitaet-unter-der-spuele-mit-gebuerstetem-nickel-wasserhahn\/#primaryimage"},"image":{"@id":"https:\/\/marktxxl.de\/markt\/produkt\/ispring-rcc7-75-gpd-5-stufiges-umkehrosmose-trinkwassersystem-nsf-zertifiziert-hohe-kapazitaet-unter-der-spuele-mit-gebuerstetem-nickel-wasserhahn\/#primaryimage"},"thumbnailUrl":"https:\/\/m.media-amazon.com\/images\/I\/51SMOhN1LUL._SL500_.jpg","datePublished":"2023-03-11T02:50:17+00:00","dateModified":"2023-04-09T03:12:35+00:00","description":"Markt-XXL iSpring F7-GAC f\u00fcr standardm\u00e4\u00dfige 5-stufige Umkehrosmose-RO-Systeme 1-Jahres-Ersatzversorgungs-Filterkartuschensatz, 7\u2026","breadcrumb":{"@id":"https:\/\/marktxxl.de\/markt\/produkt\/ispring-rcc7-75-gpd-5-stufiges-umkehrosmose-trinkwassersystem-nsf-zertifiziert-hohe-kapazitaet-unter-der-spuele-mit-gebuerstetem-nickel-wasserhahn\/#breadcrumb"},"inLanguage":"de","potentialAction":[{"@type":"ReadAction","target":["https:\/\/marktxxl.de\/markt\/produkt\/ispring-rcc7-75-gpd-5-stufiges-umkehrosmose-trinkwassersystem-nsf-zertifiziert-hohe-kapazitaet-unter-der-spuele-mit-gebuerstetem-nickel-wasserhahn\/"]}]},{"@type":"ImageObject","inLanguage":"de","@id":"https:\/\/marktxxl.de\/markt\/produkt\/ispring-rcc7-75-gpd-5-stufiges-umkehrosmose-trinkwassersystem-nsf-zertifiziert-hohe-kapazitaet-unter-der-spuele-mit-gebuerstetem-nickel-wasserhahn\/#primaryimage","url":"https:\/\/m.media-amazon.com\/images\/I\/51SMOhN1LUL._SL500_.jpg","contentUrl":"https:\/\/m.media-amazon.com\/images\/I\/51SMOhN1LUL._SL500_.jpg","width":500,"height":500},{"@type":"BreadcrumbList","@id":"https:\/\/marktxxl.de\/markt\/produkt\/ispring-rcc7-75-gpd-5-stufiges-umkehrosmose-trinkwassersystem-nsf-zertifiziert-hohe-kapazitaet-unter-der-spuele-mit-gebuerstetem-nickel-wasserhahn\/#breadcrumb","itemListElement":[{"@type":"ListItem","position":1,"name":"Startseite","item":"https:\/\/marktxxl.de\/markt\/"},{"@type":"ListItem","position":2,"name":"Markt","item":"https:\/\/marktxxl.de\/markt\/"},{"@type":"ListItem","position":3,"name":"iSpring F7-GAC f\u00fcr standardm\u00e4\u00dfige 5-stufige Umkehrosmose-RO-Systeme 1-Jahres-Ersatzversorgungs-Filterkartuschensatz, 7\u2026"}]},{"@type":"WebSite","@id":"https:\/\/marktxxl.de\/markt\/#website","url":"https:\/\/marktxxl.de\/markt\/","name":"Markt-XXL","description":"Ihr Markt Online","publisher":{"@id":"https:\/\/marktxxl.de\/markt\/#organization"},"potentialAction":[{"@type":"SearchAction","target":{"@type":"EntryPoint","urlTemplate":"https:\/\/marktxxl.de\/markt\/?s={search_term_string}"},"query-input":{"@type":"PropertyValueSpecification","valueRequired":true,"valueName":"search_term_string"}}],"inLanguage":"de"},{"@type":"Organization","@id":"https:\/\/marktxxl.de\/markt\/#organization","name":"Markt-XXL","url":"https:\/\/marktxxl.de\/markt\/","logo":{"@type":"ImageObject","inLanguage":"de","@id":"https:\/\/marktxxl.de\/markt\/#\/schema\/logo\/image\/","url":"https:\/\/marktxxl.de\/markt\/wp-content\/uploads\/sites\/3\/2020\/12\/logo.png","contentUrl":"https:\/\/marktxxl.de\/markt\/wp-content\/uploads\/sites\/3\/2020\/12\/logo.png","width":200,"height":70,"caption":"Markt-XXL"},"image":{"@id":"https:\/\/marktxxl.de\/markt\/#\/schema\/logo\/image\/"}}]}},"_links":{"self":[{"href":"https:\/\/marktxxl.de\/markt\/wp-json\/wp\/v2\/product\/192994","targetHints":{"allow":["GET"]}}],"collection":[{"href":"https:\/\/marktxxl.de\/markt\/wp-json\/wp\/v2\/product"}],"about":[{"href":"https:\/\/marktxxl.de\/markt\/wp-json\/wp\/v2\/types\/product"}],"replies":[{"embeddable":true,"href":"https:\/\/marktxxl.de\/markt\/wp-json\/wp\/v2\/comments?post=192994"}],"wp:featuredmedia":[{"embeddable":true,"href":"https:\/\/marktxxl.de\/markt\/wp-json\/wp\/v2\/media\/192995"}],"wp:attachment":[{"href":"https:\/\/marktxxl.de\/markt\/wp-json\/wp\/v2\/media?parent=192994"}],"wp:term":[{"taxonomy":"product_brand","embeddable":true,"href":"https:\/\/marktxxl.de\/markt\/wp-json\/wp\/v2\/product_brand?post=192994"},{"taxonomy":"product_cat","embeddable":true,"href":"https:\/\/marktxxl.de\/markt\/wp-json\/wp\/v2\/product_cat?post=192994"},{"taxonomy":"product_tag","embeddable":true,"href":"https:\/\/marktxxl.de\/markt\/wp-json\/wp\/v2\/product_tag?post=192994"}],"curies":[{"name":"wp","href":"https:\/\/api.w.org\/{rel}","templated":true}]}}