{"id":192955,"date":"2023-03-11T03:49:39","date_gmt":"2023-03-11T02:49:39","guid":{"rendered":"https:\/\/marktxxl.de\/markt\/produkt\/bedee-wasserhahn-kueche-360drehbar-kuechenarmatur-mit-brause-ausziehbar-mischbatterie-chrom-einhebelmischer-spueltischarmatur-mit-2-modus-kalt-und-heiss-wasser-universal-fuer-kueche-bad-waschb\/"},"modified":"2023-04-09T05:12:34","modified_gmt":"2023-04-09T03:12:34","slug":"bedee-wasserhahn-kueche-360drehbar-kuechenarmatur-mit-brause-ausziehbar-mischbatterie-chrom-einhebelmischer-spueltischarmatur-mit-2-modus-kalt-und-heiss-wasser-universal-fuer-kueche-bad-waschb","status":"publish","type":"product","link":"https:\/\/marktxxl.de\/markt\/produkt\/bedee-wasserhahn-kueche-360drehbar-kuechenarmatur-mit-brause-ausziehbar-mischbatterie-chrom-einhebelmischer-spueltischarmatur-mit-2-modus-kalt-und-heiss-wasser-universal-fuer-kueche-bad-waschb\/","title":{"rendered":"bedee Wasserhahn K\u00fcche 360\u00b0Drehbar K\u00fcchenarmatur mit Brause Ausziehbar Mischbatterie Chrom Einhebelmischer\u2026"},"content":{"rendered":"<p>\ud83d\udca7\u2605\u3010 Pull Down Spr\u00fcher und 360 Grad Schwenk \u3011Das K\u00fcchenhahn mit Pull Down Spr\u00fchger\u00e4t. Es ist wirklich einfach f\u00fcr Sie, Ihre Sp\u00fclenecke zu reinigen und bequem Ihre Lebensmittel oder Ihr Geschirr zu reinigen. Hoher Bogen und 360 Grad Schwenkdesign erm\u00f6glichen das Sp\u00fclen von hohen T\u00f6pfen und Pfannen.<br \/>\n\ud83d\udca7\u2605\u3010Hochwertiges Material\u3011Zinklegierungsmaterial macht diese ausziehbare K\u00fcchenarmatur bleifrei und korrosionsbest\u00e4ndig. Edelstahl mit verchromter Oberfl\u00e4che sorgt daf\u00fcr, dass Ihre K\u00fcchenarmatur ein Leben lang wie neu funktioniert. Metallbrausekopf, macht K\u00fcchenarmaturen mit herausziehbarer Brause langlebig.<br \/>\n\ud83d\udca7\u2605\u3010 Armatur K\u00fcche mit 2 Wasserfluss-Modi\u3011Zwei Spr\u00fchmodi: Strahlmodus und Spr\u00fchmodus. \u00dcber Tasten am Auslauf werden 2 verschiedene Strahlarten umgeschaltet, die unterschiedlichen Sp\u00fclanforderungen gerecht werden. Das physikalische und optimierte Gewichtsr\u00fcckzugsystem l\u00e4sst den Spr\u00fchkopf nach dem Gebrauch immer pr\u00e4zise zur\u00fcck zum Ausguss.<br \/>\n\ud83d\udca7\u2605\u3010Wassersparend &amp; Einfach zu bedienen\u3011Diese K\u00fcchenarmaturen mit Schaumwasserspar Spr\u00fchkopf, das Wasser flie\u00dft weich, ohne Ger\u00e4usche und Spritzwasser. Mit Keramikventil, ABS-Bubbler, bis zu 30% Wassereinsparung. Einhand-Integrationsdesign steuert die Wassertemperatur und das Durchflussvolumen bequemer.<br \/>\n\ud83d\udca7\u2605\u3010Einfache Installation und Wartung mit einem Loch\u3011Herausziehen und Wasserleitungsschl\u00e4uche im Monoblock-K\u00fcchenhahn vorinstallieren, Einfach mit einem Schraubenschl\u00fcssel zu installieren, kein Klempner erforderlich, Geld und Zeit sparen, DIY-Installation in weniger als 20 Minuten beenden.<br \/>\n<div class=\"main-cross-sell\" data-asin=\"B094V4ZQB6\">\n\n\t<div class=\"WooZone-cross-sell-loader\">\n\t\t<div>\n\t\t\t<div id=\"floatingBarsG\">\n\t\t\t\t<div class=\"blockG\" id=\"rotateG_01\"><\/div>\n\t\t\t\t<div class=\"blockG\" id=\"rotateG_02\"><\/div>\n\t\t\t\t<div class=\"blockG\" id=\"rotateG_03\"><\/div>\n\t\t\t\t<div class=\"blockG\" id=\"rotateG_04\"><\/div>\n\t\t\t\t<div class=\"blockG\" id=\"rotateG_05\"><\/div>\n\t\t\t\t<div class=\"blockG\" id=\"rotateG_06\"><\/div>\n\t\t\t\t<div class=\"blockG\" id=\"rotateG_07\"><\/div>\n\t\t\t\t<div class=\"blockG\" id=\"rotateG_08\"><\/div>\n\t\t\t<\/div>\n\t\t\t<div class=\"WooZone-cross-sell-loader-text\"><\/div>\n\t\t<\/div>\n\t<\/div>\n\n\t\t\n<\/div>\n<div style=\"clear:both;\"><\/div><\/p>\n","protected":false},"excerpt":{"rendered":"<p>\ud83d\udca7\u2605\u3010 Pull Down Spr\u00fcher und 360 Grad Schwenk \u3011Das K\u00fcchenhahn mit Pull Down Spr\u00fchger\u00e4t. Es ist wirklich einfach f\u00fcr Sie, Ihre Sp\u00fclenecke zu reinigen und bequem Ihre Lebensmittel oder Ihr Geschirr zu reinigen. Hoher Bogen und 360 Grad Schwenkdesign erm\u00f6glichen das Sp\u00fclen von hohen T\u00f6pfen und Pfannen.<br \/>\n\ud83d\udca7\u2605\u3010Hochwertiges Material\u3011Zinklegierungsmaterial macht diese ausziehbare K\u00fcchenarmatur bleifrei und korrosionsbest\u00e4ndig. Edelstahl mit verchromter Oberfl\u00e4che sorgt daf\u00fcr, dass Ihre K\u00fcchenarmatur ein Leben lang wie neu funktioniert. Metallbrausekopf, macht K\u00fcchenarmaturen mit herausziehbarer Brause langlebig.<br \/>\n\ud83d\udca7\u2605\u3010 Armatur K\u00fcche mit 2 Wasserfluss-Modi\u3011Zwei Spr\u00fchmodi: Strahlmodus und Spr\u00fchmodus. \u00dcber Tasten am Auslauf werden 2 verschiedene Strahlarten umgeschaltet, die unterschiedlichen Sp\u00fclanforderungen gerecht werden. Das physikalische und optimierte Gewichtsr\u00fcckzugsystem l\u00e4sst den Spr\u00fchkopf nach dem Gebrauch immer pr\u00e4zise zur\u00fcck zum Ausguss.<\/p>\n","protected":false},"featured_media":192956,"comment_status":"open","ping_status":"closed","template":"","meta":[],"product_brand":[],"product_cat":[1983,11101],"product_tag":[],"class_list":{"0":"post-192955","1":"product","2":"type-product","3":"status-publish","4":"has-post-thumbnail","6":"product_cat-baumarkt","7":"product_cat-kuechen-badinstallation","8":"pa_brand-bedee","9":"pa_brand-busch-jaeger-3","10":"pa_height-17-716535415-zoll","11":"pa_length-9-6456692815-zoll","12":"pa_manufacturer-bedee","13":"pa_size-17-inch","14":"pa_width-9-6456692815-zoll","16":"first","17":"instock","18":"shipping-taxable","19":"purchasable","20":"product-type-simple","21":"customify-col","22":"product-has-gallery"},"yoast_head":"<!-- This site is optimized with the Yoast SEO plugin v27.4 - https:\/\/yoast.com\/product\/yoast-seo-wordpress\/ -->\n<title>bedee Wasserhahn K\u00fcche 360\u00b0Drehbar K\u00fcchenarmatur mit Brause Ausziehbar Mischbatterie Chrom Einhebelmischer\u2026 - Markt-XXL<\/title>\n<meta name=\"description\" content=\"Markt-XXL bedee Wasserhahn K\u00fcche 360\u00b0Drehbar K\u00fcchenarmatur mit Brause Ausziehbar Mischbatterie Chrom Einhebelmischer\u2026\" \/>\n<meta name=\"robots\" content=\"index, follow, max-snippet:-1, max-image-preview:large, max-video-preview:-1\" \/>\n<link rel=\"canonical\" href=\"https:\/\/marktxxl.de\/markt\/produkt\/bedee-wasserhahn-kueche-360drehbar-kuechenarmatur-mit-brause-ausziehbar-mischbatterie-chrom-einhebelmischer-spueltischarmatur-mit-2-modus-kalt-und-heiss-wasser-universal-fuer-kueche-bad-waschb\/\" \/>\n<meta property=\"og:locale\" content=\"de_DE\" \/>\n<meta property=\"og:type\" content=\"article\" \/>\n<meta property=\"og:title\" content=\"bedee Wasserhahn K\u00fcche 360\u00b0Drehbar K\u00fcchenarmatur mit Brause Ausziehbar Mischbatterie Chrom Einhebelmischer\u2026 - Markt-XXL\" \/>\n<meta property=\"og:description\" content=\"Markt-XXL bedee Wasserhahn K\u00fcche 360\u00b0Drehbar K\u00fcchenarmatur mit Brause Ausziehbar Mischbatterie Chrom Einhebelmischer\u2026\" \/>\n<meta property=\"og:url\" content=\"https:\/\/marktxxl.de\/markt\/produkt\/bedee-wasserhahn-kueche-360drehbar-kuechenarmatur-mit-brause-ausziehbar-mischbatterie-chrom-einhebelmischer-spueltischarmatur-mit-2-modus-kalt-und-heiss-wasser-universal-fuer-kueche-bad-waschb\/\" \/>\n<meta property=\"og:site_name\" content=\"Markt-XXL\" \/>\n<meta property=\"article:modified_time\" content=\"2023-04-09T03:12:34+00:00\" \/>\n<meta property=\"og:image\" content=\"https:\/\/m.media-amazon.com\/images\/I\/51KRkSMHfUS._SL500_.jpg\" \/>\n\t<meta property=\"og:image:width\" content=\"500\" \/>\n\t<meta property=\"og:image:height\" content=\"500\" \/>\n\t<meta property=\"og:image:type\" content=\"image\/jpeg\" \/>\n<meta name=\"twitter:card\" content=\"summary_large_image\" \/>\n<meta name=\"twitter:label1\" content=\"Gesch\u00e4tzte Lesezeit\" \/>\n\t<meta name=\"twitter:data1\" content=\"1\u00a0Minute\" \/>\n<script type=\"application\/ld+json\" class=\"yoast-schema-graph\">{\"@context\":\"https:\\\/\\\/schema.org\",\"@graph\":[{\"@type\":\"WebPage\",\"@id\":\"https:\\\/\\\/marktxxl.de\\\/markt\\\/produkt\\\/bedee-wasserhahn-kueche-360drehbar-kuechenarmatur-mit-brause-ausziehbar-mischbatterie-chrom-einhebelmischer-spueltischarmatur-mit-2-modus-kalt-und-heiss-wasser-universal-fuer-kueche-bad-waschb\\\/\",\"url\":\"https:\\\/\\\/marktxxl.de\\\/markt\\\/produkt\\\/bedee-wasserhahn-kueche-360drehbar-kuechenarmatur-mit-brause-ausziehbar-mischbatterie-chrom-einhebelmischer-spueltischarmatur-mit-2-modus-kalt-und-heiss-wasser-universal-fuer-kueche-bad-waschb\\\/\",\"name\":\"bedee Wasserhahn K\u00fcche 360\u00b0Drehbar K\u00fcchenarmatur mit Brause Ausziehbar Mischbatterie Chrom Einhebelmischer\u2026 - Markt-XXL\",\"isPartOf\":{\"@id\":\"https:\\\/\\\/marktxxl.de\\\/markt\\\/#website\"},\"primaryImageOfPage\":{\"@id\":\"https:\\\/\\\/marktxxl.de\\\/markt\\\/produkt\\\/bedee-wasserhahn-kueche-360drehbar-kuechenarmatur-mit-brause-ausziehbar-mischbatterie-chrom-einhebelmischer-spueltischarmatur-mit-2-modus-kalt-und-heiss-wasser-universal-fuer-kueche-bad-waschb\\\/#primaryimage\"},\"image\":{\"@id\":\"https:\\\/\\\/marktxxl.de\\\/markt\\\/produkt\\\/bedee-wasserhahn-kueche-360drehbar-kuechenarmatur-mit-brause-ausziehbar-mischbatterie-chrom-einhebelmischer-spueltischarmatur-mit-2-modus-kalt-und-heiss-wasser-universal-fuer-kueche-bad-waschb\\\/#primaryimage\"},\"thumbnailUrl\":\"https:\\\/\\\/m.media-amazon.com\\\/images\\\/I\\\/51KRkSMHfUS._SL500_.jpg\",\"datePublished\":\"2023-03-11T02:49:39+00:00\",\"dateModified\":\"2023-04-09T03:12:34+00:00\",\"description\":\"Markt-XXL bedee Wasserhahn K\u00fcche 360\u00b0Drehbar K\u00fcchenarmatur mit Brause Ausziehbar Mischbatterie Chrom Einhebelmischer\u2026\",\"breadcrumb\":{\"@id\":\"https:\\\/\\\/marktxxl.de\\\/markt\\\/produkt\\\/bedee-wasserhahn-kueche-360drehbar-kuechenarmatur-mit-brause-ausziehbar-mischbatterie-chrom-einhebelmischer-spueltischarmatur-mit-2-modus-kalt-und-heiss-wasser-universal-fuer-kueche-bad-waschb\\\/#breadcrumb\"},\"inLanguage\":\"de\",\"potentialAction\":[{\"@type\":\"ReadAction\",\"target\":[\"https:\\\/\\\/marktxxl.de\\\/markt\\\/produkt\\\/bedee-wasserhahn-kueche-360drehbar-kuechenarmatur-mit-brause-ausziehbar-mischbatterie-chrom-einhebelmischer-spueltischarmatur-mit-2-modus-kalt-und-heiss-wasser-universal-fuer-kueche-bad-waschb\\\/\"]}]},{\"@type\":\"ImageObject\",\"inLanguage\":\"de\",\"@id\":\"https:\\\/\\\/marktxxl.de\\\/markt\\\/produkt\\\/bedee-wasserhahn-kueche-360drehbar-kuechenarmatur-mit-brause-ausziehbar-mischbatterie-chrom-einhebelmischer-spueltischarmatur-mit-2-modus-kalt-und-heiss-wasser-universal-fuer-kueche-bad-waschb\\\/#primaryimage\",\"url\":\"https:\\\/\\\/m.media-amazon.com\\\/images\\\/I\\\/51KRkSMHfUS._SL500_.jpg\",\"contentUrl\":\"https:\\\/\\\/m.media-amazon.com\\\/images\\\/I\\\/51KRkSMHfUS._SL500_.jpg\",\"width\":500,\"height\":500},{\"@type\":\"BreadcrumbList\",\"@id\":\"https:\\\/\\\/marktxxl.de\\\/markt\\\/produkt\\\/bedee-wasserhahn-kueche-360drehbar-kuechenarmatur-mit-brause-ausziehbar-mischbatterie-chrom-einhebelmischer-spueltischarmatur-mit-2-modus-kalt-und-heiss-wasser-universal-fuer-kueche-bad-waschb\\\/#breadcrumb\",\"itemListElement\":[{\"@type\":\"ListItem\",\"position\":1,\"name\":\"Startseite\",\"item\":\"https:\\\/\\\/marktxxl.de\\\/markt\\\/\"},{\"@type\":\"ListItem\",\"position\":2,\"name\":\"Markt\",\"item\":\"https:\\\/\\\/marktxxl.de\\\/markt\\\/\"},{\"@type\":\"ListItem\",\"position\":3,\"name\":\"bedee Wasserhahn K\u00fcche 360\u00b0Drehbar K\u00fcchenarmatur mit Brause Ausziehbar Mischbatterie Chrom Einhebelmischer\u2026\"}]},{\"@type\":\"WebSite\",\"@id\":\"https:\\\/\\\/marktxxl.de\\\/markt\\\/#website\",\"url\":\"https:\\\/\\\/marktxxl.de\\\/markt\\\/\",\"name\":\"Markt-XXL\",\"description\":\"Ihr Markt Online\",\"publisher\":{\"@id\":\"https:\\\/\\\/marktxxl.de\\\/markt\\\/#organization\"},\"potentialAction\":[{\"@type\":\"SearchAction\",\"target\":{\"@type\":\"EntryPoint\",\"urlTemplate\":\"https:\\\/\\\/marktxxl.de\\\/markt\\\/?s={search_term_string}\"},\"query-input\":{\"@type\":\"PropertyValueSpecification\",\"valueRequired\":true,\"valueName\":\"search_term_string\"}}],\"inLanguage\":\"de\"},{\"@type\":\"Organization\",\"@id\":\"https:\\\/\\\/marktxxl.de\\\/markt\\\/#organization\",\"name\":\"Markt-XXL\",\"url\":\"https:\\\/\\\/marktxxl.de\\\/markt\\\/\",\"logo\":{\"@type\":\"ImageObject\",\"inLanguage\":\"de\",\"@id\":\"https:\\\/\\\/marktxxl.de\\\/markt\\\/#\\\/schema\\\/logo\\\/image\\\/\",\"url\":\"https:\\\/\\\/marktxxl.de\\\/markt\\\/wp-content\\\/uploads\\\/sites\\\/3\\\/2020\\\/12\\\/logo.png\",\"contentUrl\":\"https:\\\/\\\/marktxxl.de\\\/markt\\\/wp-content\\\/uploads\\\/sites\\\/3\\\/2020\\\/12\\\/logo.png\",\"width\":200,\"height\":70,\"caption\":\"Markt-XXL\"},\"image\":{\"@id\":\"https:\\\/\\\/marktxxl.de\\\/markt\\\/#\\\/schema\\\/logo\\\/image\\\/\"}}]}<\/script>\n<!-- \/ Yoast SEO plugin. -->","yoast_head_json":{"title":"bedee Wasserhahn K\u00fcche 360\u00b0Drehbar K\u00fcchenarmatur mit Brause Ausziehbar Mischbatterie Chrom Einhebelmischer\u2026 - Markt-XXL","description":"Markt-XXL bedee Wasserhahn K\u00fcche 360\u00b0Drehbar K\u00fcchenarmatur mit Brause Ausziehbar Mischbatterie Chrom Einhebelmischer\u2026","robots":{"index":"index","follow":"follow","max-snippet":"max-snippet:-1","max-image-preview":"max-image-preview:large","max-video-preview":"max-video-preview:-1"},"canonical":"https:\/\/marktxxl.de\/markt\/produkt\/bedee-wasserhahn-kueche-360drehbar-kuechenarmatur-mit-brause-ausziehbar-mischbatterie-chrom-einhebelmischer-spueltischarmatur-mit-2-modus-kalt-und-heiss-wasser-universal-fuer-kueche-bad-waschb\/","og_locale":"de_DE","og_type":"article","og_title":"bedee Wasserhahn K\u00fcche 360\u00b0Drehbar K\u00fcchenarmatur mit Brause Ausziehbar Mischbatterie Chrom Einhebelmischer\u2026 - Markt-XXL","og_description":"Markt-XXL bedee Wasserhahn K\u00fcche 360\u00b0Drehbar K\u00fcchenarmatur mit Brause Ausziehbar Mischbatterie Chrom Einhebelmischer\u2026","og_url":"https:\/\/marktxxl.de\/markt\/produkt\/bedee-wasserhahn-kueche-360drehbar-kuechenarmatur-mit-brause-ausziehbar-mischbatterie-chrom-einhebelmischer-spueltischarmatur-mit-2-modus-kalt-und-heiss-wasser-universal-fuer-kueche-bad-waschb\/","og_site_name":"Markt-XXL","article_modified_time":"2023-04-09T03:12:34+00:00","og_image":[{"width":500,"height":500,"url":"https:\/\/m.media-amazon.com\/images\/I\/51KRkSMHfUS._SL500_.jpg","type":"image\/jpeg"}],"twitter_card":"summary_large_image","twitter_misc":{"Gesch\u00e4tzte Lesezeit":"1\u00a0Minute"},"schema":{"@context":"https:\/\/schema.org","@graph":[{"@type":"WebPage","@id":"https:\/\/marktxxl.de\/markt\/produkt\/bedee-wasserhahn-kueche-360drehbar-kuechenarmatur-mit-brause-ausziehbar-mischbatterie-chrom-einhebelmischer-spueltischarmatur-mit-2-modus-kalt-und-heiss-wasser-universal-fuer-kueche-bad-waschb\/","url":"https:\/\/marktxxl.de\/markt\/produkt\/bedee-wasserhahn-kueche-360drehbar-kuechenarmatur-mit-brause-ausziehbar-mischbatterie-chrom-einhebelmischer-spueltischarmatur-mit-2-modus-kalt-und-heiss-wasser-universal-fuer-kueche-bad-waschb\/","name":"bedee Wasserhahn K\u00fcche 360\u00b0Drehbar K\u00fcchenarmatur mit Brause Ausziehbar Mischbatterie Chrom Einhebelmischer\u2026 - Markt-XXL","isPartOf":{"@id":"https:\/\/marktxxl.de\/markt\/#website"},"primaryImageOfPage":{"@id":"https:\/\/marktxxl.de\/markt\/produkt\/bedee-wasserhahn-kueche-360drehbar-kuechenarmatur-mit-brause-ausziehbar-mischbatterie-chrom-einhebelmischer-spueltischarmatur-mit-2-modus-kalt-und-heiss-wasser-universal-fuer-kueche-bad-waschb\/#primaryimage"},"image":{"@id":"https:\/\/marktxxl.de\/markt\/produkt\/bedee-wasserhahn-kueche-360drehbar-kuechenarmatur-mit-brause-ausziehbar-mischbatterie-chrom-einhebelmischer-spueltischarmatur-mit-2-modus-kalt-und-heiss-wasser-universal-fuer-kueche-bad-waschb\/#primaryimage"},"thumbnailUrl":"https:\/\/m.media-amazon.com\/images\/I\/51KRkSMHfUS._SL500_.jpg","datePublished":"2023-03-11T02:49:39+00:00","dateModified":"2023-04-09T03:12:34+00:00","description":"Markt-XXL bedee Wasserhahn K\u00fcche 360\u00b0Drehbar K\u00fcchenarmatur mit Brause Ausziehbar Mischbatterie Chrom Einhebelmischer\u2026","breadcrumb":{"@id":"https:\/\/marktxxl.de\/markt\/produkt\/bedee-wasserhahn-kueche-360drehbar-kuechenarmatur-mit-brause-ausziehbar-mischbatterie-chrom-einhebelmischer-spueltischarmatur-mit-2-modus-kalt-und-heiss-wasser-universal-fuer-kueche-bad-waschb\/#breadcrumb"},"inLanguage":"de","potentialAction":[{"@type":"ReadAction","target":["https:\/\/marktxxl.de\/markt\/produkt\/bedee-wasserhahn-kueche-360drehbar-kuechenarmatur-mit-brause-ausziehbar-mischbatterie-chrom-einhebelmischer-spueltischarmatur-mit-2-modus-kalt-und-heiss-wasser-universal-fuer-kueche-bad-waschb\/"]}]},{"@type":"ImageObject","inLanguage":"de","@id":"https:\/\/marktxxl.de\/markt\/produkt\/bedee-wasserhahn-kueche-360drehbar-kuechenarmatur-mit-brause-ausziehbar-mischbatterie-chrom-einhebelmischer-spueltischarmatur-mit-2-modus-kalt-und-heiss-wasser-universal-fuer-kueche-bad-waschb\/#primaryimage","url":"https:\/\/m.media-amazon.com\/images\/I\/51KRkSMHfUS._SL500_.jpg","contentUrl":"https:\/\/m.media-amazon.com\/images\/I\/51KRkSMHfUS._SL500_.jpg","width":500,"height":500},{"@type":"BreadcrumbList","@id":"https:\/\/marktxxl.de\/markt\/produkt\/bedee-wasserhahn-kueche-360drehbar-kuechenarmatur-mit-brause-ausziehbar-mischbatterie-chrom-einhebelmischer-spueltischarmatur-mit-2-modus-kalt-und-heiss-wasser-universal-fuer-kueche-bad-waschb\/#breadcrumb","itemListElement":[{"@type":"ListItem","position":1,"name":"Startseite","item":"https:\/\/marktxxl.de\/markt\/"},{"@type":"ListItem","position":2,"name":"Markt","item":"https:\/\/marktxxl.de\/markt\/"},{"@type":"ListItem","position":3,"name":"bedee Wasserhahn K\u00fcche 360\u00b0Drehbar K\u00fcchenarmatur mit Brause Ausziehbar Mischbatterie Chrom Einhebelmischer\u2026"}]},{"@type":"WebSite","@id":"https:\/\/marktxxl.de\/markt\/#website","url":"https:\/\/marktxxl.de\/markt\/","name":"Markt-XXL","description":"Ihr Markt Online","publisher":{"@id":"https:\/\/marktxxl.de\/markt\/#organization"},"potentialAction":[{"@type":"SearchAction","target":{"@type":"EntryPoint","urlTemplate":"https:\/\/marktxxl.de\/markt\/?s={search_term_string}"},"query-input":{"@type":"PropertyValueSpecification","valueRequired":true,"valueName":"search_term_string"}}],"inLanguage":"de"},{"@type":"Organization","@id":"https:\/\/marktxxl.de\/markt\/#organization","name":"Markt-XXL","url":"https:\/\/marktxxl.de\/markt\/","logo":{"@type":"ImageObject","inLanguage":"de","@id":"https:\/\/marktxxl.de\/markt\/#\/schema\/logo\/image\/","url":"https:\/\/marktxxl.de\/markt\/wp-content\/uploads\/sites\/3\/2020\/12\/logo.png","contentUrl":"https:\/\/marktxxl.de\/markt\/wp-content\/uploads\/sites\/3\/2020\/12\/logo.png","width":200,"height":70,"caption":"Markt-XXL"},"image":{"@id":"https:\/\/marktxxl.de\/markt\/#\/schema\/logo\/image\/"}}]}},"_links":{"self":[{"href":"https:\/\/marktxxl.de\/markt\/wp-json\/wp\/v2\/product\/192955","targetHints":{"allow":["GET"]}}],"collection":[{"href":"https:\/\/marktxxl.de\/markt\/wp-json\/wp\/v2\/product"}],"about":[{"href":"https:\/\/marktxxl.de\/markt\/wp-json\/wp\/v2\/types\/product"}],"replies":[{"embeddable":true,"href":"https:\/\/marktxxl.de\/markt\/wp-json\/wp\/v2\/comments?post=192955"}],"wp:featuredmedia":[{"embeddable":true,"href":"https:\/\/marktxxl.de\/markt\/wp-json\/wp\/v2\/media\/192956"}],"wp:attachment":[{"href":"https:\/\/marktxxl.de\/markt\/wp-json\/wp\/v2\/media?parent=192955"}],"wp:term":[{"taxonomy":"product_brand","embeddable":true,"href":"https:\/\/marktxxl.de\/markt\/wp-json\/wp\/v2\/product_brand?post=192955"},{"taxonomy":"product_cat","embeddable":true,"href":"https:\/\/marktxxl.de\/markt\/wp-json\/wp\/v2\/product_cat?post=192955"},{"taxonomy":"product_tag","embeddable":true,"href":"https:\/\/marktxxl.de\/markt\/wp-json\/wp\/v2\/product_tag?post=192955"}],"curies":[{"name":"wp","href":"https:\/\/api.w.org\/{rel}","templated":true}]}}