{"id":192944,"date":"2023-03-11T03:49:23","date_gmt":"2023-03-11T02:49:23","guid":{"rendered":"https:\/\/marktxxl.de\/markt\/produkt\/duschkopf-wassersparenderhassokon-grosse-duschsparkopf-duschkopf-regendusche-handbrause-sparduschkopfshower-head-duschbrause-mit-3-strahlartenverchromterantikalk-funktion\/"},"modified":"2023-04-09T05:12:34","modified_gmt":"2023-04-09T03:12:34","slug":"duschkopf-wassersparenderhassokon-grosse-duschsparkopf-duschkopf-regendusche-handbrause-sparduschkopfshower-head-duschbrause-mit-3-strahlartenverchromterantikalk-funktion","status":"publish","type":"product","link":"https:\/\/marktxxl.de\/markt\/produkt\/duschkopf-wassersparenderhassokon-grosse-duschsparkopf-duschkopf-regendusche-handbrause-sparduschkopfshower-head-duschbrause-mit-3-strahlartenverchromterantikalk-funktion\/","title":{"rendered":"Duschkopf Wassersparender,HassoKon Gro\u00dfe Duschsparkopf,Duschkopf Regendusche Handbrause Sparduschkopf,Shower Head\u2026"},"content":{"rendered":"<p>\ud83d\udca73 Spr\u00fchmodi: Wechseln Sie einfach zwischen 3 verschiedenen Strahlarten durch Dr\u00fccken der Taste an der Handbrause. Mit 3 Strahlmodi, Shower Spray, Shower Massage, Mixed Shower Rain, eignet es sich zum Duschen, Kopfmassage,Babybaden und Baden von Haustieren.<br \/>\n\ud83d\udca7Gro\u00dfer Duschkopf: Regendusche unter der 135*115mm gro\u00dfen Handbrause l\u00e4sst uns mit einer Wasserverteilung entspannen und bietet eine hervorragende Leistung.138 Mikrod\u00fcsentechnologie macht die Auslassl\u00f6cher kleiner und dichter, erh\u00f6ht die Geschwindigkeit und den Druck des Wasserflusses und spart bis zu 30% Wasser.Mit dem Duschkopf haben Sie jeden Tag ein angenehmes Duscherlebnis!<br \/>\n\ud83d\udca7Elegantes Design: Brillante Chromfl\u00e4chen und kontrastierende schwarz silikond\u00fcsendesign. Hochwertigem ABS-Material und die zarte Chromoberfl\u00e4che macht ihn leicht, Haltbarkeit , rostbest\u00e4ndig und verblasst nie.<br \/>\n\ud83d\udca7Anti-Kalk Duschsparkopf: Mit dem Silikond\u00fcsendesign ist der Auslass blockierungsfrei und leicht zu reinigen. Wenn sich Kalk auf der Duschscheibe befindet,die Kalk und Flecken einfach mit einem Fingernagel oder einem weichen Tuch abwischen kann und Ihren regendusche wasserspar duschkopf so sauber wie neu h\u00e4lt. Sparen Sie Zeit und M\u00fche bei Ihrer regelm\u00e4\u00dfigen Duschkopfreinigung.<br \/>\n\ud83d\udca7Einfach zu Installieren: Wassersparender Duschkopf wird mit einem universellen G1 \/ 2-Anschluss geliefert, der f\u00fcr die meisten Schl\u00e4uche geeignet ist. Kein Werkzeug erforderlich, innerhalb einer Minute installieren. Lieferinhalt: 1 x Duschkopf (ohne Schlauch).<br \/>\n<div class=\"main-cross-sell\" data-asin=\"B0BP76JZL6\">\n\n\t<div class=\"WooZone-cross-sell-loader\">\n\t\t<div>\n\t\t\t<div id=\"floatingBarsG\">\n\t\t\t\t<div class=\"blockG\" id=\"rotateG_01\"><\/div>\n\t\t\t\t<div class=\"blockG\" id=\"rotateG_02\"><\/div>\n\t\t\t\t<div class=\"blockG\" id=\"rotateG_03\"><\/div>\n\t\t\t\t<div class=\"blockG\" id=\"rotateG_04\"><\/div>\n\t\t\t\t<div class=\"blockG\" id=\"rotateG_05\"><\/div>\n\t\t\t\t<div class=\"blockG\" id=\"rotateG_06\"><\/div>\n\t\t\t\t<div class=\"blockG\" id=\"rotateG_07\"><\/div>\n\t\t\t\t<div class=\"blockG\" id=\"rotateG_08\"><\/div>\n\t\t\t<\/div>\n\t\t\t<div class=\"WooZone-cross-sell-loader-text\"><\/div>\n\t\t<\/div>\n\t<\/div>\n\n\t\t\n<\/div>\n<div style=\"clear:both;\"><\/div><\/p>\n","protected":false},"excerpt":{"rendered":"<p>\ud83d\udca73 Spr\u00fchmodi: Wechseln Sie einfach zwischen 3 verschiedenen Strahlarten durch Dr\u00fccken der Taste an der Handbrause. Mit 3 Strahlmodi, Shower Spray, Shower Massage, Mixed Shower Rain, eignet es sich zum Duschen, Kopfmassage,Babybaden und Baden von Haustieren.<br \/>\n\ud83d\udca7Gro\u00dfer Duschkopf: Regendusche unter der 135*115mm gro\u00dfen Handbrause l\u00e4sst uns mit einer Wasserverteilung entspannen und bietet eine hervorragende Leistung.138 Mikrod\u00fcsentechnologie macht die Auslassl\u00f6cher kleiner und dichter, erh\u00f6ht die Geschwindigkeit und den Druck des Wasserflusses und spart bis zu 30% Wasser.Mit dem Duschkopf haben Sie jeden Tag ein angenehmes Duscherlebnis!<br \/>\n\ud83d\udca7Elegantes Design: Brillante Chromfl\u00e4chen und kontrastierende schwarz silikond\u00fcsendesign. Hochwertigem ABS-Material und die zarte Chromoberfl\u00e4che macht ihn leicht, Haltbarkeit , rostbest\u00e4ndig und verblasst nie.<\/p>\n","protected":false},"featured_media":192945,"comment_status":"open","ping_status":"closed","template":"","meta":[],"product_brand":[],"product_cat":[1983,11101],"product_tag":[],"class_list":{"0":"post-192944","1":"product","2":"type-product","3":"status-publish","4":"has-post-thumbnail","6":"product_cat-baumarkt","7":"product_cat-kuechen-badinstallation","8":"pa_brand-hassokon","9":"pa_color-schwarz","10":"pa_height-4-9999999949-zoll","11":"pa_length-11-81102361-zoll","12":"pa_manufacturer-hassokon","13":"pa_model-sol036","14":"pa_weight-0-771617917-pfund","15":"pa_width-4-724409444-zoll","17":"first","18":"instock","19":"shipping-taxable","20":"purchasable","21":"product-type-simple","22":"customify-col","23":"product-has-gallery"},"yoast_head":"<!-- This site is optimized with the Yoast SEO plugin v27.4 - https:\/\/yoast.com\/product\/yoast-seo-wordpress\/ -->\n<title>Duschkopf Wassersparender,HassoKon Gro\u00dfe Duschsparkopf,Duschkopf Regendusche Handbrause Sparduschkopf,Shower Head\u2026 - Markt-XXL<\/title>\n<meta name=\"description\" content=\"Markt-XXL Duschkopf Wassersparender,HassoKon Gro\u00dfe Duschsparkopf,Duschkopf Regendusche Handbrause Sparduschkopf,Shower Head\u2026\" \/>\n<meta name=\"robots\" content=\"index, follow, max-snippet:-1, max-image-preview:large, max-video-preview:-1\" \/>\n<link rel=\"canonical\" href=\"https:\/\/marktxxl.de\/markt\/produkt\/duschkopf-wassersparenderhassokon-grosse-duschsparkopf-duschkopf-regendusche-handbrause-sparduschkopfshower-head-duschbrause-mit-3-strahlartenverchromterantikalk-funktion\/\" \/>\n<meta property=\"og:locale\" content=\"de_DE\" \/>\n<meta property=\"og:type\" content=\"article\" \/>\n<meta property=\"og:title\" content=\"Duschkopf Wassersparender,HassoKon Gro\u00dfe Duschsparkopf,Duschkopf Regendusche Handbrause Sparduschkopf,Shower Head\u2026 - Markt-XXL\" \/>\n<meta property=\"og:description\" content=\"Markt-XXL Duschkopf Wassersparender,HassoKon Gro\u00dfe Duschsparkopf,Duschkopf Regendusche Handbrause Sparduschkopf,Shower Head\u2026\" \/>\n<meta property=\"og:url\" content=\"https:\/\/marktxxl.de\/markt\/produkt\/duschkopf-wassersparenderhassokon-grosse-duschsparkopf-duschkopf-regendusche-handbrause-sparduschkopfshower-head-duschbrause-mit-3-strahlartenverchromterantikalk-funktion\/\" \/>\n<meta property=\"og:site_name\" content=\"Markt-XXL\" \/>\n<meta property=\"article:modified_time\" content=\"2023-04-09T03:12:34+00:00\" \/>\n<meta property=\"og:image\" content=\"https:\/\/m.media-amazon.com\/images\/I\/51ajvHGUyZL._SL500_.jpg\" \/>\n\t<meta property=\"og:image:width\" content=\"500\" \/>\n\t<meta property=\"og:image:height\" content=\"500\" \/>\n\t<meta property=\"og:image:type\" content=\"image\/jpeg\" \/>\n<meta name=\"twitter:card\" content=\"summary_large_image\" \/>\n<meta name=\"twitter:label1\" content=\"Gesch\u00e4tzte Lesezeit\" \/>\n\t<meta name=\"twitter:data1\" content=\"1\u00a0Minute\" \/>\n<script type=\"application\/ld+json\" class=\"yoast-schema-graph\">{\"@context\":\"https:\\\/\\\/schema.org\",\"@graph\":[{\"@type\":\"WebPage\",\"@id\":\"https:\\\/\\\/marktxxl.de\\\/markt\\\/produkt\\\/duschkopf-wassersparenderhassokon-grosse-duschsparkopf-duschkopf-regendusche-handbrause-sparduschkopfshower-head-duschbrause-mit-3-strahlartenverchromterantikalk-funktion\\\/\",\"url\":\"https:\\\/\\\/marktxxl.de\\\/markt\\\/produkt\\\/duschkopf-wassersparenderhassokon-grosse-duschsparkopf-duschkopf-regendusche-handbrause-sparduschkopfshower-head-duschbrause-mit-3-strahlartenverchromterantikalk-funktion\\\/\",\"name\":\"Duschkopf Wassersparender,HassoKon Gro\u00dfe Duschsparkopf,Duschkopf Regendusche Handbrause Sparduschkopf,Shower Head\u2026 - Markt-XXL\",\"isPartOf\":{\"@id\":\"https:\\\/\\\/marktxxl.de\\\/markt\\\/#website\"},\"primaryImageOfPage\":{\"@id\":\"https:\\\/\\\/marktxxl.de\\\/markt\\\/produkt\\\/duschkopf-wassersparenderhassokon-grosse-duschsparkopf-duschkopf-regendusche-handbrause-sparduschkopfshower-head-duschbrause-mit-3-strahlartenverchromterantikalk-funktion\\\/#primaryimage\"},\"image\":{\"@id\":\"https:\\\/\\\/marktxxl.de\\\/markt\\\/produkt\\\/duschkopf-wassersparenderhassokon-grosse-duschsparkopf-duschkopf-regendusche-handbrause-sparduschkopfshower-head-duschbrause-mit-3-strahlartenverchromterantikalk-funktion\\\/#primaryimage\"},\"thumbnailUrl\":\"https:\\\/\\\/m.media-amazon.com\\\/images\\\/I\\\/51ajvHGUyZL._SL500_.jpg\",\"datePublished\":\"2023-03-11T02:49:23+00:00\",\"dateModified\":\"2023-04-09T03:12:34+00:00\",\"description\":\"Markt-XXL Duschkopf Wassersparender,HassoKon Gro\u00dfe Duschsparkopf,Duschkopf Regendusche Handbrause Sparduschkopf,Shower Head\u2026\",\"breadcrumb\":{\"@id\":\"https:\\\/\\\/marktxxl.de\\\/markt\\\/produkt\\\/duschkopf-wassersparenderhassokon-grosse-duschsparkopf-duschkopf-regendusche-handbrause-sparduschkopfshower-head-duschbrause-mit-3-strahlartenverchromterantikalk-funktion\\\/#breadcrumb\"},\"inLanguage\":\"de\",\"potentialAction\":[{\"@type\":\"ReadAction\",\"target\":[\"https:\\\/\\\/marktxxl.de\\\/markt\\\/produkt\\\/duschkopf-wassersparenderhassokon-grosse-duschsparkopf-duschkopf-regendusche-handbrause-sparduschkopfshower-head-duschbrause-mit-3-strahlartenverchromterantikalk-funktion\\\/\"]}]},{\"@type\":\"ImageObject\",\"inLanguage\":\"de\",\"@id\":\"https:\\\/\\\/marktxxl.de\\\/markt\\\/produkt\\\/duschkopf-wassersparenderhassokon-grosse-duschsparkopf-duschkopf-regendusche-handbrause-sparduschkopfshower-head-duschbrause-mit-3-strahlartenverchromterantikalk-funktion\\\/#primaryimage\",\"url\":\"https:\\\/\\\/m.media-amazon.com\\\/images\\\/I\\\/51ajvHGUyZL._SL500_.jpg\",\"contentUrl\":\"https:\\\/\\\/m.media-amazon.com\\\/images\\\/I\\\/51ajvHGUyZL._SL500_.jpg\",\"width\":500,\"height\":500},{\"@type\":\"BreadcrumbList\",\"@id\":\"https:\\\/\\\/marktxxl.de\\\/markt\\\/produkt\\\/duschkopf-wassersparenderhassokon-grosse-duschsparkopf-duschkopf-regendusche-handbrause-sparduschkopfshower-head-duschbrause-mit-3-strahlartenverchromterantikalk-funktion\\\/#breadcrumb\",\"itemListElement\":[{\"@type\":\"ListItem\",\"position\":1,\"name\":\"Startseite\",\"item\":\"https:\\\/\\\/marktxxl.de\\\/markt\\\/\"},{\"@type\":\"ListItem\",\"position\":2,\"name\":\"Markt\",\"item\":\"https:\\\/\\\/marktxxl.de\\\/markt\\\/\"},{\"@type\":\"ListItem\",\"position\":3,\"name\":\"Duschkopf Wassersparender,HassoKon Gro\u00dfe Duschsparkopf,Duschkopf Regendusche Handbrause Sparduschkopf,Shower Head\u2026\"}]},{\"@type\":\"WebSite\",\"@id\":\"https:\\\/\\\/marktxxl.de\\\/markt\\\/#website\",\"url\":\"https:\\\/\\\/marktxxl.de\\\/markt\\\/\",\"name\":\"Markt-XXL\",\"description\":\"Ihr Markt Online\",\"publisher\":{\"@id\":\"https:\\\/\\\/marktxxl.de\\\/markt\\\/#organization\"},\"potentialAction\":[{\"@type\":\"SearchAction\",\"target\":{\"@type\":\"EntryPoint\",\"urlTemplate\":\"https:\\\/\\\/marktxxl.de\\\/markt\\\/?s={search_term_string}\"},\"query-input\":{\"@type\":\"PropertyValueSpecification\",\"valueRequired\":true,\"valueName\":\"search_term_string\"}}],\"inLanguage\":\"de\"},{\"@type\":\"Organization\",\"@id\":\"https:\\\/\\\/marktxxl.de\\\/markt\\\/#organization\",\"name\":\"Markt-XXL\",\"url\":\"https:\\\/\\\/marktxxl.de\\\/markt\\\/\",\"logo\":{\"@type\":\"ImageObject\",\"inLanguage\":\"de\",\"@id\":\"https:\\\/\\\/marktxxl.de\\\/markt\\\/#\\\/schema\\\/logo\\\/image\\\/\",\"url\":\"https:\\\/\\\/marktxxl.de\\\/markt\\\/wp-content\\\/uploads\\\/sites\\\/3\\\/2020\\\/12\\\/logo.png\",\"contentUrl\":\"https:\\\/\\\/marktxxl.de\\\/markt\\\/wp-content\\\/uploads\\\/sites\\\/3\\\/2020\\\/12\\\/logo.png\",\"width\":200,\"height\":70,\"caption\":\"Markt-XXL\"},\"image\":{\"@id\":\"https:\\\/\\\/marktxxl.de\\\/markt\\\/#\\\/schema\\\/logo\\\/image\\\/\"}}]}<\/script>\n<!-- \/ Yoast SEO plugin. -->","yoast_head_json":{"title":"Duschkopf Wassersparender,HassoKon Gro\u00dfe Duschsparkopf,Duschkopf Regendusche Handbrause Sparduschkopf,Shower Head\u2026 - Markt-XXL","description":"Markt-XXL Duschkopf Wassersparender,HassoKon Gro\u00dfe Duschsparkopf,Duschkopf Regendusche Handbrause Sparduschkopf,Shower Head\u2026","robots":{"index":"index","follow":"follow","max-snippet":"max-snippet:-1","max-image-preview":"max-image-preview:large","max-video-preview":"max-video-preview:-1"},"canonical":"https:\/\/marktxxl.de\/markt\/produkt\/duschkopf-wassersparenderhassokon-grosse-duschsparkopf-duschkopf-regendusche-handbrause-sparduschkopfshower-head-duschbrause-mit-3-strahlartenverchromterantikalk-funktion\/","og_locale":"de_DE","og_type":"article","og_title":"Duschkopf Wassersparender,HassoKon Gro\u00dfe Duschsparkopf,Duschkopf Regendusche Handbrause Sparduschkopf,Shower Head\u2026 - Markt-XXL","og_description":"Markt-XXL Duschkopf Wassersparender,HassoKon Gro\u00dfe Duschsparkopf,Duschkopf Regendusche Handbrause Sparduschkopf,Shower Head\u2026","og_url":"https:\/\/marktxxl.de\/markt\/produkt\/duschkopf-wassersparenderhassokon-grosse-duschsparkopf-duschkopf-regendusche-handbrause-sparduschkopfshower-head-duschbrause-mit-3-strahlartenverchromterantikalk-funktion\/","og_site_name":"Markt-XXL","article_modified_time":"2023-04-09T03:12:34+00:00","og_image":[{"width":500,"height":500,"url":"https:\/\/m.media-amazon.com\/images\/I\/51ajvHGUyZL._SL500_.jpg","type":"image\/jpeg"}],"twitter_card":"summary_large_image","twitter_misc":{"Gesch\u00e4tzte Lesezeit":"1\u00a0Minute"},"schema":{"@context":"https:\/\/schema.org","@graph":[{"@type":"WebPage","@id":"https:\/\/marktxxl.de\/markt\/produkt\/duschkopf-wassersparenderhassokon-grosse-duschsparkopf-duschkopf-regendusche-handbrause-sparduschkopfshower-head-duschbrause-mit-3-strahlartenverchromterantikalk-funktion\/","url":"https:\/\/marktxxl.de\/markt\/produkt\/duschkopf-wassersparenderhassokon-grosse-duschsparkopf-duschkopf-regendusche-handbrause-sparduschkopfshower-head-duschbrause-mit-3-strahlartenverchromterantikalk-funktion\/","name":"Duschkopf Wassersparender,HassoKon Gro\u00dfe Duschsparkopf,Duschkopf Regendusche Handbrause Sparduschkopf,Shower Head\u2026 - Markt-XXL","isPartOf":{"@id":"https:\/\/marktxxl.de\/markt\/#website"},"primaryImageOfPage":{"@id":"https:\/\/marktxxl.de\/markt\/produkt\/duschkopf-wassersparenderhassokon-grosse-duschsparkopf-duschkopf-regendusche-handbrause-sparduschkopfshower-head-duschbrause-mit-3-strahlartenverchromterantikalk-funktion\/#primaryimage"},"image":{"@id":"https:\/\/marktxxl.de\/markt\/produkt\/duschkopf-wassersparenderhassokon-grosse-duschsparkopf-duschkopf-regendusche-handbrause-sparduschkopfshower-head-duschbrause-mit-3-strahlartenverchromterantikalk-funktion\/#primaryimage"},"thumbnailUrl":"https:\/\/m.media-amazon.com\/images\/I\/51ajvHGUyZL._SL500_.jpg","datePublished":"2023-03-11T02:49:23+00:00","dateModified":"2023-04-09T03:12:34+00:00","description":"Markt-XXL Duschkopf Wassersparender,HassoKon Gro\u00dfe Duschsparkopf,Duschkopf Regendusche Handbrause Sparduschkopf,Shower Head\u2026","breadcrumb":{"@id":"https:\/\/marktxxl.de\/markt\/produkt\/duschkopf-wassersparenderhassokon-grosse-duschsparkopf-duschkopf-regendusche-handbrause-sparduschkopfshower-head-duschbrause-mit-3-strahlartenverchromterantikalk-funktion\/#breadcrumb"},"inLanguage":"de","potentialAction":[{"@type":"ReadAction","target":["https:\/\/marktxxl.de\/markt\/produkt\/duschkopf-wassersparenderhassokon-grosse-duschsparkopf-duschkopf-regendusche-handbrause-sparduschkopfshower-head-duschbrause-mit-3-strahlartenverchromterantikalk-funktion\/"]}]},{"@type":"ImageObject","inLanguage":"de","@id":"https:\/\/marktxxl.de\/markt\/produkt\/duschkopf-wassersparenderhassokon-grosse-duschsparkopf-duschkopf-regendusche-handbrause-sparduschkopfshower-head-duschbrause-mit-3-strahlartenverchromterantikalk-funktion\/#primaryimage","url":"https:\/\/m.media-amazon.com\/images\/I\/51ajvHGUyZL._SL500_.jpg","contentUrl":"https:\/\/m.media-amazon.com\/images\/I\/51ajvHGUyZL._SL500_.jpg","width":500,"height":500},{"@type":"BreadcrumbList","@id":"https:\/\/marktxxl.de\/markt\/produkt\/duschkopf-wassersparenderhassokon-grosse-duschsparkopf-duschkopf-regendusche-handbrause-sparduschkopfshower-head-duschbrause-mit-3-strahlartenverchromterantikalk-funktion\/#breadcrumb","itemListElement":[{"@type":"ListItem","position":1,"name":"Startseite","item":"https:\/\/marktxxl.de\/markt\/"},{"@type":"ListItem","position":2,"name":"Markt","item":"https:\/\/marktxxl.de\/markt\/"},{"@type":"ListItem","position":3,"name":"Duschkopf Wassersparender,HassoKon Gro\u00dfe Duschsparkopf,Duschkopf Regendusche Handbrause Sparduschkopf,Shower Head\u2026"}]},{"@type":"WebSite","@id":"https:\/\/marktxxl.de\/markt\/#website","url":"https:\/\/marktxxl.de\/markt\/","name":"Markt-XXL","description":"Ihr Markt Online","publisher":{"@id":"https:\/\/marktxxl.de\/markt\/#organization"},"potentialAction":[{"@type":"SearchAction","target":{"@type":"EntryPoint","urlTemplate":"https:\/\/marktxxl.de\/markt\/?s={search_term_string}"},"query-input":{"@type":"PropertyValueSpecification","valueRequired":true,"valueName":"search_term_string"}}],"inLanguage":"de"},{"@type":"Organization","@id":"https:\/\/marktxxl.de\/markt\/#organization","name":"Markt-XXL","url":"https:\/\/marktxxl.de\/markt\/","logo":{"@type":"ImageObject","inLanguage":"de","@id":"https:\/\/marktxxl.de\/markt\/#\/schema\/logo\/image\/","url":"https:\/\/marktxxl.de\/markt\/wp-content\/uploads\/sites\/3\/2020\/12\/logo.png","contentUrl":"https:\/\/marktxxl.de\/markt\/wp-content\/uploads\/sites\/3\/2020\/12\/logo.png","width":200,"height":70,"caption":"Markt-XXL"},"image":{"@id":"https:\/\/marktxxl.de\/markt\/#\/schema\/logo\/image\/"}}]}},"_links":{"self":[{"href":"https:\/\/marktxxl.de\/markt\/wp-json\/wp\/v2\/product\/192944","targetHints":{"allow":["GET"]}}],"collection":[{"href":"https:\/\/marktxxl.de\/markt\/wp-json\/wp\/v2\/product"}],"about":[{"href":"https:\/\/marktxxl.de\/markt\/wp-json\/wp\/v2\/types\/product"}],"replies":[{"embeddable":true,"href":"https:\/\/marktxxl.de\/markt\/wp-json\/wp\/v2\/comments?post=192944"}],"wp:featuredmedia":[{"embeddable":true,"href":"https:\/\/marktxxl.de\/markt\/wp-json\/wp\/v2\/media\/192945"}],"wp:attachment":[{"href":"https:\/\/marktxxl.de\/markt\/wp-json\/wp\/v2\/media?parent=192944"}],"wp:term":[{"taxonomy":"product_brand","embeddable":true,"href":"https:\/\/marktxxl.de\/markt\/wp-json\/wp\/v2\/product_brand?post=192944"},{"taxonomy":"product_cat","embeddable":true,"href":"https:\/\/marktxxl.de\/markt\/wp-json\/wp\/v2\/product_cat?post=192944"},{"taxonomy":"product_tag","embeddable":true,"href":"https:\/\/marktxxl.de\/markt\/wp-json\/wp\/v2\/product_tag?post=192944"}],"curies":[{"name":"wp","href":"https:\/\/api.w.org\/{rel}","templated":true}]}}