{"id":192925,"date":"2023-03-11T03:25:10","date_gmt":"2023-03-11T02:25:10","guid":{"rendered":"https:\/\/marktxxl.de\/markt\/produkt\/papercrush-pop-up-karte-geburt-kinderwagen-neutrale-3d-geburtskarte-fuer-maedchen-jungen-glueckwunsch-zum-baby-glueckwunschkarte-oder-geldgeschenk-zur-geburt-handgemachte-babykarte\/"},"modified":"2023-04-09T05:12:34","modified_gmt":"2023-04-09T03:12:34","slug":"papercrush-pop-up-karte-geburt-kinderwagen-neutrale-3d-geburtskarte-fuer-maedchen-jungen-glueckwunsch-zum-baby-glueckwunschkarte-oder-geldgeschenk-zur-geburt-handgemachte-babykarte","status":"publish","type":"product","link":"https:\/\/marktxxl.de\/markt\/produkt\/papercrush-pop-up-karte-geburt-kinderwagen-neutrale-3d-geburtskarte-fuer-maedchen-jungen-glueckwunsch-zum-baby-glueckwunschkarte-oder-geldgeschenk-zur-geburt-handgemachte-babykarte\/","title":{"rendered":"papercrush\u00ae Pop-Up Karte Geburt Kinderwagen &#8211; Neutrale 3D Geburtskarte f\u00fcr M\u00e4dchen &amp; Jungen, Gl\u00fcckwunsch zum Baby\u2026"},"content":{"rendered":"<p>FREUDE VERSCHENKEN \u2013 Die Pop Up Gl\u00fcckwunschkarte mit Kinderwagen ist eine s\u00fc\u00dfe Karte zur Geburt von Jungen und M\u00e4dchen, ein niedliches Geschenk zum Baby oder zur Schwangerschaft und eine lustige \u00dcberraschung zur Babyparty.<br \/>\n\u00dcBERRASCHUNGSEFFEKT \u2013 Beim \u00d6ffnen der Geschenkkarte entfaltet sich der Kinderwagen und es entsteht ein toller 3D Effekt. Ein witzige Geschenkidee f\u00fcr frischgebackene Eltern, mit der du in Erinnerung bleibst.<br \/>\nHANDGEMACHT \u2013 Verschenke ein kleines Kunstwerk: Kinderwagen und Baby wurden per Laser zurechtgeschnitten und anschlie\u00dfend in feinster Handarbeit zu dieser originellen Popup Geburtskarte zusammengesetzt.<br \/>\nMIT NOTIZKARTE \u2013 Damit du gen\u00fcgend Platz f\u00fcr deine Gl\u00fcckw\u00fcnsche hast, ist ein praktisches Einsteckblatt in die 3D Karte integriert. Diese l\u00e4sst sich am rechten Kartenrand herausziehen, beschriften und wieder zur\u00fcck in die Gru\u00dfkarte schieben.<br \/>\nWIR PFLANZEN B\u00c4UME \u2013 Mit dem Kauf einer papercrush Karte unterst\u00fctzt du die Wiederaufforstung der W\u00e4lder auf Madagaskar. Mehr als 200.000 Mangrovenb\u00e4ume haben wir bereits gepflanzt.<br \/>\n<div class=\"main-cross-sell\" data-asin=\"B09RTFSGP9\">\n\n\t<div class=\"WooZone-cross-sell-loader\">\n\t\t<div>\n\t\t\t<div id=\"floatingBarsG\">\n\t\t\t\t<div class=\"blockG\" id=\"rotateG_01\"><\/div>\n\t\t\t\t<div class=\"blockG\" id=\"rotateG_02\"><\/div>\n\t\t\t\t<div class=\"blockG\" id=\"rotateG_03\"><\/div>\n\t\t\t\t<div class=\"blockG\" id=\"rotateG_04\"><\/div>\n\t\t\t\t<div class=\"blockG\" id=\"rotateG_05\"><\/div>\n\t\t\t\t<div class=\"blockG\" id=\"rotateG_06\"><\/div>\n\t\t\t\t<div class=\"blockG\" id=\"rotateG_07\"><\/div>\n\t\t\t\t<div class=\"blockG\" id=\"rotateG_08\"><\/div>\n\t\t\t<\/div>\n\t\t\t<div class=\"WooZone-cross-sell-loader-text\"><\/div>\n\t\t<\/div>\n\t<\/div>\n\n\t\t\n<\/div>\n<div style=\"clear:both;\"><\/div><\/p>\n","protected":false},"excerpt":{"rendered":"<p>FREUDE VERSCHENKEN \u2013 Die Pop Up Gl\u00fcckwunschkarte mit Kinderwagen ist eine s\u00fc\u00dfe Karte zur Geburt von Jungen und M\u00e4dchen, ein niedliches Geschenk zum Baby oder zur Schwangerschaft und eine lustige \u00dcberraschung zur Babyparty.<br \/>\n\u00dcBERRASCHUNGSEFFEKT \u2013 Beim \u00d6ffnen der Geschenkkarte entfaltet sich der Kinderwagen und es entsteht ein toller 3D Effekt. Ein witzige Geschenkidee f\u00fcr frischgebackene Eltern, mit der du in Erinnerung bleibst.<br \/>\nHANDGEMACHT \u2013 Verschenke ein kleines Kunstwerk: Kinderwagen und Baby wurden per Laser zurechtgeschnitten und anschlie\u00dfend in feinster Handarbeit zu dieser originellen Popup Geburtskarte zusammengesetzt.<\/p>\n","protected":false},"featured_media":192926,"comment_status":"open","ping_status":"closed","template":"","meta":[],"product_brand":[],"product_cat":[21,8929],"product_tag":[],"class_list":{"0":"post-192925","1":"product","2":"type-product","3":"status-publish","4":"has-post-thumbnail","6":"product_cat-baby","7":"product_cat-babygeschenke-baby","8":"pa_binding-unbekannter-einband","9":"pa_brand-papercrush","10":"pa_color-gelb","11":"pa_height-0-0787401574-zoll","12":"pa_length-5-118110231-zoll","13":"pa_manufacturer-papercrush","14":"pa_model-pc08035","15":"pa_width-7-086614166-zoll","17":"first","18":"instock","19":"shipping-taxable","20":"purchasable","21":"product-type-simple","22":"customify-col","23":"product-has-gallery"},"yoast_head":"<!-- This site is optimized with the Yoast SEO plugin v27.3 - https:\/\/yoast.com\/product\/yoast-seo-wordpress\/ -->\n<title>papercrush\u00ae Pop-Up Karte Geburt Kinderwagen - Neutrale 3D Geburtskarte f\u00fcr M\u00e4dchen &amp; Jungen, Gl\u00fcckwunsch zum Baby\u2026 - Markt-XXL<\/title>\n<meta name=\"description\" content=\"Markt-XXL papercrush\u00ae Pop-Up Karte Geburt Kinderwagen - Neutrale 3D Geburtskarte f\u00fcr M\u00e4dchen &amp; Jungen, Gl\u00fcckwunsch zum Baby\u2026\" \/>\n<meta name=\"robots\" content=\"index, follow, max-snippet:-1, max-image-preview:large, max-video-preview:-1\" \/>\n<link rel=\"canonical\" href=\"https:\/\/marktxxl.de\/markt\/produkt\/papercrush-pop-up-karte-geburt-kinderwagen-neutrale-3d-geburtskarte-fuer-maedchen-jungen-glueckwunsch-zum-baby-glueckwunschkarte-oder-geldgeschenk-zur-geburt-handgemachte-babykarte\/\" \/>\n<meta property=\"og:locale\" content=\"de_DE\" \/>\n<meta property=\"og:type\" content=\"article\" \/>\n<meta property=\"og:title\" content=\"papercrush\u00ae Pop-Up Karte Geburt Kinderwagen - Neutrale 3D Geburtskarte f\u00fcr M\u00e4dchen &amp; Jungen, Gl\u00fcckwunsch zum Baby\u2026 - Markt-XXL\" \/>\n<meta property=\"og:description\" content=\"Markt-XXL papercrush\u00ae Pop-Up Karte Geburt Kinderwagen - Neutrale 3D Geburtskarte f\u00fcr M\u00e4dchen &amp; Jungen, Gl\u00fcckwunsch zum Baby\u2026\" \/>\n<meta property=\"og:url\" content=\"https:\/\/marktxxl.de\/markt\/produkt\/papercrush-pop-up-karte-geburt-kinderwagen-neutrale-3d-geburtskarte-fuer-maedchen-jungen-glueckwunsch-zum-baby-glueckwunschkarte-oder-geldgeschenk-zur-geburt-handgemachte-babykarte\/\" \/>\n<meta property=\"og:site_name\" content=\"Markt-XXL\" \/>\n<meta property=\"article:modified_time\" content=\"2023-04-09T03:12:34+00:00\" \/>\n<meta property=\"og:image\" content=\"https:\/\/m.media-amazon.com\/images\/I\/41wrAAc+fnL._SL500_.jpg\" \/>\n\t<meta property=\"og:image:width\" content=\"500\" \/>\n\t<meta property=\"og:image:height\" content=\"500\" \/>\n\t<meta property=\"og:image:type\" content=\"image\/jpeg\" \/>\n<meta name=\"twitter:card\" content=\"summary_large_image\" \/>\n<meta name=\"twitter:label1\" content=\"Gesch\u00e4tzte Lesezeit\" \/>\n\t<meta name=\"twitter:data1\" content=\"1\u00a0Minute\" \/>\n<script type=\"application\/ld+json\" class=\"yoast-schema-graph\">{\"@context\":\"https:\\\/\\\/schema.org\",\"@graph\":[{\"@type\":\"WebPage\",\"@id\":\"https:\\\/\\\/marktxxl.de\\\/markt\\\/produkt\\\/papercrush-pop-up-karte-geburt-kinderwagen-neutrale-3d-geburtskarte-fuer-maedchen-jungen-glueckwunsch-zum-baby-glueckwunschkarte-oder-geldgeschenk-zur-geburt-handgemachte-babykarte\\\/\",\"url\":\"https:\\\/\\\/marktxxl.de\\\/markt\\\/produkt\\\/papercrush-pop-up-karte-geburt-kinderwagen-neutrale-3d-geburtskarte-fuer-maedchen-jungen-glueckwunsch-zum-baby-glueckwunschkarte-oder-geldgeschenk-zur-geburt-handgemachte-babykarte\\\/\",\"name\":\"papercrush\u00ae Pop-Up Karte Geburt Kinderwagen - Neutrale 3D Geburtskarte f\u00fcr M\u00e4dchen &amp; Jungen, Gl\u00fcckwunsch zum Baby\u2026 - Markt-XXL\",\"isPartOf\":{\"@id\":\"https:\\\/\\\/marktxxl.de\\\/markt\\\/#website\"},\"primaryImageOfPage\":{\"@id\":\"https:\\\/\\\/marktxxl.de\\\/markt\\\/produkt\\\/papercrush-pop-up-karte-geburt-kinderwagen-neutrale-3d-geburtskarte-fuer-maedchen-jungen-glueckwunsch-zum-baby-glueckwunschkarte-oder-geldgeschenk-zur-geburt-handgemachte-babykarte\\\/#primaryimage\"},\"image\":{\"@id\":\"https:\\\/\\\/marktxxl.de\\\/markt\\\/produkt\\\/papercrush-pop-up-karte-geburt-kinderwagen-neutrale-3d-geburtskarte-fuer-maedchen-jungen-glueckwunsch-zum-baby-glueckwunschkarte-oder-geldgeschenk-zur-geburt-handgemachte-babykarte\\\/#primaryimage\"},\"thumbnailUrl\":\"https:\\\/\\\/m.media-amazon.com\\\/images\\\/I\\\/41wrAAc+fnL._SL500_.jpg\",\"datePublished\":\"2023-03-11T02:25:10+00:00\",\"dateModified\":\"2023-04-09T03:12:34+00:00\",\"description\":\"Markt-XXL papercrush\u00ae Pop-Up Karte Geburt Kinderwagen - Neutrale 3D Geburtskarte f\u00fcr M\u00e4dchen &amp; Jungen, Gl\u00fcckwunsch zum Baby\u2026\",\"breadcrumb\":{\"@id\":\"https:\\\/\\\/marktxxl.de\\\/markt\\\/produkt\\\/papercrush-pop-up-karte-geburt-kinderwagen-neutrale-3d-geburtskarte-fuer-maedchen-jungen-glueckwunsch-zum-baby-glueckwunschkarte-oder-geldgeschenk-zur-geburt-handgemachte-babykarte\\\/#breadcrumb\"},\"inLanguage\":\"de\",\"potentialAction\":[{\"@type\":\"ReadAction\",\"target\":[\"https:\\\/\\\/marktxxl.de\\\/markt\\\/produkt\\\/papercrush-pop-up-karte-geburt-kinderwagen-neutrale-3d-geburtskarte-fuer-maedchen-jungen-glueckwunsch-zum-baby-glueckwunschkarte-oder-geldgeschenk-zur-geburt-handgemachte-babykarte\\\/\"]}]},{\"@type\":\"ImageObject\",\"inLanguage\":\"de\",\"@id\":\"https:\\\/\\\/marktxxl.de\\\/markt\\\/produkt\\\/papercrush-pop-up-karte-geburt-kinderwagen-neutrale-3d-geburtskarte-fuer-maedchen-jungen-glueckwunsch-zum-baby-glueckwunschkarte-oder-geldgeschenk-zur-geburt-handgemachte-babykarte\\\/#primaryimage\",\"url\":\"https:\\\/\\\/m.media-amazon.com\\\/images\\\/I\\\/41wrAAc+fnL._SL500_.jpg\",\"contentUrl\":\"https:\\\/\\\/m.media-amazon.com\\\/images\\\/I\\\/41wrAAc+fnL._SL500_.jpg\",\"width\":500,\"height\":500},{\"@type\":\"BreadcrumbList\",\"@id\":\"https:\\\/\\\/marktxxl.de\\\/markt\\\/produkt\\\/papercrush-pop-up-karte-geburt-kinderwagen-neutrale-3d-geburtskarte-fuer-maedchen-jungen-glueckwunsch-zum-baby-glueckwunschkarte-oder-geldgeschenk-zur-geburt-handgemachte-babykarte\\\/#breadcrumb\",\"itemListElement\":[{\"@type\":\"ListItem\",\"position\":1,\"name\":\"Startseite\",\"item\":\"https:\\\/\\\/marktxxl.de\\\/markt\\\/\"},{\"@type\":\"ListItem\",\"position\":2,\"name\":\"Markt\",\"item\":\"https:\\\/\\\/marktxxl.de\\\/markt\\\/\"},{\"@type\":\"ListItem\",\"position\":3,\"name\":\"papercrush\u00ae Pop-Up Karte Geburt Kinderwagen &#8211; Neutrale 3D Geburtskarte f\u00fcr M\u00e4dchen &amp; Jungen, Gl\u00fcckwunsch zum Baby\u2026\"}]},{\"@type\":\"WebSite\",\"@id\":\"https:\\\/\\\/marktxxl.de\\\/markt\\\/#website\",\"url\":\"https:\\\/\\\/marktxxl.de\\\/markt\\\/\",\"name\":\"Markt-XXL\",\"description\":\"Ihr Markt Online\",\"publisher\":{\"@id\":\"https:\\\/\\\/marktxxl.de\\\/markt\\\/#organization\"},\"potentialAction\":[{\"@type\":\"SearchAction\",\"target\":{\"@type\":\"EntryPoint\",\"urlTemplate\":\"https:\\\/\\\/marktxxl.de\\\/markt\\\/?s={search_term_string}\"},\"query-input\":{\"@type\":\"PropertyValueSpecification\",\"valueRequired\":true,\"valueName\":\"search_term_string\"}}],\"inLanguage\":\"de\"},{\"@type\":\"Organization\",\"@id\":\"https:\\\/\\\/marktxxl.de\\\/markt\\\/#organization\",\"name\":\"Markt-XXL\",\"url\":\"https:\\\/\\\/marktxxl.de\\\/markt\\\/\",\"logo\":{\"@type\":\"ImageObject\",\"inLanguage\":\"de\",\"@id\":\"https:\\\/\\\/marktxxl.de\\\/markt\\\/#\\\/schema\\\/logo\\\/image\\\/\",\"url\":\"https:\\\/\\\/marktxxl.de\\\/markt\\\/wp-content\\\/uploads\\\/sites\\\/3\\\/2020\\\/12\\\/logo.png\",\"contentUrl\":\"https:\\\/\\\/marktxxl.de\\\/markt\\\/wp-content\\\/uploads\\\/sites\\\/3\\\/2020\\\/12\\\/logo.png\",\"width\":200,\"height\":70,\"caption\":\"Markt-XXL\"},\"image\":{\"@id\":\"https:\\\/\\\/marktxxl.de\\\/markt\\\/#\\\/schema\\\/logo\\\/image\\\/\"}}]}<\/script>\n<!-- \/ Yoast SEO plugin. -->","yoast_head_json":{"title":"papercrush\u00ae Pop-Up Karte Geburt Kinderwagen - Neutrale 3D Geburtskarte f\u00fcr M\u00e4dchen &amp; Jungen, Gl\u00fcckwunsch zum Baby\u2026 - Markt-XXL","description":"Markt-XXL papercrush\u00ae Pop-Up Karte Geburt Kinderwagen - Neutrale 3D Geburtskarte f\u00fcr M\u00e4dchen &amp; Jungen, Gl\u00fcckwunsch zum Baby\u2026","robots":{"index":"index","follow":"follow","max-snippet":"max-snippet:-1","max-image-preview":"max-image-preview:large","max-video-preview":"max-video-preview:-1"},"canonical":"https:\/\/marktxxl.de\/markt\/produkt\/papercrush-pop-up-karte-geburt-kinderwagen-neutrale-3d-geburtskarte-fuer-maedchen-jungen-glueckwunsch-zum-baby-glueckwunschkarte-oder-geldgeschenk-zur-geburt-handgemachte-babykarte\/","og_locale":"de_DE","og_type":"article","og_title":"papercrush\u00ae Pop-Up Karte Geburt Kinderwagen - Neutrale 3D Geburtskarte f\u00fcr M\u00e4dchen &amp; Jungen, Gl\u00fcckwunsch zum Baby\u2026 - Markt-XXL","og_description":"Markt-XXL papercrush\u00ae Pop-Up Karte Geburt Kinderwagen - Neutrale 3D Geburtskarte f\u00fcr M\u00e4dchen &amp; Jungen, Gl\u00fcckwunsch zum Baby\u2026","og_url":"https:\/\/marktxxl.de\/markt\/produkt\/papercrush-pop-up-karte-geburt-kinderwagen-neutrale-3d-geburtskarte-fuer-maedchen-jungen-glueckwunsch-zum-baby-glueckwunschkarte-oder-geldgeschenk-zur-geburt-handgemachte-babykarte\/","og_site_name":"Markt-XXL","article_modified_time":"2023-04-09T03:12:34+00:00","og_image":[{"width":500,"height":500,"url":"https:\/\/m.media-amazon.com\/images\/I\/41wrAAc+fnL._SL500_.jpg","type":"image\/jpeg"}],"twitter_card":"summary_large_image","twitter_misc":{"Gesch\u00e4tzte Lesezeit":"1\u00a0Minute"},"schema":{"@context":"https:\/\/schema.org","@graph":[{"@type":"WebPage","@id":"https:\/\/marktxxl.de\/markt\/produkt\/papercrush-pop-up-karte-geburt-kinderwagen-neutrale-3d-geburtskarte-fuer-maedchen-jungen-glueckwunsch-zum-baby-glueckwunschkarte-oder-geldgeschenk-zur-geburt-handgemachte-babykarte\/","url":"https:\/\/marktxxl.de\/markt\/produkt\/papercrush-pop-up-karte-geburt-kinderwagen-neutrale-3d-geburtskarte-fuer-maedchen-jungen-glueckwunsch-zum-baby-glueckwunschkarte-oder-geldgeschenk-zur-geburt-handgemachte-babykarte\/","name":"papercrush\u00ae Pop-Up Karte Geburt Kinderwagen - Neutrale 3D Geburtskarte f\u00fcr M\u00e4dchen &amp; Jungen, Gl\u00fcckwunsch zum Baby\u2026 - Markt-XXL","isPartOf":{"@id":"https:\/\/marktxxl.de\/markt\/#website"},"primaryImageOfPage":{"@id":"https:\/\/marktxxl.de\/markt\/produkt\/papercrush-pop-up-karte-geburt-kinderwagen-neutrale-3d-geburtskarte-fuer-maedchen-jungen-glueckwunsch-zum-baby-glueckwunschkarte-oder-geldgeschenk-zur-geburt-handgemachte-babykarte\/#primaryimage"},"image":{"@id":"https:\/\/marktxxl.de\/markt\/produkt\/papercrush-pop-up-karte-geburt-kinderwagen-neutrale-3d-geburtskarte-fuer-maedchen-jungen-glueckwunsch-zum-baby-glueckwunschkarte-oder-geldgeschenk-zur-geburt-handgemachte-babykarte\/#primaryimage"},"thumbnailUrl":"https:\/\/m.media-amazon.com\/images\/I\/41wrAAc+fnL._SL500_.jpg","datePublished":"2023-03-11T02:25:10+00:00","dateModified":"2023-04-09T03:12:34+00:00","description":"Markt-XXL papercrush\u00ae Pop-Up Karte Geburt Kinderwagen - Neutrale 3D Geburtskarte f\u00fcr M\u00e4dchen &amp; Jungen, Gl\u00fcckwunsch zum Baby\u2026","breadcrumb":{"@id":"https:\/\/marktxxl.de\/markt\/produkt\/papercrush-pop-up-karte-geburt-kinderwagen-neutrale-3d-geburtskarte-fuer-maedchen-jungen-glueckwunsch-zum-baby-glueckwunschkarte-oder-geldgeschenk-zur-geburt-handgemachte-babykarte\/#breadcrumb"},"inLanguage":"de","potentialAction":[{"@type":"ReadAction","target":["https:\/\/marktxxl.de\/markt\/produkt\/papercrush-pop-up-karte-geburt-kinderwagen-neutrale-3d-geburtskarte-fuer-maedchen-jungen-glueckwunsch-zum-baby-glueckwunschkarte-oder-geldgeschenk-zur-geburt-handgemachte-babykarte\/"]}]},{"@type":"ImageObject","inLanguage":"de","@id":"https:\/\/marktxxl.de\/markt\/produkt\/papercrush-pop-up-karte-geburt-kinderwagen-neutrale-3d-geburtskarte-fuer-maedchen-jungen-glueckwunsch-zum-baby-glueckwunschkarte-oder-geldgeschenk-zur-geburt-handgemachte-babykarte\/#primaryimage","url":"https:\/\/m.media-amazon.com\/images\/I\/41wrAAc+fnL._SL500_.jpg","contentUrl":"https:\/\/m.media-amazon.com\/images\/I\/41wrAAc+fnL._SL500_.jpg","width":500,"height":500},{"@type":"BreadcrumbList","@id":"https:\/\/marktxxl.de\/markt\/produkt\/papercrush-pop-up-karte-geburt-kinderwagen-neutrale-3d-geburtskarte-fuer-maedchen-jungen-glueckwunsch-zum-baby-glueckwunschkarte-oder-geldgeschenk-zur-geburt-handgemachte-babykarte\/#breadcrumb","itemListElement":[{"@type":"ListItem","position":1,"name":"Startseite","item":"https:\/\/marktxxl.de\/markt\/"},{"@type":"ListItem","position":2,"name":"Markt","item":"https:\/\/marktxxl.de\/markt\/"},{"@type":"ListItem","position":3,"name":"papercrush\u00ae Pop-Up Karte Geburt Kinderwagen &#8211; Neutrale 3D Geburtskarte f\u00fcr M\u00e4dchen &amp; Jungen, Gl\u00fcckwunsch zum Baby\u2026"}]},{"@type":"WebSite","@id":"https:\/\/marktxxl.de\/markt\/#website","url":"https:\/\/marktxxl.de\/markt\/","name":"Markt-XXL","description":"Ihr Markt Online","publisher":{"@id":"https:\/\/marktxxl.de\/markt\/#organization"},"potentialAction":[{"@type":"SearchAction","target":{"@type":"EntryPoint","urlTemplate":"https:\/\/marktxxl.de\/markt\/?s={search_term_string}"},"query-input":{"@type":"PropertyValueSpecification","valueRequired":true,"valueName":"search_term_string"}}],"inLanguage":"de"},{"@type":"Organization","@id":"https:\/\/marktxxl.de\/markt\/#organization","name":"Markt-XXL","url":"https:\/\/marktxxl.de\/markt\/","logo":{"@type":"ImageObject","inLanguage":"de","@id":"https:\/\/marktxxl.de\/markt\/#\/schema\/logo\/image\/","url":"https:\/\/marktxxl.de\/markt\/wp-content\/uploads\/sites\/3\/2020\/12\/logo.png","contentUrl":"https:\/\/marktxxl.de\/markt\/wp-content\/uploads\/sites\/3\/2020\/12\/logo.png","width":200,"height":70,"caption":"Markt-XXL"},"image":{"@id":"https:\/\/marktxxl.de\/markt\/#\/schema\/logo\/image\/"}}]}},"_links":{"self":[{"href":"https:\/\/marktxxl.de\/markt\/wp-json\/wp\/v2\/product\/192925","targetHints":{"allow":["GET"]}}],"collection":[{"href":"https:\/\/marktxxl.de\/markt\/wp-json\/wp\/v2\/product"}],"about":[{"href":"https:\/\/marktxxl.de\/markt\/wp-json\/wp\/v2\/types\/product"}],"replies":[{"embeddable":true,"href":"https:\/\/marktxxl.de\/markt\/wp-json\/wp\/v2\/comments?post=192925"}],"wp:featuredmedia":[{"embeddable":true,"href":"https:\/\/marktxxl.de\/markt\/wp-json\/wp\/v2\/media\/192926"}],"wp:attachment":[{"href":"https:\/\/marktxxl.de\/markt\/wp-json\/wp\/v2\/media?parent=192925"}],"wp:term":[{"taxonomy":"product_brand","embeddable":true,"href":"https:\/\/marktxxl.de\/markt\/wp-json\/wp\/v2\/product_brand?post=192925"},{"taxonomy":"product_cat","embeddable":true,"href":"https:\/\/marktxxl.de\/markt\/wp-json\/wp\/v2\/product_cat?post=192925"},{"taxonomy":"product_tag","embeddable":true,"href":"https:\/\/marktxxl.de\/markt\/wp-json\/wp\/v2\/product_tag?post=192925"}],"curies":[{"name":"wp","href":"https:\/\/api.w.org\/{rel}","templated":true}]}}