{"id":192835,"date":"2023-03-11T03:17:11","date_gmt":"2023-03-11T02:17:11","guid":{"rendered":"https:\/\/marktxxl.de\/markt\/produkt\/ekouaer-arbeits-und-lieferungskleid-stillnachthemd-mutterschaftsnachthemd-fuer-krankenhaus-kurz-stillen-nachthemd-s-xxl\/"},"modified":"2023-04-09T05:12:31","modified_gmt":"2023-04-09T03:12:31","slug":"ekouaer-arbeits-und-lieferungskleid-stillnachthemd-mutterschaftsnachthemd-fuer-krankenhaus-kurz-stillen-nachthemd-s-xxl","status":"publish","type":"product","link":"https:\/\/marktxxl.de\/markt\/produkt\/ekouaer-arbeits-und-lieferungskleid-stillnachthemd-mutterschaftsnachthemd-fuer-krankenhaus-kurz-stillen-nachthemd-s-xxl\/","title":{"rendered":"Ekouaer Arbeits- und Lieferungskleid, Stillnachthemd, Umstandsnachthemden f\u00fcr Krankenhaus kurzes Stillen Nachthemd S-XXL"},"content":{"rendered":"<p>\u273f Material f\u00fcr Arbeit und Lieferung: 95 % Viskose, 5 % Spandex, weicher und gem\u00fctlicher Stillmantel mit ein wenig Stretch, angenehm f\u00fcr Ihre Haut und das Baby. Dieses Umstandsnachthemd ist atmungsaktiv und leicht, passt hervorragend auf Ihren schwangeren K\u00f6rper und funktioniert auch hervorragend auf Ihren postpartalen K\u00f6rper.<br \/>\n\u273f Nachthemd zum Stillen: Ein sehr einfaches und bequemes Arbeitskleid zum Stillen. Die Tasten sind super einfach zu l\u00f6sen, so einfach, dass Sie es wahrscheinlich mit einer Hand verwalten k\u00f6nnen. Sie werden die Kn\u00f6pfe lieben und wie tief sie gehen, einfach zum Stillen.<br \/>\n\u273f Ekouaer Stillnachthemden: Dieses Kleid ist locker genug, um einen Hauch von Ihrer nach der Schwangerschaft zu zeigen, und die Kn\u00f6pfe sind offen genug, um zum Stillen freizulegen. Krankenhauskleid f\u00fcr Arbeit und Lieferung ist s\u00fc\u00df zum Schlafen oder Faulenzen rund ums Haus. Es trifft direkt \u00fcber Ihre Knie und deckt genug ab, damit Sie sich beim Treffen des Babys nicht freiliegen f\u00fchlen. Kombinieren Sie es mit einem Cardigan, Sie k\u00f6nnen es f\u00fcr eine schnelle Besorgung tragen.<br \/>\n\u273f Tolle Passform Umstandsnachthemd f\u00fcr Krankenh\u00e4user: Das 3-in-1-Nachthemd passt perfekt. S=US 4-6, M=US 8-10, L=12-14, XL=16-18, XXL=20-22. Unsere Modellinformationen: [ tr\u00e4gt Gr\u00f6\u00dfe S ] H\u00f6he: 1,52 m; Gewicht: 120 kg. Die Ma\u00dfe wurden manuell bestimmt und k\u00f6nnen daher um 1-2 cm abweichen.<br \/>\nKurzes Stillkleid: Wenn Sie nach Umstandsnachthemd suchen \u2013 Arbeits- und Lieferkleid \u2013 Stillkleid \u2013 Nachthemd zum Verstauen in Ihrer Krankenhaustasche ist dieses Stillkleid ein bescheideneres Still-Pyjama-Kleid zum Tragen und bequem zum Stillen. Perfektes Geschenk f\u00fcr Ihre schwangere Frau, Schwestern oder Freunde, geeignet f\u00fcr Freizeit\/Schlaf\/Lounge\/Mutterschaft\/Postpartale Kleidung.<br \/>\n<div class=\"main-cross-sell\" data-asin=\"B07R9XCYMC\">\n\n\t<div class=\"WooZone-cross-sell-loader\">\n\t\t<div>\n\t\t\t<div id=\"floatingBarsG\">\n\t\t\t\t<div class=\"blockG\" id=\"rotateG_01\"><\/div>\n\t\t\t\t<div class=\"blockG\" id=\"rotateG_02\"><\/div>\n\t\t\t\t<div class=\"blockG\" id=\"rotateG_03\"><\/div>\n\t\t\t\t<div class=\"blockG\" id=\"rotateG_04\"><\/div>\n\t\t\t\t<div class=\"blockG\" id=\"rotateG_05\"><\/div>\n\t\t\t\t<div class=\"blockG\" id=\"rotateG_06\"><\/div>\n\t\t\t\t<div class=\"blockG\" id=\"rotateG_07\"><\/div>\n\t\t\t\t<div class=\"blockG\" id=\"rotateG_08\"><\/div>\n\t\t\t<\/div>\n\t\t\t<div class=\"WooZone-cross-sell-loader-text\"><\/div>\n\t\t<\/div>\n\t<\/div>\n\n\t\t\n<\/div>\n<div style=\"clear:both;\"><\/div><\/p>\n","protected":false},"excerpt":{"rendered":"<p>\u273f Material f\u00fcr Arbeit und Lieferung: 95 % Viskose, 5 % Spandex, weicher und gem\u00fctlicher Stillmantel mit ein wenig Stretch, angenehm f\u00fcr Ihre Haut und das Baby. Dieses Umstandsnachthemd ist atmungsaktiv und leicht, passt hervorragend auf Ihren schwangeren K\u00f6rper und funktioniert auch hervorragend auf Ihren postpartalen K\u00f6rper.<br \/>\n\u273f Nachthemd zum Stillen: Ein sehr einfaches und bequemes Arbeitskleid zum Stillen. Die Tasten sind super einfach zu l\u00f6sen, so einfach, dass Sie es wahrscheinlich mit einer Hand verwalten k\u00f6nnen. Sie werden die Kn\u00f6pfe lieben und wie tief sie gehen, einfach zum Stillen.<br \/>\n\u273f Ekouaer Stillnachthemden: Dieses Kleid ist locker genug, um einen Hauch von Ihrer nach der Schwangerschaft zu zeigen, und die Kn\u00f6pfe sind offen genug, um zum Stillen freizulegen. Krankenhauskleid f\u00fcr Arbeit und Lieferung ist s\u00fc\u00df zum Schlafen oder Faulenzen rund ums Haus. Es trifft direkt \u00fcber Ihre Knie und deckt genug ab, damit Sie sich beim Treffen des Babys nicht freiliegen f\u00fchlen. Kombinieren Sie es mit einem Cardigan, Sie k\u00f6nnen es f\u00fcr eine schnelle Besorgung tragen.<\/p>\n","protected":false},"featured_media":192836,"comment_status":"open","ping_status":"closed","template":"","meta":[],"product_brand":[],"product_cat":[21,9478],"product_tag":[],"class_list":{"0":"post-192835","1":"product","2":"type-product","3":"status-publish","4":"has-post-thumbnail","6":"product_cat-baby","7":"product_cat-umstandskleidung-baby","8":"pa_brand-ekouaer","9":"pa_manufacturer-ekouaer","10":"pa_model-ekk009065","12":"first","13":"instock","14":"shipping-taxable","15":"purchasable","16":"product-type-simple","17":"customify-col","18":"product-has-gallery"},"yoast_head":"<!-- This site is optimized with the Yoast SEO plugin v27.4 - https:\/\/yoast.com\/product\/yoast-seo-wordpress\/ -->\n<title>Ekouaer Arbeits- und Lieferungskleid, Stillnachthemd, Umstandsnachthemden f\u00fcr Krankenhaus kurzes Stillen Nachthemd S-XXL - Markt-XXL<\/title>\n<meta name=\"description\" content=\"Markt-XXL Ekouaer Arbeits- und Lieferungskleid, Stillnachthemd, Umstandsnachthemden f\u00fcr Krankenhaus kurzes Stillen Nachthemd S-XXL\" \/>\n<meta name=\"robots\" content=\"index, follow, max-snippet:-1, max-image-preview:large, max-video-preview:-1\" \/>\n<link rel=\"canonical\" href=\"https:\/\/marktxxl.de\/markt\/produkt\/ekouaer-arbeits-und-lieferungskleid-stillnachthemd-mutterschaftsnachthemd-fuer-krankenhaus-kurz-stillen-nachthemd-s-xxl\/\" \/>\n<meta property=\"og:locale\" content=\"de_DE\" \/>\n<meta property=\"og:type\" content=\"article\" \/>\n<meta property=\"og:title\" content=\"Ekouaer Arbeits- und Lieferungskleid, Stillnachthemd, Umstandsnachthemden f\u00fcr Krankenhaus kurzes Stillen Nachthemd S-XXL - Markt-XXL\" \/>\n<meta property=\"og:description\" content=\"Markt-XXL Ekouaer Arbeits- und Lieferungskleid, Stillnachthemd, Umstandsnachthemden f\u00fcr Krankenhaus kurzes Stillen Nachthemd S-XXL\" \/>\n<meta property=\"og:url\" content=\"https:\/\/marktxxl.de\/markt\/produkt\/ekouaer-arbeits-und-lieferungskleid-stillnachthemd-mutterschaftsnachthemd-fuer-krankenhaus-kurz-stillen-nachthemd-s-xxl\/\" \/>\n<meta property=\"og:site_name\" content=\"Markt-XXL\" \/>\n<meta property=\"article:modified_time\" content=\"2023-04-09T03:12:31+00:00\" \/>\n<meta property=\"og:image\" content=\"https:\/\/m.media-amazon.com\/images\/I\/41lkVybHp3L._SL500_.jpg\" \/>\n\t<meta property=\"og:image:width\" content=\"437\" \/>\n\t<meta property=\"og:image:height\" content=\"500\" \/>\n\t<meta property=\"og:image:type\" content=\"image\/jpeg\" \/>\n<meta name=\"twitter:card\" content=\"summary_large_image\" \/>\n<meta name=\"twitter:label1\" content=\"Gesch\u00e4tzte Lesezeit\" \/>\n\t<meta name=\"twitter:data1\" content=\"1\u00a0Minute\" \/>\n<script type=\"application\/ld+json\" class=\"yoast-schema-graph\">{\"@context\":\"https:\\\/\\\/schema.org\",\"@graph\":[{\"@type\":\"WebPage\",\"@id\":\"https:\\\/\\\/marktxxl.de\\\/markt\\\/produkt\\\/ekouaer-arbeits-und-lieferungskleid-stillnachthemd-mutterschaftsnachthemd-fuer-krankenhaus-kurz-stillen-nachthemd-s-xxl\\\/\",\"url\":\"https:\\\/\\\/marktxxl.de\\\/markt\\\/produkt\\\/ekouaer-arbeits-und-lieferungskleid-stillnachthemd-mutterschaftsnachthemd-fuer-krankenhaus-kurz-stillen-nachthemd-s-xxl\\\/\",\"name\":\"Ekouaer Arbeits- und Lieferungskleid, Stillnachthemd, Umstandsnachthemden f\u00fcr Krankenhaus kurzes Stillen Nachthemd S-XXL - Markt-XXL\",\"isPartOf\":{\"@id\":\"https:\\\/\\\/marktxxl.de\\\/markt\\\/#website\"},\"primaryImageOfPage\":{\"@id\":\"https:\\\/\\\/marktxxl.de\\\/markt\\\/produkt\\\/ekouaer-arbeits-und-lieferungskleid-stillnachthemd-mutterschaftsnachthemd-fuer-krankenhaus-kurz-stillen-nachthemd-s-xxl\\\/#primaryimage\"},\"image\":{\"@id\":\"https:\\\/\\\/marktxxl.de\\\/markt\\\/produkt\\\/ekouaer-arbeits-und-lieferungskleid-stillnachthemd-mutterschaftsnachthemd-fuer-krankenhaus-kurz-stillen-nachthemd-s-xxl\\\/#primaryimage\"},\"thumbnailUrl\":\"https:\\\/\\\/m.media-amazon.com\\\/images\\\/I\\\/41lkVybHp3L._SL500_.jpg\",\"datePublished\":\"2023-03-11T02:17:11+00:00\",\"dateModified\":\"2023-04-09T03:12:31+00:00\",\"description\":\"Markt-XXL Ekouaer Arbeits- und Lieferungskleid, Stillnachthemd, Umstandsnachthemden f\u00fcr Krankenhaus kurzes Stillen Nachthemd S-XXL\",\"breadcrumb\":{\"@id\":\"https:\\\/\\\/marktxxl.de\\\/markt\\\/produkt\\\/ekouaer-arbeits-und-lieferungskleid-stillnachthemd-mutterschaftsnachthemd-fuer-krankenhaus-kurz-stillen-nachthemd-s-xxl\\\/#breadcrumb\"},\"inLanguage\":\"de\",\"potentialAction\":[{\"@type\":\"ReadAction\",\"target\":[\"https:\\\/\\\/marktxxl.de\\\/markt\\\/produkt\\\/ekouaer-arbeits-und-lieferungskleid-stillnachthemd-mutterschaftsnachthemd-fuer-krankenhaus-kurz-stillen-nachthemd-s-xxl\\\/\"]}]},{\"@type\":\"ImageObject\",\"inLanguage\":\"de\",\"@id\":\"https:\\\/\\\/marktxxl.de\\\/markt\\\/produkt\\\/ekouaer-arbeits-und-lieferungskleid-stillnachthemd-mutterschaftsnachthemd-fuer-krankenhaus-kurz-stillen-nachthemd-s-xxl\\\/#primaryimage\",\"url\":\"https:\\\/\\\/m.media-amazon.com\\\/images\\\/I\\\/41lkVybHp3L._SL500_.jpg\",\"contentUrl\":\"https:\\\/\\\/m.media-amazon.com\\\/images\\\/I\\\/41lkVybHp3L._SL500_.jpg\",\"width\":437,\"height\":500},{\"@type\":\"BreadcrumbList\",\"@id\":\"https:\\\/\\\/marktxxl.de\\\/markt\\\/produkt\\\/ekouaer-arbeits-und-lieferungskleid-stillnachthemd-mutterschaftsnachthemd-fuer-krankenhaus-kurz-stillen-nachthemd-s-xxl\\\/#breadcrumb\",\"itemListElement\":[{\"@type\":\"ListItem\",\"position\":1,\"name\":\"Startseite\",\"item\":\"https:\\\/\\\/marktxxl.de\\\/markt\\\/\"},{\"@type\":\"ListItem\",\"position\":2,\"name\":\"Markt\",\"item\":\"https:\\\/\\\/marktxxl.de\\\/markt\\\/\"},{\"@type\":\"ListItem\",\"position\":3,\"name\":\"Ekouaer Arbeits- und Lieferungskleid, Stillnachthemd, Umstandsnachthemden f\u00fcr Krankenhaus kurzes Stillen Nachthemd S-XXL\"}]},{\"@type\":\"WebSite\",\"@id\":\"https:\\\/\\\/marktxxl.de\\\/markt\\\/#website\",\"url\":\"https:\\\/\\\/marktxxl.de\\\/markt\\\/\",\"name\":\"Markt-XXL\",\"description\":\"Ihr Markt Online\",\"publisher\":{\"@id\":\"https:\\\/\\\/marktxxl.de\\\/markt\\\/#organization\"},\"potentialAction\":[{\"@type\":\"SearchAction\",\"target\":{\"@type\":\"EntryPoint\",\"urlTemplate\":\"https:\\\/\\\/marktxxl.de\\\/markt\\\/?s={search_term_string}\"},\"query-input\":{\"@type\":\"PropertyValueSpecification\",\"valueRequired\":true,\"valueName\":\"search_term_string\"}}],\"inLanguage\":\"de\"},{\"@type\":\"Organization\",\"@id\":\"https:\\\/\\\/marktxxl.de\\\/markt\\\/#organization\",\"name\":\"Markt-XXL\",\"url\":\"https:\\\/\\\/marktxxl.de\\\/markt\\\/\",\"logo\":{\"@type\":\"ImageObject\",\"inLanguage\":\"de\",\"@id\":\"https:\\\/\\\/marktxxl.de\\\/markt\\\/#\\\/schema\\\/logo\\\/image\\\/\",\"url\":\"https:\\\/\\\/marktxxl.de\\\/markt\\\/wp-content\\\/uploads\\\/sites\\\/3\\\/2020\\\/12\\\/logo.png\",\"contentUrl\":\"https:\\\/\\\/marktxxl.de\\\/markt\\\/wp-content\\\/uploads\\\/sites\\\/3\\\/2020\\\/12\\\/logo.png\",\"width\":200,\"height\":70,\"caption\":\"Markt-XXL\"},\"image\":{\"@id\":\"https:\\\/\\\/marktxxl.de\\\/markt\\\/#\\\/schema\\\/logo\\\/image\\\/\"}}]}<\/script>\n<!-- \/ Yoast SEO plugin. -->","yoast_head_json":{"title":"Ekouaer Arbeits- und Lieferungskleid, Stillnachthemd, Umstandsnachthemden f\u00fcr Krankenhaus kurzes Stillen Nachthemd S-XXL - Markt-XXL","description":"Markt-XXL Ekouaer Arbeits- und Lieferungskleid, Stillnachthemd, Umstandsnachthemden f\u00fcr Krankenhaus kurzes Stillen Nachthemd S-XXL","robots":{"index":"index","follow":"follow","max-snippet":"max-snippet:-1","max-image-preview":"max-image-preview:large","max-video-preview":"max-video-preview:-1"},"canonical":"https:\/\/marktxxl.de\/markt\/produkt\/ekouaer-arbeits-und-lieferungskleid-stillnachthemd-mutterschaftsnachthemd-fuer-krankenhaus-kurz-stillen-nachthemd-s-xxl\/","og_locale":"de_DE","og_type":"article","og_title":"Ekouaer Arbeits- und Lieferungskleid, Stillnachthemd, Umstandsnachthemden f\u00fcr Krankenhaus kurzes Stillen Nachthemd S-XXL - Markt-XXL","og_description":"Markt-XXL Ekouaer Arbeits- und Lieferungskleid, Stillnachthemd, Umstandsnachthemden f\u00fcr Krankenhaus kurzes Stillen Nachthemd S-XXL","og_url":"https:\/\/marktxxl.de\/markt\/produkt\/ekouaer-arbeits-und-lieferungskleid-stillnachthemd-mutterschaftsnachthemd-fuer-krankenhaus-kurz-stillen-nachthemd-s-xxl\/","og_site_name":"Markt-XXL","article_modified_time":"2023-04-09T03:12:31+00:00","og_image":[{"width":437,"height":500,"url":"https:\/\/m.media-amazon.com\/images\/I\/41lkVybHp3L._SL500_.jpg","type":"image\/jpeg"}],"twitter_card":"summary_large_image","twitter_misc":{"Gesch\u00e4tzte Lesezeit":"1\u00a0Minute"},"schema":{"@context":"https:\/\/schema.org","@graph":[{"@type":"WebPage","@id":"https:\/\/marktxxl.de\/markt\/produkt\/ekouaer-arbeits-und-lieferungskleid-stillnachthemd-mutterschaftsnachthemd-fuer-krankenhaus-kurz-stillen-nachthemd-s-xxl\/","url":"https:\/\/marktxxl.de\/markt\/produkt\/ekouaer-arbeits-und-lieferungskleid-stillnachthemd-mutterschaftsnachthemd-fuer-krankenhaus-kurz-stillen-nachthemd-s-xxl\/","name":"Ekouaer Arbeits- und Lieferungskleid, Stillnachthemd, Umstandsnachthemden f\u00fcr Krankenhaus kurzes Stillen Nachthemd S-XXL - Markt-XXL","isPartOf":{"@id":"https:\/\/marktxxl.de\/markt\/#website"},"primaryImageOfPage":{"@id":"https:\/\/marktxxl.de\/markt\/produkt\/ekouaer-arbeits-und-lieferungskleid-stillnachthemd-mutterschaftsnachthemd-fuer-krankenhaus-kurz-stillen-nachthemd-s-xxl\/#primaryimage"},"image":{"@id":"https:\/\/marktxxl.de\/markt\/produkt\/ekouaer-arbeits-und-lieferungskleid-stillnachthemd-mutterschaftsnachthemd-fuer-krankenhaus-kurz-stillen-nachthemd-s-xxl\/#primaryimage"},"thumbnailUrl":"https:\/\/m.media-amazon.com\/images\/I\/41lkVybHp3L._SL500_.jpg","datePublished":"2023-03-11T02:17:11+00:00","dateModified":"2023-04-09T03:12:31+00:00","description":"Markt-XXL Ekouaer Arbeits- und Lieferungskleid, Stillnachthemd, Umstandsnachthemden f\u00fcr Krankenhaus kurzes Stillen Nachthemd S-XXL","breadcrumb":{"@id":"https:\/\/marktxxl.de\/markt\/produkt\/ekouaer-arbeits-und-lieferungskleid-stillnachthemd-mutterschaftsnachthemd-fuer-krankenhaus-kurz-stillen-nachthemd-s-xxl\/#breadcrumb"},"inLanguage":"de","potentialAction":[{"@type":"ReadAction","target":["https:\/\/marktxxl.de\/markt\/produkt\/ekouaer-arbeits-und-lieferungskleid-stillnachthemd-mutterschaftsnachthemd-fuer-krankenhaus-kurz-stillen-nachthemd-s-xxl\/"]}]},{"@type":"ImageObject","inLanguage":"de","@id":"https:\/\/marktxxl.de\/markt\/produkt\/ekouaer-arbeits-und-lieferungskleid-stillnachthemd-mutterschaftsnachthemd-fuer-krankenhaus-kurz-stillen-nachthemd-s-xxl\/#primaryimage","url":"https:\/\/m.media-amazon.com\/images\/I\/41lkVybHp3L._SL500_.jpg","contentUrl":"https:\/\/m.media-amazon.com\/images\/I\/41lkVybHp3L._SL500_.jpg","width":437,"height":500},{"@type":"BreadcrumbList","@id":"https:\/\/marktxxl.de\/markt\/produkt\/ekouaer-arbeits-und-lieferungskleid-stillnachthemd-mutterschaftsnachthemd-fuer-krankenhaus-kurz-stillen-nachthemd-s-xxl\/#breadcrumb","itemListElement":[{"@type":"ListItem","position":1,"name":"Startseite","item":"https:\/\/marktxxl.de\/markt\/"},{"@type":"ListItem","position":2,"name":"Markt","item":"https:\/\/marktxxl.de\/markt\/"},{"@type":"ListItem","position":3,"name":"Ekouaer Arbeits- und Lieferungskleid, Stillnachthemd, Umstandsnachthemden f\u00fcr Krankenhaus kurzes Stillen Nachthemd S-XXL"}]},{"@type":"WebSite","@id":"https:\/\/marktxxl.de\/markt\/#website","url":"https:\/\/marktxxl.de\/markt\/","name":"Markt-XXL","description":"Ihr Markt Online","publisher":{"@id":"https:\/\/marktxxl.de\/markt\/#organization"},"potentialAction":[{"@type":"SearchAction","target":{"@type":"EntryPoint","urlTemplate":"https:\/\/marktxxl.de\/markt\/?s={search_term_string}"},"query-input":{"@type":"PropertyValueSpecification","valueRequired":true,"valueName":"search_term_string"}}],"inLanguage":"de"},{"@type":"Organization","@id":"https:\/\/marktxxl.de\/markt\/#organization","name":"Markt-XXL","url":"https:\/\/marktxxl.de\/markt\/","logo":{"@type":"ImageObject","inLanguage":"de","@id":"https:\/\/marktxxl.de\/markt\/#\/schema\/logo\/image\/","url":"https:\/\/marktxxl.de\/markt\/wp-content\/uploads\/sites\/3\/2020\/12\/logo.png","contentUrl":"https:\/\/marktxxl.de\/markt\/wp-content\/uploads\/sites\/3\/2020\/12\/logo.png","width":200,"height":70,"caption":"Markt-XXL"},"image":{"@id":"https:\/\/marktxxl.de\/markt\/#\/schema\/logo\/image\/"}}]}},"_links":{"self":[{"href":"https:\/\/marktxxl.de\/markt\/wp-json\/wp\/v2\/product\/192835","targetHints":{"allow":["GET"]}}],"collection":[{"href":"https:\/\/marktxxl.de\/markt\/wp-json\/wp\/v2\/product"}],"about":[{"href":"https:\/\/marktxxl.de\/markt\/wp-json\/wp\/v2\/types\/product"}],"replies":[{"embeddable":true,"href":"https:\/\/marktxxl.de\/markt\/wp-json\/wp\/v2\/comments?post=192835"}],"wp:featuredmedia":[{"embeddable":true,"href":"https:\/\/marktxxl.de\/markt\/wp-json\/wp\/v2\/media\/192836"}],"wp:attachment":[{"href":"https:\/\/marktxxl.de\/markt\/wp-json\/wp\/v2\/media?parent=192835"}],"wp:term":[{"taxonomy":"product_brand","embeddable":true,"href":"https:\/\/marktxxl.de\/markt\/wp-json\/wp\/v2\/product_brand?post=192835"},{"taxonomy":"product_cat","embeddable":true,"href":"https:\/\/marktxxl.de\/markt\/wp-json\/wp\/v2\/product_cat?post=192835"},{"taxonomy":"product_tag","embeddable":true,"href":"https:\/\/marktxxl.de\/markt\/wp-json\/wp\/v2\/product_tag?post=192835"}],"curies":[{"name":"wp","href":"https:\/\/api.w.org\/{rel}","templated":true}]}}