{"id":192766,"date":"2023-03-11T03:11:19","date_gmt":"2023-03-11T02:11:19","guid":{"rendered":"https:\/\/marktxxl.de\/markt\/produkt\/nici-43704-schmusetuch-drache-dragilu-ca-25x25cm-schnueffeltuch-fuer-babys-zum-troesten-einschlafen-und-kuscheln-beige-bunt\/"},"modified":"2023-04-09T05:12:30","modified_gmt":"2023-04-09T03:12:30","slug":"nici-43704-schmusetuch-drache-dragilu-ca-25x25cm-schnueffeltuch-fuer-babys-zum-troesten-einschlafen-und-kuscheln-beige-bunt","status":"publish","type":"product","link":"https:\/\/marktxxl.de\/markt\/produkt\/nici-43704-schmusetuch-drache-dragilu-ca-25x25cm-schnueffeltuch-fuer-babys-zum-troesten-einschlafen-und-kuscheln-beige-bunt\/","title":{"rendered":"NICI 43704 Schmusetuch Drache Dragilu ca. 25x25cm, Schn\u00fcffeltuch f\u00fcr Babys zum Tr\u00f6sten, Einschlafen und Kuscheln, beige\u2026"},"content":{"rendered":"<p>Egal, ob Zuhause oder unterwegs \u2013 jedes Baby braucht ein Schmusetuch zum Tr\u00f6sten, Spielen oder Kuscheln. Das ideale Geschenk zur Geburt! Das Schmusetuch Drache Draguli besteht aus einem flauschig weichen NICI Pl\u00fcschmaterial und l\u00e4sst sich dank der kleinen Knoten und abstehenden Details besonders gut von kleinen Babyh\u00e4ndchen greifen und halten. Das zauberhafte Drachen-Design mit auff\u00e4lligem Muster und sanften Farben ist ein Kuschelfreund f\u00fcr Jungen und M\u00e4dchen.<br \/>\nMy First NICI &#8211; Drachenstark mit Dragilu! Dragilu ist ein niedlicher Drache mit einem feurig-orangenen Horn auf seiner Nasenspitze. Was f\u00fcr ein Hingucker! In Blau- und Gr\u00fcnt\u00f6nen gehalten, ist der kleine Drache der perfekte Kuschelpartner f\u00fcr Babys jeden Alters. My First NICI bietet hochwertige Kuscheltiere und Lernspielzeug. Die Produkte rund um den superweichen Kuscheldrachen sind speziell auf Babys und Kleinkinder abgestimmt und f\u00f6rdern ihre Entwicklung spielerisch.<br \/>\nIdeales Geschenk zur Geburt oder Taufe! Mit NICI bereitet das Schenken noch mehr Freude!<br \/>\nKuschelig weich &#8211; hergestellt aus super weichem NICI Pl\u00fcschmaterial in bester NICI Qualit\u00e4t.<br \/>\nHierf\u00fcr steht NICI &#8211; jedes einzelne Produkt wird mit viel Liebe designt. Wir verwenden f\u00fcr unsere Kuscheltiere und Geschenkartikel ausschlie\u00dflich hochwertige Materialien. NICI sorgt f\u00fcr Kuschelgl\u00fcck und zaubert jedem ein L\u00e4cheln ins Gesicht.<br \/>\n<div class=\"main-cross-sell\" data-asin=\"B083VKR8JJ\">\n\n\t<div class=\"WooZone-cross-sell-loader\">\n\t\t<div>\n\t\t\t<div id=\"floatingBarsG\">\n\t\t\t\t<div class=\"blockG\" id=\"rotateG_01\"><\/div>\n\t\t\t\t<div class=\"blockG\" id=\"rotateG_02\"><\/div>\n\t\t\t\t<div class=\"blockG\" id=\"rotateG_03\"><\/div>\n\t\t\t\t<div class=\"blockG\" id=\"rotateG_04\"><\/div>\n\t\t\t\t<div class=\"blockG\" id=\"rotateG_05\"><\/div>\n\t\t\t\t<div class=\"blockG\" id=\"rotateG_06\"><\/div>\n\t\t\t\t<div class=\"blockG\" id=\"rotateG_07\"><\/div>\n\t\t\t\t<div class=\"blockG\" id=\"rotateG_08\"><\/div>\n\t\t\t<\/div>\n\t\t\t<div class=\"WooZone-cross-sell-loader-text\"><\/div>\n\t\t<\/div>\n\t<\/div>\n\n\t\t\n<\/div>\n<div style=\"clear:both;\"><\/div><\/p>\n","protected":false},"excerpt":{"rendered":"<p>Egal, ob Zuhause oder unterwegs \u2013 jedes Baby braucht ein Schmusetuch zum Tr\u00f6sten, Spielen oder Kuscheln. Das ideale Geschenk zur Geburt! Das Schmusetuch Drache Draguli besteht aus einem flauschig weichen NICI Pl\u00fcschmaterial und l\u00e4sst sich dank der kleinen Knoten und abstehenden Details besonders gut von kleinen Babyh\u00e4ndchen greifen und halten. Das zauberhafte Drachen-Design mit auff\u00e4lligem Muster und sanften Farben ist ein Kuschelfreund f\u00fcr Jungen und M\u00e4dchen.<br \/>\nMy First NICI &#8211; Drachenstark mit Dragilu! Dragilu ist ein niedlicher Drache mit einem feurig-orangenen Horn auf seiner Nasenspitze. Was f\u00fcr ein Hingucker! In Blau- und Gr\u00fcnt\u00f6nen gehalten, ist der kleine Drache der perfekte Kuschelpartner f\u00fcr Babys jeden Alters. My First NICI bietet hochwertige Kuscheltiere und Lernspielzeug. Die Produkte rund um den superweichen Kuscheldrachen sind speziell auf Babys und Kleinkinder abgestimmt und f\u00f6rdern ihre Entwicklung spielerisch.<br \/>\nIdeales Geschenk zur Geburt oder Taufe! Mit NICI bereitet das Schenken noch mehr Freude!<\/p>\n","protected":false},"featured_media":192767,"comment_status":"open","ping_status":"closed","template":"","meta":[],"product_brand":[],"product_cat":[21,8879],"product_tag":[],"class_list":{"0":"post-192766","1":"product","2":"type-product","3":"status-publish","4":"has-post-thumbnail","6":"product_cat-baby","7":"product_cat-baby-kleinkindspielzeug-baby","8":"pa_binding-spielzeug","9":"pa_brand-nici","10":"pa_color-beige-bunt","11":"pa_height-9-8425-zoll","12":"pa_length-3-1496-zoll","13":"pa_manufacturer-nici-gmbh","14":"pa_model-49637","15":"pa_warranty-2-jahre-herstellergarantie-bei-sachgemaesser-behandlung","16":"pa_width-12-2047-zoll","18":"first","19":"instock","20":"shipping-taxable","21":"purchasable","22":"product-type-simple","23":"customify-col","24":"product-has-gallery"},"yoast_head":"<!-- This site is optimized with the Yoast SEO plugin v27.4 - https:\/\/yoast.com\/product\/yoast-seo-wordpress\/ -->\n<title>NICI 43704 Schmusetuch Drache Dragilu ca. 25x25cm, Schn\u00fcffeltuch f\u00fcr Babys zum Tr\u00f6sten, Einschlafen und Kuscheln, beige\u2026 - Markt-XXL<\/title>\n<meta name=\"description\" content=\"Markt-XXL NICI 43704 Schmusetuch Drache Dragilu ca. 25x25cm, Schn\u00fcffeltuch f\u00fcr Babys zum Tr\u00f6sten, Einschlafen und Kuscheln, beige\u2026\" \/>\n<meta name=\"robots\" content=\"index, follow, max-snippet:-1, max-image-preview:large, max-video-preview:-1\" \/>\n<link rel=\"canonical\" href=\"https:\/\/marktxxl.de\/markt\/produkt\/nici-43704-schmusetuch-drache-dragilu-ca-25x25cm-schnueffeltuch-fuer-babys-zum-troesten-einschlafen-und-kuscheln-beige-bunt\/\" \/>\n<meta property=\"og:locale\" content=\"de_DE\" \/>\n<meta property=\"og:type\" content=\"article\" \/>\n<meta property=\"og:title\" content=\"NICI 43704 Schmusetuch Drache Dragilu ca. 25x25cm, Schn\u00fcffeltuch f\u00fcr Babys zum Tr\u00f6sten, Einschlafen und Kuscheln, beige\u2026 - Markt-XXL\" \/>\n<meta property=\"og:description\" content=\"Markt-XXL NICI 43704 Schmusetuch Drache Dragilu ca. 25x25cm, Schn\u00fcffeltuch f\u00fcr Babys zum Tr\u00f6sten, Einschlafen und Kuscheln, beige\u2026\" \/>\n<meta property=\"og:url\" content=\"https:\/\/marktxxl.de\/markt\/produkt\/nici-43704-schmusetuch-drache-dragilu-ca-25x25cm-schnueffeltuch-fuer-babys-zum-troesten-einschlafen-und-kuscheln-beige-bunt\/\" \/>\n<meta property=\"og:site_name\" content=\"Markt-XXL\" \/>\n<meta property=\"article:modified_time\" content=\"2023-04-09T03:12:30+00:00\" \/>\n<meta property=\"og:image\" content=\"https:\/\/m.media-amazon.com\/images\/I\/41f2z0u86wL._SL500_.jpg\" \/>\n\t<meta property=\"og:image:width\" content=\"500\" \/>\n\t<meta property=\"og:image:height\" content=\"433\" \/>\n\t<meta property=\"og:image:type\" content=\"image\/jpeg\" \/>\n<meta name=\"twitter:card\" content=\"summary_large_image\" \/>\n<meta name=\"twitter:label1\" content=\"Gesch\u00e4tzte Lesezeit\" \/>\n\t<meta name=\"twitter:data1\" content=\"1\u00a0Minute\" \/>\n<script type=\"application\/ld+json\" class=\"yoast-schema-graph\">{\"@context\":\"https:\\\/\\\/schema.org\",\"@graph\":[{\"@type\":\"WebPage\",\"@id\":\"https:\\\/\\\/marktxxl.de\\\/markt\\\/produkt\\\/nici-43704-schmusetuch-drache-dragilu-ca-25x25cm-schnueffeltuch-fuer-babys-zum-troesten-einschlafen-und-kuscheln-beige-bunt\\\/\",\"url\":\"https:\\\/\\\/marktxxl.de\\\/markt\\\/produkt\\\/nici-43704-schmusetuch-drache-dragilu-ca-25x25cm-schnueffeltuch-fuer-babys-zum-troesten-einschlafen-und-kuscheln-beige-bunt\\\/\",\"name\":\"NICI 43704 Schmusetuch Drache Dragilu ca. 25x25cm, Schn\u00fcffeltuch f\u00fcr Babys zum Tr\u00f6sten, Einschlafen und Kuscheln, beige\u2026 - Markt-XXL\",\"isPartOf\":{\"@id\":\"https:\\\/\\\/marktxxl.de\\\/markt\\\/#website\"},\"primaryImageOfPage\":{\"@id\":\"https:\\\/\\\/marktxxl.de\\\/markt\\\/produkt\\\/nici-43704-schmusetuch-drache-dragilu-ca-25x25cm-schnueffeltuch-fuer-babys-zum-troesten-einschlafen-und-kuscheln-beige-bunt\\\/#primaryimage\"},\"image\":{\"@id\":\"https:\\\/\\\/marktxxl.de\\\/markt\\\/produkt\\\/nici-43704-schmusetuch-drache-dragilu-ca-25x25cm-schnueffeltuch-fuer-babys-zum-troesten-einschlafen-und-kuscheln-beige-bunt\\\/#primaryimage\"},\"thumbnailUrl\":\"https:\\\/\\\/m.media-amazon.com\\\/images\\\/I\\\/41f2z0u86wL._SL500_.jpg\",\"datePublished\":\"2023-03-11T02:11:19+00:00\",\"dateModified\":\"2023-04-09T03:12:30+00:00\",\"description\":\"Markt-XXL NICI 43704 Schmusetuch Drache Dragilu ca. 25x25cm, Schn\u00fcffeltuch f\u00fcr Babys zum Tr\u00f6sten, Einschlafen und Kuscheln, beige\u2026\",\"breadcrumb\":{\"@id\":\"https:\\\/\\\/marktxxl.de\\\/markt\\\/produkt\\\/nici-43704-schmusetuch-drache-dragilu-ca-25x25cm-schnueffeltuch-fuer-babys-zum-troesten-einschlafen-und-kuscheln-beige-bunt\\\/#breadcrumb\"},\"inLanguage\":\"de\",\"potentialAction\":[{\"@type\":\"ReadAction\",\"target\":[\"https:\\\/\\\/marktxxl.de\\\/markt\\\/produkt\\\/nici-43704-schmusetuch-drache-dragilu-ca-25x25cm-schnueffeltuch-fuer-babys-zum-troesten-einschlafen-und-kuscheln-beige-bunt\\\/\"]}]},{\"@type\":\"ImageObject\",\"inLanguage\":\"de\",\"@id\":\"https:\\\/\\\/marktxxl.de\\\/markt\\\/produkt\\\/nici-43704-schmusetuch-drache-dragilu-ca-25x25cm-schnueffeltuch-fuer-babys-zum-troesten-einschlafen-und-kuscheln-beige-bunt\\\/#primaryimage\",\"url\":\"https:\\\/\\\/m.media-amazon.com\\\/images\\\/I\\\/41f2z0u86wL._SL500_.jpg\",\"contentUrl\":\"https:\\\/\\\/m.media-amazon.com\\\/images\\\/I\\\/41f2z0u86wL._SL500_.jpg\",\"width\":500,\"height\":433},{\"@type\":\"BreadcrumbList\",\"@id\":\"https:\\\/\\\/marktxxl.de\\\/markt\\\/produkt\\\/nici-43704-schmusetuch-drache-dragilu-ca-25x25cm-schnueffeltuch-fuer-babys-zum-troesten-einschlafen-und-kuscheln-beige-bunt\\\/#breadcrumb\",\"itemListElement\":[{\"@type\":\"ListItem\",\"position\":1,\"name\":\"Startseite\",\"item\":\"https:\\\/\\\/marktxxl.de\\\/markt\\\/\"},{\"@type\":\"ListItem\",\"position\":2,\"name\":\"Markt\",\"item\":\"https:\\\/\\\/marktxxl.de\\\/markt\\\/\"},{\"@type\":\"ListItem\",\"position\":3,\"name\":\"NICI 43704 Schmusetuch Drache Dragilu ca. 25x25cm, Schn\u00fcffeltuch f\u00fcr Babys zum Tr\u00f6sten, Einschlafen und Kuscheln, beige\u2026\"}]},{\"@type\":\"WebSite\",\"@id\":\"https:\\\/\\\/marktxxl.de\\\/markt\\\/#website\",\"url\":\"https:\\\/\\\/marktxxl.de\\\/markt\\\/\",\"name\":\"Markt-XXL\",\"description\":\"Ihr Markt Online\",\"publisher\":{\"@id\":\"https:\\\/\\\/marktxxl.de\\\/markt\\\/#organization\"},\"potentialAction\":[{\"@type\":\"SearchAction\",\"target\":{\"@type\":\"EntryPoint\",\"urlTemplate\":\"https:\\\/\\\/marktxxl.de\\\/markt\\\/?s={search_term_string}\"},\"query-input\":{\"@type\":\"PropertyValueSpecification\",\"valueRequired\":true,\"valueName\":\"search_term_string\"}}],\"inLanguage\":\"de\"},{\"@type\":\"Organization\",\"@id\":\"https:\\\/\\\/marktxxl.de\\\/markt\\\/#organization\",\"name\":\"Markt-XXL\",\"url\":\"https:\\\/\\\/marktxxl.de\\\/markt\\\/\",\"logo\":{\"@type\":\"ImageObject\",\"inLanguage\":\"de\",\"@id\":\"https:\\\/\\\/marktxxl.de\\\/markt\\\/#\\\/schema\\\/logo\\\/image\\\/\",\"url\":\"https:\\\/\\\/marktxxl.de\\\/markt\\\/wp-content\\\/uploads\\\/sites\\\/3\\\/2020\\\/12\\\/logo.png\",\"contentUrl\":\"https:\\\/\\\/marktxxl.de\\\/markt\\\/wp-content\\\/uploads\\\/sites\\\/3\\\/2020\\\/12\\\/logo.png\",\"width\":200,\"height\":70,\"caption\":\"Markt-XXL\"},\"image\":{\"@id\":\"https:\\\/\\\/marktxxl.de\\\/markt\\\/#\\\/schema\\\/logo\\\/image\\\/\"}}]}<\/script>\n<!-- \/ Yoast SEO plugin. -->","yoast_head_json":{"title":"NICI 43704 Schmusetuch Drache Dragilu ca. 25x25cm, Schn\u00fcffeltuch f\u00fcr Babys zum Tr\u00f6sten, Einschlafen und Kuscheln, beige\u2026 - Markt-XXL","description":"Markt-XXL NICI 43704 Schmusetuch Drache Dragilu ca. 25x25cm, Schn\u00fcffeltuch f\u00fcr Babys zum Tr\u00f6sten, Einschlafen und Kuscheln, beige\u2026","robots":{"index":"index","follow":"follow","max-snippet":"max-snippet:-1","max-image-preview":"max-image-preview:large","max-video-preview":"max-video-preview:-1"},"canonical":"https:\/\/marktxxl.de\/markt\/produkt\/nici-43704-schmusetuch-drache-dragilu-ca-25x25cm-schnueffeltuch-fuer-babys-zum-troesten-einschlafen-und-kuscheln-beige-bunt\/","og_locale":"de_DE","og_type":"article","og_title":"NICI 43704 Schmusetuch Drache Dragilu ca. 25x25cm, Schn\u00fcffeltuch f\u00fcr Babys zum Tr\u00f6sten, Einschlafen und Kuscheln, beige\u2026 - Markt-XXL","og_description":"Markt-XXL NICI 43704 Schmusetuch Drache Dragilu ca. 25x25cm, Schn\u00fcffeltuch f\u00fcr Babys zum Tr\u00f6sten, Einschlafen und Kuscheln, beige\u2026","og_url":"https:\/\/marktxxl.de\/markt\/produkt\/nici-43704-schmusetuch-drache-dragilu-ca-25x25cm-schnueffeltuch-fuer-babys-zum-troesten-einschlafen-und-kuscheln-beige-bunt\/","og_site_name":"Markt-XXL","article_modified_time":"2023-04-09T03:12:30+00:00","og_image":[{"width":500,"height":433,"url":"https:\/\/m.media-amazon.com\/images\/I\/41f2z0u86wL._SL500_.jpg","type":"image\/jpeg"}],"twitter_card":"summary_large_image","twitter_misc":{"Gesch\u00e4tzte Lesezeit":"1\u00a0Minute"},"schema":{"@context":"https:\/\/schema.org","@graph":[{"@type":"WebPage","@id":"https:\/\/marktxxl.de\/markt\/produkt\/nici-43704-schmusetuch-drache-dragilu-ca-25x25cm-schnueffeltuch-fuer-babys-zum-troesten-einschlafen-und-kuscheln-beige-bunt\/","url":"https:\/\/marktxxl.de\/markt\/produkt\/nici-43704-schmusetuch-drache-dragilu-ca-25x25cm-schnueffeltuch-fuer-babys-zum-troesten-einschlafen-und-kuscheln-beige-bunt\/","name":"NICI 43704 Schmusetuch Drache Dragilu ca. 25x25cm, Schn\u00fcffeltuch f\u00fcr Babys zum Tr\u00f6sten, Einschlafen und Kuscheln, beige\u2026 - Markt-XXL","isPartOf":{"@id":"https:\/\/marktxxl.de\/markt\/#website"},"primaryImageOfPage":{"@id":"https:\/\/marktxxl.de\/markt\/produkt\/nici-43704-schmusetuch-drache-dragilu-ca-25x25cm-schnueffeltuch-fuer-babys-zum-troesten-einschlafen-und-kuscheln-beige-bunt\/#primaryimage"},"image":{"@id":"https:\/\/marktxxl.de\/markt\/produkt\/nici-43704-schmusetuch-drache-dragilu-ca-25x25cm-schnueffeltuch-fuer-babys-zum-troesten-einschlafen-und-kuscheln-beige-bunt\/#primaryimage"},"thumbnailUrl":"https:\/\/m.media-amazon.com\/images\/I\/41f2z0u86wL._SL500_.jpg","datePublished":"2023-03-11T02:11:19+00:00","dateModified":"2023-04-09T03:12:30+00:00","description":"Markt-XXL NICI 43704 Schmusetuch Drache Dragilu ca. 25x25cm, Schn\u00fcffeltuch f\u00fcr Babys zum Tr\u00f6sten, Einschlafen und Kuscheln, beige\u2026","breadcrumb":{"@id":"https:\/\/marktxxl.de\/markt\/produkt\/nici-43704-schmusetuch-drache-dragilu-ca-25x25cm-schnueffeltuch-fuer-babys-zum-troesten-einschlafen-und-kuscheln-beige-bunt\/#breadcrumb"},"inLanguage":"de","potentialAction":[{"@type":"ReadAction","target":["https:\/\/marktxxl.de\/markt\/produkt\/nici-43704-schmusetuch-drache-dragilu-ca-25x25cm-schnueffeltuch-fuer-babys-zum-troesten-einschlafen-und-kuscheln-beige-bunt\/"]}]},{"@type":"ImageObject","inLanguage":"de","@id":"https:\/\/marktxxl.de\/markt\/produkt\/nici-43704-schmusetuch-drache-dragilu-ca-25x25cm-schnueffeltuch-fuer-babys-zum-troesten-einschlafen-und-kuscheln-beige-bunt\/#primaryimage","url":"https:\/\/m.media-amazon.com\/images\/I\/41f2z0u86wL._SL500_.jpg","contentUrl":"https:\/\/m.media-amazon.com\/images\/I\/41f2z0u86wL._SL500_.jpg","width":500,"height":433},{"@type":"BreadcrumbList","@id":"https:\/\/marktxxl.de\/markt\/produkt\/nici-43704-schmusetuch-drache-dragilu-ca-25x25cm-schnueffeltuch-fuer-babys-zum-troesten-einschlafen-und-kuscheln-beige-bunt\/#breadcrumb","itemListElement":[{"@type":"ListItem","position":1,"name":"Startseite","item":"https:\/\/marktxxl.de\/markt\/"},{"@type":"ListItem","position":2,"name":"Markt","item":"https:\/\/marktxxl.de\/markt\/"},{"@type":"ListItem","position":3,"name":"NICI 43704 Schmusetuch Drache Dragilu ca. 25x25cm, Schn\u00fcffeltuch f\u00fcr Babys zum Tr\u00f6sten, Einschlafen und Kuscheln, beige\u2026"}]},{"@type":"WebSite","@id":"https:\/\/marktxxl.de\/markt\/#website","url":"https:\/\/marktxxl.de\/markt\/","name":"Markt-XXL","description":"Ihr Markt Online","publisher":{"@id":"https:\/\/marktxxl.de\/markt\/#organization"},"potentialAction":[{"@type":"SearchAction","target":{"@type":"EntryPoint","urlTemplate":"https:\/\/marktxxl.de\/markt\/?s={search_term_string}"},"query-input":{"@type":"PropertyValueSpecification","valueRequired":true,"valueName":"search_term_string"}}],"inLanguage":"de"},{"@type":"Organization","@id":"https:\/\/marktxxl.de\/markt\/#organization","name":"Markt-XXL","url":"https:\/\/marktxxl.de\/markt\/","logo":{"@type":"ImageObject","inLanguage":"de","@id":"https:\/\/marktxxl.de\/markt\/#\/schema\/logo\/image\/","url":"https:\/\/marktxxl.de\/markt\/wp-content\/uploads\/sites\/3\/2020\/12\/logo.png","contentUrl":"https:\/\/marktxxl.de\/markt\/wp-content\/uploads\/sites\/3\/2020\/12\/logo.png","width":200,"height":70,"caption":"Markt-XXL"},"image":{"@id":"https:\/\/marktxxl.de\/markt\/#\/schema\/logo\/image\/"}}]}},"_links":{"self":[{"href":"https:\/\/marktxxl.de\/markt\/wp-json\/wp\/v2\/product\/192766","targetHints":{"allow":["GET"]}}],"collection":[{"href":"https:\/\/marktxxl.de\/markt\/wp-json\/wp\/v2\/product"}],"about":[{"href":"https:\/\/marktxxl.de\/markt\/wp-json\/wp\/v2\/types\/product"}],"replies":[{"embeddable":true,"href":"https:\/\/marktxxl.de\/markt\/wp-json\/wp\/v2\/comments?post=192766"}],"wp:featuredmedia":[{"embeddable":true,"href":"https:\/\/marktxxl.de\/markt\/wp-json\/wp\/v2\/media\/192767"}],"wp:attachment":[{"href":"https:\/\/marktxxl.de\/markt\/wp-json\/wp\/v2\/media?parent=192766"}],"wp:term":[{"taxonomy":"product_brand","embeddable":true,"href":"https:\/\/marktxxl.de\/markt\/wp-json\/wp\/v2\/product_brand?post=192766"},{"taxonomy":"product_cat","embeddable":true,"href":"https:\/\/marktxxl.de\/markt\/wp-json\/wp\/v2\/product_cat?post=192766"},{"taxonomy":"product_tag","embeddable":true,"href":"https:\/\/marktxxl.de\/markt\/wp-json\/wp\/v2\/product_tag?post=192766"}],"curies":[{"name":"wp","href":"https:\/\/api.w.org\/{rel}","templated":true}]}}