{"id":192756,"date":"2023-03-11T03:11:07","date_gmt":"2023-03-11T02:11:07","guid":{"rendered":"https:\/\/marktxxl.de\/markt\/produkt\/airlab-karottenernte-montessori-spielzeug-ab-1-2-3-jahr-kinderspielzeug-aus-holz-7-in-1-farmspiel-motorikspielzeug-fuer-kinder-lernspielzeug-paedagogisches-spielzeug-geschenk-fuer-maedchen-jungen\/"},"modified":"2023-04-09T05:12:30","modified_gmt":"2023-04-09T03:12:30","slug":"airlab-karottenernte-montessori-spielzeug-ab-1-2-3-jahr-kinderspielzeug-aus-holz-7-in-1-farmspiel-motorikspielzeug-fuer-kinder-lernspielzeug-paedagogisches-spielzeug-geschenk-fuer-maedchen-jungen","status":"publish","type":"product","link":"https:\/\/marktxxl.de\/markt\/produkt\/airlab-karottenernte-montessori-spielzeug-ab-1-2-3-jahr-kinderspielzeug-aus-holz-7-in-1-farmspiel-motorikspielzeug-fuer-kinder-lernspielzeug-paedagogisches-spielzeug-geschenk-fuer-maedchen-jungen\/","title":{"rendered":"Airlab Karottenernte Montessori Spielzeug ab 1 2 3 Jahr, Kinderspielzeug aus Holz, 7-in-1 Farmspiel Motorikspielzeug f\u00fcr\u2026"},"content":{"rendered":"<p>SICHERHEIT &amp; QUALIT\u00c4T: Airlab Montessori Holzspielzeug wird aus Naturholz mit Farbstoffen auf Wasserbasis hergestellt. Jedes Holzteil ist fein poliert und hat eine 360\u00b0 glatte Kante. Das Karottenernte Farmspiel entspricht den EN 71 Sicherheitsnorm. Passt in die Handfl\u00e4che Ihres Babys und h\u00e4lt es von Verschluckungsgefahren fern.<br \/>\n7-IN-1 FR\u00dcHES LERNSPIELZEUG: Airlab multifunktionale Motorikspielzeug bietet 7 verschiedene Spielm\u00f6glichkeiten. ( Radieschen Ziehen, Hasenfangw\u00fcrmer, Farberkennung, Obsterkennung, Formanpassung, Lagerung und Sortierung, Karren ) Vielf\u00e4ltige Spielweisen, um den unterschiedlichen Bed\u00fcrfnissen der Kinder gerecht zu werden. Lassen Sie Ihr Kind Spa\u00df haben und spielerisch heranwachsen!<br \/>\nEIN SINNVOLLES MOTORENSPIELZEUG: Kindern passen verschieden gro\u00dfe Radieschen und L\u00f6cher in den fruchtbaren Acker und fangen W\u00fcrmer mit Kaninchen. Dank der bunten Farben k\u00f6nnen die Kinder die Fr\u00fcchte leicht erkennen und haben Spa\u00df beim Sortieren und Stapeln des Obstzubeh\u00f6r. Reichhaltige Lernspielzeuge sind f\u00fcr Babys attraktiver und ihre Erfahrungen sind umfassender.<br \/>\nF\u00d6RDERUNG DER KOORDINATION: Airlab Sortierspiel-Set ist ein ideales Lernspielzeuge. Kinder entwickeln ihre Krabbelf\u00e4higkeiten, wenn sie den h\u00f6lzernen Wagen schieben, und verbessern ihre Hand-Augen-Koordination, Feinmotorik, Kreativit\u00e4t und Denkf\u00e4higkeit wenn sie Fr\u00fcchte erkennen und zuordnen. (Kinder unter 3 Jahren sollten unter der Aufsicht ihrer Eltern spielen.)<br \/>\nTOLLES GESCHENK F\u00dcR KLEINKINDER: Das Karotten Steckspiel trainiert nicht nur die F\u00e4higkeiten des Babys in allen Bereichen, sondern f\u00f6rdert auch die emotionale Beziehung zwischen Eltern und Kindern. Airlab Holzspielzeug ist farbenfroh, spielerisch und sch\u00f6n verpackt und eignet sich perfekt als Geburtstags-, Weihnachts-, Oster- oder Familiengeschenk!<br \/>\n<div class=\"main-cross-sell\" data-asin=\"B0BF5DV95T\">\n\n\t<div class=\"WooZone-cross-sell-loader\">\n\t\t<div>\n\t\t\t<div id=\"floatingBarsG\">\n\t\t\t\t<div class=\"blockG\" id=\"rotateG_01\"><\/div>\n\t\t\t\t<div class=\"blockG\" id=\"rotateG_02\"><\/div>\n\t\t\t\t<div class=\"blockG\" id=\"rotateG_03\"><\/div>\n\t\t\t\t<div class=\"blockG\" id=\"rotateG_04\"><\/div>\n\t\t\t\t<div class=\"blockG\" id=\"rotateG_05\"><\/div>\n\t\t\t\t<div class=\"blockG\" id=\"rotateG_06\"><\/div>\n\t\t\t\t<div class=\"blockG\" id=\"rotateG_07\"><\/div>\n\t\t\t\t<div class=\"blockG\" id=\"rotateG_08\"><\/div>\n\t\t\t<\/div>\n\t\t\t<div class=\"WooZone-cross-sell-loader-text\"><\/div>\n\t\t<\/div>\n\t<\/div>\n\n\t\t\n<\/div>\n<div style=\"clear:both;\"><\/div><\/p>\n","protected":false},"excerpt":{"rendered":"<p>SICHERHEIT &amp; QUALIT\u00c4T: Airlab Montessori Holzspielzeug wird aus Naturholz mit Farbstoffen auf Wasserbasis hergestellt. Jedes Holzteil ist fein poliert und hat eine 360\u00b0 glatte Kante. Das Karottenernte Farmspiel entspricht den EN 71 Sicherheitsnorm. Passt in die Handfl\u00e4che Ihres Babys und h\u00e4lt es von Verschluckungsgefahren fern.<br \/>\n7-IN-1 FR\u00dcHES LERNSPIELZEUG: Airlab multifunktionale Motorikspielzeug bietet 7 verschiedene Spielm\u00f6glichkeiten. ( Radieschen Ziehen, Hasenfangw\u00fcrmer, Farberkennung, Obsterkennung, Formanpassung, Lagerung und Sortierung, Karren ) Vielf\u00e4ltige Spielweisen, um den unterschiedlichen Bed\u00fcrfnissen der Kinder gerecht zu werden. Lassen Sie Ihr Kind Spa\u00df haben und spielerisch heranwachsen!<br \/>\nEIN SINNVOLLES MOTORENSPIELZEUG: Kindern passen verschieden gro\u00dfe Radieschen und L\u00f6cher in den fruchtbaren Acker und fangen W\u00fcrmer mit Kaninchen. Dank der bunten Farben k\u00f6nnen die Kinder die Fr\u00fcchte leicht erkennen und haben Spa\u00df beim Sortieren und Stapeln des Obstzubeh\u00f6r. Reichhaltige Lernspielzeuge sind f\u00fcr Babys attraktiver und ihre Erfahrungen sind umfassender.<\/p>\n","protected":false},"featured_media":192757,"comment_status":"open","ping_status":"closed","template":"","meta":[],"product_brand":[],"product_cat":[21,8879],"product_tag":[],"class_list":{"0":"post-192756","1":"product","2":"type-product","3":"status-publish","4":"has-post-thumbnail","6":"product_cat-baby","7":"product_cat-baby-kleinkindspielzeug-baby","8":"pa_brand-airlab","9":"pa_brand-thames-hudson","10":"pa_height-7-87401574-zoll","11":"pa_length-3-543307083-zoll","12":"pa_manufacturer-airlab","13":"pa_model-jy-blb","14":"pa_size-standard","15":"pa_warranty-3-monate-ab-kaufdatum","16":"pa_weight-1-9621141318-pfund","17":"pa_width-6-692913379-zoll","19":"first","20":"instock","21":"shipping-taxable","22":"purchasable","23":"product-type-simple","24":"customify-col","25":"product-has-gallery"},"yoast_head":"<!-- This site is optimized with the Yoast SEO plugin v27.4 - https:\/\/yoast.com\/product\/yoast-seo-wordpress\/ -->\n<title>Airlab Karottenernte Montessori Spielzeug ab 1 2 3 Jahr, Kinderspielzeug aus Holz, 7-in-1 Farmspiel Motorikspielzeug f\u00fcr\u2026 - Markt-XXL<\/title>\n<meta name=\"description\" content=\"Markt-XXL Airlab Karottenernte Montessori Spielzeug ab 1 2 3 Jahr, Kinderspielzeug aus Holz, 7-in-1 Farmspiel Motorikspielzeug f\u00fcr\u2026\" \/>\n<meta name=\"robots\" content=\"index, follow, max-snippet:-1, max-image-preview:large, max-video-preview:-1\" \/>\n<link rel=\"canonical\" href=\"https:\/\/marktxxl.de\/markt\/produkt\/airlab-karottenernte-montessori-spielzeug-ab-1-2-3-jahr-kinderspielzeug-aus-holz-7-in-1-farmspiel-motorikspielzeug-fuer-kinder-lernspielzeug-paedagogisches-spielzeug-geschenk-fuer-maedchen-jungen\/\" \/>\n<meta property=\"og:locale\" content=\"de_DE\" \/>\n<meta property=\"og:type\" content=\"article\" \/>\n<meta property=\"og:title\" content=\"Airlab Karottenernte Montessori Spielzeug ab 1 2 3 Jahr, Kinderspielzeug aus Holz, 7-in-1 Farmspiel Motorikspielzeug f\u00fcr\u2026 - Markt-XXL\" \/>\n<meta property=\"og:description\" content=\"Markt-XXL Airlab Karottenernte Montessori Spielzeug ab 1 2 3 Jahr, Kinderspielzeug aus Holz, 7-in-1 Farmspiel Motorikspielzeug f\u00fcr\u2026\" \/>\n<meta property=\"og:url\" content=\"https:\/\/marktxxl.de\/markt\/produkt\/airlab-karottenernte-montessori-spielzeug-ab-1-2-3-jahr-kinderspielzeug-aus-holz-7-in-1-farmspiel-motorikspielzeug-fuer-kinder-lernspielzeug-paedagogisches-spielzeug-geschenk-fuer-maedchen-jungen\/\" \/>\n<meta property=\"og:site_name\" content=\"Markt-XXL\" \/>\n<meta property=\"article:modified_time\" content=\"2023-04-09T03:12:30+00:00\" \/>\n<meta property=\"og:image\" content=\"https:\/\/m.media-amazon.com\/images\/I\/51HNWG9FLHL._SL500_.jpg\" \/>\n\t<meta property=\"og:image:width\" content=\"442\" \/>\n\t<meta property=\"og:image:height\" content=\"500\" \/>\n\t<meta property=\"og:image:type\" content=\"image\/jpeg\" \/>\n<meta name=\"twitter:card\" content=\"summary_large_image\" \/>\n<meta name=\"twitter:label1\" content=\"Gesch\u00e4tzte Lesezeit\" \/>\n\t<meta name=\"twitter:data1\" content=\"1\u00a0Minute\" \/>\n<script type=\"application\/ld+json\" class=\"yoast-schema-graph\">{\"@context\":\"https:\\\/\\\/schema.org\",\"@graph\":[{\"@type\":\"WebPage\",\"@id\":\"https:\\\/\\\/marktxxl.de\\\/markt\\\/produkt\\\/airlab-karottenernte-montessori-spielzeug-ab-1-2-3-jahr-kinderspielzeug-aus-holz-7-in-1-farmspiel-motorikspielzeug-fuer-kinder-lernspielzeug-paedagogisches-spielzeug-geschenk-fuer-maedchen-jungen\\\/\",\"url\":\"https:\\\/\\\/marktxxl.de\\\/markt\\\/produkt\\\/airlab-karottenernte-montessori-spielzeug-ab-1-2-3-jahr-kinderspielzeug-aus-holz-7-in-1-farmspiel-motorikspielzeug-fuer-kinder-lernspielzeug-paedagogisches-spielzeug-geschenk-fuer-maedchen-jungen\\\/\",\"name\":\"Airlab Karottenernte Montessori Spielzeug ab 1 2 3 Jahr, Kinderspielzeug aus Holz, 7-in-1 Farmspiel Motorikspielzeug f\u00fcr\u2026 - Markt-XXL\",\"isPartOf\":{\"@id\":\"https:\\\/\\\/marktxxl.de\\\/markt\\\/#website\"},\"primaryImageOfPage\":{\"@id\":\"https:\\\/\\\/marktxxl.de\\\/markt\\\/produkt\\\/airlab-karottenernte-montessori-spielzeug-ab-1-2-3-jahr-kinderspielzeug-aus-holz-7-in-1-farmspiel-motorikspielzeug-fuer-kinder-lernspielzeug-paedagogisches-spielzeug-geschenk-fuer-maedchen-jungen\\\/#primaryimage\"},\"image\":{\"@id\":\"https:\\\/\\\/marktxxl.de\\\/markt\\\/produkt\\\/airlab-karottenernte-montessori-spielzeug-ab-1-2-3-jahr-kinderspielzeug-aus-holz-7-in-1-farmspiel-motorikspielzeug-fuer-kinder-lernspielzeug-paedagogisches-spielzeug-geschenk-fuer-maedchen-jungen\\\/#primaryimage\"},\"thumbnailUrl\":\"https:\\\/\\\/m.media-amazon.com\\\/images\\\/I\\\/51HNWG9FLHL._SL500_.jpg\",\"datePublished\":\"2023-03-11T02:11:07+00:00\",\"dateModified\":\"2023-04-09T03:12:30+00:00\",\"description\":\"Markt-XXL Airlab Karottenernte Montessori Spielzeug ab 1 2 3 Jahr, Kinderspielzeug aus Holz, 7-in-1 Farmspiel Motorikspielzeug f\u00fcr\u2026\",\"breadcrumb\":{\"@id\":\"https:\\\/\\\/marktxxl.de\\\/markt\\\/produkt\\\/airlab-karottenernte-montessori-spielzeug-ab-1-2-3-jahr-kinderspielzeug-aus-holz-7-in-1-farmspiel-motorikspielzeug-fuer-kinder-lernspielzeug-paedagogisches-spielzeug-geschenk-fuer-maedchen-jungen\\\/#breadcrumb\"},\"inLanguage\":\"de\",\"potentialAction\":[{\"@type\":\"ReadAction\",\"target\":[\"https:\\\/\\\/marktxxl.de\\\/markt\\\/produkt\\\/airlab-karottenernte-montessori-spielzeug-ab-1-2-3-jahr-kinderspielzeug-aus-holz-7-in-1-farmspiel-motorikspielzeug-fuer-kinder-lernspielzeug-paedagogisches-spielzeug-geschenk-fuer-maedchen-jungen\\\/\"]}]},{\"@type\":\"ImageObject\",\"inLanguage\":\"de\",\"@id\":\"https:\\\/\\\/marktxxl.de\\\/markt\\\/produkt\\\/airlab-karottenernte-montessori-spielzeug-ab-1-2-3-jahr-kinderspielzeug-aus-holz-7-in-1-farmspiel-motorikspielzeug-fuer-kinder-lernspielzeug-paedagogisches-spielzeug-geschenk-fuer-maedchen-jungen\\\/#primaryimage\",\"url\":\"https:\\\/\\\/m.media-amazon.com\\\/images\\\/I\\\/51HNWG9FLHL._SL500_.jpg\",\"contentUrl\":\"https:\\\/\\\/m.media-amazon.com\\\/images\\\/I\\\/51HNWG9FLHL._SL500_.jpg\",\"width\":442,\"height\":500},{\"@type\":\"BreadcrumbList\",\"@id\":\"https:\\\/\\\/marktxxl.de\\\/markt\\\/produkt\\\/airlab-karottenernte-montessori-spielzeug-ab-1-2-3-jahr-kinderspielzeug-aus-holz-7-in-1-farmspiel-motorikspielzeug-fuer-kinder-lernspielzeug-paedagogisches-spielzeug-geschenk-fuer-maedchen-jungen\\\/#breadcrumb\",\"itemListElement\":[{\"@type\":\"ListItem\",\"position\":1,\"name\":\"Startseite\",\"item\":\"https:\\\/\\\/marktxxl.de\\\/markt\\\/\"},{\"@type\":\"ListItem\",\"position\":2,\"name\":\"Markt\",\"item\":\"https:\\\/\\\/marktxxl.de\\\/markt\\\/\"},{\"@type\":\"ListItem\",\"position\":3,\"name\":\"Airlab Karottenernte Montessori Spielzeug ab 1 2 3 Jahr, Kinderspielzeug aus Holz, 7-in-1 Farmspiel Motorikspielzeug f\u00fcr\u2026\"}]},{\"@type\":\"WebSite\",\"@id\":\"https:\\\/\\\/marktxxl.de\\\/markt\\\/#website\",\"url\":\"https:\\\/\\\/marktxxl.de\\\/markt\\\/\",\"name\":\"Markt-XXL\",\"description\":\"Ihr Markt Online\",\"publisher\":{\"@id\":\"https:\\\/\\\/marktxxl.de\\\/markt\\\/#organization\"},\"potentialAction\":[{\"@type\":\"SearchAction\",\"target\":{\"@type\":\"EntryPoint\",\"urlTemplate\":\"https:\\\/\\\/marktxxl.de\\\/markt\\\/?s={search_term_string}\"},\"query-input\":{\"@type\":\"PropertyValueSpecification\",\"valueRequired\":true,\"valueName\":\"search_term_string\"}}],\"inLanguage\":\"de\"},{\"@type\":\"Organization\",\"@id\":\"https:\\\/\\\/marktxxl.de\\\/markt\\\/#organization\",\"name\":\"Markt-XXL\",\"url\":\"https:\\\/\\\/marktxxl.de\\\/markt\\\/\",\"logo\":{\"@type\":\"ImageObject\",\"inLanguage\":\"de\",\"@id\":\"https:\\\/\\\/marktxxl.de\\\/markt\\\/#\\\/schema\\\/logo\\\/image\\\/\",\"url\":\"https:\\\/\\\/marktxxl.de\\\/markt\\\/wp-content\\\/uploads\\\/sites\\\/3\\\/2020\\\/12\\\/logo.png\",\"contentUrl\":\"https:\\\/\\\/marktxxl.de\\\/markt\\\/wp-content\\\/uploads\\\/sites\\\/3\\\/2020\\\/12\\\/logo.png\",\"width\":200,\"height\":70,\"caption\":\"Markt-XXL\"},\"image\":{\"@id\":\"https:\\\/\\\/marktxxl.de\\\/markt\\\/#\\\/schema\\\/logo\\\/image\\\/\"}}]}<\/script>\n<!-- \/ Yoast SEO plugin. -->","yoast_head_json":{"title":"Airlab Karottenernte Montessori Spielzeug ab 1 2 3 Jahr, Kinderspielzeug aus Holz, 7-in-1 Farmspiel Motorikspielzeug f\u00fcr\u2026 - Markt-XXL","description":"Markt-XXL Airlab Karottenernte Montessori Spielzeug ab 1 2 3 Jahr, Kinderspielzeug aus Holz, 7-in-1 Farmspiel Motorikspielzeug f\u00fcr\u2026","robots":{"index":"index","follow":"follow","max-snippet":"max-snippet:-1","max-image-preview":"max-image-preview:large","max-video-preview":"max-video-preview:-1"},"canonical":"https:\/\/marktxxl.de\/markt\/produkt\/airlab-karottenernte-montessori-spielzeug-ab-1-2-3-jahr-kinderspielzeug-aus-holz-7-in-1-farmspiel-motorikspielzeug-fuer-kinder-lernspielzeug-paedagogisches-spielzeug-geschenk-fuer-maedchen-jungen\/","og_locale":"de_DE","og_type":"article","og_title":"Airlab Karottenernte Montessori Spielzeug ab 1 2 3 Jahr, Kinderspielzeug aus Holz, 7-in-1 Farmspiel Motorikspielzeug f\u00fcr\u2026 - Markt-XXL","og_description":"Markt-XXL Airlab Karottenernte Montessori Spielzeug ab 1 2 3 Jahr, Kinderspielzeug aus Holz, 7-in-1 Farmspiel Motorikspielzeug f\u00fcr\u2026","og_url":"https:\/\/marktxxl.de\/markt\/produkt\/airlab-karottenernte-montessori-spielzeug-ab-1-2-3-jahr-kinderspielzeug-aus-holz-7-in-1-farmspiel-motorikspielzeug-fuer-kinder-lernspielzeug-paedagogisches-spielzeug-geschenk-fuer-maedchen-jungen\/","og_site_name":"Markt-XXL","article_modified_time":"2023-04-09T03:12:30+00:00","og_image":[{"width":442,"height":500,"url":"https:\/\/m.media-amazon.com\/images\/I\/51HNWG9FLHL._SL500_.jpg","type":"image\/jpeg"}],"twitter_card":"summary_large_image","twitter_misc":{"Gesch\u00e4tzte Lesezeit":"1\u00a0Minute"},"schema":{"@context":"https:\/\/schema.org","@graph":[{"@type":"WebPage","@id":"https:\/\/marktxxl.de\/markt\/produkt\/airlab-karottenernte-montessori-spielzeug-ab-1-2-3-jahr-kinderspielzeug-aus-holz-7-in-1-farmspiel-motorikspielzeug-fuer-kinder-lernspielzeug-paedagogisches-spielzeug-geschenk-fuer-maedchen-jungen\/","url":"https:\/\/marktxxl.de\/markt\/produkt\/airlab-karottenernte-montessori-spielzeug-ab-1-2-3-jahr-kinderspielzeug-aus-holz-7-in-1-farmspiel-motorikspielzeug-fuer-kinder-lernspielzeug-paedagogisches-spielzeug-geschenk-fuer-maedchen-jungen\/","name":"Airlab Karottenernte Montessori Spielzeug ab 1 2 3 Jahr, Kinderspielzeug aus Holz, 7-in-1 Farmspiel Motorikspielzeug f\u00fcr\u2026 - Markt-XXL","isPartOf":{"@id":"https:\/\/marktxxl.de\/markt\/#website"},"primaryImageOfPage":{"@id":"https:\/\/marktxxl.de\/markt\/produkt\/airlab-karottenernte-montessori-spielzeug-ab-1-2-3-jahr-kinderspielzeug-aus-holz-7-in-1-farmspiel-motorikspielzeug-fuer-kinder-lernspielzeug-paedagogisches-spielzeug-geschenk-fuer-maedchen-jungen\/#primaryimage"},"image":{"@id":"https:\/\/marktxxl.de\/markt\/produkt\/airlab-karottenernte-montessori-spielzeug-ab-1-2-3-jahr-kinderspielzeug-aus-holz-7-in-1-farmspiel-motorikspielzeug-fuer-kinder-lernspielzeug-paedagogisches-spielzeug-geschenk-fuer-maedchen-jungen\/#primaryimage"},"thumbnailUrl":"https:\/\/m.media-amazon.com\/images\/I\/51HNWG9FLHL._SL500_.jpg","datePublished":"2023-03-11T02:11:07+00:00","dateModified":"2023-04-09T03:12:30+00:00","description":"Markt-XXL Airlab Karottenernte Montessori Spielzeug ab 1 2 3 Jahr, Kinderspielzeug aus Holz, 7-in-1 Farmspiel Motorikspielzeug f\u00fcr\u2026","breadcrumb":{"@id":"https:\/\/marktxxl.de\/markt\/produkt\/airlab-karottenernte-montessori-spielzeug-ab-1-2-3-jahr-kinderspielzeug-aus-holz-7-in-1-farmspiel-motorikspielzeug-fuer-kinder-lernspielzeug-paedagogisches-spielzeug-geschenk-fuer-maedchen-jungen\/#breadcrumb"},"inLanguage":"de","potentialAction":[{"@type":"ReadAction","target":["https:\/\/marktxxl.de\/markt\/produkt\/airlab-karottenernte-montessori-spielzeug-ab-1-2-3-jahr-kinderspielzeug-aus-holz-7-in-1-farmspiel-motorikspielzeug-fuer-kinder-lernspielzeug-paedagogisches-spielzeug-geschenk-fuer-maedchen-jungen\/"]}]},{"@type":"ImageObject","inLanguage":"de","@id":"https:\/\/marktxxl.de\/markt\/produkt\/airlab-karottenernte-montessori-spielzeug-ab-1-2-3-jahr-kinderspielzeug-aus-holz-7-in-1-farmspiel-motorikspielzeug-fuer-kinder-lernspielzeug-paedagogisches-spielzeug-geschenk-fuer-maedchen-jungen\/#primaryimage","url":"https:\/\/m.media-amazon.com\/images\/I\/51HNWG9FLHL._SL500_.jpg","contentUrl":"https:\/\/m.media-amazon.com\/images\/I\/51HNWG9FLHL._SL500_.jpg","width":442,"height":500},{"@type":"BreadcrumbList","@id":"https:\/\/marktxxl.de\/markt\/produkt\/airlab-karottenernte-montessori-spielzeug-ab-1-2-3-jahr-kinderspielzeug-aus-holz-7-in-1-farmspiel-motorikspielzeug-fuer-kinder-lernspielzeug-paedagogisches-spielzeug-geschenk-fuer-maedchen-jungen\/#breadcrumb","itemListElement":[{"@type":"ListItem","position":1,"name":"Startseite","item":"https:\/\/marktxxl.de\/markt\/"},{"@type":"ListItem","position":2,"name":"Markt","item":"https:\/\/marktxxl.de\/markt\/"},{"@type":"ListItem","position":3,"name":"Airlab Karottenernte Montessori Spielzeug ab 1 2 3 Jahr, Kinderspielzeug aus Holz, 7-in-1 Farmspiel Motorikspielzeug f\u00fcr\u2026"}]},{"@type":"WebSite","@id":"https:\/\/marktxxl.de\/markt\/#website","url":"https:\/\/marktxxl.de\/markt\/","name":"Markt-XXL","description":"Ihr Markt Online","publisher":{"@id":"https:\/\/marktxxl.de\/markt\/#organization"},"potentialAction":[{"@type":"SearchAction","target":{"@type":"EntryPoint","urlTemplate":"https:\/\/marktxxl.de\/markt\/?s={search_term_string}"},"query-input":{"@type":"PropertyValueSpecification","valueRequired":true,"valueName":"search_term_string"}}],"inLanguage":"de"},{"@type":"Organization","@id":"https:\/\/marktxxl.de\/markt\/#organization","name":"Markt-XXL","url":"https:\/\/marktxxl.de\/markt\/","logo":{"@type":"ImageObject","inLanguage":"de","@id":"https:\/\/marktxxl.de\/markt\/#\/schema\/logo\/image\/","url":"https:\/\/marktxxl.de\/markt\/wp-content\/uploads\/sites\/3\/2020\/12\/logo.png","contentUrl":"https:\/\/marktxxl.de\/markt\/wp-content\/uploads\/sites\/3\/2020\/12\/logo.png","width":200,"height":70,"caption":"Markt-XXL"},"image":{"@id":"https:\/\/marktxxl.de\/markt\/#\/schema\/logo\/image\/"}}]}},"_links":{"self":[{"href":"https:\/\/marktxxl.de\/markt\/wp-json\/wp\/v2\/product\/192756","targetHints":{"allow":["GET"]}}],"collection":[{"href":"https:\/\/marktxxl.de\/markt\/wp-json\/wp\/v2\/product"}],"about":[{"href":"https:\/\/marktxxl.de\/markt\/wp-json\/wp\/v2\/types\/product"}],"replies":[{"embeddable":true,"href":"https:\/\/marktxxl.de\/markt\/wp-json\/wp\/v2\/comments?post=192756"}],"wp:featuredmedia":[{"embeddable":true,"href":"https:\/\/marktxxl.de\/markt\/wp-json\/wp\/v2\/media\/192757"}],"wp:attachment":[{"href":"https:\/\/marktxxl.de\/markt\/wp-json\/wp\/v2\/media?parent=192756"}],"wp:term":[{"taxonomy":"product_brand","embeddable":true,"href":"https:\/\/marktxxl.de\/markt\/wp-json\/wp\/v2\/product_brand?post=192756"},{"taxonomy":"product_cat","embeddable":true,"href":"https:\/\/marktxxl.de\/markt\/wp-json\/wp\/v2\/product_cat?post=192756"},{"taxonomy":"product_tag","embeddable":true,"href":"https:\/\/marktxxl.de\/markt\/wp-json\/wp\/v2\/product_tag?post=192756"}],"curies":[{"name":"wp","href":"https:\/\/api.w.org\/{rel}","templated":true}]}}