{"id":192714,"date":"2023-03-11T03:08:12","date_gmt":"2023-03-11T02:08:12","guid":{"rendered":"https:\/\/marktxxl.de\/markt\/produkt\/rosenwasser-von-monte-nativo-gesichtsreinigung-gesichtspflege-100-natuerliche-naturkosmetik-tonic-water-gesichtswasser-naturreines-toner-rose-water-anti-pickel-hautpflege\/"},"modified":"2023-04-09T05:12:29","modified_gmt":"2023-04-09T03:12:29","slug":"rosenwasser-von-monte-nativo-gesichtsreinigung-gesichtspflege-100-natuerliche-naturkosmetik-tonic-water-gesichtswasser-naturreines-toner-rose-water-anti-pickel-hautpflege","status":"publish","type":"product","link":"https:\/\/marktxxl.de\/markt\/produkt\/rosenwasser-von-monte-nativo-gesichtsreinigung-gesichtspflege-100-natuerliche-naturkosmetik-tonic-water-gesichtswasser-naturreines-toner-rose-water-anti-pickel-hautpflege\/","title":{"rendered":"Rosenwasser Monte Nativo 200ml | zur Gesichtsreinigung und Gesichtspflege | Gesichtswasser | Gesichtstoner | Anti Pickel\u2026"},"content":{"rendered":"<p>Adieu Pickel, adieu Falten, adieu trockene Haut! &#8211; Das Rosenwasser (Rose water) von Monte Nativo ist ein nat\u00fcrlicher Allesk\u00f6nner f\u00fcr die Gesichtsreinigung und Gesichtspflege. Es reinigt die Haut porentief (ohne sie auszutrocknen), spendet Feuchtigkeit und entfernt \u00fcbersch\u00fcssiges Fett.<br \/>\nEffektive Hautpflege &#8211; Viele wichtige Vitamine und nat\u00fcrliche Inhaltsstoffe, Pektine und Tannine liefern deiner Haut alles, was sie braucht. Dadurch k\u00f6nnen hauteigene Regenerationsprozesse durch verbessertes Zellwachstum unterst\u00fctzt werden, was wiederum zum Poren Verkleinern beitragen kann.<br \/>\nEchte Anti Pickel Naturkosmetik &#8211; Als Anti Mitesser Waffe oder als Erg\u00e4nzung zu deiner t\u00e4glichen Peeling \/ Make-up Routine kannst du das 100% reine Gesichtswasser bedenkenlos jeden Tag anwenden. Es ist f\u00fcr alle Hauttypen geeignet und enth\u00e4lt keine Konservierungsstoffe, keinen Alkohol und keine unerw\u00fcnschten Zus\u00e4tze.<br \/>\nMit einem sehr harmonischen intensiven Rosenduft &#8211; Unser Rosenwasser schmeichelt nicht nur deiner Haut, sondern sorgt auch f\u00fcr traumhafte Haare. Nicht nur riechen deine Haare wunderbar blumig und frisch, sondern auch werden sie mit Feuchtigkeit und Glanz versorgt.<br \/>\nF\u00fcr die ganze Familie &#8211; Von Papa und Mama bis zu den Kindern wird das Rosenwasser von Monte Nativo von der ganzen Familie gern benutzt. Es wird von beiden Geschlechtern und aus Leuten aus jedem Alter empfohlen. Probiere es aber selber aus und lass dich \u00fcberzeugen!<br \/>\n<div class=\"main-cross-sell\" data-asin=\"B09YRZVYMT\">\n\n\t<div class=\"WooZone-cross-sell-loader\">\n\t\t<div>\n\t\t\t<div id=\"floatingBarsG\">\n\t\t\t\t<div class=\"blockG\" id=\"rotateG_01\"><\/div>\n\t\t\t\t<div class=\"blockG\" id=\"rotateG_02\"><\/div>\n\t\t\t\t<div class=\"blockG\" id=\"rotateG_03\"><\/div>\n\t\t\t\t<div class=\"blockG\" id=\"rotateG_04\"><\/div>\n\t\t\t\t<div class=\"blockG\" id=\"rotateG_05\"><\/div>\n\t\t\t\t<div class=\"blockG\" id=\"rotateG_06\"><\/div>\n\t\t\t\t<div class=\"blockG\" id=\"rotateG_07\"><\/div>\n\t\t\t\t<div class=\"blockG\" id=\"rotateG_08\"><\/div>\n\t\t\t<\/div>\n\t\t\t<div class=\"WooZone-cross-sell-loader-text\"><\/div>\n\t\t<\/div>\n\t<\/div>\n\n\t\t\n<\/div>\n<div style=\"clear:both;\"><\/div><\/p>\n","protected":false},"excerpt":{"rendered":"<p>Adieu Pickel, adieu Falten, adieu trockene Haut! &#8211; Das Rosenwasser (Rose water) von Monte Nativo ist ein nat\u00fcrlicher Allesk\u00f6nner f\u00fcr die Gesichtsreinigung und Gesichtspflege. Es reinigt die Haut porentief (ohne sie auszutrocknen), spendet Feuchtigkeit und entfernt \u00fcbersch\u00fcssiges Fett.<br \/>\nEffektive Hautpflege &#8211; Viele wichtige Vitamine und nat\u00fcrliche Inhaltsstoffe, Pektine und Tannine liefern deiner Haut alles, was sie braucht. Dadurch k\u00f6nnen hauteigene Regenerationsprozesse durch verbessertes Zellwachstum unterst\u00fctzt werden, was wiederum zum Poren Verkleinern beitragen kann.<br \/>\nEchte Anti Pickel Naturkosmetik &#8211; Als Anti Mitesser Waffe oder als Erg\u00e4nzung zu deiner t\u00e4glichen Peeling \/ Make-up Routine kannst du das 100% reine Gesichtswasser bedenkenlos jeden Tag anwenden. Es ist f\u00fcr alle Hauttypen geeignet und enth\u00e4lt keine Konservierungsstoffe, keinen Alkohol und keine unerw\u00fcnschten Zus\u00e4tze.<\/p>\n","protected":false},"featured_media":192715,"comment_status":"open","ping_status":"closed","template":"","meta":[],"product_brand":[],"product_cat":[2858,6632],"product_tag":[],"class_list":{"0":"post-192714","1":"product","2":"type-product","3":"status-publish","4":"has-post-thumbnail","6":"product_cat-beauty","7":"product_cat-beauty-pflegesets","8":"pa_brand-monte-nativo","9":"pa_manufacturer-monte-nativo","11":"first","12":"instock","13":"shipping-taxable","14":"purchasable","15":"product-type-simple","16":"customify-col","17":"product-has-gallery"},"yoast_head":"<!-- This site is optimized with the Yoast SEO plugin v27.3 - https:\/\/yoast.com\/product\/yoast-seo-wordpress\/ -->\n<title>Rosenwasser Monte Nativo 200ml | zur Gesichtsreinigung und Gesichtspflege | Gesichtswasser | Gesichtstoner | Anti Pickel\u2026 - Markt-XXL<\/title>\n<meta name=\"description\" content=\"Markt-XXL Rosenwasser Monte Nativo 200ml | zur Gesichtsreinigung und Gesichtspflege | Gesichtswasser | Gesichtstoner | Anti Pickel\u2026\" \/>\n<meta name=\"robots\" content=\"index, follow, max-snippet:-1, max-image-preview:large, max-video-preview:-1\" \/>\n<link rel=\"canonical\" href=\"https:\/\/marktxxl.de\/markt\/produkt\/rosenwasser-von-monte-nativo-gesichtsreinigung-gesichtspflege-100-natuerliche-naturkosmetik-tonic-water-gesichtswasser-naturreines-toner-rose-water-anti-pickel-hautpflege\/\" \/>\n<meta property=\"og:locale\" content=\"de_DE\" \/>\n<meta property=\"og:type\" content=\"article\" \/>\n<meta property=\"og:title\" content=\"Rosenwasser Monte Nativo 200ml | zur Gesichtsreinigung und Gesichtspflege | Gesichtswasser | Gesichtstoner | Anti Pickel\u2026 - Markt-XXL\" \/>\n<meta property=\"og:description\" content=\"Markt-XXL Rosenwasser Monte Nativo 200ml | zur Gesichtsreinigung und Gesichtspflege | Gesichtswasser | Gesichtstoner | Anti Pickel\u2026\" \/>\n<meta property=\"og:url\" content=\"https:\/\/marktxxl.de\/markt\/produkt\/rosenwasser-von-monte-nativo-gesichtsreinigung-gesichtspflege-100-natuerliche-naturkosmetik-tonic-water-gesichtswasser-naturreines-toner-rose-water-anti-pickel-hautpflege\/\" \/>\n<meta property=\"og:site_name\" content=\"Markt-XXL\" \/>\n<meta property=\"article:modified_time\" content=\"2023-04-09T03:12:29+00:00\" \/>\n<meta property=\"og:image\" content=\"https:\/\/m.media-amazon.com\/images\/I\/51HuyLDqmoL._SL500_.jpg\" \/>\n\t<meta property=\"og:image:width\" content=\"500\" \/>\n\t<meta property=\"og:image:height\" content=\"500\" \/>\n\t<meta property=\"og:image:type\" content=\"image\/jpeg\" \/>\n<meta name=\"twitter:card\" content=\"summary_large_image\" \/>\n<meta name=\"twitter:label1\" content=\"Gesch\u00e4tzte Lesezeit\" \/>\n\t<meta name=\"twitter:data1\" content=\"1\u00a0Minute\" \/>\n<script type=\"application\/ld+json\" class=\"yoast-schema-graph\">{\"@context\":\"https:\\\/\\\/schema.org\",\"@graph\":[{\"@type\":\"WebPage\",\"@id\":\"https:\\\/\\\/marktxxl.de\\\/markt\\\/produkt\\\/rosenwasser-von-monte-nativo-gesichtsreinigung-gesichtspflege-100-natuerliche-naturkosmetik-tonic-water-gesichtswasser-naturreines-toner-rose-water-anti-pickel-hautpflege\\\/\",\"url\":\"https:\\\/\\\/marktxxl.de\\\/markt\\\/produkt\\\/rosenwasser-von-monte-nativo-gesichtsreinigung-gesichtspflege-100-natuerliche-naturkosmetik-tonic-water-gesichtswasser-naturreines-toner-rose-water-anti-pickel-hautpflege\\\/\",\"name\":\"Rosenwasser Monte Nativo 200ml | zur Gesichtsreinigung und Gesichtspflege | Gesichtswasser | Gesichtstoner | Anti Pickel\u2026 - Markt-XXL\",\"isPartOf\":{\"@id\":\"https:\\\/\\\/marktxxl.de\\\/markt\\\/#website\"},\"primaryImageOfPage\":{\"@id\":\"https:\\\/\\\/marktxxl.de\\\/markt\\\/produkt\\\/rosenwasser-von-monte-nativo-gesichtsreinigung-gesichtspflege-100-natuerliche-naturkosmetik-tonic-water-gesichtswasser-naturreines-toner-rose-water-anti-pickel-hautpflege\\\/#primaryimage\"},\"image\":{\"@id\":\"https:\\\/\\\/marktxxl.de\\\/markt\\\/produkt\\\/rosenwasser-von-monte-nativo-gesichtsreinigung-gesichtspflege-100-natuerliche-naturkosmetik-tonic-water-gesichtswasser-naturreines-toner-rose-water-anti-pickel-hautpflege\\\/#primaryimage\"},\"thumbnailUrl\":\"https:\\\/\\\/m.media-amazon.com\\\/images\\\/I\\\/51HuyLDqmoL._SL500_.jpg\",\"datePublished\":\"2023-03-11T02:08:12+00:00\",\"dateModified\":\"2023-04-09T03:12:29+00:00\",\"description\":\"Markt-XXL Rosenwasser Monte Nativo 200ml | zur Gesichtsreinigung und Gesichtspflege | Gesichtswasser | Gesichtstoner | Anti Pickel\u2026\",\"breadcrumb\":{\"@id\":\"https:\\\/\\\/marktxxl.de\\\/markt\\\/produkt\\\/rosenwasser-von-monte-nativo-gesichtsreinigung-gesichtspflege-100-natuerliche-naturkosmetik-tonic-water-gesichtswasser-naturreines-toner-rose-water-anti-pickel-hautpflege\\\/#breadcrumb\"},\"inLanguage\":\"de\",\"potentialAction\":[{\"@type\":\"ReadAction\",\"target\":[\"https:\\\/\\\/marktxxl.de\\\/markt\\\/produkt\\\/rosenwasser-von-monte-nativo-gesichtsreinigung-gesichtspflege-100-natuerliche-naturkosmetik-tonic-water-gesichtswasser-naturreines-toner-rose-water-anti-pickel-hautpflege\\\/\"]}]},{\"@type\":\"ImageObject\",\"inLanguage\":\"de\",\"@id\":\"https:\\\/\\\/marktxxl.de\\\/markt\\\/produkt\\\/rosenwasser-von-monte-nativo-gesichtsreinigung-gesichtspflege-100-natuerliche-naturkosmetik-tonic-water-gesichtswasser-naturreines-toner-rose-water-anti-pickel-hautpflege\\\/#primaryimage\",\"url\":\"https:\\\/\\\/m.media-amazon.com\\\/images\\\/I\\\/51HuyLDqmoL._SL500_.jpg\",\"contentUrl\":\"https:\\\/\\\/m.media-amazon.com\\\/images\\\/I\\\/51HuyLDqmoL._SL500_.jpg\",\"width\":500,\"height\":500},{\"@type\":\"BreadcrumbList\",\"@id\":\"https:\\\/\\\/marktxxl.de\\\/markt\\\/produkt\\\/rosenwasser-von-monte-nativo-gesichtsreinigung-gesichtspflege-100-natuerliche-naturkosmetik-tonic-water-gesichtswasser-naturreines-toner-rose-water-anti-pickel-hautpflege\\\/#breadcrumb\",\"itemListElement\":[{\"@type\":\"ListItem\",\"position\":1,\"name\":\"Startseite\",\"item\":\"https:\\\/\\\/marktxxl.de\\\/markt\\\/\"},{\"@type\":\"ListItem\",\"position\":2,\"name\":\"Markt\",\"item\":\"https:\\\/\\\/marktxxl.de\\\/markt\\\/\"},{\"@type\":\"ListItem\",\"position\":3,\"name\":\"Rosenwasser Monte Nativo 200ml | zur Gesichtsreinigung und Gesichtspflege | Gesichtswasser | Gesichtstoner | Anti Pickel\u2026\"}]},{\"@type\":\"WebSite\",\"@id\":\"https:\\\/\\\/marktxxl.de\\\/markt\\\/#website\",\"url\":\"https:\\\/\\\/marktxxl.de\\\/markt\\\/\",\"name\":\"Markt-XXL\",\"description\":\"Ihr Markt Online\",\"publisher\":{\"@id\":\"https:\\\/\\\/marktxxl.de\\\/markt\\\/#organization\"},\"potentialAction\":[{\"@type\":\"SearchAction\",\"target\":{\"@type\":\"EntryPoint\",\"urlTemplate\":\"https:\\\/\\\/marktxxl.de\\\/markt\\\/?s={search_term_string}\"},\"query-input\":{\"@type\":\"PropertyValueSpecification\",\"valueRequired\":true,\"valueName\":\"search_term_string\"}}],\"inLanguage\":\"de\"},{\"@type\":\"Organization\",\"@id\":\"https:\\\/\\\/marktxxl.de\\\/markt\\\/#organization\",\"name\":\"Markt-XXL\",\"url\":\"https:\\\/\\\/marktxxl.de\\\/markt\\\/\",\"logo\":{\"@type\":\"ImageObject\",\"inLanguage\":\"de\",\"@id\":\"https:\\\/\\\/marktxxl.de\\\/markt\\\/#\\\/schema\\\/logo\\\/image\\\/\",\"url\":\"https:\\\/\\\/marktxxl.de\\\/markt\\\/wp-content\\\/uploads\\\/sites\\\/3\\\/2020\\\/12\\\/logo.png\",\"contentUrl\":\"https:\\\/\\\/marktxxl.de\\\/markt\\\/wp-content\\\/uploads\\\/sites\\\/3\\\/2020\\\/12\\\/logo.png\",\"width\":200,\"height\":70,\"caption\":\"Markt-XXL\"},\"image\":{\"@id\":\"https:\\\/\\\/marktxxl.de\\\/markt\\\/#\\\/schema\\\/logo\\\/image\\\/\"}}]}<\/script>\n<!-- \/ Yoast SEO plugin. -->","yoast_head_json":{"title":"Rosenwasser Monte Nativo 200ml | zur Gesichtsreinigung und Gesichtspflege | Gesichtswasser | Gesichtstoner | Anti Pickel\u2026 - Markt-XXL","description":"Markt-XXL Rosenwasser Monte Nativo 200ml | zur Gesichtsreinigung und Gesichtspflege | Gesichtswasser | Gesichtstoner | Anti Pickel\u2026","robots":{"index":"index","follow":"follow","max-snippet":"max-snippet:-1","max-image-preview":"max-image-preview:large","max-video-preview":"max-video-preview:-1"},"canonical":"https:\/\/marktxxl.de\/markt\/produkt\/rosenwasser-von-monte-nativo-gesichtsreinigung-gesichtspflege-100-natuerliche-naturkosmetik-tonic-water-gesichtswasser-naturreines-toner-rose-water-anti-pickel-hautpflege\/","og_locale":"de_DE","og_type":"article","og_title":"Rosenwasser Monte Nativo 200ml | zur Gesichtsreinigung und Gesichtspflege | Gesichtswasser | Gesichtstoner | Anti Pickel\u2026 - Markt-XXL","og_description":"Markt-XXL Rosenwasser Monte Nativo 200ml | zur Gesichtsreinigung und Gesichtspflege | Gesichtswasser | Gesichtstoner | Anti Pickel\u2026","og_url":"https:\/\/marktxxl.de\/markt\/produkt\/rosenwasser-von-monte-nativo-gesichtsreinigung-gesichtspflege-100-natuerliche-naturkosmetik-tonic-water-gesichtswasser-naturreines-toner-rose-water-anti-pickel-hautpflege\/","og_site_name":"Markt-XXL","article_modified_time":"2023-04-09T03:12:29+00:00","og_image":[{"width":500,"height":500,"url":"https:\/\/m.media-amazon.com\/images\/I\/51HuyLDqmoL._SL500_.jpg","type":"image\/jpeg"}],"twitter_card":"summary_large_image","twitter_misc":{"Gesch\u00e4tzte Lesezeit":"1\u00a0Minute"},"schema":{"@context":"https:\/\/schema.org","@graph":[{"@type":"WebPage","@id":"https:\/\/marktxxl.de\/markt\/produkt\/rosenwasser-von-monte-nativo-gesichtsreinigung-gesichtspflege-100-natuerliche-naturkosmetik-tonic-water-gesichtswasser-naturreines-toner-rose-water-anti-pickel-hautpflege\/","url":"https:\/\/marktxxl.de\/markt\/produkt\/rosenwasser-von-monte-nativo-gesichtsreinigung-gesichtspflege-100-natuerliche-naturkosmetik-tonic-water-gesichtswasser-naturreines-toner-rose-water-anti-pickel-hautpflege\/","name":"Rosenwasser Monte Nativo 200ml | zur Gesichtsreinigung und Gesichtspflege | Gesichtswasser | Gesichtstoner | Anti Pickel\u2026 - Markt-XXL","isPartOf":{"@id":"https:\/\/marktxxl.de\/markt\/#website"},"primaryImageOfPage":{"@id":"https:\/\/marktxxl.de\/markt\/produkt\/rosenwasser-von-monte-nativo-gesichtsreinigung-gesichtspflege-100-natuerliche-naturkosmetik-tonic-water-gesichtswasser-naturreines-toner-rose-water-anti-pickel-hautpflege\/#primaryimage"},"image":{"@id":"https:\/\/marktxxl.de\/markt\/produkt\/rosenwasser-von-monte-nativo-gesichtsreinigung-gesichtspflege-100-natuerliche-naturkosmetik-tonic-water-gesichtswasser-naturreines-toner-rose-water-anti-pickel-hautpflege\/#primaryimage"},"thumbnailUrl":"https:\/\/m.media-amazon.com\/images\/I\/51HuyLDqmoL._SL500_.jpg","datePublished":"2023-03-11T02:08:12+00:00","dateModified":"2023-04-09T03:12:29+00:00","description":"Markt-XXL Rosenwasser Monte Nativo 200ml | zur Gesichtsreinigung und Gesichtspflege | Gesichtswasser | Gesichtstoner | Anti Pickel\u2026","breadcrumb":{"@id":"https:\/\/marktxxl.de\/markt\/produkt\/rosenwasser-von-monte-nativo-gesichtsreinigung-gesichtspflege-100-natuerliche-naturkosmetik-tonic-water-gesichtswasser-naturreines-toner-rose-water-anti-pickel-hautpflege\/#breadcrumb"},"inLanguage":"de","potentialAction":[{"@type":"ReadAction","target":["https:\/\/marktxxl.de\/markt\/produkt\/rosenwasser-von-monte-nativo-gesichtsreinigung-gesichtspflege-100-natuerliche-naturkosmetik-tonic-water-gesichtswasser-naturreines-toner-rose-water-anti-pickel-hautpflege\/"]}]},{"@type":"ImageObject","inLanguage":"de","@id":"https:\/\/marktxxl.de\/markt\/produkt\/rosenwasser-von-monte-nativo-gesichtsreinigung-gesichtspflege-100-natuerliche-naturkosmetik-tonic-water-gesichtswasser-naturreines-toner-rose-water-anti-pickel-hautpflege\/#primaryimage","url":"https:\/\/m.media-amazon.com\/images\/I\/51HuyLDqmoL._SL500_.jpg","contentUrl":"https:\/\/m.media-amazon.com\/images\/I\/51HuyLDqmoL._SL500_.jpg","width":500,"height":500},{"@type":"BreadcrumbList","@id":"https:\/\/marktxxl.de\/markt\/produkt\/rosenwasser-von-monte-nativo-gesichtsreinigung-gesichtspflege-100-natuerliche-naturkosmetik-tonic-water-gesichtswasser-naturreines-toner-rose-water-anti-pickel-hautpflege\/#breadcrumb","itemListElement":[{"@type":"ListItem","position":1,"name":"Startseite","item":"https:\/\/marktxxl.de\/markt\/"},{"@type":"ListItem","position":2,"name":"Markt","item":"https:\/\/marktxxl.de\/markt\/"},{"@type":"ListItem","position":3,"name":"Rosenwasser Monte Nativo 200ml | zur Gesichtsreinigung und Gesichtspflege | Gesichtswasser | Gesichtstoner | Anti Pickel\u2026"}]},{"@type":"WebSite","@id":"https:\/\/marktxxl.de\/markt\/#website","url":"https:\/\/marktxxl.de\/markt\/","name":"Markt-XXL","description":"Ihr Markt Online","publisher":{"@id":"https:\/\/marktxxl.de\/markt\/#organization"},"potentialAction":[{"@type":"SearchAction","target":{"@type":"EntryPoint","urlTemplate":"https:\/\/marktxxl.de\/markt\/?s={search_term_string}"},"query-input":{"@type":"PropertyValueSpecification","valueRequired":true,"valueName":"search_term_string"}}],"inLanguage":"de"},{"@type":"Organization","@id":"https:\/\/marktxxl.de\/markt\/#organization","name":"Markt-XXL","url":"https:\/\/marktxxl.de\/markt\/","logo":{"@type":"ImageObject","inLanguage":"de","@id":"https:\/\/marktxxl.de\/markt\/#\/schema\/logo\/image\/","url":"https:\/\/marktxxl.de\/markt\/wp-content\/uploads\/sites\/3\/2020\/12\/logo.png","contentUrl":"https:\/\/marktxxl.de\/markt\/wp-content\/uploads\/sites\/3\/2020\/12\/logo.png","width":200,"height":70,"caption":"Markt-XXL"},"image":{"@id":"https:\/\/marktxxl.de\/markt\/#\/schema\/logo\/image\/"}}]}},"_links":{"self":[{"href":"https:\/\/marktxxl.de\/markt\/wp-json\/wp\/v2\/product\/192714","targetHints":{"allow":["GET"]}}],"collection":[{"href":"https:\/\/marktxxl.de\/markt\/wp-json\/wp\/v2\/product"}],"about":[{"href":"https:\/\/marktxxl.de\/markt\/wp-json\/wp\/v2\/types\/product"}],"replies":[{"embeddable":true,"href":"https:\/\/marktxxl.de\/markt\/wp-json\/wp\/v2\/comments?post=192714"}],"wp:featuredmedia":[{"embeddable":true,"href":"https:\/\/marktxxl.de\/markt\/wp-json\/wp\/v2\/media\/192715"}],"wp:attachment":[{"href":"https:\/\/marktxxl.de\/markt\/wp-json\/wp\/v2\/media?parent=192714"}],"wp:term":[{"taxonomy":"product_brand","embeddable":true,"href":"https:\/\/marktxxl.de\/markt\/wp-json\/wp\/v2\/product_brand?post=192714"},{"taxonomy":"product_cat","embeddable":true,"href":"https:\/\/marktxxl.de\/markt\/wp-json\/wp\/v2\/product_cat?post=192714"},{"taxonomy":"product_tag","embeddable":true,"href":"https:\/\/marktxxl.de\/markt\/wp-json\/wp\/v2\/product_tag?post=192714"}],"curies":[{"name":"wp","href":"https:\/\/api.w.org\/{rel}","templated":true}]}}