{"id":192473,"date":"2023-03-11T02:34:39","date_gmt":"2023-03-11T01:34:39","guid":{"rendered":"https:\/\/marktxxl.de\/markt\/produkt\/byrokko-shine-brown-premium-braeunungsbeschleuniger-creme-190-ml-braeunungscreme-wirksam-in-solarium-und-im-freien-erzielen-sie-eine-natuerliche-braeune-mit-natuerlichen-inhaltsstoffen\/"},"modified":"2023-04-11T05:26:35","modified_gmt":"2023-04-11T03:26:35","slug":"byrokko-shine-brown-premium-braeunungsbeschleuniger-creme-190-ml-braeunungscreme-wirksam-in-solarium-und-im-freien-erzielen-sie-eine-natuerliche-braeune-mit-natuerlichen-inhaltsstoffen","status":"publish","type":"product","link":"https:\/\/marktxxl.de\/markt\/produkt\/byrokko-shine-brown-premium-braeunungsbeschleuniger-creme-190-ml-braeunungscreme-wirksam-in-solarium-und-im-freien-erzielen-sie-eine-natuerliche-braeune-mit-natuerlichen-inhaltsstoffen\/","title":{"rendered":"BYROKKO Shine Brown Premium Br\u00e4unungsbeschleuniger-Creme (190 ml), Br\u00e4unungscreme Wirksam in Solarium und im Freien\u2026"},"content":{"rendered":"<p>\ud83c\udf4aNat\u00fcrlicher, intensiver und l\u00e4nger haltende Br\u00e4une, ohne l\u00e4nger in der Sonne oder im Solarium liegen zu m\u00fcssen. Besonders wirksam im Solarium oder in der Sonne.<br \/>\n\ud83c\udf4aUnabh\u00e4ngig von deinem Hauttyp erlebst du schnelle Ergebnisse. Genie\u00dfe nat\u00fcrliche Br\u00e4une mit unserem meistverkauften Produkt, das deine Haut pflegt und mit Feuchtigkeit versorgt. Unser Top-Seller wurde ohne Tierversuche entwickelt und ohne chemische Zus\u00e4tze hergestellt \u2013 eine nat\u00fcrliche Abk\u00fcrzung zu deiner Wunschbr\u00e4une.<br \/>\n\ud83c\udf4aBei der Premium-Formel von BYROKKO aus nat\u00fcrlichen \u00d6len gibt es keine halben Sachen, deshalb ist sie auch bei den Liebhabern ultra-dunkler Br\u00e4une so beliebt! Nur hochwertigste \u00d6le werden sorgf\u00e4ltig miteinander vermischt, damit die Creme schnell einzieht und du noch schneller braun wirst.<br \/>\n\ud83c\udf4aAlles f\u00fcr deine perfekte Br\u00e4une deiner Haut &#8211; 100% nat\u00fcrliches Karotten\u00f6l f\u00fcr sonnenverw\u00f6hnte und gefestigte Haut, Oliven\u00f6l f\u00fcr noch mehr Br\u00e4une, Walnuss\u00f6l f\u00fcr einen goldenen Schimmer Und Kakaobutter f\u00fcr eine strahlende und regenerierte Haut.<br \/>\n\ud83c\udf4aWenn Sie Shine Brown einmal ausprobiert haben, wird es zu Ihrem unentbehrlichen Br\u00e4unungsprodukt werden, denn wir haben an alles gedacht, was Ihre Haut braucht, um die besten Br\u00e4unungsergebnisse zu erzielen.<br \/>\n\ud83c\udf4aChemische Zus\u00e4tze? Nein, Danke. Tierversuche? Bestimmt nicht. Nur Premium-Inhaltsstoffe? Ja, nat\u00fcrlich! ByRokko macht keine halben Sachen \u2013 wir wollen das Beste f\u00fcr deine Haut. Unsere Produkte enthalten nur die besten nat\u00fcrlichen, pflegenden Inhaltsstoffe, die jeder Hauttyp liebt. Das Ganze gekr\u00f6nt von unserer exklusiven Shine Brown-Forumel und dem ber\u00fchmten Duft, der dich mitten in ein tropisches Paradies entf\u00fchrt.<br \/>\n<div class=\"main-cross-sell\" data-asin=\"B08CNJ5BG7\">\n\n\t<div class=\"WooZone-cross-sell-loader\">\n\t\t<div>\n\t\t\t<div id=\"floatingBarsG\">\n\t\t\t\t<div class=\"blockG\" id=\"rotateG_01\"><\/div>\n\t\t\t\t<div class=\"blockG\" id=\"rotateG_02\"><\/div>\n\t\t\t\t<div class=\"blockG\" id=\"rotateG_03\"><\/div>\n\t\t\t\t<div class=\"blockG\" id=\"rotateG_04\"><\/div>\n\t\t\t\t<div class=\"blockG\" id=\"rotateG_05\"><\/div>\n\t\t\t\t<div class=\"blockG\" id=\"rotateG_06\"><\/div>\n\t\t\t\t<div class=\"blockG\" id=\"rotateG_07\"><\/div>\n\t\t\t\t<div class=\"blockG\" id=\"rotateG_08\"><\/div>\n\t\t\t<\/div>\n\t\t\t<div class=\"WooZone-cross-sell-loader-text\"><\/div>\n\t\t<\/div>\n\t<\/div>\n\n\t\t\n<\/div>\n<div style=\"clear:both;\"><\/div><\/p>\n","protected":false},"excerpt":{"rendered":"<p>\ud83c\udf4aNat\u00fcrlicher, intensiver und l\u00e4nger haltende Br\u00e4une, ohne l\u00e4nger in der Sonne oder im Solarium liegen zu m\u00fcssen. Besonders wirksam im Solarium oder in der Sonne.<br \/>\n\ud83c\udf4aUnabh\u00e4ngig von deinem Hauttyp erlebst du schnelle Ergebnisse. Genie\u00dfe nat\u00fcrliche Br\u00e4une mit unserem meistverkauften Produkt, das deine Haut pflegt und mit Feuchtigkeit versorgt. Unser Top-Seller wurde ohne Tierversuche entwickelt und ohne chemische Zus\u00e4tze hergestellt \u2013 eine nat\u00fcrliche Abk\u00fcrzung zu deiner Wunschbr\u00e4une.<br \/>\n\ud83c\udf4aBei der Premium-Formel von BYROKKO aus nat\u00fcrlichen \u00d6len gibt es keine halben Sachen, deshalb ist sie auch bei den Liebhabern ultra-dunkler Br\u00e4une so beliebt! Nur hochwertigste \u00d6le werden sorgf\u00e4ltig miteinander vermischt, damit die Creme schnell einzieht und du noch schneller braun wirst.<\/p>\n","protected":false},"featured_media":192474,"comment_status":"open","ping_status":"closed","template":"","meta":[],"product_brand":[],"product_cat":[2858,7067],"product_tag":[],"class_list":{"0":"post-192473","1":"product","2":"type-product","3":"status-publish","4":"has-post-thumbnail","6":"product_cat-beauty","7":"product_cat-hautpflege","8":"pa_binding-badartikel","9":"pa_brand-byrokko","10":"pa_height-1-96-zoll","11":"pa_length-3-54-zoll","12":"pa_manufacturer-byrokko","13":"pa_model-0-sbc","14":"pa_size-190-ml-1er-pack","15":"pa_width-3-54-zoll","17":"first","18":"instock","19":"shipping-taxable","20":"purchasable","21":"product-type-simple","22":"customify-col","23":"product-has-gallery"},"yoast_head":"<!-- This site is optimized with the Yoast SEO plugin v27.4 - https:\/\/yoast.com\/product\/yoast-seo-wordpress\/ -->\n<title>BYROKKO Shine Brown Premium Br\u00e4unungsbeschleuniger-Creme (190 ml), Br\u00e4unungscreme Wirksam in Solarium und im Freien\u2026 - Markt-XXL<\/title>\n<meta name=\"description\" content=\"Markt-XXL BYROKKO Shine Brown Premium Br\u00e4unungsbeschleuniger-Creme (190 ml), Br\u00e4unungscreme Wirksam in Solarium und im Freien\u2026\" \/>\n<meta name=\"robots\" content=\"index, follow, max-snippet:-1, max-image-preview:large, max-video-preview:-1\" \/>\n<link rel=\"canonical\" href=\"https:\/\/marktxxl.de\/markt\/produkt\/byrokko-shine-brown-premium-braeunungsbeschleuniger-creme-190-ml-braeunungscreme-wirksam-in-solarium-und-im-freien-erzielen-sie-eine-natuerliche-braeune-mit-natuerlichen-inhaltsstoffen\/\" \/>\n<meta property=\"og:locale\" content=\"de_DE\" \/>\n<meta property=\"og:type\" content=\"article\" \/>\n<meta property=\"og:title\" content=\"BYROKKO Shine Brown Premium Br\u00e4unungsbeschleuniger-Creme (190 ml), Br\u00e4unungscreme Wirksam in Solarium und im Freien\u2026 - Markt-XXL\" \/>\n<meta property=\"og:description\" content=\"Markt-XXL BYROKKO Shine Brown Premium Br\u00e4unungsbeschleuniger-Creme (190 ml), Br\u00e4unungscreme Wirksam in Solarium und im Freien\u2026\" \/>\n<meta property=\"og:url\" content=\"https:\/\/marktxxl.de\/markt\/produkt\/byrokko-shine-brown-premium-braeunungsbeschleuniger-creme-190-ml-braeunungscreme-wirksam-in-solarium-und-im-freien-erzielen-sie-eine-natuerliche-braeune-mit-natuerlichen-inhaltsstoffen\/\" \/>\n<meta property=\"og:site_name\" content=\"Markt-XXL\" \/>\n<meta property=\"article:modified_time\" content=\"2023-04-11T03:26:35+00:00\" \/>\n<meta property=\"og:image\" content=\"https:\/\/m.media-amazon.com\/images\/I\/41UdvNVPGvL._SL500_.jpg\" \/>\n\t<meta property=\"og:image:width\" content=\"500\" \/>\n\t<meta property=\"og:image:height\" content=\"500\" \/>\n\t<meta property=\"og:image:type\" content=\"image\/jpeg\" \/>\n<meta name=\"twitter:card\" content=\"summary_large_image\" \/>\n<meta name=\"twitter:label1\" content=\"Gesch\u00e4tzte Lesezeit\" \/>\n\t<meta name=\"twitter:data1\" content=\"1\u00a0Minute\" \/>\n<script type=\"application\/ld+json\" class=\"yoast-schema-graph\">{\"@context\":\"https:\\\/\\\/schema.org\",\"@graph\":[{\"@type\":\"WebPage\",\"@id\":\"https:\\\/\\\/marktxxl.de\\\/markt\\\/produkt\\\/byrokko-shine-brown-premium-braeunungsbeschleuniger-creme-190-ml-braeunungscreme-wirksam-in-solarium-und-im-freien-erzielen-sie-eine-natuerliche-braeune-mit-natuerlichen-inhaltsstoffen\\\/\",\"url\":\"https:\\\/\\\/marktxxl.de\\\/markt\\\/produkt\\\/byrokko-shine-brown-premium-braeunungsbeschleuniger-creme-190-ml-braeunungscreme-wirksam-in-solarium-und-im-freien-erzielen-sie-eine-natuerliche-braeune-mit-natuerlichen-inhaltsstoffen\\\/\",\"name\":\"BYROKKO Shine Brown Premium Br\u00e4unungsbeschleuniger-Creme (190 ml), Br\u00e4unungscreme Wirksam in Solarium und im Freien\u2026 - Markt-XXL\",\"isPartOf\":{\"@id\":\"https:\\\/\\\/marktxxl.de\\\/markt\\\/#website\"},\"primaryImageOfPage\":{\"@id\":\"https:\\\/\\\/marktxxl.de\\\/markt\\\/produkt\\\/byrokko-shine-brown-premium-braeunungsbeschleuniger-creme-190-ml-braeunungscreme-wirksam-in-solarium-und-im-freien-erzielen-sie-eine-natuerliche-braeune-mit-natuerlichen-inhaltsstoffen\\\/#primaryimage\"},\"image\":{\"@id\":\"https:\\\/\\\/marktxxl.de\\\/markt\\\/produkt\\\/byrokko-shine-brown-premium-braeunungsbeschleuniger-creme-190-ml-braeunungscreme-wirksam-in-solarium-und-im-freien-erzielen-sie-eine-natuerliche-braeune-mit-natuerlichen-inhaltsstoffen\\\/#primaryimage\"},\"thumbnailUrl\":\"https:\\\/\\\/m.media-amazon.com\\\/images\\\/I\\\/41UdvNVPGvL._SL500_.jpg\",\"datePublished\":\"2023-03-11T01:34:39+00:00\",\"dateModified\":\"2023-04-11T03:26:35+00:00\",\"description\":\"Markt-XXL BYROKKO Shine Brown Premium Br\u00e4unungsbeschleuniger-Creme (190 ml), Br\u00e4unungscreme Wirksam in Solarium und im Freien\u2026\",\"breadcrumb\":{\"@id\":\"https:\\\/\\\/marktxxl.de\\\/markt\\\/produkt\\\/byrokko-shine-brown-premium-braeunungsbeschleuniger-creme-190-ml-braeunungscreme-wirksam-in-solarium-und-im-freien-erzielen-sie-eine-natuerliche-braeune-mit-natuerlichen-inhaltsstoffen\\\/#breadcrumb\"},\"inLanguage\":\"de\",\"potentialAction\":[{\"@type\":\"ReadAction\",\"target\":[\"https:\\\/\\\/marktxxl.de\\\/markt\\\/produkt\\\/byrokko-shine-brown-premium-braeunungsbeschleuniger-creme-190-ml-braeunungscreme-wirksam-in-solarium-und-im-freien-erzielen-sie-eine-natuerliche-braeune-mit-natuerlichen-inhaltsstoffen\\\/\"]}]},{\"@type\":\"ImageObject\",\"inLanguage\":\"de\",\"@id\":\"https:\\\/\\\/marktxxl.de\\\/markt\\\/produkt\\\/byrokko-shine-brown-premium-braeunungsbeschleuniger-creme-190-ml-braeunungscreme-wirksam-in-solarium-und-im-freien-erzielen-sie-eine-natuerliche-braeune-mit-natuerlichen-inhaltsstoffen\\\/#primaryimage\",\"url\":\"https:\\\/\\\/m.media-amazon.com\\\/images\\\/I\\\/41UdvNVPGvL._SL500_.jpg\",\"contentUrl\":\"https:\\\/\\\/m.media-amazon.com\\\/images\\\/I\\\/41UdvNVPGvL._SL500_.jpg\",\"width\":500,\"height\":500},{\"@type\":\"BreadcrumbList\",\"@id\":\"https:\\\/\\\/marktxxl.de\\\/markt\\\/produkt\\\/byrokko-shine-brown-premium-braeunungsbeschleuniger-creme-190-ml-braeunungscreme-wirksam-in-solarium-und-im-freien-erzielen-sie-eine-natuerliche-braeune-mit-natuerlichen-inhaltsstoffen\\\/#breadcrumb\",\"itemListElement\":[{\"@type\":\"ListItem\",\"position\":1,\"name\":\"Startseite\",\"item\":\"https:\\\/\\\/marktxxl.de\\\/markt\\\/\"},{\"@type\":\"ListItem\",\"position\":2,\"name\":\"Markt\",\"item\":\"https:\\\/\\\/marktxxl.de\\\/markt\\\/\"},{\"@type\":\"ListItem\",\"position\":3,\"name\":\"BYROKKO Shine Brown Premium Br\u00e4unungsbeschleuniger-Creme (190 ml), Br\u00e4unungscreme Wirksam in Solarium und im Freien\u2026\"}]},{\"@type\":\"WebSite\",\"@id\":\"https:\\\/\\\/marktxxl.de\\\/markt\\\/#website\",\"url\":\"https:\\\/\\\/marktxxl.de\\\/markt\\\/\",\"name\":\"Markt-XXL\",\"description\":\"Ihr Markt Online\",\"publisher\":{\"@id\":\"https:\\\/\\\/marktxxl.de\\\/markt\\\/#organization\"},\"potentialAction\":[{\"@type\":\"SearchAction\",\"target\":{\"@type\":\"EntryPoint\",\"urlTemplate\":\"https:\\\/\\\/marktxxl.de\\\/markt\\\/?s={search_term_string}\"},\"query-input\":{\"@type\":\"PropertyValueSpecification\",\"valueRequired\":true,\"valueName\":\"search_term_string\"}}],\"inLanguage\":\"de\"},{\"@type\":\"Organization\",\"@id\":\"https:\\\/\\\/marktxxl.de\\\/markt\\\/#organization\",\"name\":\"Markt-XXL\",\"url\":\"https:\\\/\\\/marktxxl.de\\\/markt\\\/\",\"logo\":{\"@type\":\"ImageObject\",\"inLanguage\":\"de\",\"@id\":\"https:\\\/\\\/marktxxl.de\\\/markt\\\/#\\\/schema\\\/logo\\\/image\\\/\",\"url\":\"https:\\\/\\\/marktxxl.de\\\/markt\\\/wp-content\\\/uploads\\\/sites\\\/3\\\/2020\\\/12\\\/logo.png\",\"contentUrl\":\"https:\\\/\\\/marktxxl.de\\\/markt\\\/wp-content\\\/uploads\\\/sites\\\/3\\\/2020\\\/12\\\/logo.png\",\"width\":200,\"height\":70,\"caption\":\"Markt-XXL\"},\"image\":{\"@id\":\"https:\\\/\\\/marktxxl.de\\\/markt\\\/#\\\/schema\\\/logo\\\/image\\\/\"}}]}<\/script>\n<!-- \/ Yoast SEO plugin. -->","yoast_head_json":{"title":"BYROKKO Shine Brown Premium Br\u00e4unungsbeschleuniger-Creme (190 ml), Br\u00e4unungscreme Wirksam in Solarium und im Freien\u2026 - Markt-XXL","description":"Markt-XXL BYROKKO Shine Brown Premium Br\u00e4unungsbeschleuniger-Creme (190 ml), Br\u00e4unungscreme Wirksam in Solarium und im Freien\u2026","robots":{"index":"index","follow":"follow","max-snippet":"max-snippet:-1","max-image-preview":"max-image-preview:large","max-video-preview":"max-video-preview:-1"},"canonical":"https:\/\/marktxxl.de\/markt\/produkt\/byrokko-shine-brown-premium-braeunungsbeschleuniger-creme-190-ml-braeunungscreme-wirksam-in-solarium-und-im-freien-erzielen-sie-eine-natuerliche-braeune-mit-natuerlichen-inhaltsstoffen\/","og_locale":"de_DE","og_type":"article","og_title":"BYROKKO Shine Brown Premium Br\u00e4unungsbeschleuniger-Creme (190 ml), Br\u00e4unungscreme Wirksam in Solarium und im Freien\u2026 - Markt-XXL","og_description":"Markt-XXL BYROKKO Shine Brown Premium Br\u00e4unungsbeschleuniger-Creme (190 ml), Br\u00e4unungscreme Wirksam in Solarium und im Freien\u2026","og_url":"https:\/\/marktxxl.de\/markt\/produkt\/byrokko-shine-brown-premium-braeunungsbeschleuniger-creme-190-ml-braeunungscreme-wirksam-in-solarium-und-im-freien-erzielen-sie-eine-natuerliche-braeune-mit-natuerlichen-inhaltsstoffen\/","og_site_name":"Markt-XXL","article_modified_time":"2023-04-11T03:26:35+00:00","og_image":[{"width":500,"height":500,"url":"https:\/\/m.media-amazon.com\/images\/I\/41UdvNVPGvL._SL500_.jpg","type":"image\/jpeg"}],"twitter_card":"summary_large_image","twitter_misc":{"Gesch\u00e4tzte Lesezeit":"1\u00a0Minute"},"schema":{"@context":"https:\/\/schema.org","@graph":[{"@type":"WebPage","@id":"https:\/\/marktxxl.de\/markt\/produkt\/byrokko-shine-brown-premium-braeunungsbeschleuniger-creme-190-ml-braeunungscreme-wirksam-in-solarium-und-im-freien-erzielen-sie-eine-natuerliche-braeune-mit-natuerlichen-inhaltsstoffen\/","url":"https:\/\/marktxxl.de\/markt\/produkt\/byrokko-shine-brown-premium-braeunungsbeschleuniger-creme-190-ml-braeunungscreme-wirksam-in-solarium-und-im-freien-erzielen-sie-eine-natuerliche-braeune-mit-natuerlichen-inhaltsstoffen\/","name":"BYROKKO Shine Brown Premium Br\u00e4unungsbeschleuniger-Creme (190 ml), Br\u00e4unungscreme Wirksam in Solarium und im Freien\u2026 - Markt-XXL","isPartOf":{"@id":"https:\/\/marktxxl.de\/markt\/#website"},"primaryImageOfPage":{"@id":"https:\/\/marktxxl.de\/markt\/produkt\/byrokko-shine-brown-premium-braeunungsbeschleuniger-creme-190-ml-braeunungscreme-wirksam-in-solarium-und-im-freien-erzielen-sie-eine-natuerliche-braeune-mit-natuerlichen-inhaltsstoffen\/#primaryimage"},"image":{"@id":"https:\/\/marktxxl.de\/markt\/produkt\/byrokko-shine-brown-premium-braeunungsbeschleuniger-creme-190-ml-braeunungscreme-wirksam-in-solarium-und-im-freien-erzielen-sie-eine-natuerliche-braeune-mit-natuerlichen-inhaltsstoffen\/#primaryimage"},"thumbnailUrl":"https:\/\/m.media-amazon.com\/images\/I\/41UdvNVPGvL._SL500_.jpg","datePublished":"2023-03-11T01:34:39+00:00","dateModified":"2023-04-11T03:26:35+00:00","description":"Markt-XXL BYROKKO Shine Brown Premium Br\u00e4unungsbeschleuniger-Creme (190 ml), Br\u00e4unungscreme Wirksam in Solarium und im Freien\u2026","breadcrumb":{"@id":"https:\/\/marktxxl.de\/markt\/produkt\/byrokko-shine-brown-premium-braeunungsbeschleuniger-creme-190-ml-braeunungscreme-wirksam-in-solarium-und-im-freien-erzielen-sie-eine-natuerliche-braeune-mit-natuerlichen-inhaltsstoffen\/#breadcrumb"},"inLanguage":"de","potentialAction":[{"@type":"ReadAction","target":["https:\/\/marktxxl.de\/markt\/produkt\/byrokko-shine-brown-premium-braeunungsbeschleuniger-creme-190-ml-braeunungscreme-wirksam-in-solarium-und-im-freien-erzielen-sie-eine-natuerliche-braeune-mit-natuerlichen-inhaltsstoffen\/"]}]},{"@type":"ImageObject","inLanguage":"de","@id":"https:\/\/marktxxl.de\/markt\/produkt\/byrokko-shine-brown-premium-braeunungsbeschleuniger-creme-190-ml-braeunungscreme-wirksam-in-solarium-und-im-freien-erzielen-sie-eine-natuerliche-braeune-mit-natuerlichen-inhaltsstoffen\/#primaryimage","url":"https:\/\/m.media-amazon.com\/images\/I\/41UdvNVPGvL._SL500_.jpg","contentUrl":"https:\/\/m.media-amazon.com\/images\/I\/41UdvNVPGvL._SL500_.jpg","width":500,"height":500},{"@type":"BreadcrumbList","@id":"https:\/\/marktxxl.de\/markt\/produkt\/byrokko-shine-brown-premium-braeunungsbeschleuniger-creme-190-ml-braeunungscreme-wirksam-in-solarium-und-im-freien-erzielen-sie-eine-natuerliche-braeune-mit-natuerlichen-inhaltsstoffen\/#breadcrumb","itemListElement":[{"@type":"ListItem","position":1,"name":"Startseite","item":"https:\/\/marktxxl.de\/markt\/"},{"@type":"ListItem","position":2,"name":"Markt","item":"https:\/\/marktxxl.de\/markt\/"},{"@type":"ListItem","position":3,"name":"BYROKKO Shine Brown Premium Br\u00e4unungsbeschleuniger-Creme (190 ml), Br\u00e4unungscreme Wirksam in Solarium und im Freien\u2026"}]},{"@type":"WebSite","@id":"https:\/\/marktxxl.de\/markt\/#website","url":"https:\/\/marktxxl.de\/markt\/","name":"Markt-XXL","description":"Ihr Markt Online","publisher":{"@id":"https:\/\/marktxxl.de\/markt\/#organization"},"potentialAction":[{"@type":"SearchAction","target":{"@type":"EntryPoint","urlTemplate":"https:\/\/marktxxl.de\/markt\/?s={search_term_string}"},"query-input":{"@type":"PropertyValueSpecification","valueRequired":true,"valueName":"search_term_string"}}],"inLanguage":"de"},{"@type":"Organization","@id":"https:\/\/marktxxl.de\/markt\/#organization","name":"Markt-XXL","url":"https:\/\/marktxxl.de\/markt\/","logo":{"@type":"ImageObject","inLanguage":"de","@id":"https:\/\/marktxxl.de\/markt\/#\/schema\/logo\/image\/","url":"https:\/\/marktxxl.de\/markt\/wp-content\/uploads\/sites\/3\/2020\/12\/logo.png","contentUrl":"https:\/\/marktxxl.de\/markt\/wp-content\/uploads\/sites\/3\/2020\/12\/logo.png","width":200,"height":70,"caption":"Markt-XXL"},"image":{"@id":"https:\/\/marktxxl.de\/markt\/#\/schema\/logo\/image\/"}}]}},"_links":{"self":[{"href":"https:\/\/marktxxl.de\/markt\/wp-json\/wp\/v2\/product\/192473","targetHints":{"allow":["GET"]}}],"collection":[{"href":"https:\/\/marktxxl.de\/markt\/wp-json\/wp\/v2\/product"}],"about":[{"href":"https:\/\/marktxxl.de\/markt\/wp-json\/wp\/v2\/types\/product"}],"replies":[{"embeddable":true,"href":"https:\/\/marktxxl.de\/markt\/wp-json\/wp\/v2\/comments?post=192473"}],"wp:featuredmedia":[{"embeddable":true,"href":"https:\/\/marktxxl.de\/markt\/wp-json\/wp\/v2\/media\/192474"}],"wp:attachment":[{"href":"https:\/\/marktxxl.de\/markt\/wp-json\/wp\/v2\/media?parent=192473"}],"wp:term":[{"taxonomy":"product_brand","embeddable":true,"href":"https:\/\/marktxxl.de\/markt\/wp-json\/wp\/v2\/product_brand?post=192473"},{"taxonomy":"product_cat","embeddable":true,"href":"https:\/\/marktxxl.de\/markt\/wp-json\/wp\/v2\/product_cat?post=192473"},{"taxonomy":"product_tag","embeddable":true,"href":"https:\/\/marktxxl.de\/markt\/wp-json\/wp\/v2\/product_tag?post=192473"}],"curies":[{"name":"wp","href":"https:\/\/api.w.org\/{rel}","templated":true}]}}