{"id":192374,"date":"2023-03-11T02:04:20","date_gmt":"2023-03-11T01:04:20","guid":{"rendered":"https:\/\/marktxxl.de\/markt\/produkt\/essence-all-about-matt-fixing-compact-powder-puder-weiss-fuer-mischhaut-fuer-trockene-haut-fuer-unreine-haut-langanhaltend-mattierend-matt-vegan-nanopartikel-frei-8g\/"},"modified":"2023-04-11T05:26:33","modified_gmt":"2023-04-11T03:26:33","slug":"essence-all-about-matt-fixing-compact-powder-puder-weiss-fuer-mischhaut-fuer-trockene-haut-fuer-unreine-haut-langanhaltend-mattierend-matt-vegan-nanopartikel-frei-8g","status":"publish","type":"product","link":"https:\/\/marktxxl.de\/markt\/produkt\/essence-all-about-matt-fixing-compact-powder-puder-weiss-fuer-mischhaut-fuer-trockene-haut-fuer-unreine-haut-langanhaltend-mattierend-matt-vegan-nanopartikel-frei-8g\/","title":{"rendered":"essence all about matt! fixing compact powder, Puder, weiss, f\u00fcr Mischhaut, f\u00fcr trockene Haut, f\u00fcr unreine Haut\u2026"},"content":{"rendered":"<p>Der sehr feine, transparente Kompaktpuder kann \u00fcber die Foundation aufgetragen werden, um den Teint zu mattieren und das Make-up zu fixieren. F\u00fcr einen matten, nat\u00fcrlichen und ebenm\u00e4\u00dfigen Teint.<br \/>\nErh\u00e4ltlich in einer transparenten Farbe f\u00fcr alle Hauttypen und damit auch perfekt f\u00fcr unterwegs bei Unternehmungen mit den Freundinnen.<br \/>\nSehr feiner, transparenter Kompaktpuder. Der fixing compact powder sorgt f\u00fcr einen matten, nat\u00fcrlichen &amp; ebenm\u00e4\u00dfigen Teint. F\u00fcr alle Hauttypen geeignet.<br \/>\nF\u00fcr Mischhaut, f\u00fcr trockene Haut, f\u00fcr unreine Haut, f\u00fcr reife Haut, vegan, Mikroplastik Partikel frei, Nanopartikel frei, entspricht unserem CLEAN BEAUTY Standard, ohne Parf\u00fcm, \u00f6lfrei, ohne Alkohol, ohne Parabene, ohne Aceton.<br \/>\nWir sagen Nein zu Tierversuchen. cosnova ist mit essence und CATRICE sowohl bei PETA Deutschland als auch bei PETA international gelistet.<br \/>\n<div class=\"main-cross-sell\" data-asin=\"B00GPUWNZO\">\n\n\t<div class=\"WooZone-cross-sell-loader\">\n\t\t<div>\n\t\t\t<div id=\"floatingBarsG\">\n\t\t\t\t<div class=\"blockG\" id=\"rotateG_01\"><\/div>\n\t\t\t\t<div class=\"blockG\" id=\"rotateG_02\"><\/div>\n\t\t\t\t<div class=\"blockG\" id=\"rotateG_03\"><\/div>\n\t\t\t\t<div class=\"blockG\" id=\"rotateG_04\"><\/div>\n\t\t\t\t<div class=\"blockG\" id=\"rotateG_05\"><\/div>\n\t\t\t\t<div class=\"blockG\" id=\"rotateG_06\"><\/div>\n\t\t\t\t<div class=\"blockG\" id=\"rotateG_07\"><\/div>\n\t\t\t\t<div class=\"blockG\" id=\"rotateG_08\"><\/div>\n\t\t\t<\/div>\n\t\t\t<div class=\"WooZone-cross-sell-loader-text\"><\/div>\n\t\t<\/div>\n\t<\/div>\n\n\t\t\n<\/div>\n<div style=\"clear:both;\"><\/div><\/p>\n","protected":false},"excerpt":{"rendered":"<p>Der sehr feine, transparente Kompaktpuder kann \u00fcber die Foundation aufgetragen werden, um den Teint zu mattieren und das Make-up zu fixieren. F\u00fcr einen matten, nat\u00fcrlichen und ebenm\u00e4\u00dfigen Teint.<br \/>\nErh\u00e4ltlich in einer transparenten Farbe f\u00fcr alle Hauttypen und damit auch perfekt f\u00fcr unterwegs bei Unternehmungen mit den Freundinnen.<br \/>\nSehr feiner, transparenter Kompaktpuder. Der fixing compact powder sorgt f\u00fcr einen matten, nat\u00fcrlichen &amp; ebenm\u00e4\u00dfigen Teint. F\u00fcr alle Hauttypen geeignet.<\/p>\n","protected":false},"featured_media":192375,"comment_status":"open","ping_status":"closed","template":"","meta":[],"product_brand":[],"product_cat":[2858,7575],"product_tag":[],"class_list":{"0":"post-192374","1":"product","2":"type-product","3":"status-publish","4":"has-post-thumbnail","6":"product_cat-beauty","7":"product_cat-make-up","8":"pa_binding-badartikel","9":"pa_brand-essence-cosmetics","10":"pa_color-transparent","11":"pa_height-2-7-zoll","12":"pa_languages-audiodeskription-englisch","13":"pa_length-10-zoll","14":"pa_manufacturer-cosnova","15":"pa_model-49538","16":"pa_size-8-g-1er-pack","17":"pa_warranty-2-year-manufacturer","18":"pa_weight-0-01763698096-pfund","19":"pa_width-2-zoll","21":"first","22":"instock","23":"shipping-taxable","24":"purchasable","25":"product-type-simple","26":"customify-col","27":"product-has-gallery"},"yoast_head":"<!-- This site is optimized with the Yoast SEO plugin v27.4 - https:\/\/yoast.com\/product\/yoast-seo-wordpress\/ -->\n<title>essence all about matt! fixing compact powder, Puder, weiss, f\u00fcr Mischhaut, f\u00fcr trockene Haut, f\u00fcr unreine Haut\u2026 - Markt-XXL<\/title>\n<meta name=\"description\" content=\"Markt-XXL essence all about matt! fixing compact powder, Puder, weiss, f\u00fcr Mischhaut, f\u00fcr trockene Haut, f\u00fcr unreine Haut\u2026\" \/>\n<meta name=\"robots\" content=\"index, follow, max-snippet:-1, max-image-preview:large, max-video-preview:-1\" \/>\n<link rel=\"canonical\" href=\"https:\/\/marktxxl.de\/markt\/produkt\/essence-all-about-matt-fixing-compact-powder-puder-weiss-fuer-mischhaut-fuer-trockene-haut-fuer-unreine-haut-langanhaltend-mattierend-matt-vegan-nanopartikel-frei-8g\/\" \/>\n<meta property=\"og:locale\" content=\"de_DE\" \/>\n<meta property=\"og:type\" content=\"article\" \/>\n<meta property=\"og:title\" content=\"essence all about matt! fixing compact powder, Puder, weiss, f\u00fcr Mischhaut, f\u00fcr trockene Haut, f\u00fcr unreine Haut\u2026 - Markt-XXL\" \/>\n<meta property=\"og:description\" content=\"Markt-XXL essence all about matt! fixing compact powder, Puder, weiss, f\u00fcr Mischhaut, f\u00fcr trockene Haut, f\u00fcr unreine Haut\u2026\" \/>\n<meta property=\"og:url\" content=\"https:\/\/marktxxl.de\/markt\/produkt\/essence-all-about-matt-fixing-compact-powder-puder-weiss-fuer-mischhaut-fuer-trockene-haut-fuer-unreine-haut-langanhaltend-mattierend-matt-vegan-nanopartikel-frei-8g\/\" \/>\n<meta property=\"og:site_name\" content=\"Markt-XXL\" \/>\n<meta property=\"article:modified_time\" content=\"2023-04-11T03:26:33+00:00\" \/>\n<meta property=\"og:image\" content=\"https:\/\/m.media-amazon.com\/images\/I\/510M0ZJWsIL._SL500_.jpg\" \/>\n\t<meta property=\"og:image:width\" content=\"500\" \/>\n\t<meta property=\"og:image:height\" content=\"458\" \/>\n\t<meta property=\"og:image:type\" content=\"image\/jpeg\" \/>\n<meta name=\"twitter:card\" content=\"summary_large_image\" \/>\n<meta name=\"twitter:label1\" content=\"Gesch\u00e4tzte Lesezeit\" \/>\n\t<meta name=\"twitter:data1\" content=\"1\u00a0Minute\" \/>\n<script type=\"application\/ld+json\" class=\"yoast-schema-graph\">{\"@context\":\"https:\\\/\\\/schema.org\",\"@graph\":[{\"@type\":\"WebPage\",\"@id\":\"https:\\\/\\\/marktxxl.de\\\/markt\\\/produkt\\\/essence-all-about-matt-fixing-compact-powder-puder-weiss-fuer-mischhaut-fuer-trockene-haut-fuer-unreine-haut-langanhaltend-mattierend-matt-vegan-nanopartikel-frei-8g\\\/\",\"url\":\"https:\\\/\\\/marktxxl.de\\\/markt\\\/produkt\\\/essence-all-about-matt-fixing-compact-powder-puder-weiss-fuer-mischhaut-fuer-trockene-haut-fuer-unreine-haut-langanhaltend-mattierend-matt-vegan-nanopartikel-frei-8g\\\/\",\"name\":\"essence all about matt! fixing compact powder, Puder, weiss, f\u00fcr Mischhaut, f\u00fcr trockene Haut, f\u00fcr unreine Haut\u2026 - Markt-XXL\",\"isPartOf\":{\"@id\":\"https:\\\/\\\/marktxxl.de\\\/markt\\\/#website\"},\"primaryImageOfPage\":{\"@id\":\"https:\\\/\\\/marktxxl.de\\\/markt\\\/produkt\\\/essence-all-about-matt-fixing-compact-powder-puder-weiss-fuer-mischhaut-fuer-trockene-haut-fuer-unreine-haut-langanhaltend-mattierend-matt-vegan-nanopartikel-frei-8g\\\/#primaryimage\"},\"image\":{\"@id\":\"https:\\\/\\\/marktxxl.de\\\/markt\\\/produkt\\\/essence-all-about-matt-fixing-compact-powder-puder-weiss-fuer-mischhaut-fuer-trockene-haut-fuer-unreine-haut-langanhaltend-mattierend-matt-vegan-nanopartikel-frei-8g\\\/#primaryimage\"},\"thumbnailUrl\":\"https:\\\/\\\/m.media-amazon.com\\\/images\\\/I\\\/510M0ZJWsIL._SL500_.jpg\",\"datePublished\":\"2023-03-11T01:04:20+00:00\",\"dateModified\":\"2023-04-11T03:26:33+00:00\",\"description\":\"Markt-XXL essence all about matt! fixing compact powder, Puder, weiss, f\u00fcr Mischhaut, f\u00fcr trockene Haut, f\u00fcr unreine Haut\u2026\",\"breadcrumb\":{\"@id\":\"https:\\\/\\\/marktxxl.de\\\/markt\\\/produkt\\\/essence-all-about-matt-fixing-compact-powder-puder-weiss-fuer-mischhaut-fuer-trockene-haut-fuer-unreine-haut-langanhaltend-mattierend-matt-vegan-nanopartikel-frei-8g\\\/#breadcrumb\"},\"inLanguage\":\"de\",\"potentialAction\":[{\"@type\":\"ReadAction\",\"target\":[\"https:\\\/\\\/marktxxl.de\\\/markt\\\/produkt\\\/essence-all-about-matt-fixing-compact-powder-puder-weiss-fuer-mischhaut-fuer-trockene-haut-fuer-unreine-haut-langanhaltend-mattierend-matt-vegan-nanopartikel-frei-8g\\\/\"]}]},{\"@type\":\"ImageObject\",\"inLanguage\":\"de\",\"@id\":\"https:\\\/\\\/marktxxl.de\\\/markt\\\/produkt\\\/essence-all-about-matt-fixing-compact-powder-puder-weiss-fuer-mischhaut-fuer-trockene-haut-fuer-unreine-haut-langanhaltend-mattierend-matt-vegan-nanopartikel-frei-8g\\\/#primaryimage\",\"url\":\"https:\\\/\\\/m.media-amazon.com\\\/images\\\/I\\\/510M0ZJWsIL._SL500_.jpg\",\"contentUrl\":\"https:\\\/\\\/m.media-amazon.com\\\/images\\\/I\\\/510M0ZJWsIL._SL500_.jpg\",\"width\":500,\"height\":458},{\"@type\":\"BreadcrumbList\",\"@id\":\"https:\\\/\\\/marktxxl.de\\\/markt\\\/produkt\\\/essence-all-about-matt-fixing-compact-powder-puder-weiss-fuer-mischhaut-fuer-trockene-haut-fuer-unreine-haut-langanhaltend-mattierend-matt-vegan-nanopartikel-frei-8g\\\/#breadcrumb\",\"itemListElement\":[{\"@type\":\"ListItem\",\"position\":1,\"name\":\"Startseite\",\"item\":\"https:\\\/\\\/marktxxl.de\\\/markt\\\/\"},{\"@type\":\"ListItem\",\"position\":2,\"name\":\"Markt\",\"item\":\"https:\\\/\\\/marktxxl.de\\\/markt\\\/\"},{\"@type\":\"ListItem\",\"position\":3,\"name\":\"essence all about matt! fixing compact powder, Puder, weiss, f\u00fcr Mischhaut, f\u00fcr trockene Haut, f\u00fcr unreine Haut\u2026\"}]},{\"@type\":\"WebSite\",\"@id\":\"https:\\\/\\\/marktxxl.de\\\/markt\\\/#website\",\"url\":\"https:\\\/\\\/marktxxl.de\\\/markt\\\/\",\"name\":\"Markt-XXL\",\"description\":\"Ihr Markt Online\",\"publisher\":{\"@id\":\"https:\\\/\\\/marktxxl.de\\\/markt\\\/#organization\"},\"potentialAction\":[{\"@type\":\"SearchAction\",\"target\":{\"@type\":\"EntryPoint\",\"urlTemplate\":\"https:\\\/\\\/marktxxl.de\\\/markt\\\/?s={search_term_string}\"},\"query-input\":{\"@type\":\"PropertyValueSpecification\",\"valueRequired\":true,\"valueName\":\"search_term_string\"}}],\"inLanguage\":\"de\"},{\"@type\":\"Organization\",\"@id\":\"https:\\\/\\\/marktxxl.de\\\/markt\\\/#organization\",\"name\":\"Markt-XXL\",\"url\":\"https:\\\/\\\/marktxxl.de\\\/markt\\\/\",\"logo\":{\"@type\":\"ImageObject\",\"inLanguage\":\"de\",\"@id\":\"https:\\\/\\\/marktxxl.de\\\/markt\\\/#\\\/schema\\\/logo\\\/image\\\/\",\"url\":\"https:\\\/\\\/marktxxl.de\\\/markt\\\/wp-content\\\/uploads\\\/sites\\\/3\\\/2020\\\/12\\\/logo.png\",\"contentUrl\":\"https:\\\/\\\/marktxxl.de\\\/markt\\\/wp-content\\\/uploads\\\/sites\\\/3\\\/2020\\\/12\\\/logo.png\",\"width\":200,\"height\":70,\"caption\":\"Markt-XXL\"},\"image\":{\"@id\":\"https:\\\/\\\/marktxxl.de\\\/markt\\\/#\\\/schema\\\/logo\\\/image\\\/\"}}]}<\/script>\n<!-- \/ Yoast SEO plugin. -->","yoast_head_json":{"title":"essence all about matt! fixing compact powder, Puder, weiss, f\u00fcr Mischhaut, f\u00fcr trockene Haut, f\u00fcr unreine Haut\u2026 - Markt-XXL","description":"Markt-XXL essence all about matt! fixing compact powder, Puder, weiss, f\u00fcr Mischhaut, f\u00fcr trockene Haut, f\u00fcr unreine Haut\u2026","robots":{"index":"index","follow":"follow","max-snippet":"max-snippet:-1","max-image-preview":"max-image-preview:large","max-video-preview":"max-video-preview:-1"},"canonical":"https:\/\/marktxxl.de\/markt\/produkt\/essence-all-about-matt-fixing-compact-powder-puder-weiss-fuer-mischhaut-fuer-trockene-haut-fuer-unreine-haut-langanhaltend-mattierend-matt-vegan-nanopartikel-frei-8g\/","og_locale":"de_DE","og_type":"article","og_title":"essence all about matt! fixing compact powder, Puder, weiss, f\u00fcr Mischhaut, f\u00fcr trockene Haut, f\u00fcr unreine Haut\u2026 - Markt-XXL","og_description":"Markt-XXL essence all about matt! fixing compact powder, Puder, weiss, f\u00fcr Mischhaut, f\u00fcr trockene Haut, f\u00fcr unreine Haut\u2026","og_url":"https:\/\/marktxxl.de\/markt\/produkt\/essence-all-about-matt-fixing-compact-powder-puder-weiss-fuer-mischhaut-fuer-trockene-haut-fuer-unreine-haut-langanhaltend-mattierend-matt-vegan-nanopartikel-frei-8g\/","og_site_name":"Markt-XXL","article_modified_time":"2023-04-11T03:26:33+00:00","og_image":[{"width":500,"height":458,"url":"https:\/\/m.media-amazon.com\/images\/I\/510M0ZJWsIL._SL500_.jpg","type":"image\/jpeg"}],"twitter_card":"summary_large_image","twitter_misc":{"Gesch\u00e4tzte Lesezeit":"1\u00a0Minute"},"schema":{"@context":"https:\/\/schema.org","@graph":[{"@type":"WebPage","@id":"https:\/\/marktxxl.de\/markt\/produkt\/essence-all-about-matt-fixing-compact-powder-puder-weiss-fuer-mischhaut-fuer-trockene-haut-fuer-unreine-haut-langanhaltend-mattierend-matt-vegan-nanopartikel-frei-8g\/","url":"https:\/\/marktxxl.de\/markt\/produkt\/essence-all-about-matt-fixing-compact-powder-puder-weiss-fuer-mischhaut-fuer-trockene-haut-fuer-unreine-haut-langanhaltend-mattierend-matt-vegan-nanopartikel-frei-8g\/","name":"essence all about matt! fixing compact powder, Puder, weiss, f\u00fcr Mischhaut, f\u00fcr trockene Haut, f\u00fcr unreine Haut\u2026 - Markt-XXL","isPartOf":{"@id":"https:\/\/marktxxl.de\/markt\/#website"},"primaryImageOfPage":{"@id":"https:\/\/marktxxl.de\/markt\/produkt\/essence-all-about-matt-fixing-compact-powder-puder-weiss-fuer-mischhaut-fuer-trockene-haut-fuer-unreine-haut-langanhaltend-mattierend-matt-vegan-nanopartikel-frei-8g\/#primaryimage"},"image":{"@id":"https:\/\/marktxxl.de\/markt\/produkt\/essence-all-about-matt-fixing-compact-powder-puder-weiss-fuer-mischhaut-fuer-trockene-haut-fuer-unreine-haut-langanhaltend-mattierend-matt-vegan-nanopartikel-frei-8g\/#primaryimage"},"thumbnailUrl":"https:\/\/m.media-amazon.com\/images\/I\/510M0ZJWsIL._SL500_.jpg","datePublished":"2023-03-11T01:04:20+00:00","dateModified":"2023-04-11T03:26:33+00:00","description":"Markt-XXL essence all about matt! fixing compact powder, Puder, weiss, f\u00fcr Mischhaut, f\u00fcr trockene Haut, f\u00fcr unreine Haut\u2026","breadcrumb":{"@id":"https:\/\/marktxxl.de\/markt\/produkt\/essence-all-about-matt-fixing-compact-powder-puder-weiss-fuer-mischhaut-fuer-trockene-haut-fuer-unreine-haut-langanhaltend-mattierend-matt-vegan-nanopartikel-frei-8g\/#breadcrumb"},"inLanguage":"de","potentialAction":[{"@type":"ReadAction","target":["https:\/\/marktxxl.de\/markt\/produkt\/essence-all-about-matt-fixing-compact-powder-puder-weiss-fuer-mischhaut-fuer-trockene-haut-fuer-unreine-haut-langanhaltend-mattierend-matt-vegan-nanopartikel-frei-8g\/"]}]},{"@type":"ImageObject","inLanguage":"de","@id":"https:\/\/marktxxl.de\/markt\/produkt\/essence-all-about-matt-fixing-compact-powder-puder-weiss-fuer-mischhaut-fuer-trockene-haut-fuer-unreine-haut-langanhaltend-mattierend-matt-vegan-nanopartikel-frei-8g\/#primaryimage","url":"https:\/\/m.media-amazon.com\/images\/I\/510M0ZJWsIL._SL500_.jpg","contentUrl":"https:\/\/m.media-amazon.com\/images\/I\/510M0ZJWsIL._SL500_.jpg","width":500,"height":458},{"@type":"BreadcrumbList","@id":"https:\/\/marktxxl.de\/markt\/produkt\/essence-all-about-matt-fixing-compact-powder-puder-weiss-fuer-mischhaut-fuer-trockene-haut-fuer-unreine-haut-langanhaltend-mattierend-matt-vegan-nanopartikel-frei-8g\/#breadcrumb","itemListElement":[{"@type":"ListItem","position":1,"name":"Startseite","item":"https:\/\/marktxxl.de\/markt\/"},{"@type":"ListItem","position":2,"name":"Markt","item":"https:\/\/marktxxl.de\/markt\/"},{"@type":"ListItem","position":3,"name":"essence all about matt! fixing compact powder, Puder, weiss, f\u00fcr Mischhaut, f\u00fcr trockene Haut, f\u00fcr unreine Haut\u2026"}]},{"@type":"WebSite","@id":"https:\/\/marktxxl.de\/markt\/#website","url":"https:\/\/marktxxl.de\/markt\/","name":"Markt-XXL","description":"Ihr Markt Online","publisher":{"@id":"https:\/\/marktxxl.de\/markt\/#organization"},"potentialAction":[{"@type":"SearchAction","target":{"@type":"EntryPoint","urlTemplate":"https:\/\/marktxxl.de\/markt\/?s={search_term_string}"},"query-input":{"@type":"PropertyValueSpecification","valueRequired":true,"valueName":"search_term_string"}}],"inLanguage":"de"},{"@type":"Organization","@id":"https:\/\/marktxxl.de\/markt\/#organization","name":"Markt-XXL","url":"https:\/\/marktxxl.de\/markt\/","logo":{"@type":"ImageObject","inLanguage":"de","@id":"https:\/\/marktxxl.de\/markt\/#\/schema\/logo\/image\/","url":"https:\/\/marktxxl.de\/markt\/wp-content\/uploads\/sites\/3\/2020\/12\/logo.png","contentUrl":"https:\/\/marktxxl.de\/markt\/wp-content\/uploads\/sites\/3\/2020\/12\/logo.png","width":200,"height":70,"caption":"Markt-XXL"},"image":{"@id":"https:\/\/marktxxl.de\/markt\/#\/schema\/logo\/image\/"}}]}},"_links":{"self":[{"href":"https:\/\/marktxxl.de\/markt\/wp-json\/wp\/v2\/product\/192374","targetHints":{"allow":["GET"]}}],"collection":[{"href":"https:\/\/marktxxl.de\/markt\/wp-json\/wp\/v2\/product"}],"about":[{"href":"https:\/\/marktxxl.de\/markt\/wp-json\/wp\/v2\/types\/product"}],"replies":[{"embeddable":true,"href":"https:\/\/marktxxl.de\/markt\/wp-json\/wp\/v2\/comments?post=192374"}],"wp:featuredmedia":[{"embeddable":true,"href":"https:\/\/marktxxl.de\/markt\/wp-json\/wp\/v2\/media\/192375"}],"wp:attachment":[{"href":"https:\/\/marktxxl.de\/markt\/wp-json\/wp\/v2\/media?parent=192374"}],"wp:term":[{"taxonomy":"product_brand","embeddable":true,"href":"https:\/\/marktxxl.de\/markt\/wp-json\/wp\/v2\/product_brand?post=192374"},{"taxonomy":"product_cat","embeddable":true,"href":"https:\/\/marktxxl.de\/markt\/wp-json\/wp\/v2\/product_cat?post=192374"},{"taxonomy":"product_tag","embeddable":true,"href":"https:\/\/marktxxl.de\/markt\/wp-json\/wp\/v2\/product_tag?post=192374"}],"curies":[{"name":"wp","href":"https:\/\/api.w.org\/{rel}","templated":true}]}}