{"id":192321,"date":"2023-03-11T02:01:27","date_gmt":"2023-03-11T01:01:27","guid":{"rendered":"https:\/\/marktxxl.de\/markt\/produkt\/auauy-dreieck-makeup-puderquaste-gesicht-schwaemmchen-powder-puff-waschbar-wiederverwendbar-makeup-sponge-nass-trocken-make-up-werkzeug-fuer-loses-puder-oder-foundation-rouge\/"},"modified":"2023-04-11T05:26:32","modified_gmt":"2023-04-11T03:26:32","slug":"auauy-dreieck-makeup-puderquaste-gesicht-schwaemmchen-powder-puff-waschbar-wiederverwendbar-makeup-sponge-nass-trocken-make-up-werkzeug-fuer-loses-puder-oder-foundation-rouge","status":"publish","type":"product","link":"https:\/\/marktxxl.de\/markt\/produkt\/auauy-dreieck-makeup-puderquaste-gesicht-schwaemmchen-powder-puff-waschbar-wiederverwendbar-makeup-sponge-nass-trocken-make-up-werkzeug-fuer-loses-puder-oder-foundation-rouge\/","title":{"rendered":"AUAUY 6 PCS Dreieck Makeup Puderquaste, Gesicht Schw\u00e4mmchen Powder Puff, Waschbar Wiederverwendbar Makeup Sponge, Nass\u2026"},"content":{"rendered":"<p>\u3010INTIMATES DESIGN\u3011: Diese Puderquaste hat eine dreieckige und gekr\u00fcmmte Oberfl\u00e4che und die abgerundeten Kanten eignen sich f\u00fcr gro\u00dfe Fl\u00e4chen: Stirn, Wangen und Hals; Dreieckige Kanten zieren die Mundwinkel, um die Augen und die Nase und helfen Ihnen, Make-up schnell aufzutragen. Jeder Make-up-Puff wird mit einem Riemen geliefert, mit dem Sie Ihren Finger einf\u00fchren k\u00f6nnen, um den Puff einfach zu kontrollieren.<br \/>\n\u3010WEICH &amp; KOMFORTABEL\u3011: Unsere Puderquaste besteht aus weichem Schwamm, weich wie Samt, f\u00fchlt sich glatt an, zart und flauschig, kann nach Belieben gerieben werden und ist nicht leicht zu verformen. Geben Sie Ihnen eine angenehme Hautber\u00fchrung, damit Sie ein gutes Nutzungserlebnis haben.<br \/>\n\u3010WT UND TROCKENVERWENDUNG\u3011: Diese Puderquaste kann nass oder trocken verwendet werden, wodurch die Menge an Basis-Make-up gespart und ein leichtes und leichtes Make-up leicht erstellt werden kann. Machen Sie selbstbewusster und attraktiver. Unsere dreieckige Puderquaste ist eines der wichtigsten Werkzeuge f\u00fcr Make-up, den t\u00e4glichen Gebrauch oder professionelles Make-up und bietet Ihnen ein gutes Make-up-Erlebnis.<br \/>\n\u3010WASCHBAR &amp; WIEDERVERWENDBAR\u3011: Unsere Puffs k\u00f6nnen von Hand oder in der Maschine gewaschen werden. Bitte legen Sie es in einen W\u00e4schesack und waschen Sie es in der Waschmaschine. Achten Sie darauf, es nicht mit anderen dunklen Kleidungsst\u00fccken zu waschen, da der Puff leicht schmutzig wird. H\u00e4ngen Sie es nach dem Waschen an einem bel\u00fcfteten Ort zum Trocknen auf.<br \/>\n\u3010BREITES ANWENDUNGSBEREICH\u3011: Diese Puderquaste kann f\u00fcr fl\u00fcssige Foundation, Grundierung, BB-Creme, Sonnencreme, Rouge, loses Puder, Lidschatten, loses Puder, K\u00f6rperpuder, Concealer usw. verwendet werden, geeignet f\u00fcr fettige Haut, normal Haut, trockene Haut Hauttyp Haut, Mischhaut oder empfindliche Haut.<br \/>\n<div class=\"main-cross-sell\" data-asin=\"B0BMLW2LDJ\">\n\n\t<div class=\"WooZone-cross-sell-loader\">\n\t\t<div>\n\t\t\t<div id=\"floatingBarsG\">\n\t\t\t\t<div class=\"blockG\" id=\"rotateG_01\"><\/div>\n\t\t\t\t<div class=\"blockG\" id=\"rotateG_02\"><\/div>\n\t\t\t\t<div class=\"blockG\" id=\"rotateG_03\"><\/div>\n\t\t\t\t<div class=\"blockG\" id=\"rotateG_04\"><\/div>\n\t\t\t\t<div class=\"blockG\" id=\"rotateG_05\"><\/div>\n\t\t\t\t<div class=\"blockG\" id=\"rotateG_06\"><\/div>\n\t\t\t\t<div class=\"blockG\" id=\"rotateG_07\"><\/div>\n\t\t\t\t<div class=\"blockG\" id=\"rotateG_08\"><\/div>\n\t\t\t<\/div>\n\t\t\t<div class=\"WooZone-cross-sell-loader-text\"><\/div>\n\t\t<\/div>\n\t<\/div>\n\n\t\t\n<\/div>\n<div style=\"clear:both;\"><\/div><\/p>\n","protected":false},"excerpt":{"rendered":"<p>\u3010INTIMATES DESIGN\u3011: Diese Puderquaste hat eine dreieckige und gekr\u00fcmmte Oberfl\u00e4che und die abgerundeten Kanten eignen sich f\u00fcr gro\u00dfe Fl\u00e4chen: Stirn, Wangen und Hals; Dreieckige Kanten zieren die Mundwinkel, um die Augen und die Nase und helfen Ihnen, Make-up schnell aufzutragen. Jeder Make-up-Puff wird mit einem Riemen geliefert, mit dem Sie Ihren Finger einf\u00fchren k\u00f6nnen, um den Puff einfach zu kontrollieren.<br \/>\n\u3010WEICH &amp; KOMFORTABEL\u3011: Unsere Puderquaste besteht aus weichem Schwamm, weich wie Samt, f\u00fchlt sich glatt an, zart und flauschig, kann nach Belieben gerieben werden und ist nicht leicht zu verformen. Geben Sie Ihnen eine angenehme Hautber\u00fchrung, damit Sie ein gutes Nutzungserlebnis haben.<br \/>\n\u3010WT UND TROCKENVERWENDUNG\u3011: Diese Puderquaste kann nass oder trocken verwendet werden, wodurch die Menge an Basis-Make-up gespart und ein leichtes und leichtes Make-up leicht erstellt werden kann. Machen Sie selbstbewusster und attraktiver. Unsere dreieckige Puderquaste ist eines der wichtigsten Werkzeuge f\u00fcr Make-up, den t\u00e4glichen Gebrauch oder professionelles Make-up und bietet Ihnen ein gutes Make-up-Erlebnis.<\/p>\n","protected":false},"featured_media":192322,"comment_status":"open","ping_status":"closed","template":"","meta":[],"product_brand":[],"product_cat":[2858,7575],"product_tag":[],"class_list":{"0":"post-192321","1":"product","2":"type-product","3":"status-publish","4":"has-post-thumbnail","6":"product_cat-beauty","7":"product_cat-make-up","8":"pa_brand-auauy","9":"pa_manufacturer-lairi","11":"first","12":"instock","13":"shipping-taxable","14":"purchasable","15":"product-type-simple","16":"customify-col","17":"product-has-gallery"},"yoast_head":"<!-- This site is optimized with the Yoast SEO plugin v27.4 - https:\/\/yoast.com\/product\/yoast-seo-wordpress\/ -->\n<title>AUAUY 6 PCS Dreieck Makeup Puderquaste, Gesicht Schw\u00e4mmchen Powder Puff, Waschbar Wiederverwendbar Makeup Sponge, Nass\u2026 - Markt-XXL<\/title>\n<meta name=\"description\" content=\"Markt-XXL AUAUY 6 PCS Dreieck Makeup Puderquaste, Gesicht Schw\u00e4mmchen Powder Puff, Waschbar Wiederverwendbar Makeup Sponge, Nass\u2026\" \/>\n<meta name=\"robots\" content=\"index, follow, max-snippet:-1, max-image-preview:large, max-video-preview:-1\" \/>\n<link rel=\"canonical\" href=\"https:\/\/marktxxl.de\/markt\/produkt\/auauy-dreieck-makeup-puderquaste-gesicht-schwaemmchen-powder-puff-waschbar-wiederverwendbar-makeup-sponge-nass-trocken-make-up-werkzeug-fuer-loses-puder-oder-foundation-rouge\/\" \/>\n<meta property=\"og:locale\" content=\"de_DE\" \/>\n<meta property=\"og:type\" content=\"article\" \/>\n<meta property=\"og:title\" content=\"AUAUY 6 PCS Dreieck Makeup Puderquaste, Gesicht Schw\u00e4mmchen Powder Puff, Waschbar Wiederverwendbar Makeup Sponge, Nass\u2026 - Markt-XXL\" \/>\n<meta property=\"og:description\" content=\"Markt-XXL AUAUY 6 PCS Dreieck Makeup Puderquaste, Gesicht Schw\u00e4mmchen Powder Puff, Waschbar Wiederverwendbar Makeup Sponge, Nass\u2026\" \/>\n<meta property=\"og:url\" content=\"https:\/\/marktxxl.de\/markt\/produkt\/auauy-dreieck-makeup-puderquaste-gesicht-schwaemmchen-powder-puff-waschbar-wiederverwendbar-makeup-sponge-nass-trocken-make-up-werkzeug-fuer-loses-puder-oder-foundation-rouge\/\" \/>\n<meta property=\"og:site_name\" content=\"Markt-XXL\" \/>\n<meta property=\"article:modified_time\" content=\"2023-04-11T03:26:32+00:00\" \/>\n<meta property=\"og:image\" content=\"https:\/\/m.media-amazon.com\/images\/I\/41HwGWxayjL._SL500_.jpg\" \/>\n\t<meta property=\"og:image:width\" content=\"500\" \/>\n\t<meta property=\"og:image:height\" content=\"500\" \/>\n\t<meta property=\"og:image:type\" content=\"image\/jpeg\" \/>\n<meta name=\"twitter:card\" content=\"summary_large_image\" \/>\n<meta name=\"twitter:label1\" content=\"Gesch\u00e4tzte Lesezeit\" \/>\n\t<meta name=\"twitter:data1\" content=\"1\u00a0Minute\" \/>\n<script type=\"application\/ld+json\" class=\"yoast-schema-graph\">{\"@context\":\"https:\\\/\\\/schema.org\",\"@graph\":[{\"@type\":\"WebPage\",\"@id\":\"https:\\\/\\\/marktxxl.de\\\/markt\\\/produkt\\\/auauy-dreieck-makeup-puderquaste-gesicht-schwaemmchen-powder-puff-waschbar-wiederverwendbar-makeup-sponge-nass-trocken-make-up-werkzeug-fuer-loses-puder-oder-foundation-rouge\\\/\",\"url\":\"https:\\\/\\\/marktxxl.de\\\/markt\\\/produkt\\\/auauy-dreieck-makeup-puderquaste-gesicht-schwaemmchen-powder-puff-waschbar-wiederverwendbar-makeup-sponge-nass-trocken-make-up-werkzeug-fuer-loses-puder-oder-foundation-rouge\\\/\",\"name\":\"AUAUY 6 PCS Dreieck Makeup Puderquaste, Gesicht Schw\u00e4mmchen Powder Puff, Waschbar Wiederverwendbar Makeup Sponge, Nass\u2026 - Markt-XXL\",\"isPartOf\":{\"@id\":\"https:\\\/\\\/marktxxl.de\\\/markt\\\/#website\"},\"primaryImageOfPage\":{\"@id\":\"https:\\\/\\\/marktxxl.de\\\/markt\\\/produkt\\\/auauy-dreieck-makeup-puderquaste-gesicht-schwaemmchen-powder-puff-waschbar-wiederverwendbar-makeup-sponge-nass-trocken-make-up-werkzeug-fuer-loses-puder-oder-foundation-rouge\\\/#primaryimage\"},\"image\":{\"@id\":\"https:\\\/\\\/marktxxl.de\\\/markt\\\/produkt\\\/auauy-dreieck-makeup-puderquaste-gesicht-schwaemmchen-powder-puff-waschbar-wiederverwendbar-makeup-sponge-nass-trocken-make-up-werkzeug-fuer-loses-puder-oder-foundation-rouge\\\/#primaryimage\"},\"thumbnailUrl\":\"https:\\\/\\\/m.media-amazon.com\\\/images\\\/I\\\/41HwGWxayjL._SL500_.jpg\",\"datePublished\":\"2023-03-11T01:01:27+00:00\",\"dateModified\":\"2023-04-11T03:26:32+00:00\",\"description\":\"Markt-XXL AUAUY 6 PCS Dreieck Makeup Puderquaste, Gesicht Schw\u00e4mmchen Powder Puff, Waschbar Wiederverwendbar Makeup Sponge, Nass\u2026\",\"breadcrumb\":{\"@id\":\"https:\\\/\\\/marktxxl.de\\\/markt\\\/produkt\\\/auauy-dreieck-makeup-puderquaste-gesicht-schwaemmchen-powder-puff-waschbar-wiederverwendbar-makeup-sponge-nass-trocken-make-up-werkzeug-fuer-loses-puder-oder-foundation-rouge\\\/#breadcrumb\"},\"inLanguage\":\"de\",\"potentialAction\":[{\"@type\":\"ReadAction\",\"target\":[\"https:\\\/\\\/marktxxl.de\\\/markt\\\/produkt\\\/auauy-dreieck-makeup-puderquaste-gesicht-schwaemmchen-powder-puff-waschbar-wiederverwendbar-makeup-sponge-nass-trocken-make-up-werkzeug-fuer-loses-puder-oder-foundation-rouge\\\/\"]}]},{\"@type\":\"ImageObject\",\"inLanguage\":\"de\",\"@id\":\"https:\\\/\\\/marktxxl.de\\\/markt\\\/produkt\\\/auauy-dreieck-makeup-puderquaste-gesicht-schwaemmchen-powder-puff-waschbar-wiederverwendbar-makeup-sponge-nass-trocken-make-up-werkzeug-fuer-loses-puder-oder-foundation-rouge\\\/#primaryimage\",\"url\":\"https:\\\/\\\/m.media-amazon.com\\\/images\\\/I\\\/41HwGWxayjL._SL500_.jpg\",\"contentUrl\":\"https:\\\/\\\/m.media-amazon.com\\\/images\\\/I\\\/41HwGWxayjL._SL500_.jpg\",\"width\":500,\"height\":500},{\"@type\":\"BreadcrumbList\",\"@id\":\"https:\\\/\\\/marktxxl.de\\\/markt\\\/produkt\\\/auauy-dreieck-makeup-puderquaste-gesicht-schwaemmchen-powder-puff-waschbar-wiederverwendbar-makeup-sponge-nass-trocken-make-up-werkzeug-fuer-loses-puder-oder-foundation-rouge\\\/#breadcrumb\",\"itemListElement\":[{\"@type\":\"ListItem\",\"position\":1,\"name\":\"Startseite\",\"item\":\"https:\\\/\\\/marktxxl.de\\\/markt\\\/\"},{\"@type\":\"ListItem\",\"position\":2,\"name\":\"Markt\",\"item\":\"https:\\\/\\\/marktxxl.de\\\/markt\\\/\"},{\"@type\":\"ListItem\",\"position\":3,\"name\":\"AUAUY 6 PCS Dreieck Makeup Puderquaste, Gesicht Schw\u00e4mmchen Powder Puff, Waschbar Wiederverwendbar Makeup Sponge, Nass\u2026\"}]},{\"@type\":\"WebSite\",\"@id\":\"https:\\\/\\\/marktxxl.de\\\/markt\\\/#website\",\"url\":\"https:\\\/\\\/marktxxl.de\\\/markt\\\/\",\"name\":\"Markt-XXL\",\"description\":\"Ihr Markt Online\",\"publisher\":{\"@id\":\"https:\\\/\\\/marktxxl.de\\\/markt\\\/#organization\"},\"potentialAction\":[{\"@type\":\"SearchAction\",\"target\":{\"@type\":\"EntryPoint\",\"urlTemplate\":\"https:\\\/\\\/marktxxl.de\\\/markt\\\/?s={search_term_string}\"},\"query-input\":{\"@type\":\"PropertyValueSpecification\",\"valueRequired\":true,\"valueName\":\"search_term_string\"}}],\"inLanguage\":\"de\"},{\"@type\":\"Organization\",\"@id\":\"https:\\\/\\\/marktxxl.de\\\/markt\\\/#organization\",\"name\":\"Markt-XXL\",\"url\":\"https:\\\/\\\/marktxxl.de\\\/markt\\\/\",\"logo\":{\"@type\":\"ImageObject\",\"inLanguage\":\"de\",\"@id\":\"https:\\\/\\\/marktxxl.de\\\/markt\\\/#\\\/schema\\\/logo\\\/image\\\/\",\"url\":\"https:\\\/\\\/marktxxl.de\\\/markt\\\/wp-content\\\/uploads\\\/sites\\\/3\\\/2020\\\/12\\\/logo.png\",\"contentUrl\":\"https:\\\/\\\/marktxxl.de\\\/markt\\\/wp-content\\\/uploads\\\/sites\\\/3\\\/2020\\\/12\\\/logo.png\",\"width\":200,\"height\":70,\"caption\":\"Markt-XXL\"},\"image\":{\"@id\":\"https:\\\/\\\/marktxxl.de\\\/markt\\\/#\\\/schema\\\/logo\\\/image\\\/\"}}]}<\/script>\n<!-- \/ Yoast SEO plugin. -->","yoast_head_json":{"title":"AUAUY 6 PCS Dreieck Makeup Puderquaste, Gesicht Schw\u00e4mmchen Powder Puff, Waschbar Wiederverwendbar Makeup Sponge, Nass\u2026 - Markt-XXL","description":"Markt-XXL AUAUY 6 PCS Dreieck Makeup Puderquaste, Gesicht Schw\u00e4mmchen Powder Puff, Waschbar Wiederverwendbar Makeup Sponge, Nass\u2026","robots":{"index":"index","follow":"follow","max-snippet":"max-snippet:-1","max-image-preview":"max-image-preview:large","max-video-preview":"max-video-preview:-1"},"canonical":"https:\/\/marktxxl.de\/markt\/produkt\/auauy-dreieck-makeup-puderquaste-gesicht-schwaemmchen-powder-puff-waschbar-wiederverwendbar-makeup-sponge-nass-trocken-make-up-werkzeug-fuer-loses-puder-oder-foundation-rouge\/","og_locale":"de_DE","og_type":"article","og_title":"AUAUY 6 PCS Dreieck Makeup Puderquaste, Gesicht Schw\u00e4mmchen Powder Puff, Waschbar Wiederverwendbar Makeup Sponge, Nass\u2026 - Markt-XXL","og_description":"Markt-XXL AUAUY 6 PCS Dreieck Makeup Puderquaste, Gesicht Schw\u00e4mmchen Powder Puff, Waschbar Wiederverwendbar Makeup Sponge, Nass\u2026","og_url":"https:\/\/marktxxl.de\/markt\/produkt\/auauy-dreieck-makeup-puderquaste-gesicht-schwaemmchen-powder-puff-waschbar-wiederverwendbar-makeup-sponge-nass-trocken-make-up-werkzeug-fuer-loses-puder-oder-foundation-rouge\/","og_site_name":"Markt-XXL","article_modified_time":"2023-04-11T03:26:32+00:00","og_image":[{"width":500,"height":500,"url":"https:\/\/m.media-amazon.com\/images\/I\/41HwGWxayjL._SL500_.jpg","type":"image\/jpeg"}],"twitter_card":"summary_large_image","twitter_misc":{"Gesch\u00e4tzte Lesezeit":"1\u00a0Minute"},"schema":{"@context":"https:\/\/schema.org","@graph":[{"@type":"WebPage","@id":"https:\/\/marktxxl.de\/markt\/produkt\/auauy-dreieck-makeup-puderquaste-gesicht-schwaemmchen-powder-puff-waschbar-wiederverwendbar-makeup-sponge-nass-trocken-make-up-werkzeug-fuer-loses-puder-oder-foundation-rouge\/","url":"https:\/\/marktxxl.de\/markt\/produkt\/auauy-dreieck-makeup-puderquaste-gesicht-schwaemmchen-powder-puff-waschbar-wiederverwendbar-makeup-sponge-nass-trocken-make-up-werkzeug-fuer-loses-puder-oder-foundation-rouge\/","name":"AUAUY 6 PCS Dreieck Makeup Puderquaste, Gesicht Schw\u00e4mmchen Powder Puff, Waschbar Wiederverwendbar Makeup Sponge, Nass\u2026 - Markt-XXL","isPartOf":{"@id":"https:\/\/marktxxl.de\/markt\/#website"},"primaryImageOfPage":{"@id":"https:\/\/marktxxl.de\/markt\/produkt\/auauy-dreieck-makeup-puderquaste-gesicht-schwaemmchen-powder-puff-waschbar-wiederverwendbar-makeup-sponge-nass-trocken-make-up-werkzeug-fuer-loses-puder-oder-foundation-rouge\/#primaryimage"},"image":{"@id":"https:\/\/marktxxl.de\/markt\/produkt\/auauy-dreieck-makeup-puderquaste-gesicht-schwaemmchen-powder-puff-waschbar-wiederverwendbar-makeup-sponge-nass-trocken-make-up-werkzeug-fuer-loses-puder-oder-foundation-rouge\/#primaryimage"},"thumbnailUrl":"https:\/\/m.media-amazon.com\/images\/I\/41HwGWxayjL._SL500_.jpg","datePublished":"2023-03-11T01:01:27+00:00","dateModified":"2023-04-11T03:26:32+00:00","description":"Markt-XXL AUAUY 6 PCS Dreieck Makeup Puderquaste, Gesicht Schw\u00e4mmchen Powder Puff, Waschbar Wiederverwendbar Makeup Sponge, Nass\u2026","breadcrumb":{"@id":"https:\/\/marktxxl.de\/markt\/produkt\/auauy-dreieck-makeup-puderquaste-gesicht-schwaemmchen-powder-puff-waschbar-wiederverwendbar-makeup-sponge-nass-trocken-make-up-werkzeug-fuer-loses-puder-oder-foundation-rouge\/#breadcrumb"},"inLanguage":"de","potentialAction":[{"@type":"ReadAction","target":["https:\/\/marktxxl.de\/markt\/produkt\/auauy-dreieck-makeup-puderquaste-gesicht-schwaemmchen-powder-puff-waschbar-wiederverwendbar-makeup-sponge-nass-trocken-make-up-werkzeug-fuer-loses-puder-oder-foundation-rouge\/"]}]},{"@type":"ImageObject","inLanguage":"de","@id":"https:\/\/marktxxl.de\/markt\/produkt\/auauy-dreieck-makeup-puderquaste-gesicht-schwaemmchen-powder-puff-waschbar-wiederverwendbar-makeup-sponge-nass-trocken-make-up-werkzeug-fuer-loses-puder-oder-foundation-rouge\/#primaryimage","url":"https:\/\/m.media-amazon.com\/images\/I\/41HwGWxayjL._SL500_.jpg","contentUrl":"https:\/\/m.media-amazon.com\/images\/I\/41HwGWxayjL._SL500_.jpg","width":500,"height":500},{"@type":"BreadcrumbList","@id":"https:\/\/marktxxl.de\/markt\/produkt\/auauy-dreieck-makeup-puderquaste-gesicht-schwaemmchen-powder-puff-waschbar-wiederverwendbar-makeup-sponge-nass-trocken-make-up-werkzeug-fuer-loses-puder-oder-foundation-rouge\/#breadcrumb","itemListElement":[{"@type":"ListItem","position":1,"name":"Startseite","item":"https:\/\/marktxxl.de\/markt\/"},{"@type":"ListItem","position":2,"name":"Markt","item":"https:\/\/marktxxl.de\/markt\/"},{"@type":"ListItem","position":3,"name":"AUAUY 6 PCS Dreieck Makeup Puderquaste, Gesicht Schw\u00e4mmchen Powder Puff, Waschbar Wiederverwendbar Makeup Sponge, Nass\u2026"}]},{"@type":"WebSite","@id":"https:\/\/marktxxl.de\/markt\/#website","url":"https:\/\/marktxxl.de\/markt\/","name":"Markt-XXL","description":"Ihr Markt Online","publisher":{"@id":"https:\/\/marktxxl.de\/markt\/#organization"},"potentialAction":[{"@type":"SearchAction","target":{"@type":"EntryPoint","urlTemplate":"https:\/\/marktxxl.de\/markt\/?s={search_term_string}"},"query-input":{"@type":"PropertyValueSpecification","valueRequired":true,"valueName":"search_term_string"}}],"inLanguage":"de"},{"@type":"Organization","@id":"https:\/\/marktxxl.de\/markt\/#organization","name":"Markt-XXL","url":"https:\/\/marktxxl.de\/markt\/","logo":{"@type":"ImageObject","inLanguage":"de","@id":"https:\/\/marktxxl.de\/markt\/#\/schema\/logo\/image\/","url":"https:\/\/marktxxl.de\/markt\/wp-content\/uploads\/sites\/3\/2020\/12\/logo.png","contentUrl":"https:\/\/marktxxl.de\/markt\/wp-content\/uploads\/sites\/3\/2020\/12\/logo.png","width":200,"height":70,"caption":"Markt-XXL"},"image":{"@id":"https:\/\/marktxxl.de\/markt\/#\/schema\/logo\/image\/"}}]}},"_links":{"self":[{"href":"https:\/\/marktxxl.de\/markt\/wp-json\/wp\/v2\/product\/192321","targetHints":{"allow":["GET"]}}],"collection":[{"href":"https:\/\/marktxxl.de\/markt\/wp-json\/wp\/v2\/product"}],"about":[{"href":"https:\/\/marktxxl.de\/markt\/wp-json\/wp\/v2\/types\/product"}],"replies":[{"embeddable":true,"href":"https:\/\/marktxxl.de\/markt\/wp-json\/wp\/v2\/comments?post=192321"}],"wp:featuredmedia":[{"embeddable":true,"href":"https:\/\/marktxxl.de\/markt\/wp-json\/wp\/v2\/media\/192322"}],"wp:attachment":[{"href":"https:\/\/marktxxl.de\/markt\/wp-json\/wp\/v2\/media?parent=192321"}],"wp:term":[{"taxonomy":"product_brand","embeddable":true,"href":"https:\/\/marktxxl.de\/markt\/wp-json\/wp\/v2\/product_brand?post=192321"},{"taxonomy":"product_cat","embeddable":true,"href":"https:\/\/marktxxl.de\/markt\/wp-json\/wp\/v2\/product_cat?post=192321"},{"taxonomy":"product_tag","embeddable":true,"href":"https:\/\/marktxxl.de\/markt\/wp-json\/wp\/v2\/product_tag?post=192321"}],"curies":[{"name":"wp","href":"https:\/\/api.w.org\/{rel}","templated":true}]}}