{"id":192178,"date":"2023-03-11T01:13:54","date_gmt":"2023-03-11T00:13:54","guid":{"rendered":"https:\/\/marktxxl.de\/markt\/produkt\/toptes-pt520a-gasmelder-gaslecksuchgeraet-mit-einer-43-5cm-schlauchsonde-lokalisierung-von-leckquellen-fuer-brennbare-gase-wie-methan-propan-inkl-batterie-x3-gruen\/"},"modified":"2023-04-11T05:26:28","modified_gmt":"2023-04-11T03:26:28","slug":"toptes-pt520a-gasmelder-gaslecksuchgeraet-mit-einer-43-5cm-schlauchsonde-lokalisierung-von-leckquellen-fuer-brennbare-gase-wie-methan-propan-inkl-batterie-x3-gruen","status":"publish","type":"product","link":"https:\/\/marktxxl.de\/markt\/produkt\/toptes-pt520a-gasmelder-gaslecksuchgeraet-mit-einer-43-5cm-schlauchsonde-lokalisierung-von-leckquellen-fuer-brennbare-gase-wie-methan-propan-inkl-batterie-x3-gruen\/","title":{"rendered":"TopTes PT520A Gasmelder, Gaslecksuchger\u00e4t mit einer 43.5cm Schlauchsonde, Lokalisierung von Leckquellen f\u00fcr Brennbare\u2026"},"content":{"rendered":"<p>[Effektiver Gasleckdetektor] TOPTES PT520A kann Ihnen helfen, Gaslecks verschiedener brennbarer Gase in engen R\u00e4umen genau zu lokalisieren, wie z.B. Methan, Erdgas, Propan, LPG, Benzin, etc. *Hinweis: Bitte erlauben Sie 30 Sekunden Aufw\u00e4rmzeit vor dem Betrieb<br \/>\n[Flexible Sonde Einfach zu verwenden] Mit flexiblem 17-Zoll-Schwanenhals (in jede Richtung biegbar) kann der tragbare Gaslecksucher auch an schwer zug\u00e4nglichen Stellen wie Erdgasleitungen, Propantanks, Gaskaminen, Abwasserkan\u00e4len, Kellern, Wohnmobilen und anderen engen Bereichen eingesetzt werden. Er kann \u00fcberallhin mitgenommen werden, um Lecks zu finden, egal ob im Freien oder in Innenr\u00e4umen.<br \/>\n[Optischer &amp; akustischer Alarm] Der PT520A reagiert schnell innerhalb von 0,5 Sekunden, wenn Gas entdeckt wird. Sieben farbige analoge Balken und ein akustischer 75dB-Summer helfen Ihnen, den Ort des Gaslecks zu lokalisieren. Beide erh\u00f6hen sich mit der Konzentration der brennbaren Gase. Erfassungsbereich: 50 bis 10.000 ppm (*Basierend auf Methan)<br \/>\n[Benutzerfreundliche Funktionen] Aktivieren oder deaktivieren Sie die automatische Abschaltfunktion \u00fcber die APO-Taste. Wenn Sie diese Funktion deaktivieren, schaltet sich der Detektor nach 10 Minuten Inaktivit\u00e4t aus, um Strom zu sparen. Au\u00dferdem k\u00f6nnen Sie den akustischen Alarm \u00fcber die Stummschalttaste abschalten, um Alarmger\u00e4usche zu vermeiden. Das doppelseitige, stabf\u00f6rmige Rillendesign und das rutschfeste Material machen ihn verschlei\u00dffest und er liegt immer gut in der Hand<br \/>\n[Was Sie bekommen] 1\u00d7PT520A Gasleckdetektor, 3\u00d7AAA Batterien, 1\u00d7Schutzh\u00fclle, 1\u00d7Benutzerhandbuch. Wir bieten einen 36-monatigen Kundendienst und lebenslangen technischen Support. Bitte kontaktieren Sie uns, wenn Sie irgendwelche Fragen oder Bedenken haben.<br \/>\n<div class=\"main-cross-sell\" data-asin=\"B0BR9WWRPY\">\n\n\t<div class=\"WooZone-cross-sell-loader\">\n\t\t<div>\n\t\t\t<div id=\"floatingBarsG\">\n\t\t\t\t<div class=\"blockG\" id=\"rotateG_01\"><\/div>\n\t\t\t\t<div class=\"blockG\" id=\"rotateG_02\"><\/div>\n\t\t\t\t<div class=\"blockG\" id=\"rotateG_03\"><\/div>\n\t\t\t\t<div class=\"blockG\" id=\"rotateG_04\"><\/div>\n\t\t\t\t<div class=\"blockG\" id=\"rotateG_05\"><\/div>\n\t\t\t\t<div class=\"blockG\" id=\"rotateG_06\"><\/div>\n\t\t\t\t<div class=\"blockG\" id=\"rotateG_07\"><\/div>\n\t\t\t\t<div class=\"blockG\" id=\"rotateG_08\"><\/div>\n\t\t\t<\/div>\n\t\t\t<div class=\"WooZone-cross-sell-loader-text\"><\/div>\n\t\t<\/div>\n\t<\/div>\n\n\t\t\n<\/div>\n<div style=\"clear:both;\"><\/div><\/p>\n","protected":false},"excerpt":{"rendered":"<p>[Effektiver Gasleckdetektor] TOPTES PT520A kann Ihnen helfen, Gaslecks verschiedener brennbarer Gase in engen R\u00e4umen genau zu lokalisieren, wie z.B. Methan, Erdgas, Propan, LPG, Benzin, etc. *Hinweis: Bitte erlauben Sie 30 Sekunden Aufw\u00e4rmzeit vor dem Betrieb<br \/>\n[Flexible Sonde Einfach zu verwenden] Mit flexiblem 17-Zoll-Schwanenhals (in jede Richtung biegbar) kann der tragbare Gaslecksucher auch an schwer zug\u00e4nglichen Stellen wie Erdgasleitungen, Propantanks, Gaskaminen, Abwasserkan\u00e4len, Kellern, Wohnmobilen und anderen engen Bereichen eingesetzt werden. Er kann \u00fcberallhin mitgenommen werden, um Lecks zu finden, egal ob im Freien oder in Innenr\u00e4umen.<br \/>\n[Optischer &amp; akustischer Alarm] Der PT520A reagiert schnell innerhalb von 0,5 Sekunden, wenn Gas entdeckt wird. Sieben farbige analoge Balken und ein akustischer 75dB-Summer helfen Ihnen, den Ort des Gaslecks zu lokalisieren. Beide erh\u00f6hen sich mit der Konzentration der brennbaren Gase. Erfassungsbereich: 50 bis 10.000 ppm (*Basierend auf Methan)<\/p>\n","protected":false},"featured_media":192179,"comment_status":"open","ping_status":"closed","template":"","meta":[],"product_brand":[],"product_cat":[1983,11380],"product_tag":[],"class_list":{"0":"post-192178","1":"product","2":"type-product","3":"status-publish","4":"has-post-thumbnail","6":"product_cat-baumarkt","7":"product_cat-sicherheitstechnik","8":"pa_binding-werkzeug","9":"pa_brand-toptes","10":"pa_color-gruen","11":"pa_manufacturer-toptes","12":"pa_model-pt520a","14":"first","15":"instock","16":"shipping-taxable","17":"purchasable","18":"product-type-simple","19":"customify-col","20":"product-has-gallery"},"yoast_head":"<!-- This site is optimized with the Yoast SEO plugin v27.3 - https:\/\/yoast.com\/product\/yoast-seo-wordpress\/ -->\n<title>TopTes PT520A Gasmelder, Gaslecksuchger\u00e4t mit einer 43.5cm Schlauchsonde, Lokalisierung von Leckquellen f\u00fcr Brennbare\u2026 - Markt-XXL<\/title>\n<meta name=\"description\" content=\"Markt-XXL TopTes PT520A Gasmelder, Gaslecksuchger\u00e4t mit einer 43.5cm Schlauchsonde, Lokalisierung von Leckquellen f\u00fcr Brennbare\u2026\" \/>\n<meta name=\"robots\" content=\"index, follow, max-snippet:-1, max-image-preview:large, max-video-preview:-1\" \/>\n<link rel=\"canonical\" href=\"https:\/\/marktxxl.de\/markt\/produkt\/toptes-pt520a-gasmelder-gaslecksuchgeraet-mit-einer-43-5cm-schlauchsonde-lokalisierung-von-leckquellen-fuer-brennbare-gase-wie-methan-propan-inkl-batterie-x3-gruen\/\" \/>\n<meta property=\"og:locale\" content=\"de_DE\" \/>\n<meta property=\"og:type\" content=\"article\" \/>\n<meta property=\"og:title\" content=\"TopTes PT520A Gasmelder, Gaslecksuchger\u00e4t mit einer 43.5cm Schlauchsonde, Lokalisierung von Leckquellen f\u00fcr Brennbare\u2026 - Markt-XXL\" \/>\n<meta property=\"og:description\" content=\"Markt-XXL TopTes PT520A Gasmelder, Gaslecksuchger\u00e4t mit einer 43.5cm Schlauchsonde, Lokalisierung von Leckquellen f\u00fcr Brennbare\u2026\" \/>\n<meta property=\"og:url\" content=\"https:\/\/marktxxl.de\/markt\/produkt\/toptes-pt520a-gasmelder-gaslecksuchgeraet-mit-einer-43-5cm-schlauchsonde-lokalisierung-von-leckquellen-fuer-brennbare-gase-wie-methan-propan-inkl-batterie-x3-gruen\/\" \/>\n<meta property=\"og:site_name\" content=\"Markt-XXL\" \/>\n<meta property=\"article:modified_time\" content=\"2023-04-11T03:26:28+00:00\" \/>\n<meta property=\"og:image\" content=\"https:\/\/m.media-amazon.com\/images\/I\/41oXEb1DWEL._SL500_.jpg\" \/>\n\t<meta property=\"og:image:width\" content=\"375\" \/>\n\t<meta property=\"og:image:height\" content=\"500\" \/>\n\t<meta property=\"og:image:type\" content=\"image\/jpeg\" \/>\n<meta name=\"twitter:card\" content=\"summary_large_image\" \/>\n<meta name=\"twitter:label1\" content=\"Gesch\u00e4tzte Lesezeit\" \/>\n\t<meta name=\"twitter:data1\" content=\"1\u00a0Minute\" \/>\n<script type=\"application\/ld+json\" class=\"yoast-schema-graph\">{\"@context\":\"https:\\\/\\\/schema.org\",\"@graph\":[{\"@type\":\"WebPage\",\"@id\":\"https:\\\/\\\/marktxxl.de\\\/markt\\\/produkt\\\/toptes-pt520a-gasmelder-gaslecksuchgeraet-mit-einer-43-5cm-schlauchsonde-lokalisierung-von-leckquellen-fuer-brennbare-gase-wie-methan-propan-inkl-batterie-x3-gruen\\\/\",\"url\":\"https:\\\/\\\/marktxxl.de\\\/markt\\\/produkt\\\/toptes-pt520a-gasmelder-gaslecksuchgeraet-mit-einer-43-5cm-schlauchsonde-lokalisierung-von-leckquellen-fuer-brennbare-gase-wie-methan-propan-inkl-batterie-x3-gruen\\\/\",\"name\":\"TopTes PT520A Gasmelder, Gaslecksuchger\u00e4t mit einer 43.5cm Schlauchsonde, Lokalisierung von Leckquellen f\u00fcr Brennbare\u2026 - Markt-XXL\",\"isPartOf\":{\"@id\":\"https:\\\/\\\/marktxxl.de\\\/markt\\\/#website\"},\"primaryImageOfPage\":{\"@id\":\"https:\\\/\\\/marktxxl.de\\\/markt\\\/produkt\\\/toptes-pt520a-gasmelder-gaslecksuchgeraet-mit-einer-43-5cm-schlauchsonde-lokalisierung-von-leckquellen-fuer-brennbare-gase-wie-methan-propan-inkl-batterie-x3-gruen\\\/#primaryimage\"},\"image\":{\"@id\":\"https:\\\/\\\/marktxxl.de\\\/markt\\\/produkt\\\/toptes-pt520a-gasmelder-gaslecksuchgeraet-mit-einer-43-5cm-schlauchsonde-lokalisierung-von-leckquellen-fuer-brennbare-gase-wie-methan-propan-inkl-batterie-x3-gruen\\\/#primaryimage\"},\"thumbnailUrl\":\"https:\\\/\\\/m.media-amazon.com\\\/images\\\/I\\\/41oXEb1DWEL._SL500_.jpg\",\"datePublished\":\"2023-03-11T00:13:54+00:00\",\"dateModified\":\"2023-04-11T03:26:28+00:00\",\"description\":\"Markt-XXL TopTes PT520A Gasmelder, Gaslecksuchger\u00e4t mit einer 43.5cm Schlauchsonde, Lokalisierung von Leckquellen f\u00fcr Brennbare\u2026\",\"breadcrumb\":{\"@id\":\"https:\\\/\\\/marktxxl.de\\\/markt\\\/produkt\\\/toptes-pt520a-gasmelder-gaslecksuchgeraet-mit-einer-43-5cm-schlauchsonde-lokalisierung-von-leckquellen-fuer-brennbare-gase-wie-methan-propan-inkl-batterie-x3-gruen\\\/#breadcrumb\"},\"inLanguage\":\"de\",\"potentialAction\":[{\"@type\":\"ReadAction\",\"target\":[\"https:\\\/\\\/marktxxl.de\\\/markt\\\/produkt\\\/toptes-pt520a-gasmelder-gaslecksuchgeraet-mit-einer-43-5cm-schlauchsonde-lokalisierung-von-leckquellen-fuer-brennbare-gase-wie-methan-propan-inkl-batterie-x3-gruen\\\/\"]}]},{\"@type\":\"ImageObject\",\"inLanguage\":\"de\",\"@id\":\"https:\\\/\\\/marktxxl.de\\\/markt\\\/produkt\\\/toptes-pt520a-gasmelder-gaslecksuchgeraet-mit-einer-43-5cm-schlauchsonde-lokalisierung-von-leckquellen-fuer-brennbare-gase-wie-methan-propan-inkl-batterie-x3-gruen\\\/#primaryimage\",\"url\":\"https:\\\/\\\/m.media-amazon.com\\\/images\\\/I\\\/41oXEb1DWEL._SL500_.jpg\",\"contentUrl\":\"https:\\\/\\\/m.media-amazon.com\\\/images\\\/I\\\/41oXEb1DWEL._SL500_.jpg\",\"width\":375,\"height\":500},{\"@type\":\"BreadcrumbList\",\"@id\":\"https:\\\/\\\/marktxxl.de\\\/markt\\\/produkt\\\/toptes-pt520a-gasmelder-gaslecksuchgeraet-mit-einer-43-5cm-schlauchsonde-lokalisierung-von-leckquellen-fuer-brennbare-gase-wie-methan-propan-inkl-batterie-x3-gruen\\\/#breadcrumb\",\"itemListElement\":[{\"@type\":\"ListItem\",\"position\":1,\"name\":\"Startseite\",\"item\":\"https:\\\/\\\/marktxxl.de\\\/markt\\\/\"},{\"@type\":\"ListItem\",\"position\":2,\"name\":\"Markt\",\"item\":\"https:\\\/\\\/marktxxl.de\\\/markt\\\/\"},{\"@type\":\"ListItem\",\"position\":3,\"name\":\"TopTes PT520A Gasmelder, Gaslecksuchger\u00e4t mit einer 43.5cm Schlauchsonde, Lokalisierung von Leckquellen f\u00fcr Brennbare\u2026\"}]},{\"@type\":\"WebSite\",\"@id\":\"https:\\\/\\\/marktxxl.de\\\/markt\\\/#website\",\"url\":\"https:\\\/\\\/marktxxl.de\\\/markt\\\/\",\"name\":\"Markt-XXL\",\"description\":\"Ihr Markt Online\",\"publisher\":{\"@id\":\"https:\\\/\\\/marktxxl.de\\\/markt\\\/#organization\"},\"potentialAction\":[{\"@type\":\"SearchAction\",\"target\":{\"@type\":\"EntryPoint\",\"urlTemplate\":\"https:\\\/\\\/marktxxl.de\\\/markt\\\/?s={search_term_string}\"},\"query-input\":{\"@type\":\"PropertyValueSpecification\",\"valueRequired\":true,\"valueName\":\"search_term_string\"}}],\"inLanguage\":\"de\"},{\"@type\":\"Organization\",\"@id\":\"https:\\\/\\\/marktxxl.de\\\/markt\\\/#organization\",\"name\":\"Markt-XXL\",\"url\":\"https:\\\/\\\/marktxxl.de\\\/markt\\\/\",\"logo\":{\"@type\":\"ImageObject\",\"inLanguage\":\"de\",\"@id\":\"https:\\\/\\\/marktxxl.de\\\/markt\\\/#\\\/schema\\\/logo\\\/image\\\/\",\"url\":\"https:\\\/\\\/marktxxl.de\\\/markt\\\/wp-content\\\/uploads\\\/sites\\\/3\\\/2020\\\/12\\\/logo.png\",\"contentUrl\":\"https:\\\/\\\/marktxxl.de\\\/markt\\\/wp-content\\\/uploads\\\/sites\\\/3\\\/2020\\\/12\\\/logo.png\",\"width\":200,\"height\":70,\"caption\":\"Markt-XXL\"},\"image\":{\"@id\":\"https:\\\/\\\/marktxxl.de\\\/markt\\\/#\\\/schema\\\/logo\\\/image\\\/\"}}]}<\/script>\n<!-- \/ Yoast SEO plugin. -->","yoast_head_json":{"title":"TopTes PT520A Gasmelder, Gaslecksuchger\u00e4t mit einer 43.5cm Schlauchsonde, Lokalisierung von Leckquellen f\u00fcr Brennbare\u2026 - Markt-XXL","description":"Markt-XXL TopTes PT520A Gasmelder, Gaslecksuchger\u00e4t mit einer 43.5cm Schlauchsonde, Lokalisierung von Leckquellen f\u00fcr Brennbare\u2026","robots":{"index":"index","follow":"follow","max-snippet":"max-snippet:-1","max-image-preview":"max-image-preview:large","max-video-preview":"max-video-preview:-1"},"canonical":"https:\/\/marktxxl.de\/markt\/produkt\/toptes-pt520a-gasmelder-gaslecksuchgeraet-mit-einer-43-5cm-schlauchsonde-lokalisierung-von-leckquellen-fuer-brennbare-gase-wie-methan-propan-inkl-batterie-x3-gruen\/","og_locale":"de_DE","og_type":"article","og_title":"TopTes PT520A Gasmelder, Gaslecksuchger\u00e4t mit einer 43.5cm Schlauchsonde, Lokalisierung von Leckquellen f\u00fcr Brennbare\u2026 - Markt-XXL","og_description":"Markt-XXL TopTes PT520A Gasmelder, Gaslecksuchger\u00e4t mit einer 43.5cm Schlauchsonde, Lokalisierung von Leckquellen f\u00fcr Brennbare\u2026","og_url":"https:\/\/marktxxl.de\/markt\/produkt\/toptes-pt520a-gasmelder-gaslecksuchgeraet-mit-einer-43-5cm-schlauchsonde-lokalisierung-von-leckquellen-fuer-brennbare-gase-wie-methan-propan-inkl-batterie-x3-gruen\/","og_site_name":"Markt-XXL","article_modified_time":"2023-04-11T03:26:28+00:00","og_image":[{"width":375,"height":500,"url":"https:\/\/m.media-amazon.com\/images\/I\/41oXEb1DWEL._SL500_.jpg","type":"image\/jpeg"}],"twitter_card":"summary_large_image","twitter_misc":{"Gesch\u00e4tzte Lesezeit":"1\u00a0Minute"},"schema":{"@context":"https:\/\/schema.org","@graph":[{"@type":"WebPage","@id":"https:\/\/marktxxl.de\/markt\/produkt\/toptes-pt520a-gasmelder-gaslecksuchgeraet-mit-einer-43-5cm-schlauchsonde-lokalisierung-von-leckquellen-fuer-brennbare-gase-wie-methan-propan-inkl-batterie-x3-gruen\/","url":"https:\/\/marktxxl.de\/markt\/produkt\/toptes-pt520a-gasmelder-gaslecksuchgeraet-mit-einer-43-5cm-schlauchsonde-lokalisierung-von-leckquellen-fuer-brennbare-gase-wie-methan-propan-inkl-batterie-x3-gruen\/","name":"TopTes PT520A Gasmelder, Gaslecksuchger\u00e4t mit einer 43.5cm Schlauchsonde, Lokalisierung von Leckquellen f\u00fcr Brennbare\u2026 - Markt-XXL","isPartOf":{"@id":"https:\/\/marktxxl.de\/markt\/#website"},"primaryImageOfPage":{"@id":"https:\/\/marktxxl.de\/markt\/produkt\/toptes-pt520a-gasmelder-gaslecksuchgeraet-mit-einer-43-5cm-schlauchsonde-lokalisierung-von-leckquellen-fuer-brennbare-gase-wie-methan-propan-inkl-batterie-x3-gruen\/#primaryimage"},"image":{"@id":"https:\/\/marktxxl.de\/markt\/produkt\/toptes-pt520a-gasmelder-gaslecksuchgeraet-mit-einer-43-5cm-schlauchsonde-lokalisierung-von-leckquellen-fuer-brennbare-gase-wie-methan-propan-inkl-batterie-x3-gruen\/#primaryimage"},"thumbnailUrl":"https:\/\/m.media-amazon.com\/images\/I\/41oXEb1DWEL._SL500_.jpg","datePublished":"2023-03-11T00:13:54+00:00","dateModified":"2023-04-11T03:26:28+00:00","description":"Markt-XXL TopTes PT520A Gasmelder, Gaslecksuchger\u00e4t mit einer 43.5cm Schlauchsonde, Lokalisierung von Leckquellen f\u00fcr Brennbare\u2026","breadcrumb":{"@id":"https:\/\/marktxxl.de\/markt\/produkt\/toptes-pt520a-gasmelder-gaslecksuchgeraet-mit-einer-43-5cm-schlauchsonde-lokalisierung-von-leckquellen-fuer-brennbare-gase-wie-methan-propan-inkl-batterie-x3-gruen\/#breadcrumb"},"inLanguage":"de","potentialAction":[{"@type":"ReadAction","target":["https:\/\/marktxxl.de\/markt\/produkt\/toptes-pt520a-gasmelder-gaslecksuchgeraet-mit-einer-43-5cm-schlauchsonde-lokalisierung-von-leckquellen-fuer-brennbare-gase-wie-methan-propan-inkl-batterie-x3-gruen\/"]}]},{"@type":"ImageObject","inLanguage":"de","@id":"https:\/\/marktxxl.de\/markt\/produkt\/toptes-pt520a-gasmelder-gaslecksuchgeraet-mit-einer-43-5cm-schlauchsonde-lokalisierung-von-leckquellen-fuer-brennbare-gase-wie-methan-propan-inkl-batterie-x3-gruen\/#primaryimage","url":"https:\/\/m.media-amazon.com\/images\/I\/41oXEb1DWEL._SL500_.jpg","contentUrl":"https:\/\/m.media-amazon.com\/images\/I\/41oXEb1DWEL._SL500_.jpg","width":375,"height":500},{"@type":"BreadcrumbList","@id":"https:\/\/marktxxl.de\/markt\/produkt\/toptes-pt520a-gasmelder-gaslecksuchgeraet-mit-einer-43-5cm-schlauchsonde-lokalisierung-von-leckquellen-fuer-brennbare-gase-wie-methan-propan-inkl-batterie-x3-gruen\/#breadcrumb","itemListElement":[{"@type":"ListItem","position":1,"name":"Startseite","item":"https:\/\/marktxxl.de\/markt\/"},{"@type":"ListItem","position":2,"name":"Markt","item":"https:\/\/marktxxl.de\/markt\/"},{"@type":"ListItem","position":3,"name":"TopTes PT520A Gasmelder, Gaslecksuchger\u00e4t mit einer 43.5cm Schlauchsonde, Lokalisierung von Leckquellen f\u00fcr Brennbare\u2026"}]},{"@type":"WebSite","@id":"https:\/\/marktxxl.de\/markt\/#website","url":"https:\/\/marktxxl.de\/markt\/","name":"Markt-XXL","description":"Ihr Markt Online","publisher":{"@id":"https:\/\/marktxxl.de\/markt\/#organization"},"potentialAction":[{"@type":"SearchAction","target":{"@type":"EntryPoint","urlTemplate":"https:\/\/marktxxl.de\/markt\/?s={search_term_string}"},"query-input":{"@type":"PropertyValueSpecification","valueRequired":true,"valueName":"search_term_string"}}],"inLanguage":"de"},{"@type":"Organization","@id":"https:\/\/marktxxl.de\/markt\/#organization","name":"Markt-XXL","url":"https:\/\/marktxxl.de\/markt\/","logo":{"@type":"ImageObject","inLanguage":"de","@id":"https:\/\/marktxxl.de\/markt\/#\/schema\/logo\/image\/","url":"https:\/\/marktxxl.de\/markt\/wp-content\/uploads\/sites\/3\/2020\/12\/logo.png","contentUrl":"https:\/\/marktxxl.de\/markt\/wp-content\/uploads\/sites\/3\/2020\/12\/logo.png","width":200,"height":70,"caption":"Markt-XXL"},"image":{"@id":"https:\/\/marktxxl.de\/markt\/#\/schema\/logo\/image\/"}}]}},"_links":{"self":[{"href":"https:\/\/marktxxl.de\/markt\/wp-json\/wp\/v2\/product\/192178","targetHints":{"allow":["GET"]}}],"collection":[{"href":"https:\/\/marktxxl.de\/markt\/wp-json\/wp\/v2\/product"}],"about":[{"href":"https:\/\/marktxxl.de\/markt\/wp-json\/wp\/v2\/types\/product"}],"replies":[{"embeddable":true,"href":"https:\/\/marktxxl.de\/markt\/wp-json\/wp\/v2\/comments?post=192178"}],"wp:featuredmedia":[{"embeddable":true,"href":"https:\/\/marktxxl.de\/markt\/wp-json\/wp\/v2\/media\/192179"}],"wp:attachment":[{"href":"https:\/\/marktxxl.de\/markt\/wp-json\/wp\/v2\/media?parent=192178"}],"wp:term":[{"taxonomy":"product_brand","embeddable":true,"href":"https:\/\/marktxxl.de\/markt\/wp-json\/wp\/v2\/product_brand?post=192178"},{"taxonomy":"product_cat","embeddable":true,"href":"https:\/\/marktxxl.de\/markt\/wp-json\/wp\/v2\/product_cat?post=192178"},{"taxonomy":"product_tag","embeddable":true,"href":"https:\/\/marktxxl.de\/markt\/wp-json\/wp\/v2\/product_tag?post=192178"}],"curies":[{"name":"wp","href":"https:\/\/api.w.org\/{rel}","templated":true}]}}