{"id":191914,"date":"2023-03-11T00:16:36","date_gmt":"2023-03-10T23:16:36","guid":{"rendered":"https:\/\/marktxxl.de\/markt\/produkt\/bumkins-wasserdichte-nasstasche-waschbar-wiederverwendbar-fuer-reisen-strand-pool-kinderwagen-windeln-schmutzige-turnkleidung-nasse-badeanzuege-toilettenartikel-12x14-disney-princess-magic\/"},"modified":"2023-04-11T05:26:23","modified_gmt":"2023-04-11T03:26:23","slug":"bumkins-wasserdichte-nasstasche-waschbar-wiederverwendbar-fuer-reisen-strand-pool-kinderwagen-windeln-schmutzige-turnkleidung-nasse-badeanzuege-toilettenartikel-12x14-disney-princess-magic","status":"publish","type":"product","link":"https:\/\/marktxxl.de\/markt\/produkt\/bumkins-wasserdichte-nasstasche-waschbar-wiederverwendbar-fuer-reisen-strand-pool-kinderwagen-windeln-schmutzige-turnkleidung-nasse-badeanzuege-toilettenartikel-12x14-disney-princess-magic\/","title":{"rendered":"Bumkins wasserdichte Nasstasche, waschbar, wiederverwendbar f\u00fcr Reisen, Strand, Pool, Kinderwagen, Windeln, schmutzige\u2026"},"content":{"rendered":"<p>Praktisch \u2013 unsere nassen Taschen sind ideal zum Tragen von Windeln, schmutziger Sportkleidung und nassen Badeanz\u00fcgen; nicht nur f\u00fcr nasse Sachen \u2013 diese Taschen eignen sich hervorragend f\u00fcr Spielzeug, Accessoires, Toilettenartikel, Elektronik, Reisen und mehr<br \/>\nWiederverwendung und Reduzierung von Abfall: Die bessere Alternative zu Einweg-Plastikbeuteln, unsere Taschen sind aus Bumkins original wasserdichtem Stoff, der sowohl weich als auch stark ist (obwohl der Stoff wasserdicht ist, sind Taschen aufgrund des Rei\u00dfverschlusses nicht vollst\u00e4ndig auslaufsicher)<br \/>\nWasserdicht \u2013 Bumkins Originalgewebe besteht zu 100 % aus Polyester mit eingebettetem TPU f\u00fcr Wasserdichtigkeit und unsere hitzeversiegelten N\u00e4hte halten das Chaos dort, wo es hingeh\u00f6rt \u2013 in der Tasche<br \/>\nViele Verwendungsm\u00f6glichkeiten \u2013 nicht nur f\u00fcr nasse Sachen \u2013 diese Taschen sind hervorragende Organizer f\u00fcr Spielzeug, Accessoires, Toilettenartikel, Elektronik, Reisen und mehr. Mit einem Schnappgriff k\u00f6nnen Sie Ihre Tasche \u00fcberall hin mitnehmen \u2013 Kinderwagen, Wickeltisch oder Koffer<br \/>\nLeicht zu reinigen \u2013 wischen Sie kleine Verschmutzungen ab, Handw\u00e4sche oder Maschinenw\u00e4sche; Um die Lebensdauer des Stoffes zu verl\u00e4ngern, empfehlen wir, unseren schnell trocknenden Stoff aufzuh\u00e4ngen; stellen Sie immer sicher, dass der Stoff vollst\u00e4ndig trocken ist, bevor Sie ihn aufbewahren<br \/>\n<div class=\"main-cross-sell\" data-asin=\"B09QC69B3J\">\n\n\t<div class=\"WooZone-cross-sell-loader\">\n\t\t<div>\n\t\t\t<div id=\"floatingBarsG\">\n\t\t\t\t<div class=\"blockG\" id=\"rotateG_01\"><\/div>\n\t\t\t\t<div class=\"blockG\" id=\"rotateG_02\"><\/div>\n\t\t\t\t<div class=\"blockG\" id=\"rotateG_03\"><\/div>\n\t\t\t\t<div class=\"blockG\" id=\"rotateG_04\"><\/div>\n\t\t\t\t<div class=\"blockG\" id=\"rotateG_05\"><\/div>\n\t\t\t\t<div class=\"blockG\" id=\"rotateG_06\"><\/div>\n\t\t\t\t<div class=\"blockG\" id=\"rotateG_07\"><\/div>\n\t\t\t\t<div class=\"blockG\" id=\"rotateG_08\"><\/div>\n\t\t\t<\/div>\n\t\t\t<div class=\"WooZone-cross-sell-loader-text\"><\/div>\n\t\t<\/div>\n\t<\/div>\n\n\t\t\n<\/div>\n<div style=\"clear:both;\"><\/div><\/p>\n","protected":false},"excerpt":{"rendered":"<p>Praktisch \u2013 unsere nassen Taschen sind ideal zum Tragen von Windeln, schmutziger Sportkleidung und nassen Badeanz\u00fcgen; nicht nur f\u00fcr nasse Sachen \u2013 diese Taschen eignen sich hervorragend f\u00fcr Spielzeug, Accessoires, Toilettenartikel, Elektronik, Reisen und mehr<br \/>\nWiederverwendung und Reduzierung von Abfall: Die bessere Alternative zu Einweg-Plastikbeuteln, unsere Taschen sind aus Bumkins original wasserdichtem Stoff, der sowohl weich als auch stark ist (obwohl der Stoff wasserdicht ist, sind Taschen aufgrund des Rei\u00dfverschlusses nicht vollst\u00e4ndig auslaufsicher)<br \/>\nWasserdicht \u2013 Bumkins Originalgewebe besteht zu 100 % aus Polyester mit eingebettetem TPU f\u00fcr Wasserdichtigkeit und unsere hitzeversiegelten N\u00e4hte halten das Chaos dort, wo es hingeh\u00f6rt \u2013 in der Tasche<\/p>\n","protected":false},"featured_media":191915,"comment_status":"open","ping_status":"closed","template":"","meta":[],"product_brand":[],"product_cat":[21,9520],"product_tag":[],"class_list":{"0":"post-191914","1":"product","2":"type-product","3":"status-publish","4":"has-post-thumbnail","6":"product_cat-baby","7":"product_cat-wickeln-baby","8":"pa_binding-babyartikel","9":"pa_brand-bumkins","10":"pa_color-prinzessin-magic-wb","11":"pa_height-14-zoll","12":"pa_length-12-zoll","13":"pa_manufacturer-bumkins","14":"pa_model-wb-dpr81","15":"pa_size-wet-bag","16":"pa_weight-0-13-pfund","17":"pa_width-0-2-zoll","19":"first","20":"instock","21":"shipping-taxable","22":"purchasable","23":"product-type-simple","24":"customify-col","25":"product-has-gallery"},"yoast_head":"<!-- This site is optimized with the Yoast SEO plugin v27.4 - https:\/\/yoast.com\/product\/yoast-seo-wordpress\/ -->\n<title>Bumkins wasserdichte Nasstasche, waschbar, wiederverwendbar f\u00fcr Reisen, Strand, Pool, Kinderwagen, Windeln, schmutzige\u2026 - Markt-XXL<\/title>\n<meta name=\"description\" content=\"Markt-XXL Bumkins wasserdichte Nasstasche, waschbar, wiederverwendbar f\u00fcr Reisen, Strand, Pool, Kinderwagen, Windeln, schmutzige\u2026\" \/>\n<meta name=\"robots\" content=\"index, follow, max-snippet:-1, max-image-preview:large, max-video-preview:-1\" \/>\n<link rel=\"canonical\" href=\"https:\/\/marktxxl.de\/markt\/produkt\/bumkins-wasserdichte-nasstasche-waschbar-wiederverwendbar-fuer-reisen-strand-pool-kinderwagen-windeln-schmutzige-turnkleidung-nasse-badeanzuege-toilettenartikel-12x14-disney-princess-magic\/\" \/>\n<meta property=\"og:locale\" content=\"de_DE\" \/>\n<meta property=\"og:type\" content=\"article\" \/>\n<meta property=\"og:title\" content=\"Bumkins wasserdichte Nasstasche, waschbar, wiederverwendbar f\u00fcr Reisen, Strand, Pool, Kinderwagen, Windeln, schmutzige\u2026 - Markt-XXL\" \/>\n<meta property=\"og:description\" content=\"Markt-XXL Bumkins wasserdichte Nasstasche, waschbar, wiederverwendbar f\u00fcr Reisen, Strand, Pool, Kinderwagen, Windeln, schmutzige\u2026\" \/>\n<meta property=\"og:url\" content=\"https:\/\/marktxxl.de\/markt\/produkt\/bumkins-wasserdichte-nasstasche-waschbar-wiederverwendbar-fuer-reisen-strand-pool-kinderwagen-windeln-schmutzige-turnkleidung-nasse-badeanzuege-toilettenartikel-12x14-disney-princess-magic\/\" \/>\n<meta property=\"og:site_name\" content=\"Markt-XXL\" \/>\n<meta property=\"article:modified_time\" content=\"2023-04-11T03:26:23+00:00\" \/>\n<meta property=\"og:image\" content=\"https:\/\/m.media-amazon.com\/images\/I\/41G5H-pd7SL._SL500_.jpg\" \/>\n\t<meta property=\"og:image:width\" content=\"500\" \/>\n\t<meta property=\"og:image:height\" content=\"500\" \/>\n\t<meta property=\"og:image:type\" content=\"image\/jpeg\" \/>\n<meta name=\"twitter:card\" content=\"summary_large_image\" \/>\n<meta name=\"twitter:label1\" content=\"Gesch\u00e4tzte Lesezeit\" \/>\n\t<meta name=\"twitter:data1\" content=\"1\u00a0Minute\" \/>\n<script type=\"application\/ld+json\" class=\"yoast-schema-graph\">{\"@context\":\"https:\\\/\\\/schema.org\",\"@graph\":[{\"@type\":\"WebPage\",\"@id\":\"https:\\\/\\\/marktxxl.de\\\/markt\\\/produkt\\\/bumkins-wasserdichte-nasstasche-waschbar-wiederverwendbar-fuer-reisen-strand-pool-kinderwagen-windeln-schmutzige-turnkleidung-nasse-badeanzuege-toilettenartikel-12x14-disney-princess-magic\\\/\",\"url\":\"https:\\\/\\\/marktxxl.de\\\/markt\\\/produkt\\\/bumkins-wasserdichte-nasstasche-waschbar-wiederverwendbar-fuer-reisen-strand-pool-kinderwagen-windeln-schmutzige-turnkleidung-nasse-badeanzuege-toilettenartikel-12x14-disney-princess-magic\\\/\",\"name\":\"Bumkins wasserdichte Nasstasche, waschbar, wiederverwendbar f\u00fcr Reisen, Strand, Pool, Kinderwagen, Windeln, schmutzige\u2026 - Markt-XXL\",\"isPartOf\":{\"@id\":\"https:\\\/\\\/marktxxl.de\\\/markt\\\/#website\"},\"primaryImageOfPage\":{\"@id\":\"https:\\\/\\\/marktxxl.de\\\/markt\\\/produkt\\\/bumkins-wasserdichte-nasstasche-waschbar-wiederverwendbar-fuer-reisen-strand-pool-kinderwagen-windeln-schmutzige-turnkleidung-nasse-badeanzuege-toilettenartikel-12x14-disney-princess-magic\\\/#primaryimage\"},\"image\":{\"@id\":\"https:\\\/\\\/marktxxl.de\\\/markt\\\/produkt\\\/bumkins-wasserdichte-nasstasche-waschbar-wiederverwendbar-fuer-reisen-strand-pool-kinderwagen-windeln-schmutzige-turnkleidung-nasse-badeanzuege-toilettenartikel-12x14-disney-princess-magic\\\/#primaryimage\"},\"thumbnailUrl\":\"https:\\\/\\\/m.media-amazon.com\\\/images\\\/I\\\/41G5H-pd7SL._SL500_.jpg\",\"datePublished\":\"2023-03-10T23:16:36+00:00\",\"dateModified\":\"2023-04-11T03:26:23+00:00\",\"description\":\"Markt-XXL Bumkins wasserdichte Nasstasche, waschbar, wiederverwendbar f\u00fcr Reisen, Strand, Pool, Kinderwagen, Windeln, schmutzige\u2026\",\"breadcrumb\":{\"@id\":\"https:\\\/\\\/marktxxl.de\\\/markt\\\/produkt\\\/bumkins-wasserdichte-nasstasche-waschbar-wiederverwendbar-fuer-reisen-strand-pool-kinderwagen-windeln-schmutzige-turnkleidung-nasse-badeanzuege-toilettenartikel-12x14-disney-princess-magic\\\/#breadcrumb\"},\"inLanguage\":\"de\",\"potentialAction\":[{\"@type\":\"ReadAction\",\"target\":[\"https:\\\/\\\/marktxxl.de\\\/markt\\\/produkt\\\/bumkins-wasserdichte-nasstasche-waschbar-wiederverwendbar-fuer-reisen-strand-pool-kinderwagen-windeln-schmutzige-turnkleidung-nasse-badeanzuege-toilettenartikel-12x14-disney-princess-magic\\\/\"]}]},{\"@type\":\"ImageObject\",\"inLanguage\":\"de\",\"@id\":\"https:\\\/\\\/marktxxl.de\\\/markt\\\/produkt\\\/bumkins-wasserdichte-nasstasche-waschbar-wiederverwendbar-fuer-reisen-strand-pool-kinderwagen-windeln-schmutzige-turnkleidung-nasse-badeanzuege-toilettenartikel-12x14-disney-princess-magic\\\/#primaryimage\",\"url\":\"https:\\\/\\\/m.media-amazon.com\\\/images\\\/I\\\/41G5H-pd7SL._SL500_.jpg\",\"contentUrl\":\"https:\\\/\\\/m.media-amazon.com\\\/images\\\/I\\\/41G5H-pd7SL._SL500_.jpg\",\"width\":500,\"height\":500},{\"@type\":\"BreadcrumbList\",\"@id\":\"https:\\\/\\\/marktxxl.de\\\/markt\\\/produkt\\\/bumkins-wasserdichte-nasstasche-waschbar-wiederverwendbar-fuer-reisen-strand-pool-kinderwagen-windeln-schmutzige-turnkleidung-nasse-badeanzuege-toilettenartikel-12x14-disney-princess-magic\\\/#breadcrumb\",\"itemListElement\":[{\"@type\":\"ListItem\",\"position\":1,\"name\":\"Startseite\",\"item\":\"https:\\\/\\\/marktxxl.de\\\/markt\\\/\"},{\"@type\":\"ListItem\",\"position\":2,\"name\":\"Markt\",\"item\":\"https:\\\/\\\/marktxxl.de\\\/markt\\\/\"},{\"@type\":\"ListItem\",\"position\":3,\"name\":\"Bumkins wasserdichte Nasstasche, waschbar, wiederverwendbar f\u00fcr Reisen, Strand, Pool, Kinderwagen, Windeln, schmutzige\u2026\"}]},{\"@type\":\"WebSite\",\"@id\":\"https:\\\/\\\/marktxxl.de\\\/markt\\\/#website\",\"url\":\"https:\\\/\\\/marktxxl.de\\\/markt\\\/\",\"name\":\"Markt-XXL\",\"description\":\"Ihr Markt Online\",\"publisher\":{\"@id\":\"https:\\\/\\\/marktxxl.de\\\/markt\\\/#organization\"},\"potentialAction\":[{\"@type\":\"SearchAction\",\"target\":{\"@type\":\"EntryPoint\",\"urlTemplate\":\"https:\\\/\\\/marktxxl.de\\\/markt\\\/?s={search_term_string}\"},\"query-input\":{\"@type\":\"PropertyValueSpecification\",\"valueRequired\":true,\"valueName\":\"search_term_string\"}}],\"inLanguage\":\"de\"},{\"@type\":\"Organization\",\"@id\":\"https:\\\/\\\/marktxxl.de\\\/markt\\\/#organization\",\"name\":\"Markt-XXL\",\"url\":\"https:\\\/\\\/marktxxl.de\\\/markt\\\/\",\"logo\":{\"@type\":\"ImageObject\",\"inLanguage\":\"de\",\"@id\":\"https:\\\/\\\/marktxxl.de\\\/markt\\\/#\\\/schema\\\/logo\\\/image\\\/\",\"url\":\"https:\\\/\\\/marktxxl.de\\\/markt\\\/wp-content\\\/uploads\\\/sites\\\/3\\\/2020\\\/12\\\/logo.png\",\"contentUrl\":\"https:\\\/\\\/marktxxl.de\\\/markt\\\/wp-content\\\/uploads\\\/sites\\\/3\\\/2020\\\/12\\\/logo.png\",\"width\":200,\"height\":70,\"caption\":\"Markt-XXL\"},\"image\":{\"@id\":\"https:\\\/\\\/marktxxl.de\\\/markt\\\/#\\\/schema\\\/logo\\\/image\\\/\"}}]}<\/script>\n<!-- \/ Yoast SEO plugin. -->","yoast_head_json":{"title":"Bumkins wasserdichte Nasstasche, waschbar, wiederverwendbar f\u00fcr Reisen, Strand, Pool, Kinderwagen, Windeln, schmutzige\u2026 - Markt-XXL","description":"Markt-XXL Bumkins wasserdichte Nasstasche, waschbar, wiederverwendbar f\u00fcr Reisen, Strand, Pool, Kinderwagen, Windeln, schmutzige\u2026","robots":{"index":"index","follow":"follow","max-snippet":"max-snippet:-1","max-image-preview":"max-image-preview:large","max-video-preview":"max-video-preview:-1"},"canonical":"https:\/\/marktxxl.de\/markt\/produkt\/bumkins-wasserdichte-nasstasche-waschbar-wiederverwendbar-fuer-reisen-strand-pool-kinderwagen-windeln-schmutzige-turnkleidung-nasse-badeanzuege-toilettenartikel-12x14-disney-princess-magic\/","og_locale":"de_DE","og_type":"article","og_title":"Bumkins wasserdichte Nasstasche, waschbar, wiederverwendbar f\u00fcr Reisen, Strand, Pool, Kinderwagen, Windeln, schmutzige\u2026 - Markt-XXL","og_description":"Markt-XXL Bumkins wasserdichte Nasstasche, waschbar, wiederverwendbar f\u00fcr Reisen, Strand, Pool, Kinderwagen, Windeln, schmutzige\u2026","og_url":"https:\/\/marktxxl.de\/markt\/produkt\/bumkins-wasserdichte-nasstasche-waschbar-wiederverwendbar-fuer-reisen-strand-pool-kinderwagen-windeln-schmutzige-turnkleidung-nasse-badeanzuege-toilettenartikel-12x14-disney-princess-magic\/","og_site_name":"Markt-XXL","article_modified_time":"2023-04-11T03:26:23+00:00","og_image":[{"width":500,"height":500,"url":"https:\/\/m.media-amazon.com\/images\/I\/41G5H-pd7SL._SL500_.jpg","type":"image\/jpeg"}],"twitter_card":"summary_large_image","twitter_misc":{"Gesch\u00e4tzte Lesezeit":"1\u00a0Minute"},"schema":{"@context":"https:\/\/schema.org","@graph":[{"@type":"WebPage","@id":"https:\/\/marktxxl.de\/markt\/produkt\/bumkins-wasserdichte-nasstasche-waschbar-wiederverwendbar-fuer-reisen-strand-pool-kinderwagen-windeln-schmutzige-turnkleidung-nasse-badeanzuege-toilettenartikel-12x14-disney-princess-magic\/","url":"https:\/\/marktxxl.de\/markt\/produkt\/bumkins-wasserdichte-nasstasche-waschbar-wiederverwendbar-fuer-reisen-strand-pool-kinderwagen-windeln-schmutzige-turnkleidung-nasse-badeanzuege-toilettenartikel-12x14-disney-princess-magic\/","name":"Bumkins wasserdichte Nasstasche, waschbar, wiederverwendbar f\u00fcr Reisen, Strand, Pool, Kinderwagen, Windeln, schmutzige\u2026 - Markt-XXL","isPartOf":{"@id":"https:\/\/marktxxl.de\/markt\/#website"},"primaryImageOfPage":{"@id":"https:\/\/marktxxl.de\/markt\/produkt\/bumkins-wasserdichte-nasstasche-waschbar-wiederverwendbar-fuer-reisen-strand-pool-kinderwagen-windeln-schmutzige-turnkleidung-nasse-badeanzuege-toilettenartikel-12x14-disney-princess-magic\/#primaryimage"},"image":{"@id":"https:\/\/marktxxl.de\/markt\/produkt\/bumkins-wasserdichte-nasstasche-waschbar-wiederverwendbar-fuer-reisen-strand-pool-kinderwagen-windeln-schmutzige-turnkleidung-nasse-badeanzuege-toilettenartikel-12x14-disney-princess-magic\/#primaryimage"},"thumbnailUrl":"https:\/\/m.media-amazon.com\/images\/I\/41G5H-pd7SL._SL500_.jpg","datePublished":"2023-03-10T23:16:36+00:00","dateModified":"2023-04-11T03:26:23+00:00","description":"Markt-XXL Bumkins wasserdichte Nasstasche, waschbar, wiederverwendbar f\u00fcr Reisen, Strand, Pool, Kinderwagen, Windeln, schmutzige\u2026","breadcrumb":{"@id":"https:\/\/marktxxl.de\/markt\/produkt\/bumkins-wasserdichte-nasstasche-waschbar-wiederverwendbar-fuer-reisen-strand-pool-kinderwagen-windeln-schmutzige-turnkleidung-nasse-badeanzuege-toilettenartikel-12x14-disney-princess-magic\/#breadcrumb"},"inLanguage":"de","potentialAction":[{"@type":"ReadAction","target":["https:\/\/marktxxl.de\/markt\/produkt\/bumkins-wasserdichte-nasstasche-waschbar-wiederverwendbar-fuer-reisen-strand-pool-kinderwagen-windeln-schmutzige-turnkleidung-nasse-badeanzuege-toilettenartikel-12x14-disney-princess-magic\/"]}]},{"@type":"ImageObject","inLanguage":"de","@id":"https:\/\/marktxxl.de\/markt\/produkt\/bumkins-wasserdichte-nasstasche-waschbar-wiederverwendbar-fuer-reisen-strand-pool-kinderwagen-windeln-schmutzige-turnkleidung-nasse-badeanzuege-toilettenartikel-12x14-disney-princess-magic\/#primaryimage","url":"https:\/\/m.media-amazon.com\/images\/I\/41G5H-pd7SL._SL500_.jpg","contentUrl":"https:\/\/m.media-amazon.com\/images\/I\/41G5H-pd7SL._SL500_.jpg","width":500,"height":500},{"@type":"BreadcrumbList","@id":"https:\/\/marktxxl.de\/markt\/produkt\/bumkins-wasserdichte-nasstasche-waschbar-wiederverwendbar-fuer-reisen-strand-pool-kinderwagen-windeln-schmutzige-turnkleidung-nasse-badeanzuege-toilettenartikel-12x14-disney-princess-magic\/#breadcrumb","itemListElement":[{"@type":"ListItem","position":1,"name":"Startseite","item":"https:\/\/marktxxl.de\/markt\/"},{"@type":"ListItem","position":2,"name":"Markt","item":"https:\/\/marktxxl.de\/markt\/"},{"@type":"ListItem","position":3,"name":"Bumkins wasserdichte Nasstasche, waschbar, wiederverwendbar f\u00fcr Reisen, Strand, Pool, Kinderwagen, Windeln, schmutzige\u2026"}]},{"@type":"WebSite","@id":"https:\/\/marktxxl.de\/markt\/#website","url":"https:\/\/marktxxl.de\/markt\/","name":"Markt-XXL","description":"Ihr Markt Online","publisher":{"@id":"https:\/\/marktxxl.de\/markt\/#organization"},"potentialAction":[{"@type":"SearchAction","target":{"@type":"EntryPoint","urlTemplate":"https:\/\/marktxxl.de\/markt\/?s={search_term_string}"},"query-input":{"@type":"PropertyValueSpecification","valueRequired":true,"valueName":"search_term_string"}}],"inLanguage":"de"},{"@type":"Organization","@id":"https:\/\/marktxxl.de\/markt\/#organization","name":"Markt-XXL","url":"https:\/\/marktxxl.de\/markt\/","logo":{"@type":"ImageObject","inLanguage":"de","@id":"https:\/\/marktxxl.de\/markt\/#\/schema\/logo\/image\/","url":"https:\/\/marktxxl.de\/markt\/wp-content\/uploads\/sites\/3\/2020\/12\/logo.png","contentUrl":"https:\/\/marktxxl.de\/markt\/wp-content\/uploads\/sites\/3\/2020\/12\/logo.png","width":200,"height":70,"caption":"Markt-XXL"},"image":{"@id":"https:\/\/marktxxl.de\/markt\/#\/schema\/logo\/image\/"}}]}},"_links":{"self":[{"href":"https:\/\/marktxxl.de\/markt\/wp-json\/wp\/v2\/product\/191914","targetHints":{"allow":["GET"]}}],"collection":[{"href":"https:\/\/marktxxl.de\/markt\/wp-json\/wp\/v2\/product"}],"about":[{"href":"https:\/\/marktxxl.de\/markt\/wp-json\/wp\/v2\/types\/product"}],"replies":[{"embeddable":true,"href":"https:\/\/marktxxl.de\/markt\/wp-json\/wp\/v2\/comments?post=191914"}],"wp:featuredmedia":[{"embeddable":true,"href":"https:\/\/marktxxl.de\/markt\/wp-json\/wp\/v2\/media\/191915"}],"wp:attachment":[{"href":"https:\/\/marktxxl.de\/markt\/wp-json\/wp\/v2\/media?parent=191914"}],"wp:term":[{"taxonomy":"product_brand","embeddable":true,"href":"https:\/\/marktxxl.de\/markt\/wp-json\/wp\/v2\/product_brand?post=191914"},{"taxonomy":"product_cat","embeddable":true,"href":"https:\/\/marktxxl.de\/markt\/wp-json\/wp\/v2\/product_cat?post=191914"},{"taxonomy":"product_tag","embeddable":true,"href":"https:\/\/marktxxl.de\/markt\/wp-json\/wp\/v2\/product_tag?post=191914"}],"curies":[{"name":"wp","href":"https:\/\/api.w.org\/{rel}","templated":true}]}}