{"id":191743,"date":"2023-03-10T23:32:19","date_gmt":"2023-03-10T22:32:19","guid":{"rendered":"https:\/\/marktxxl.de\/markt\/produkt\/rustark-110-stueck-6-groessen-304-edelstahl-splint-clip-schluessel-befestigung-sortiment-set-fuer-automobil-mechaniker-kleine-motor\/"},"modified":"2023-04-10T05:39:24","modified_gmt":"2023-04-10T03:39:24","slug":"rustark-110-stueck-6-groessen-304-edelstahl-splint-clip-schluessel-befestigung-sortiment-set-fuer-automobil-mechaniker-kleine-motor","status":"publish","type":"product","link":"https:\/\/marktxxl.de\/markt\/produkt\/rustark-110-stueck-6-groessen-304-edelstahl-splint-clip-schluessel-befestigung-sortiment-set-fuer-automobil-mechaniker-kleine-motor\/","title":{"rendered":"Rustark 110 St\u00fcck 6 Gr\u00f6\u00dfen 304 Edelstahl Splint-Clip Schl\u00fcssel-Befestigung-Sortiment-Set f\u00fcr Automobil-Mechaniker\u2026"},"content":{"rendered":"<p>Paket enth\u00e4lt \u2013 Wir haben 6 h\u00e4ufig verwendete Gr\u00f6\u00dfen f\u00fcr Sie vorbereitet, beinhaltet: M1.6 25 (25 St\u00fcck), M2.5 25 (25 St\u00fcck), M2.5 40 (25 St\u00fcck), M3.2 30 (20 St\u00fcck), M3.2 40 (10 St\u00fcck), M4 60 (10 St\u00fcck), 110 St\u00fcck insgesamt, Paket in einer haltbaren transparenten Box.<br \/>\n304 Edelstahl \u2013 Diese Splinte sind aus hochwertigem 304 Edelstahl, korrosionsbest\u00e4ndig und rost in feuchter Umgebung, die f\u00fcr eine lange Zeit gelagert werden kann, hohe Festigkeit, langlebig und stabil, nicht verformend, die H\u00e4rte von 304 Edelstahl ist zweimal h\u00f6her als Kupfer.<br \/>\nEinzigartiges Design \u2013 Splinte haben Haarnadel-Design, das schnell Bolzen und Stifte fixiert werden kann, spezielles Schloss kann seine Festigkeit und Haltbarkeit gew\u00e4hrleisten. Wenn die Mutter angezogen ist, stecken Sie die Splinte in die Nut und das loch der und ziehen Sie den des Splints ab, um die relative Drehung der Mutter und der zu verhindern, die die Installation abschlie\u00dfen kann.<br \/>\nBreiter Anwendungsbereich: Diese Splinte k\u00f6nnen in Automobil-, Mechanikern, Autogaragen, Werkst\u00e4tten, Elektroger\u00e4ten, Autos, LKWs, Rasenm\u00e4her, kleine Motor und Befestigungen usw. verwendet werden. Es kann Ihnen helfen, Gewinde zu verbinden, um ein L\u00f6sen zu verhindern.<br \/>\nKundenservice &#8212; Wir bieten Ihnen zuverl\u00e4ssigen After-Sales-Service. Wenn Sie aus irgendeinem Grund mit unserem Produkt ungl\u00fccklich sind oder Fragen haben, z\u00f6gern Sie nicht, uns zu kontaktieren, ich werde Ihnen innerhalb von 12 Stunden antworten und wir werden sie f\u00fcr Sie bald l\u00f6sen. Bitte stellen Sie Ihr Herz in Ruhe zum Kauf.<br \/>\n<div class=\"main-cross-sell\" data-asin=\"B07HK7QWT1\">\n\n\t<div class=\"WooZone-cross-sell-loader\">\n\t\t<div>\n\t\t\t<div id=\"floatingBarsG\">\n\t\t\t\t<div class=\"blockG\" id=\"rotateG_01\"><\/div>\n\t\t\t\t<div class=\"blockG\" id=\"rotateG_02\"><\/div>\n\t\t\t\t<div class=\"blockG\" id=\"rotateG_03\"><\/div>\n\t\t\t\t<div class=\"blockG\" id=\"rotateG_04\"><\/div>\n\t\t\t\t<div class=\"blockG\" id=\"rotateG_05\"><\/div>\n\t\t\t\t<div class=\"blockG\" id=\"rotateG_06\"><\/div>\n\t\t\t\t<div class=\"blockG\" id=\"rotateG_07\"><\/div>\n\t\t\t\t<div class=\"blockG\" id=\"rotateG_08\"><\/div>\n\t\t\t<\/div>\n\t\t\t<div class=\"WooZone-cross-sell-loader-text\"><\/div>\n\t\t<\/div>\n\t<\/div>\n\n\t\t\n<\/div>\n<div style=\"clear:both;\"><\/div><\/p>\n","protected":false},"excerpt":{"rendered":"<p>Paket enth\u00e4lt \u2013 Wir haben 6 h\u00e4ufig verwendete Gr\u00f6\u00dfen f\u00fcr Sie vorbereitet, beinhaltet: M1.6 25 (25 St\u00fcck), M2.5 25 (25 St\u00fcck), M2.5 40 (25 St\u00fcck), M3.2 30 (20 St\u00fcck), M3.2 40 (10 St\u00fcck), M4 60 (10 St\u00fcck), 110 St\u00fcck insgesamt, Paket in einer haltbaren transparenten Box.<br \/>\n304 Edelstahl \u2013 Diese Splinte sind aus hochwertigem 304 Edelstahl, korrosionsbest\u00e4ndig und rost in feuchter Umgebung, die f\u00fcr eine lange Zeit gelagert werden kann, hohe Festigkeit, langlebig und stabil, nicht verformend, die H\u00e4rte von 304 Edelstahl ist zweimal h\u00f6her als Kupfer.<br \/>\nEinzigartiges Design \u2013 Splinte haben Haarnadel-Design, das schnell Bolzen und Stifte fixiert werden kann, spezielles Schloss kann seine Festigkeit und Haltbarkeit gew\u00e4hrleisten. Wenn die Mutter angezogen ist, stecken Sie die Splinte in die Nut und das loch der und ziehen Sie den des Splints ab, um die relative Drehung der Mutter und der zu verhindern, die die Installation abschlie\u00dfen kann.<\/p>\n","protected":false},"featured_media":191744,"comment_status":"open","ping_status":"closed","template":"","meta":[],"product_brand":[],"product_cat":[1983,10767],"product_tag":[],"class_list":{"0":"post-191743","1":"product","2":"type-product","3":"status-publish","4":"has-post-thumbnail","6":"product_cat-baumarkt","7":"product_cat-baumaschinen-zubehoer","8":"pa_binding-unbekannter-einband","9":"pa_brand-rustark","10":"pa_manufacturer-rustark","12":"first","13":"instock","14":"shipping-taxable","15":"purchasable","16":"product-type-simple","17":"customify-col","18":"product-has-gallery"},"yoast_head":"<!-- This site is optimized with the Yoast SEO plugin v27.4 - https:\/\/yoast.com\/product\/yoast-seo-wordpress\/ -->\n<title>Rustark 110 St\u00fcck 6 Gr\u00f6\u00dfen 304 Edelstahl Splint-Clip Schl\u00fcssel-Befestigung-Sortiment-Set f\u00fcr Automobil-Mechaniker\u2026 - Markt-XXL<\/title>\n<meta name=\"description\" content=\"Markt-XXL Rustark 110 St\u00fcck 6 Gr\u00f6\u00dfen 304 Edelstahl Splint-Clip Schl\u00fcssel-Befestigung-Sortiment-Set f\u00fcr Automobil-Mechaniker\u2026\" \/>\n<meta name=\"robots\" content=\"index, follow, max-snippet:-1, max-image-preview:large, max-video-preview:-1\" \/>\n<link rel=\"canonical\" href=\"https:\/\/marktxxl.de\/markt\/produkt\/rustark-110-stueck-6-groessen-304-edelstahl-splint-clip-schluessel-befestigung-sortiment-set-fuer-automobil-mechaniker-kleine-motor\/\" \/>\n<meta property=\"og:locale\" content=\"de_DE\" \/>\n<meta property=\"og:type\" content=\"article\" \/>\n<meta property=\"og:title\" content=\"Rustark 110 St\u00fcck 6 Gr\u00f6\u00dfen 304 Edelstahl Splint-Clip Schl\u00fcssel-Befestigung-Sortiment-Set f\u00fcr Automobil-Mechaniker\u2026 - Markt-XXL\" \/>\n<meta property=\"og:description\" content=\"Markt-XXL Rustark 110 St\u00fcck 6 Gr\u00f6\u00dfen 304 Edelstahl Splint-Clip Schl\u00fcssel-Befestigung-Sortiment-Set f\u00fcr Automobil-Mechaniker\u2026\" \/>\n<meta property=\"og:url\" content=\"https:\/\/marktxxl.de\/markt\/produkt\/rustark-110-stueck-6-groessen-304-edelstahl-splint-clip-schluessel-befestigung-sortiment-set-fuer-automobil-mechaniker-kleine-motor\/\" \/>\n<meta property=\"og:site_name\" content=\"Markt-XXL\" \/>\n<meta property=\"article:modified_time\" content=\"2023-04-10T03:39:24+00:00\" \/>\n<meta property=\"og:image\" content=\"https:\/\/m.media-amazon.com\/images\/I\/51i1EeIoFyL._SL500_.jpg\" \/>\n\t<meta property=\"og:image:width\" content=\"500\" \/>\n\t<meta property=\"og:image:height\" content=\"500\" \/>\n\t<meta property=\"og:image:type\" content=\"image\/jpeg\" \/>\n<meta name=\"twitter:card\" content=\"summary_large_image\" \/>\n<meta name=\"twitter:label1\" content=\"Gesch\u00e4tzte Lesezeit\" \/>\n\t<meta name=\"twitter:data1\" content=\"1\u00a0Minute\" \/>\n<script type=\"application\/ld+json\" class=\"yoast-schema-graph\">{\"@context\":\"https:\\\/\\\/schema.org\",\"@graph\":[{\"@type\":\"WebPage\",\"@id\":\"https:\\\/\\\/marktxxl.de\\\/markt\\\/produkt\\\/rustark-110-stueck-6-groessen-304-edelstahl-splint-clip-schluessel-befestigung-sortiment-set-fuer-automobil-mechaniker-kleine-motor\\\/\",\"url\":\"https:\\\/\\\/marktxxl.de\\\/markt\\\/produkt\\\/rustark-110-stueck-6-groessen-304-edelstahl-splint-clip-schluessel-befestigung-sortiment-set-fuer-automobil-mechaniker-kleine-motor\\\/\",\"name\":\"Rustark 110 St\u00fcck 6 Gr\u00f6\u00dfen 304 Edelstahl Splint-Clip Schl\u00fcssel-Befestigung-Sortiment-Set f\u00fcr Automobil-Mechaniker\u2026 - Markt-XXL\",\"isPartOf\":{\"@id\":\"https:\\\/\\\/marktxxl.de\\\/markt\\\/#website\"},\"primaryImageOfPage\":{\"@id\":\"https:\\\/\\\/marktxxl.de\\\/markt\\\/produkt\\\/rustark-110-stueck-6-groessen-304-edelstahl-splint-clip-schluessel-befestigung-sortiment-set-fuer-automobil-mechaniker-kleine-motor\\\/#primaryimage\"},\"image\":{\"@id\":\"https:\\\/\\\/marktxxl.de\\\/markt\\\/produkt\\\/rustark-110-stueck-6-groessen-304-edelstahl-splint-clip-schluessel-befestigung-sortiment-set-fuer-automobil-mechaniker-kleine-motor\\\/#primaryimage\"},\"thumbnailUrl\":\"https:\\\/\\\/m.media-amazon.com\\\/images\\\/I\\\/51i1EeIoFyL._SL500_.jpg\",\"datePublished\":\"2023-03-10T22:32:19+00:00\",\"dateModified\":\"2023-04-10T03:39:24+00:00\",\"description\":\"Markt-XXL Rustark 110 St\u00fcck 6 Gr\u00f6\u00dfen 304 Edelstahl Splint-Clip Schl\u00fcssel-Befestigung-Sortiment-Set f\u00fcr Automobil-Mechaniker\u2026\",\"breadcrumb\":{\"@id\":\"https:\\\/\\\/marktxxl.de\\\/markt\\\/produkt\\\/rustark-110-stueck-6-groessen-304-edelstahl-splint-clip-schluessel-befestigung-sortiment-set-fuer-automobil-mechaniker-kleine-motor\\\/#breadcrumb\"},\"inLanguage\":\"de\",\"potentialAction\":[{\"@type\":\"ReadAction\",\"target\":[\"https:\\\/\\\/marktxxl.de\\\/markt\\\/produkt\\\/rustark-110-stueck-6-groessen-304-edelstahl-splint-clip-schluessel-befestigung-sortiment-set-fuer-automobil-mechaniker-kleine-motor\\\/\"]}]},{\"@type\":\"ImageObject\",\"inLanguage\":\"de\",\"@id\":\"https:\\\/\\\/marktxxl.de\\\/markt\\\/produkt\\\/rustark-110-stueck-6-groessen-304-edelstahl-splint-clip-schluessel-befestigung-sortiment-set-fuer-automobil-mechaniker-kleine-motor\\\/#primaryimage\",\"url\":\"https:\\\/\\\/m.media-amazon.com\\\/images\\\/I\\\/51i1EeIoFyL._SL500_.jpg\",\"contentUrl\":\"https:\\\/\\\/m.media-amazon.com\\\/images\\\/I\\\/51i1EeIoFyL._SL500_.jpg\",\"width\":500,\"height\":500},{\"@type\":\"BreadcrumbList\",\"@id\":\"https:\\\/\\\/marktxxl.de\\\/markt\\\/produkt\\\/rustark-110-stueck-6-groessen-304-edelstahl-splint-clip-schluessel-befestigung-sortiment-set-fuer-automobil-mechaniker-kleine-motor\\\/#breadcrumb\",\"itemListElement\":[{\"@type\":\"ListItem\",\"position\":1,\"name\":\"Startseite\",\"item\":\"https:\\\/\\\/marktxxl.de\\\/markt\\\/\"},{\"@type\":\"ListItem\",\"position\":2,\"name\":\"Markt\",\"item\":\"https:\\\/\\\/marktxxl.de\\\/markt\\\/\"},{\"@type\":\"ListItem\",\"position\":3,\"name\":\"Rustark 110 St\u00fcck 6 Gr\u00f6\u00dfen 304 Edelstahl Splint-Clip Schl\u00fcssel-Befestigung-Sortiment-Set f\u00fcr Automobil-Mechaniker\u2026\"}]},{\"@type\":\"WebSite\",\"@id\":\"https:\\\/\\\/marktxxl.de\\\/markt\\\/#website\",\"url\":\"https:\\\/\\\/marktxxl.de\\\/markt\\\/\",\"name\":\"Markt-XXL\",\"description\":\"Ihr Markt Online\",\"publisher\":{\"@id\":\"https:\\\/\\\/marktxxl.de\\\/markt\\\/#organization\"},\"potentialAction\":[{\"@type\":\"SearchAction\",\"target\":{\"@type\":\"EntryPoint\",\"urlTemplate\":\"https:\\\/\\\/marktxxl.de\\\/markt\\\/?s={search_term_string}\"},\"query-input\":{\"@type\":\"PropertyValueSpecification\",\"valueRequired\":true,\"valueName\":\"search_term_string\"}}],\"inLanguage\":\"de\"},{\"@type\":\"Organization\",\"@id\":\"https:\\\/\\\/marktxxl.de\\\/markt\\\/#organization\",\"name\":\"Markt-XXL\",\"url\":\"https:\\\/\\\/marktxxl.de\\\/markt\\\/\",\"logo\":{\"@type\":\"ImageObject\",\"inLanguage\":\"de\",\"@id\":\"https:\\\/\\\/marktxxl.de\\\/markt\\\/#\\\/schema\\\/logo\\\/image\\\/\",\"url\":\"https:\\\/\\\/marktxxl.de\\\/markt\\\/wp-content\\\/uploads\\\/sites\\\/3\\\/2020\\\/12\\\/logo.png\",\"contentUrl\":\"https:\\\/\\\/marktxxl.de\\\/markt\\\/wp-content\\\/uploads\\\/sites\\\/3\\\/2020\\\/12\\\/logo.png\",\"width\":200,\"height\":70,\"caption\":\"Markt-XXL\"},\"image\":{\"@id\":\"https:\\\/\\\/marktxxl.de\\\/markt\\\/#\\\/schema\\\/logo\\\/image\\\/\"}}]}<\/script>\n<!-- \/ Yoast SEO plugin. -->","yoast_head_json":{"title":"Rustark 110 St\u00fcck 6 Gr\u00f6\u00dfen 304 Edelstahl Splint-Clip Schl\u00fcssel-Befestigung-Sortiment-Set f\u00fcr Automobil-Mechaniker\u2026 - Markt-XXL","description":"Markt-XXL Rustark 110 St\u00fcck 6 Gr\u00f6\u00dfen 304 Edelstahl Splint-Clip Schl\u00fcssel-Befestigung-Sortiment-Set f\u00fcr Automobil-Mechaniker\u2026","robots":{"index":"index","follow":"follow","max-snippet":"max-snippet:-1","max-image-preview":"max-image-preview:large","max-video-preview":"max-video-preview:-1"},"canonical":"https:\/\/marktxxl.de\/markt\/produkt\/rustark-110-stueck-6-groessen-304-edelstahl-splint-clip-schluessel-befestigung-sortiment-set-fuer-automobil-mechaniker-kleine-motor\/","og_locale":"de_DE","og_type":"article","og_title":"Rustark 110 St\u00fcck 6 Gr\u00f6\u00dfen 304 Edelstahl Splint-Clip Schl\u00fcssel-Befestigung-Sortiment-Set f\u00fcr Automobil-Mechaniker\u2026 - Markt-XXL","og_description":"Markt-XXL Rustark 110 St\u00fcck 6 Gr\u00f6\u00dfen 304 Edelstahl Splint-Clip Schl\u00fcssel-Befestigung-Sortiment-Set f\u00fcr Automobil-Mechaniker\u2026","og_url":"https:\/\/marktxxl.de\/markt\/produkt\/rustark-110-stueck-6-groessen-304-edelstahl-splint-clip-schluessel-befestigung-sortiment-set-fuer-automobil-mechaniker-kleine-motor\/","og_site_name":"Markt-XXL","article_modified_time":"2023-04-10T03:39:24+00:00","og_image":[{"width":500,"height":500,"url":"https:\/\/m.media-amazon.com\/images\/I\/51i1EeIoFyL._SL500_.jpg","type":"image\/jpeg"}],"twitter_card":"summary_large_image","twitter_misc":{"Gesch\u00e4tzte Lesezeit":"1\u00a0Minute"},"schema":{"@context":"https:\/\/schema.org","@graph":[{"@type":"WebPage","@id":"https:\/\/marktxxl.de\/markt\/produkt\/rustark-110-stueck-6-groessen-304-edelstahl-splint-clip-schluessel-befestigung-sortiment-set-fuer-automobil-mechaniker-kleine-motor\/","url":"https:\/\/marktxxl.de\/markt\/produkt\/rustark-110-stueck-6-groessen-304-edelstahl-splint-clip-schluessel-befestigung-sortiment-set-fuer-automobil-mechaniker-kleine-motor\/","name":"Rustark 110 St\u00fcck 6 Gr\u00f6\u00dfen 304 Edelstahl Splint-Clip Schl\u00fcssel-Befestigung-Sortiment-Set f\u00fcr Automobil-Mechaniker\u2026 - Markt-XXL","isPartOf":{"@id":"https:\/\/marktxxl.de\/markt\/#website"},"primaryImageOfPage":{"@id":"https:\/\/marktxxl.de\/markt\/produkt\/rustark-110-stueck-6-groessen-304-edelstahl-splint-clip-schluessel-befestigung-sortiment-set-fuer-automobil-mechaniker-kleine-motor\/#primaryimage"},"image":{"@id":"https:\/\/marktxxl.de\/markt\/produkt\/rustark-110-stueck-6-groessen-304-edelstahl-splint-clip-schluessel-befestigung-sortiment-set-fuer-automobil-mechaniker-kleine-motor\/#primaryimage"},"thumbnailUrl":"https:\/\/m.media-amazon.com\/images\/I\/51i1EeIoFyL._SL500_.jpg","datePublished":"2023-03-10T22:32:19+00:00","dateModified":"2023-04-10T03:39:24+00:00","description":"Markt-XXL Rustark 110 St\u00fcck 6 Gr\u00f6\u00dfen 304 Edelstahl Splint-Clip Schl\u00fcssel-Befestigung-Sortiment-Set f\u00fcr Automobil-Mechaniker\u2026","breadcrumb":{"@id":"https:\/\/marktxxl.de\/markt\/produkt\/rustark-110-stueck-6-groessen-304-edelstahl-splint-clip-schluessel-befestigung-sortiment-set-fuer-automobil-mechaniker-kleine-motor\/#breadcrumb"},"inLanguage":"de","potentialAction":[{"@type":"ReadAction","target":["https:\/\/marktxxl.de\/markt\/produkt\/rustark-110-stueck-6-groessen-304-edelstahl-splint-clip-schluessel-befestigung-sortiment-set-fuer-automobil-mechaniker-kleine-motor\/"]}]},{"@type":"ImageObject","inLanguage":"de","@id":"https:\/\/marktxxl.de\/markt\/produkt\/rustark-110-stueck-6-groessen-304-edelstahl-splint-clip-schluessel-befestigung-sortiment-set-fuer-automobil-mechaniker-kleine-motor\/#primaryimage","url":"https:\/\/m.media-amazon.com\/images\/I\/51i1EeIoFyL._SL500_.jpg","contentUrl":"https:\/\/m.media-amazon.com\/images\/I\/51i1EeIoFyL._SL500_.jpg","width":500,"height":500},{"@type":"BreadcrumbList","@id":"https:\/\/marktxxl.de\/markt\/produkt\/rustark-110-stueck-6-groessen-304-edelstahl-splint-clip-schluessel-befestigung-sortiment-set-fuer-automobil-mechaniker-kleine-motor\/#breadcrumb","itemListElement":[{"@type":"ListItem","position":1,"name":"Startseite","item":"https:\/\/marktxxl.de\/markt\/"},{"@type":"ListItem","position":2,"name":"Markt","item":"https:\/\/marktxxl.de\/markt\/"},{"@type":"ListItem","position":3,"name":"Rustark 110 St\u00fcck 6 Gr\u00f6\u00dfen 304 Edelstahl Splint-Clip Schl\u00fcssel-Befestigung-Sortiment-Set f\u00fcr Automobil-Mechaniker\u2026"}]},{"@type":"WebSite","@id":"https:\/\/marktxxl.de\/markt\/#website","url":"https:\/\/marktxxl.de\/markt\/","name":"Markt-XXL","description":"Ihr Markt Online","publisher":{"@id":"https:\/\/marktxxl.de\/markt\/#organization"},"potentialAction":[{"@type":"SearchAction","target":{"@type":"EntryPoint","urlTemplate":"https:\/\/marktxxl.de\/markt\/?s={search_term_string}"},"query-input":{"@type":"PropertyValueSpecification","valueRequired":true,"valueName":"search_term_string"}}],"inLanguage":"de"},{"@type":"Organization","@id":"https:\/\/marktxxl.de\/markt\/#organization","name":"Markt-XXL","url":"https:\/\/marktxxl.de\/markt\/","logo":{"@type":"ImageObject","inLanguage":"de","@id":"https:\/\/marktxxl.de\/markt\/#\/schema\/logo\/image\/","url":"https:\/\/marktxxl.de\/markt\/wp-content\/uploads\/sites\/3\/2020\/12\/logo.png","contentUrl":"https:\/\/marktxxl.de\/markt\/wp-content\/uploads\/sites\/3\/2020\/12\/logo.png","width":200,"height":70,"caption":"Markt-XXL"},"image":{"@id":"https:\/\/marktxxl.de\/markt\/#\/schema\/logo\/image\/"}}]}},"_links":{"self":[{"href":"https:\/\/marktxxl.de\/markt\/wp-json\/wp\/v2\/product\/191743","targetHints":{"allow":["GET"]}}],"collection":[{"href":"https:\/\/marktxxl.de\/markt\/wp-json\/wp\/v2\/product"}],"about":[{"href":"https:\/\/marktxxl.de\/markt\/wp-json\/wp\/v2\/types\/product"}],"replies":[{"embeddable":true,"href":"https:\/\/marktxxl.de\/markt\/wp-json\/wp\/v2\/comments?post=191743"}],"wp:featuredmedia":[{"embeddable":true,"href":"https:\/\/marktxxl.de\/markt\/wp-json\/wp\/v2\/media\/191744"}],"wp:attachment":[{"href":"https:\/\/marktxxl.de\/markt\/wp-json\/wp\/v2\/media?parent=191743"}],"wp:term":[{"taxonomy":"product_brand","embeddable":true,"href":"https:\/\/marktxxl.de\/markt\/wp-json\/wp\/v2\/product_brand?post=191743"},{"taxonomy":"product_cat","embeddable":true,"href":"https:\/\/marktxxl.de\/markt\/wp-json\/wp\/v2\/product_cat?post=191743"},{"taxonomy":"product_tag","embeddable":true,"href":"https:\/\/marktxxl.de\/markt\/wp-json\/wp\/v2\/product_tag?post=191743"}],"curies":[{"name":"wp","href":"https:\/\/api.w.org\/{rel}","templated":true}]}}