{"id":191646,"date":"2023-03-10T23:11:34","date_gmt":"2023-03-10T22:11:34","guid":{"rendered":"https:\/\/marktxxl.de\/markt\/produkt\/towwi-cup-catcher-sicherheitsgurte-spielzeug-schnullerkette-trinkbecher-baby-beissring-stueck-anti-drop-strap-baby-spielzeug-schnullerkette-schnullerband-baby-schnullerkette-clip\/"},"modified":"2023-04-10T05:39:22","modified_gmt":"2023-04-10T03:39:22","slug":"towwi-cup-catcher-sicherheitsgurte-spielzeug-schnullerkette-trinkbecher-baby-beissring-stueck-anti-drop-strap-baby-spielzeug-schnullerkette-schnullerband-baby-schnullerkette-clip","status":"publish","type":"product","link":"https:\/\/marktxxl.de\/markt\/produkt\/towwi-cup-catcher-sicherheitsgurte-spielzeug-schnullerkette-trinkbecher-baby-beissring-stueck-anti-drop-strap-baby-spielzeug-schnullerkette-schnullerband-baby-schnullerkette-clip\/","title":{"rendered":"Towwi Cup Catcher, Sicherheitsgurte Spielzeug Schnullerkette Trinkbecher baby Bei\u00dfring St\u00fcck Anti-Drop Strap Baby\u2026"},"content":{"rendered":"<p>\u2765 Schnullerkette aus Lebensmittelechtem Silikon: Hergestellt aus lebensmittelechtem Silikon. Flexibel, weich, elastisch und sicher (ungiftig, bleifrei und phthalatfrei). Dieser Baby-Bei\u00dfring wurde unabh\u00e4ngig getestet und erf\u00fcllt oder \u00fcbertrifft den Sicherheitsstandard von CPSIA USA (Consumer Product Safety Improvement Act). Sie ist wiederverwendbar, kann in hei\u00dfem Wasser sterilisiert und bei niedriger Temperatur im K\u00fchlschrank gelagert werden. Die Oberfl\u00e4che ist glatt und verblasst nicht.<br \/>\n\u2765Einstellbare Gr\u00f6\u00dfe &amp; Lagerung: Die Gesamtl\u00e4nge jedes Schnullerbandes ist 52 cm. Das Band kann nach Belieben an die Gr\u00f6\u00dfe angepasst werden. Vier B\u00e4nder und eine Aufbewahrungsbox sind im Lieferumfang enthalten. Jedes doppelseitiges farbiges Design macht eine sch\u00f6ne Optik.<br \/>\n\u2765Anwendung: Diese Kinderwagenkette mit einer moderaten L\u00e4nge verhindert, dass Schnuller, Kinderspielzeug, Flaschen und Zubeh\u00f6r auf den Boden fallen und schmutzig werden, so dass Ihr Baby sie sauberer und ges\u00fcnder benutzen kann. Sie k\u00f6nnen Lieblingsspielzeug oder Bei\u00dfring, Schnuller, Pl\u00fcschtier an ein Ende der Kette h\u00e4ngen und das andere Ende am Handgelenk Ihres Babys oder an einem Kinderwagen, Autositz, Hochstuhl oder Kinderwagen befestigen.<br \/>\n\u2765Perfekte Dekoration f\u00fcr Kinderwagen: Vielf\u00e4ltige und leuchtende Farben regen die sensorische Entwicklung des Babys an. Dieser Bei\u00dfring f\u00fcr Baby ist leicht zu tragen und vielseitig einsetzbar. Ihr Baby kann beim Essen, Weinen, Baden und auf Reisen damit spielen.<br \/>\n\u2765100% Zufriedenheitsgarantie: Wir sind von der Qualit\u00e4t dieses k\u00fchlenden Bei\u00dfrings sehr \u00fcberzeugt. Bei Fragen oder Vorschl\u00e4gen kontaktieren Sie uns direkt. Wir stehen Ihnen gerne zur Verf\u00fcgung! Ihre Zufriedenheit liegt immer an der ersten Stelle.<br \/>\n<div class=\"main-cross-sell\" data-asin=\"B09DVL7FNB\">\n\n\t<div class=\"WooZone-cross-sell-loader\">\n\t\t<div>\n\t\t\t<div id=\"floatingBarsG\">\n\t\t\t\t<div class=\"blockG\" id=\"rotateG_01\"><\/div>\n\t\t\t\t<div class=\"blockG\" id=\"rotateG_02\"><\/div>\n\t\t\t\t<div class=\"blockG\" id=\"rotateG_03\"><\/div>\n\t\t\t\t<div class=\"blockG\" id=\"rotateG_04\"><\/div>\n\t\t\t\t<div class=\"blockG\" id=\"rotateG_05\"><\/div>\n\t\t\t\t<div class=\"blockG\" id=\"rotateG_06\"><\/div>\n\t\t\t\t<div class=\"blockG\" id=\"rotateG_07\"><\/div>\n\t\t\t\t<div class=\"blockG\" id=\"rotateG_08\"><\/div>\n\t\t\t<\/div>\n\t\t\t<div class=\"WooZone-cross-sell-loader-text\"><\/div>\n\t\t<\/div>\n\t<\/div>\n\n\t\t\n<\/div>\n<div style=\"clear:both;\"><\/div><\/p>\n","protected":false},"excerpt":{"rendered":"<p>\u2765 Schnullerkette aus Lebensmittelechtem Silikon: Hergestellt aus lebensmittelechtem Silikon. Flexibel, weich, elastisch und sicher (ungiftig, bleifrei und phthalatfrei). Dieser Baby-Bei\u00dfring wurde unabh\u00e4ngig getestet und erf\u00fcllt oder \u00fcbertrifft den Sicherheitsstandard von CPSIA USA (Consumer Product Safety Improvement Act). Sie ist wiederverwendbar, kann in hei\u00dfem Wasser sterilisiert und bei niedriger Temperatur im K\u00fchlschrank gelagert werden. Die Oberfl\u00e4che ist glatt und verblasst nicht.<br \/>\n\u2765Einstellbare Gr\u00f6\u00dfe &amp; Lagerung: Die Gesamtl\u00e4nge jedes Schnullerbandes ist 52 cm. Das Band kann nach Belieben an die Gr\u00f6\u00dfe angepasst werden. Vier B\u00e4nder und eine Aufbewahrungsbox sind im Lieferumfang enthalten. Jedes doppelseitiges farbiges Design macht eine sch\u00f6ne Optik.<br \/>\n\u2765Anwendung: Diese Kinderwagenkette mit einer moderaten L\u00e4nge verhindert, dass Schnuller, Kinderspielzeug, Flaschen und Zubeh\u00f6r auf den Boden fallen und schmutzig werden, so dass Ihr Baby sie sauberer und ges\u00fcnder benutzen kann. Sie k\u00f6nnen Lieblingsspielzeug oder Bei\u00dfring, Schnuller, Pl\u00fcschtier an ein Ende der Kette h\u00e4ngen und das andere Ende am Handgelenk Ihres Babys oder an einem Kinderwagen, Autositz, Hochstuhl oder Kinderwagen befestigen.<\/p>\n","protected":false},"featured_media":191647,"comment_status":"open","ping_status":"closed","template":"","meta":[],"product_brand":[],"product_cat":[21,9362],"product_tag":[],"class_list":{"0":"post-191646","1":"product","2":"type-product","3":"status-publish","4":"has-post-thumbnail","6":"product_cat-baby","7":"product_cat-schnuller-beissringe-baby","8":"pa_binding-unbekannter-einband","9":"pa_brand-towwi","10":"pa_manufacturer-towwi","11":"pa_model-ss1","13":"first","14":"instock","15":"shipping-taxable","16":"purchasable","17":"product-type-simple","18":"customify-col","19":"product-has-gallery"},"yoast_head":"<!-- This site is optimized with the Yoast SEO plugin v27.4 - https:\/\/yoast.com\/product\/yoast-seo-wordpress\/ -->\n<title>Towwi Cup Catcher, Sicherheitsgurte Spielzeug Schnullerkette Trinkbecher baby Bei\u00dfring St\u00fcck Anti-Drop Strap Baby\u2026 - Markt-XXL<\/title>\n<meta name=\"description\" content=\"Markt-XXL Towwi Cup Catcher, Sicherheitsgurte Spielzeug Schnullerkette Trinkbecher baby Bei\u00dfring St\u00fcck Anti-Drop Strap Baby\u2026\" \/>\n<meta name=\"robots\" content=\"index, follow, max-snippet:-1, max-image-preview:large, max-video-preview:-1\" \/>\n<link rel=\"canonical\" href=\"https:\/\/marktxxl.de\/markt\/produkt\/towwi-cup-catcher-sicherheitsgurte-spielzeug-schnullerkette-trinkbecher-baby-beissring-stueck-anti-drop-strap-baby-spielzeug-schnullerkette-schnullerband-baby-schnullerkette-clip\/\" \/>\n<meta property=\"og:locale\" content=\"de_DE\" \/>\n<meta property=\"og:type\" content=\"article\" \/>\n<meta property=\"og:title\" content=\"Towwi Cup Catcher, Sicherheitsgurte Spielzeug Schnullerkette Trinkbecher baby Bei\u00dfring St\u00fcck Anti-Drop Strap Baby\u2026 - Markt-XXL\" \/>\n<meta property=\"og:description\" content=\"Markt-XXL Towwi Cup Catcher, Sicherheitsgurte Spielzeug Schnullerkette Trinkbecher baby Bei\u00dfring St\u00fcck Anti-Drop Strap Baby\u2026\" \/>\n<meta property=\"og:url\" content=\"https:\/\/marktxxl.de\/markt\/produkt\/towwi-cup-catcher-sicherheitsgurte-spielzeug-schnullerkette-trinkbecher-baby-beissring-stueck-anti-drop-strap-baby-spielzeug-schnullerkette-schnullerband-baby-schnullerkette-clip\/\" \/>\n<meta property=\"og:site_name\" content=\"Markt-XXL\" \/>\n<meta property=\"article:modified_time\" content=\"2023-04-10T03:39:22+00:00\" \/>\n<meta property=\"og:image\" content=\"https:\/\/m.media-amazon.com\/images\/I\/41ayMe1zzSL._SL500_.jpg\" \/>\n\t<meta property=\"og:image:width\" content=\"500\" \/>\n\t<meta property=\"og:image:height\" content=\"500\" \/>\n\t<meta property=\"og:image:type\" content=\"image\/jpeg\" \/>\n<meta name=\"twitter:card\" content=\"summary_large_image\" \/>\n<meta name=\"twitter:label1\" content=\"Gesch\u00e4tzte Lesezeit\" \/>\n\t<meta name=\"twitter:data1\" content=\"1\u00a0Minute\" \/>\n<script type=\"application\/ld+json\" class=\"yoast-schema-graph\">{\"@context\":\"https:\\\/\\\/schema.org\",\"@graph\":[{\"@type\":\"WebPage\",\"@id\":\"https:\\\/\\\/marktxxl.de\\\/markt\\\/produkt\\\/towwi-cup-catcher-sicherheitsgurte-spielzeug-schnullerkette-trinkbecher-baby-beissring-stueck-anti-drop-strap-baby-spielzeug-schnullerkette-schnullerband-baby-schnullerkette-clip\\\/\",\"url\":\"https:\\\/\\\/marktxxl.de\\\/markt\\\/produkt\\\/towwi-cup-catcher-sicherheitsgurte-spielzeug-schnullerkette-trinkbecher-baby-beissring-stueck-anti-drop-strap-baby-spielzeug-schnullerkette-schnullerband-baby-schnullerkette-clip\\\/\",\"name\":\"Towwi Cup Catcher, Sicherheitsgurte Spielzeug Schnullerkette Trinkbecher baby Bei\u00dfring St\u00fcck Anti-Drop Strap Baby\u2026 - Markt-XXL\",\"isPartOf\":{\"@id\":\"https:\\\/\\\/marktxxl.de\\\/markt\\\/#website\"},\"primaryImageOfPage\":{\"@id\":\"https:\\\/\\\/marktxxl.de\\\/markt\\\/produkt\\\/towwi-cup-catcher-sicherheitsgurte-spielzeug-schnullerkette-trinkbecher-baby-beissring-stueck-anti-drop-strap-baby-spielzeug-schnullerkette-schnullerband-baby-schnullerkette-clip\\\/#primaryimage\"},\"image\":{\"@id\":\"https:\\\/\\\/marktxxl.de\\\/markt\\\/produkt\\\/towwi-cup-catcher-sicherheitsgurte-spielzeug-schnullerkette-trinkbecher-baby-beissring-stueck-anti-drop-strap-baby-spielzeug-schnullerkette-schnullerband-baby-schnullerkette-clip\\\/#primaryimage\"},\"thumbnailUrl\":\"https:\\\/\\\/m.media-amazon.com\\\/images\\\/I\\\/41ayMe1zzSL._SL500_.jpg\",\"datePublished\":\"2023-03-10T22:11:34+00:00\",\"dateModified\":\"2023-04-10T03:39:22+00:00\",\"description\":\"Markt-XXL Towwi Cup Catcher, Sicherheitsgurte Spielzeug Schnullerkette Trinkbecher baby Bei\u00dfring St\u00fcck Anti-Drop Strap Baby\u2026\",\"breadcrumb\":{\"@id\":\"https:\\\/\\\/marktxxl.de\\\/markt\\\/produkt\\\/towwi-cup-catcher-sicherheitsgurte-spielzeug-schnullerkette-trinkbecher-baby-beissring-stueck-anti-drop-strap-baby-spielzeug-schnullerkette-schnullerband-baby-schnullerkette-clip\\\/#breadcrumb\"},\"inLanguage\":\"de\",\"potentialAction\":[{\"@type\":\"ReadAction\",\"target\":[\"https:\\\/\\\/marktxxl.de\\\/markt\\\/produkt\\\/towwi-cup-catcher-sicherheitsgurte-spielzeug-schnullerkette-trinkbecher-baby-beissring-stueck-anti-drop-strap-baby-spielzeug-schnullerkette-schnullerband-baby-schnullerkette-clip\\\/\"]}]},{\"@type\":\"ImageObject\",\"inLanguage\":\"de\",\"@id\":\"https:\\\/\\\/marktxxl.de\\\/markt\\\/produkt\\\/towwi-cup-catcher-sicherheitsgurte-spielzeug-schnullerkette-trinkbecher-baby-beissring-stueck-anti-drop-strap-baby-spielzeug-schnullerkette-schnullerband-baby-schnullerkette-clip\\\/#primaryimage\",\"url\":\"https:\\\/\\\/m.media-amazon.com\\\/images\\\/I\\\/41ayMe1zzSL._SL500_.jpg\",\"contentUrl\":\"https:\\\/\\\/m.media-amazon.com\\\/images\\\/I\\\/41ayMe1zzSL._SL500_.jpg\",\"width\":500,\"height\":500},{\"@type\":\"BreadcrumbList\",\"@id\":\"https:\\\/\\\/marktxxl.de\\\/markt\\\/produkt\\\/towwi-cup-catcher-sicherheitsgurte-spielzeug-schnullerkette-trinkbecher-baby-beissring-stueck-anti-drop-strap-baby-spielzeug-schnullerkette-schnullerband-baby-schnullerkette-clip\\\/#breadcrumb\",\"itemListElement\":[{\"@type\":\"ListItem\",\"position\":1,\"name\":\"Startseite\",\"item\":\"https:\\\/\\\/marktxxl.de\\\/markt\\\/\"},{\"@type\":\"ListItem\",\"position\":2,\"name\":\"Markt\",\"item\":\"https:\\\/\\\/marktxxl.de\\\/markt\\\/\"},{\"@type\":\"ListItem\",\"position\":3,\"name\":\"Towwi Cup Catcher, Sicherheitsgurte Spielzeug Schnullerkette Trinkbecher baby Bei\u00dfring St\u00fcck Anti-Drop Strap Baby\u2026\"}]},{\"@type\":\"WebSite\",\"@id\":\"https:\\\/\\\/marktxxl.de\\\/markt\\\/#website\",\"url\":\"https:\\\/\\\/marktxxl.de\\\/markt\\\/\",\"name\":\"Markt-XXL\",\"description\":\"Ihr Markt Online\",\"publisher\":{\"@id\":\"https:\\\/\\\/marktxxl.de\\\/markt\\\/#organization\"},\"potentialAction\":[{\"@type\":\"SearchAction\",\"target\":{\"@type\":\"EntryPoint\",\"urlTemplate\":\"https:\\\/\\\/marktxxl.de\\\/markt\\\/?s={search_term_string}\"},\"query-input\":{\"@type\":\"PropertyValueSpecification\",\"valueRequired\":true,\"valueName\":\"search_term_string\"}}],\"inLanguage\":\"de\"},{\"@type\":\"Organization\",\"@id\":\"https:\\\/\\\/marktxxl.de\\\/markt\\\/#organization\",\"name\":\"Markt-XXL\",\"url\":\"https:\\\/\\\/marktxxl.de\\\/markt\\\/\",\"logo\":{\"@type\":\"ImageObject\",\"inLanguage\":\"de\",\"@id\":\"https:\\\/\\\/marktxxl.de\\\/markt\\\/#\\\/schema\\\/logo\\\/image\\\/\",\"url\":\"https:\\\/\\\/marktxxl.de\\\/markt\\\/wp-content\\\/uploads\\\/sites\\\/3\\\/2020\\\/12\\\/logo.png\",\"contentUrl\":\"https:\\\/\\\/marktxxl.de\\\/markt\\\/wp-content\\\/uploads\\\/sites\\\/3\\\/2020\\\/12\\\/logo.png\",\"width\":200,\"height\":70,\"caption\":\"Markt-XXL\"},\"image\":{\"@id\":\"https:\\\/\\\/marktxxl.de\\\/markt\\\/#\\\/schema\\\/logo\\\/image\\\/\"}}]}<\/script>\n<!-- \/ Yoast SEO plugin. -->","yoast_head_json":{"title":"Towwi Cup Catcher, Sicherheitsgurte Spielzeug Schnullerkette Trinkbecher baby Bei\u00dfring St\u00fcck Anti-Drop Strap Baby\u2026 - Markt-XXL","description":"Markt-XXL Towwi Cup Catcher, Sicherheitsgurte Spielzeug Schnullerkette Trinkbecher baby Bei\u00dfring St\u00fcck Anti-Drop Strap Baby\u2026","robots":{"index":"index","follow":"follow","max-snippet":"max-snippet:-1","max-image-preview":"max-image-preview:large","max-video-preview":"max-video-preview:-1"},"canonical":"https:\/\/marktxxl.de\/markt\/produkt\/towwi-cup-catcher-sicherheitsgurte-spielzeug-schnullerkette-trinkbecher-baby-beissring-stueck-anti-drop-strap-baby-spielzeug-schnullerkette-schnullerband-baby-schnullerkette-clip\/","og_locale":"de_DE","og_type":"article","og_title":"Towwi Cup Catcher, Sicherheitsgurte Spielzeug Schnullerkette Trinkbecher baby Bei\u00dfring St\u00fcck Anti-Drop Strap Baby\u2026 - Markt-XXL","og_description":"Markt-XXL Towwi Cup Catcher, Sicherheitsgurte Spielzeug Schnullerkette Trinkbecher baby Bei\u00dfring St\u00fcck Anti-Drop Strap Baby\u2026","og_url":"https:\/\/marktxxl.de\/markt\/produkt\/towwi-cup-catcher-sicherheitsgurte-spielzeug-schnullerkette-trinkbecher-baby-beissring-stueck-anti-drop-strap-baby-spielzeug-schnullerkette-schnullerband-baby-schnullerkette-clip\/","og_site_name":"Markt-XXL","article_modified_time":"2023-04-10T03:39:22+00:00","og_image":[{"width":500,"height":500,"url":"https:\/\/m.media-amazon.com\/images\/I\/41ayMe1zzSL._SL500_.jpg","type":"image\/jpeg"}],"twitter_card":"summary_large_image","twitter_misc":{"Gesch\u00e4tzte Lesezeit":"1\u00a0Minute"},"schema":{"@context":"https:\/\/schema.org","@graph":[{"@type":"WebPage","@id":"https:\/\/marktxxl.de\/markt\/produkt\/towwi-cup-catcher-sicherheitsgurte-spielzeug-schnullerkette-trinkbecher-baby-beissring-stueck-anti-drop-strap-baby-spielzeug-schnullerkette-schnullerband-baby-schnullerkette-clip\/","url":"https:\/\/marktxxl.de\/markt\/produkt\/towwi-cup-catcher-sicherheitsgurte-spielzeug-schnullerkette-trinkbecher-baby-beissring-stueck-anti-drop-strap-baby-spielzeug-schnullerkette-schnullerband-baby-schnullerkette-clip\/","name":"Towwi Cup Catcher, Sicherheitsgurte Spielzeug Schnullerkette Trinkbecher baby Bei\u00dfring St\u00fcck Anti-Drop Strap Baby\u2026 - Markt-XXL","isPartOf":{"@id":"https:\/\/marktxxl.de\/markt\/#website"},"primaryImageOfPage":{"@id":"https:\/\/marktxxl.de\/markt\/produkt\/towwi-cup-catcher-sicherheitsgurte-spielzeug-schnullerkette-trinkbecher-baby-beissring-stueck-anti-drop-strap-baby-spielzeug-schnullerkette-schnullerband-baby-schnullerkette-clip\/#primaryimage"},"image":{"@id":"https:\/\/marktxxl.de\/markt\/produkt\/towwi-cup-catcher-sicherheitsgurte-spielzeug-schnullerkette-trinkbecher-baby-beissring-stueck-anti-drop-strap-baby-spielzeug-schnullerkette-schnullerband-baby-schnullerkette-clip\/#primaryimage"},"thumbnailUrl":"https:\/\/m.media-amazon.com\/images\/I\/41ayMe1zzSL._SL500_.jpg","datePublished":"2023-03-10T22:11:34+00:00","dateModified":"2023-04-10T03:39:22+00:00","description":"Markt-XXL Towwi Cup Catcher, Sicherheitsgurte Spielzeug Schnullerkette Trinkbecher baby Bei\u00dfring St\u00fcck Anti-Drop Strap Baby\u2026","breadcrumb":{"@id":"https:\/\/marktxxl.de\/markt\/produkt\/towwi-cup-catcher-sicherheitsgurte-spielzeug-schnullerkette-trinkbecher-baby-beissring-stueck-anti-drop-strap-baby-spielzeug-schnullerkette-schnullerband-baby-schnullerkette-clip\/#breadcrumb"},"inLanguage":"de","potentialAction":[{"@type":"ReadAction","target":["https:\/\/marktxxl.de\/markt\/produkt\/towwi-cup-catcher-sicherheitsgurte-spielzeug-schnullerkette-trinkbecher-baby-beissring-stueck-anti-drop-strap-baby-spielzeug-schnullerkette-schnullerband-baby-schnullerkette-clip\/"]}]},{"@type":"ImageObject","inLanguage":"de","@id":"https:\/\/marktxxl.de\/markt\/produkt\/towwi-cup-catcher-sicherheitsgurte-spielzeug-schnullerkette-trinkbecher-baby-beissring-stueck-anti-drop-strap-baby-spielzeug-schnullerkette-schnullerband-baby-schnullerkette-clip\/#primaryimage","url":"https:\/\/m.media-amazon.com\/images\/I\/41ayMe1zzSL._SL500_.jpg","contentUrl":"https:\/\/m.media-amazon.com\/images\/I\/41ayMe1zzSL._SL500_.jpg","width":500,"height":500},{"@type":"BreadcrumbList","@id":"https:\/\/marktxxl.de\/markt\/produkt\/towwi-cup-catcher-sicherheitsgurte-spielzeug-schnullerkette-trinkbecher-baby-beissring-stueck-anti-drop-strap-baby-spielzeug-schnullerkette-schnullerband-baby-schnullerkette-clip\/#breadcrumb","itemListElement":[{"@type":"ListItem","position":1,"name":"Startseite","item":"https:\/\/marktxxl.de\/markt\/"},{"@type":"ListItem","position":2,"name":"Markt","item":"https:\/\/marktxxl.de\/markt\/"},{"@type":"ListItem","position":3,"name":"Towwi Cup Catcher, Sicherheitsgurte Spielzeug Schnullerkette Trinkbecher baby Bei\u00dfring St\u00fcck Anti-Drop Strap Baby\u2026"}]},{"@type":"WebSite","@id":"https:\/\/marktxxl.de\/markt\/#website","url":"https:\/\/marktxxl.de\/markt\/","name":"Markt-XXL","description":"Ihr Markt Online","publisher":{"@id":"https:\/\/marktxxl.de\/markt\/#organization"},"potentialAction":[{"@type":"SearchAction","target":{"@type":"EntryPoint","urlTemplate":"https:\/\/marktxxl.de\/markt\/?s={search_term_string}"},"query-input":{"@type":"PropertyValueSpecification","valueRequired":true,"valueName":"search_term_string"}}],"inLanguage":"de"},{"@type":"Organization","@id":"https:\/\/marktxxl.de\/markt\/#organization","name":"Markt-XXL","url":"https:\/\/marktxxl.de\/markt\/","logo":{"@type":"ImageObject","inLanguage":"de","@id":"https:\/\/marktxxl.de\/markt\/#\/schema\/logo\/image\/","url":"https:\/\/marktxxl.de\/markt\/wp-content\/uploads\/sites\/3\/2020\/12\/logo.png","contentUrl":"https:\/\/marktxxl.de\/markt\/wp-content\/uploads\/sites\/3\/2020\/12\/logo.png","width":200,"height":70,"caption":"Markt-XXL"},"image":{"@id":"https:\/\/marktxxl.de\/markt\/#\/schema\/logo\/image\/"}}]}},"_links":{"self":[{"href":"https:\/\/marktxxl.de\/markt\/wp-json\/wp\/v2\/product\/191646","targetHints":{"allow":["GET"]}}],"collection":[{"href":"https:\/\/marktxxl.de\/markt\/wp-json\/wp\/v2\/product"}],"about":[{"href":"https:\/\/marktxxl.de\/markt\/wp-json\/wp\/v2\/types\/product"}],"replies":[{"embeddable":true,"href":"https:\/\/marktxxl.de\/markt\/wp-json\/wp\/v2\/comments?post=191646"}],"wp:featuredmedia":[{"embeddable":true,"href":"https:\/\/marktxxl.de\/markt\/wp-json\/wp\/v2\/media\/191647"}],"wp:attachment":[{"href":"https:\/\/marktxxl.de\/markt\/wp-json\/wp\/v2\/media?parent=191646"}],"wp:term":[{"taxonomy":"product_brand","embeddable":true,"href":"https:\/\/marktxxl.de\/markt\/wp-json\/wp\/v2\/product_brand?post=191646"},{"taxonomy":"product_cat","embeddable":true,"href":"https:\/\/marktxxl.de\/markt\/wp-json\/wp\/v2\/product_cat?post=191646"},{"taxonomy":"product_tag","embeddable":true,"href":"https:\/\/marktxxl.de\/markt\/wp-json\/wp\/v2\/product_tag?post=191646"}],"curies":[{"name":"wp","href":"https:\/\/api.w.org\/{rel}","templated":true}]}}