{"id":191383,"date":"2023-03-10T21:59:10","date_gmt":"2023-03-10T20:59:10","guid":{"rendered":"https:\/\/marktxxl.de\/markt\/produkt\/comfy-cubs-cotton-burp-cloth\/"},"modified":"2023-04-10T05:39:17","modified_gmt":"2023-04-10T03:39:17","slug":"comfy-cubs-cotton-burp-cloth","status":"publish","type":"product","link":"https:\/\/marktxxl.de\/markt\/produkt\/comfy-cubs-cotton-burp-cloth\/","title":{"rendered":"Comfy Cubs spuckt\u00fccher 6 Satz gro\u00dfe 100% Baumwolle waschlappen doppel Layered aufsto\u00dfen t\u00fccher extra saugf\u00e4hig und weich\u2026"},"content":{"rendered":"<p>Spuckt\u00fccher aus reiner Baumwolle \u2013 keine Eltern k\u00f6nnen jemals zu viele Spuckt\u00fccher haben, da sie f\u00fcr so viele Dinge verwendet werden k\u00f6nnen. Ideale Gr\u00f6\u00dfe, um in eine Handtasche oder Wickeltasche zu passen und kann \u00fcberall im Haus verwendet werden, da sie super praktisch beim F\u00fcttern, Wickeln oder sogar beim Reinigen des Babys sind<br \/>\nMEHRZWECK ESSENTIAL F\u00dcR BABIES &#8211; Unsere Spuckt\u00fccher sind so vielseitig und k\u00f6nnen vielseitig eingesetzt werden. Perfekt zum Schutz Ihrer Kleidung beim Aufsto\u00dfen der Kleinen, zum Aufwischen von klebrigen Unordnungen, als Stilldecke, zum Zahnen, Sabbern von Babys oder sogar als Wickelauflage, um den Bereich hygienisch zu halten<br \/>\nHervorragende Qualit\u00e4t aus reiner Baumwolle \u2013 aus 100% atmungsaktiver Baumwolle, diese Spuckt\u00fccher sind Top-Qualit\u00e4t und maschinenwaschbar. Baumwolle ist super sanft f\u00fcr die empfindliche Babyhaut, atmungsaktiv und extra saugf\u00e4hig<br \/>\nPackungsinformationen: Diese Packung enth\u00e4lt 6 x Spuckt\u00fccher, jeweils 40,6 x 30,5 cm. Die T\u00fccher bestehen aus 100 % Baumwolle und haben 2 Lagen extra saugf\u00e4higes, weiches Material<br \/>\nPerfektes Geschenk zur Babyparty \u2013 oben in der Babyregion, dies ist ein wesentlicher Artikel f\u00fcr neue Eltern, je mehr umso fr\u00f6hlicher Spuckt\u00fccher sind. Diese wei\u00dfen Spuckt\u00fccher sind sowohl f\u00fcr Jungen als auch M\u00e4dchen geeignet, leicht zu waschen und sehr strapazierf\u00e4hig. Jedes Spuckt\u00fccher kommt mit einer h\u00fcbschen Schleife, fertig zum Verschenken!<br \/>\n<div class=\"main-cross-sell\" data-asin=\"B099ZNSTTP\">\n\n\t<div class=\"WooZone-cross-sell-loader\">\n\t\t<div>\n\t\t\t<div id=\"floatingBarsG\">\n\t\t\t\t<div class=\"blockG\" id=\"rotateG_01\"><\/div>\n\t\t\t\t<div class=\"blockG\" id=\"rotateG_02\"><\/div>\n\t\t\t\t<div class=\"blockG\" id=\"rotateG_03\"><\/div>\n\t\t\t\t<div class=\"blockG\" id=\"rotateG_04\"><\/div>\n\t\t\t\t<div class=\"blockG\" id=\"rotateG_05\"><\/div>\n\t\t\t\t<div class=\"blockG\" id=\"rotateG_06\"><\/div>\n\t\t\t\t<div class=\"blockG\" id=\"rotateG_07\"><\/div>\n\t\t\t\t<div class=\"blockG\" id=\"rotateG_08\"><\/div>\n\t\t\t<\/div>\n\t\t\t<div class=\"WooZone-cross-sell-loader-text\"><\/div>\n\t\t<\/div>\n\t<\/div>\n\n\t\t\n<\/div>\n<div style=\"clear:both;\"><\/div><\/p>\n","protected":false},"excerpt":{"rendered":"<p>Spuckt\u00fccher aus reiner Baumwolle \u2013 keine Eltern k\u00f6nnen jemals zu viele Spuckt\u00fccher haben, da sie f\u00fcr so viele Dinge verwendet werden k\u00f6nnen. Ideale Gr\u00f6\u00dfe, um in eine Handtasche oder Wickeltasche zu passen und kann \u00fcberall im Haus verwendet werden, da sie super praktisch beim F\u00fcttern, Wickeln oder sogar beim Reinigen des Babys sind<br \/>\nMEHRZWECK ESSENTIAL F\u00dcR BABIES &#8211; Unsere Spuckt\u00fccher sind so vielseitig und k\u00f6nnen vielseitig eingesetzt werden. Perfekt zum Schutz Ihrer Kleidung beim Aufsto\u00dfen der Kleinen, zum Aufwischen von klebrigen Unordnungen, als Stilldecke, zum Zahnen, Sabbern von Babys oder sogar als Wickelauflage, um den Bereich hygienisch zu halten<br \/>\nHervorragende Qualit\u00e4t aus reiner Baumwolle \u2013 aus 100% atmungsaktiver Baumwolle, diese Spuckt\u00fccher sind Top-Qualit\u00e4t und maschinenwaschbar. Baumwolle ist super sanft f\u00fcr die empfindliche Babyhaut, atmungsaktiv und extra saugf\u00e4hig<\/p>\n","protected":false},"featured_media":191384,"comment_status":"open","ping_status":"closed","template":"","meta":[],"product_brand":[],"product_cat":[21,9216],"product_tag":[],"class_list":{"0":"post-191383","1":"product","2":"type-product","3":"status-publish","4":"has-post-thumbnail","6":"product_cat-baby","7":"product_cat-ernaehrung-stillen-baby","8":"pa_brand-comfy-cubs","9":"pa_height-0-1968503935-zoll","10":"pa_length-8-99999999082-zoll","11":"pa_manufacturer-comfy-cubs","12":"pa_width-5-99999999388-zoll","14":"first","15":"instock","16":"shipping-taxable","17":"purchasable","18":"product-type-simple","19":"customify-col","20":"product-has-gallery"},"yoast_head":"<!-- This site is optimized with the Yoast SEO plugin v27.3 - https:\/\/yoast.com\/product\/yoast-seo-wordpress\/ -->\n<title>Comfy Cubs spuckt\u00fccher 6 Satz gro\u00dfe 100% Baumwolle waschlappen doppel Layered aufsto\u00dfen t\u00fccher extra saugf\u00e4hig und weich\u2026 - Markt-XXL<\/title>\n<meta name=\"description\" content=\"Markt-XXL Comfy Cubs spuckt\u00fccher 6 Satz gro\u00dfe 100% Baumwolle waschlappen doppel Layered aufsto\u00dfen t\u00fccher extra saugf\u00e4hig und weich\u2026\" \/>\n<meta name=\"robots\" content=\"index, follow, max-snippet:-1, max-image-preview:large, max-video-preview:-1\" \/>\n<link rel=\"canonical\" href=\"https:\/\/marktxxl.de\/markt\/produkt\/comfy-cubs-cotton-burp-cloth\/\" \/>\n<meta property=\"og:locale\" content=\"de_DE\" \/>\n<meta property=\"og:type\" content=\"article\" \/>\n<meta property=\"og:title\" content=\"Comfy Cubs spuckt\u00fccher 6 Satz gro\u00dfe 100% Baumwolle waschlappen doppel Layered aufsto\u00dfen t\u00fccher extra saugf\u00e4hig und weich\u2026 - Markt-XXL\" \/>\n<meta property=\"og:description\" content=\"Markt-XXL Comfy Cubs spuckt\u00fccher 6 Satz gro\u00dfe 100% Baumwolle waschlappen doppel Layered aufsto\u00dfen t\u00fccher extra saugf\u00e4hig und weich\u2026\" \/>\n<meta property=\"og:url\" content=\"https:\/\/marktxxl.de\/markt\/produkt\/comfy-cubs-cotton-burp-cloth\/\" \/>\n<meta property=\"og:site_name\" content=\"Markt-XXL\" \/>\n<meta property=\"article:modified_time\" content=\"2023-04-10T03:39:17+00:00\" \/>\n<meta property=\"og:image\" content=\"https:\/\/m.media-amazon.com\/images\/I\/517w604RZTL._SL500_.jpg\" \/>\n\t<meta property=\"og:image:width\" content=\"500\" \/>\n\t<meta property=\"og:image:height\" content=\"500\" \/>\n\t<meta property=\"og:image:type\" content=\"image\/jpeg\" \/>\n<meta name=\"twitter:card\" content=\"summary_large_image\" \/>\n<meta name=\"twitter:label1\" content=\"Gesch\u00e4tzte Lesezeit\" \/>\n\t<meta name=\"twitter:data1\" content=\"1\u00a0Minute\" \/>\n<script type=\"application\/ld+json\" class=\"yoast-schema-graph\">{\"@context\":\"https:\\\/\\\/schema.org\",\"@graph\":[{\"@type\":\"WebPage\",\"@id\":\"https:\\\/\\\/marktxxl.de\\\/markt\\\/produkt\\\/comfy-cubs-cotton-burp-cloth\\\/\",\"url\":\"https:\\\/\\\/marktxxl.de\\\/markt\\\/produkt\\\/comfy-cubs-cotton-burp-cloth\\\/\",\"name\":\"Comfy Cubs spuckt\u00fccher 6 Satz gro\u00dfe 100% Baumwolle waschlappen doppel Layered aufsto\u00dfen t\u00fccher extra saugf\u00e4hig und weich\u2026 - Markt-XXL\",\"isPartOf\":{\"@id\":\"https:\\\/\\\/marktxxl.de\\\/markt\\\/#website\"},\"primaryImageOfPage\":{\"@id\":\"https:\\\/\\\/marktxxl.de\\\/markt\\\/produkt\\\/comfy-cubs-cotton-burp-cloth\\\/#primaryimage\"},\"image\":{\"@id\":\"https:\\\/\\\/marktxxl.de\\\/markt\\\/produkt\\\/comfy-cubs-cotton-burp-cloth\\\/#primaryimage\"},\"thumbnailUrl\":\"https:\\\/\\\/m.media-amazon.com\\\/images\\\/I\\\/517w604RZTL._SL500_.jpg\",\"datePublished\":\"2023-03-10T20:59:10+00:00\",\"dateModified\":\"2023-04-10T03:39:17+00:00\",\"description\":\"Markt-XXL Comfy Cubs spuckt\u00fccher 6 Satz gro\u00dfe 100% Baumwolle waschlappen doppel Layered aufsto\u00dfen t\u00fccher extra saugf\u00e4hig und weich\u2026\",\"breadcrumb\":{\"@id\":\"https:\\\/\\\/marktxxl.de\\\/markt\\\/produkt\\\/comfy-cubs-cotton-burp-cloth\\\/#breadcrumb\"},\"inLanguage\":\"de\",\"potentialAction\":[{\"@type\":\"ReadAction\",\"target\":[\"https:\\\/\\\/marktxxl.de\\\/markt\\\/produkt\\\/comfy-cubs-cotton-burp-cloth\\\/\"]}]},{\"@type\":\"ImageObject\",\"inLanguage\":\"de\",\"@id\":\"https:\\\/\\\/marktxxl.de\\\/markt\\\/produkt\\\/comfy-cubs-cotton-burp-cloth\\\/#primaryimage\",\"url\":\"https:\\\/\\\/m.media-amazon.com\\\/images\\\/I\\\/517w604RZTL._SL500_.jpg\",\"contentUrl\":\"https:\\\/\\\/m.media-amazon.com\\\/images\\\/I\\\/517w604RZTL._SL500_.jpg\",\"width\":500,\"height\":500},{\"@type\":\"BreadcrumbList\",\"@id\":\"https:\\\/\\\/marktxxl.de\\\/markt\\\/produkt\\\/comfy-cubs-cotton-burp-cloth\\\/#breadcrumb\",\"itemListElement\":[{\"@type\":\"ListItem\",\"position\":1,\"name\":\"Startseite\",\"item\":\"https:\\\/\\\/marktxxl.de\\\/markt\\\/\"},{\"@type\":\"ListItem\",\"position\":2,\"name\":\"Markt\",\"item\":\"https:\\\/\\\/marktxxl.de\\\/markt\\\/\"},{\"@type\":\"ListItem\",\"position\":3,\"name\":\"Comfy Cubs spuckt\u00fccher 6 Satz gro\u00dfe 100% Baumwolle waschlappen doppel Layered aufsto\u00dfen t\u00fccher extra saugf\u00e4hig und weich\u2026\"}]},{\"@type\":\"WebSite\",\"@id\":\"https:\\\/\\\/marktxxl.de\\\/markt\\\/#website\",\"url\":\"https:\\\/\\\/marktxxl.de\\\/markt\\\/\",\"name\":\"Markt-XXL\",\"description\":\"Ihr Markt Online\",\"publisher\":{\"@id\":\"https:\\\/\\\/marktxxl.de\\\/markt\\\/#organization\"},\"potentialAction\":[{\"@type\":\"SearchAction\",\"target\":{\"@type\":\"EntryPoint\",\"urlTemplate\":\"https:\\\/\\\/marktxxl.de\\\/markt\\\/?s={search_term_string}\"},\"query-input\":{\"@type\":\"PropertyValueSpecification\",\"valueRequired\":true,\"valueName\":\"search_term_string\"}}],\"inLanguage\":\"de\"},{\"@type\":\"Organization\",\"@id\":\"https:\\\/\\\/marktxxl.de\\\/markt\\\/#organization\",\"name\":\"Markt-XXL\",\"url\":\"https:\\\/\\\/marktxxl.de\\\/markt\\\/\",\"logo\":{\"@type\":\"ImageObject\",\"inLanguage\":\"de\",\"@id\":\"https:\\\/\\\/marktxxl.de\\\/markt\\\/#\\\/schema\\\/logo\\\/image\\\/\",\"url\":\"https:\\\/\\\/marktxxl.de\\\/markt\\\/wp-content\\\/uploads\\\/sites\\\/3\\\/2020\\\/12\\\/logo.png\",\"contentUrl\":\"https:\\\/\\\/marktxxl.de\\\/markt\\\/wp-content\\\/uploads\\\/sites\\\/3\\\/2020\\\/12\\\/logo.png\",\"width\":200,\"height\":70,\"caption\":\"Markt-XXL\"},\"image\":{\"@id\":\"https:\\\/\\\/marktxxl.de\\\/markt\\\/#\\\/schema\\\/logo\\\/image\\\/\"}}]}<\/script>\n<!-- \/ Yoast SEO plugin. -->","yoast_head_json":{"title":"Comfy Cubs spuckt\u00fccher 6 Satz gro\u00dfe 100% Baumwolle waschlappen doppel Layered aufsto\u00dfen t\u00fccher extra saugf\u00e4hig und weich\u2026 - Markt-XXL","description":"Markt-XXL Comfy Cubs spuckt\u00fccher 6 Satz gro\u00dfe 100% Baumwolle waschlappen doppel Layered aufsto\u00dfen t\u00fccher extra saugf\u00e4hig und weich\u2026","robots":{"index":"index","follow":"follow","max-snippet":"max-snippet:-1","max-image-preview":"max-image-preview:large","max-video-preview":"max-video-preview:-1"},"canonical":"https:\/\/marktxxl.de\/markt\/produkt\/comfy-cubs-cotton-burp-cloth\/","og_locale":"de_DE","og_type":"article","og_title":"Comfy Cubs spuckt\u00fccher 6 Satz gro\u00dfe 100% Baumwolle waschlappen doppel Layered aufsto\u00dfen t\u00fccher extra saugf\u00e4hig und weich\u2026 - Markt-XXL","og_description":"Markt-XXL Comfy Cubs spuckt\u00fccher 6 Satz gro\u00dfe 100% Baumwolle waschlappen doppel Layered aufsto\u00dfen t\u00fccher extra saugf\u00e4hig und weich\u2026","og_url":"https:\/\/marktxxl.de\/markt\/produkt\/comfy-cubs-cotton-burp-cloth\/","og_site_name":"Markt-XXL","article_modified_time":"2023-04-10T03:39:17+00:00","og_image":[{"width":500,"height":500,"url":"https:\/\/m.media-amazon.com\/images\/I\/517w604RZTL._SL500_.jpg","type":"image\/jpeg"}],"twitter_card":"summary_large_image","twitter_misc":{"Gesch\u00e4tzte Lesezeit":"1\u00a0Minute"},"schema":{"@context":"https:\/\/schema.org","@graph":[{"@type":"WebPage","@id":"https:\/\/marktxxl.de\/markt\/produkt\/comfy-cubs-cotton-burp-cloth\/","url":"https:\/\/marktxxl.de\/markt\/produkt\/comfy-cubs-cotton-burp-cloth\/","name":"Comfy Cubs spuckt\u00fccher 6 Satz gro\u00dfe 100% Baumwolle waschlappen doppel Layered aufsto\u00dfen t\u00fccher extra saugf\u00e4hig und weich\u2026 - Markt-XXL","isPartOf":{"@id":"https:\/\/marktxxl.de\/markt\/#website"},"primaryImageOfPage":{"@id":"https:\/\/marktxxl.de\/markt\/produkt\/comfy-cubs-cotton-burp-cloth\/#primaryimage"},"image":{"@id":"https:\/\/marktxxl.de\/markt\/produkt\/comfy-cubs-cotton-burp-cloth\/#primaryimage"},"thumbnailUrl":"https:\/\/m.media-amazon.com\/images\/I\/517w604RZTL._SL500_.jpg","datePublished":"2023-03-10T20:59:10+00:00","dateModified":"2023-04-10T03:39:17+00:00","description":"Markt-XXL Comfy Cubs spuckt\u00fccher 6 Satz gro\u00dfe 100% Baumwolle waschlappen doppel Layered aufsto\u00dfen t\u00fccher extra saugf\u00e4hig und weich\u2026","breadcrumb":{"@id":"https:\/\/marktxxl.de\/markt\/produkt\/comfy-cubs-cotton-burp-cloth\/#breadcrumb"},"inLanguage":"de","potentialAction":[{"@type":"ReadAction","target":["https:\/\/marktxxl.de\/markt\/produkt\/comfy-cubs-cotton-burp-cloth\/"]}]},{"@type":"ImageObject","inLanguage":"de","@id":"https:\/\/marktxxl.de\/markt\/produkt\/comfy-cubs-cotton-burp-cloth\/#primaryimage","url":"https:\/\/m.media-amazon.com\/images\/I\/517w604RZTL._SL500_.jpg","contentUrl":"https:\/\/m.media-amazon.com\/images\/I\/517w604RZTL._SL500_.jpg","width":500,"height":500},{"@type":"BreadcrumbList","@id":"https:\/\/marktxxl.de\/markt\/produkt\/comfy-cubs-cotton-burp-cloth\/#breadcrumb","itemListElement":[{"@type":"ListItem","position":1,"name":"Startseite","item":"https:\/\/marktxxl.de\/markt\/"},{"@type":"ListItem","position":2,"name":"Markt","item":"https:\/\/marktxxl.de\/markt\/"},{"@type":"ListItem","position":3,"name":"Comfy Cubs spuckt\u00fccher 6 Satz gro\u00dfe 100% Baumwolle waschlappen doppel Layered aufsto\u00dfen t\u00fccher extra saugf\u00e4hig und weich\u2026"}]},{"@type":"WebSite","@id":"https:\/\/marktxxl.de\/markt\/#website","url":"https:\/\/marktxxl.de\/markt\/","name":"Markt-XXL","description":"Ihr Markt Online","publisher":{"@id":"https:\/\/marktxxl.de\/markt\/#organization"},"potentialAction":[{"@type":"SearchAction","target":{"@type":"EntryPoint","urlTemplate":"https:\/\/marktxxl.de\/markt\/?s={search_term_string}"},"query-input":{"@type":"PropertyValueSpecification","valueRequired":true,"valueName":"search_term_string"}}],"inLanguage":"de"},{"@type":"Organization","@id":"https:\/\/marktxxl.de\/markt\/#organization","name":"Markt-XXL","url":"https:\/\/marktxxl.de\/markt\/","logo":{"@type":"ImageObject","inLanguage":"de","@id":"https:\/\/marktxxl.de\/markt\/#\/schema\/logo\/image\/","url":"https:\/\/marktxxl.de\/markt\/wp-content\/uploads\/sites\/3\/2020\/12\/logo.png","contentUrl":"https:\/\/marktxxl.de\/markt\/wp-content\/uploads\/sites\/3\/2020\/12\/logo.png","width":200,"height":70,"caption":"Markt-XXL"},"image":{"@id":"https:\/\/marktxxl.de\/markt\/#\/schema\/logo\/image\/"}}]}},"_links":{"self":[{"href":"https:\/\/marktxxl.de\/markt\/wp-json\/wp\/v2\/product\/191383","targetHints":{"allow":["GET"]}}],"collection":[{"href":"https:\/\/marktxxl.de\/markt\/wp-json\/wp\/v2\/product"}],"about":[{"href":"https:\/\/marktxxl.de\/markt\/wp-json\/wp\/v2\/types\/product"}],"replies":[{"embeddable":true,"href":"https:\/\/marktxxl.de\/markt\/wp-json\/wp\/v2\/comments?post=191383"}],"wp:featuredmedia":[{"embeddable":true,"href":"https:\/\/marktxxl.de\/markt\/wp-json\/wp\/v2\/media\/191384"}],"wp:attachment":[{"href":"https:\/\/marktxxl.de\/markt\/wp-json\/wp\/v2\/media?parent=191383"}],"wp:term":[{"taxonomy":"product_brand","embeddable":true,"href":"https:\/\/marktxxl.de\/markt\/wp-json\/wp\/v2\/product_brand?post=191383"},{"taxonomy":"product_cat","embeddable":true,"href":"https:\/\/marktxxl.de\/markt\/wp-json\/wp\/v2\/product_cat?post=191383"},{"taxonomy":"product_tag","embeddable":true,"href":"https:\/\/marktxxl.de\/markt\/wp-json\/wp\/v2\/product_tag?post=191383"}],"curies":[{"name":"wp","href":"https:\/\/api.w.org\/{rel}","templated":true}]}}