{"id":191372,"date":"2023-03-10T21:58:46","date_gmt":"2023-03-10T20:58:46","guid":{"rendered":"https:\/\/marktxxl.de\/markt\/produkt\/mam-easy-start-anti-colic-flaeschchen-260-ml-babyflasche-ideal-zum-stillen-gemischt-sauger-2-belueftete-basis-anti-colic-dune\/"},"modified":"2023-04-10T05:39:16","modified_gmt":"2023-04-10T03:39:16","slug":"mam-easy-start-anti-colic-flaeschchen-260-ml-babyflasche-ideal-zum-stillen-gemischt-sauger-2-belueftete-basis-anti-colic-dune","status":"publish","type":"product","link":"https:\/\/marktxxl.de\/markt\/produkt\/mam-easy-start-anti-colic-flaeschchen-260-ml-babyflasche-ideal-zum-stillen-gemischt-sauger-2-belueftete-basis-anti-colic-dune\/","title":{"rendered":"MAM Easy Start Anti-Colic Fl\u00e4schchen (260 ml), Babyflasche ideal zum Stillen gemischt, Sauger 2, bel\u00fcftete Basis Anti\u2026"},"content":{"rendered":"<p>Anti-Colic System &#8211; Die bel\u00fcftete Basis der Flasche verhindert die Bildung von Luftblasen und das Absinken des Schnullers. Der Rhythmus des Stillen ist nat\u00fcrlich wie bei der Brust, und das Risiko von Koliken wird reduziert<br \/>\nFLACHER ULTRA WEICHER Sauger &#8211; Die MAM Flasche besitzt einen SkinSoft Silikon Sauger der Gr\u00f6\u00dfe 2 (2+ Monate und +, mittlerer Durchfluss). Sie reproduziert die Form der Brust w\u00e4hrend des Stillens und wird von 94 % der Babys akzeptiert*<br \/>\nSofortige Vorteile \u2013 80 % weniger Koliken f\u00fcr Baby**, aktives Stillen ab den ersten Wochen des Babys, eine erfolgreiche Abwechslung der Babyflasche \/ Brust dank einer \u00e4hnlichen Babyerfahrung<br \/>\nFarben der Natur: Die Farbpalette in sanften und nat\u00fcrlichen T\u00f6nen, die dem Baby und seinen Eltern gefallen. Die Oberfl\u00e4che der MAM Flasche ist \u00fcberarbeitet f\u00fcr einen matten Effekt und einen seidigen Griff<br \/>\nLieferumfang &#8211; 1 x Easy Start Anti-Colic Milchflasche (260 ml), Schnuller Gr\u00f6\u00dfe 2 (ab 2 Monate), bel\u00fcftete Anti-Colic Basis, Sterilisations-System in 3 Minuten, waschbar, Farbe Natur dune<br \/>\n<div class=\"main-cross-sell\" data-asin=\"B09V8245SX\">\n\n\t<div class=\"WooZone-cross-sell-loader\">\n\t\t<div>\n\t\t\t<div id=\"floatingBarsG\">\n\t\t\t\t<div class=\"blockG\" id=\"rotateG_01\"><\/div>\n\t\t\t\t<div class=\"blockG\" id=\"rotateG_02\"><\/div>\n\t\t\t\t<div class=\"blockG\" id=\"rotateG_03\"><\/div>\n\t\t\t\t<div class=\"blockG\" id=\"rotateG_04\"><\/div>\n\t\t\t\t<div class=\"blockG\" id=\"rotateG_05\"><\/div>\n\t\t\t\t<div class=\"blockG\" id=\"rotateG_06\"><\/div>\n\t\t\t\t<div class=\"blockG\" id=\"rotateG_07\"><\/div>\n\t\t\t\t<div class=\"blockG\" id=\"rotateG_08\"><\/div>\n\t\t\t<\/div>\n\t\t\t<div class=\"WooZone-cross-sell-loader-text\"><\/div>\n\t\t<\/div>\n\t<\/div>\n\n\t\t\n<\/div>\n<div style=\"clear:both;\"><\/div><\/p>\n","protected":false},"excerpt":{"rendered":"<p>Anti-Colic System &#8211; Die bel\u00fcftete Basis der Flasche verhindert die Bildung von Luftblasen und das Absinken des Schnullers. Der Rhythmus des Stillen ist nat\u00fcrlich wie bei der Brust, und das Risiko von Koliken wird reduziert<br \/>\nFLACHER ULTRA WEICHER Sauger &#8211; Die MAM Flasche besitzt einen SkinSoft Silikon Sauger der Gr\u00f6\u00dfe 2 (2+ Monate und +, mittlerer Durchfluss). Sie reproduziert die Form der Brust w\u00e4hrend des Stillens und wird von 94 % der Babys akzeptiert*<br \/>\nSofortige Vorteile \u2013 80 % weniger Koliken f\u00fcr Baby**, aktives Stillen ab den ersten Wochen des Babys, eine erfolgreiche Abwechslung der Babyflasche \/ Brust dank einer \u00e4hnlichen Babyerfahrung<\/p>\n","protected":false},"featured_media":191373,"comment_status":"open","ping_status":"closed","template":"","meta":[],"product_brand":[],"product_cat":[21,9216],"product_tag":[],"class_list":{"0":"post-191372","1":"product","2":"type-product","3":"status-publish","4":"has-post-thumbnail","6":"product_cat-baby","7":"product_cat-ernaehrung-stillen-baby","8":"pa_binding-babyartikel","9":"pa_brand-mam","10":"pa_color-duene","11":"pa_height-8-3070866057-zoll","12":"pa_length-2-7952755877-zoll","13":"pa_manufacturer-mam-baby","14":"pa_model-49326","15":"pa_size-1-unite-lot-de-1","16":"pa_weight-0-23368999772-pfund","17":"pa_width-2-7952755877-zoll","19":"first","20":"instock","21":"shipping-taxable","22":"purchasable","23":"product-type-simple","24":"customify-col","25":"product-has-gallery"},"yoast_head":"<!-- This site is optimized with the Yoast SEO plugin v27.3 - https:\/\/yoast.com\/product\/yoast-seo-wordpress\/ -->\n<title>MAM Easy Start Anti-Colic Fl\u00e4schchen (260 ml), Babyflasche ideal zum Stillen gemischt, Sauger 2, bel\u00fcftete Basis Anti\u2026 - Markt-XXL<\/title>\n<meta name=\"description\" content=\"Markt-XXL MAM Easy Start Anti-Colic Fl\u00e4schchen (260 ml), Babyflasche ideal zum Stillen gemischt, Sauger 2, bel\u00fcftete Basis Anti\u2026\" \/>\n<meta name=\"robots\" content=\"index, follow, max-snippet:-1, max-image-preview:large, max-video-preview:-1\" \/>\n<link rel=\"canonical\" href=\"https:\/\/marktxxl.de\/markt\/produkt\/mam-easy-start-anti-colic-flaeschchen-260-ml-babyflasche-ideal-zum-stillen-gemischt-sauger-2-belueftete-basis-anti-colic-dune\/\" \/>\n<meta property=\"og:locale\" content=\"de_DE\" \/>\n<meta property=\"og:type\" content=\"article\" \/>\n<meta property=\"og:title\" content=\"MAM Easy Start Anti-Colic Fl\u00e4schchen (260 ml), Babyflasche ideal zum Stillen gemischt, Sauger 2, bel\u00fcftete Basis Anti\u2026 - Markt-XXL\" \/>\n<meta property=\"og:description\" content=\"Markt-XXL MAM Easy Start Anti-Colic Fl\u00e4schchen (260 ml), Babyflasche ideal zum Stillen gemischt, Sauger 2, bel\u00fcftete Basis Anti\u2026\" \/>\n<meta property=\"og:url\" content=\"https:\/\/marktxxl.de\/markt\/produkt\/mam-easy-start-anti-colic-flaeschchen-260-ml-babyflasche-ideal-zum-stillen-gemischt-sauger-2-belueftete-basis-anti-colic-dune\/\" \/>\n<meta property=\"og:site_name\" content=\"Markt-XXL\" \/>\n<meta property=\"article:modified_time\" content=\"2023-04-10T03:39:16+00:00\" \/>\n<meta property=\"og:image\" content=\"https:\/\/m.media-amazon.com\/images\/I\/21bPfOtVpUL._SL500_.jpg\" \/>\n\t<meta property=\"og:image:width\" content=\"500\" \/>\n\t<meta property=\"og:image:height\" content=\"500\" \/>\n\t<meta property=\"og:image:type\" content=\"image\/jpeg\" \/>\n<meta name=\"twitter:card\" content=\"summary_large_image\" \/>\n<meta name=\"twitter:label1\" content=\"Gesch\u00e4tzte Lesezeit\" \/>\n\t<meta name=\"twitter:data1\" content=\"1\u00a0Minute\" \/>\n<script type=\"application\/ld+json\" class=\"yoast-schema-graph\">{\"@context\":\"https:\\\/\\\/schema.org\",\"@graph\":[{\"@type\":\"WebPage\",\"@id\":\"https:\\\/\\\/marktxxl.de\\\/markt\\\/produkt\\\/mam-easy-start-anti-colic-flaeschchen-260-ml-babyflasche-ideal-zum-stillen-gemischt-sauger-2-belueftete-basis-anti-colic-dune\\\/\",\"url\":\"https:\\\/\\\/marktxxl.de\\\/markt\\\/produkt\\\/mam-easy-start-anti-colic-flaeschchen-260-ml-babyflasche-ideal-zum-stillen-gemischt-sauger-2-belueftete-basis-anti-colic-dune\\\/\",\"name\":\"MAM Easy Start Anti-Colic Fl\u00e4schchen (260 ml), Babyflasche ideal zum Stillen gemischt, Sauger 2, bel\u00fcftete Basis Anti\u2026 - Markt-XXL\",\"isPartOf\":{\"@id\":\"https:\\\/\\\/marktxxl.de\\\/markt\\\/#website\"},\"primaryImageOfPage\":{\"@id\":\"https:\\\/\\\/marktxxl.de\\\/markt\\\/produkt\\\/mam-easy-start-anti-colic-flaeschchen-260-ml-babyflasche-ideal-zum-stillen-gemischt-sauger-2-belueftete-basis-anti-colic-dune\\\/#primaryimage\"},\"image\":{\"@id\":\"https:\\\/\\\/marktxxl.de\\\/markt\\\/produkt\\\/mam-easy-start-anti-colic-flaeschchen-260-ml-babyflasche-ideal-zum-stillen-gemischt-sauger-2-belueftete-basis-anti-colic-dune\\\/#primaryimage\"},\"thumbnailUrl\":\"https:\\\/\\\/m.media-amazon.com\\\/images\\\/I\\\/21bPfOtVpUL._SL500_.jpg\",\"datePublished\":\"2023-03-10T20:58:46+00:00\",\"dateModified\":\"2023-04-10T03:39:16+00:00\",\"description\":\"Markt-XXL MAM Easy Start Anti-Colic Fl\u00e4schchen (260 ml), Babyflasche ideal zum Stillen gemischt, Sauger 2, bel\u00fcftete Basis Anti\u2026\",\"breadcrumb\":{\"@id\":\"https:\\\/\\\/marktxxl.de\\\/markt\\\/produkt\\\/mam-easy-start-anti-colic-flaeschchen-260-ml-babyflasche-ideal-zum-stillen-gemischt-sauger-2-belueftete-basis-anti-colic-dune\\\/#breadcrumb\"},\"inLanguage\":\"de\",\"potentialAction\":[{\"@type\":\"ReadAction\",\"target\":[\"https:\\\/\\\/marktxxl.de\\\/markt\\\/produkt\\\/mam-easy-start-anti-colic-flaeschchen-260-ml-babyflasche-ideal-zum-stillen-gemischt-sauger-2-belueftete-basis-anti-colic-dune\\\/\"]}]},{\"@type\":\"ImageObject\",\"inLanguage\":\"de\",\"@id\":\"https:\\\/\\\/marktxxl.de\\\/markt\\\/produkt\\\/mam-easy-start-anti-colic-flaeschchen-260-ml-babyflasche-ideal-zum-stillen-gemischt-sauger-2-belueftete-basis-anti-colic-dune\\\/#primaryimage\",\"url\":\"https:\\\/\\\/m.media-amazon.com\\\/images\\\/I\\\/21bPfOtVpUL._SL500_.jpg\",\"contentUrl\":\"https:\\\/\\\/m.media-amazon.com\\\/images\\\/I\\\/21bPfOtVpUL._SL500_.jpg\",\"width\":500,\"height\":500},{\"@type\":\"BreadcrumbList\",\"@id\":\"https:\\\/\\\/marktxxl.de\\\/markt\\\/produkt\\\/mam-easy-start-anti-colic-flaeschchen-260-ml-babyflasche-ideal-zum-stillen-gemischt-sauger-2-belueftete-basis-anti-colic-dune\\\/#breadcrumb\",\"itemListElement\":[{\"@type\":\"ListItem\",\"position\":1,\"name\":\"Startseite\",\"item\":\"https:\\\/\\\/marktxxl.de\\\/markt\\\/\"},{\"@type\":\"ListItem\",\"position\":2,\"name\":\"Markt\",\"item\":\"https:\\\/\\\/marktxxl.de\\\/markt\\\/\"},{\"@type\":\"ListItem\",\"position\":3,\"name\":\"MAM Easy Start Anti-Colic Fl\u00e4schchen (260 ml), Babyflasche ideal zum Stillen gemischt, Sauger 2, bel\u00fcftete Basis Anti\u2026\"}]},{\"@type\":\"WebSite\",\"@id\":\"https:\\\/\\\/marktxxl.de\\\/markt\\\/#website\",\"url\":\"https:\\\/\\\/marktxxl.de\\\/markt\\\/\",\"name\":\"Markt-XXL\",\"description\":\"Ihr Markt Online\",\"publisher\":{\"@id\":\"https:\\\/\\\/marktxxl.de\\\/markt\\\/#organization\"},\"potentialAction\":[{\"@type\":\"SearchAction\",\"target\":{\"@type\":\"EntryPoint\",\"urlTemplate\":\"https:\\\/\\\/marktxxl.de\\\/markt\\\/?s={search_term_string}\"},\"query-input\":{\"@type\":\"PropertyValueSpecification\",\"valueRequired\":true,\"valueName\":\"search_term_string\"}}],\"inLanguage\":\"de\"},{\"@type\":\"Organization\",\"@id\":\"https:\\\/\\\/marktxxl.de\\\/markt\\\/#organization\",\"name\":\"Markt-XXL\",\"url\":\"https:\\\/\\\/marktxxl.de\\\/markt\\\/\",\"logo\":{\"@type\":\"ImageObject\",\"inLanguage\":\"de\",\"@id\":\"https:\\\/\\\/marktxxl.de\\\/markt\\\/#\\\/schema\\\/logo\\\/image\\\/\",\"url\":\"https:\\\/\\\/marktxxl.de\\\/markt\\\/wp-content\\\/uploads\\\/sites\\\/3\\\/2020\\\/12\\\/logo.png\",\"contentUrl\":\"https:\\\/\\\/marktxxl.de\\\/markt\\\/wp-content\\\/uploads\\\/sites\\\/3\\\/2020\\\/12\\\/logo.png\",\"width\":200,\"height\":70,\"caption\":\"Markt-XXL\"},\"image\":{\"@id\":\"https:\\\/\\\/marktxxl.de\\\/markt\\\/#\\\/schema\\\/logo\\\/image\\\/\"}}]}<\/script>\n<!-- \/ Yoast SEO plugin. -->","yoast_head_json":{"title":"MAM Easy Start Anti-Colic Fl\u00e4schchen (260 ml), Babyflasche ideal zum Stillen gemischt, Sauger 2, bel\u00fcftete Basis Anti\u2026 - Markt-XXL","description":"Markt-XXL MAM Easy Start Anti-Colic Fl\u00e4schchen (260 ml), Babyflasche ideal zum Stillen gemischt, Sauger 2, bel\u00fcftete Basis Anti\u2026","robots":{"index":"index","follow":"follow","max-snippet":"max-snippet:-1","max-image-preview":"max-image-preview:large","max-video-preview":"max-video-preview:-1"},"canonical":"https:\/\/marktxxl.de\/markt\/produkt\/mam-easy-start-anti-colic-flaeschchen-260-ml-babyflasche-ideal-zum-stillen-gemischt-sauger-2-belueftete-basis-anti-colic-dune\/","og_locale":"de_DE","og_type":"article","og_title":"MAM Easy Start Anti-Colic Fl\u00e4schchen (260 ml), Babyflasche ideal zum Stillen gemischt, Sauger 2, bel\u00fcftete Basis Anti\u2026 - Markt-XXL","og_description":"Markt-XXL MAM Easy Start Anti-Colic Fl\u00e4schchen (260 ml), Babyflasche ideal zum Stillen gemischt, Sauger 2, bel\u00fcftete Basis Anti\u2026","og_url":"https:\/\/marktxxl.de\/markt\/produkt\/mam-easy-start-anti-colic-flaeschchen-260-ml-babyflasche-ideal-zum-stillen-gemischt-sauger-2-belueftete-basis-anti-colic-dune\/","og_site_name":"Markt-XXL","article_modified_time":"2023-04-10T03:39:16+00:00","og_image":[{"width":500,"height":500,"url":"https:\/\/m.media-amazon.com\/images\/I\/21bPfOtVpUL._SL500_.jpg","type":"image\/jpeg"}],"twitter_card":"summary_large_image","twitter_misc":{"Gesch\u00e4tzte Lesezeit":"1\u00a0Minute"},"schema":{"@context":"https:\/\/schema.org","@graph":[{"@type":"WebPage","@id":"https:\/\/marktxxl.de\/markt\/produkt\/mam-easy-start-anti-colic-flaeschchen-260-ml-babyflasche-ideal-zum-stillen-gemischt-sauger-2-belueftete-basis-anti-colic-dune\/","url":"https:\/\/marktxxl.de\/markt\/produkt\/mam-easy-start-anti-colic-flaeschchen-260-ml-babyflasche-ideal-zum-stillen-gemischt-sauger-2-belueftete-basis-anti-colic-dune\/","name":"MAM Easy Start Anti-Colic Fl\u00e4schchen (260 ml), Babyflasche ideal zum Stillen gemischt, Sauger 2, bel\u00fcftete Basis Anti\u2026 - Markt-XXL","isPartOf":{"@id":"https:\/\/marktxxl.de\/markt\/#website"},"primaryImageOfPage":{"@id":"https:\/\/marktxxl.de\/markt\/produkt\/mam-easy-start-anti-colic-flaeschchen-260-ml-babyflasche-ideal-zum-stillen-gemischt-sauger-2-belueftete-basis-anti-colic-dune\/#primaryimage"},"image":{"@id":"https:\/\/marktxxl.de\/markt\/produkt\/mam-easy-start-anti-colic-flaeschchen-260-ml-babyflasche-ideal-zum-stillen-gemischt-sauger-2-belueftete-basis-anti-colic-dune\/#primaryimage"},"thumbnailUrl":"https:\/\/m.media-amazon.com\/images\/I\/21bPfOtVpUL._SL500_.jpg","datePublished":"2023-03-10T20:58:46+00:00","dateModified":"2023-04-10T03:39:16+00:00","description":"Markt-XXL MAM Easy Start Anti-Colic Fl\u00e4schchen (260 ml), Babyflasche ideal zum Stillen gemischt, Sauger 2, bel\u00fcftete Basis Anti\u2026","breadcrumb":{"@id":"https:\/\/marktxxl.de\/markt\/produkt\/mam-easy-start-anti-colic-flaeschchen-260-ml-babyflasche-ideal-zum-stillen-gemischt-sauger-2-belueftete-basis-anti-colic-dune\/#breadcrumb"},"inLanguage":"de","potentialAction":[{"@type":"ReadAction","target":["https:\/\/marktxxl.de\/markt\/produkt\/mam-easy-start-anti-colic-flaeschchen-260-ml-babyflasche-ideal-zum-stillen-gemischt-sauger-2-belueftete-basis-anti-colic-dune\/"]}]},{"@type":"ImageObject","inLanguage":"de","@id":"https:\/\/marktxxl.de\/markt\/produkt\/mam-easy-start-anti-colic-flaeschchen-260-ml-babyflasche-ideal-zum-stillen-gemischt-sauger-2-belueftete-basis-anti-colic-dune\/#primaryimage","url":"https:\/\/m.media-amazon.com\/images\/I\/21bPfOtVpUL._SL500_.jpg","contentUrl":"https:\/\/m.media-amazon.com\/images\/I\/21bPfOtVpUL._SL500_.jpg","width":500,"height":500},{"@type":"BreadcrumbList","@id":"https:\/\/marktxxl.de\/markt\/produkt\/mam-easy-start-anti-colic-flaeschchen-260-ml-babyflasche-ideal-zum-stillen-gemischt-sauger-2-belueftete-basis-anti-colic-dune\/#breadcrumb","itemListElement":[{"@type":"ListItem","position":1,"name":"Startseite","item":"https:\/\/marktxxl.de\/markt\/"},{"@type":"ListItem","position":2,"name":"Markt","item":"https:\/\/marktxxl.de\/markt\/"},{"@type":"ListItem","position":3,"name":"MAM Easy Start Anti-Colic Fl\u00e4schchen (260 ml), Babyflasche ideal zum Stillen gemischt, Sauger 2, bel\u00fcftete Basis Anti\u2026"}]},{"@type":"WebSite","@id":"https:\/\/marktxxl.de\/markt\/#website","url":"https:\/\/marktxxl.de\/markt\/","name":"Markt-XXL","description":"Ihr Markt Online","publisher":{"@id":"https:\/\/marktxxl.de\/markt\/#organization"},"potentialAction":[{"@type":"SearchAction","target":{"@type":"EntryPoint","urlTemplate":"https:\/\/marktxxl.de\/markt\/?s={search_term_string}"},"query-input":{"@type":"PropertyValueSpecification","valueRequired":true,"valueName":"search_term_string"}}],"inLanguage":"de"},{"@type":"Organization","@id":"https:\/\/marktxxl.de\/markt\/#organization","name":"Markt-XXL","url":"https:\/\/marktxxl.de\/markt\/","logo":{"@type":"ImageObject","inLanguage":"de","@id":"https:\/\/marktxxl.de\/markt\/#\/schema\/logo\/image\/","url":"https:\/\/marktxxl.de\/markt\/wp-content\/uploads\/sites\/3\/2020\/12\/logo.png","contentUrl":"https:\/\/marktxxl.de\/markt\/wp-content\/uploads\/sites\/3\/2020\/12\/logo.png","width":200,"height":70,"caption":"Markt-XXL"},"image":{"@id":"https:\/\/marktxxl.de\/markt\/#\/schema\/logo\/image\/"}}]}},"_links":{"self":[{"href":"https:\/\/marktxxl.de\/markt\/wp-json\/wp\/v2\/product\/191372","targetHints":{"allow":["GET"]}}],"collection":[{"href":"https:\/\/marktxxl.de\/markt\/wp-json\/wp\/v2\/product"}],"about":[{"href":"https:\/\/marktxxl.de\/markt\/wp-json\/wp\/v2\/types\/product"}],"replies":[{"embeddable":true,"href":"https:\/\/marktxxl.de\/markt\/wp-json\/wp\/v2\/comments?post=191372"}],"wp:featuredmedia":[{"embeddable":true,"href":"https:\/\/marktxxl.de\/markt\/wp-json\/wp\/v2\/media\/191373"}],"wp:attachment":[{"href":"https:\/\/marktxxl.de\/markt\/wp-json\/wp\/v2\/media?parent=191372"}],"wp:term":[{"taxonomy":"product_brand","embeddable":true,"href":"https:\/\/marktxxl.de\/markt\/wp-json\/wp\/v2\/product_brand?post=191372"},{"taxonomy":"product_cat","embeddable":true,"href":"https:\/\/marktxxl.de\/markt\/wp-json\/wp\/v2\/product_cat?post=191372"},{"taxonomy":"product_tag","embeddable":true,"href":"https:\/\/marktxxl.de\/markt\/wp-json\/wp\/v2\/product_tag?post=191372"}],"curies":[{"name":"wp","href":"https:\/\/api.w.org\/{rel}","templated":true}]}}