{"id":191284,"date":"2023-03-10T21:55:08","date_gmt":"2023-03-10T20:55:08","guid":{"rendered":"https:\/\/marktxxl.de\/markt\/produkt\/joyin-12-stueck-ostereier-gefuellt-mit-gummienten-ostereiersuche-korbfueller-fuer-kinder-osterparty-geschenkartikel-sommerstrand-pool-aktivitaet\/"},"modified":"2023-04-10T05:39:13","modified_gmt":"2023-04-10T03:39:13","slug":"joyin-12-stueck-ostereier-gefuellt-mit-gummienten-ostereiersuche-korbfueller-fuer-kinder-osterparty-geschenkartikel-sommerstrand-pool-aktivitaet","status":"publish","type":"product","link":"https:\/\/marktxxl.de\/markt\/produkt\/joyin-12-stueck-ostereier-gefuellt-mit-gummienten-ostereiersuche-korbfueller-fuer-kinder-osterparty-geschenkartikel-sommerstrand-pool-aktivitaet\/","title":{"rendered":"JOYIN 12 St\u00fcck Ostereier gef\u00fcllt mit Gummienten, Ostereiersuche, Korbf\u00fcller f\u00fcr Kinder, Osterparty, Geschenkartikel\u2026"},"content":{"rendered":"<p>SUPERWERT. Unser Osterei-Set besteht aus 12 Eiern mit verschiedenen Gummienten auf jedem. Misst 3,2&#8243; x 2&#8243;. Perfekte Oster\u00fcberraschung!<br \/>\nEINZIGARTIGES DESIGN. Hat verschiedene Designs wie Enten mit M\u00fctzen, Enten mit Hasenohren und mehr. Sch\u00f6n geformt, um in seine Ostereier zu passen.<br \/>\nIDEALE BADEENTE AUS GUMMI. Diese Osterente ist ideal f\u00fcr Korbf\u00fcller, Ostereierf\u00fcller, Geschenke, Partyzubeh\u00f6r und vieles mehr. Kinder werden mit diesen H\u00e4schen-Duckies sicherlich ein lustiges Bade-Squirt-Squeaker-Erlebnis haben.<br \/>\nSICHER F\u00dcR KINDER: ungiftig, kein BPA. Erf\u00fcllt die EU-Spielzeugnormen. Sicherheitspr\u00fcfung genehmigt.<br \/>\nKUNDENZUFRIEDENHEIT. Unseren Kunden ein gro\u00dfartiges Einkaufserlebnis zu bieten, ist unsere oberste Priorit\u00e4t. F\u00fchlen Sie sich frei, uns \u00fcber \u201eVerk\u00e4ufer kontaktieren\u201c zu benachrichtigen, wenn Produkte nicht Ihren Erwartungen entsprechen. Die Feierlichkeiten beginnen bei JOYIN!<br \/>\n<div class=\"main-cross-sell\" data-asin=\"B09L5LV9MF\">\n\n\t<div class=\"WooZone-cross-sell-loader\">\n\t\t<div>\n\t\t\t<div id=\"floatingBarsG\">\n\t\t\t\t<div class=\"blockG\" id=\"rotateG_01\"><\/div>\n\t\t\t\t<div class=\"blockG\" id=\"rotateG_02\"><\/div>\n\t\t\t\t<div class=\"blockG\" id=\"rotateG_03\"><\/div>\n\t\t\t\t<div class=\"blockG\" id=\"rotateG_04\"><\/div>\n\t\t\t\t<div class=\"blockG\" id=\"rotateG_05\"><\/div>\n\t\t\t\t<div class=\"blockG\" id=\"rotateG_06\"><\/div>\n\t\t\t\t<div class=\"blockG\" id=\"rotateG_07\"><\/div>\n\t\t\t\t<div class=\"blockG\" id=\"rotateG_08\"><\/div>\n\t\t\t<\/div>\n\t\t\t<div class=\"WooZone-cross-sell-loader-text\"><\/div>\n\t\t<\/div>\n\t<\/div>\n\n\t\t\n<\/div>\n<div style=\"clear:both;\"><\/div><\/p>\n","protected":false},"excerpt":{"rendered":"<p>SUPERWERT. Unser Osterei-Set besteht aus 12 Eiern mit verschiedenen Gummienten auf jedem. Misst 3,2&#8243; x 2&#8243;. Perfekte Oster\u00fcberraschung!<br \/>\nEINZIGARTIGES DESIGN. Hat verschiedene Designs wie Enten mit M\u00fctzen, Enten mit Hasenohren und mehr. Sch\u00f6n geformt, um in seine Ostereier zu passen.<br \/>\nIDEALE BADEENTE AUS GUMMI. Diese Osterente ist ideal f\u00fcr Korbf\u00fcller, Ostereierf\u00fcller, Geschenke, Partyzubeh\u00f6r und vieles mehr. Kinder werden mit diesen H\u00e4schen-Duckies sicherlich ein lustiges Bade-Squirt-Squeaker-Erlebnis haben.<\/p>\n","protected":false},"featured_media":191285,"comment_status":"open","ping_status":"closed","template":"","meta":[],"product_brand":[],"product_cat":[21,9009],"product_tag":[],"class_list":{"0":"post-191284","1":"product","2":"type-product","3":"status-publish","4":"has-post-thumbnail","6":"product_cat-baby","7":"product_cat-babypflege-baby","8":"pa_binding-spielzeug","9":"pa_brand-joyin","10":"pa_manufacturer-joyin-inc","12":"first","13":"instock","14":"shipping-taxable","15":"purchasable","16":"product-type-simple","17":"customify-col","18":"product-has-gallery"},"yoast_head":"<!-- This site is optimized with the Yoast SEO plugin v27.4 - https:\/\/yoast.com\/product\/yoast-seo-wordpress\/ -->\n<title>JOYIN 12 St\u00fcck Ostereier gef\u00fcllt mit Gummienten, Ostereiersuche, Korbf\u00fcller f\u00fcr Kinder, Osterparty, Geschenkartikel\u2026 - Markt-XXL<\/title>\n<meta name=\"description\" content=\"Markt-XXL JOYIN 12 St\u00fcck Ostereier gef\u00fcllt mit Gummienten, Ostereiersuche, Korbf\u00fcller f\u00fcr Kinder, Osterparty, Geschenkartikel\u2026\" \/>\n<meta name=\"robots\" content=\"index, follow, max-snippet:-1, max-image-preview:large, max-video-preview:-1\" \/>\n<link rel=\"canonical\" href=\"https:\/\/marktxxl.de\/markt\/produkt\/joyin-12-stueck-ostereier-gefuellt-mit-gummienten-ostereiersuche-korbfueller-fuer-kinder-osterparty-geschenkartikel-sommerstrand-pool-aktivitaet\/\" \/>\n<meta property=\"og:locale\" content=\"de_DE\" \/>\n<meta property=\"og:type\" content=\"article\" \/>\n<meta property=\"og:title\" content=\"JOYIN 12 St\u00fcck Ostereier gef\u00fcllt mit Gummienten, Ostereiersuche, Korbf\u00fcller f\u00fcr Kinder, Osterparty, Geschenkartikel\u2026 - Markt-XXL\" \/>\n<meta property=\"og:description\" content=\"Markt-XXL JOYIN 12 St\u00fcck Ostereier gef\u00fcllt mit Gummienten, Ostereiersuche, Korbf\u00fcller f\u00fcr Kinder, Osterparty, Geschenkartikel\u2026\" \/>\n<meta property=\"og:url\" content=\"https:\/\/marktxxl.de\/markt\/produkt\/joyin-12-stueck-ostereier-gefuellt-mit-gummienten-ostereiersuche-korbfueller-fuer-kinder-osterparty-geschenkartikel-sommerstrand-pool-aktivitaet\/\" \/>\n<meta property=\"og:site_name\" content=\"Markt-XXL\" \/>\n<meta property=\"article:modified_time\" content=\"2023-04-10T03:39:13+00:00\" \/>\n<meta property=\"og:image\" content=\"https:\/\/m.media-amazon.com\/images\/I\/51Y3gjwHllL._SL500_.jpg\" \/>\n\t<meta property=\"og:image:width\" content=\"500\" \/>\n\t<meta property=\"og:image:height\" content=\"500\" \/>\n\t<meta property=\"og:image:type\" content=\"image\/jpeg\" \/>\n<meta name=\"twitter:card\" content=\"summary_large_image\" \/>\n<meta name=\"twitter:label1\" content=\"Gesch\u00e4tzte Lesezeit\" \/>\n\t<meta name=\"twitter:data1\" content=\"1\u00a0Minute\" \/>\n<script type=\"application\/ld+json\" class=\"yoast-schema-graph\">{\"@context\":\"https:\\\/\\\/schema.org\",\"@graph\":[{\"@type\":\"WebPage\",\"@id\":\"https:\\\/\\\/marktxxl.de\\\/markt\\\/produkt\\\/joyin-12-stueck-ostereier-gefuellt-mit-gummienten-ostereiersuche-korbfueller-fuer-kinder-osterparty-geschenkartikel-sommerstrand-pool-aktivitaet\\\/\",\"url\":\"https:\\\/\\\/marktxxl.de\\\/markt\\\/produkt\\\/joyin-12-stueck-ostereier-gefuellt-mit-gummienten-ostereiersuche-korbfueller-fuer-kinder-osterparty-geschenkartikel-sommerstrand-pool-aktivitaet\\\/\",\"name\":\"JOYIN 12 St\u00fcck Ostereier gef\u00fcllt mit Gummienten, Ostereiersuche, Korbf\u00fcller f\u00fcr Kinder, Osterparty, Geschenkartikel\u2026 - Markt-XXL\",\"isPartOf\":{\"@id\":\"https:\\\/\\\/marktxxl.de\\\/markt\\\/#website\"},\"primaryImageOfPage\":{\"@id\":\"https:\\\/\\\/marktxxl.de\\\/markt\\\/produkt\\\/joyin-12-stueck-ostereier-gefuellt-mit-gummienten-ostereiersuche-korbfueller-fuer-kinder-osterparty-geschenkartikel-sommerstrand-pool-aktivitaet\\\/#primaryimage\"},\"image\":{\"@id\":\"https:\\\/\\\/marktxxl.de\\\/markt\\\/produkt\\\/joyin-12-stueck-ostereier-gefuellt-mit-gummienten-ostereiersuche-korbfueller-fuer-kinder-osterparty-geschenkartikel-sommerstrand-pool-aktivitaet\\\/#primaryimage\"},\"thumbnailUrl\":\"https:\\\/\\\/m.media-amazon.com\\\/images\\\/I\\\/51Y3gjwHllL._SL500_.jpg\",\"datePublished\":\"2023-03-10T20:55:08+00:00\",\"dateModified\":\"2023-04-10T03:39:13+00:00\",\"description\":\"Markt-XXL JOYIN 12 St\u00fcck Ostereier gef\u00fcllt mit Gummienten, Ostereiersuche, Korbf\u00fcller f\u00fcr Kinder, Osterparty, Geschenkartikel\u2026\",\"breadcrumb\":{\"@id\":\"https:\\\/\\\/marktxxl.de\\\/markt\\\/produkt\\\/joyin-12-stueck-ostereier-gefuellt-mit-gummienten-ostereiersuche-korbfueller-fuer-kinder-osterparty-geschenkartikel-sommerstrand-pool-aktivitaet\\\/#breadcrumb\"},\"inLanguage\":\"de\",\"potentialAction\":[{\"@type\":\"ReadAction\",\"target\":[\"https:\\\/\\\/marktxxl.de\\\/markt\\\/produkt\\\/joyin-12-stueck-ostereier-gefuellt-mit-gummienten-ostereiersuche-korbfueller-fuer-kinder-osterparty-geschenkartikel-sommerstrand-pool-aktivitaet\\\/\"]}]},{\"@type\":\"ImageObject\",\"inLanguage\":\"de\",\"@id\":\"https:\\\/\\\/marktxxl.de\\\/markt\\\/produkt\\\/joyin-12-stueck-ostereier-gefuellt-mit-gummienten-ostereiersuche-korbfueller-fuer-kinder-osterparty-geschenkartikel-sommerstrand-pool-aktivitaet\\\/#primaryimage\",\"url\":\"https:\\\/\\\/m.media-amazon.com\\\/images\\\/I\\\/51Y3gjwHllL._SL500_.jpg\",\"contentUrl\":\"https:\\\/\\\/m.media-amazon.com\\\/images\\\/I\\\/51Y3gjwHllL._SL500_.jpg\",\"width\":500,\"height\":500},{\"@type\":\"BreadcrumbList\",\"@id\":\"https:\\\/\\\/marktxxl.de\\\/markt\\\/produkt\\\/joyin-12-stueck-ostereier-gefuellt-mit-gummienten-ostereiersuche-korbfueller-fuer-kinder-osterparty-geschenkartikel-sommerstrand-pool-aktivitaet\\\/#breadcrumb\",\"itemListElement\":[{\"@type\":\"ListItem\",\"position\":1,\"name\":\"Startseite\",\"item\":\"https:\\\/\\\/marktxxl.de\\\/markt\\\/\"},{\"@type\":\"ListItem\",\"position\":2,\"name\":\"Markt\",\"item\":\"https:\\\/\\\/marktxxl.de\\\/markt\\\/\"},{\"@type\":\"ListItem\",\"position\":3,\"name\":\"JOYIN 12 St\u00fcck Ostereier gef\u00fcllt mit Gummienten, Ostereiersuche, Korbf\u00fcller f\u00fcr Kinder, Osterparty, Geschenkartikel\u2026\"}]},{\"@type\":\"WebSite\",\"@id\":\"https:\\\/\\\/marktxxl.de\\\/markt\\\/#website\",\"url\":\"https:\\\/\\\/marktxxl.de\\\/markt\\\/\",\"name\":\"Markt-XXL\",\"description\":\"Ihr Markt Online\",\"publisher\":{\"@id\":\"https:\\\/\\\/marktxxl.de\\\/markt\\\/#organization\"},\"potentialAction\":[{\"@type\":\"SearchAction\",\"target\":{\"@type\":\"EntryPoint\",\"urlTemplate\":\"https:\\\/\\\/marktxxl.de\\\/markt\\\/?s={search_term_string}\"},\"query-input\":{\"@type\":\"PropertyValueSpecification\",\"valueRequired\":true,\"valueName\":\"search_term_string\"}}],\"inLanguage\":\"de\"},{\"@type\":\"Organization\",\"@id\":\"https:\\\/\\\/marktxxl.de\\\/markt\\\/#organization\",\"name\":\"Markt-XXL\",\"url\":\"https:\\\/\\\/marktxxl.de\\\/markt\\\/\",\"logo\":{\"@type\":\"ImageObject\",\"inLanguage\":\"de\",\"@id\":\"https:\\\/\\\/marktxxl.de\\\/markt\\\/#\\\/schema\\\/logo\\\/image\\\/\",\"url\":\"https:\\\/\\\/marktxxl.de\\\/markt\\\/wp-content\\\/uploads\\\/sites\\\/3\\\/2020\\\/12\\\/logo.png\",\"contentUrl\":\"https:\\\/\\\/marktxxl.de\\\/markt\\\/wp-content\\\/uploads\\\/sites\\\/3\\\/2020\\\/12\\\/logo.png\",\"width\":200,\"height\":70,\"caption\":\"Markt-XXL\"},\"image\":{\"@id\":\"https:\\\/\\\/marktxxl.de\\\/markt\\\/#\\\/schema\\\/logo\\\/image\\\/\"}}]}<\/script>\n<!-- \/ Yoast SEO plugin. -->","yoast_head_json":{"title":"JOYIN 12 St\u00fcck Ostereier gef\u00fcllt mit Gummienten, Ostereiersuche, Korbf\u00fcller f\u00fcr Kinder, Osterparty, Geschenkartikel\u2026 - Markt-XXL","description":"Markt-XXL JOYIN 12 St\u00fcck Ostereier gef\u00fcllt mit Gummienten, Ostereiersuche, Korbf\u00fcller f\u00fcr Kinder, Osterparty, Geschenkartikel\u2026","robots":{"index":"index","follow":"follow","max-snippet":"max-snippet:-1","max-image-preview":"max-image-preview:large","max-video-preview":"max-video-preview:-1"},"canonical":"https:\/\/marktxxl.de\/markt\/produkt\/joyin-12-stueck-ostereier-gefuellt-mit-gummienten-ostereiersuche-korbfueller-fuer-kinder-osterparty-geschenkartikel-sommerstrand-pool-aktivitaet\/","og_locale":"de_DE","og_type":"article","og_title":"JOYIN 12 St\u00fcck Ostereier gef\u00fcllt mit Gummienten, Ostereiersuche, Korbf\u00fcller f\u00fcr Kinder, Osterparty, Geschenkartikel\u2026 - Markt-XXL","og_description":"Markt-XXL JOYIN 12 St\u00fcck Ostereier gef\u00fcllt mit Gummienten, Ostereiersuche, Korbf\u00fcller f\u00fcr Kinder, Osterparty, Geschenkartikel\u2026","og_url":"https:\/\/marktxxl.de\/markt\/produkt\/joyin-12-stueck-ostereier-gefuellt-mit-gummienten-ostereiersuche-korbfueller-fuer-kinder-osterparty-geschenkartikel-sommerstrand-pool-aktivitaet\/","og_site_name":"Markt-XXL","article_modified_time":"2023-04-10T03:39:13+00:00","og_image":[{"width":500,"height":500,"url":"https:\/\/m.media-amazon.com\/images\/I\/51Y3gjwHllL._SL500_.jpg","type":"image\/jpeg"}],"twitter_card":"summary_large_image","twitter_misc":{"Gesch\u00e4tzte Lesezeit":"1\u00a0Minute"},"schema":{"@context":"https:\/\/schema.org","@graph":[{"@type":"WebPage","@id":"https:\/\/marktxxl.de\/markt\/produkt\/joyin-12-stueck-ostereier-gefuellt-mit-gummienten-ostereiersuche-korbfueller-fuer-kinder-osterparty-geschenkartikel-sommerstrand-pool-aktivitaet\/","url":"https:\/\/marktxxl.de\/markt\/produkt\/joyin-12-stueck-ostereier-gefuellt-mit-gummienten-ostereiersuche-korbfueller-fuer-kinder-osterparty-geschenkartikel-sommerstrand-pool-aktivitaet\/","name":"JOYIN 12 St\u00fcck Ostereier gef\u00fcllt mit Gummienten, Ostereiersuche, Korbf\u00fcller f\u00fcr Kinder, Osterparty, Geschenkartikel\u2026 - Markt-XXL","isPartOf":{"@id":"https:\/\/marktxxl.de\/markt\/#website"},"primaryImageOfPage":{"@id":"https:\/\/marktxxl.de\/markt\/produkt\/joyin-12-stueck-ostereier-gefuellt-mit-gummienten-ostereiersuche-korbfueller-fuer-kinder-osterparty-geschenkartikel-sommerstrand-pool-aktivitaet\/#primaryimage"},"image":{"@id":"https:\/\/marktxxl.de\/markt\/produkt\/joyin-12-stueck-ostereier-gefuellt-mit-gummienten-ostereiersuche-korbfueller-fuer-kinder-osterparty-geschenkartikel-sommerstrand-pool-aktivitaet\/#primaryimage"},"thumbnailUrl":"https:\/\/m.media-amazon.com\/images\/I\/51Y3gjwHllL._SL500_.jpg","datePublished":"2023-03-10T20:55:08+00:00","dateModified":"2023-04-10T03:39:13+00:00","description":"Markt-XXL JOYIN 12 St\u00fcck Ostereier gef\u00fcllt mit Gummienten, Ostereiersuche, Korbf\u00fcller f\u00fcr Kinder, Osterparty, Geschenkartikel\u2026","breadcrumb":{"@id":"https:\/\/marktxxl.de\/markt\/produkt\/joyin-12-stueck-ostereier-gefuellt-mit-gummienten-ostereiersuche-korbfueller-fuer-kinder-osterparty-geschenkartikel-sommerstrand-pool-aktivitaet\/#breadcrumb"},"inLanguage":"de","potentialAction":[{"@type":"ReadAction","target":["https:\/\/marktxxl.de\/markt\/produkt\/joyin-12-stueck-ostereier-gefuellt-mit-gummienten-ostereiersuche-korbfueller-fuer-kinder-osterparty-geschenkartikel-sommerstrand-pool-aktivitaet\/"]}]},{"@type":"ImageObject","inLanguage":"de","@id":"https:\/\/marktxxl.de\/markt\/produkt\/joyin-12-stueck-ostereier-gefuellt-mit-gummienten-ostereiersuche-korbfueller-fuer-kinder-osterparty-geschenkartikel-sommerstrand-pool-aktivitaet\/#primaryimage","url":"https:\/\/m.media-amazon.com\/images\/I\/51Y3gjwHllL._SL500_.jpg","contentUrl":"https:\/\/m.media-amazon.com\/images\/I\/51Y3gjwHllL._SL500_.jpg","width":500,"height":500},{"@type":"BreadcrumbList","@id":"https:\/\/marktxxl.de\/markt\/produkt\/joyin-12-stueck-ostereier-gefuellt-mit-gummienten-ostereiersuche-korbfueller-fuer-kinder-osterparty-geschenkartikel-sommerstrand-pool-aktivitaet\/#breadcrumb","itemListElement":[{"@type":"ListItem","position":1,"name":"Startseite","item":"https:\/\/marktxxl.de\/markt\/"},{"@type":"ListItem","position":2,"name":"Markt","item":"https:\/\/marktxxl.de\/markt\/"},{"@type":"ListItem","position":3,"name":"JOYIN 12 St\u00fcck Ostereier gef\u00fcllt mit Gummienten, Ostereiersuche, Korbf\u00fcller f\u00fcr Kinder, Osterparty, Geschenkartikel\u2026"}]},{"@type":"WebSite","@id":"https:\/\/marktxxl.de\/markt\/#website","url":"https:\/\/marktxxl.de\/markt\/","name":"Markt-XXL","description":"Ihr Markt Online","publisher":{"@id":"https:\/\/marktxxl.de\/markt\/#organization"},"potentialAction":[{"@type":"SearchAction","target":{"@type":"EntryPoint","urlTemplate":"https:\/\/marktxxl.de\/markt\/?s={search_term_string}"},"query-input":{"@type":"PropertyValueSpecification","valueRequired":true,"valueName":"search_term_string"}}],"inLanguage":"de"},{"@type":"Organization","@id":"https:\/\/marktxxl.de\/markt\/#organization","name":"Markt-XXL","url":"https:\/\/marktxxl.de\/markt\/","logo":{"@type":"ImageObject","inLanguage":"de","@id":"https:\/\/marktxxl.de\/markt\/#\/schema\/logo\/image\/","url":"https:\/\/marktxxl.de\/markt\/wp-content\/uploads\/sites\/3\/2020\/12\/logo.png","contentUrl":"https:\/\/marktxxl.de\/markt\/wp-content\/uploads\/sites\/3\/2020\/12\/logo.png","width":200,"height":70,"caption":"Markt-XXL"},"image":{"@id":"https:\/\/marktxxl.de\/markt\/#\/schema\/logo\/image\/"}}]}},"_links":{"self":[{"href":"https:\/\/marktxxl.de\/markt\/wp-json\/wp\/v2\/product\/191284","targetHints":{"allow":["GET"]}}],"collection":[{"href":"https:\/\/marktxxl.de\/markt\/wp-json\/wp\/v2\/product"}],"about":[{"href":"https:\/\/marktxxl.de\/markt\/wp-json\/wp\/v2\/types\/product"}],"replies":[{"embeddable":true,"href":"https:\/\/marktxxl.de\/markt\/wp-json\/wp\/v2\/comments?post=191284"}],"wp:featuredmedia":[{"embeddable":true,"href":"https:\/\/marktxxl.de\/markt\/wp-json\/wp\/v2\/media\/191285"}],"wp:attachment":[{"href":"https:\/\/marktxxl.de\/markt\/wp-json\/wp\/v2\/media?parent=191284"}],"wp:term":[{"taxonomy":"product_brand","embeddable":true,"href":"https:\/\/marktxxl.de\/markt\/wp-json\/wp\/v2\/product_brand?post=191284"},{"taxonomy":"product_cat","embeddable":true,"href":"https:\/\/marktxxl.de\/markt\/wp-json\/wp\/v2\/product_cat?post=191284"},{"taxonomy":"product_tag","embeddable":true,"href":"https:\/\/marktxxl.de\/markt\/wp-json\/wp\/v2\/product_tag?post=191284"}],"curies":[{"name":"wp","href":"https:\/\/api.w.org\/{rel}","templated":true}]}}