{"id":191171,"date":"2023-03-10T21:25:39","date_gmt":"2023-03-10T20:25:39","guid":{"rendered":"https:\/\/marktxxl.de\/markt\/produkt\/proctyclean-intimpflege-stift-fuer-den-po-patentiert-sanfte-analhygiene-intimpflege-fuer-frau-mann-hilfe-bei-haemorrhoiden-analfissur-afterjucken-und-brennen-damen-maenner\/"},"modified":"2023-04-10T05:39:11","modified_gmt":"2023-04-10T03:39:11","slug":"proctyclean-intimpflege-stift-fuer-den-po-patentiert-sanfte-analhygiene-intimpflege-fuer-frau-mann-hilfe-bei-haemorrhoiden-analfissur-afterjucken-und-brennen-damen-maenner","status":"publish","type":"product","link":"https:\/\/marktxxl.de\/markt\/produkt\/proctyclean-intimpflege-stift-fuer-den-po-patentiert-sanfte-analhygiene-intimpflege-fuer-frau-mann-hilfe-bei-haemorrhoiden-analfissur-afterjucken-und-brennen-damen-maenner\/","title":{"rendered":"ProctyClean Intimpflege-Stift f\u00fcr den Po: Patentiert! Sanfte Analhygiene &amp; Intimpflege f\u00fcr Frau &amp; Mann. Hilfe bei\u2026"},"content":{"rendered":"<p>\ud83e\ude84Der ProctyClean Intimpflege-Stift entfernt sanft, schonend Stuhlreste aus dem Analkanal. Die Ursache f\u00fcr viele Beschwerden bei H\u00e4morrhoiden, Analfissur Entz\u00fcndungen, Reizungen und Schmerzen. Der ProctyClean Intimpflege-Stift reinigt, pflegt mit einen \u00d6lfilm und geht den Problemen auf den Grund.<br \/>\n\ud83e\ude84ProctyClean Analreinigung &#8211; ein sauberer Analkanal lindert: Stuhlreste sind die Ursache f\u00fcr viele Beschwerden. Daf\u00fcr haben wir den ProctyClean Intimpflge-Stift f\u00fcr den Po entwickelt.<br \/>\n\ud83e\ude84Der ProctyClean Intimpflege-Stift Po ist super klein und schlank mit Gro\u00dfer Wirkung. Die\u00a0spezielle Form erm\u00f6glicht einfaches und schonendes Eindringen\u00a0durch den Schlie\u00dfmuskel des Afters. \u00dcber die vierstufigen Lamellen werden die Stuhlreste ganz einfach abtransportiert.\u00a0Klein, Fein und hygienisch Rein!<br \/>\n\ud83e\ude84Verwenden Sie den ProctyClean Intimpflege-Stift f\u00fcr den Po immer nur gemeinsam mit dem speziell entwickelten ProctyClean Vitamin-E-\u00d6l.<br \/>\n\ud83e\ude84Die Anwendung mit dem patentierten ProctyClean Intimpflege-Stift geht schneller als Z\u00e4hneputzen! Den ProctyClean Intimpflege-Stift einf\u00fchren, rausziehen und die Stuhlreste mit einem Wasserstrahl absp\u00fclen. Rasche Steigerung des Wohlbefindens.<br \/>\n\ud83e\ude84Durch die patentierte Reinigungsmethode verschwindet Juckreiz, Brennen und N\u00e4ssen. So gewinnen Sie Ihre Lebensqualit\u00e4t wieder zur\u00fcck.<br \/>\n\ud83e\ude84Der patentierte ProctyClean Intimpflege-Stift ist die Innovation f\u00fcr die Po-Hygiene. Durch das Entfernen der Stuhlreste erhalten Sie eine neue Lebensqualit\u00e4t.<br \/>\n\ud83e\ude84Der patentierte ProctyClean Intimpflege-Stift aus medizinischem Kunststoff. Das schonende und einfache Eindringen durch den Schlie\u00dfmuskel ist leicht m\u00f6glich. Die innovativen Stufen sind so gestaltet, dass sie beim Herausgleiten die Stuhlreste gr\u00fcndlich einsammeln. Bei H\u00e4morrhoiden, Analfissur, Afterjucken &amp; Co<br \/>\n\ud83e\ude84ProctyClean ist das erste Unternehmen weltweit, dass sich ausschlie\u00dflich auf die Intimpflge Po spezialisert hat.<br \/>\n<div class=\"main-cross-sell\" data-asin=\"B004CY47MM\">\n\n\t<div class=\"WooZone-cross-sell-loader\">\n\t\t<div>\n\t\t\t<div id=\"floatingBarsG\">\n\t\t\t\t<div class=\"blockG\" id=\"rotateG_01\"><\/div>\n\t\t\t\t<div class=\"blockG\" id=\"rotateG_02\"><\/div>\n\t\t\t\t<div class=\"blockG\" id=\"rotateG_03\"><\/div>\n\t\t\t\t<div class=\"blockG\" id=\"rotateG_04\"><\/div>\n\t\t\t\t<div class=\"blockG\" id=\"rotateG_05\"><\/div>\n\t\t\t\t<div class=\"blockG\" id=\"rotateG_06\"><\/div>\n\t\t\t\t<div class=\"blockG\" id=\"rotateG_07\"><\/div>\n\t\t\t\t<div class=\"blockG\" id=\"rotateG_08\"><\/div>\n\t\t\t<\/div>\n\t\t\t<div class=\"WooZone-cross-sell-loader-text\"><\/div>\n\t\t<\/div>\n\t<\/div>\n\n\t\t\n<\/div>\n<div style=\"clear:both;\"><\/div><\/p>\n","protected":false},"excerpt":{"rendered":"<p>\ud83e\ude84Der ProctyClean Intimpflege-Stift entfernt sanft, schonend Stuhlreste aus dem Analkanal. Die Ursache f\u00fcr viele Beschwerden bei H\u00e4morrhoiden, Analfissur Entz\u00fcndungen, Reizungen und Schmerzen. Der ProctyClean Intimpflege-Stift reinigt, pflegt mit einen \u00d6lfilm und geht den Problemen auf den Grund.<br \/>\n\ud83e\ude84ProctyClean Analreinigung &#8211; ein sauberer Analkanal lindert: Stuhlreste sind die Ursache f\u00fcr viele Beschwerden. Daf\u00fcr haben wir den ProctyClean Intimpflge-Stift f\u00fcr den Po entwickelt.<br \/>\n\ud83e\ude84Der ProctyClean Intimpflege-Stift Po ist super klein und schlank mit Gro\u00dfer Wirkung. Die\u00a0spezielle Form erm\u00f6glicht einfaches und schonendes Eindringen\u00a0durch den Schlie\u00dfmuskel des Afters. \u00dcber die vierstufigen Lamellen werden die Stuhlreste ganz einfach abtransportiert.\u00a0Klein, Fein und hygienisch Rein!<\/p>\n","protected":false},"featured_media":191172,"comment_status":"open","ping_status":"closed","template":"","meta":[],"product_brand":[],"product_cat":[652,2977],"product_tag":[],"class_list":{"0":"post-191171","1":"product","2":"type-product","3":"status-publish","4":"has-post-thumbnail","6":"product_cat-erotik-markt-xxl","7":"product_cat-sexspielzeug","8":"pa_binding-badartikel","9":"pa_brand-proctyclean","10":"pa_color-milchig-transparent","11":"pa_height-5-9055-zoll","12":"pa_languages-unbekannt-deutsch","13":"pa_length-1-5748-zoll","14":"pa_manufacturer-proctyclean","15":"pa_model-49280","16":"pa_size-2-stueck-1er-pack","17":"pa_weight-36-gramm","18":"pa_width-1-5748-zoll","20":"first","21":"instock","22":"shipping-taxable","23":"purchasable","24":"product-type-simple","25":"customify-col","26":"product-has-gallery"},"yoast_head":"<!-- This site is optimized with the Yoast SEO plugin v27.4 - https:\/\/yoast.com\/product\/yoast-seo-wordpress\/ -->\n<title>ProctyClean Intimpflege-Stift f\u00fcr den Po: Patentiert! Sanfte Analhygiene &amp; Intimpflege f\u00fcr Frau &amp; Mann. Hilfe bei\u2026 - Markt-XXL<\/title>\n<meta name=\"description\" content=\"Markt-XXL ProctyClean Intimpflege-Stift f\u00fcr den Po: Patentiert! Sanfte Analhygiene &amp; Intimpflege f\u00fcr Frau &amp; Mann. Hilfe bei\u2026\" \/>\n<meta name=\"robots\" content=\"index, follow, max-snippet:-1, max-image-preview:large, max-video-preview:-1\" \/>\n<link rel=\"canonical\" href=\"https:\/\/marktxxl.de\/markt\/produkt\/proctyclean-intimpflege-stift-fuer-den-po-patentiert-sanfte-analhygiene-intimpflege-fuer-frau-mann-hilfe-bei-haemorrhoiden-analfissur-afterjucken-und-brennen-damen-maenner\/\" \/>\n<meta property=\"og:locale\" content=\"de_DE\" \/>\n<meta property=\"og:type\" content=\"article\" \/>\n<meta property=\"og:title\" content=\"ProctyClean Intimpflege-Stift f\u00fcr den Po: Patentiert! Sanfte Analhygiene &amp; Intimpflege f\u00fcr Frau &amp; Mann. Hilfe bei\u2026 - Markt-XXL\" \/>\n<meta property=\"og:description\" content=\"Markt-XXL ProctyClean Intimpflege-Stift f\u00fcr den Po: Patentiert! Sanfte Analhygiene &amp; Intimpflege f\u00fcr Frau &amp; Mann. Hilfe bei\u2026\" \/>\n<meta property=\"og:url\" content=\"https:\/\/marktxxl.de\/markt\/produkt\/proctyclean-intimpflege-stift-fuer-den-po-patentiert-sanfte-analhygiene-intimpflege-fuer-frau-mann-hilfe-bei-haemorrhoiden-analfissur-afterjucken-und-brennen-damen-maenner\/\" \/>\n<meta property=\"og:site_name\" content=\"Markt-XXL\" \/>\n<meta property=\"article:modified_time\" content=\"2023-04-10T03:39:11+00:00\" \/>\n<meta property=\"og:image\" content=\"https:\/\/m.media-amazon.com\/images\/I\/31dHHvU3YbL._SL500_.jpg\" \/>\n\t<meta property=\"og:image:width\" content=\"500\" \/>\n\t<meta property=\"og:image:height\" content=\"500\" \/>\n\t<meta property=\"og:image:type\" content=\"image\/jpeg\" \/>\n<meta name=\"twitter:card\" content=\"summary_large_image\" \/>\n<meta name=\"twitter:label1\" content=\"Gesch\u00e4tzte Lesezeit\" \/>\n\t<meta name=\"twitter:data1\" content=\"1\u00a0Minute\" \/>\n<script type=\"application\/ld+json\" class=\"yoast-schema-graph\">{\"@context\":\"https:\\\/\\\/schema.org\",\"@graph\":[{\"@type\":\"WebPage\",\"@id\":\"https:\\\/\\\/marktxxl.de\\\/markt\\\/produkt\\\/proctyclean-intimpflege-stift-fuer-den-po-patentiert-sanfte-analhygiene-intimpflege-fuer-frau-mann-hilfe-bei-haemorrhoiden-analfissur-afterjucken-und-brennen-damen-maenner\\\/\",\"url\":\"https:\\\/\\\/marktxxl.de\\\/markt\\\/produkt\\\/proctyclean-intimpflege-stift-fuer-den-po-patentiert-sanfte-analhygiene-intimpflege-fuer-frau-mann-hilfe-bei-haemorrhoiden-analfissur-afterjucken-und-brennen-damen-maenner\\\/\",\"name\":\"ProctyClean Intimpflege-Stift f\u00fcr den Po: Patentiert! Sanfte Analhygiene &amp; Intimpflege f\u00fcr Frau &amp; Mann. Hilfe bei\u2026 - Markt-XXL\",\"isPartOf\":{\"@id\":\"https:\\\/\\\/marktxxl.de\\\/markt\\\/#website\"},\"primaryImageOfPage\":{\"@id\":\"https:\\\/\\\/marktxxl.de\\\/markt\\\/produkt\\\/proctyclean-intimpflege-stift-fuer-den-po-patentiert-sanfte-analhygiene-intimpflege-fuer-frau-mann-hilfe-bei-haemorrhoiden-analfissur-afterjucken-und-brennen-damen-maenner\\\/#primaryimage\"},\"image\":{\"@id\":\"https:\\\/\\\/marktxxl.de\\\/markt\\\/produkt\\\/proctyclean-intimpflege-stift-fuer-den-po-patentiert-sanfte-analhygiene-intimpflege-fuer-frau-mann-hilfe-bei-haemorrhoiden-analfissur-afterjucken-und-brennen-damen-maenner\\\/#primaryimage\"},\"thumbnailUrl\":\"https:\\\/\\\/m.media-amazon.com\\\/images\\\/I\\\/31dHHvU3YbL._SL500_.jpg\",\"datePublished\":\"2023-03-10T20:25:39+00:00\",\"dateModified\":\"2023-04-10T03:39:11+00:00\",\"description\":\"Markt-XXL ProctyClean Intimpflege-Stift f\u00fcr den Po: Patentiert! Sanfte Analhygiene &amp; Intimpflege f\u00fcr Frau &amp; Mann. Hilfe bei\u2026\",\"breadcrumb\":{\"@id\":\"https:\\\/\\\/marktxxl.de\\\/markt\\\/produkt\\\/proctyclean-intimpflege-stift-fuer-den-po-patentiert-sanfte-analhygiene-intimpflege-fuer-frau-mann-hilfe-bei-haemorrhoiden-analfissur-afterjucken-und-brennen-damen-maenner\\\/#breadcrumb\"},\"inLanguage\":\"de\",\"potentialAction\":[{\"@type\":\"ReadAction\",\"target\":[\"https:\\\/\\\/marktxxl.de\\\/markt\\\/produkt\\\/proctyclean-intimpflege-stift-fuer-den-po-patentiert-sanfte-analhygiene-intimpflege-fuer-frau-mann-hilfe-bei-haemorrhoiden-analfissur-afterjucken-und-brennen-damen-maenner\\\/\"]}]},{\"@type\":\"ImageObject\",\"inLanguage\":\"de\",\"@id\":\"https:\\\/\\\/marktxxl.de\\\/markt\\\/produkt\\\/proctyclean-intimpflege-stift-fuer-den-po-patentiert-sanfte-analhygiene-intimpflege-fuer-frau-mann-hilfe-bei-haemorrhoiden-analfissur-afterjucken-und-brennen-damen-maenner\\\/#primaryimage\",\"url\":\"https:\\\/\\\/m.media-amazon.com\\\/images\\\/I\\\/31dHHvU3YbL._SL500_.jpg\",\"contentUrl\":\"https:\\\/\\\/m.media-amazon.com\\\/images\\\/I\\\/31dHHvU3YbL._SL500_.jpg\",\"width\":500,\"height\":500},{\"@type\":\"BreadcrumbList\",\"@id\":\"https:\\\/\\\/marktxxl.de\\\/markt\\\/produkt\\\/proctyclean-intimpflege-stift-fuer-den-po-patentiert-sanfte-analhygiene-intimpflege-fuer-frau-mann-hilfe-bei-haemorrhoiden-analfissur-afterjucken-und-brennen-damen-maenner\\\/#breadcrumb\",\"itemListElement\":[{\"@type\":\"ListItem\",\"position\":1,\"name\":\"Startseite\",\"item\":\"https:\\\/\\\/marktxxl.de\\\/markt\\\/\"},{\"@type\":\"ListItem\",\"position\":2,\"name\":\"Markt\",\"item\":\"https:\\\/\\\/marktxxl.de\\\/markt\\\/\"},{\"@type\":\"ListItem\",\"position\":3,\"name\":\"ProctyClean Intimpflege-Stift f\u00fcr den Po: Patentiert! Sanfte Analhygiene &amp; Intimpflege f\u00fcr Frau &amp; Mann. Hilfe bei\u2026\"}]},{\"@type\":\"WebSite\",\"@id\":\"https:\\\/\\\/marktxxl.de\\\/markt\\\/#website\",\"url\":\"https:\\\/\\\/marktxxl.de\\\/markt\\\/\",\"name\":\"Markt-XXL\",\"description\":\"Ihr Markt Online\",\"publisher\":{\"@id\":\"https:\\\/\\\/marktxxl.de\\\/markt\\\/#organization\"},\"potentialAction\":[{\"@type\":\"SearchAction\",\"target\":{\"@type\":\"EntryPoint\",\"urlTemplate\":\"https:\\\/\\\/marktxxl.de\\\/markt\\\/?s={search_term_string}\"},\"query-input\":{\"@type\":\"PropertyValueSpecification\",\"valueRequired\":true,\"valueName\":\"search_term_string\"}}],\"inLanguage\":\"de\"},{\"@type\":\"Organization\",\"@id\":\"https:\\\/\\\/marktxxl.de\\\/markt\\\/#organization\",\"name\":\"Markt-XXL\",\"url\":\"https:\\\/\\\/marktxxl.de\\\/markt\\\/\",\"logo\":{\"@type\":\"ImageObject\",\"inLanguage\":\"de\",\"@id\":\"https:\\\/\\\/marktxxl.de\\\/markt\\\/#\\\/schema\\\/logo\\\/image\\\/\",\"url\":\"https:\\\/\\\/marktxxl.de\\\/markt\\\/wp-content\\\/uploads\\\/sites\\\/3\\\/2020\\\/12\\\/logo.png\",\"contentUrl\":\"https:\\\/\\\/marktxxl.de\\\/markt\\\/wp-content\\\/uploads\\\/sites\\\/3\\\/2020\\\/12\\\/logo.png\",\"width\":200,\"height\":70,\"caption\":\"Markt-XXL\"},\"image\":{\"@id\":\"https:\\\/\\\/marktxxl.de\\\/markt\\\/#\\\/schema\\\/logo\\\/image\\\/\"}}]}<\/script>\n<!-- \/ Yoast SEO plugin. -->","yoast_head_json":{"title":"ProctyClean Intimpflege-Stift f\u00fcr den Po: Patentiert! Sanfte Analhygiene &amp; Intimpflege f\u00fcr Frau &amp; Mann. Hilfe bei\u2026 - Markt-XXL","description":"Markt-XXL ProctyClean Intimpflege-Stift f\u00fcr den Po: Patentiert! Sanfte Analhygiene &amp; Intimpflege f\u00fcr Frau &amp; Mann. Hilfe bei\u2026","robots":{"index":"index","follow":"follow","max-snippet":"max-snippet:-1","max-image-preview":"max-image-preview:large","max-video-preview":"max-video-preview:-1"},"canonical":"https:\/\/marktxxl.de\/markt\/produkt\/proctyclean-intimpflege-stift-fuer-den-po-patentiert-sanfte-analhygiene-intimpflege-fuer-frau-mann-hilfe-bei-haemorrhoiden-analfissur-afterjucken-und-brennen-damen-maenner\/","og_locale":"de_DE","og_type":"article","og_title":"ProctyClean Intimpflege-Stift f\u00fcr den Po: Patentiert! Sanfte Analhygiene &amp; Intimpflege f\u00fcr Frau &amp; Mann. Hilfe bei\u2026 - Markt-XXL","og_description":"Markt-XXL ProctyClean Intimpflege-Stift f\u00fcr den Po: Patentiert! Sanfte Analhygiene &amp; Intimpflege f\u00fcr Frau &amp; Mann. Hilfe bei\u2026","og_url":"https:\/\/marktxxl.de\/markt\/produkt\/proctyclean-intimpflege-stift-fuer-den-po-patentiert-sanfte-analhygiene-intimpflege-fuer-frau-mann-hilfe-bei-haemorrhoiden-analfissur-afterjucken-und-brennen-damen-maenner\/","og_site_name":"Markt-XXL","article_modified_time":"2023-04-10T03:39:11+00:00","og_image":[{"width":500,"height":500,"url":"https:\/\/m.media-amazon.com\/images\/I\/31dHHvU3YbL._SL500_.jpg","type":"image\/jpeg"}],"twitter_card":"summary_large_image","twitter_misc":{"Gesch\u00e4tzte Lesezeit":"1\u00a0Minute"},"schema":{"@context":"https:\/\/schema.org","@graph":[{"@type":"WebPage","@id":"https:\/\/marktxxl.de\/markt\/produkt\/proctyclean-intimpflege-stift-fuer-den-po-patentiert-sanfte-analhygiene-intimpflege-fuer-frau-mann-hilfe-bei-haemorrhoiden-analfissur-afterjucken-und-brennen-damen-maenner\/","url":"https:\/\/marktxxl.de\/markt\/produkt\/proctyclean-intimpflege-stift-fuer-den-po-patentiert-sanfte-analhygiene-intimpflege-fuer-frau-mann-hilfe-bei-haemorrhoiden-analfissur-afterjucken-und-brennen-damen-maenner\/","name":"ProctyClean Intimpflege-Stift f\u00fcr den Po: Patentiert! Sanfte Analhygiene &amp; Intimpflege f\u00fcr Frau &amp; Mann. Hilfe bei\u2026 - Markt-XXL","isPartOf":{"@id":"https:\/\/marktxxl.de\/markt\/#website"},"primaryImageOfPage":{"@id":"https:\/\/marktxxl.de\/markt\/produkt\/proctyclean-intimpflege-stift-fuer-den-po-patentiert-sanfte-analhygiene-intimpflege-fuer-frau-mann-hilfe-bei-haemorrhoiden-analfissur-afterjucken-und-brennen-damen-maenner\/#primaryimage"},"image":{"@id":"https:\/\/marktxxl.de\/markt\/produkt\/proctyclean-intimpflege-stift-fuer-den-po-patentiert-sanfte-analhygiene-intimpflege-fuer-frau-mann-hilfe-bei-haemorrhoiden-analfissur-afterjucken-und-brennen-damen-maenner\/#primaryimage"},"thumbnailUrl":"https:\/\/m.media-amazon.com\/images\/I\/31dHHvU3YbL._SL500_.jpg","datePublished":"2023-03-10T20:25:39+00:00","dateModified":"2023-04-10T03:39:11+00:00","description":"Markt-XXL ProctyClean Intimpflege-Stift f\u00fcr den Po: Patentiert! Sanfte Analhygiene &amp; Intimpflege f\u00fcr Frau &amp; Mann. Hilfe bei\u2026","breadcrumb":{"@id":"https:\/\/marktxxl.de\/markt\/produkt\/proctyclean-intimpflege-stift-fuer-den-po-patentiert-sanfte-analhygiene-intimpflege-fuer-frau-mann-hilfe-bei-haemorrhoiden-analfissur-afterjucken-und-brennen-damen-maenner\/#breadcrumb"},"inLanguage":"de","potentialAction":[{"@type":"ReadAction","target":["https:\/\/marktxxl.de\/markt\/produkt\/proctyclean-intimpflege-stift-fuer-den-po-patentiert-sanfte-analhygiene-intimpflege-fuer-frau-mann-hilfe-bei-haemorrhoiden-analfissur-afterjucken-und-brennen-damen-maenner\/"]}]},{"@type":"ImageObject","inLanguage":"de","@id":"https:\/\/marktxxl.de\/markt\/produkt\/proctyclean-intimpflege-stift-fuer-den-po-patentiert-sanfte-analhygiene-intimpflege-fuer-frau-mann-hilfe-bei-haemorrhoiden-analfissur-afterjucken-und-brennen-damen-maenner\/#primaryimage","url":"https:\/\/m.media-amazon.com\/images\/I\/31dHHvU3YbL._SL500_.jpg","contentUrl":"https:\/\/m.media-amazon.com\/images\/I\/31dHHvU3YbL._SL500_.jpg","width":500,"height":500},{"@type":"BreadcrumbList","@id":"https:\/\/marktxxl.de\/markt\/produkt\/proctyclean-intimpflege-stift-fuer-den-po-patentiert-sanfte-analhygiene-intimpflege-fuer-frau-mann-hilfe-bei-haemorrhoiden-analfissur-afterjucken-und-brennen-damen-maenner\/#breadcrumb","itemListElement":[{"@type":"ListItem","position":1,"name":"Startseite","item":"https:\/\/marktxxl.de\/markt\/"},{"@type":"ListItem","position":2,"name":"Markt","item":"https:\/\/marktxxl.de\/markt\/"},{"@type":"ListItem","position":3,"name":"ProctyClean Intimpflege-Stift f\u00fcr den Po: Patentiert! Sanfte Analhygiene &amp; Intimpflege f\u00fcr Frau &amp; Mann. Hilfe bei\u2026"}]},{"@type":"WebSite","@id":"https:\/\/marktxxl.de\/markt\/#website","url":"https:\/\/marktxxl.de\/markt\/","name":"Markt-XXL","description":"Ihr Markt Online","publisher":{"@id":"https:\/\/marktxxl.de\/markt\/#organization"},"potentialAction":[{"@type":"SearchAction","target":{"@type":"EntryPoint","urlTemplate":"https:\/\/marktxxl.de\/markt\/?s={search_term_string}"},"query-input":{"@type":"PropertyValueSpecification","valueRequired":true,"valueName":"search_term_string"}}],"inLanguage":"de"},{"@type":"Organization","@id":"https:\/\/marktxxl.de\/markt\/#organization","name":"Markt-XXL","url":"https:\/\/marktxxl.de\/markt\/","logo":{"@type":"ImageObject","inLanguage":"de","@id":"https:\/\/marktxxl.de\/markt\/#\/schema\/logo\/image\/","url":"https:\/\/marktxxl.de\/markt\/wp-content\/uploads\/sites\/3\/2020\/12\/logo.png","contentUrl":"https:\/\/marktxxl.de\/markt\/wp-content\/uploads\/sites\/3\/2020\/12\/logo.png","width":200,"height":70,"caption":"Markt-XXL"},"image":{"@id":"https:\/\/marktxxl.de\/markt\/#\/schema\/logo\/image\/"}}]}},"_links":{"self":[{"href":"https:\/\/marktxxl.de\/markt\/wp-json\/wp\/v2\/product\/191171","targetHints":{"allow":["GET"]}}],"collection":[{"href":"https:\/\/marktxxl.de\/markt\/wp-json\/wp\/v2\/product"}],"about":[{"href":"https:\/\/marktxxl.de\/markt\/wp-json\/wp\/v2\/types\/product"}],"replies":[{"embeddable":true,"href":"https:\/\/marktxxl.de\/markt\/wp-json\/wp\/v2\/comments?post=191171"}],"wp:featuredmedia":[{"embeddable":true,"href":"https:\/\/marktxxl.de\/markt\/wp-json\/wp\/v2\/media\/191172"}],"wp:attachment":[{"href":"https:\/\/marktxxl.de\/markt\/wp-json\/wp\/v2\/media?parent=191171"}],"wp:term":[{"taxonomy":"product_brand","embeddable":true,"href":"https:\/\/marktxxl.de\/markt\/wp-json\/wp\/v2\/product_brand?post=191171"},{"taxonomy":"product_cat","embeddable":true,"href":"https:\/\/marktxxl.de\/markt\/wp-json\/wp\/v2\/product_cat?post=191171"},{"taxonomy":"product_tag","embeddable":true,"href":"https:\/\/marktxxl.de\/markt\/wp-json\/wp\/v2\/product_tag?post=191171"}],"curies":[{"name":"wp","href":"https:\/\/api.w.org\/{rel}","templated":true}]}}