{"id":191154,"date":"2023-03-10T21:25:13","date_gmt":"2023-03-10T20:25:13","guid":{"rendered":"https:\/\/marktxxl.de\/markt\/produkt\/zishine-weibliches-fussmodell-silikon-weiche-falten-an-fusssohlen-lebensgroesse-11-mannequin-gelenk-38163all-gelenkbonefixed\/"},"modified":"2023-04-10T05:39:11","modified_gmt":"2023-04-10T03:39:11","slug":"zishine-weibliches-fussmodell-silikon-weiche-falten-an-fusssohlen-lebensgroesse-11-mannequin-gelenk-38163all-gelenkbonefixed","status":"publish","type":"product","link":"https:\/\/marktxxl.de\/markt\/produkt\/zishine-weibliches-fussmodell-silikon-weiche-falten-an-fusssohlen-lebensgroesse-11-mannequin-gelenk-38163all-gelenkbonefixed\/","title":{"rendered":"Zishine Weibliches Fu\u00dfmodell Silikon weiche Falten an Fu\u00dfsohlen Lebensgr\u00f6\u00dfe 1:1 Mannequin-Gelenk 3816,3all\u2026"},"content":{"rendered":"<p>Erkl\u00e4rung der Version: Alle weichen Silikon: alle aus Fl\u00fcssigsilikon, ganze F\u00fc\u00dfe keine eingebauten Knochen. Die gesamte Sohle, Kn\u00f6chel und Zehen sind alle weich und k\u00f6nnen gebogen werden, aber nicht fixiert werden, genau wie ein dickes Gummiband. Silikon-Zehenknochen: Auf der Grundlage von ZollAlle weichen Silikon-Inch-Versionen werden die Zehen eingearbeitet, Zehen k\u00f6nnen gebogen und fixiert werden. Alle Gelenkknochen fixiert: Zehen, Fu\u00dfhandfl\u00e4chen, Kn\u00f6chel-Gelenke haben einen integrierten Knochen, kann gebogen und fixiert werden.<br \/>\nRealistischer Formherstellungsprozess, kein eigenartiger Geruch, nat\u00fcrlicher \u00dcbergang der Blutfarbe und realistische Fingern\u00e4gel. Durch die sorgf\u00e4ltige Darstellung und Farbfixierung des Malers wird die \u00e4u\u00dfere Hautschicht von Hand versiegelt. inchGlaze Zollschutz, erh\u00f6hen Sie die Lebensdauer des Modells (normale Seifenreinigung, es ist streng verboten, das Modell mit Benzin oder Alkohol abzuwischen, um Sch\u00e4den an der Fixierung der Hautoberfl\u00e4che zu vermeiden)<br \/>\nDas gesamte Silikon-Material, ohne eingebaute Knochen, ist so weich wie die Haut, kann nicht alleine stehen. Geeignet f\u00fcr Sammlung, Malerei, Ausstellung, Schie\u00dfen, Schmuck, Str\u00fcmpfe, Filmrequisiten, Sex usw<br \/>\nLieferumfang: 1 Paar Fu\u00dfmodell (ohne N\u00e4gel, Schmuck und anderes Zubeh\u00f6r). Das Produkt ist vom echten weiblichen Fu\u00df geklont, bietet komplett die perfekte Hautstruktur. Die Gr\u00f6\u00dfe entspricht den echten menschlichen F\u00fc\u00dfen, das Verh\u00e4ltnis betr\u00e4gt 1:1.<br \/>\nUnterschied zu anderen Materialien: aufgehende Venen und Blutgef\u00e4\u00dfe, mit echten Farben, realistischer; Material: Das Material ist das gleiche wie die Nippel der Babyflasche, ungiftig, geruchlos, gesund und aus lebensmittelechtem Platin-Silikon-Material.<br \/>\n<div class=\"main-cross-sell\" data-asin=\"B08QJ5GWCL\">\n\n\t<div class=\"WooZone-cross-sell-loader\">\n\t\t<div>\n\t\t\t<div id=\"floatingBarsG\">\n\t\t\t\t<div class=\"blockG\" id=\"rotateG_01\"><\/div>\n\t\t\t\t<div class=\"blockG\" id=\"rotateG_02\"><\/div>\n\t\t\t\t<div class=\"blockG\" id=\"rotateG_03\"><\/div>\n\t\t\t\t<div class=\"blockG\" id=\"rotateG_04\"><\/div>\n\t\t\t\t<div class=\"blockG\" id=\"rotateG_05\"><\/div>\n\t\t\t\t<div class=\"blockG\" id=\"rotateG_06\"><\/div>\n\t\t\t\t<div class=\"blockG\" id=\"rotateG_07\"><\/div>\n\t\t\t\t<div class=\"blockG\" id=\"rotateG_08\"><\/div>\n\t\t\t<\/div>\n\t\t\t<div class=\"WooZone-cross-sell-loader-text\"><\/div>\n\t\t<\/div>\n\t<\/div>\n\n\t\t\n<\/div>\n<div style=\"clear:both;\"><\/div><\/p>\n","protected":false},"excerpt":{"rendered":"<p>Erkl\u00e4rung der Version: Alle weichen Silikon: alle aus Fl\u00fcssigsilikon, ganze F\u00fc\u00dfe keine eingebauten Knochen. Die gesamte Sohle, Kn\u00f6chel und Zehen sind alle weich und k\u00f6nnen gebogen werden, aber nicht fixiert werden, genau wie ein dickes Gummiband. Silikon-Zehenknochen: Auf der Grundlage von ZollAlle weichen Silikon-Inch-Versionen werden die Zehen eingearbeitet, Zehen k\u00f6nnen gebogen und fixiert werden. Alle Gelenkknochen fixiert: Zehen, Fu\u00dfhandfl\u00e4chen, Kn\u00f6chel-Gelenke haben einen integrierten Knochen, kann gebogen und fixiert werden.<br \/>\nRealistischer Formherstellungsprozess, kein eigenartiger Geruch, nat\u00fcrlicher \u00dcbergang der Blutfarbe und realistische Fingern\u00e4gel. Durch die sorgf\u00e4ltige Darstellung und Farbfixierung des Malers wird die \u00e4u\u00dfere Hautschicht von Hand versiegelt. inchGlaze Zollschutz, erh\u00f6hen Sie die Lebensdauer des Modells (normale Seifenreinigung, es ist streng verboten, das Modell mit Benzin oder Alkohol abzuwischen, um Sch\u00e4den an der Fixierung der Hautoberfl\u00e4che zu vermeiden)<br \/>\nDas gesamte Silikon-Material, ohne eingebaute Knochen, ist so weich wie die Haut, kann nicht alleine stehen. Geeignet f\u00fcr Sammlung, Malerei, Ausstellung, Schie\u00dfen, Schmuck, Str\u00fcmpfe, Filmrequisiten, Sex usw<\/p>\n","protected":false},"featured_media":191155,"comment_status":"open","ping_status":"closed","template":"","meta":[],"product_brand":[],"product_cat":[652,2977],"product_tag":[],"class_list":{"0":"post-191154","1":"product","2":"type-product","3":"status-publish","4":"has-post-thumbnail","6":"product_cat-erotik-markt-xxl","7":"product_cat-sexspielzeug","8":"pa_binding-haushaltswaren","9":"pa_brand-zishine","10":"pa_height-1-968503935-zoll","11":"pa_length-5-905511805-zoll","12":"pa_manufacturer-zishine","13":"pa_model-396-899-523","14":"pa_width-3-93700787-zoll","16":"first","17":"instock","18":"shipping-taxable","19":"purchasable","20":"product-type-simple","21":"customify-col","22":"product-has-gallery"},"yoast_head":"<!-- This site is optimized with the Yoast SEO plugin v27.4 - https:\/\/yoast.com\/product\/yoast-seo-wordpress\/ -->\n<title>Zishine Weibliches Fu\u00dfmodell Silikon weiche Falten an Fu\u00dfsohlen Lebensgr\u00f6\u00dfe 1:1 Mannequin-Gelenk 3816,3all\u2026 - Markt-XXL<\/title>\n<meta name=\"description\" content=\"Markt-XXL Zishine Weibliches Fu\u00dfmodell Silikon weiche Falten an Fu\u00dfsohlen Lebensgr\u00f6\u00dfe 1:1 Mannequin-Gelenk 3816,3all\u2026\" \/>\n<meta name=\"robots\" content=\"index, follow, max-snippet:-1, max-image-preview:large, max-video-preview:-1\" \/>\n<link rel=\"canonical\" href=\"https:\/\/marktxxl.de\/markt\/produkt\/zishine-weibliches-fussmodell-silikon-weiche-falten-an-fusssohlen-lebensgroesse-11-mannequin-gelenk-38163all-gelenkbonefixed\/\" \/>\n<meta property=\"og:locale\" content=\"de_DE\" \/>\n<meta property=\"og:type\" content=\"article\" \/>\n<meta property=\"og:title\" content=\"Zishine Weibliches Fu\u00dfmodell Silikon weiche Falten an Fu\u00dfsohlen Lebensgr\u00f6\u00dfe 1:1 Mannequin-Gelenk 3816,3all\u2026 - Markt-XXL\" \/>\n<meta property=\"og:description\" content=\"Markt-XXL Zishine Weibliches Fu\u00dfmodell Silikon weiche Falten an Fu\u00dfsohlen Lebensgr\u00f6\u00dfe 1:1 Mannequin-Gelenk 3816,3all\u2026\" \/>\n<meta property=\"og:url\" content=\"https:\/\/marktxxl.de\/markt\/produkt\/zishine-weibliches-fussmodell-silikon-weiche-falten-an-fusssohlen-lebensgroesse-11-mannequin-gelenk-38163all-gelenkbonefixed\/\" \/>\n<meta property=\"og:site_name\" content=\"Markt-XXL\" \/>\n<meta property=\"article:modified_time\" content=\"2023-04-10T03:39:11+00:00\" \/>\n<meta property=\"og:image\" content=\"https:\/\/m.media-amazon.com\/images\/I\/31k01RLdKjL._SL500_.jpg\" \/>\n\t<meta property=\"og:image:width\" content=\"500\" \/>\n\t<meta property=\"og:image:height\" content=\"500\" \/>\n\t<meta property=\"og:image:type\" content=\"image\/jpeg\" \/>\n<meta name=\"twitter:card\" content=\"summary_large_image\" \/>\n<meta name=\"twitter:label1\" content=\"Gesch\u00e4tzte Lesezeit\" \/>\n\t<meta name=\"twitter:data1\" content=\"1\u00a0Minute\" \/>\n<script type=\"application\/ld+json\" class=\"yoast-schema-graph\">{\"@context\":\"https:\\\/\\\/schema.org\",\"@graph\":[{\"@type\":\"WebPage\",\"@id\":\"https:\\\/\\\/marktxxl.de\\\/markt\\\/produkt\\\/zishine-weibliches-fussmodell-silikon-weiche-falten-an-fusssohlen-lebensgroesse-11-mannequin-gelenk-38163all-gelenkbonefixed\\\/\",\"url\":\"https:\\\/\\\/marktxxl.de\\\/markt\\\/produkt\\\/zishine-weibliches-fussmodell-silikon-weiche-falten-an-fusssohlen-lebensgroesse-11-mannequin-gelenk-38163all-gelenkbonefixed\\\/\",\"name\":\"Zishine Weibliches Fu\u00dfmodell Silikon weiche Falten an Fu\u00dfsohlen Lebensgr\u00f6\u00dfe 1:1 Mannequin-Gelenk 3816,3all\u2026 - Markt-XXL\",\"isPartOf\":{\"@id\":\"https:\\\/\\\/marktxxl.de\\\/markt\\\/#website\"},\"primaryImageOfPage\":{\"@id\":\"https:\\\/\\\/marktxxl.de\\\/markt\\\/produkt\\\/zishine-weibliches-fussmodell-silikon-weiche-falten-an-fusssohlen-lebensgroesse-11-mannequin-gelenk-38163all-gelenkbonefixed\\\/#primaryimage\"},\"image\":{\"@id\":\"https:\\\/\\\/marktxxl.de\\\/markt\\\/produkt\\\/zishine-weibliches-fussmodell-silikon-weiche-falten-an-fusssohlen-lebensgroesse-11-mannequin-gelenk-38163all-gelenkbonefixed\\\/#primaryimage\"},\"thumbnailUrl\":\"https:\\\/\\\/m.media-amazon.com\\\/images\\\/I\\\/31k01RLdKjL._SL500_.jpg\",\"datePublished\":\"2023-03-10T20:25:13+00:00\",\"dateModified\":\"2023-04-10T03:39:11+00:00\",\"description\":\"Markt-XXL Zishine Weibliches Fu\u00dfmodell Silikon weiche Falten an Fu\u00dfsohlen Lebensgr\u00f6\u00dfe 1:1 Mannequin-Gelenk 3816,3all\u2026\",\"breadcrumb\":{\"@id\":\"https:\\\/\\\/marktxxl.de\\\/markt\\\/produkt\\\/zishine-weibliches-fussmodell-silikon-weiche-falten-an-fusssohlen-lebensgroesse-11-mannequin-gelenk-38163all-gelenkbonefixed\\\/#breadcrumb\"},\"inLanguage\":\"de\",\"potentialAction\":[{\"@type\":\"ReadAction\",\"target\":[\"https:\\\/\\\/marktxxl.de\\\/markt\\\/produkt\\\/zishine-weibliches-fussmodell-silikon-weiche-falten-an-fusssohlen-lebensgroesse-11-mannequin-gelenk-38163all-gelenkbonefixed\\\/\"]}]},{\"@type\":\"ImageObject\",\"inLanguage\":\"de\",\"@id\":\"https:\\\/\\\/marktxxl.de\\\/markt\\\/produkt\\\/zishine-weibliches-fussmodell-silikon-weiche-falten-an-fusssohlen-lebensgroesse-11-mannequin-gelenk-38163all-gelenkbonefixed\\\/#primaryimage\",\"url\":\"https:\\\/\\\/m.media-amazon.com\\\/images\\\/I\\\/31k01RLdKjL._SL500_.jpg\",\"contentUrl\":\"https:\\\/\\\/m.media-amazon.com\\\/images\\\/I\\\/31k01RLdKjL._SL500_.jpg\",\"width\":500,\"height\":500},{\"@type\":\"BreadcrumbList\",\"@id\":\"https:\\\/\\\/marktxxl.de\\\/markt\\\/produkt\\\/zishine-weibliches-fussmodell-silikon-weiche-falten-an-fusssohlen-lebensgroesse-11-mannequin-gelenk-38163all-gelenkbonefixed\\\/#breadcrumb\",\"itemListElement\":[{\"@type\":\"ListItem\",\"position\":1,\"name\":\"Startseite\",\"item\":\"https:\\\/\\\/marktxxl.de\\\/markt\\\/\"},{\"@type\":\"ListItem\",\"position\":2,\"name\":\"Markt\",\"item\":\"https:\\\/\\\/marktxxl.de\\\/markt\\\/\"},{\"@type\":\"ListItem\",\"position\":3,\"name\":\"Zishine Weibliches Fu\u00dfmodell Silikon weiche Falten an Fu\u00dfsohlen Lebensgr\u00f6\u00dfe 1:1 Mannequin-Gelenk 3816,3all\u2026\"}]},{\"@type\":\"WebSite\",\"@id\":\"https:\\\/\\\/marktxxl.de\\\/markt\\\/#website\",\"url\":\"https:\\\/\\\/marktxxl.de\\\/markt\\\/\",\"name\":\"Markt-XXL\",\"description\":\"Ihr Markt Online\",\"publisher\":{\"@id\":\"https:\\\/\\\/marktxxl.de\\\/markt\\\/#organization\"},\"potentialAction\":[{\"@type\":\"SearchAction\",\"target\":{\"@type\":\"EntryPoint\",\"urlTemplate\":\"https:\\\/\\\/marktxxl.de\\\/markt\\\/?s={search_term_string}\"},\"query-input\":{\"@type\":\"PropertyValueSpecification\",\"valueRequired\":true,\"valueName\":\"search_term_string\"}}],\"inLanguage\":\"de\"},{\"@type\":\"Organization\",\"@id\":\"https:\\\/\\\/marktxxl.de\\\/markt\\\/#organization\",\"name\":\"Markt-XXL\",\"url\":\"https:\\\/\\\/marktxxl.de\\\/markt\\\/\",\"logo\":{\"@type\":\"ImageObject\",\"inLanguage\":\"de\",\"@id\":\"https:\\\/\\\/marktxxl.de\\\/markt\\\/#\\\/schema\\\/logo\\\/image\\\/\",\"url\":\"https:\\\/\\\/marktxxl.de\\\/markt\\\/wp-content\\\/uploads\\\/sites\\\/3\\\/2020\\\/12\\\/logo.png\",\"contentUrl\":\"https:\\\/\\\/marktxxl.de\\\/markt\\\/wp-content\\\/uploads\\\/sites\\\/3\\\/2020\\\/12\\\/logo.png\",\"width\":200,\"height\":70,\"caption\":\"Markt-XXL\"},\"image\":{\"@id\":\"https:\\\/\\\/marktxxl.de\\\/markt\\\/#\\\/schema\\\/logo\\\/image\\\/\"}}]}<\/script>\n<!-- \/ Yoast SEO plugin. -->","yoast_head_json":{"title":"Zishine Weibliches Fu\u00dfmodell Silikon weiche Falten an Fu\u00dfsohlen Lebensgr\u00f6\u00dfe 1:1 Mannequin-Gelenk 3816,3all\u2026 - Markt-XXL","description":"Markt-XXL Zishine Weibliches Fu\u00dfmodell Silikon weiche Falten an Fu\u00dfsohlen Lebensgr\u00f6\u00dfe 1:1 Mannequin-Gelenk 3816,3all\u2026","robots":{"index":"index","follow":"follow","max-snippet":"max-snippet:-1","max-image-preview":"max-image-preview:large","max-video-preview":"max-video-preview:-1"},"canonical":"https:\/\/marktxxl.de\/markt\/produkt\/zishine-weibliches-fussmodell-silikon-weiche-falten-an-fusssohlen-lebensgroesse-11-mannequin-gelenk-38163all-gelenkbonefixed\/","og_locale":"de_DE","og_type":"article","og_title":"Zishine Weibliches Fu\u00dfmodell Silikon weiche Falten an Fu\u00dfsohlen Lebensgr\u00f6\u00dfe 1:1 Mannequin-Gelenk 3816,3all\u2026 - Markt-XXL","og_description":"Markt-XXL Zishine Weibliches Fu\u00dfmodell Silikon weiche Falten an Fu\u00dfsohlen Lebensgr\u00f6\u00dfe 1:1 Mannequin-Gelenk 3816,3all\u2026","og_url":"https:\/\/marktxxl.de\/markt\/produkt\/zishine-weibliches-fussmodell-silikon-weiche-falten-an-fusssohlen-lebensgroesse-11-mannequin-gelenk-38163all-gelenkbonefixed\/","og_site_name":"Markt-XXL","article_modified_time":"2023-04-10T03:39:11+00:00","og_image":[{"width":500,"height":500,"url":"https:\/\/m.media-amazon.com\/images\/I\/31k01RLdKjL._SL500_.jpg","type":"image\/jpeg"}],"twitter_card":"summary_large_image","twitter_misc":{"Gesch\u00e4tzte Lesezeit":"1\u00a0Minute"},"schema":{"@context":"https:\/\/schema.org","@graph":[{"@type":"WebPage","@id":"https:\/\/marktxxl.de\/markt\/produkt\/zishine-weibliches-fussmodell-silikon-weiche-falten-an-fusssohlen-lebensgroesse-11-mannequin-gelenk-38163all-gelenkbonefixed\/","url":"https:\/\/marktxxl.de\/markt\/produkt\/zishine-weibliches-fussmodell-silikon-weiche-falten-an-fusssohlen-lebensgroesse-11-mannequin-gelenk-38163all-gelenkbonefixed\/","name":"Zishine Weibliches Fu\u00dfmodell Silikon weiche Falten an Fu\u00dfsohlen Lebensgr\u00f6\u00dfe 1:1 Mannequin-Gelenk 3816,3all\u2026 - Markt-XXL","isPartOf":{"@id":"https:\/\/marktxxl.de\/markt\/#website"},"primaryImageOfPage":{"@id":"https:\/\/marktxxl.de\/markt\/produkt\/zishine-weibliches-fussmodell-silikon-weiche-falten-an-fusssohlen-lebensgroesse-11-mannequin-gelenk-38163all-gelenkbonefixed\/#primaryimage"},"image":{"@id":"https:\/\/marktxxl.de\/markt\/produkt\/zishine-weibliches-fussmodell-silikon-weiche-falten-an-fusssohlen-lebensgroesse-11-mannequin-gelenk-38163all-gelenkbonefixed\/#primaryimage"},"thumbnailUrl":"https:\/\/m.media-amazon.com\/images\/I\/31k01RLdKjL._SL500_.jpg","datePublished":"2023-03-10T20:25:13+00:00","dateModified":"2023-04-10T03:39:11+00:00","description":"Markt-XXL Zishine Weibliches Fu\u00dfmodell Silikon weiche Falten an Fu\u00dfsohlen Lebensgr\u00f6\u00dfe 1:1 Mannequin-Gelenk 3816,3all\u2026","breadcrumb":{"@id":"https:\/\/marktxxl.de\/markt\/produkt\/zishine-weibliches-fussmodell-silikon-weiche-falten-an-fusssohlen-lebensgroesse-11-mannequin-gelenk-38163all-gelenkbonefixed\/#breadcrumb"},"inLanguage":"de","potentialAction":[{"@type":"ReadAction","target":["https:\/\/marktxxl.de\/markt\/produkt\/zishine-weibliches-fussmodell-silikon-weiche-falten-an-fusssohlen-lebensgroesse-11-mannequin-gelenk-38163all-gelenkbonefixed\/"]}]},{"@type":"ImageObject","inLanguage":"de","@id":"https:\/\/marktxxl.de\/markt\/produkt\/zishine-weibliches-fussmodell-silikon-weiche-falten-an-fusssohlen-lebensgroesse-11-mannequin-gelenk-38163all-gelenkbonefixed\/#primaryimage","url":"https:\/\/m.media-amazon.com\/images\/I\/31k01RLdKjL._SL500_.jpg","contentUrl":"https:\/\/m.media-amazon.com\/images\/I\/31k01RLdKjL._SL500_.jpg","width":500,"height":500},{"@type":"BreadcrumbList","@id":"https:\/\/marktxxl.de\/markt\/produkt\/zishine-weibliches-fussmodell-silikon-weiche-falten-an-fusssohlen-lebensgroesse-11-mannequin-gelenk-38163all-gelenkbonefixed\/#breadcrumb","itemListElement":[{"@type":"ListItem","position":1,"name":"Startseite","item":"https:\/\/marktxxl.de\/markt\/"},{"@type":"ListItem","position":2,"name":"Markt","item":"https:\/\/marktxxl.de\/markt\/"},{"@type":"ListItem","position":3,"name":"Zishine Weibliches Fu\u00dfmodell Silikon weiche Falten an Fu\u00dfsohlen Lebensgr\u00f6\u00dfe 1:1 Mannequin-Gelenk 3816,3all\u2026"}]},{"@type":"WebSite","@id":"https:\/\/marktxxl.de\/markt\/#website","url":"https:\/\/marktxxl.de\/markt\/","name":"Markt-XXL","description":"Ihr Markt Online","publisher":{"@id":"https:\/\/marktxxl.de\/markt\/#organization"},"potentialAction":[{"@type":"SearchAction","target":{"@type":"EntryPoint","urlTemplate":"https:\/\/marktxxl.de\/markt\/?s={search_term_string}"},"query-input":{"@type":"PropertyValueSpecification","valueRequired":true,"valueName":"search_term_string"}}],"inLanguage":"de"},{"@type":"Organization","@id":"https:\/\/marktxxl.de\/markt\/#organization","name":"Markt-XXL","url":"https:\/\/marktxxl.de\/markt\/","logo":{"@type":"ImageObject","inLanguage":"de","@id":"https:\/\/marktxxl.de\/markt\/#\/schema\/logo\/image\/","url":"https:\/\/marktxxl.de\/markt\/wp-content\/uploads\/sites\/3\/2020\/12\/logo.png","contentUrl":"https:\/\/marktxxl.de\/markt\/wp-content\/uploads\/sites\/3\/2020\/12\/logo.png","width":200,"height":70,"caption":"Markt-XXL"},"image":{"@id":"https:\/\/marktxxl.de\/markt\/#\/schema\/logo\/image\/"}}]}},"_links":{"self":[{"href":"https:\/\/marktxxl.de\/markt\/wp-json\/wp\/v2\/product\/191154","targetHints":{"allow":["GET"]}}],"collection":[{"href":"https:\/\/marktxxl.de\/markt\/wp-json\/wp\/v2\/product"}],"about":[{"href":"https:\/\/marktxxl.de\/markt\/wp-json\/wp\/v2\/types\/product"}],"replies":[{"embeddable":true,"href":"https:\/\/marktxxl.de\/markt\/wp-json\/wp\/v2\/comments?post=191154"}],"wp:featuredmedia":[{"embeddable":true,"href":"https:\/\/marktxxl.de\/markt\/wp-json\/wp\/v2\/media\/191155"}],"wp:attachment":[{"href":"https:\/\/marktxxl.de\/markt\/wp-json\/wp\/v2\/media?parent=191154"}],"wp:term":[{"taxonomy":"product_brand","embeddable":true,"href":"https:\/\/marktxxl.de\/markt\/wp-json\/wp\/v2\/product_brand?post=191154"},{"taxonomy":"product_cat","embeddable":true,"href":"https:\/\/marktxxl.de\/markt\/wp-json\/wp\/v2\/product_cat?post=191154"},{"taxonomy":"product_tag","embeddable":true,"href":"https:\/\/marktxxl.de\/markt\/wp-json\/wp\/v2\/product_tag?post=191154"}],"curies":[{"name":"wp","href":"https:\/\/api.w.org\/{rel}","templated":true}]}}