{"id":191141,"date":"2023-03-10T21:09:05","date_gmt":"2023-03-10T20:09:05","guid":{"rendered":"https:\/\/marktxxl.de\/markt\/produkt\/eigso-retro-punk-halsband-choker-halskette-fuer-frauen-mehrfarbig-mit-niet-besetzt-mit-stacheln-verstellbar\/"},"modified":"2023-04-10T05:38:28","modified_gmt":"2023-04-10T03:38:28","slug":"eigso-retro-punk-halsband-choker-halskette-fuer-frauen-mehrfarbig-mit-niet-besetzt-mit-stacheln-verstellbar","status":"publish","type":"product","link":"https:\/\/marktxxl.de\/markt\/produkt\/eigso-retro-punk-halsband-choker-halskette-fuer-frauen-mehrfarbig-mit-niet-besetzt-mit-stacheln-verstellbar\/","title":{"rendered":"EIGSO Retro Punk Halsband Choker Halskette f\u00fcr Frauen mehrfarbig mit Niet besetzt mit Stacheln verstellbar"},"content":{"rendered":"<p>Paketinhalt &#8212; 1 * PU Leder Punk Choker.<br \/>\nGr\u00f6\u00dfe &#8212; \u00dcber 13,8 &#8211; 15,5 Zoll kann einstellbar sein, und die Breite betr\u00e4gt 0,7 Zoll (1,8 cm). Es ist ein sehr sch\u00f6nes Design, das Ihren Hals schlanker und charmanter aussehen l\u00e4sst.<br \/>\nMatcch All Style &#8212; Es ist f\u00fcr Frauen oder M\u00e4nner, die einen Nachtclub, einen Halloween-Tag, ein COSPLAY-Meeting, eine Maskerade, eine 80er-Party oder eine 90er-Party tragen.<br \/>\nTolle Geschenke &#8212; f\u00fcr Damen, Ihre Freundin oder beste Freunde. Genial f\u00fcr Frauen GEBURTSTAG, ein Frauen-HALLOWEEN-Kost\u00fcm, WEIHNACHTEN oder jeden besonderen Anlass.<br \/>\nService &#8212; Wenn Sie Fragen oder spezielle W\u00fcnsche haben, wenden Sie sich bitte an uns.<br \/>\n<div class=\"main-cross-sell\" data-asin=\"B0936VQVTQ\">\n\n\t<div class=\"WooZone-cross-sell-loader\">\n\t\t<div>\n\t\t\t<div id=\"floatingBarsG\">\n\t\t\t\t<div class=\"blockG\" id=\"rotateG_01\"><\/div>\n\t\t\t\t<div class=\"blockG\" id=\"rotateG_02\"><\/div>\n\t\t\t\t<div class=\"blockG\" id=\"rotateG_03\"><\/div>\n\t\t\t\t<div class=\"blockG\" id=\"rotateG_04\"><\/div>\n\t\t\t\t<div class=\"blockG\" id=\"rotateG_05\"><\/div>\n\t\t\t\t<div class=\"blockG\" id=\"rotateG_06\"><\/div>\n\t\t\t\t<div class=\"blockG\" id=\"rotateG_07\"><\/div>\n\t\t\t\t<div class=\"blockG\" id=\"rotateG_08\"><\/div>\n\t\t\t<\/div>\n\t\t\t<div class=\"WooZone-cross-sell-loader-text\"><\/div>\n\t\t<\/div>\n\t<\/div>\n\n\t\t\n<\/div>\n<div style=\"clear:both;\"><\/div><\/p>\n","protected":false},"excerpt":{"rendered":"<p>Paketinhalt &#8212; 1 * PU Leder Punk Choker.<br \/>\nGr\u00f6\u00dfe &#8212; \u00dcber 13,8 &#8211; 15,5 Zoll kann einstellbar sein, und die Breite betr\u00e4gt 0,7 Zoll (1,8 cm). Es ist ein sehr sch\u00f6nes Design, das Ihren Hals schlanker und charmanter aussehen l\u00e4sst.<br \/>\nMatcch All Style &#8212; Es ist f\u00fcr Frauen oder M\u00e4nner, die einen Nachtclub, einen Halloween-Tag, ein COSPLAY-Meeting, eine Maskerade, eine 80er-Party oder eine 90er-Party tragen.<\/p>\n","protected":false},"featured_media":191142,"comment_status":"open","ping_status":"closed","template":"","meta":[],"product_brand":[],"product_cat":[652,3064],"product_tag":[],"class_list":{"0":"post-191141","1":"product","2":"type-product","3":"status-publish","4":"has-post-thumbnail","6":"product_cat-erotik-markt-xxl","7":"product_cat-fesseln-bondage","8":"pa_brand-eigso","9":"pa_model-egncbr00010-p","11":"first","12":"instock","13":"shipping-taxable","14":"purchasable","15":"product-type-simple","16":"customify-col","17":"product-has-gallery"},"yoast_head":"<!-- This site is optimized with the Yoast SEO plugin v27.3 - https:\/\/yoast.com\/product\/yoast-seo-wordpress\/ -->\n<title>EIGSO Retro Punk Halsband Choker Halskette f\u00fcr Frauen mehrfarbig mit Niet besetzt mit Stacheln verstellbar - Markt-XXL<\/title>\n<meta name=\"description\" content=\"Markt-XXL EIGSO Retro Punk Halsband Choker Halskette f\u00fcr Frauen mehrfarbig mit Niet besetzt mit Stacheln verstellbar\" \/>\n<meta name=\"robots\" content=\"index, follow, max-snippet:-1, max-image-preview:large, max-video-preview:-1\" \/>\n<link rel=\"canonical\" href=\"https:\/\/marktxxl.de\/markt\/produkt\/eigso-retro-punk-halsband-choker-halskette-fuer-frauen-mehrfarbig-mit-niet-besetzt-mit-stacheln-verstellbar\/\" \/>\n<meta property=\"og:locale\" content=\"de_DE\" \/>\n<meta property=\"og:type\" content=\"article\" \/>\n<meta property=\"og:title\" content=\"EIGSO Retro Punk Halsband Choker Halskette f\u00fcr Frauen mehrfarbig mit Niet besetzt mit Stacheln verstellbar - Markt-XXL\" \/>\n<meta property=\"og:description\" content=\"Markt-XXL EIGSO Retro Punk Halsband Choker Halskette f\u00fcr Frauen mehrfarbig mit Niet besetzt mit Stacheln verstellbar\" \/>\n<meta property=\"og:url\" content=\"https:\/\/marktxxl.de\/markt\/produkt\/eigso-retro-punk-halsband-choker-halskette-fuer-frauen-mehrfarbig-mit-niet-besetzt-mit-stacheln-verstellbar\/\" \/>\n<meta property=\"og:site_name\" content=\"Markt-XXL\" \/>\n<meta property=\"article:modified_time\" content=\"2023-04-10T03:38:28+00:00\" \/>\n<meta property=\"og:image\" content=\"https:\/\/m.media-amazon.com\/images\/I\/41t6QrHX9IL._SL500_.jpg\" \/>\n\t<meta property=\"og:image:width\" content=\"500\" \/>\n\t<meta property=\"og:image:height\" content=\"500\" \/>\n\t<meta property=\"og:image:type\" content=\"image\/jpeg\" \/>\n<meta name=\"twitter:card\" content=\"summary_large_image\" \/>\n<meta name=\"twitter:label1\" content=\"Gesch\u00e4tzte Lesezeit\" \/>\n\t<meta name=\"twitter:data1\" content=\"1\u00a0Minute\" \/>\n<script type=\"application\/ld+json\" class=\"yoast-schema-graph\">{\"@context\":\"https:\\\/\\\/schema.org\",\"@graph\":[{\"@type\":\"WebPage\",\"@id\":\"https:\\\/\\\/marktxxl.de\\\/markt\\\/produkt\\\/eigso-retro-punk-halsband-choker-halskette-fuer-frauen-mehrfarbig-mit-niet-besetzt-mit-stacheln-verstellbar\\\/\",\"url\":\"https:\\\/\\\/marktxxl.de\\\/markt\\\/produkt\\\/eigso-retro-punk-halsband-choker-halskette-fuer-frauen-mehrfarbig-mit-niet-besetzt-mit-stacheln-verstellbar\\\/\",\"name\":\"EIGSO Retro Punk Halsband Choker Halskette f\u00fcr Frauen mehrfarbig mit Niet besetzt mit Stacheln verstellbar - Markt-XXL\",\"isPartOf\":{\"@id\":\"https:\\\/\\\/marktxxl.de\\\/markt\\\/#website\"},\"primaryImageOfPage\":{\"@id\":\"https:\\\/\\\/marktxxl.de\\\/markt\\\/produkt\\\/eigso-retro-punk-halsband-choker-halskette-fuer-frauen-mehrfarbig-mit-niet-besetzt-mit-stacheln-verstellbar\\\/#primaryimage\"},\"image\":{\"@id\":\"https:\\\/\\\/marktxxl.de\\\/markt\\\/produkt\\\/eigso-retro-punk-halsband-choker-halskette-fuer-frauen-mehrfarbig-mit-niet-besetzt-mit-stacheln-verstellbar\\\/#primaryimage\"},\"thumbnailUrl\":\"https:\\\/\\\/m.media-amazon.com\\\/images\\\/I\\\/41t6QrHX9IL._SL500_.jpg\",\"datePublished\":\"2023-03-10T20:09:05+00:00\",\"dateModified\":\"2023-04-10T03:38:28+00:00\",\"description\":\"Markt-XXL EIGSO Retro Punk Halsband Choker Halskette f\u00fcr Frauen mehrfarbig mit Niet besetzt mit Stacheln verstellbar\",\"breadcrumb\":{\"@id\":\"https:\\\/\\\/marktxxl.de\\\/markt\\\/produkt\\\/eigso-retro-punk-halsband-choker-halskette-fuer-frauen-mehrfarbig-mit-niet-besetzt-mit-stacheln-verstellbar\\\/#breadcrumb\"},\"inLanguage\":\"de\",\"potentialAction\":[{\"@type\":\"ReadAction\",\"target\":[\"https:\\\/\\\/marktxxl.de\\\/markt\\\/produkt\\\/eigso-retro-punk-halsband-choker-halskette-fuer-frauen-mehrfarbig-mit-niet-besetzt-mit-stacheln-verstellbar\\\/\"]}]},{\"@type\":\"ImageObject\",\"inLanguage\":\"de\",\"@id\":\"https:\\\/\\\/marktxxl.de\\\/markt\\\/produkt\\\/eigso-retro-punk-halsband-choker-halskette-fuer-frauen-mehrfarbig-mit-niet-besetzt-mit-stacheln-verstellbar\\\/#primaryimage\",\"url\":\"https:\\\/\\\/m.media-amazon.com\\\/images\\\/I\\\/41t6QrHX9IL._SL500_.jpg\",\"contentUrl\":\"https:\\\/\\\/m.media-amazon.com\\\/images\\\/I\\\/41t6QrHX9IL._SL500_.jpg\",\"width\":500,\"height\":500},{\"@type\":\"BreadcrumbList\",\"@id\":\"https:\\\/\\\/marktxxl.de\\\/markt\\\/produkt\\\/eigso-retro-punk-halsband-choker-halskette-fuer-frauen-mehrfarbig-mit-niet-besetzt-mit-stacheln-verstellbar\\\/#breadcrumb\",\"itemListElement\":[{\"@type\":\"ListItem\",\"position\":1,\"name\":\"Startseite\",\"item\":\"https:\\\/\\\/marktxxl.de\\\/markt\\\/\"},{\"@type\":\"ListItem\",\"position\":2,\"name\":\"Markt\",\"item\":\"https:\\\/\\\/marktxxl.de\\\/markt\\\/\"},{\"@type\":\"ListItem\",\"position\":3,\"name\":\"EIGSO Retro Punk Halsband Choker Halskette f\u00fcr Frauen mehrfarbig mit Niet besetzt mit Stacheln verstellbar\"}]},{\"@type\":\"WebSite\",\"@id\":\"https:\\\/\\\/marktxxl.de\\\/markt\\\/#website\",\"url\":\"https:\\\/\\\/marktxxl.de\\\/markt\\\/\",\"name\":\"Markt-XXL\",\"description\":\"Ihr Markt Online\",\"publisher\":{\"@id\":\"https:\\\/\\\/marktxxl.de\\\/markt\\\/#organization\"},\"potentialAction\":[{\"@type\":\"SearchAction\",\"target\":{\"@type\":\"EntryPoint\",\"urlTemplate\":\"https:\\\/\\\/marktxxl.de\\\/markt\\\/?s={search_term_string}\"},\"query-input\":{\"@type\":\"PropertyValueSpecification\",\"valueRequired\":true,\"valueName\":\"search_term_string\"}}],\"inLanguage\":\"de\"},{\"@type\":\"Organization\",\"@id\":\"https:\\\/\\\/marktxxl.de\\\/markt\\\/#organization\",\"name\":\"Markt-XXL\",\"url\":\"https:\\\/\\\/marktxxl.de\\\/markt\\\/\",\"logo\":{\"@type\":\"ImageObject\",\"inLanguage\":\"de\",\"@id\":\"https:\\\/\\\/marktxxl.de\\\/markt\\\/#\\\/schema\\\/logo\\\/image\\\/\",\"url\":\"https:\\\/\\\/marktxxl.de\\\/markt\\\/wp-content\\\/uploads\\\/sites\\\/3\\\/2020\\\/12\\\/logo.png\",\"contentUrl\":\"https:\\\/\\\/marktxxl.de\\\/markt\\\/wp-content\\\/uploads\\\/sites\\\/3\\\/2020\\\/12\\\/logo.png\",\"width\":200,\"height\":70,\"caption\":\"Markt-XXL\"},\"image\":{\"@id\":\"https:\\\/\\\/marktxxl.de\\\/markt\\\/#\\\/schema\\\/logo\\\/image\\\/\"}}]}<\/script>\n<!-- \/ Yoast SEO plugin. -->","yoast_head_json":{"title":"EIGSO Retro Punk Halsband Choker Halskette f\u00fcr Frauen mehrfarbig mit Niet besetzt mit Stacheln verstellbar - Markt-XXL","description":"Markt-XXL EIGSO Retro Punk Halsband Choker Halskette f\u00fcr Frauen mehrfarbig mit Niet besetzt mit Stacheln verstellbar","robots":{"index":"index","follow":"follow","max-snippet":"max-snippet:-1","max-image-preview":"max-image-preview:large","max-video-preview":"max-video-preview:-1"},"canonical":"https:\/\/marktxxl.de\/markt\/produkt\/eigso-retro-punk-halsband-choker-halskette-fuer-frauen-mehrfarbig-mit-niet-besetzt-mit-stacheln-verstellbar\/","og_locale":"de_DE","og_type":"article","og_title":"EIGSO Retro Punk Halsband Choker Halskette f\u00fcr Frauen mehrfarbig mit Niet besetzt mit Stacheln verstellbar - Markt-XXL","og_description":"Markt-XXL EIGSO Retro Punk Halsband Choker Halskette f\u00fcr Frauen mehrfarbig mit Niet besetzt mit Stacheln verstellbar","og_url":"https:\/\/marktxxl.de\/markt\/produkt\/eigso-retro-punk-halsband-choker-halskette-fuer-frauen-mehrfarbig-mit-niet-besetzt-mit-stacheln-verstellbar\/","og_site_name":"Markt-XXL","article_modified_time":"2023-04-10T03:38:28+00:00","og_image":[{"width":500,"height":500,"url":"https:\/\/m.media-amazon.com\/images\/I\/41t6QrHX9IL._SL500_.jpg","type":"image\/jpeg"}],"twitter_card":"summary_large_image","twitter_misc":{"Gesch\u00e4tzte Lesezeit":"1\u00a0Minute"},"schema":{"@context":"https:\/\/schema.org","@graph":[{"@type":"WebPage","@id":"https:\/\/marktxxl.de\/markt\/produkt\/eigso-retro-punk-halsband-choker-halskette-fuer-frauen-mehrfarbig-mit-niet-besetzt-mit-stacheln-verstellbar\/","url":"https:\/\/marktxxl.de\/markt\/produkt\/eigso-retro-punk-halsband-choker-halskette-fuer-frauen-mehrfarbig-mit-niet-besetzt-mit-stacheln-verstellbar\/","name":"EIGSO Retro Punk Halsband Choker Halskette f\u00fcr Frauen mehrfarbig mit Niet besetzt mit Stacheln verstellbar - Markt-XXL","isPartOf":{"@id":"https:\/\/marktxxl.de\/markt\/#website"},"primaryImageOfPage":{"@id":"https:\/\/marktxxl.de\/markt\/produkt\/eigso-retro-punk-halsband-choker-halskette-fuer-frauen-mehrfarbig-mit-niet-besetzt-mit-stacheln-verstellbar\/#primaryimage"},"image":{"@id":"https:\/\/marktxxl.de\/markt\/produkt\/eigso-retro-punk-halsband-choker-halskette-fuer-frauen-mehrfarbig-mit-niet-besetzt-mit-stacheln-verstellbar\/#primaryimage"},"thumbnailUrl":"https:\/\/m.media-amazon.com\/images\/I\/41t6QrHX9IL._SL500_.jpg","datePublished":"2023-03-10T20:09:05+00:00","dateModified":"2023-04-10T03:38:28+00:00","description":"Markt-XXL EIGSO Retro Punk Halsband Choker Halskette f\u00fcr Frauen mehrfarbig mit Niet besetzt mit Stacheln verstellbar","breadcrumb":{"@id":"https:\/\/marktxxl.de\/markt\/produkt\/eigso-retro-punk-halsband-choker-halskette-fuer-frauen-mehrfarbig-mit-niet-besetzt-mit-stacheln-verstellbar\/#breadcrumb"},"inLanguage":"de","potentialAction":[{"@type":"ReadAction","target":["https:\/\/marktxxl.de\/markt\/produkt\/eigso-retro-punk-halsband-choker-halskette-fuer-frauen-mehrfarbig-mit-niet-besetzt-mit-stacheln-verstellbar\/"]}]},{"@type":"ImageObject","inLanguage":"de","@id":"https:\/\/marktxxl.de\/markt\/produkt\/eigso-retro-punk-halsband-choker-halskette-fuer-frauen-mehrfarbig-mit-niet-besetzt-mit-stacheln-verstellbar\/#primaryimage","url":"https:\/\/m.media-amazon.com\/images\/I\/41t6QrHX9IL._SL500_.jpg","contentUrl":"https:\/\/m.media-amazon.com\/images\/I\/41t6QrHX9IL._SL500_.jpg","width":500,"height":500},{"@type":"BreadcrumbList","@id":"https:\/\/marktxxl.de\/markt\/produkt\/eigso-retro-punk-halsband-choker-halskette-fuer-frauen-mehrfarbig-mit-niet-besetzt-mit-stacheln-verstellbar\/#breadcrumb","itemListElement":[{"@type":"ListItem","position":1,"name":"Startseite","item":"https:\/\/marktxxl.de\/markt\/"},{"@type":"ListItem","position":2,"name":"Markt","item":"https:\/\/marktxxl.de\/markt\/"},{"@type":"ListItem","position":3,"name":"EIGSO Retro Punk Halsband Choker Halskette f\u00fcr Frauen mehrfarbig mit Niet besetzt mit Stacheln verstellbar"}]},{"@type":"WebSite","@id":"https:\/\/marktxxl.de\/markt\/#website","url":"https:\/\/marktxxl.de\/markt\/","name":"Markt-XXL","description":"Ihr Markt Online","publisher":{"@id":"https:\/\/marktxxl.de\/markt\/#organization"},"potentialAction":[{"@type":"SearchAction","target":{"@type":"EntryPoint","urlTemplate":"https:\/\/marktxxl.de\/markt\/?s={search_term_string}"},"query-input":{"@type":"PropertyValueSpecification","valueRequired":true,"valueName":"search_term_string"}}],"inLanguage":"de"},{"@type":"Organization","@id":"https:\/\/marktxxl.de\/markt\/#organization","name":"Markt-XXL","url":"https:\/\/marktxxl.de\/markt\/","logo":{"@type":"ImageObject","inLanguage":"de","@id":"https:\/\/marktxxl.de\/markt\/#\/schema\/logo\/image\/","url":"https:\/\/marktxxl.de\/markt\/wp-content\/uploads\/sites\/3\/2020\/12\/logo.png","contentUrl":"https:\/\/marktxxl.de\/markt\/wp-content\/uploads\/sites\/3\/2020\/12\/logo.png","width":200,"height":70,"caption":"Markt-XXL"},"image":{"@id":"https:\/\/marktxxl.de\/markt\/#\/schema\/logo\/image\/"}}]}},"_links":{"self":[{"href":"https:\/\/marktxxl.de\/markt\/wp-json\/wp\/v2\/product\/191141","targetHints":{"allow":["GET"]}}],"collection":[{"href":"https:\/\/marktxxl.de\/markt\/wp-json\/wp\/v2\/product"}],"about":[{"href":"https:\/\/marktxxl.de\/markt\/wp-json\/wp\/v2\/types\/product"}],"replies":[{"embeddable":true,"href":"https:\/\/marktxxl.de\/markt\/wp-json\/wp\/v2\/comments?post=191141"}],"wp:featuredmedia":[{"embeddable":true,"href":"https:\/\/marktxxl.de\/markt\/wp-json\/wp\/v2\/media\/191142"}],"wp:attachment":[{"href":"https:\/\/marktxxl.de\/markt\/wp-json\/wp\/v2\/media?parent=191141"}],"wp:term":[{"taxonomy":"product_brand","embeddable":true,"href":"https:\/\/marktxxl.de\/markt\/wp-json\/wp\/v2\/product_brand?post=191141"},{"taxonomy":"product_cat","embeddable":true,"href":"https:\/\/marktxxl.de\/markt\/wp-json\/wp\/v2\/product_cat?post=191141"},{"taxonomy":"product_tag","embeddable":true,"href":"https:\/\/marktxxl.de\/markt\/wp-json\/wp\/v2\/product_tag?post=191141"}],"curies":[{"name":"wp","href":"https:\/\/api.w.org\/{rel}","templated":true}]}}